{"id":17,"date":"2019-05-27T11:37:39","date_gmt":"2019-05-27T09:37:39","guid":{"rendered":"https:\/\/instytutpolski.pl\/praga\/?page_id=17"},"modified":"2025-09-30T15:13:02","modified_gmt":"2025-09-30T13:13:02","slug":"kontakty","status":"publish","type":"page","link":"https:\/\/instytutpolski.pl\/praha\/kontakty\/","title":{"rendered":"Kontakty"},"content":{"rendered":"\n<p><strong>Monika Olech<\/strong> \u2013 dyrektor<br \/>Tel: +420 \/ 220 410 410<br \/>E-mail: <a href=\"mailto:monika.olech@msz.gov.pl\" target=\"_blank\" rel=\"noopener\">monika.olech@msz.gov.pl<\/a><\/p>\n<p><strong>Agnieszka Skieterska<\/strong> \u2013 zast\u0119pca dyrektora<br \/>Tel: +420 \/ 220 410 410<br \/>E-mail: <a href=\"mailto:agnieszka.skieterska@msz.gov.pl\">agnieszka.skieterska@msz.gov.pl<\/a><\/p>\n<p><strong>Justyna Preli\u0107<\/strong> \u2013 sprawy administracyjne<br \/>Tel: +420 \/ 220 410 410<br \/>E-mail: <a href=\"mailto:justyna.prelic@instytutpolski.pl\" target=\"_blank\" rel=\"noopener\">justyna.prelic@instytutpolski.pl<\/a><\/p>\n<p><strong>Kamil Kohout<\/strong> \u2013 kierowca<br \/>Tel: +420 \/ 220 410 410<br \/>E-mail: <a href=\"mailto:praga@instytutpolski.pl\" target=\"_blank\" rel=\"noopener\">praga@instytutpolski.pl<\/a><\/p>\n<p><strong>Skargi i wnioski<\/strong><br \/>W sprawach skarg i wniosk\u00f3w przyjmuje Dyrektor Instytutu Polskiego.<br \/>Przyj\u0119cia interesant\u00f3w odbywaj\u0105 si\u0119 we wtorki w godzinach 10.00 \u2013 12.00<\/p>\n<h2>Dzia\u0142 programowy<\/h2>\n<p><strong>Jitka Rohanov\u00e1<\/strong><br \/>Tel: +420 \/ 220 410 414<br \/>Tel. kom.: +420 \/ 720 031 375<br \/>E-mail: <a href=\"mailto:jitka.rohanova@instytutpolski.pl\" target=\"_blank\" rel=\"noopener\">jitka.rohanova@instytutpolski.pl<\/a><\/p>\n<p><strong>Lucie Zakopalov\u00e1<\/strong><br \/>Tel: +420 \/ 220 410 415<br \/>Tel. kom.: +420 \/ 776 259 323<br \/>E-mail: <a href=\"mailto:lucie.zakopalova@instytutpolski.pl\" target=\"_blank\" rel=\"noopener\">lucie.zakopalova@instytutpolski.pl<\/a><\/p>\n<p><strong>Katarzyna Ko\u017cuch<\/strong><br \/>Tel: +420 \/ 220 410 416<br \/>Tel. kom.: +420 \/ 734 868 939<br \/>E-mail: <a href=\"mailto:katarzyna.kozuch@instytutpolski.pl\" target=\"_blank\" rel=\"noopener\">katarzyna.kozuch@instytutpolski.pl<\/a><\/p>\n<h2>Biblioteka, kursy j\u0119zyka polskiego<\/h2>\n<p><strong>Beata Mocov\u00e1<\/strong><br \/>biblioteka, kursy j\u0119zyka polskiego<br \/>Tel: +420 \/ 220 410 417<br \/>E-mail: <a href=\"mailto:beata.mocova@instytutpolski.pl\" target=\"_blank\" rel=\"noopener\">beata.mocova@instytutpolski.pl<\/a><\/p>\n","protected":false},"excerpt":{"rendered":"<p>Monika Olech \u2013 dyrektorTel: +420 \/ 220 410 410E-mail: monika.olech@msz.gov.pl Agnieszka Skieterska \u2013 zast\u0119pca dyrektoraTel: +420 \/ 220 410 410E-mail: agnieszka.skieterska@msz.gov.pl Justyna Preli\u0107 \u2013 sprawy administracyjneTel: +420 \/ 220 410 410E-mail: justyna.prelic@instytutpolski.pl Kamil Kohout \u2013 kierowcaTel: +420 \/ 220 410 410E-mail: praga@instytutpolski.pl Skargi i wnioskiW sprawach skarg i wniosk\u00f3w przyjmuje Dyrektor Instytutu Polskiego.Przyj\u0119cia interesant\u00f3w odbywaj\u0105 [&hellip;]<\/p>\n","protected":false},"author":1,"featured_media":10116,"parent":0,"menu_order":0,"comment_status":"closed","ping_status":"closed","template":"","meta":{"inline_featured_image":false,"_monsterinsights_skip_tracking":false,"_monsterinsights_sitenote_active":false,"_monsterinsights_sitenote_note":"","_monsterinsights_sitenote_category":0,"footnotes":""},"class_list":["post-17","page","type-page","status-publish","has-post-thumbnail","hentry"],"yoast_head":"<!-- This site is optimized with the Yoast SEO plugin v24.6 - https:\/\/yoast.com\/wordpress\/plugins\/seo\/ -->\n<title>Kontakty - Instytut Polski w Pradze<\/title>\n<meta name=\"robots\" content=\"index, follow, max-snippet:-1, max-image-preview:large, max-video-preview:-1\" \/>\n<link rel=\"canonical\" href=\"https:\/\/instytutpolski.pl\/praha\/kontakty\/\" \/>\n<meta property=\"og:locale\" content=\"pl_PL\" \/>\n<meta property=\"og:type\" content=\"article\" \/>\n<meta property=\"og:title\" content=\"Kontakty - Instytut Polski w Pradze\" \/>\n<meta property=\"og:description\" content=\"Monika Olech \u2013 dyrektorTel: +420 \/ 220 410 410E-mail: monika.olech@msz.gov.pl Agnieszka Skieterska \u2013 zast\u0119pca dyrektoraTel: +420 \/ 220 410 410E-mail: agnieszka.skieterska@msz.gov.pl Justyna Preli\u0107 \u2013 sprawy administracyjneTel: +420 \/ 220 410 410E-mail: justyna.prelic@instytutpolski.pl Kamil Kohout \u2013 kierowcaTel: +420 \/ 220 410 410E-mail: praga@instytutpolski.pl Skargi i wnioskiW sprawach skarg i wniosk\u00f3w przyjmuje Dyrektor Instytutu Polskiego.Przyj\u0119cia interesant\u00f3w odbywaj\u0105 [&hellip;]\" \/>\n<meta property=\"og:url\" content=\"https:\/\/instytutpolski.pl\/praha\/kontakty\/\" \/>\n<meta property=\"og:site_name\" content=\"Instytut Polski w Pradze\" \/>\n<meta property=\"article:modified_time\" content=\"2025-09-30T13:13:02+00:00\" \/>\n<meta property=\"og:image\" content=\"https:\/\/instytutpolski.pl\/praha\/wp-content\/uploads\/sites\/10\/2024\/04\/DSC00425.jpg\" \/>\n\t<meta property=\"og:image:width\" content=\"1365\" \/>\n\t<meta property=\"og:image:height\" content=\"2048\" \/>\n\t<meta property=\"og:image:type\" content=\"image\/jpeg\" \/>\n<meta name=\"twitter:card\" content=\"summary_large_image\" \/>\n<meta name=\"twitter:label1\" content=\"Szacowany czas czytania\" \/>\n\t<meta name=\"twitter:data1\" content=\"2 minuty\" \/>\n<script type=\"application\/ld+json\" class=\"yoast-schema-graph\">{\"@context\":\"https:\/\/schema.org\",\"@graph\":[{\"@type\":\"WebPage\",\"@id\":\"https:\/\/instytutpolski.pl\/praha\/kontakty\/\",\"url\":\"https:\/\/instytutpolski.pl\/praha\/kontakty\/\",\"name\":\"Kontakty - Instytut Polski w Pradze\",\"isPartOf\":{\"@id\":\"https:\/\/instytutpolski.pl\/praha\/#website\"},\"primaryImageOfPage\":{\"@id\":\"https:\/\/instytutpolski.pl\/praha\/kontakty\/#primaryimage\"},\"image\":{\"@id\":\"https:\/\/instytutpolski.pl\/praha\/kontakty\/#primaryimage\"},\"thumbnailUrl\":\"https:\/\/instytutpolski.pl\/praha\/wp-content\/uploads\/sites\/10\/2024\/04\/DSC00425.jpg\",\"datePublished\":\"2019-05-27T09:37:39+00:00\",\"dateModified\":\"2025-09-30T13:13:02+00:00\",\"breadcrumb\":{\"@id\":\"https:\/\/instytutpolski.pl\/praha\/kontakty\/#breadcrumb\"},\"inLanguage\":\"pl-PL\",\"potentialAction\":[{\"@type\":\"ReadAction\",\"target\":[\"https:\/\/instytutpolski.pl\/praha\/kontakty\/\"]}]},{\"@type\":\"ImageObject\",\"inLanguage\":\"pl-PL\",\"@id\":\"https:\/\/instytutpolski.pl\/praha\/kontakty\/#primaryimage\",\"url\":\"https:\/\/instytutpolski.pl\/praha\/wp-content\/uploads\/sites\/10\/2024\/04\/DSC00425.jpg\",\"contentUrl\":\"https:\/\/instytutpolski.pl\/praha\/wp-content\/uploads\/sites\/10\/2024\/04\/DSC00425.jpg\",\"width\":1365,\"height\":2048},{\"@type\":\"BreadcrumbList\",\"@id\":\"https:\/\/instytutpolski.pl\/praha\/kontakty\/#breadcrumb\",\"itemListElement\":[{\"@type\":\"ListItem\",\"position\":1,\"name\":\"Home\",\"item\":\"https:\/\/instytutpolski.pl\/praha\/\"},{\"@type\":\"ListItem\",\"position\":2,\"name\":\"Kontakty\"}]},{\"@type\":\"WebSite\",\"@id\":\"https:\/\/instytutpolski.pl\/praha\/#website\",\"url\":\"https:\/\/instytutpolski.pl\/praha\/\",\"name\":\"Instytut Polski w Pradze\",\"description\":\"Instytuty Polskie\",\"potentialAction\":[{\"@type\":\"SearchAction\",\"target\":{\"@type\":\"EntryPoint\",\"urlTemplate\":\"https:\/\/instytutpolski.pl\/praha\/?s={search_term_string}\"},\"query-input\":{\"@type\":\"PropertyValueSpecification\",\"valueRequired\":true,\"valueName\":\"search_term_string\"}}],\"inLanguage\":\"pl-PL\"}]}<\/script>\n<!-- \/ Yoast SEO plugin. -->","yoast_head_json":{"title":"Kontakty - Instytut Polski w Pradze","robots":{"index":"index","follow":"follow","max-snippet":"max-snippet:-1","max-image-preview":"max-image-preview:large","max-video-preview":"max-video-preview:-1"},"canonical":"https:\/\/instytutpolski.pl\/praha\/kontakty\/","og_locale":"pl_PL","og_type":"article","og_title":"Kontakty - Instytut Polski w Pradze","og_description":"Monika Olech \u2013 dyrektorTel: +420 \/ 220 410 410E-mail: monika.olech@msz.gov.pl Agnieszka Skieterska \u2013 zast\u0119pca dyrektoraTel: +420 \/ 220 410 410E-mail: agnieszka.skieterska@msz.gov.pl Justyna Preli\u0107 \u2013 sprawy administracyjneTel: +420 \/ 220 410 410E-mail: justyna.prelic@instytutpolski.pl Kamil Kohout \u2013 kierowcaTel: +420 \/ 220 410 410E-mail: praga@instytutpolski.pl Skargi i wnioskiW sprawach skarg i wniosk\u00f3w przyjmuje Dyrektor Instytutu Polskiego.Przyj\u0119cia interesant\u00f3w odbywaj\u0105 [&hellip;]","og_url":"https:\/\/instytutpolski.pl\/praha\/kontakty\/","og_site_name":"Instytut Polski w Pradze","article_modified_time":"2025-09-30T13:13:02+00:00","og_image":[{"width":1365,"height":2048,"url":"https:\/\/instytutpolski.pl\/praha\/wp-content\/uploads\/sites\/10\/2024\/04\/DSC00425.jpg","type":"image\/jpeg"}],"twitter_card":"summary_large_image","twitter_misc":{"Szacowany czas czytania":"2 minuty"},"schema":{"@context":"https:\/\/schema.org","@graph":[{"@type":"WebPage","@id":"https:\/\/instytutpolski.pl\/praha\/kontakty\/","url":"https:\/\/instytutpolski.pl\/praha\/kontakty\/","name":"Kontakty - Instytut Polski w Pradze","isPartOf":{"@id":"https:\/\/instytutpolski.pl\/praha\/#website"},"primaryImageOfPage":{"@id":"https:\/\/instytutpolski.pl\/praha\/kontakty\/#primaryimage"},"image":{"@id":"https:\/\/instytutpolski.pl\/praha\/kontakty\/#primaryimage"},"thumbnailUrl":"https:\/\/instytutpolski.pl\/praha\/wp-content\/uploads\/sites\/10\/2024\/04\/DSC00425.jpg","datePublished":"2019-05-27T09:37:39+00:00","dateModified":"2025-09-30T13:13:02+00:00","breadcrumb":{"@id":"https:\/\/instytutpolski.pl\/praha\/kontakty\/#breadcrumb"},"inLanguage":"pl-PL","potentialAction":[{"@type":"ReadAction","target":["https:\/\/instytutpolski.pl\/praha\/kontakty\/"]}]},{"@type":"ImageObject","inLanguage":"pl-PL","@id":"https:\/\/instytutpolski.pl\/praha\/kontakty\/#primaryimage","url":"https:\/\/instytutpolski.pl\/praha\/wp-content\/uploads\/sites\/10\/2024\/04\/DSC00425.jpg","contentUrl":"https:\/\/instytutpolski.pl\/praha\/wp-content\/uploads\/sites\/10\/2024\/04\/DSC00425.jpg","width":1365,"height":2048},{"@type":"BreadcrumbList","@id":"https:\/\/instytutpolski.pl\/praha\/kontakty\/#breadcrumb","itemListElement":[{"@type":"ListItem","position":1,"name":"Home","item":"https:\/\/instytutpolski.pl\/praha\/"},{"@type":"ListItem","position":2,"name":"Kontakty"}]},{"@type":"WebSite","@id":"https:\/\/instytutpolski.pl\/praha\/#website","url":"https:\/\/instytutpolski.pl\/praha\/","name":"Instytut Polski w Pradze","description":"Instytuty Polskie","potentialAction":[{"@type":"SearchAction","target":{"@type":"EntryPoint","urlTemplate":"https:\/\/instytutpolski.pl\/praha\/?s={search_term_string}"},"query-input":{"@type":"PropertyValueSpecification","valueRequired":true,"valueName":"search_term_string"}}],"inLanguage":"pl-PL"}]}},"_links":{"self":[{"href":"https:\/\/instytutpolski.pl\/praha\/wp-json\/wp\/v2\/pages\/17","targetHints":{"allow":["GET"]}}],"collection":[{"href":"https:\/\/instytutpolski.pl\/praha\/wp-json\/wp\/v2\/pages"}],"about":[{"href":"https:\/\/instytutpolski.pl\/praha\/wp-json\/wp\/v2\/types\/page"}],"author":[{"embeddable":true,"href":"https:\/\/instytutpolski.pl\/praha\/wp-json\/wp\/v2\/users\/1"}],"replies":[{"embeddable":true,"href":"https:\/\/instytutpolski.pl\/praha\/wp-json\/wp\/v2\/comments?post=17"}],"version-history":[{"count":22,"href":"https:\/\/instytutpolski.pl\/praha\/wp-json\/wp\/v2\/pages\/17\/revisions"}],"predecessor-version":[{"id":12516,"href":"https:\/\/instytutpolski.pl\/praha\/wp-json\/wp\/v2\/pages\/17\/revisions\/12516"}],"wp:featuredmedia":[{"embeddable":true,"href":"https:\/\/instytutpolski.pl\/praha\/wp-json\/wp\/v2\/media\/10116"}],"wp:attachment":[{"href":"https:\/\/instytutpolski.pl\/praha\/wp-json\/wp\/v2\/media?parent=17"}],"curies":[{"name":"wp","href":"https:\/\/api.w.org\/{rel}","templated":true}]}}