{"id":1821,"date":"2020-06-01T17:22:16","date_gmt":"2020-06-01T15:22:16","guid":{"rendered":"https:\/\/instytutpolski.pl\/praha\/?page_id=1821"},"modified":"2020-06-01T17:22:18","modified_gmt":"2020-06-01T15:22:18","slug":"politika-cookies","status":"publish","type":"page","link":"https:\/\/instytutpolski.pl\/praha\/politika-cookies\/","title":{"rendered":"Politika cookies"},"content":{"rendered":"\n<p>Za \u00fa\u010delem zlep\u0161en\u00ed na\u0161ich slu\u017eeb vyu\u017e\u00edv\u00e1me <strong>soubory cookies<\/strong>. Vyu\u017e\u00edv\u00e1n\u00ed na\u0161ich webov\u00fdch str\u00e1nek znamen\u00e1, \u017ee cookies budou ukl\u00e1d\u00e1ny do Va\u0161eho za\u0159\u00edzen\u00ed. Nastaven\u00ed Va\u0161eho prohl\u00ed\u017ee\u010de lze kdykoli zm\u011bnit.<\/p>\n<p>Pro Va\u0161e pohodl\u00ed vyu\u017e\u00edvaj\u00ed webov\u00e9 str\u00e1nky instytutpolski.pl,\u00a0kter\u00e9 spadaj\u00ed pod Ministerstvo zahrani\u010dn\u00edch v\u011bc\u00ed Polsk\u00e9 republiky, soubory cookies, aby slu\u017ebu p\u0159izp\u016fsobily pot\u0159eb\u00e1m u\u017eivatel\u016f, a tak\u00e9 ke statistick\u00fdm \u00fa\u010del\u016fm.<\/p>\n<p>Soubory cookies jsou <strong>drobn\u00e9 textov\u00e9 soubory, kter\u00e9 nav\u0161t\u00edven\u00e1 webov\u00e1 str\u00e1nka zas\u00edl\u00e1<\/strong> do za\u0159\u00edzen\u00ed u\u017eivatele (po\u010d\u00edta\u010d, chytr\u00fd telefon apod.) Tyto soubory neobsahuj\u00ed \u017e\u00e1dn\u00e9 osobn\u00ed \u00fadaje.<\/p>\n<p>Webov\u00e9 str\u00e1nky instytutpolski.pl pou\u017e\u00edvaj\u00ed dva typy soubor\u016f cookies:<\/p>\n<ol>\n<li>Analytick\u00e9 cookies (shroma\u017e\u010fuj\u00edc\u00ed informace o zp\u016fsobu vyu\u017eit\u00ed webu u\u017eivateli, nap\u0159. o nej\u010dast\u011bji nav\u0161t\u011bvovan\u00fdch str\u00e1nk\u00e1ch nebo o chybov\u00fdch hl\u00e1\u0161en\u00edch apod.),<\/li>\n<li>Funk\u010dn\u00ed cookies (zaznamen\u00e1v\u00e1j\u00edc\u00ed nastaven\u00ed u\u017eivatele, nap\u0159. jazyk, nastaven\u00ed souhlas\u016f apod.), jako nap\u0159\u00edklad:<\/li>\n<\/ol>\n<ul>\n<li>cookies google-analytics.com \u2013 slou\u017e\u00ed ke statistick\u00fdm \u00fa\u010del\u016fm serveru instytutpolski.pl; podrobn\u00e9 informace o fungov\u00e1n\u00ed a z\u00e1sad\u00e1ch ochrany soukrom\u00ed Google Analytics jsou dostupn\u00e9 na tomto odkazu: <a href=\"http:\/\/www.google.com\/analytics\/learn\/privacy.html\">http:\/\/www.google.com\/analytics\/learn\/privacy.html<\/a><\/li>\n<li>rela\u010dn\u00ed cookies \u2013 jedn\u00e1 se o do\u010dasn\u00e9 informace uchov\u00e1van\u00e9 v pam\u011bti prohl\u00ed\u017ee\u010de do okam\u017eiku ukon\u010den\u00ed relace prohl\u00ed\u017ee\u010de, tj. do zav\u0159en\u00ed prohl\u00ed\u017ee\u010de.<\/li>\n<\/ul>\n<p>Jin\u00e9 servery, na ne\u017e n\u011bkdy webov\u00e9 str\u00e1nky instytutpolski.pl odkazuj\u00ed, mohou vyu\u017e\u00edvat i jin\u00e9 soubory cookies ne\u017e shora uveden\u00e9, zvl\u00e1\u0161t\u011b se m\u016f\u017ee jednat o soubory umo\u017e\u0148uj\u00edc\u00ed p\u0159ihl\u00e1\u0161en\u00ed nebo zobrazov\u00e1n\u00ed reklam odpov\u00eddaj\u00edc\u00edch preferenc\u00edm a chov\u00e1n\u00ed u\u017eivatele. Jedn\u00e1 se o tyto druhy soubor\u016f cookies:<\/p>\n<ul>\n<li>na platform\u011b youtube.com \u2013 cookies obsahuj\u00edc\u00ed informace o preferenc\u00edch u\u017eivatele a po\u010d\u00edtadlo kliknut\u00ed; politika ochrany soukrom\u00ed platformy YouTube je dostupn\u00e1 na adrese: <a href=\"http:\/\/www.google.pl\/intl\/pl\/policies\/privacy\/\">http:\/\/www.google.pl\/intl\/pl\/policies\/privacy\/<\/a><\/li>\n<li>na platform\u011b player.vimeo.com a av.vimeo.com \u2013 cookies umo\u017e\u0148uj\u00edc\u00ed p\u0159ihla\u0161ov\u00e1n\u00ed a tak\u00e9 cookies um\u00edst\u011bn\u00e9 inzerenty za \u00fa\u010delem p\u0159izp\u016fsoben\u00ed obsahu a formy reklamy; politika cookies platformy Vimeo je k dispozici na adrese <a href=\"http:\/\/vimeo.com\/cookie_policy\">http:\/\/vimeo.com\/cookie_policy<\/a><\/li>\n<\/ul>\n<p><strong>Ve v\u011bt\u0161in\u011b internetov\u00fdch prohl\u00ed\u017ee\u010d\u016f lze mazat soubory typu cookies z harddisku po\u010d\u00edta\u010de (na \u00farovni nastaven\u00ed prohl\u00ed\u017ee\u010de), zablokovat v\u0161echny zas\u00edlan\u00e9 soubory typu cookies nebo nastavit varov\u00e1n\u00ed p\u0159ed jejich ulo\u017een\u00edm na disku.<\/strong><\/p>\n<p>Je t\u0159eba br\u00e1t v \u00favahu, \u017ee zm\u011bny nastaven\u00ed t\u011bchto soubor\u016f spo\u010d\u00edvaj\u00edc\u00ed v omezen\u00ed jejich vyu\u017e\u00edv\u00e1n\u00ed mohou ovlivnit n\u011bkter\u00e9 funkce dostupn\u00e9 na webov\u00fdch str\u00e1nk\u00e1ch, kter\u00e9 je vyu\u017e\u00edvaj\u00ed, nap\u0159. znemo\u017enit p\u0159ihl\u00e1\u0161en\u00ed na e-mailov\u00fd \u00fa\u010det. <strong>Pokud nen\u00ed v prohl\u00ed\u017ee\u010di provedena zm\u011bna nastaven\u00ed spr\u00e1vy cookies, je to pova\u017eov\u00e1no za souhlas s vyu\u017eit\u00edm soubor\u016f cookies.<\/strong><\/p>\n<p><strong>N\u00ed\u017ee uv\u00e1d\u00edme zp\u016fsob p\u0159enastaven\u00ed spr\u00e1vy cookies v nej\u010dast\u011bji u\u017e\u00edv\u00e1n\u00fdch prohl\u00ed\u017ee\u010d\u00edch:<\/strong><\/p>\n<p><strong>Google Chrome<br \/><\/strong>Menu &gt; Nastaven\u00ed &gt; Roz\u0161\u00ed\u0159en\u00e1 nastaven\u00ed &gt; Ochrana soukrom\u00ed a zabezpe\u010den\u00ed &gt; \u00dadaje o prohl\u00ed\u017een\u00ed &gt; Soubory cookies \u00a0\u2013 zvolit p\u0159\u00edslu\u0161nou mo\u017enost<\/p>\n<p><strong>Internet Explorer<\/strong><br \/>Menu &gt; Nastaven\u00ed &gt; Ochrana osobn\u00edch \u00fadaj\u016f a zabezpe\u010den\u00ed &gt; \u00dadaje o proch\u00e1zen\u00ed \u00a0&gt; Soubory cookie \u2013 zvolit p\u0159\u00edslu\u0161nou mo\u017enost<\/p>\n<p><strong>Mozilla Firefox<\/strong><br \/>Menu &gt; Mo\u017enosti &gt; Soukrom\u00ed a zabezpe\u010den\u00ed &gt; Cookies a data str\u00e1nek \u2013 zvolit p\u0159\u00edslu\u0161nou mo\u017enost<\/p>\n<p><strong>Opera<\/strong><br \/>Menu &gt; Nastaven\u00ed &gt; P\u0159edvolby &gt; Soukrom\u00ed a bezpe\u010dnost &gt; Cookies \u2013 zvolit p\u0159\u00edslu\u0161nou mo\u017enost<\/p>\n<p><strong>Safari<\/strong><br \/>Menu &gt; P\u0159edvolby &gt; Soukrom\u00ed &gt; Cookies \u2013 zvolit p\u0159\u00edslu\u0161nou mo\u017enost<\/p>\n<p>\u00a0<\/p>\n","protected":false},"excerpt":{"rendered":"<p>Za \u00fa\u010delem zlep\u0161en\u00ed na\u0161ich slu\u017eeb vyu\u017e\u00edv\u00e1me soubory cookies. Vyu\u017e\u00edv\u00e1n\u00ed na\u0161ich webov\u00fdch str\u00e1nek znamen\u00e1, \u017ee cookies budou ukl\u00e1d\u00e1ny do Va\u0161eho za\u0159\u00edzen\u00ed. Nastaven\u00ed Va\u0161eho prohl\u00ed\u017ee\u010de lze kdykoli zm\u011bnit. Pro Va\u0161e pohodl\u00ed vyu\u017e\u00edvaj\u00ed webov\u00e9 str\u00e1nky instytutpolski.pl,\u00a0kter\u00e9 spadaj\u00ed pod Ministerstvo zahrani\u010dn\u00edch v\u011bc\u00ed Polsk\u00e9 republiky, soubory cookies, aby slu\u017ebu p\u0159izp\u016fsobily pot\u0159eb\u00e1m u\u017eivatel\u016f, a tak\u00e9 ke statistick\u00fdm \u00fa\u010del\u016fm. Soubory cookies jsou [&hellip;]<\/p>\n","protected":false},"author":26,"featured_media":1822,"parent":0,"menu_order":0,"comment_status":"closed","ping_status":"closed","template":"","meta":{"inline_featured_image":false,"_monsterinsights_skip_tracking":false,"_monsterinsights_sitenote_active":false,"_monsterinsights_sitenote_note":"","_monsterinsights_sitenote_category":0,"footnotes":""},"class_list":["post-1821","page","type-page","status-publish","has-post-thumbnail","hentry"],"yoast_head":"<!-- This site is optimized with the Yoast SEO plugin v24.6 - https:\/\/yoast.com\/wordpress\/plugins\/seo\/ -->\n<title>Politika cookies - Instytut Polski w Pradze<\/title>\n<meta name=\"robots\" content=\"index, follow, max-snippet:-1, max-image-preview:large, max-video-preview:-1\" \/>\n<link rel=\"canonical\" href=\"https:\/\/instytutpolski.pl\/praha\/politika-cookies\/\" \/>\n<meta property=\"og:locale\" content=\"pl_PL\" \/>\n<meta property=\"og:type\" content=\"article\" \/>\n<meta property=\"og:title\" content=\"Politika cookies - Instytut Polski w Pradze\" \/>\n<meta property=\"og:description\" content=\"Za \u00fa\u010delem zlep\u0161en\u00ed na\u0161ich slu\u017eeb vyu\u017e\u00edv\u00e1me soubory cookies. Vyu\u017e\u00edv\u00e1n\u00ed na\u0161ich webov\u00fdch str\u00e1nek znamen\u00e1, \u017ee cookies budou ukl\u00e1d\u00e1ny do Va\u0161eho za\u0159\u00edzen\u00ed. Nastaven\u00ed Va\u0161eho prohl\u00ed\u017ee\u010de lze kdykoli zm\u011bnit. Pro Va\u0161e pohodl\u00ed vyu\u017e\u00edvaj\u00ed webov\u00e9 str\u00e1nky instytutpolski.pl,\u00a0kter\u00e9 spadaj\u00ed pod Ministerstvo zahrani\u010dn\u00edch v\u011bc\u00ed Polsk\u00e9 republiky, soubory cookies, aby slu\u017ebu p\u0159izp\u016fsobily pot\u0159eb\u00e1m u\u017eivatel\u016f, a tak\u00e9 ke statistick\u00fdm \u00fa\u010del\u016fm. Soubory cookies jsou [&hellip;]\" \/>\n<meta property=\"og:url\" content=\"https:\/\/instytutpolski.pl\/praha\/politika-cookies\/\" \/>\n<meta property=\"og:site_name\" content=\"Instytut Polski w Pradze\" \/>\n<meta property=\"article:modified_time\" content=\"2020-06-01T15:22:18+00:00\" \/>\n<meta property=\"og:image\" content=\"https:\/\/instytutpolski.pl\/praha\/wp-content\/uploads\/sites\/10\/2020\/06\/Krokusy-2.jpg\" \/>\n\t<meta property=\"og:image:width\" content=\"2048\" \/>\n\t<meta property=\"og:image:height\" content=\"1365\" \/>\n\t<meta property=\"og:image:type\" content=\"image\/jpeg\" \/>\n<meta name=\"twitter:card\" content=\"summary_large_image\" \/>\n<meta name=\"twitter:label1\" content=\"Szacowany czas czytania\" \/>\n\t<meta name=\"twitter:data1\" content=\"3 minuty\" \/>\n<script type=\"application\/ld+json\" class=\"yoast-schema-graph\">{\"@context\":\"https:\/\/schema.org\",\"@graph\":[{\"@type\":\"WebPage\",\"@id\":\"https:\/\/instytutpolski.pl\/praha\/politika-cookies\/\",\"url\":\"https:\/\/instytutpolski.pl\/praha\/politika-cookies\/\",\"name\":\"Politika cookies - Instytut Polski w Pradze\",\"isPartOf\":{\"@id\":\"https:\/\/instytutpolski.pl\/praha\/#website\"},\"primaryImageOfPage\":{\"@id\":\"https:\/\/instytutpolski.pl\/praha\/politika-cookies\/#primaryimage\"},\"image\":{\"@id\":\"https:\/\/instytutpolski.pl\/praha\/politika-cookies\/#primaryimage\"},\"thumbnailUrl\":\"https:\/\/instytutpolski.pl\/praha\/wp-content\/uploads\/sites\/10\/2020\/06\/Krokusy-2.jpg\",\"datePublished\":\"2020-06-01T15:22:16+00:00\",\"dateModified\":\"2020-06-01T15:22:18+00:00\",\"breadcrumb\":{\"@id\":\"https:\/\/instytutpolski.pl\/praha\/politika-cookies\/#breadcrumb\"},\"inLanguage\":\"pl-PL\",\"potentialAction\":[{\"@type\":\"ReadAction\",\"target\":[\"https:\/\/instytutpolski.pl\/praha\/politika-cookies\/\"]}]},{\"@type\":\"ImageObject\",\"inLanguage\":\"pl-PL\",\"@id\":\"https:\/\/instytutpolski.pl\/praha\/politika-cookies\/#primaryimage\",\"url\":\"https:\/\/instytutpolski.pl\/praha\/wp-content\/uploads\/sites\/10\/2020\/06\/Krokusy-2.jpg\",\"contentUrl\":\"https:\/\/instytutpolski.pl\/praha\/wp-content\/uploads\/sites\/10\/2020\/06\/Krokusy-2.jpg\",\"width\":2048,\"height\":1365},{\"@type\":\"BreadcrumbList\",\"@id\":\"https:\/\/instytutpolski.pl\/praha\/politika-cookies\/#breadcrumb\",\"itemListElement\":[{\"@type\":\"ListItem\",\"position\":1,\"name\":\"Home\",\"item\":\"https:\/\/instytutpolski.pl\/praha\/\"},{\"@type\":\"ListItem\",\"position\":2,\"name\":\"Politika cookies\"}]},{\"@type\":\"WebSite\",\"@id\":\"https:\/\/instytutpolski.pl\/praha\/#website\",\"url\":\"https:\/\/instytutpolski.pl\/praha\/\",\"name\":\"Instytut Polski w Pradze\",\"description\":\"Instytuty Polskie\",\"potentialAction\":[{\"@type\":\"SearchAction\",\"target\":{\"@type\":\"EntryPoint\",\"urlTemplate\":\"https:\/\/instytutpolski.pl\/praha\/?s={search_term_string}\"},\"query-input\":{\"@type\":\"PropertyValueSpecification\",\"valueRequired\":true,\"valueName\":\"search_term_string\"}}],\"inLanguage\":\"pl-PL\"}]}<\/script>\n<!-- \/ Yoast SEO plugin. -->","yoast_head_json":{"title":"Politika cookies - Instytut Polski w Pradze","robots":{"index":"index","follow":"follow","max-snippet":"max-snippet:-1","max-image-preview":"max-image-preview:large","max-video-preview":"max-video-preview:-1"},"canonical":"https:\/\/instytutpolski.pl\/praha\/politika-cookies\/","og_locale":"pl_PL","og_type":"article","og_title":"Politika cookies - Instytut Polski w Pradze","og_description":"Za \u00fa\u010delem zlep\u0161en\u00ed na\u0161ich slu\u017eeb vyu\u017e\u00edv\u00e1me soubory cookies. Vyu\u017e\u00edv\u00e1n\u00ed na\u0161ich webov\u00fdch str\u00e1nek znamen\u00e1, \u017ee cookies budou ukl\u00e1d\u00e1ny do Va\u0161eho za\u0159\u00edzen\u00ed. Nastaven\u00ed Va\u0161eho prohl\u00ed\u017ee\u010de lze kdykoli zm\u011bnit. Pro Va\u0161e pohodl\u00ed vyu\u017e\u00edvaj\u00ed webov\u00e9 str\u00e1nky instytutpolski.pl,\u00a0kter\u00e9 spadaj\u00ed pod Ministerstvo zahrani\u010dn\u00edch v\u011bc\u00ed Polsk\u00e9 republiky, soubory cookies, aby slu\u017ebu p\u0159izp\u016fsobily pot\u0159eb\u00e1m u\u017eivatel\u016f, a tak\u00e9 ke statistick\u00fdm \u00fa\u010del\u016fm. Soubory cookies jsou [&hellip;]","og_url":"https:\/\/instytutpolski.pl\/praha\/politika-cookies\/","og_site_name":"Instytut Polski w Pradze","article_modified_time":"2020-06-01T15:22:18+00:00","og_image":[{"width":2048,"height":1365,"url":"https:\/\/instytutpolski.pl\/praha\/wp-content\/uploads\/sites\/10\/2020\/06\/Krokusy-2.jpg","type":"image\/jpeg"}],"twitter_card":"summary_large_image","twitter_misc":{"Szacowany czas czytania":"3 minuty"},"schema":{"@context":"https:\/\/schema.org","@graph":[{"@type":"WebPage","@id":"https:\/\/instytutpolski.pl\/praha\/politika-cookies\/","url":"https:\/\/instytutpolski.pl\/praha\/politika-cookies\/","name":"Politika cookies - Instytut Polski w Pradze","isPartOf":{"@id":"https:\/\/instytutpolski.pl\/praha\/#website"},"primaryImageOfPage":{"@id":"https:\/\/instytutpolski.pl\/praha\/politika-cookies\/#primaryimage"},"image":{"@id":"https:\/\/instytutpolski.pl\/praha\/politika-cookies\/#primaryimage"},"thumbnailUrl":"https:\/\/instytutpolski.pl\/praha\/wp-content\/uploads\/sites\/10\/2020\/06\/Krokusy-2.jpg","datePublished":"2020-06-01T15:22:16+00:00","dateModified":"2020-06-01T15:22:18+00:00","breadcrumb":{"@id":"https:\/\/instytutpolski.pl\/praha\/politika-cookies\/#breadcrumb"},"inLanguage":"pl-PL","potentialAction":[{"@type":"ReadAction","target":["https:\/\/instytutpolski.pl\/praha\/politika-cookies\/"]}]},{"@type":"ImageObject","inLanguage":"pl-PL","@id":"https:\/\/instytutpolski.pl\/praha\/politika-cookies\/#primaryimage","url":"https:\/\/instytutpolski.pl\/praha\/wp-content\/uploads\/sites\/10\/2020\/06\/Krokusy-2.jpg","contentUrl":"https:\/\/instytutpolski.pl\/praha\/wp-content\/uploads\/sites\/10\/2020\/06\/Krokusy-2.jpg","width":2048,"height":1365},{"@type":"BreadcrumbList","@id":"https:\/\/instytutpolski.pl\/praha\/politika-cookies\/#breadcrumb","itemListElement":[{"@type":"ListItem","position":1,"name":"Home","item":"https:\/\/instytutpolski.pl\/praha\/"},{"@type":"ListItem","position":2,"name":"Politika cookies"}]},{"@type":"WebSite","@id":"https:\/\/instytutpolski.pl\/praha\/#website","url":"https:\/\/instytutpolski.pl\/praha\/","name":"Instytut Polski w Pradze","description":"Instytuty Polskie","potentialAction":[{"@type":"SearchAction","target":{"@type":"EntryPoint","urlTemplate":"https:\/\/instytutpolski.pl\/praha\/?s={search_term_string}"},"query-input":{"@type":"PropertyValueSpecification","valueRequired":true,"valueName":"search_term_string"}}],"inLanguage":"pl-PL"}]}},"_links":{"self":[{"href":"https:\/\/instytutpolski.pl\/praha\/wp-json\/wp\/v2\/pages\/1821","targetHints":{"allow":["GET"]}}],"collection":[{"href":"https:\/\/instytutpolski.pl\/praha\/wp-json\/wp\/v2\/pages"}],"about":[{"href":"https:\/\/instytutpolski.pl\/praha\/wp-json\/wp\/v2\/types\/page"}],"author":[{"embeddable":true,"href":"https:\/\/instytutpolski.pl\/praha\/wp-json\/wp\/v2\/users\/26"}],"replies":[{"embeddable":true,"href":"https:\/\/instytutpolski.pl\/praha\/wp-json\/wp\/v2\/comments?post=1821"}],"version-history":[{"count":2,"href":"https:\/\/instytutpolski.pl\/praha\/wp-json\/wp\/v2\/pages\/1821\/revisions"}],"predecessor-version":[{"id":1824,"href":"https:\/\/instytutpolski.pl\/praha\/wp-json\/wp\/v2\/pages\/1821\/revisions\/1824"}],"wp:featuredmedia":[{"embeddable":true,"href":"https:\/\/instytutpolski.pl\/praha\/wp-json\/wp\/v2\/media\/1822"}],"wp:attachment":[{"href":"https:\/\/instytutpolski.pl\/praha\/wp-json\/wp\/v2\/media?parent=1821"}],"curies":[{"name":"wp","href":"https:\/\/api.w.org\/{rel}","templated":true}]}}