{"id":1934,"date":"2020-06-01T09:57:00","date_gmt":"2020-06-01T07:57:00","guid":{"rendered":"https:\/\/instytutpolski.pl\/praha\/?page_id=1934"},"modified":"2020-06-12T10:09:35","modified_gmt":"2020-06-12T08:09:35","slug":"prohlaseni-o-pristupnosti","status":"publish","type":"page","link":"https:\/\/instytutpolski.pl\/praha\/prohlaseni-o-pristupnosti\/","title":{"rendered":"Prohl\u00e1\u0161en\u00ed o p\u0159\u00edstupnosti"},"content":{"rendered":"\n<h3><b>Prohl\u00e1\u0161en\u00ed o p\u0159\u00edstupnosti internetov\u00e9ho servisu Ministerstva zahrani\u010dn\u00edch v\u011bc\u00ed Polsk\u00e9 republiky: instytutpolski.pl\/praha<\/b><\/h3>\n<p id=\"a11y-wstep\"><span id=\"\u201ea11y-podmiot\u201d\">Ministerstvo zahrani\u010dn\u00edch v\u011bc\u00ed Polsk\u00e9 republiky<\/span> se zavazuje k zaji\u0161t\u011bn\u00ed p\u0159\u00edstupnosti sv\u00e9 internetov\u00e9 str\u00e1nky v souladu se z\u00e1konem ze dne 4. dubna 2019 o p\u0159\u00edstupnosti webov\u00fdch str\u00e1nek a mobiln\u00edch aplikac\u00ed subjekt\u016f ve\u0159ejn\u00e9ho sektoru. Prohl\u00e1\u0161en\u00ed o p\u0159\u00edstupnosti se vztahuje k <a id=\"\u201da11y-url\u201d\" href=\"https:\/\/instytutpolski.pl\/praha\"> internetov\u00e9 str\u00e1nce Ministerstva zahrani\u010dn\u00edch v\u011bc\u00ed Polsk\u00e9 republiky <\/a>.<\/p>\n<p id=\"\u201da11y-data-publikacja\u201d\">Datum zve\u0159ejn\u011bn\u00ed internetov\u00e9 str\u00e1nky: 1.06.2020<\/p>\n<p id=\"\u201da11y-data-aktualizacja\u201d\">Datum posledn\u00ed velk\u00e9 aktualizace: 1.06.2020<\/p>\n<p>Internetov\u00e1 str\u00e1nka je \u010d\u00e1ste\u010dn\u011b v souladu se z\u00e1konem o p\u0159\u00edstupnosti webov\u00fdch str\u00e1nek a mobiln\u00edch aplikac\u00ed subjekt\u016f ve\u0159ejn\u00e9ho sektoru z d\u016fvod\u016f uveden\u00fdch n\u00ed\u017ee.<\/p>\n<p><br \/>Na internetov\u00e9 str\u00e1nce se mohou nach\u00e1zet filmy, kter\u00e9 nebyly opat\u0159eny titulky pro nesly\u0161\u00edc\u00ed. V p\u0159\u00edpad\u011b pot\u0159eby komunikace v jedn\u00e9 ze t\u0159\u00ed forem: polsk\u00fd znakov\u00fd jazyk (PJM), znakovan\u00e1 pol\u0161tina (SJM), komunika\u010dn\u00ed syst\u00e9m hluchoslep\u00fdch osob (SKOGN), pros\u00edme o zasl\u00e1n\u00ed zpr\u00e1vy na e-mailovou adresu <a href=\"mailto:bazi.tlumaczenia@msz.gov.pl\">bazi.tlumaczenia@msz.gov.pl<\/a>.<\/p>\n<p>Toto prohl\u00e1\u0161en\u00ed bylo vypracov\u00e1no dne <span id=\"\u201da11y-data-sporzadzenie\u201d\">2020-05-31.<\/span><\/p>\n<p id=\"\u201da11y-audytor\u201d\">Prohl\u00e1\u0161en\u00ed bylo vypracov\u00e1no na z\u00e1klad\u011b vlastn\u00edho posouzen\u00ed proveden\u00e9ho subjektem ve\u0159ejn\u00e9ho sektoru.<\/p>\n<p>Na internetov\u00e9 str\u00e1nce lze vyu\u017e\u00edt standardn\u00ed kl\u00e1vesov\u00e9 zkratky.<\/p>\n<h3 id=\"\u201da11y-kontakt\u201d\"><b>Zp\u011btn\u00e1 vazba a kontaktn\u00ed \u00fadaje<\/b><\/h3>\n<p>V p\u0159\u00edpad\u011b probl\u00e9m\u016f s p\u0159\u00edstupnost\u00ed internetov\u00e9 str\u00e1nky pros\u00edme o kontakt na e-mailovou adresu <a href=\"http:\/\/redakcja@msz.gov.pl\">redakcja@msz.gov.pl<\/a>. Je mo\u017en\u00fd tak\u00e9 telefonick\u00fd kontakt na \u010d\u00edsle <span id=\"\u201da11y-telefon\u201d\">48 22 523 93 56<\/span>. Stejn\u00fdm zp\u016fsobem je mo\u017en\u00e9 tak\u00e9 \u017e\u00e1dat o zp\u0159\u00edstupn\u011bn\u00ed nedostupn\u00fdch informac\u00ed \u010di zas\u00edlat st\u00ed\u017enosti na nedostate\u010dn\u00e9 zaji\u0161t\u011bn\u00ed p\u0159\u00edstupnosti.<\/p>\n<p>Ka\u017ed\u00fd m\u00e1 pr\u00e1vo podat \u017e\u00e1dost o zaji\u0161t\u011bn\u00ed p\u0159\u00edstupnosti webov\u00e9 str\u00e1nky, mobiln\u00ed aplikace nebo n\u011bkter\u00e9 jejich \u010d\u00e1sti. Lze tak\u00e9 po\u017e\u00e1dat o zp\u0159\u00edstupn\u011bn\u00ed informace prost\u0159ednictv\u00edm alternativn\u00edho zp\u016fsobu p\u0159\u00edstupu, nap\u0159\u00edklad p\u0159e\u010dten\u00edm digit\u00e1ln\u011b nedostupn\u00e9ho dokumentu, popisem obsahu filmu bez audiodeskripce atp. \u017d\u00e1dost by m\u011bla obsahovat osobn\u00ed \u00fadaje \u017eadatele, informaci, o jakou internetovou str\u00e1nku \u010di mobiln\u00ed aplikaci se jedn\u00e1, a kontaktn\u00ed \u00fadaje. Pokud \u017eadatel deklaruje pot\u0159ebu obdr\u017een\u00ed informac\u00ed pomoc\u00ed alternativn\u00edho zp\u016fsobu p\u0159\u00edstupu, mus\u00ed tak\u00e9 specifikovat pro n\u011bj vhodn\u00fd zp\u016fsob zprost\u0159edkov\u00e1n\u00ed t\u011bchto informac\u00ed. Subjekt ve\u0159ejn\u00e9ho sektoru by m\u011bl vy\u0159\u00eddit tuto \u017e\u00e1dost neprodlen\u011b, nejpozd\u011bji do 7 dn\u016f ode dne pod\u00e1n\u00ed \u017e\u00e1dosti. Pokud dodr\u017een\u00ed tohoto term\u00ednu nen\u00ed mo\u017en\u00e9, subjekt ve\u0159ejn\u00e9ho sektoru \u017eadatele neprodlen\u011b informuje, kdy bude realizace \u017e\u00e1dosti mo\u017en\u00e1, p\u0159i\u010dem\u017e tento term\u00edn by nem\u011bl b\u00fdt del\u0161\u00ed ne\u017e 2 m\u011bs\u00edce ode dne pod\u00e1n\u00ed \u017e\u00e1dosti. Pokud nen\u00ed zaji\u0161t\u011bn\u00ed digit\u00e1ln\u00ed p\u0159\u00edstupnosti mo\u017en\u00e9, subjekt ve\u0159ejn\u00e9ho sektoru m\u016f\u017ee navrhnout alternativn\u00ed zp\u016fsob p\u0159\u00edstupu k informac\u00edm. V p\u0159\u00edpad\u011b, \u017ee subjekt ve\u0159ejn\u00e9ho sektoru odm\u00edtne vy\u0159\u00eddit \u017e\u00e1dost o zaji\u0161t\u011bn\u00ed p\u0159\u00edstupnosti nebo alternativn\u00edho zp\u016fsobu p\u0159\u00edstupu k informac\u00edm, \u017eadatel m\u016f\u017ee podat st\u00ed\u017enost v z\u00e1le\u017eitosti zaji\u0161t\u011bn\u00ed p\u0159\u00edstupnosti internetov\u00e9 str\u00e1nky, mobiln\u00ed aplikace nebo sou\u010d\u00e1sti webov\u00e9 str\u00e1nky \u010di mobiln\u00ed aplikace.<\/p>\n<p>Po vy\u010derp\u00e1n\u00ed v\u00fd\u0161e uveden\u00e9 procedury lze tak\u00e9 podat podn\u011bt k <a href=\"https:\/\/www.rpo.gov.pl\/content\/jak-zglosic-sie-do-rzecznika-praw-obywatelskich\">ve\u0159ejn\u00e9mu ochr\u00e1nci pr\u00e1v<\/a>.<\/p>\n<h3 id=\"\u201da11y-architektura\u201d\"><b>Architektonick\u00e1 p\u0159\u00edstupnost objektu<\/b><\/h3>\n<p>Polsk\u00fd institut v Praze informuje, \u017ee nejbli\u017e\u0161\u00ed vyhrazen\u00e1 parkovac\u00ed st\u00e1n\u00ed pro osoby se zdravotn\u00edm posti\u017een\u00edm se nach\u00e1zej\u00ed v ulici U Radnice 1. Chodn\u00edky ve sm\u011bru k s\u00eddlu Polsk\u00e9ho institutu v Praze jsou opat\u0159eny sn\u00ed\u017een\u00fdmi patn\u00edky. Prostory Polsk\u00e9ho institutu v Praze se nach\u00e1zej\u00ed v 1. pat\u0159e objektu \u2013 u vstupu do objektu je t\u0159eba p\u0159ekonat 4 schody nahoru, d\u00e1le je ji\u017e k dispozici v\u00fdtah. Vstupn\u00ed dve\u0159e do knihovny i s\u00e1lu Polsk\u00e9ho institutu jsou dostate\u010dn\u011b \u0161irok\u00e9 pro vstup osob na invalidn\u00edm voz\u00edku. Objekt je vybaven pouze b\u011b\u017en\u00fdm hygienick\u00fdm z\u00e1zem\u00edm.<\/p>\n","protected":false},"excerpt":{"rendered":"<p>Prohl\u00e1\u0161en\u00ed o p\u0159\u00edstupnosti internetov\u00e9ho servisu Ministerstva zahrani\u010dn\u00edch v\u011bc\u00ed Polsk\u00e9 republiky: instytutpolski.pl\/praha Ministerstvo zahrani\u010dn\u00edch v\u011bc\u00ed Polsk\u00e9 republiky se zavazuje k zaji\u0161t\u011bn\u00ed p\u0159\u00edstupnosti sv\u00e9 internetov\u00e9 str\u00e1nky v souladu se z\u00e1konem ze dne 4. dubna 2019 o p\u0159\u00edstupnosti webov\u00fdch str\u00e1nek a mobiln\u00edch aplikac\u00ed subjekt\u016f ve\u0159ejn\u00e9ho sektoru. Prohl\u00e1\u0161en\u00ed o p\u0159\u00edstupnosti se vztahuje k internetov\u00e9 str\u00e1nce Ministerstva zahrani\u010dn\u00edch v\u011bc\u00ed Polsk\u00e9 [&hellip;]<\/p>\n","protected":false},"author":26,"featured_media":1289,"parent":0,"menu_order":0,"comment_status":"closed","ping_status":"closed","template":"","meta":{"inline_featured_image":false,"_monsterinsights_skip_tracking":false,"_monsterinsights_sitenote_active":false,"_monsterinsights_sitenote_note":"","_monsterinsights_sitenote_category":0,"footnotes":""},"class_list":["post-1934","page","type-page","status-publish","has-post-thumbnail","hentry"],"yoast_head":"<!-- This site is optimized with the Yoast SEO plugin v24.6 - https:\/\/yoast.com\/wordpress\/plugins\/seo\/ -->\n<title>Prohl\u00e1\u0161en\u00ed o p\u0159\u00edstupnosti - Instytut Polski w Pradze<\/title>\n<meta name=\"robots\" content=\"index, follow, max-snippet:-1, max-image-preview:large, max-video-preview:-1\" \/>\n<link rel=\"canonical\" href=\"https:\/\/instytutpolski.pl\/praha\/prohlaseni-o-pristupnosti\/\" \/>\n<meta property=\"og:locale\" content=\"pl_PL\" \/>\n<meta property=\"og:type\" content=\"article\" \/>\n<meta property=\"og:title\" content=\"Prohl\u00e1\u0161en\u00ed o p\u0159\u00edstupnosti - Instytut Polski w Pradze\" \/>\n<meta property=\"og:description\" content=\"Prohl\u00e1\u0161en\u00ed o p\u0159\u00edstupnosti internetov\u00e9ho servisu Ministerstva zahrani\u010dn\u00edch v\u011bc\u00ed Polsk\u00e9 republiky: instytutpolski.pl\/praha Ministerstvo zahrani\u010dn\u00edch v\u011bc\u00ed Polsk\u00e9 republiky se zavazuje k zaji\u0161t\u011bn\u00ed p\u0159\u00edstupnosti sv\u00e9 internetov\u00e9 str\u00e1nky v souladu se z\u00e1konem ze dne 4. dubna 2019 o p\u0159\u00edstupnosti webov\u00fdch str\u00e1nek a mobiln\u00edch aplikac\u00ed subjekt\u016f ve\u0159ejn\u00e9ho sektoru. Prohl\u00e1\u0161en\u00ed o p\u0159\u00edstupnosti se vztahuje k internetov\u00e9 str\u00e1nce Ministerstva zahrani\u010dn\u00edch v\u011bc\u00ed Polsk\u00e9 [&hellip;]\" \/>\n<meta property=\"og:url\" content=\"https:\/\/instytutpolski.pl\/praha\/prohlaseni-o-pristupnosti\/\" \/>\n<meta property=\"og:site_name\" content=\"Instytut Polski w Pradze\" \/>\n<meta property=\"article:modified_time\" content=\"2020-06-12T08:09:35+00:00\" \/>\n<meta property=\"og:image\" content=\"https:\/\/instytutpolski.pl\/praha\/wp-content\/uploads\/sites\/10\/2020\/04\/pi_praha.jpg\" \/>\n\t<meta property=\"og:image:width\" content=\"960\" \/>\n\t<meta property=\"og:image:height\" content=\"565\" \/>\n\t<meta property=\"og:image:type\" content=\"image\/jpeg\" \/>\n<meta name=\"twitter:card\" content=\"summary_large_image\" \/>\n<meta name=\"twitter:label1\" content=\"Szacowany czas czytania\" \/>\n\t<meta name=\"twitter:data1\" content=\"3 minuty\" \/>\n<script type=\"application\/ld+json\" class=\"yoast-schema-graph\">{\"@context\":\"https:\/\/schema.org\",\"@graph\":[{\"@type\":\"WebPage\",\"@id\":\"https:\/\/instytutpolski.pl\/praha\/prohlaseni-o-pristupnosti\/\",\"url\":\"https:\/\/instytutpolski.pl\/praha\/prohlaseni-o-pristupnosti\/\",\"name\":\"Prohl\u00e1\u0161en\u00ed o p\u0159\u00edstupnosti - Instytut Polski w Pradze\",\"isPartOf\":{\"@id\":\"https:\/\/instytutpolski.pl\/praha\/#website\"},\"primaryImageOfPage\":{\"@id\":\"https:\/\/instytutpolski.pl\/praha\/prohlaseni-o-pristupnosti\/#primaryimage\"},\"image\":{\"@id\":\"https:\/\/instytutpolski.pl\/praha\/prohlaseni-o-pristupnosti\/#primaryimage\"},\"thumbnailUrl\":\"https:\/\/instytutpolski.pl\/praha\/wp-content\/uploads\/sites\/10\/2020\/04\/pi_praha.jpg\",\"datePublished\":\"2020-06-01T07:57:00+00:00\",\"dateModified\":\"2020-06-12T08:09:35+00:00\",\"breadcrumb\":{\"@id\":\"https:\/\/instytutpolski.pl\/praha\/prohlaseni-o-pristupnosti\/#breadcrumb\"},\"inLanguage\":\"pl-PL\",\"potentialAction\":[{\"@type\":\"ReadAction\",\"target\":[\"https:\/\/instytutpolski.pl\/praha\/prohlaseni-o-pristupnosti\/\"]}]},{\"@type\":\"ImageObject\",\"inLanguage\":\"pl-PL\",\"@id\":\"https:\/\/instytutpolski.pl\/praha\/prohlaseni-o-pristupnosti\/#primaryimage\",\"url\":\"https:\/\/instytutpolski.pl\/praha\/wp-content\/uploads\/sites\/10\/2020\/04\/pi_praha.jpg\",\"contentUrl\":\"https:\/\/instytutpolski.pl\/praha\/wp-content\/uploads\/sites\/10\/2020\/04\/pi_praha.jpg\",\"width\":960,\"height\":565},{\"@type\":\"BreadcrumbList\",\"@id\":\"https:\/\/instytutpolski.pl\/praha\/prohlaseni-o-pristupnosti\/#breadcrumb\",\"itemListElement\":[{\"@type\":\"ListItem\",\"position\":1,\"name\":\"Home\",\"item\":\"https:\/\/instytutpolski.pl\/praha\/\"},{\"@type\":\"ListItem\",\"position\":2,\"name\":\"Prohl\u00e1\u0161en\u00ed o p\u0159\u00edstupnosti\"}]},{\"@type\":\"WebSite\",\"@id\":\"https:\/\/instytutpolski.pl\/praha\/#website\",\"url\":\"https:\/\/instytutpolski.pl\/praha\/\",\"name\":\"Instytut Polski w Pradze\",\"description\":\"Instytuty Polskie\",\"potentialAction\":[{\"@type\":\"SearchAction\",\"target\":{\"@type\":\"EntryPoint\",\"urlTemplate\":\"https:\/\/instytutpolski.pl\/praha\/?s={search_term_string}\"},\"query-input\":{\"@type\":\"PropertyValueSpecification\",\"valueRequired\":true,\"valueName\":\"search_term_string\"}}],\"inLanguage\":\"pl-PL\"}]}<\/script>\n<!-- \/ Yoast SEO plugin. -->","yoast_head_json":{"title":"Prohl\u00e1\u0161en\u00ed o p\u0159\u00edstupnosti - Instytut Polski w Pradze","robots":{"index":"index","follow":"follow","max-snippet":"max-snippet:-1","max-image-preview":"max-image-preview:large","max-video-preview":"max-video-preview:-1"},"canonical":"https:\/\/instytutpolski.pl\/praha\/prohlaseni-o-pristupnosti\/","og_locale":"pl_PL","og_type":"article","og_title":"Prohl\u00e1\u0161en\u00ed o p\u0159\u00edstupnosti - Instytut Polski w Pradze","og_description":"Prohl\u00e1\u0161en\u00ed o p\u0159\u00edstupnosti internetov\u00e9ho servisu Ministerstva zahrani\u010dn\u00edch v\u011bc\u00ed Polsk\u00e9 republiky: instytutpolski.pl\/praha Ministerstvo zahrani\u010dn\u00edch v\u011bc\u00ed Polsk\u00e9 republiky se zavazuje k zaji\u0161t\u011bn\u00ed p\u0159\u00edstupnosti sv\u00e9 internetov\u00e9 str\u00e1nky v souladu se z\u00e1konem ze dne 4. dubna 2019 o p\u0159\u00edstupnosti webov\u00fdch str\u00e1nek a mobiln\u00edch aplikac\u00ed subjekt\u016f ve\u0159ejn\u00e9ho sektoru. Prohl\u00e1\u0161en\u00ed o p\u0159\u00edstupnosti se vztahuje k internetov\u00e9 str\u00e1nce Ministerstva zahrani\u010dn\u00edch v\u011bc\u00ed Polsk\u00e9 [&hellip;]","og_url":"https:\/\/instytutpolski.pl\/praha\/prohlaseni-o-pristupnosti\/","og_site_name":"Instytut Polski w Pradze","article_modified_time":"2020-06-12T08:09:35+00:00","og_image":[{"width":960,"height":565,"url":"https:\/\/instytutpolski.pl\/praha\/wp-content\/uploads\/sites\/10\/2020\/04\/pi_praha.jpg","type":"image\/jpeg"}],"twitter_card":"summary_large_image","twitter_misc":{"Szacowany czas czytania":"3 minuty"},"schema":{"@context":"https:\/\/schema.org","@graph":[{"@type":"WebPage","@id":"https:\/\/instytutpolski.pl\/praha\/prohlaseni-o-pristupnosti\/","url":"https:\/\/instytutpolski.pl\/praha\/prohlaseni-o-pristupnosti\/","name":"Prohl\u00e1\u0161en\u00ed o p\u0159\u00edstupnosti - Instytut Polski w Pradze","isPartOf":{"@id":"https:\/\/instytutpolski.pl\/praha\/#website"},"primaryImageOfPage":{"@id":"https:\/\/instytutpolski.pl\/praha\/prohlaseni-o-pristupnosti\/#primaryimage"},"image":{"@id":"https:\/\/instytutpolski.pl\/praha\/prohlaseni-o-pristupnosti\/#primaryimage"},"thumbnailUrl":"https:\/\/instytutpolski.pl\/praha\/wp-content\/uploads\/sites\/10\/2020\/04\/pi_praha.jpg","datePublished":"2020-06-01T07:57:00+00:00","dateModified":"2020-06-12T08:09:35+00:00","breadcrumb":{"@id":"https:\/\/instytutpolski.pl\/praha\/prohlaseni-o-pristupnosti\/#breadcrumb"},"inLanguage":"pl-PL","potentialAction":[{"@type":"ReadAction","target":["https:\/\/instytutpolski.pl\/praha\/prohlaseni-o-pristupnosti\/"]}]},{"@type":"ImageObject","inLanguage":"pl-PL","@id":"https:\/\/instytutpolski.pl\/praha\/prohlaseni-o-pristupnosti\/#primaryimage","url":"https:\/\/instytutpolski.pl\/praha\/wp-content\/uploads\/sites\/10\/2020\/04\/pi_praha.jpg","contentUrl":"https:\/\/instytutpolski.pl\/praha\/wp-content\/uploads\/sites\/10\/2020\/04\/pi_praha.jpg","width":960,"height":565},{"@type":"BreadcrumbList","@id":"https:\/\/instytutpolski.pl\/praha\/prohlaseni-o-pristupnosti\/#breadcrumb","itemListElement":[{"@type":"ListItem","position":1,"name":"Home","item":"https:\/\/instytutpolski.pl\/praha\/"},{"@type":"ListItem","position":2,"name":"Prohl\u00e1\u0161en\u00ed o p\u0159\u00edstupnosti"}]},{"@type":"WebSite","@id":"https:\/\/instytutpolski.pl\/praha\/#website","url":"https:\/\/instytutpolski.pl\/praha\/","name":"Instytut Polski w Pradze","description":"Instytuty Polskie","potentialAction":[{"@type":"SearchAction","target":{"@type":"EntryPoint","urlTemplate":"https:\/\/instytutpolski.pl\/praha\/?s={search_term_string}"},"query-input":{"@type":"PropertyValueSpecification","valueRequired":true,"valueName":"search_term_string"}}],"inLanguage":"pl-PL"}]}},"_links":{"self":[{"href":"https:\/\/instytutpolski.pl\/praha\/wp-json\/wp\/v2\/pages\/1934","targetHints":{"allow":["GET"]}}],"collection":[{"href":"https:\/\/instytutpolski.pl\/praha\/wp-json\/wp\/v2\/pages"}],"about":[{"href":"https:\/\/instytutpolski.pl\/praha\/wp-json\/wp\/v2\/types\/page"}],"author":[{"embeddable":true,"href":"https:\/\/instytutpolski.pl\/praha\/wp-json\/wp\/v2\/users\/26"}],"replies":[{"embeddable":true,"href":"https:\/\/instytutpolski.pl\/praha\/wp-json\/wp\/v2\/comments?post=1934"}],"version-history":[{"count":2,"href":"https:\/\/instytutpolski.pl\/praha\/wp-json\/wp\/v2\/pages\/1934\/revisions"}],"predecessor-version":[{"id":1936,"href":"https:\/\/instytutpolski.pl\/praha\/wp-json\/wp\/v2\/pages\/1934\/revisions\/1936"}],"wp:featuredmedia":[{"embeddable":true,"href":"https:\/\/instytutpolski.pl\/praha\/wp-json\/wp\/v2\/media\/1289"}],"wp:attachment":[{"href":"https:\/\/instytutpolski.pl\/praha\/wp-json\/wp\/v2\/media?parent=1934"}],"curies":[{"name":"wp","href":"https:\/\/api.w.org\/{rel}","templated":true}]}}