{"id":327,"date":"2019-06-25T09:37:58","date_gmt":"2019-06-25T07:37:58","guid":{"rendered":"https:\/\/instytutpolski.pl\/praga\/?page_id=327"},"modified":"2020-06-02T14:39:15","modified_gmt":"2020-06-02T12:39:15","slug":"poznejte-polsko","status":"publish","type":"page","link":"https:\/\/instytutpolski.pl\/praha\/poznejte-polsko\/","title":{"rendered":"Poznejte Polsko"},"content":{"rendered":"\n<p>Podobn\u011b jako \u010cesk\u00e1 republika, i Polsko se py\u0161n\u00ed jedn\u00edm z <strong>geometrick\u00fdch st\u0159ed\u016f Evropy<\/strong>: nach\u00e1z\u00ed se nedaleko hlavn\u00edho m\u011bsta Polska, Var\u0161avy. B\u011bhem v\u00edce ne\u017e tis\u00edce let sv\u00e9 historie se Polsko ocitlo v&nbsp;roli evropsk\u00e9 mocnosti, ale za\u017eilo i dobu ztracen\u00e9 nez\u00e1vislosti. Nyn\u00ed je jednou ze slibn\u011b rostouc\u00edch ekonomik st\u0159edn\u00ed a v\u00fdchodn\u00ed Evropy, Pol\u00e1ci jsou zn\u00e1m\u00ed svou podnikavost\u00ed, kter\u00e1 v&nbsp;sob\u011b spojuje nad\u0161en\u00ed pro novinky a kreativitu. V\u00fdznamn\u00fdm mezn\u00edkem se stal rok 1989: komunistick\u00fd re\u017eim pomohlo porazit odhodl\u00e1n\u00ed, zt\u011blesn\u011bn\u00e9 hnut\u00edm Solidarita, podpo\u0159en\u00e9 duchovn\u00ed autoritou pape\u017ee, sv. Jana Pavla II. Polsko je dnes svobodn\u00e1 zem\u011b, jej\u00ed\u017e tradice, pam\u00e1tky a p\u0159\u00edroda l\u00e1kaj\u00ed miliony turist\u016f z&nbsp;cel\u00e9ho sv\u011bta.<\/p>\n\n\n\n<p><strong>Kultura a um\u011bn\u00ed<\/strong> Pol\u00e1ky po stalet\u00ed spojovaly a pom\u00e1haly jim p\u0159e\u010dkat nejhor\u0161\u00ed historick\u00e9 okam\u017eiky. Pol\u0161t\u00ed tv\u016frci dodnes inspiruj\u00ed sv\u011btov\u00e9 publikum. V&nbsp;Polsku se narodil jeden z&nbsp;nejv\u00fdznamn\u011bj\u0161\u00edch skladatel\u016f a pianist\u016f Fryderyk Chopin. A jeho hudb\u011b je zasv\u011bcena jedna z&nbsp;nejd\u016fle\u017eit\u011bj\u0161\u00edch mezin\u00e1rodn\u00edch hudebn\u00edch sout\u011b\u017e\u00ed: Mezin\u00e1rodn\u00ed klav\u00edrn\u00ed sout\u011b\u017e Fryderyka Chopina, kter\u00e1 se odehr\u00e1v\u00e1 ve Var\u0161av\u011b ka\u017ed\u00fdch p\u011bt let, a to u\u017e od roku 1927. Z&nbsp;Polska poch\u00e1zej\u00ed mnoz\u00ed nositel\u00e9 Nobelovy ceny, dr\u017eitel\u00e9 Oscar\u016f nebo v\u00edt\u011bzov\u00e9 ceny Grammy. I d\u00edky laure\u00e1t\u016fm Nobelovy ceny za literaturu, Wis\u0142aw\u011b Szymborsk\u00e9, Czes\u0142awu Mi\u0142oszovi a Olze Tokarczuk, z\u00edskalo Polsko reputaci zem\u011b b\u00e1sn\u00edk\u016f a spisovatel\u016f. D\u00edky nim se rozv\u00edj\u00ed i pol\u0161tina, jazyk, j\u00edm\u017e mluv\u00ed v\u00edce ne\u017e 40 milion\u016f lid\u00ed v&nbsp;Polsku i v&nbsp;zahrani\u010d\u00ed. Tvo\u0159il v&nbsp;n\u011bm sv\u00e9 filmy i Andrzej Wajda, dr\u017eitel mnoha presti\u017en\u00edch filmov\u00fdch cen a mimo jin\u00e9 i Oscara za celo\u017eivotn\u00ed d\u00edlo. Tak\u00e9 Krzysztof Penderecki, v\u00fdjime\u010dn\u00fd skladatel a \u010dty\u0159n\u00e1sobn\u00fd laure\u00e1t Grammy, poch\u00e1zel z&nbsp;Polska.<\/p>\n\n\n\n<div class=\"wp-block-group\"><div class=\"wp-block-group__inner-container is-layout-flow wp-block-group-is-layout-flow\">\n<figure class=\"wp-block-image size-large\"><img loading=\"lazy\" decoding=\"async\" width=\"1024\" height=\"683\" src=\"https:\/\/instytutpolski.pl\/praha\/wp-content\/uploads\/sites\/10\/2020\/05\/Kopernicium-1024x683.jpg\" alt=\"\" class=\"wp-image-1311\" srcset=\"https:\/\/instytutpolski.pl\/praha\/wp-content\/uploads\/sites\/10\/2020\/05\/Kopernicium-1024x683.jpg 1024w, https:\/\/instytutpolski.pl\/praha\/wp-content\/uploads\/sites\/10\/2020\/05\/Kopernicium-300x200.jpg 300w, https:\/\/instytutpolski.pl\/praha\/wp-content\/uploads\/sites\/10\/2020\/05\/Kopernicium-768x512.jpg 768w, https:\/\/instytutpolski.pl\/praha\/wp-content\/uploads\/sites\/10\/2020\/05\/Kopernicium-1536x1024.jpg 1536w, https:\/\/instytutpolski.pl\/praha\/wp-content\/uploads\/sites\/10\/2020\/05\/Kopernicium-2048x1365.jpg 2048w\" sizes=\"auto, (max-width: 1024px) 100vw, 1024px\" \/><figcaption>V\u011bdeck\u00e9 centrum Kopernik ve Var\u0161av\u011b<\/figcaption><\/figure>\n<\/div><\/div>\n\n\n\n<p><strong>Polsko \u2013 to je v\u011bda!<\/strong> Za \u0159adou v\u00fdznamn\u00fdch vyn\u00e1lez\u016f a objev\u016f, kter\u00e9 zm\u011bnily sv\u011bt, stoj\u00ed pol\u0161t\u00ed v\u011bdci. Ve Var\u0161av\u011b se narodila proslul\u00e1 Marie Curie Sk\u0142odowska, dodnes jedin\u00e1 \u017eena, je\u017e z\u00edskala dvakr\u00e1t Nobelovu cenu (v roce 1903 a 1911), ale tak\u00e9 jedin\u00e1 v\u011bdkyn\u011b ocen\u011bn\u00e1 ve dvou r\u016fzn\u00fdch p\u0159\u00edrodov\u011bdn\u00fdch oborech. Byla prvn\u00ed \u017eenou, kter\u00e1 z\u00edskala Nobelovu cenu za chemii (za objev polonia a radia), prvn\u00ed \u017eenou jmenovanou profesorkou na pa\u0159\u00ed\u017esk\u00e9 Sorbonn\u011b a prvn\u00ed \u017eenou p\u0159ijatou na l\u00e9ka\u0159skou fakultu. A v\u00edte, kdo vynalezl postup p\u011bstov\u00e1n\u00ed monokrystal\u016f, z\u00e1klad modern\u00ed elektroniky? Polsk\u00fd fyzik Jan Czochralski. Z&nbsp;k\u0159em\u00edkov\u00fdch monokrystal\u016f z\u00edskan\u00fdch Czochralsk\u00e9ho metodou vznikaj\u00ed polovodi\u010de. D\u00edky nim pak funguj\u00ed po\u010d\u00edta\u010de, tablety, mobiln\u00ed telefony, digit\u00e1ln\u00ed fotoapar\u00e1ty, mp3 p\u0159ehr\u00e1va\u010de a dal\u0161\u00ed elektronick\u00e1 za\u0159\u00edzen\u00ed. Pol\u0161t\u00ed matematici Marian Rejewski, Jerzy R\u00f3\u017cycki a Henryk Zygalski zase prolomili k\u00f3d nejslavn\u011bj\u0161\u00edho \u0161ifrovac\u00edho za\u0159\u00edzen\u00ed v&nbsp;d\u011bjin\u00e1ch \u2013 n\u011bmeck\u00e9 Enigmy. Sv\u00fdm \u010dinem p\u0159isp\u011bli ke konci druh\u00e9 sv\u011btov\u00e9 v\u00e1lky.<\/p>\n\n\n\n<figure class=\"wp-block-image size-large\"><img loading=\"lazy\" decoding=\"async\" width=\"800\" height=\"533\" src=\"https:\/\/instytutpolski.pl\/praha\/wp-content\/uploads\/sites\/10\/2020\/05\/Mazury.jpg\" alt=\"\" class=\"wp-image-1743\" srcset=\"https:\/\/instytutpolski.pl\/praha\/wp-content\/uploads\/sites\/10\/2020\/05\/Mazury.jpg 800w, https:\/\/instytutpolski.pl\/praha\/wp-content\/uploads\/sites\/10\/2020\/05\/Mazury-300x200.jpg 300w, https:\/\/instytutpolski.pl\/praha\/wp-content\/uploads\/sites\/10\/2020\/05\/Mazury-768x512.jpg 768w\" sizes=\"auto, (max-width: 800px) 100vw, 800px\" \/><figcaption>Mazursk\u00e1 jezera<\/figcaption><\/figure>\n\n\n\n<p>P\u0159ekr\u00e1snou p\u0159\u00edrodu najdete v&nbsp;cel\u00e9m Polsku, <strong>od Baltsk\u00e9ho mo\u0159e a mazursk\u00fdch ledovcov\u00fdch jezer na severu a\u017e po horsk\u00e1 p\u00e1sma na jihu<\/strong> zem\u011b. Nav\u0161t\u00edvit m\u016f\u017eete 23 n\u00e1rodn\u00edch park\u016f, 1500 p\u0159\u00edrodn\u00edch rezervac\u00ed a 145 chr\u00e1n\u011bn\u00fdch krajinn\u00fdch oblast\u00ed. Otv\u00edr\u00e1 se p\u0159ed v\u00e1mi \u0161irok\u00e1 \u0161k\u00e1la mo\u017enost\u00ed, jak str\u00e1vit aktivn\u00ed dovolenou: horsk\u00e9 t\u00fary, cyklov\u00fdlety, sj\u00ed\u017ed\u011bn\u00ed \u0159ek a jezer na kajaku, placht\u011bn\u00ed, surfov\u00e1n\u00ed, proj\u00ed\u017e\u010fka na koni, nap\u0159\u00edklad na nejdel\u0161\u00ed stezce v&nbsp;Evrop\u011b m\u011b\u0159\u00edc\u00ed 1800 km, kter\u00e1 proch\u00e1z\u00ed Polskem, nebo pozorov\u00e1n\u00ed vz\u00e1cn\u00fdch druh\u016f pt\u00e1k\u016f v&nbsp;jejich p\u0159irozen\u00e9m prost\u0159ed\u00ed.<\/p>\n\n\n\n<figure class=\"wp-block-image size-large\"><img loading=\"lazy\" decoding=\"async\" width=\"1024\" height=\"683\" src=\"https:\/\/instytutpolski.pl\/praha\/wp-content\/uploads\/sites\/10\/2020\/05\/Filharmonia-w-Szczecinie-2-1024x683.jpg\" alt=\"\" class=\"wp-image-1745\" srcset=\"https:\/\/instytutpolski.pl\/praha\/wp-content\/uploads\/sites\/10\/2020\/05\/Filharmonia-w-Szczecinie-2-1024x683.jpg 1024w, https:\/\/instytutpolski.pl\/praha\/wp-content\/uploads\/sites\/10\/2020\/05\/Filharmonia-w-Szczecinie-2-300x200.jpg 300w, https:\/\/instytutpolski.pl\/praha\/wp-content\/uploads\/sites\/10\/2020\/05\/Filharmonia-w-Szczecinie-2-768x512.jpg 768w, https:\/\/instytutpolski.pl\/praha\/wp-content\/uploads\/sites\/10\/2020\/05\/Filharmonia-w-Szczecinie-2.jpg 1500w\" sizes=\"auto, (max-width: 1024px) 100vw, 1024px\" \/><figcaption>Filharmonie ve \u0160t\u011bt\u00edn\u011b<\/figcaption><\/figure>\n\n\n\n<p>V&nbsp;Polsku se ale tak\u00e9 odehr\u00e1vaj\u00ed obl\u00edben\u00e9 a hojn\u011b nav\u0161t\u011bvovan\u00e9 <strong>kulturn\u00ed ud\u00e1losti, hudebn\u00ed, filmov\u00e9 a divadeln\u00ed festivaly<\/strong>, a to \u010dasto v&nbsp;architektonick\u00fdch perl\u00e1ch ocen\u011bn\u00fdch v&nbsp;mezin\u00e1rodn\u00edch sout\u011b\u017e\u00edch. P\u0159\u00edkladem m\u016f\u017ee b\u00fdt p\u0159ekr\u00e1sn\u00e1 budova filharmonie M. Kar\u0142owicze ve \u0160t\u011bt\u00edn\u011b, prvn\u00ed budova v&nbsp;Polsku py\u0161n\u00edc\u00ed se evropskou cenou Miese van der Rohe, nebo N\u00e1rodn\u00ed muzeum ve \u0160t\u011bt\u00edn\u011b \u2013 Centrum Dialogu Prze\u0142omy, nejlep\u0161\u00ed budova sv\u011bta roku 2016 podle World Architecture Festival v&nbsp;Berl\u00edn\u011b. Mezi dal\u0161\u00ed v\u00fdjime\u010dn\u00e9 stavby pro kulturn\u00ed \u00fa\u010dely na map\u011b sv\u011btov\u00e9 architektury jsou nap\u0159\u00edklad Shakespearovsk\u00e9 divadlo nebo Evropsk\u00e9 centrum solidarity v&nbsp;Gda\u0148sku, Slezsk\u00e9 muzeum v&nbsp;Katovic\u00edch, postaven\u00e9 na m\u00edst\u011b b\u00fdval\u00e9ho uheln\u00e9ho dolu, s\u00eddlo N\u00e1rodn\u00edho symfonick\u00e9ho orchestru Polsk\u00e9ho rozhlasu v&nbsp;Katovic\u00edch, Centrum hudby Krzysztofa Pendereck\u00e9ho v Lus\u0142awic\u00edch, Cricoteca (Muzeum Tadeusze Kantora) v&nbsp;Krakov\u011b, Muzeum Var\u0161avsk\u00e9ho povst\u00e1n\u00ed nebo Muzeum d\u011bjin polsk\u00fdch \u017did\u016f POLIN ve Var\u0161av\u011b.<\/p>\n\n\n\n<figure class=\"wp-block-image size-large\"><img loading=\"lazy\" decoding=\"async\" width=\"799\" height=\"533\" src=\"https:\/\/instytutpolski.pl\/praha\/wp-content\/uploads\/sites\/10\/2020\/05\/Muzeum-Polin.jpg\" alt=\"\" class=\"wp-image-1747\" srcset=\"https:\/\/instytutpolski.pl\/praha\/wp-content\/uploads\/sites\/10\/2020\/05\/Muzeum-Polin.jpg 799w, https:\/\/instytutpolski.pl\/praha\/wp-content\/uploads\/sites\/10\/2020\/05\/Muzeum-Polin-300x200.jpg 300w, https:\/\/instytutpolski.pl\/praha\/wp-content\/uploads\/sites\/10\/2020\/05\/Muzeum-Polin-768x512.jpg 768w\" sizes=\"auto, (max-width: 799px) 100vw, 799px\" \/><figcaption>Muzeum d\u011bjin polsk\u00fdch \u017did\u016f POLIN<\/figcaption><\/figure>\n\n\n\n<p>P\u0159i n\u00e1v\u0161t\u011bv\u011b t\u011bchto unik\u00e1tn\u00edch objekt\u016f se tak\u00e9 m\u016f\u017eete sezn\u00e1mit s&nbsp; d\u011bjinami Polska&nbsp; a poznat \u010dasto tragick\u00e9 osudy jeho obyvatel, kter\u00e9 zm\u011bnila a zas\u00e1hla p\u0159edev\u0161\u00edm druh\u00e1 sv\u011btov\u00e1 v\u00e1lka. V&nbsp;posledn\u00edch dek\u00e1d\u00e1ch se Polsko sna\u017e\u00ed c\u00edlen\u011b obnovovat zni\u010den\u00e9 pam\u00e1tky a chr\u00e1nit pam\u011b\u0165 zmizel\u00fdch \u2013 sv\u011btov\u00e9 d\u011bdictv\u00ed \u017eidovsk\u00e9 kultury. Podporuje tak\u00e9 rozvoj sou\u010dasn\u00e9 \u017eidovsk\u00e9 obce: nejlep\u0161\u00edm p\u0159\u00edkladem je obl\u00edben\u00fd Festival \u017eidovsk\u00e9 kultury v&nbsp;Krakov\u011b s&nbsp;v\u00edce ne\u017e t\u0159icetiletou tradic\u00ed, kter\u00fd nav\u0161t\u011bvuj\u00ed pro jeho v\u00fdjime\u010dnou atmosf\u00e9ru a multikulturn\u00ed program des\u00edtky tis\u00edc turist\u016f.<\/p>\n\n\n\n<figure class=\"wp-block-image size-large\"><img loading=\"lazy\" decoding=\"async\" width=\"799\" height=\"533\" src=\"https:\/\/instytutpolski.pl\/praha\/wp-content\/uploads\/sites\/10\/2020\/05\/Teatr-Szekspirowski-Gdansk.jpg\" alt=\"\" class=\"wp-image-1750\" srcset=\"https:\/\/instytutpolski.pl\/praha\/wp-content\/uploads\/sites\/10\/2020\/05\/Teatr-Szekspirowski-Gdansk.jpg 799w, https:\/\/instytutpolski.pl\/praha\/wp-content\/uploads\/sites\/10\/2020\/05\/Teatr-Szekspirowski-Gdansk-300x200.jpg 300w, https:\/\/instytutpolski.pl\/praha\/wp-content\/uploads\/sites\/10\/2020\/05\/Teatr-Szekspirowski-Gdansk-768x512.jpg 768w\" sizes=\"auto, (max-width: 799px) 100vw, 799px\" \/><figcaption>Vpravo: nov\u00e1 budova Shakespearovsk\u00e9ho divadla v Gda\u0148sku<\/figcaption><\/figure>\n\n\n\n<p><strong>Polsko l\u00e1k\u00e1 tak\u00e9 milovn\u00edky filmu, divadla a hudby<\/strong>. Na mezin\u00e1rodn\u00edm festivalu Var\u0161avsk\u00fd podzim m\u016f\u017eete potkat hv\u011bzdy sou\u010dasn\u00e9 hudby, slavn\u00e9 re\u017eis\u00e9ry a kameramany pak b\u011bhem EnergaCAMERIMAGE v&nbsp;Toruni a nez\u00e1visl\u00e9 tv\u016frce z&nbsp;cel\u00e9ho sv\u011bta t\u0159eba na festivalu Nowe Horyzonty ve Vratislavi, kde se p\u0159edstavuje sou\u010dasn\u00e1 um\u011bleck\u00e1, vizion\u00e1\u0159sk\u00e1 a experiment\u00e1ln\u00ed kinematografie.<\/p>\n\n\n\n<hr class=\"wp-block-separator\" \/>\n\n\n\n<h4 class=\"wp-block-heading\">Existuje spousta d\u016fvod\u016f, pro\u010d p\u0159ijet a poznat skute\u010dn\u00e9 Polsko \u2013 a nav\u00edc to nen\u00ed daleko: z Prahy do Var\u0161avy je to jen 585 km \ud83d\ude42<\/h4>\n\n\n\n<figure class=\"wp-block-embed-youtube wp-block-embed is-type-video is-provider-youtube wp-embed-aspect-16-9 wp-has-aspect-ratio\"><div class=\"wp-block-embed__wrapper\">\nhttps:\/\/youtu.be\/yhYKtPEB16E\n<\/div><figcaption>Nejkr\u00e1sn\u011bj\u0161\u00ed m\u00edsta v Polsku z pta\u010d\u00ed perspektivy<\/figcaption><\/figure>\n\n\n\n<h2 class=\"wp-block-heading\">Dal\u0161\u00ed informace o Polsku<\/h2>\n\n\n\n<p><a href=\"https:\/\/poland.pl\/\" target=\"_blank\" rel=\"noreferrer noopener\">Poland.pl<\/a><\/p>\n\n\n\n<p><a href=\"https:\/\/culture.pl\/en\" target=\"_blank\" rel=\"noreferrer noopener\">Culture.pl<\/a><\/p>\n\n\n\n<p>Turistick\u00e9 informace v \u010de\u0161tin\u011b &#8211; port\u00e1l Polsk\u00e9 turistick\u00e9 organizace <a href=\"https:\/\/www.polsko.travel\/cz\" target=\"_blank\" rel=\"noreferrer noopener\">Polsko.travel<\/a><\/p>\n\n\n\n<p>Nej\u010derstv\u011bj\u0161\u00ed zpr\u00e1vy z Polska v r\u016fzn\u00fdch jazyc\u00edch &#8211; <a rel=\"noreferrer noopener\" href=\"https:\/\/www.polskieradio.pl\/395\" target=\"_blank\">Polsk\u00fd rozhlas &#8211; redakce zahrani\u010dn\u00edho vys\u00edl\u00e1n\u00ed<\/a><\/p>\n\n\n\n<p>\u0158adu \u010dl\u00e1nk\u016f o polsk\u00fdch d\u011bjin\u00e1ch najdete na port\u00e1lu <a href=\"http:\/\/www.moderni-dejiny.cz\/rubrika\/166-dejiny-polska\/\" target=\"_blank\" rel=\"noreferrer noopener\">Modern\u00ed d\u011bjiny<\/a>.<\/p>\n","protected":false},"excerpt":{"rendered":"<p>Podobn\u011b jako \u010cesk\u00e1 republika, i Polsko se py\u0161n\u00ed jedn\u00edm z geometrick\u00fdch st\u0159ed\u016f Evropy: nach\u00e1z\u00ed se nedaleko hlavn\u00edho m\u011bsta Polska, Var\u0161avy. B\u011bhem v\u00edce ne\u017e tis\u00edce let sv\u00e9 historie se Polsko ocitlo v&nbsp;roli evropsk\u00e9 mocnosti, ale za\u017eilo i dobu ztracen\u00e9 nez\u00e1vislosti. Nyn\u00ed je jednou ze slibn\u011b rostouc\u00edch ekonomik st\u0159edn\u00ed a v\u00fdchodn\u00ed Evropy, Pol\u00e1ci jsou zn\u00e1m\u00ed svou podnikavost\u00ed, [&hellip;]<\/p>\n","protected":false},"author":1,"featured_media":469,"parent":0,"menu_order":0,"comment_status":"closed","ping_status":"closed","template":"","meta":{"inline_featured_image":false,"_monsterinsights_skip_tracking":false,"_monsterinsights_sitenote_active":false,"_monsterinsights_sitenote_note":"","_monsterinsights_sitenote_category":0,"footnotes":""},"class_list":["post-327","page","type-page","status-publish","has-post-thumbnail","hentry"],"yoast_head":"<!-- This site is optimized with the Yoast SEO plugin v24.6 - https:\/\/yoast.com\/wordpress\/plugins\/seo\/ -->\n<title>Poznejte Polsko - Instytut Polski w Pradze<\/title>\n<meta name=\"robots\" content=\"index, follow, max-snippet:-1, max-image-preview:large, max-video-preview:-1\" \/>\n<link rel=\"canonical\" href=\"https:\/\/instytutpolski.pl\/praha\/poznejte-polsko\/\" \/>\n<meta property=\"og:locale\" content=\"pl_PL\" \/>\n<meta property=\"og:type\" content=\"article\" \/>\n<meta property=\"og:title\" content=\"Poznejte Polsko - Instytut Polski w Pradze\" \/>\n<meta property=\"og:description\" content=\"Podobn\u011b jako \u010cesk\u00e1 republika, i Polsko se py\u0161n\u00ed jedn\u00edm z geometrick\u00fdch st\u0159ed\u016f Evropy: nach\u00e1z\u00ed se nedaleko hlavn\u00edho m\u011bsta Polska, Var\u0161avy. B\u011bhem v\u00edce ne\u017e tis\u00edce let sv\u00e9 historie se Polsko ocitlo v&nbsp;roli evropsk\u00e9 mocnosti, ale za\u017eilo i dobu ztracen\u00e9 nez\u00e1vislosti. Nyn\u00ed je jednou ze slibn\u011b rostouc\u00edch ekonomik st\u0159edn\u00ed a v\u00fdchodn\u00ed Evropy, Pol\u00e1ci jsou zn\u00e1m\u00ed svou podnikavost\u00ed, [&hellip;]\" \/>\n<meta property=\"og:url\" content=\"https:\/\/instytutpolski.pl\/praha\/poznejte-polsko\/\" \/>\n<meta property=\"og:site_name\" content=\"Instytut Polski w Pradze\" \/>\n<meta property=\"article:modified_time\" content=\"2020-06-02T12:39:15+00:00\" \/>\n<meta property=\"og:image\" content=\"https:\/\/instytutpolski.pl\/praha\/wp-content\/uploads\/sites\/10\/2019\/06\/poznaj-polske.jpg\" \/>\n\t<meta property=\"og:image:width\" content=\"1920\" \/>\n\t<meta property=\"og:image:height\" content=\"700\" \/>\n\t<meta property=\"og:image:type\" content=\"image\/jpeg\" \/>\n<meta name=\"twitter:card\" content=\"summary_large_image\" \/>\n<meta name=\"twitter:label1\" content=\"Szacowany czas czytania\" \/>\n\t<meta name=\"twitter:data1\" content=\"6 minut\" \/>\n<script type=\"application\/ld+json\" class=\"yoast-schema-graph\">{\"@context\":\"https:\/\/schema.org\",\"@graph\":[{\"@type\":\"WebPage\",\"@id\":\"https:\/\/instytutpolski.pl\/praha\/poznejte-polsko\/\",\"url\":\"https:\/\/instytutpolski.pl\/praha\/poznejte-polsko\/\",\"name\":\"Poznejte Polsko - Instytut Polski w Pradze\",\"isPartOf\":{\"@id\":\"https:\/\/instytutpolski.pl\/praha\/#website\"},\"primaryImageOfPage\":{\"@id\":\"https:\/\/instytutpolski.pl\/praha\/poznejte-polsko\/#primaryimage\"},\"image\":{\"@id\":\"https:\/\/instytutpolski.pl\/praha\/poznejte-polsko\/#primaryimage\"},\"thumbnailUrl\":\"https:\/\/instytutpolski.pl\/praha\/wp-content\/uploads\/sites\/10\/2019\/06\/poznaj-polske.jpg\",\"datePublished\":\"2019-06-25T07:37:58+00:00\",\"dateModified\":\"2020-06-02T12:39:15+00:00\",\"breadcrumb\":{\"@id\":\"https:\/\/instytutpolski.pl\/praha\/poznejte-polsko\/#breadcrumb\"},\"inLanguage\":\"pl-PL\",\"potentialAction\":[{\"@type\":\"ReadAction\",\"target\":[\"https:\/\/instytutpolski.pl\/praha\/poznejte-polsko\/\"]}]},{\"@type\":\"ImageObject\",\"inLanguage\":\"pl-PL\",\"@id\":\"https:\/\/instytutpolski.pl\/praha\/poznejte-polsko\/#primaryimage\",\"url\":\"https:\/\/instytutpolski.pl\/praha\/wp-content\/uploads\/sites\/10\/2019\/06\/poznaj-polske.jpg\",\"contentUrl\":\"https:\/\/instytutpolski.pl\/praha\/wp-content\/uploads\/sites\/10\/2019\/06\/poznaj-polske.jpg\",\"width\":1920,\"height\":700},{\"@type\":\"BreadcrumbList\",\"@id\":\"https:\/\/instytutpolski.pl\/praha\/poznejte-polsko\/#breadcrumb\",\"itemListElement\":[{\"@type\":\"ListItem\",\"position\":1,\"name\":\"Home\",\"item\":\"https:\/\/instytutpolski.pl\/praha\/\"},{\"@type\":\"ListItem\",\"position\":2,\"name\":\"Poznejte Polsko\"}]},{\"@type\":\"WebSite\",\"@id\":\"https:\/\/instytutpolski.pl\/praha\/#website\",\"url\":\"https:\/\/instytutpolski.pl\/praha\/\",\"name\":\"Instytut Polski w Pradze\",\"description\":\"Instytuty Polskie\",\"potentialAction\":[{\"@type\":\"SearchAction\",\"target\":{\"@type\":\"EntryPoint\",\"urlTemplate\":\"https:\/\/instytutpolski.pl\/praha\/?s={search_term_string}\"},\"query-input\":{\"@type\":\"PropertyValueSpecification\",\"valueRequired\":true,\"valueName\":\"search_term_string\"}}],\"inLanguage\":\"pl-PL\"}]}<\/script>\n<!-- \/ Yoast SEO plugin. -->","yoast_head_json":{"title":"Poznejte Polsko - Instytut Polski w Pradze","robots":{"index":"index","follow":"follow","max-snippet":"max-snippet:-1","max-image-preview":"max-image-preview:large","max-video-preview":"max-video-preview:-1"},"canonical":"https:\/\/instytutpolski.pl\/praha\/poznejte-polsko\/","og_locale":"pl_PL","og_type":"article","og_title":"Poznejte Polsko - Instytut Polski w Pradze","og_description":"Podobn\u011b jako \u010cesk\u00e1 republika, i Polsko se py\u0161n\u00ed jedn\u00edm z geometrick\u00fdch st\u0159ed\u016f Evropy: nach\u00e1z\u00ed se nedaleko hlavn\u00edho m\u011bsta Polska, Var\u0161avy. B\u011bhem v\u00edce ne\u017e tis\u00edce let sv\u00e9 historie se Polsko ocitlo v&nbsp;roli evropsk\u00e9 mocnosti, ale za\u017eilo i dobu ztracen\u00e9 nez\u00e1vislosti. Nyn\u00ed je jednou ze slibn\u011b rostouc\u00edch ekonomik st\u0159edn\u00ed a v\u00fdchodn\u00ed Evropy, Pol\u00e1ci jsou zn\u00e1m\u00ed svou podnikavost\u00ed, [&hellip;]","og_url":"https:\/\/instytutpolski.pl\/praha\/poznejte-polsko\/","og_site_name":"Instytut Polski w Pradze","article_modified_time":"2020-06-02T12:39:15+00:00","og_image":[{"width":1920,"height":700,"url":"https:\/\/instytutpolski.pl\/praha\/wp-content\/uploads\/sites\/10\/2019\/06\/poznaj-polske.jpg","type":"image\/jpeg"}],"twitter_card":"summary_large_image","twitter_misc":{"Szacowany czas czytania":"6 minut"},"schema":{"@context":"https:\/\/schema.org","@graph":[{"@type":"WebPage","@id":"https:\/\/instytutpolski.pl\/praha\/poznejte-polsko\/","url":"https:\/\/instytutpolski.pl\/praha\/poznejte-polsko\/","name":"Poznejte Polsko - Instytut Polski w Pradze","isPartOf":{"@id":"https:\/\/instytutpolski.pl\/praha\/#website"},"primaryImageOfPage":{"@id":"https:\/\/instytutpolski.pl\/praha\/poznejte-polsko\/#primaryimage"},"image":{"@id":"https:\/\/instytutpolski.pl\/praha\/poznejte-polsko\/#primaryimage"},"thumbnailUrl":"https:\/\/instytutpolski.pl\/praha\/wp-content\/uploads\/sites\/10\/2019\/06\/poznaj-polske.jpg","datePublished":"2019-06-25T07:37:58+00:00","dateModified":"2020-06-02T12:39:15+00:00","breadcrumb":{"@id":"https:\/\/instytutpolski.pl\/praha\/poznejte-polsko\/#breadcrumb"},"inLanguage":"pl-PL","potentialAction":[{"@type":"ReadAction","target":["https:\/\/instytutpolski.pl\/praha\/poznejte-polsko\/"]}]},{"@type":"ImageObject","inLanguage":"pl-PL","@id":"https:\/\/instytutpolski.pl\/praha\/poznejte-polsko\/#primaryimage","url":"https:\/\/instytutpolski.pl\/praha\/wp-content\/uploads\/sites\/10\/2019\/06\/poznaj-polske.jpg","contentUrl":"https:\/\/instytutpolski.pl\/praha\/wp-content\/uploads\/sites\/10\/2019\/06\/poznaj-polske.jpg","width":1920,"height":700},{"@type":"BreadcrumbList","@id":"https:\/\/instytutpolski.pl\/praha\/poznejte-polsko\/#breadcrumb","itemListElement":[{"@type":"ListItem","position":1,"name":"Home","item":"https:\/\/instytutpolski.pl\/praha\/"},{"@type":"ListItem","position":2,"name":"Poznejte Polsko"}]},{"@type":"WebSite","@id":"https:\/\/instytutpolski.pl\/praha\/#website","url":"https:\/\/instytutpolski.pl\/praha\/","name":"Instytut Polski w Pradze","description":"Instytuty Polskie","potentialAction":[{"@type":"SearchAction","target":{"@type":"EntryPoint","urlTemplate":"https:\/\/instytutpolski.pl\/praha\/?s={search_term_string}"},"query-input":{"@type":"PropertyValueSpecification","valueRequired":true,"valueName":"search_term_string"}}],"inLanguage":"pl-PL"}]}},"_links":{"self":[{"href":"https:\/\/instytutpolski.pl\/praha\/wp-json\/wp\/v2\/pages\/327","targetHints":{"allow":["GET"]}}],"collection":[{"href":"https:\/\/instytutpolski.pl\/praha\/wp-json\/wp\/v2\/pages"}],"about":[{"href":"https:\/\/instytutpolski.pl\/praha\/wp-json\/wp\/v2\/types\/page"}],"author":[{"embeddable":true,"href":"https:\/\/instytutpolski.pl\/praha\/wp-json\/wp\/v2\/users\/1"}],"replies":[{"embeddable":true,"href":"https:\/\/instytutpolski.pl\/praha\/wp-json\/wp\/v2\/comments?post=327"}],"version-history":[{"count":35,"href":"https:\/\/instytutpolski.pl\/praha\/wp-json\/wp\/v2\/pages\/327\/revisions"}],"predecessor-version":[{"id":1843,"href":"https:\/\/instytutpolski.pl\/praha\/wp-json\/wp\/v2\/pages\/327\/revisions\/1843"}],"wp:featuredmedia":[{"embeddable":true,"href":"https:\/\/instytutpolski.pl\/praha\/wp-json\/wp\/v2\/media\/469"}],"wp:attachment":[{"href":"https:\/\/instytutpolski.pl\/praha\/wp-json\/wp\/v2\/media?parent=327"}],"curies":[{"name":"wp","href":"https:\/\/api.w.org\/{rel}","templated":true}]}}