{"id":331,"date":"2019-06-25T09:38:34","date_gmt":"2019-06-25T07:38:34","guid":{"rendered":"https:\/\/instytutpolski.pl\/praga\/?page_id=331"},"modified":"2020-05-31T14:41:43","modified_gmt":"2020-05-31T12:41:43","slug":"stipendia-v-polsku","status":"publish","type":"page","link":"https:\/\/instytutpolski.pl\/praha\/poznejte-polsko\/stipendia-v-polsku\/","title":{"rendered":"Stipendia v Polsku"},"content":{"rendered":"\n<p>Polsko nab\u00edz\u00ed n\u011bkolik druh\u016f stipend\u00ed\u00ed pro cizince,  kte\u0159\u00ed cht\u011bj\u00ed studovat v Polsku nebo zde prov\u00e1d\u011bt v\u011bdeck\u00fd v\u00fdzkum.<\/p>\n\n\n\n<p>K dispozici jsou nap\u0159. Erasmus +, stipendia v r\u00e1mci dvoustrann\u00fdch dohod, St\u0159edoevropsk\u00fd v\u00fdm\u011bnn\u00fd program pro vysok\u00e9 \u0161koly CEEPUS, Visegr\u00e1dsk\u00fd stipendijn\u00ed program, stipendia pro studenty ze zem\u00ed V\u00fdchodn\u00edho partnerstv\u00ed a postsov\u011btsk\u00fdch zem\u00ed, stipendia pro rozvojov\u00e9 zem\u011b, Fulbright\u016fv stipendijn\u00ed program, stipejdijn\u00ed program Lane Kirklanda, UNESCO\/Poland Co-Sponsored Fellowships Programme in Engineering, Programme of Fellowships under the Polish National Commission for UNESCO.<\/p>\n\n\n\n<p>V\u00edce informac\u00ed na <a href=\"http:\/\/www.go-poland.pl\" target=\"_blank\" rel=\"noreferrer noopener\">http:\/\/www.go-poland.pl<\/a><\/p>\n","protected":false},"excerpt":{"rendered":"<p>Polsko nab\u00edz\u00ed n\u011bkolik druh\u016f stipend\u00ed\u00ed pro cizince, kte\u0159\u00ed cht\u011bj\u00ed studovat v Polsku nebo zde prov\u00e1d\u011bt v\u011bdeck\u00fd v\u00fdzkum. K dispozici jsou nap\u0159. Erasmus +, stipendia v r\u00e1mci dvoustrann\u00fdch dohod, St\u0159edoevropsk\u00fd v\u00fdm\u011bnn\u00fd program pro vysok\u00e9 \u0161koly CEEPUS, Visegr\u00e1dsk\u00fd stipendijn\u00ed program, stipendia pro studenty ze zem\u00ed V\u00fdchodn\u00edho partnerstv\u00ed a postsov\u011btsk\u00fdch zem\u00ed, stipendia pro rozvojov\u00e9 zem\u011b, Fulbright\u016fv stipendijn\u00ed program, [&hellip;]<\/p>\n","protected":false},"author":1,"featured_media":481,"parent":327,"menu_order":0,"comment_status":"closed","ping_status":"closed","template":"","meta":{"inline_featured_image":false,"_monsterinsights_skip_tracking":false,"_monsterinsights_sitenote_active":false,"_monsterinsights_sitenote_note":"","_monsterinsights_sitenote_category":0,"footnotes":""},"class_list":["post-331","page","type-page","status-publish","has-post-thumbnail","hentry"],"yoast_head":"<!-- This site is optimized with the Yoast SEO plugin v24.6 - https:\/\/yoast.com\/wordpress\/plugins\/seo\/ -->\n<title>Stipendia v Polsku - Instytut Polski w Pradze<\/title>\n<meta name=\"robots\" content=\"index, follow, max-snippet:-1, max-image-preview:large, max-video-preview:-1\" \/>\n<link rel=\"canonical\" href=\"https:\/\/instytutpolski.pl\/praha\/poznejte-polsko\/stipendia-v-polsku\/\" \/>\n<meta property=\"og:locale\" content=\"pl_PL\" \/>\n<meta property=\"og:type\" content=\"article\" \/>\n<meta property=\"og:title\" content=\"Stipendia v Polsku - Instytut Polski w Pradze\" \/>\n<meta property=\"og:description\" content=\"Polsko nab\u00edz\u00ed n\u011bkolik druh\u016f stipend\u00ed\u00ed pro cizince, kte\u0159\u00ed cht\u011bj\u00ed studovat v Polsku nebo zde prov\u00e1d\u011bt v\u011bdeck\u00fd v\u00fdzkum. K dispozici jsou nap\u0159. Erasmus +, stipendia v r\u00e1mci dvoustrann\u00fdch dohod, St\u0159edoevropsk\u00fd v\u00fdm\u011bnn\u00fd program pro vysok\u00e9 \u0161koly CEEPUS, Visegr\u00e1dsk\u00fd stipendijn\u00ed program, stipendia pro studenty ze zem\u00ed V\u00fdchodn\u00edho partnerstv\u00ed a postsov\u011btsk\u00fdch zem\u00ed, stipendia pro rozvojov\u00e9 zem\u011b, Fulbright\u016fv stipendijn\u00ed program, [&hellip;]\" \/>\n<meta property=\"og:url\" content=\"https:\/\/instytutpolski.pl\/praha\/poznejte-polsko\/stipendia-v-polsku\/\" \/>\n<meta property=\"og:site_name\" content=\"Instytut Polski w Pradze\" \/>\n<meta property=\"article:modified_time\" content=\"2020-05-31T12:41:43+00:00\" \/>\n<meta property=\"og:image\" content=\"https:\/\/instytutpolski.pl\/praha\/wp-content\/uploads\/sites\/10\/2019\/06\/stypendia-w-polsce.jpg\" \/>\n\t<meta property=\"og:image:width\" content=\"1920\" \/>\n\t<meta property=\"og:image:height\" content=\"700\" \/>\n\t<meta property=\"og:image:type\" content=\"image\/jpeg\" \/>\n<meta name=\"twitter:card\" content=\"summary_large_image\" \/>\n<meta name=\"twitter:label1\" content=\"Szacowany czas czytania\" \/>\n\t<meta name=\"twitter:data1\" content=\"1 minuta\" \/>\n<script type=\"application\/ld+json\" class=\"yoast-schema-graph\">{\"@context\":\"https:\/\/schema.org\",\"@graph\":[{\"@type\":\"WebPage\",\"@id\":\"https:\/\/instytutpolski.pl\/praha\/poznejte-polsko\/stipendia-v-polsku\/\",\"url\":\"https:\/\/instytutpolski.pl\/praha\/poznejte-polsko\/stipendia-v-polsku\/\",\"name\":\"Stipendia v Polsku - Instytut Polski w Pradze\",\"isPartOf\":{\"@id\":\"https:\/\/instytutpolski.pl\/praha\/#website\"},\"primaryImageOfPage\":{\"@id\":\"https:\/\/instytutpolski.pl\/praha\/poznejte-polsko\/stipendia-v-polsku\/#primaryimage\"},\"image\":{\"@id\":\"https:\/\/instytutpolski.pl\/praha\/poznejte-polsko\/stipendia-v-polsku\/#primaryimage\"},\"thumbnailUrl\":\"https:\/\/instytutpolski.pl\/praha\/wp-content\/uploads\/sites\/10\/2019\/06\/stypendia-w-polsce.jpg\",\"datePublished\":\"2019-06-25T07:38:34+00:00\",\"dateModified\":\"2020-05-31T12:41:43+00:00\",\"breadcrumb\":{\"@id\":\"https:\/\/instytutpolski.pl\/praha\/poznejte-polsko\/stipendia-v-polsku\/#breadcrumb\"},\"inLanguage\":\"pl-PL\",\"potentialAction\":[{\"@type\":\"ReadAction\",\"target\":[\"https:\/\/instytutpolski.pl\/praha\/poznejte-polsko\/stipendia-v-polsku\/\"]}]},{\"@type\":\"ImageObject\",\"inLanguage\":\"pl-PL\",\"@id\":\"https:\/\/instytutpolski.pl\/praha\/poznejte-polsko\/stipendia-v-polsku\/#primaryimage\",\"url\":\"https:\/\/instytutpolski.pl\/praha\/wp-content\/uploads\/sites\/10\/2019\/06\/stypendia-w-polsce.jpg\",\"contentUrl\":\"https:\/\/instytutpolski.pl\/praha\/wp-content\/uploads\/sites\/10\/2019\/06\/stypendia-w-polsce.jpg\",\"width\":1920,\"height\":700},{\"@type\":\"BreadcrumbList\",\"@id\":\"https:\/\/instytutpolski.pl\/praha\/poznejte-polsko\/stipendia-v-polsku\/#breadcrumb\",\"itemListElement\":[{\"@type\":\"ListItem\",\"position\":1,\"name\":\"Home\",\"item\":\"https:\/\/instytutpolski.pl\/praha\/\"},{\"@type\":\"ListItem\",\"position\":2,\"name\":\"Poznejte Polsko\",\"item\":\"https:\/\/instytutpolski.pl\/praha\/poznejte-polsko\/\"},{\"@type\":\"ListItem\",\"position\":3,\"name\":\"Stipendia v Polsku\"}]},{\"@type\":\"WebSite\",\"@id\":\"https:\/\/instytutpolski.pl\/praha\/#website\",\"url\":\"https:\/\/instytutpolski.pl\/praha\/\",\"name\":\"Instytut Polski w Pradze\",\"description\":\"Instytuty Polskie\",\"potentialAction\":[{\"@type\":\"SearchAction\",\"target\":{\"@type\":\"EntryPoint\",\"urlTemplate\":\"https:\/\/instytutpolski.pl\/praha\/?s={search_term_string}\"},\"query-input\":{\"@type\":\"PropertyValueSpecification\",\"valueRequired\":true,\"valueName\":\"search_term_string\"}}],\"inLanguage\":\"pl-PL\"}]}<\/script>\n<!-- \/ Yoast SEO plugin. -->","yoast_head_json":{"title":"Stipendia v Polsku - Instytut Polski w Pradze","robots":{"index":"index","follow":"follow","max-snippet":"max-snippet:-1","max-image-preview":"max-image-preview:large","max-video-preview":"max-video-preview:-1"},"canonical":"https:\/\/instytutpolski.pl\/praha\/poznejte-polsko\/stipendia-v-polsku\/","og_locale":"pl_PL","og_type":"article","og_title":"Stipendia v Polsku - Instytut Polski w Pradze","og_description":"Polsko nab\u00edz\u00ed n\u011bkolik druh\u016f stipend\u00ed\u00ed pro cizince, kte\u0159\u00ed cht\u011bj\u00ed studovat v Polsku nebo zde prov\u00e1d\u011bt v\u011bdeck\u00fd v\u00fdzkum. K dispozici jsou nap\u0159. Erasmus +, stipendia v r\u00e1mci dvoustrann\u00fdch dohod, St\u0159edoevropsk\u00fd v\u00fdm\u011bnn\u00fd program pro vysok\u00e9 \u0161koly CEEPUS, Visegr\u00e1dsk\u00fd stipendijn\u00ed program, stipendia pro studenty ze zem\u00ed V\u00fdchodn\u00edho partnerstv\u00ed a postsov\u011btsk\u00fdch zem\u00ed, stipendia pro rozvojov\u00e9 zem\u011b, Fulbright\u016fv stipendijn\u00ed program, [&hellip;]","og_url":"https:\/\/instytutpolski.pl\/praha\/poznejte-polsko\/stipendia-v-polsku\/","og_site_name":"Instytut Polski w Pradze","article_modified_time":"2020-05-31T12:41:43+00:00","og_image":[{"width":1920,"height":700,"url":"https:\/\/instytutpolski.pl\/praha\/wp-content\/uploads\/sites\/10\/2019\/06\/stypendia-w-polsce.jpg","type":"image\/jpeg"}],"twitter_card":"summary_large_image","twitter_misc":{"Szacowany czas czytania":"1 minuta"},"schema":{"@context":"https:\/\/schema.org","@graph":[{"@type":"WebPage","@id":"https:\/\/instytutpolski.pl\/praha\/poznejte-polsko\/stipendia-v-polsku\/","url":"https:\/\/instytutpolski.pl\/praha\/poznejte-polsko\/stipendia-v-polsku\/","name":"Stipendia v Polsku - Instytut Polski w Pradze","isPartOf":{"@id":"https:\/\/instytutpolski.pl\/praha\/#website"},"primaryImageOfPage":{"@id":"https:\/\/instytutpolski.pl\/praha\/poznejte-polsko\/stipendia-v-polsku\/#primaryimage"},"image":{"@id":"https:\/\/instytutpolski.pl\/praha\/poznejte-polsko\/stipendia-v-polsku\/#primaryimage"},"thumbnailUrl":"https:\/\/instytutpolski.pl\/praha\/wp-content\/uploads\/sites\/10\/2019\/06\/stypendia-w-polsce.jpg","datePublished":"2019-06-25T07:38:34+00:00","dateModified":"2020-05-31T12:41:43+00:00","breadcrumb":{"@id":"https:\/\/instytutpolski.pl\/praha\/poznejte-polsko\/stipendia-v-polsku\/#breadcrumb"},"inLanguage":"pl-PL","potentialAction":[{"@type":"ReadAction","target":["https:\/\/instytutpolski.pl\/praha\/poznejte-polsko\/stipendia-v-polsku\/"]}]},{"@type":"ImageObject","inLanguage":"pl-PL","@id":"https:\/\/instytutpolski.pl\/praha\/poznejte-polsko\/stipendia-v-polsku\/#primaryimage","url":"https:\/\/instytutpolski.pl\/praha\/wp-content\/uploads\/sites\/10\/2019\/06\/stypendia-w-polsce.jpg","contentUrl":"https:\/\/instytutpolski.pl\/praha\/wp-content\/uploads\/sites\/10\/2019\/06\/stypendia-w-polsce.jpg","width":1920,"height":700},{"@type":"BreadcrumbList","@id":"https:\/\/instytutpolski.pl\/praha\/poznejte-polsko\/stipendia-v-polsku\/#breadcrumb","itemListElement":[{"@type":"ListItem","position":1,"name":"Home","item":"https:\/\/instytutpolski.pl\/praha\/"},{"@type":"ListItem","position":2,"name":"Poznejte Polsko","item":"https:\/\/instytutpolski.pl\/praha\/poznejte-polsko\/"},{"@type":"ListItem","position":3,"name":"Stipendia v Polsku"}]},{"@type":"WebSite","@id":"https:\/\/instytutpolski.pl\/praha\/#website","url":"https:\/\/instytutpolski.pl\/praha\/","name":"Instytut Polski w Pradze","description":"Instytuty Polskie","potentialAction":[{"@type":"SearchAction","target":{"@type":"EntryPoint","urlTemplate":"https:\/\/instytutpolski.pl\/praha\/?s={search_term_string}"},"query-input":{"@type":"PropertyValueSpecification","valueRequired":true,"valueName":"search_term_string"}}],"inLanguage":"pl-PL"}]}},"_links":{"self":[{"href":"https:\/\/instytutpolski.pl\/praha\/wp-json\/wp\/v2\/pages\/331","targetHints":{"allow":["GET"]}}],"collection":[{"href":"https:\/\/instytutpolski.pl\/praha\/wp-json\/wp\/v2\/pages"}],"about":[{"href":"https:\/\/instytutpolski.pl\/praha\/wp-json\/wp\/v2\/types\/page"}],"author":[{"embeddable":true,"href":"https:\/\/instytutpolski.pl\/praha\/wp-json\/wp\/v2\/users\/1"}],"replies":[{"embeddable":true,"href":"https:\/\/instytutpolski.pl\/praha\/wp-json\/wp\/v2\/comments?post=331"}],"version-history":[{"count":7,"href":"https:\/\/instytutpolski.pl\/praha\/wp-json\/wp\/v2\/pages\/331\/revisions"}],"predecessor-version":[{"id":1742,"href":"https:\/\/instytutpolski.pl\/praha\/wp-json\/wp\/v2\/pages\/331\/revisions\/1742"}],"up":[{"embeddable":true,"href":"https:\/\/instytutpolski.pl\/praha\/wp-json\/wp\/v2\/pages\/327"}],"wp:featuredmedia":[{"embeddable":true,"href":"https:\/\/instytutpolski.pl\/praha\/wp-json\/wp\/v2\/media\/481"}],"wp:attachment":[{"href":"https:\/\/instytutpolski.pl\/praha\/wp-json\/wp\/v2\/media?parent=331"}],"curies":[{"name":"wp","href":"https:\/\/api.w.org\/{rel}","templated":true}]}}