{"id":333,"date":"2019-06-25T09:38:52","date_gmt":"2019-06-25T07:38:52","guid":{"rendered":"https:\/\/instytutpolski.pl\/praga\/?page_id=333"},"modified":"2020-06-01T11:14:31","modified_gmt":"2020-06-01T09:14:31","slug":"stipendijni-pobyty","status":"publish","type":"page","link":"https:\/\/instytutpolski.pl\/praha\/poznejte-polsko\/stipendia-v-polsku\/stipendijni-pobyty\/","title":{"rendered":"V\u011bdeck\u00e1 stipendia"},"content":{"rendered":"\n<p> <\/p>\n\n\n\n<p>Vybran\u00e9 projekty ur\u010den\u00e9 <strong>v\u011bdc\u016fm a doktorand\u016fm<\/strong>:<\/p>\n\n\n\n<p>&#8211; <strong><a rel=\"noreferrer noopener\" href=\"https:\/\/nawa.gov.pl\/studenci\/studenci-zagraniczni\/program-poland-my-first-choice\" target=\"_blank\">Program Poland My First Choice<\/a><\/strong> \u2013 program je ur\u010den zahrani\u010dn\u00edm student\u016fm, kte\u0159\u00ed cht\u011bj\u00ed absolvovat magistersk\u00e9 studium v Polsku a z\u00edskat zde titul magistra.<\/p>\n\n\n\n<p>&#8211; <strong><a rel=\"noreferrer noopener\" href=\"https:\/\/nawa.gov.pl\/naukowcy\/polskie-powroty\" target=\"_blank\">Polskie Powroty<\/a><\/strong> \u2013 program na podporu vynikaj\u00edc\u00edch polsk\u00fdch v\u011bdc\u016f p\u0159i n\u00e1vratu zp\u011bt do Polska. Je ur\u010den polsk\u00fdm v\u011bdc\u016fm pracuj\u00edc\u00edm v zahrani\u010dn\u00edch v\u011bdeck\u00fdch instituc\u00edch, kte\u0159\u00ed cht\u011bj\u00ed vyu\u017e\u00edt v zahrani\u010d\u00ed nabyt\u00e9 v\u011bdomosti a zku\u0161enosti po n\u00e1vratu do Polska \u2013 vytvo\u0159it vlastn\u00ed v\u00fdzkumn\u00fd t\u00fdm nebo se zapojit do v\u00fdzkumu v ji\u017e existuj\u00edc\u00edch v\u00fdzkumn\u00fdch skupin\u00e1ch.<\/p>\n\n\n\n<p>&#8211; <strong><a rel=\"noreferrer noopener\" href=\"https:\/\/nawa.gov.pl\/naukowcy\/program-im-ulama\" target=\"_blank\">Program im. Ulama<\/a><\/strong> (Program Stanis\u0142awa Ulama)  \u2013 stipendium umo\u017e\u0148uje v\u00fdzkumnou \u010dinnost, v\u010detn\u011b v\u00fdzkum\u016f ve spolupr\u00e1ci s polsk\u00fdmi v\u011bdci \u010di v\u011bdeck\u00fdmi t\u00fdmy; postgradu\u00e1ln\u00ed st\u00e1\u017ee; z\u00edsk\u00e1n\u00ed materi\u00e1l\u016f k v\u00fdzkum\u016fm nebo pro v\u011bdeckou publikaci; pegagogickou \u010dinnost v hostitelsk\u00e9 instituci.<\/p>\n\n\n\n<p>&#8211; <a rel=\"noreferrer noopener\" href=\"https:\/\/nawa.gov.pl\/studenci\/studenci-zagraniczni\/program-im-gen-andersa\" target=\"_blank\"><strong>Stipendijn\u00ed program gen. W. Anderse pro polsk\u00e9 krajany \u017eij\u00edc\u00ed v zahrani\u010d\u00ed<\/strong><\/a> \u2013 stipendium je ud\u011blov\u00e1no ml\u00e1de\u017ei polsk\u00e9ho p\u016fvodu, ob\u010dan\u016fm n\u00e1sleduj\u00edc\u00edch zem\u00ed: Alb\u00e1nie, Arm\u00e9nie, \u00c1zerb\u00e1jd\u017e\u00e1n, B\u011blorusku, Bulharsko, <strong>\u010cesko<\/strong>, Chorvatsko, Estonsko, Gruzie, Kazachst\u00e1n, Kyrgyzst\u00e1n, Litva, Loty\u0161sko, Severn\u00ed Makedonie, Moldavsko, Rusko, Rumunsko, Srbsko, Slovensko, T\u00e1d\u017eikist\u00e1n, Turkmenist\u00e1n, Ukrajina, USA, Uzbekist\u00e1n, Ma\u010farsko a st\u00e1ty ji\u017en\u00ed a st\u0159edn\u00ed Ameriky a Afriky.<\/p>\n\n\n\n<p>&#8211; <a rel=\"noreferrer noopener\" href=\"https:\/\/nawa.gov.pl\/studenci\/studenci-zagraniczni\/program-stypendialny-im-stefana-banacha\" target=\"_blank\"><strong>Stipendijn\u00ed program Stefana Banacha<\/strong><\/a> \u2013 vznikl z iniciativy Ministerstva zahrani\u010dn\u00edch v\u011bc\u00ed Polsk\u00e9 republiky a N\u00e1rodn\u00ed agentury akademick\u00e9 v\u00fdm\u011bny (NAWA). C\u00edlem programu ur\u010den\u00e9ho ob\u010dan\u016fm zem\u00ed V\u00fdchodn\u00edho partnerstv\u00ed, St\u0159edn\u00ed Asie a Z\u00e1padn\u00edho Balk\u00e1nu je podpora rozvoje t\u011bchto zem\u00ed prost\u0159ednictv\u00edm zvy\u0161ov\u00e1n\u00ed \u00farovn\u011b vzd\u011blanosti.<\/p>\n\n\n\n<p>&#8211; <a rel=\"noreferrer noopener\" href=\"https:\/\/nawa.gov.pl\/studenci\/studenci-zagraniczni\/program-stypendialny-im-ignacego-lukasiewicza\" target=\"_blank\"><strong>Stipendijn\u00ed program Ignacyho \u0141ukasiewicze<\/strong><\/a> \u2013 jeho vznik byl rovn\u011b\u017e iniciov\u00e1n spole\u010dn\u011b Ministerstvem zahrani\u010dn\u00edch v\u011bc\u00ed Polsk\u00e9 republiky a NAWA v r\u00e1mci polsk\u00e9 rozvojov\u00e9 pomoci. Stejn\u011b jako stipendijn\u00ed program Stefana Banacha podporuje hospod\u00e1\u0159sk\u00fd a spole\u010densk\u00fd rozvoj rozvojov\u00fdch zem\u00ed (nevztahuje se na evropsk\u00e9 zem\u011b a zem\u011b St\u0159edn\u00ed Asie). Prioritu maj\u00ed uchaze\u010di z n\u00e1sleduj\u00edc\u00edch zem\u00ed: Angola, Etiopie, Filip\u00edny, Indie, Indon\u00e9zie, Ke\u0148a, Kolumbie, Libanon, Mexiko, Myanmar, Nig\u00e9rie, Palestina, Peru, Jihoafrick\u00e1 republika, Senegal, Tanz\u00e1nie, Uganda, Vietnam.<\/p>\n\n\n\n<p class=\"has-background has-pale-cyan-blue-background-color\"><strong>V\u00edce o aktu\u00e1ln\u00edch programech N\u00e1rodn\u00ed agentury akademick\u00e9 v\u00fdm\u011bny NAWA <a rel=\"noreferrer noopener\" href=\"https:\/\/nawa.gov.pl\/programy-nawa\/programy-nawa-alias\/trwajace\" target=\"_blank\"><span style=\"color:#cf2e2e\" class=\"tadv-color\">zde<\/span><\/a>.<\/strong><\/p>\n","protected":false},"excerpt":{"rendered":"<p>Vybran\u00e9 projekty ur\u010den\u00e9 v\u011bdc\u016fm a doktorand\u016fm: &#8211; Program Poland My First Choice \u2013 program je ur\u010den zahrani\u010dn\u00edm student\u016fm, kte\u0159\u00ed cht\u011bj\u00ed absolvovat magistersk\u00e9 studium v Polsku a z\u00edskat zde titul magistra. &#8211; Polskie Powroty \u2013 program na podporu vynikaj\u00edc\u00edch polsk\u00fdch v\u011bdc\u016f p\u0159i n\u00e1vratu zp\u011bt do Polska. Je ur\u010den polsk\u00fdm v\u011bdc\u016fm pracuj\u00edc\u00edm v zahrani\u010dn\u00edch v\u011bdeck\u00fdch instituc\u00edch, kte\u0159\u00ed [&hellip;]<\/p>\n","protected":false},"author":1,"featured_media":1311,"parent":331,"menu_order":0,"comment_status":"closed","ping_status":"closed","template":"","meta":{"inline_featured_image":false,"_monsterinsights_skip_tracking":false,"_monsterinsights_sitenote_active":false,"_monsterinsights_sitenote_note":"","_monsterinsights_sitenote_category":0,"footnotes":""},"class_list":["post-333","page","type-page","status-publish","has-post-thumbnail","hentry"],"yoast_head":"<!-- This site is optimized with the Yoast SEO plugin v24.6 - https:\/\/yoast.com\/wordpress\/plugins\/seo\/ -->\n<title>V\u011bdeck\u00e1 stipendia - Instytut Polski w Pradze<\/title>\n<meta name=\"robots\" content=\"index, follow, max-snippet:-1, max-image-preview:large, max-video-preview:-1\" \/>\n<link rel=\"canonical\" href=\"https:\/\/instytutpolski.pl\/praha\/poznejte-polsko\/stipendia-v-polsku\/stipendijni-pobyty\/\" \/>\n<meta property=\"og:locale\" content=\"pl_PL\" \/>\n<meta property=\"og:type\" content=\"article\" \/>\n<meta property=\"og:title\" content=\"V\u011bdeck\u00e1 stipendia - Instytut Polski w Pradze\" \/>\n<meta property=\"og:description\" content=\"Vybran\u00e9 projekty ur\u010den\u00e9 v\u011bdc\u016fm a doktorand\u016fm: &#8211; Program Poland My First Choice \u2013 program je ur\u010den zahrani\u010dn\u00edm student\u016fm, kte\u0159\u00ed cht\u011bj\u00ed absolvovat magistersk\u00e9 studium v Polsku a z\u00edskat zde titul magistra. &#8211; Polskie Powroty \u2013 program na podporu vynikaj\u00edc\u00edch polsk\u00fdch v\u011bdc\u016f p\u0159i n\u00e1vratu zp\u011bt do Polska. Je ur\u010den polsk\u00fdm v\u011bdc\u016fm pracuj\u00edc\u00edm v zahrani\u010dn\u00edch v\u011bdeck\u00fdch instituc\u00edch, kte\u0159\u00ed [&hellip;]\" \/>\n<meta property=\"og:url\" content=\"https:\/\/instytutpolski.pl\/praha\/poznejte-polsko\/stipendia-v-polsku\/stipendijni-pobyty\/\" \/>\n<meta property=\"og:site_name\" content=\"Instytut Polski w Pradze\" \/>\n<meta property=\"article:modified_time\" content=\"2020-06-01T09:14:31+00:00\" \/>\n<meta property=\"og:image\" content=\"https:\/\/instytutpolski.pl\/praha\/wp-content\/uploads\/sites\/10\/2020\/05\/Kopernicium-scaled.jpg\" \/>\n\t<meta property=\"og:image:width\" content=\"2560\" \/>\n\t<meta property=\"og:image:height\" content=\"1706\" \/>\n\t<meta property=\"og:image:type\" content=\"image\/jpeg\" \/>\n<meta name=\"twitter:card\" content=\"summary_large_image\" \/>\n<meta name=\"twitter:label1\" content=\"Szacowany czas czytania\" \/>\n\t<meta name=\"twitter:data1\" content=\"2 minuty\" \/>\n<script type=\"application\/ld+json\" class=\"yoast-schema-graph\">{\"@context\":\"https:\/\/schema.org\",\"@graph\":[{\"@type\":\"WebPage\",\"@id\":\"https:\/\/instytutpolski.pl\/praha\/poznejte-polsko\/stipendia-v-polsku\/stipendijni-pobyty\/\",\"url\":\"https:\/\/instytutpolski.pl\/praha\/poznejte-polsko\/stipendia-v-polsku\/stipendijni-pobyty\/\",\"name\":\"V\u011bdeck\u00e1 stipendia - Instytut Polski w Pradze\",\"isPartOf\":{\"@id\":\"https:\/\/instytutpolski.pl\/praha\/#website\"},\"primaryImageOfPage\":{\"@id\":\"https:\/\/instytutpolski.pl\/praha\/poznejte-polsko\/stipendia-v-polsku\/stipendijni-pobyty\/#primaryimage\"},\"image\":{\"@id\":\"https:\/\/instytutpolski.pl\/praha\/poznejte-polsko\/stipendia-v-polsku\/stipendijni-pobyty\/#primaryimage\"},\"thumbnailUrl\":\"https:\/\/instytutpolski.pl\/praha\/wp-content\/uploads\/sites\/10\/2020\/05\/Kopernicium-scaled.jpg\",\"datePublished\":\"2019-06-25T07:38:52+00:00\",\"dateModified\":\"2020-06-01T09:14:31+00:00\",\"breadcrumb\":{\"@id\":\"https:\/\/instytutpolski.pl\/praha\/poznejte-polsko\/stipendia-v-polsku\/stipendijni-pobyty\/#breadcrumb\"},\"inLanguage\":\"pl-PL\",\"potentialAction\":[{\"@type\":\"ReadAction\",\"target\":[\"https:\/\/instytutpolski.pl\/praha\/poznejte-polsko\/stipendia-v-polsku\/stipendijni-pobyty\/\"]}]},{\"@type\":\"ImageObject\",\"inLanguage\":\"pl-PL\",\"@id\":\"https:\/\/instytutpolski.pl\/praha\/poznejte-polsko\/stipendia-v-polsku\/stipendijni-pobyty\/#primaryimage\",\"url\":\"https:\/\/instytutpolski.pl\/praha\/wp-content\/uploads\/sites\/10\/2020\/05\/Kopernicium-scaled.jpg\",\"contentUrl\":\"https:\/\/instytutpolski.pl\/praha\/wp-content\/uploads\/sites\/10\/2020\/05\/Kopernicium-scaled.jpg\",\"width\":2560,\"height\":1706},{\"@type\":\"BreadcrumbList\",\"@id\":\"https:\/\/instytutpolski.pl\/praha\/poznejte-polsko\/stipendia-v-polsku\/stipendijni-pobyty\/#breadcrumb\",\"itemListElement\":[{\"@type\":\"ListItem\",\"position\":1,\"name\":\"Home\",\"item\":\"https:\/\/instytutpolski.pl\/praha\/\"},{\"@type\":\"ListItem\",\"position\":2,\"name\":\"Poznejte Polsko\",\"item\":\"https:\/\/instytutpolski.pl\/praha\/poznejte-polsko\/\"},{\"@type\":\"ListItem\",\"position\":3,\"name\":\"Stipendia v Polsku\",\"item\":\"https:\/\/instytutpolski.pl\/praha\/poznejte-polsko\/stipendia-v-polsku\/\"},{\"@type\":\"ListItem\",\"position\":4,\"name\":\"V\u011bdeck\u00e1 stipendia\"}]},{\"@type\":\"WebSite\",\"@id\":\"https:\/\/instytutpolski.pl\/praha\/#website\",\"url\":\"https:\/\/instytutpolski.pl\/praha\/\",\"name\":\"Instytut Polski w Pradze\",\"description\":\"Instytuty Polskie\",\"potentialAction\":[{\"@type\":\"SearchAction\",\"target\":{\"@type\":\"EntryPoint\",\"urlTemplate\":\"https:\/\/instytutpolski.pl\/praha\/?s={search_term_string}\"},\"query-input\":{\"@type\":\"PropertyValueSpecification\",\"valueRequired\":true,\"valueName\":\"search_term_string\"}}],\"inLanguage\":\"pl-PL\"}]}<\/script>\n<!-- \/ Yoast SEO plugin. -->","yoast_head_json":{"title":"V\u011bdeck\u00e1 stipendia - Instytut Polski w Pradze","robots":{"index":"index","follow":"follow","max-snippet":"max-snippet:-1","max-image-preview":"max-image-preview:large","max-video-preview":"max-video-preview:-1"},"canonical":"https:\/\/instytutpolski.pl\/praha\/poznejte-polsko\/stipendia-v-polsku\/stipendijni-pobyty\/","og_locale":"pl_PL","og_type":"article","og_title":"V\u011bdeck\u00e1 stipendia - Instytut Polski w Pradze","og_description":"Vybran\u00e9 projekty ur\u010den\u00e9 v\u011bdc\u016fm a doktorand\u016fm: &#8211; Program Poland My First Choice \u2013 program je ur\u010den zahrani\u010dn\u00edm student\u016fm, kte\u0159\u00ed cht\u011bj\u00ed absolvovat magistersk\u00e9 studium v Polsku a z\u00edskat zde titul magistra. &#8211; Polskie Powroty \u2013 program na podporu vynikaj\u00edc\u00edch polsk\u00fdch v\u011bdc\u016f p\u0159i n\u00e1vratu zp\u011bt do Polska. Je ur\u010den polsk\u00fdm v\u011bdc\u016fm pracuj\u00edc\u00edm v zahrani\u010dn\u00edch v\u011bdeck\u00fdch instituc\u00edch, kte\u0159\u00ed [&hellip;]","og_url":"https:\/\/instytutpolski.pl\/praha\/poznejte-polsko\/stipendia-v-polsku\/stipendijni-pobyty\/","og_site_name":"Instytut Polski w Pradze","article_modified_time":"2020-06-01T09:14:31+00:00","og_image":[{"width":2560,"height":1706,"url":"https:\/\/instytutpolski.pl\/praha\/wp-content\/uploads\/sites\/10\/2020\/05\/Kopernicium-scaled.jpg","type":"image\/jpeg"}],"twitter_card":"summary_large_image","twitter_misc":{"Szacowany czas czytania":"2 minuty"},"schema":{"@context":"https:\/\/schema.org","@graph":[{"@type":"WebPage","@id":"https:\/\/instytutpolski.pl\/praha\/poznejte-polsko\/stipendia-v-polsku\/stipendijni-pobyty\/","url":"https:\/\/instytutpolski.pl\/praha\/poznejte-polsko\/stipendia-v-polsku\/stipendijni-pobyty\/","name":"V\u011bdeck\u00e1 stipendia - Instytut Polski w Pradze","isPartOf":{"@id":"https:\/\/instytutpolski.pl\/praha\/#website"},"primaryImageOfPage":{"@id":"https:\/\/instytutpolski.pl\/praha\/poznejte-polsko\/stipendia-v-polsku\/stipendijni-pobyty\/#primaryimage"},"image":{"@id":"https:\/\/instytutpolski.pl\/praha\/poznejte-polsko\/stipendia-v-polsku\/stipendijni-pobyty\/#primaryimage"},"thumbnailUrl":"https:\/\/instytutpolski.pl\/praha\/wp-content\/uploads\/sites\/10\/2020\/05\/Kopernicium-scaled.jpg","datePublished":"2019-06-25T07:38:52+00:00","dateModified":"2020-06-01T09:14:31+00:00","breadcrumb":{"@id":"https:\/\/instytutpolski.pl\/praha\/poznejte-polsko\/stipendia-v-polsku\/stipendijni-pobyty\/#breadcrumb"},"inLanguage":"pl-PL","potentialAction":[{"@type":"ReadAction","target":["https:\/\/instytutpolski.pl\/praha\/poznejte-polsko\/stipendia-v-polsku\/stipendijni-pobyty\/"]}]},{"@type":"ImageObject","inLanguage":"pl-PL","@id":"https:\/\/instytutpolski.pl\/praha\/poznejte-polsko\/stipendia-v-polsku\/stipendijni-pobyty\/#primaryimage","url":"https:\/\/instytutpolski.pl\/praha\/wp-content\/uploads\/sites\/10\/2020\/05\/Kopernicium-scaled.jpg","contentUrl":"https:\/\/instytutpolski.pl\/praha\/wp-content\/uploads\/sites\/10\/2020\/05\/Kopernicium-scaled.jpg","width":2560,"height":1706},{"@type":"BreadcrumbList","@id":"https:\/\/instytutpolski.pl\/praha\/poznejte-polsko\/stipendia-v-polsku\/stipendijni-pobyty\/#breadcrumb","itemListElement":[{"@type":"ListItem","position":1,"name":"Home","item":"https:\/\/instytutpolski.pl\/praha\/"},{"@type":"ListItem","position":2,"name":"Poznejte Polsko","item":"https:\/\/instytutpolski.pl\/praha\/poznejte-polsko\/"},{"@type":"ListItem","position":3,"name":"Stipendia v Polsku","item":"https:\/\/instytutpolski.pl\/praha\/poznejte-polsko\/stipendia-v-polsku\/"},{"@type":"ListItem","position":4,"name":"V\u011bdeck\u00e1 stipendia"}]},{"@type":"WebSite","@id":"https:\/\/instytutpolski.pl\/praha\/#website","url":"https:\/\/instytutpolski.pl\/praha\/","name":"Instytut Polski w Pradze","description":"Instytuty Polskie","potentialAction":[{"@type":"SearchAction","target":{"@type":"EntryPoint","urlTemplate":"https:\/\/instytutpolski.pl\/praha\/?s={search_term_string}"},"query-input":{"@type":"PropertyValueSpecification","valueRequired":true,"valueName":"search_term_string"}}],"inLanguage":"pl-PL"}]}},"_links":{"self":[{"href":"https:\/\/instytutpolski.pl\/praha\/wp-json\/wp\/v2\/pages\/333","targetHints":{"allow":["GET"]}}],"collection":[{"href":"https:\/\/instytutpolski.pl\/praha\/wp-json\/wp\/v2\/pages"}],"about":[{"href":"https:\/\/instytutpolski.pl\/praha\/wp-json\/wp\/v2\/types\/page"}],"author":[{"embeddable":true,"href":"https:\/\/instytutpolski.pl\/praha\/wp-json\/wp\/v2\/users\/1"}],"replies":[{"embeddable":true,"href":"https:\/\/instytutpolski.pl\/praha\/wp-json\/wp\/v2\/comments?post=333"}],"version-history":[{"count":14,"href":"https:\/\/instytutpolski.pl\/praha\/wp-json\/wp\/v2\/pages\/333\/revisions"}],"predecessor-version":[{"id":1797,"href":"https:\/\/instytutpolski.pl\/praha\/wp-json\/wp\/v2\/pages\/333\/revisions\/1797"}],"up":[{"embeddable":true,"href":"https:\/\/instytutpolski.pl\/praha\/wp-json\/wp\/v2\/pages\/331"}],"wp:featuredmedia":[{"embeddable":true,"href":"https:\/\/instytutpolski.pl\/praha\/wp-json\/wp\/v2\/media\/1311"}],"wp:attachment":[{"href":"https:\/\/instytutpolski.pl\/praha\/wp-json\/wp\/v2\/media?parent=333"}],"curies":[{"name":"wp","href":"https:\/\/api.w.org\/{rel}","templated":true}]}}