{"id":335,"date":"2019-06-25T09:39:06","date_gmt":"2019-06-25T07:39:06","guid":{"rendered":"https:\/\/instytutpolski.pl\/praga\/?page_id=335"},"modified":"2025-06-10T10:39:56","modified_gmt":"2025-06-10T08:39:56","slug":"stipendia-v-ramci-dvoustrannych-dohod","status":"publish","type":"page","link":"https:\/\/instytutpolski.pl\/praha\/poznejte-polsko\/stipendia-v-polsku\/stipendia-v-ramci-dvoustrannych-dohod\/","title":{"rendered":"Stipendia v r\u00e1mci dvoustrann\u00fdch dohod"},"content":{"rendered":"\n<p><\/p>\n\n\n\n<p>Dvoustrann\u00e1 spolupr\u00e1ce se vztahuje mj. na tyto zem\u011b: Arm\u00e9nie, Belgie &#8211; Valonsko, B\u011blorusko, Bulharsko, \u010c\u00edna, Chorvatsko, \u010cesko, Egypt, Francie, Izrael, Japonsko, Jemen, Kazachst\u00e1n, Ji\u017en\u00ed Korea, Severn\u00ed Makedonie, Mongolsko, Rumunsko, Srbsko, Slovensko, Tchajwan, Ukrajina, Ma\u010farsko, Vietnam, It\u00e1lie. V r\u00e1mci tohoto programu m\u016f\u017ee b\u00fdt realizov\u00e1n pobyt v d\u00e9lce od 3 dn\u016f do 12 m\u011bs\u00edc\u016f v dan\u00e9m akademick\u00e9m roce. V\u00edce informac\u00ed o programu dvoustrann\u00e9 spolupr\u00e1ce <a href=\"https:\/\/nawa.gov.pl\/?view=article&amp;id=633:o-programie&amp;catid=116\">zde<\/a>.<\/p>\n\n\n\n<p><strong><span style=\"color:#0693e3\" class=\"tadv-color\">Informace pro \u010desk\u00e9 studenty poskytuje z \u010desk\u00e9 strany tak\u00e9 <a rel=\"noreferrer noopener\" href=\"https:\/\/www.dzs.cz\/cz\/akademicka-informacni-agentura\/\" target=\"_blank\">Akademick\u00e1 informa\u010dn\u00ed agentura<\/a>.<\/span><\/strong><\/p>\n\n\n\n<p>V\u00edce informac\u00ed o <strong>projektech ur\u010den\u00fdch instituc\u00edm<\/strong>: Promocja Zagraniczna; Program PROM; Akademickie Partnerstwa Mi\u0119dzynarodowe; Welcome to Poland; STER &#8211; doktorandsk\u00e1 stipendia pro cizince; KATAMARAN &#8211; p\u0159\u00edprava a realizace spole\u010dn\u00fdch magistersk\u00fdch studijn\u00edch program\u016f: <a rel=\"noreferrer noopener\" href=\"https:\/\/www.nawa.gov.pl\/instytucje\" target=\"_blank\">https:\/\/www.nawa.gov.pl\/instytucje<\/a><\/p>\n\n\n\n<p><\/p>\n","protected":false},"excerpt":{"rendered":"<p>Dvoustrann\u00e1 spolupr\u00e1ce se vztahuje mj. na tyto zem\u011b: Arm\u00e9nie, Belgie &#8211; Valonsko, B\u011blorusko, Bulharsko, \u010c\u00edna, Chorvatsko, \u010cesko, Egypt, Francie, Izrael, Japonsko, Jemen, Kazachst\u00e1n, Ji\u017en\u00ed Korea, Severn\u00ed Makedonie, Mongolsko, Rumunsko, Srbsko, Slovensko, Tchajwan, Ukrajina, Ma\u010farsko, Vietnam, It\u00e1lie. V r\u00e1mci tohoto programu m\u016f\u017ee b\u00fdt realizov\u00e1n pobyt v d\u00e9lce od 3 dn\u016f do 12 m\u011bs\u00edc\u016f v dan\u00e9m akademick\u00e9m [&hellip;]<\/p>\n","protected":false},"author":1,"featured_media":1309,"parent":331,"menu_order":0,"comment_status":"closed","ping_status":"closed","template":"","meta":{"inline_featured_image":false,"_monsterinsights_skip_tracking":false,"_monsterinsights_sitenote_active":false,"_monsterinsights_sitenote_note":"","_monsterinsights_sitenote_category":0,"footnotes":""},"class_list":["post-335","page","type-page","status-publish","has-post-thumbnail","hentry"],"yoast_head":"<!-- This site is optimized with the Yoast SEO plugin v24.6 - https:\/\/yoast.com\/wordpress\/plugins\/seo\/ -->\n<title>Stipendia v r\u00e1mci dvoustrann\u00fdch dohod - Instytut Polski w Pradze<\/title>\n<meta name=\"robots\" content=\"index, follow, max-snippet:-1, max-image-preview:large, max-video-preview:-1\" \/>\n<link rel=\"canonical\" href=\"https:\/\/instytutpolski.pl\/praha\/poznejte-polsko\/stipendia-v-polsku\/stipendia-v-ramci-dvoustrannych-dohod\/\" \/>\n<meta property=\"og:locale\" content=\"pl_PL\" \/>\n<meta property=\"og:type\" content=\"article\" \/>\n<meta property=\"og:title\" content=\"Stipendia v r\u00e1mci dvoustrann\u00fdch dohod - Instytut Polski w Pradze\" \/>\n<meta property=\"og:description\" content=\"Dvoustrann\u00e1 spolupr\u00e1ce se vztahuje mj. na tyto zem\u011b: Arm\u00e9nie, Belgie &#8211; Valonsko, B\u011blorusko, Bulharsko, \u010c\u00edna, Chorvatsko, \u010cesko, Egypt, Francie, Izrael, Japonsko, Jemen, Kazachst\u00e1n, Ji\u017en\u00ed Korea, Severn\u00ed Makedonie, Mongolsko, Rumunsko, Srbsko, Slovensko, Tchajwan, Ukrajina, Ma\u010farsko, Vietnam, It\u00e1lie. V r\u00e1mci tohoto programu m\u016f\u017ee b\u00fdt realizov\u00e1n pobyt v d\u00e9lce od 3 dn\u016f do 12 m\u011bs\u00edc\u016f v dan\u00e9m akademick\u00e9m [&hellip;]\" \/>\n<meta property=\"og:url\" content=\"https:\/\/instytutpolski.pl\/praha\/poznejte-polsko\/stipendia-v-polsku\/stipendia-v-ramci-dvoustrannych-dohod\/\" \/>\n<meta property=\"og:site_name\" content=\"Instytut Polski w Pradze\" \/>\n<meta property=\"article:modified_time\" content=\"2025-06-10T08:39:56+00:00\" \/>\n<meta property=\"og:image\" content=\"https:\/\/instytutpolski.pl\/praha\/wp-content\/uploads\/sites\/10\/2020\/05\/stypendia.jpg\" \/>\n\t<meta property=\"og:image:width\" content=\"2048\" \/>\n\t<meta property=\"og:image:height\" content=\"1366\" \/>\n\t<meta property=\"og:image:type\" content=\"image\/jpeg\" \/>\n<meta name=\"twitter:card\" content=\"summary_large_image\" \/>\n<meta name=\"twitter:label1\" content=\"Szacowany czas czytania\" \/>\n\t<meta name=\"twitter:data1\" content=\"1 minuta\" \/>\n<script type=\"application\/ld+json\" class=\"yoast-schema-graph\">{\"@context\":\"https:\/\/schema.org\",\"@graph\":[{\"@type\":\"WebPage\",\"@id\":\"https:\/\/instytutpolski.pl\/praha\/poznejte-polsko\/stipendia-v-polsku\/stipendia-v-ramci-dvoustrannych-dohod\/\",\"url\":\"https:\/\/instytutpolski.pl\/praha\/poznejte-polsko\/stipendia-v-polsku\/stipendia-v-ramci-dvoustrannych-dohod\/\",\"name\":\"Stipendia v r\u00e1mci dvoustrann\u00fdch dohod - Instytut Polski w Pradze\",\"isPartOf\":{\"@id\":\"https:\/\/instytutpolski.pl\/praha\/#website\"},\"primaryImageOfPage\":{\"@id\":\"https:\/\/instytutpolski.pl\/praha\/poznejte-polsko\/stipendia-v-polsku\/stipendia-v-ramci-dvoustrannych-dohod\/#primaryimage\"},\"image\":{\"@id\":\"https:\/\/instytutpolski.pl\/praha\/poznejte-polsko\/stipendia-v-polsku\/stipendia-v-ramci-dvoustrannych-dohod\/#primaryimage\"},\"thumbnailUrl\":\"https:\/\/instytutpolski.pl\/praha\/wp-content\/uploads\/sites\/10\/2020\/05\/stypendia.jpg\",\"datePublished\":\"2019-06-25T07:39:06+00:00\",\"dateModified\":\"2025-06-10T08:39:56+00:00\",\"breadcrumb\":{\"@id\":\"https:\/\/instytutpolski.pl\/praha\/poznejte-polsko\/stipendia-v-polsku\/stipendia-v-ramci-dvoustrannych-dohod\/#breadcrumb\"},\"inLanguage\":\"pl-PL\",\"potentialAction\":[{\"@type\":\"ReadAction\",\"target\":[\"https:\/\/instytutpolski.pl\/praha\/poznejte-polsko\/stipendia-v-polsku\/stipendia-v-ramci-dvoustrannych-dohod\/\"]}]},{\"@type\":\"ImageObject\",\"inLanguage\":\"pl-PL\",\"@id\":\"https:\/\/instytutpolski.pl\/praha\/poznejte-polsko\/stipendia-v-polsku\/stipendia-v-ramci-dvoustrannych-dohod\/#primaryimage\",\"url\":\"https:\/\/instytutpolski.pl\/praha\/wp-content\/uploads\/sites\/10\/2020\/05\/stypendia.jpg\",\"contentUrl\":\"https:\/\/instytutpolski.pl\/praha\/wp-content\/uploads\/sites\/10\/2020\/05\/stypendia.jpg\",\"width\":2048,\"height\":1366},{\"@type\":\"BreadcrumbList\",\"@id\":\"https:\/\/instytutpolski.pl\/praha\/poznejte-polsko\/stipendia-v-polsku\/stipendia-v-ramci-dvoustrannych-dohod\/#breadcrumb\",\"itemListElement\":[{\"@type\":\"ListItem\",\"position\":1,\"name\":\"Home\",\"item\":\"https:\/\/instytutpolski.pl\/praha\/\"},{\"@type\":\"ListItem\",\"position\":2,\"name\":\"Poznejte Polsko\",\"item\":\"https:\/\/instytutpolski.pl\/praha\/poznejte-polsko\/\"},{\"@type\":\"ListItem\",\"position\":3,\"name\":\"Stipendia v Polsku\",\"item\":\"https:\/\/instytutpolski.pl\/praha\/poznejte-polsko\/stipendia-v-polsku\/\"},{\"@type\":\"ListItem\",\"position\":4,\"name\":\"Stipendia v r\u00e1mci dvoustrann\u00fdch dohod\"}]},{\"@type\":\"WebSite\",\"@id\":\"https:\/\/instytutpolski.pl\/praha\/#website\",\"url\":\"https:\/\/instytutpolski.pl\/praha\/\",\"name\":\"Instytut Polski w Pradze\",\"description\":\"Instytuty Polskie\",\"potentialAction\":[{\"@type\":\"SearchAction\",\"target\":{\"@type\":\"EntryPoint\",\"urlTemplate\":\"https:\/\/instytutpolski.pl\/praha\/?s={search_term_string}\"},\"query-input\":{\"@type\":\"PropertyValueSpecification\",\"valueRequired\":true,\"valueName\":\"search_term_string\"}}],\"inLanguage\":\"pl-PL\"}]}<\/script>\n<!-- \/ Yoast SEO plugin. -->","yoast_head_json":{"title":"Stipendia v r\u00e1mci dvoustrann\u00fdch dohod - Instytut Polski w Pradze","robots":{"index":"index","follow":"follow","max-snippet":"max-snippet:-1","max-image-preview":"max-image-preview:large","max-video-preview":"max-video-preview:-1"},"canonical":"https:\/\/instytutpolski.pl\/praha\/poznejte-polsko\/stipendia-v-polsku\/stipendia-v-ramci-dvoustrannych-dohod\/","og_locale":"pl_PL","og_type":"article","og_title":"Stipendia v r\u00e1mci dvoustrann\u00fdch dohod - Instytut Polski w Pradze","og_description":"Dvoustrann\u00e1 spolupr\u00e1ce se vztahuje mj. na tyto zem\u011b: Arm\u00e9nie, Belgie &#8211; Valonsko, B\u011blorusko, Bulharsko, \u010c\u00edna, Chorvatsko, \u010cesko, Egypt, Francie, Izrael, Japonsko, Jemen, Kazachst\u00e1n, Ji\u017en\u00ed Korea, Severn\u00ed Makedonie, Mongolsko, Rumunsko, Srbsko, Slovensko, Tchajwan, Ukrajina, Ma\u010farsko, Vietnam, It\u00e1lie. V r\u00e1mci tohoto programu m\u016f\u017ee b\u00fdt realizov\u00e1n pobyt v d\u00e9lce od 3 dn\u016f do 12 m\u011bs\u00edc\u016f v dan\u00e9m akademick\u00e9m [&hellip;]","og_url":"https:\/\/instytutpolski.pl\/praha\/poznejte-polsko\/stipendia-v-polsku\/stipendia-v-ramci-dvoustrannych-dohod\/","og_site_name":"Instytut Polski w Pradze","article_modified_time":"2025-06-10T08:39:56+00:00","og_image":[{"width":2048,"height":1366,"url":"https:\/\/instytutpolski.pl\/praha\/wp-content\/uploads\/sites\/10\/2020\/05\/stypendia.jpg","type":"image\/jpeg"}],"twitter_card":"summary_large_image","twitter_misc":{"Szacowany czas czytania":"1 minuta"},"schema":{"@context":"https:\/\/schema.org","@graph":[{"@type":"WebPage","@id":"https:\/\/instytutpolski.pl\/praha\/poznejte-polsko\/stipendia-v-polsku\/stipendia-v-ramci-dvoustrannych-dohod\/","url":"https:\/\/instytutpolski.pl\/praha\/poznejte-polsko\/stipendia-v-polsku\/stipendia-v-ramci-dvoustrannych-dohod\/","name":"Stipendia v r\u00e1mci dvoustrann\u00fdch dohod - Instytut Polski w Pradze","isPartOf":{"@id":"https:\/\/instytutpolski.pl\/praha\/#website"},"primaryImageOfPage":{"@id":"https:\/\/instytutpolski.pl\/praha\/poznejte-polsko\/stipendia-v-polsku\/stipendia-v-ramci-dvoustrannych-dohod\/#primaryimage"},"image":{"@id":"https:\/\/instytutpolski.pl\/praha\/poznejte-polsko\/stipendia-v-polsku\/stipendia-v-ramci-dvoustrannych-dohod\/#primaryimage"},"thumbnailUrl":"https:\/\/instytutpolski.pl\/praha\/wp-content\/uploads\/sites\/10\/2020\/05\/stypendia.jpg","datePublished":"2019-06-25T07:39:06+00:00","dateModified":"2025-06-10T08:39:56+00:00","breadcrumb":{"@id":"https:\/\/instytutpolski.pl\/praha\/poznejte-polsko\/stipendia-v-polsku\/stipendia-v-ramci-dvoustrannych-dohod\/#breadcrumb"},"inLanguage":"pl-PL","potentialAction":[{"@type":"ReadAction","target":["https:\/\/instytutpolski.pl\/praha\/poznejte-polsko\/stipendia-v-polsku\/stipendia-v-ramci-dvoustrannych-dohod\/"]}]},{"@type":"ImageObject","inLanguage":"pl-PL","@id":"https:\/\/instytutpolski.pl\/praha\/poznejte-polsko\/stipendia-v-polsku\/stipendia-v-ramci-dvoustrannych-dohod\/#primaryimage","url":"https:\/\/instytutpolski.pl\/praha\/wp-content\/uploads\/sites\/10\/2020\/05\/stypendia.jpg","contentUrl":"https:\/\/instytutpolski.pl\/praha\/wp-content\/uploads\/sites\/10\/2020\/05\/stypendia.jpg","width":2048,"height":1366},{"@type":"BreadcrumbList","@id":"https:\/\/instytutpolski.pl\/praha\/poznejte-polsko\/stipendia-v-polsku\/stipendia-v-ramci-dvoustrannych-dohod\/#breadcrumb","itemListElement":[{"@type":"ListItem","position":1,"name":"Home","item":"https:\/\/instytutpolski.pl\/praha\/"},{"@type":"ListItem","position":2,"name":"Poznejte Polsko","item":"https:\/\/instytutpolski.pl\/praha\/poznejte-polsko\/"},{"@type":"ListItem","position":3,"name":"Stipendia v Polsku","item":"https:\/\/instytutpolski.pl\/praha\/poznejte-polsko\/stipendia-v-polsku\/"},{"@type":"ListItem","position":4,"name":"Stipendia v r\u00e1mci dvoustrann\u00fdch dohod"}]},{"@type":"WebSite","@id":"https:\/\/instytutpolski.pl\/praha\/#website","url":"https:\/\/instytutpolski.pl\/praha\/","name":"Instytut Polski w Pradze","description":"Instytuty Polskie","potentialAction":[{"@type":"SearchAction","target":{"@type":"EntryPoint","urlTemplate":"https:\/\/instytutpolski.pl\/praha\/?s={search_term_string}"},"query-input":{"@type":"PropertyValueSpecification","valueRequired":true,"valueName":"search_term_string"}}],"inLanguage":"pl-PL"}]}},"_links":{"self":[{"href":"https:\/\/instytutpolski.pl\/praha\/wp-json\/wp\/v2\/pages\/335","targetHints":{"allow":["GET"]}}],"collection":[{"href":"https:\/\/instytutpolski.pl\/praha\/wp-json\/wp\/v2\/pages"}],"about":[{"href":"https:\/\/instytutpolski.pl\/praha\/wp-json\/wp\/v2\/types\/page"}],"author":[{"embeddable":true,"href":"https:\/\/instytutpolski.pl\/praha\/wp-json\/wp\/v2\/users\/1"}],"replies":[{"embeddable":true,"href":"https:\/\/instytutpolski.pl\/praha\/wp-json\/wp\/v2\/comments?post=335"}],"version-history":[{"count":9,"href":"https:\/\/instytutpolski.pl\/praha\/wp-json\/wp\/v2\/pages\/335\/revisions"}],"predecessor-version":[{"id":12050,"href":"https:\/\/instytutpolski.pl\/praha\/wp-json\/wp\/v2\/pages\/335\/revisions\/12050"}],"up":[{"embeddable":true,"href":"https:\/\/instytutpolski.pl\/praha\/wp-json\/wp\/v2\/pages\/331"}],"wp:featuredmedia":[{"embeddable":true,"href":"https:\/\/instytutpolski.pl\/praha\/wp-json\/wp\/v2\/media\/1309"}],"wp:attachment":[{"href":"https:\/\/instytutpolski.pl\/praha\/wp-json\/wp\/v2\/media?parent=335"}],"curies":[{"name":"wp","href":"https:\/\/api.w.org\/{rel}","templated":true}]}}