{"id":337,"date":"2019-06-25T09:39:29","date_gmt":"2019-06-25T07:39:29","guid":{"rendered":"https:\/\/instytutpolski.pl\/praga\/?page_id=337"},"modified":"2020-06-01T11:47:06","modified_gmt":"2020-06-01T09:47:06","slug":"vzdelavani-v-polsku","status":"publish","type":"page","link":"https:\/\/instytutpolski.pl\/praha\/poznejte-polsko\/vzdelavani-v-polsku\/","title":{"rendered":"Studium v Polsku"},"content":{"rendered":"\n<p> <\/p>\n\n\n\n<p>V Polsku studuje na v\u00edce ne\u017e 400 vysok\u00fdch \u0161kol\u00e1ch p\u0159ibli\u017en\u011b milion sto tis\u00edc student\u016f. V akademick\u00e9m roce 2019\/2020 se v Polsku vzd\u011bl\u00e1v\u00e1 v\u00edce ne\u017e 85 tis\u00edc cizinc\u016f. P\u0159esv\u011bd\u010dte se o tom, \u017ee stoj\u00ed za to zde studovat.<\/p>\n\n\n\n<p>Podrobn\u011bj\u0161\u00ed informace o polsk\u00fdch vysok\u00fdch \u0161kol\u00e1ch, uzn\u00e1v\u00e1n\u00ed vzd\u011bl\u00e1n\u00ed a praktick\u00e9 rady pro z\u00e1jemce o studium v Polsku:&nbsp;<a rel=\"noreferrer noopener\" href=\"http:\/\/www.go-poland.pl\/\" target=\"_blank\">http:\/\/www.go-poland.pl\/<\/a><\/p>\n\n\n\n<p><\/p>\n","protected":false},"excerpt":{"rendered":"<p>V Polsku studuje na v\u00edce ne\u017e 400 vysok\u00fdch \u0161kol\u00e1ch p\u0159ibli\u017en\u011b milion sto tis\u00edc student\u016f. V akademick\u00e9m roce 2019\/2020 se v Polsku vzd\u011bl\u00e1v\u00e1 v\u00edce ne\u017e 85 tis\u00edc cizinc\u016f. P\u0159esv\u011bd\u010dte se o tom, \u017ee stoj\u00ed za to zde studovat. Podrobn\u011bj\u0161\u00ed informace o polsk\u00fdch vysok\u00fdch \u0161kol\u00e1ch, uzn\u00e1v\u00e1n\u00ed vzd\u011bl\u00e1n\u00ed a praktick\u00e9 rady pro z\u00e1jemce o studium v Polsku:&nbsp;http:\/\/www.go-poland.pl\/<\/p>\n","protected":false},"author":1,"featured_media":477,"parent":327,"menu_order":0,"comment_status":"closed","ping_status":"closed","template":"","meta":{"inline_featured_image":false,"_monsterinsights_skip_tracking":false,"_monsterinsights_sitenote_active":false,"_monsterinsights_sitenote_note":"","_monsterinsights_sitenote_category":0,"footnotes":""},"class_list":["post-337","page","type-page","status-publish","has-post-thumbnail","hentry"],"yoast_head":"<!-- This site is optimized with the Yoast SEO plugin v24.6 - https:\/\/yoast.com\/wordpress\/plugins\/seo\/ -->\n<title>Studium v Polsku - Instytut Polski w Pradze<\/title>\n<meta name=\"robots\" content=\"index, follow, max-snippet:-1, max-image-preview:large, max-video-preview:-1\" \/>\n<link rel=\"canonical\" href=\"https:\/\/instytutpolski.pl\/praha\/poznejte-polsko\/vzdelavani-v-polsku\/\" \/>\n<meta property=\"og:locale\" content=\"pl_PL\" \/>\n<meta property=\"og:type\" content=\"article\" \/>\n<meta property=\"og:title\" content=\"Studium v Polsku - Instytut Polski w Pradze\" \/>\n<meta property=\"og:description\" content=\"V Polsku studuje na v\u00edce ne\u017e 400 vysok\u00fdch \u0161kol\u00e1ch p\u0159ibli\u017en\u011b milion sto tis\u00edc student\u016f. V akademick\u00e9m roce 2019\/2020 se v Polsku vzd\u011bl\u00e1v\u00e1 v\u00edce ne\u017e 85 tis\u00edc cizinc\u016f. P\u0159esv\u011bd\u010dte se o tom, \u017ee stoj\u00ed za to zde studovat. Podrobn\u011bj\u0161\u00ed informace o polsk\u00fdch vysok\u00fdch \u0161kol\u00e1ch, uzn\u00e1v\u00e1n\u00ed vzd\u011bl\u00e1n\u00ed a praktick\u00e9 rady pro z\u00e1jemce o studium v Polsku:&nbsp;http:\/\/www.go-poland.pl\/\" \/>\n<meta property=\"og:url\" content=\"https:\/\/instytutpolski.pl\/praha\/poznejte-polsko\/vzdelavani-v-polsku\/\" \/>\n<meta property=\"og:site_name\" content=\"Instytut Polski w Pradze\" \/>\n<meta property=\"article:modified_time\" content=\"2020-06-01T09:47:06+00:00\" \/>\n<meta property=\"og:image\" content=\"https:\/\/instytutpolski.pl\/praha\/wp-content\/uploads\/sites\/10\/2019\/06\/studiuj-w-polsce.jpg\" \/>\n\t<meta property=\"og:image:width\" content=\"1920\" \/>\n\t<meta property=\"og:image:height\" content=\"700\" \/>\n\t<meta property=\"og:image:type\" content=\"image\/jpeg\" \/>\n<meta name=\"twitter:card\" content=\"summary_large_image\" \/>\n<script type=\"application\/ld+json\" class=\"yoast-schema-graph\">{\"@context\":\"https:\/\/schema.org\",\"@graph\":[{\"@type\":\"WebPage\",\"@id\":\"https:\/\/instytutpolski.pl\/praha\/poznejte-polsko\/vzdelavani-v-polsku\/\",\"url\":\"https:\/\/instytutpolski.pl\/praha\/poznejte-polsko\/vzdelavani-v-polsku\/\",\"name\":\"Studium v Polsku - Instytut Polski w Pradze\",\"isPartOf\":{\"@id\":\"https:\/\/instytutpolski.pl\/praha\/#website\"},\"primaryImageOfPage\":{\"@id\":\"https:\/\/instytutpolski.pl\/praha\/poznejte-polsko\/vzdelavani-v-polsku\/#primaryimage\"},\"image\":{\"@id\":\"https:\/\/instytutpolski.pl\/praha\/poznejte-polsko\/vzdelavani-v-polsku\/#primaryimage\"},\"thumbnailUrl\":\"https:\/\/instytutpolski.pl\/praha\/wp-content\/uploads\/sites\/10\/2019\/06\/studiuj-w-polsce.jpg\",\"datePublished\":\"2019-06-25T07:39:29+00:00\",\"dateModified\":\"2020-06-01T09:47:06+00:00\",\"breadcrumb\":{\"@id\":\"https:\/\/instytutpolski.pl\/praha\/poznejte-polsko\/vzdelavani-v-polsku\/#breadcrumb\"},\"inLanguage\":\"pl-PL\",\"potentialAction\":[{\"@type\":\"ReadAction\",\"target\":[\"https:\/\/instytutpolski.pl\/praha\/poznejte-polsko\/vzdelavani-v-polsku\/\"]}]},{\"@type\":\"ImageObject\",\"inLanguage\":\"pl-PL\",\"@id\":\"https:\/\/instytutpolski.pl\/praha\/poznejte-polsko\/vzdelavani-v-polsku\/#primaryimage\",\"url\":\"https:\/\/instytutpolski.pl\/praha\/wp-content\/uploads\/sites\/10\/2019\/06\/studiuj-w-polsce.jpg\",\"contentUrl\":\"https:\/\/instytutpolski.pl\/praha\/wp-content\/uploads\/sites\/10\/2019\/06\/studiuj-w-polsce.jpg\",\"width\":1920,\"height\":700},{\"@type\":\"BreadcrumbList\",\"@id\":\"https:\/\/instytutpolski.pl\/praha\/poznejte-polsko\/vzdelavani-v-polsku\/#breadcrumb\",\"itemListElement\":[{\"@type\":\"ListItem\",\"position\":1,\"name\":\"Home\",\"item\":\"https:\/\/instytutpolski.pl\/praha\/\"},{\"@type\":\"ListItem\",\"position\":2,\"name\":\"Poznejte Polsko\",\"item\":\"https:\/\/instytutpolski.pl\/praha\/poznejte-polsko\/\"},{\"@type\":\"ListItem\",\"position\":3,\"name\":\"Studium v Polsku\"}]},{\"@type\":\"WebSite\",\"@id\":\"https:\/\/instytutpolski.pl\/praha\/#website\",\"url\":\"https:\/\/instytutpolski.pl\/praha\/\",\"name\":\"Instytut Polski w Pradze\",\"description\":\"Instytuty Polskie\",\"potentialAction\":[{\"@type\":\"SearchAction\",\"target\":{\"@type\":\"EntryPoint\",\"urlTemplate\":\"https:\/\/instytutpolski.pl\/praha\/?s={search_term_string}\"},\"query-input\":{\"@type\":\"PropertyValueSpecification\",\"valueRequired\":true,\"valueName\":\"search_term_string\"}}],\"inLanguage\":\"pl-PL\"}]}<\/script>\n<!-- \/ Yoast SEO plugin. -->","yoast_head_json":{"title":"Studium v Polsku - Instytut Polski w Pradze","robots":{"index":"index","follow":"follow","max-snippet":"max-snippet:-1","max-image-preview":"max-image-preview:large","max-video-preview":"max-video-preview:-1"},"canonical":"https:\/\/instytutpolski.pl\/praha\/poznejte-polsko\/vzdelavani-v-polsku\/","og_locale":"pl_PL","og_type":"article","og_title":"Studium v Polsku - Instytut Polski w Pradze","og_description":"V Polsku studuje na v\u00edce ne\u017e 400 vysok\u00fdch \u0161kol\u00e1ch p\u0159ibli\u017en\u011b milion sto tis\u00edc student\u016f. V akademick\u00e9m roce 2019\/2020 se v Polsku vzd\u011bl\u00e1v\u00e1 v\u00edce ne\u017e 85 tis\u00edc cizinc\u016f. P\u0159esv\u011bd\u010dte se o tom, \u017ee stoj\u00ed za to zde studovat. Podrobn\u011bj\u0161\u00ed informace o polsk\u00fdch vysok\u00fdch \u0161kol\u00e1ch, uzn\u00e1v\u00e1n\u00ed vzd\u011bl\u00e1n\u00ed a praktick\u00e9 rady pro z\u00e1jemce o studium v Polsku:&nbsp;http:\/\/www.go-poland.pl\/","og_url":"https:\/\/instytutpolski.pl\/praha\/poznejte-polsko\/vzdelavani-v-polsku\/","og_site_name":"Instytut Polski w Pradze","article_modified_time":"2020-06-01T09:47:06+00:00","og_image":[{"width":1920,"height":700,"url":"https:\/\/instytutpolski.pl\/praha\/wp-content\/uploads\/sites\/10\/2019\/06\/studiuj-w-polsce.jpg","type":"image\/jpeg"}],"twitter_card":"summary_large_image","schema":{"@context":"https:\/\/schema.org","@graph":[{"@type":"WebPage","@id":"https:\/\/instytutpolski.pl\/praha\/poznejte-polsko\/vzdelavani-v-polsku\/","url":"https:\/\/instytutpolski.pl\/praha\/poznejte-polsko\/vzdelavani-v-polsku\/","name":"Studium v Polsku - Instytut Polski w Pradze","isPartOf":{"@id":"https:\/\/instytutpolski.pl\/praha\/#website"},"primaryImageOfPage":{"@id":"https:\/\/instytutpolski.pl\/praha\/poznejte-polsko\/vzdelavani-v-polsku\/#primaryimage"},"image":{"@id":"https:\/\/instytutpolski.pl\/praha\/poznejte-polsko\/vzdelavani-v-polsku\/#primaryimage"},"thumbnailUrl":"https:\/\/instytutpolski.pl\/praha\/wp-content\/uploads\/sites\/10\/2019\/06\/studiuj-w-polsce.jpg","datePublished":"2019-06-25T07:39:29+00:00","dateModified":"2020-06-01T09:47:06+00:00","breadcrumb":{"@id":"https:\/\/instytutpolski.pl\/praha\/poznejte-polsko\/vzdelavani-v-polsku\/#breadcrumb"},"inLanguage":"pl-PL","potentialAction":[{"@type":"ReadAction","target":["https:\/\/instytutpolski.pl\/praha\/poznejte-polsko\/vzdelavani-v-polsku\/"]}]},{"@type":"ImageObject","inLanguage":"pl-PL","@id":"https:\/\/instytutpolski.pl\/praha\/poznejte-polsko\/vzdelavani-v-polsku\/#primaryimage","url":"https:\/\/instytutpolski.pl\/praha\/wp-content\/uploads\/sites\/10\/2019\/06\/studiuj-w-polsce.jpg","contentUrl":"https:\/\/instytutpolski.pl\/praha\/wp-content\/uploads\/sites\/10\/2019\/06\/studiuj-w-polsce.jpg","width":1920,"height":700},{"@type":"BreadcrumbList","@id":"https:\/\/instytutpolski.pl\/praha\/poznejte-polsko\/vzdelavani-v-polsku\/#breadcrumb","itemListElement":[{"@type":"ListItem","position":1,"name":"Home","item":"https:\/\/instytutpolski.pl\/praha\/"},{"@type":"ListItem","position":2,"name":"Poznejte Polsko","item":"https:\/\/instytutpolski.pl\/praha\/poznejte-polsko\/"},{"@type":"ListItem","position":3,"name":"Studium v Polsku"}]},{"@type":"WebSite","@id":"https:\/\/instytutpolski.pl\/praha\/#website","url":"https:\/\/instytutpolski.pl\/praha\/","name":"Instytut Polski w Pradze","description":"Instytuty Polskie","potentialAction":[{"@type":"SearchAction","target":{"@type":"EntryPoint","urlTemplate":"https:\/\/instytutpolski.pl\/praha\/?s={search_term_string}"},"query-input":{"@type":"PropertyValueSpecification","valueRequired":true,"valueName":"search_term_string"}}],"inLanguage":"pl-PL"}]}},"_links":{"self":[{"href":"https:\/\/instytutpolski.pl\/praha\/wp-json\/wp\/v2\/pages\/337","targetHints":{"allow":["GET"]}}],"collection":[{"href":"https:\/\/instytutpolski.pl\/praha\/wp-json\/wp\/v2\/pages"}],"about":[{"href":"https:\/\/instytutpolski.pl\/praha\/wp-json\/wp\/v2\/types\/page"}],"author":[{"embeddable":true,"href":"https:\/\/instytutpolski.pl\/praha\/wp-json\/wp\/v2\/users\/1"}],"replies":[{"embeddable":true,"href":"https:\/\/instytutpolski.pl\/praha\/wp-json\/wp\/v2\/comments?post=337"}],"version-history":[{"count":5,"href":"https:\/\/instytutpolski.pl\/praha\/wp-json\/wp\/v2\/pages\/337\/revisions"}],"predecessor-version":[{"id":1800,"href":"https:\/\/instytutpolski.pl\/praha\/wp-json\/wp\/v2\/pages\/337\/revisions\/1800"}],"up":[{"embeddable":true,"href":"https:\/\/instytutpolski.pl\/praha\/wp-json\/wp\/v2\/pages\/327"}],"wp:featuredmedia":[{"embeddable":true,"href":"https:\/\/instytutpolski.pl\/praha\/wp-json\/wp\/v2\/media\/477"}],"wp:attachment":[{"href":"https:\/\/instytutpolski.pl\/praha\/wp-json\/wp\/v2\/media?parent=337"}],"curies":[{"name":"wp","href":"https:\/\/api.w.org\/{rel}","templated":true}]}}