{"id":341,"date":"2019-06-25T09:40:03","date_gmt":"2019-06-25T07:40:03","guid":{"rendered":"https:\/\/instytutpolski.pl\/praga\/?page_id=341"},"modified":"2021-07-23T14:27:27","modified_gmt":"2021-07-23T12:27:27","slug":"veda-a-studium-v-polsku","status":"publish","type":"page","link":"https:\/\/instytutpolski.pl\/praha\/poznejte-polsko\/veda-a-studium-v-polsku\/","title":{"rendered":"V\u011bda v Polsku"},"content":{"rendered":"\n<p>Pol\u0161t\u00ed v\u011bdci stoj\u00ed za mnoha p\u0159elomov\u00fdmi objevy a vyn\u00e1lezy. Seznamte se s n\u011bkter\u00fdmi z nich:<\/p>\n\n\n\n<p>Publikace o v\u011bd\u011b v Polsku &#8211; verze v online pdf <a href=\"https:\/\/nawa.gov.pl\/images\/zdjecia\/ResearchinPoland\/Science_in_Poland_v1.25a-www.pdf\" target=\"_blank\" rel=\"noreferrer noopener\">zde<\/a>.<\/p>\n\n\n\n<figure class=\"wp-block-embed is-type-video is-provider-youtube wp-block-embed-youtube wp-embed-aspect-16-9 wp-has-aspect-ratio\"><div class=\"wp-block-embed__wrapper\">\nhttps:\/\/youtu.be\/DQY_WY46I20\n<\/div><\/figure>\n\n\n\n<h2 class=\"wp-block-heading\">Dal\u0161\u00ed informace<\/h2>\n\n\n\n<p>Port\u00e1l o v\u011bd\u011b v Polsku <a rel=\"noreferrer noopener\" href=\"https:\/\/researchinpoland.org\/\" target=\"_blank\">Research in Poland<\/a> &#8211; obsahuje informace o polsk\u00e9 v\u011bd\u011b, grantech, konferenc\u00edch a dal\u0161\u00edch akc\u00edch, nab\u00eddku pr\u00e1ce na univerzit\u00e1ch \u010di ve v\u00fdzkumn\u00fdch \u00fastavech a o v\u011bdeck\u00fdch pobytech v Polsku.<\/p>\n\n\n\n<p>Informace o v\u011bd\u011b a v\u00fdzkumu na str\u00e1nk\u00e1ch N\u00e1rodn\u00ed agentury akademick\u00e9 v\u00fdm\u011bny: <a rel=\"noreferrer noopener\" href=\"https:\/\/nawa.gov.pl\/en\/researchinpoland\" target=\"_blank\">https:\/\/nawa.gov.pl\/en\/researchinpoland<\/a><\/p>\n\n\n\n<p>Webov\u00e9 str\u00e1nky polsk\u00e9ho Ministerstva v\u011bdy a vysok\u00e9ho \u0161kolstv\u00ed: <a rel=\"noreferrer noopener\" href=\"https:\/\/www.gov.pl\/web\/science\" target=\"_blank\">https:\/\/www.gov.pl\/web\/science<\/a><\/p>\n\n\n\n<p>Polsk\u00e1 akademie v\u011bd: <a href=\"https:\/\/institution.pan.pl\/\" target=\"_blank\" rel=\"noreferrer noopener\">https:\/\/institution.pan.pl\/<\/a><\/p>\n\n\n\n<p>Slavn\u00ed pol\u0161t\u00ed v\u011bdci a vyn\u00e1lezci: <a href=\"https:\/\/poland.pl\/science\/famous-scientists\/\" target=\"_blank\" rel=\"noreferrer noopener\">https:\/\/poland.pl\/science\/famous-scientists\/<\/a><\/p>\n\n\n\n<p><\/p>\n","protected":false},"excerpt":{"rendered":"<p>Pol\u0161t\u00ed v\u011bdci stoj\u00ed za mnoha p\u0159elomov\u00fdmi objevy a vyn\u00e1lezy. Seznamte se s n\u011bkter\u00fdmi z nich: Publikace o v\u011bd\u011b v Polsku &#8211; verze v online pdf zde. Dal\u0161\u00ed informace Port\u00e1l o v\u011bd\u011b v Polsku Research in Poland &#8211; obsahuje informace o polsk\u00e9 v\u011bd\u011b, grantech, konferenc\u00edch a dal\u0161\u00edch akc\u00edch, nab\u00eddku pr\u00e1ce na univerzit\u00e1ch \u010di ve v\u00fdzkumn\u00fdch \u00fastavech [&hellip;]<\/p>\n","protected":false},"author":1,"featured_media":453,"parent":327,"menu_order":0,"comment_status":"closed","ping_status":"closed","template":"","meta":{"inline_featured_image":false,"_monsterinsights_skip_tracking":false,"_monsterinsights_sitenote_active":false,"_monsterinsights_sitenote_note":"","_monsterinsights_sitenote_category":0,"footnotes":""},"class_list":["post-341","page","type-page","status-publish","has-post-thumbnail","hentry"],"yoast_head":"<!-- This site is optimized with the Yoast SEO plugin v24.6 - https:\/\/yoast.com\/wordpress\/plugins\/seo\/ -->\n<title>V\u011bda v Polsku - Instytut Polski w Pradze<\/title>\n<meta name=\"robots\" content=\"index, follow, max-snippet:-1, max-image-preview:large, max-video-preview:-1\" \/>\n<link rel=\"canonical\" href=\"https:\/\/instytutpolski.pl\/praha\/poznejte-polsko\/veda-a-studium-v-polsku\/\" \/>\n<meta property=\"og:locale\" content=\"pl_PL\" \/>\n<meta property=\"og:type\" content=\"article\" \/>\n<meta property=\"og:title\" content=\"V\u011bda v Polsku - Instytut Polski w Pradze\" \/>\n<meta property=\"og:description\" content=\"Pol\u0161t\u00ed v\u011bdci stoj\u00ed za mnoha p\u0159elomov\u00fdmi objevy a vyn\u00e1lezy. Seznamte se s n\u011bkter\u00fdmi z nich: Publikace o v\u011bd\u011b v Polsku &#8211; verze v online pdf zde. Dal\u0161\u00ed informace Port\u00e1l o v\u011bd\u011b v Polsku Research in Poland &#8211; obsahuje informace o polsk\u00e9 v\u011bd\u011b, grantech, konferenc\u00edch a dal\u0161\u00edch akc\u00edch, nab\u00eddku pr\u00e1ce na univerzit\u00e1ch \u010di ve v\u00fdzkumn\u00fdch \u00fastavech [&hellip;]\" \/>\n<meta property=\"og:url\" content=\"https:\/\/instytutpolski.pl\/praha\/poznejte-polsko\/veda-a-studium-v-polsku\/\" \/>\n<meta property=\"og:site_name\" content=\"Instytut Polski w Pradze\" \/>\n<meta property=\"article:modified_time\" content=\"2021-07-23T12:27:27+00:00\" \/>\n<meta property=\"og:image\" content=\"https:\/\/instytutpolski.pl\/praha\/wp-content\/uploads\/sites\/10\/2019\/06\/nauka-w-polsce.jpg\" \/>\n\t<meta property=\"og:image:width\" content=\"1920\" \/>\n\t<meta property=\"og:image:height\" content=\"700\" \/>\n\t<meta property=\"og:image:type\" content=\"image\/jpeg\" \/>\n<meta name=\"twitter:card\" content=\"summary_large_image\" \/>\n<meta name=\"twitter:label1\" content=\"Szacowany czas czytania\" \/>\n\t<meta name=\"twitter:data1\" content=\"1 minuta\" \/>\n<script type=\"application\/ld+json\" class=\"yoast-schema-graph\">{\"@context\":\"https:\/\/schema.org\",\"@graph\":[{\"@type\":\"WebPage\",\"@id\":\"https:\/\/instytutpolski.pl\/praha\/poznejte-polsko\/veda-a-studium-v-polsku\/\",\"url\":\"https:\/\/instytutpolski.pl\/praha\/poznejte-polsko\/veda-a-studium-v-polsku\/\",\"name\":\"V\u011bda v Polsku - Instytut Polski w Pradze\",\"isPartOf\":{\"@id\":\"https:\/\/instytutpolski.pl\/praha\/#website\"},\"primaryImageOfPage\":{\"@id\":\"https:\/\/instytutpolski.pl\/praha\/poznejte-polsko\/veda-a-studium-v-polsku\/#primaryimage\"},\"image\":{\"@id\":\"https:\/\/instytutpolski.pl\/praha\/poznejte-polsko\/veda-a-studium-v-polsku\/#primaryimage\"},\"thumbnailUrl\":\"https:\/\/instytutpolski.pl\/praha\/wp-content\/uploads\/sites\/10\/2019\/06\/nauka-w-polsce.jpg\",\"datePublished\":\"2019-06-25T07:40:03+00:00\",\"dateModified\":\"2021-07-23T12:27:27+00:00\",\"breadcrumb\":{\"@id\":\"https:\/\/instytutpolski.pl\/praha\/poznejte-polsko\/veda-a-studium-v-polsku\/#breadcrumb\"},\"inLanguage\":\"pl-PL\",\"potentialAction\":[{\"@type\":\"ReadAction\",\"target\":[\"https:\/\/instytutpolski.pl\/praha\/poznejte-polsko\/veda-a-studium-v-polsku\/\"]}]},{\"@type\":\"ImageObject\",\"inLanguage\":\"pl-PL\",\"@id\":\"https:\/\/instytutpolski.pl\/praha\/poznejte-polsko\/veda-a-studium-v-polsku\/#primaryimage\",\"url\":\"https:\/\/instytutpolski.pl\/praha\/wp-content\/uploads\/sites\/10\/2019\/06\/nauka-w-polsce.jpg\",\"contentUrl\":\"https:\/\/instytutpolski.pl\/praha\/wp-content\/uploads\/sites\/10\/2019\/06\/nauka-w-polsce.jpg\",\"width\":1920,\"height\":700},{\"@type\":\"BreadcrumbList\",\"@id\":\"https:\/\/instytutpolski.pl\/praha\/poznejte-polsko\/veda-a-studium-v-polsku\/#breadcrumb\",\"itemListElement\":[{\"@type\":\"ListItem\",\"position\":1,\"name\":\"Home\",\"item\":\"https:\/\/instytutpolski.pl\/praha\/\"},{\"@type\":\"ListItem\",\"position\":2,\"name\":\"Poznejte Polsko\",\"item\":\"https:\/\/instytutpolski.pl\/praha\/poznejte-polsko\/\"},{\"@type\":\"ListItem\",\"position\":3,\"name\":\"V\u011bda v Polsku\"}]},{\"@type\":\"WebSite\",\"@id\":\"https:\/\/instytutpolski.pl\/praha\/#website\",\"url\":\"https:\/\/instytutpolski.pl\/praha\/\",\"name\":\"Instytut Polski w Pradze\",\"description\":\"Instytuty Polskie\",\"potentialAction\":[{\"@type\":\"SearchAction\",\"target\":{\"@type\":\"EntryPoint\",\"urlTemplate\":\"https:\/\/instytutpolski.pl\/praha\/?s={search_term_string}\"},\"query-input\":{\"@type\":\"PropertyValueSpecification\",\"valueRequired\":true,\"valueName\":\"search_term_string\"}}],\"inLanguage\":\"pl-PL\"}]}<\/script>\n<!-- \/ Yoast SEO plugin. -->","yoast_head_json":{"title":"V\u011bda v Polsku - Instytut Polski w Pradze","robots":{"index":"index","follow":"follow","max-snippet":"max-snippet:-1","max-image-preview":"max-image-preview:large","max-video-preview":"max-video-preview:-1"},"canonical":"https:\/\/instytutpolski.pl\/praha\/poznejte-polsko\/veda-a-studium-v-polsku\/","og_locale":"pl_PL","og_type":"article","og_title":"V\u011bda v Polsku - Instytut Polski w Pradze","og_description":"Pol\u0161t\u00ed v\u011bdci stoj\u00ed za mnoha p\u0159elomov\u00fdmi objevy a vyn\u00e1lezy. Seznamte se s n\u011bkter\u00fdmi z nich: Publikace o v\u011bd\u011b v Polsku &#8211; verze v online pdf zde. Dal\u0161\u00ed informace Port\u00e1l o v\u011bd\u011b v Polsku Research in Poland &#8211; obsahuje informace o polsk\u00e9 v\u011bd\u011b, grantech, konferenc\u00edch a dal\u0161\u00edch akc\u00edch, nab\u00eddku pr\u00e1ce na univerzit\u00e1ch \u010di ve v\u00fdzkumn\u00fdch \u00fastavech [&hellip;]","og_url":"https:\/\/instytutpolski.pl\/praha\/poznejte-polsko\/veda-a-studium-v-polsku\/","og_site_name":"Instytut Polski w Pradze","article_modified_time":"2021-07-23T12:27:27+00:00","og_image":[{"width":1920,"height":700,"url":"https:\/\/instytutpolski.pl\/praha\/wp-content\/uploads\/sites\/10\/2019\/06\/nauka-w-polsce.jpg","type":"image\/jpeg"}],"twitter_card":"summary_large_image","twitter_misc":{"Szacowany czas czytania":"1 minuta"},"schema":{"@context":"https:\/\/schema.org","@graph":[{"@type":"WebPage","@id":"https:\/\/instytutpolski.pl\/praha\/poznejte-polsko\/veda-a-studium-v-polsku\/","url":"https:\/\/instytutpolski.pl\/praha\/poznejte-polsko\/veda-a-studium-v-polsku\/","name":"V\u011bda v Polsku - Instytut Polski w Pradze","isPartOf":{"@id":"https:\/\/instytutpolski.pl\/praha\/#website"},"primaryImageOfPage":{"@id":"https:\/\/instytutpolski.pl\/praha\/poznejte-polsko\/veda-a-studium-v-polsku\/#primaryimage"},"image":{"@id":"https:\/\/instytutpolski.pl\/praha\/poznejte-polsko\/veda-a-studium-v-polsku\/#primaryimage"},"thumbnailUrl":"https:\/\/instytutpolski.pl\/praha\/wp-content\/uploads\/sites\/10\/2019\/06\/nauka-w-polsce.jpg","datePublished":"2019-06-25T07:40:03+00:00","dateModified":"2021-07-23T12:27:27+00:00","breadcrumb":{"@id":"https:\/\/instytutpolski.pl\/praha\/poznejte-polsko\/veda-a-studium-v-polsku\/#breadcrumb"},"inLanguage":"pl-PL","potentialAction":[{"@type":"ReadAction","target":["https:\/\/instytutpolski.pl\/praha\/poznejte-polsko\/veda-a-studium-v-polsku\/"]}]},{"@type":"ImageObject","inLanguage":"pl-PL","@id":"https:\/\/instytutpolski.pl\/praha\/poznejte-polsko\/veda-a-studium-v-polsku\/#primaryimage","url":"https:\/\/instytutpolski.pl\/praha\/wp-content\/uploads\/sites\/10\/2019\/06\/nauka-w-polsce.jpg","contentUrl":"https:\/\/instytutpolski.pl\/praha\/wp-content\/uploads\/sites\/10\/2019\/06\/nauka-w-polsce.jpg","width":1920,"height":700},{"@type":"BreadcrumbList","@id":"https:\/\/instytutpolski.pl\/praha\/poznejte-polsko\/veda-a-studium-v-polsku\/#breadcrumb","itemListElement":[{"@type":"ListItem","position":1,"name":"Home","item":"https:\/\/instytutpolski.pl\/praha\/"},{"@type":"ListItem","position":2,"name":"Poznejte Polsko","item":"https:\/\/instytutpolski.pl\/praha\/poznejte-polsko\/"},{"@type":"ListItem","position":3,"name":"V\u011bda v Polsku"}]},{"@type":"WebSite","@id":"https:\/\/instytutpolski.pl\/praha\/#website","url":"https:\/\/instytutpolski.pl\/praha\/","name":"Instytut Polski w Pradze","description":"Instytuty Polskie","potentialAction":[{"@type":"SearchAction","target":{"@type":"EntryPoint","urlTemplate":"https:\/\/instytutpolski.pl\/praha\/?s={search_term_string}"},"query-input":{"@type":"PropertyValueSpecification","valueRequired":true,"valueName":"search_term_string"}}],"inLanguage":"pl-PL"}]}},"_links":{"self":[{"href":"https:\/\/instytutpolski.pl\/praha\/wp-json\/wp\/v2\/pages\/341","targetHints":{"allow":["GET"]}}],"collection":[{"href":"https:\/\/instytutpolski.pl\/praha\/wp-json\/wp\/v2\/pages"}],"about":[{"href":"https:\/\/instytutpolski.pl\/praha\/wp-json\/wp\/v2\/types\/page"}],"author":[{"embeddable":true,"href":"https:\/\/instytutpolski.pl\/praha\/wp-json\/wp\/v2\/users\/1"}],"replies":[{"embeddable":true,"href":"https:\/\/instytutpolski.pl\/praha\/wp-json\/wp\/v2\/comments?post=341"}],"version-history":[{"count":8,"href":"https:\/\/instytutpolski.pl\/praha\/wp-json\/wp\/v2\/pages\/341\/revisions"}],"predecessor-version":[{"id":4967,"href":"https:\/\/instytutpolski.pl\/praha\/wp-json\/wp\/v2\/pages\/341\/revisions\/4967"}],"up":[{"embeddable":true,"href":"https:\/\/instytutpolski.pl\/praha\/wp-json\/wp\/v2\/pages\/327"}],"wp:featuredmedia":[{"embeddable":true,"href":"https:\/\/instytutpolski.pl\/praha\/wp-json\/wp\/v2\/media\/453"}],"wp:attachment":[{"href":"https:\/\/instytutpolski.pl\/praha\/wp-json\/wp\/v2\/media?parent=341"}],"curies":[{"name":"wp","href":"https:\/\/api.w.org\/{rel}","templated":true}]}}