{"id":355,"date":"2019-06-25T09:45:23","date_gmt":"2019-06-25T07:45:23","guid":{"rendered":"https:\/\/instytutpolski.pl\/praga\/?page_id=355"},"modified":"2025-09-09T11:44:39","modified_gmt":"2025-09-09T09:44:39","slug":"kurzy-polstiny-poradane-polskym-institutem","status":"publish","type":"page","link":"https:\/\/instytutpolski.pl\/praha\/kurzy-polstiny-poradane-polskym-institutem\/","title":{"rendered":"Kurzy pol\u0161tiny po\u0159\u00e1dan\u00e9 Polsk\u00fdm institutem"},"content":{"rendered":"\n<p>Polsk\u00fd institut v Praze nab\u00edz\u00ed v\u00fduku pol\u0161tiny v kurzech o r\u016fzn\u00fdch stupn\u00edch pokro\u010dilosti. Z\u00e1pisy prob\u00edhaj\u00ed p\u0159ed za\u010d\u00e1tkem zimn\u00edho semestru, po dohod\u011b s lektorem je mo\u017en\u00e9 p\u0159ihl\u00e1sit se i v pr\u016fb\u011bhu kurzu. Polsk\u00fd institut vystavuje doklad o ukon\u010den\u00ed kurzu, poskytuje tak\u00e9 informace o certifikovan\u00fdch st\u00e1tn\u00edch zkou\u0161k\u00e1ch. Studenti maj\u00ed mo\u017enost vyu\u017e\u00edvat knihovnu a mediat\u00e9ku Polsk\u00e9ho institutu s nejnov\u011bj\u0161\u00edmi u\u010debnicemi, slovn\u00edky a dal\u0161\u00edm materi\u00e1lem.<\/p>\n\n\n\n<p>Podm\u00ednky, formul\u00e1\u0159e p\u0159ihl\u00e1\u0161ek do kurz\u016f a souhlasu se zpracov\u00e1n\u00edm osobn\u00edch \u00fadaj\u016f pro nov\u00fd \u0161koln\u00ed rok naleznete n\u00ed\u017ee.<\/p>\n\n\n\n<p><a href=\"https:\/\/xn--szukamksiki-4kb16m.pl\/SzukamKsiazki\/katalog\/index.html?selectedBib=501001141\" target=\"_blank\" rel=\"noreferrer noopener\">\u00bb katalog knihovny a mediat\u00e9ky<\/a><br><a href=\"https:\/\/instytutpolski.pl\/praha\/podrobnosti-o-kurzech\/\" target=\"_blank\" rel=\"noreferrer noopener\">\u00bb podm\u00ednky kurzu<\/a><\/p>\n\n\n\n<hr class=\"wp-block-separator has-alpha-channel-opacity\" \/>\n\n\n\n<h2 class=\"wp-block-heading\"><strong>Kurzy pol\u0161tiny 2025\/ 2026<\/strong><\/h2>\n\n\n\n<p><strong>zimn\u00ed semestr&nbsp;&nbsp;&nbsp;&nbsp;&nbsp;&nbsp;&nbsp;&nbsp;&nbsp;&nbsp;&nbsp; &nbsp;29. 9. 2025 \u2013 20. 2. 2026<br>letn\u00ed semestr &nbsp;&nbsp;&nbsp;&nbsp;&nbsp;&nbsp;&nbsp;&nbsp;&nbsp;&nbsp;&nbsp;&nbsp; &nbsp;23. 2. 2026 \u2013 24. 6. 2026<\/strong><\/p>\n\n\n\n<figure class=\"wp-block-table\"><table><tbody><tr><td><strong>Pond\u011bl\u00ed<\/strong><\/td><td>&nbsp;&#8211; u\u010debna \u010d\u00edslo 1<\/td><\/tr><tr><td>16:30 \u2013 18:00<\/td><td>st\u0159edn\u011b pokro\u010dil\u00ed I \u2013 <strong>KURZ JE JI\u017d NAPLN\u011aN<\/strong><\/td><\/tr><tr><td>18:15 \u2013 19:45<\/td><td>st\u0159edn\u011b pokro\u010dil\u00ed II\/2<\/td><\/tr><tr><td><strong>Pond\u011bl\u00ed<\/strong><\/td><td>&nbsp;&#8211; u\u010debna \u010d\u00edslo 2<\/td><\/tr><tr><td>17:00 \u2013 18:30<\/td><td>pokro\u010dil\u00ed A \u2013 <strong>KURZ JE JI\u017d NAPLN\u011aN<\/strong><\/td><\/tr><tr><td>18:45 \u2013 20:15<\/td><td>za\u010d\u00e1te\u010dn\u00edci A \u2013 <strong>KURZ JE JI\u017d NAPLN\u011aN<\/strong><\/td><\/tr><tr><td><strong>\u00dater\u00fd<\/strong><\/td><td>&#8211; u\u010debna \u010d\u00edslo 1<\/td><\/tr><tr><td>17:00 \u201318:30<\/td><td>za\u010d\u00e1te\u010dn\u00edci&nbsp; B \u2013 <strong>KURZ JE JI\u017d NAPLN\u011aN<\/strong><\/td><\/tr><tr><td>18:45 \u2013 20:15<\/td><td>st\u0159edn\u011b pokro\u010dil\u00ed II\/1<\/td><\/tr><tr><td><strong>\u00dater\u00fd<\/strong><\/td><td>&#8211; u\u010debna \u010d\u00edslo 2<\/td><\/tr><tr><td>18:15 \u2013 19:45<\/td><td>pokro\u010dil\u00ed&nbsp; B \u2013 <strong>KURZ JE JI\u017d NAPLN\u011aN<\/strong><\/td><\/tr><\/tbody><\/table><\/figure>\n\n\n\n<p><strong>Kurzy online<\/strong><\/p>\n\n\n\n<figure class=\"wp-block-table\"><table><tbody><tr><td><strong>\u00dater\u00fd<\/strong><\/td><td><\/td><\/tr><tr><td>18:00 \u2013 19:30<\/td><td>pokro\u010dil\u00ed<\/td><\/tr><tr><td>19:45 \u2013 21:15<\/td><td>za\u010d\u00e1te\u010dn\u00edci \u2013 <strong>KURZ JE JI\u017d NAPLN\u011aN<\/strong><\/td><\/tr><tr><td><strong>St\u0159eda<\/strong><\/td><td><\/td><\/tr><tr><td>16:30 \u2013 18:00<\/td><td>za\u010d\u00e1te\u010dn\u00edci \u2013 <strong>KURZ JE JI\u017d NAPLN\u011aN<\/strong><\/td><\/tr><tr><td>18:15 \u2013 19:45<\/td><td>st\u0159edn\u011b pokro\u010dil\u00ed I<\/td><\/tr><tr><td>18:30 \u2013 20:00<\/td><td>st\u0159edn\u011b pokro\u010dil\u00ed II<\/td><\/tr><\/tbody><\/table><\/figure>\n\n\n\n<p>Pokud jste nena\u0161li voln\u00e9 m\u00edsto v kurzu,<strong> <\/strong>pros\u00edme o kontakt s pan\u00ed Beatu Mocovou na tel. +420\/220 410&nbsp;417&nbsp; (<strong>\u00fater\u00fd, \u010dtvrtek, p\u00e1tek)&nbsp;<\/strong>nebo pi\u0161te na <a href=\"mailto:beata.mocova@instytutpolski.pl\" target=\"_blank\" rel=\"noreferrer noopener\">beata.mocova@instytutpolski.pl<\/a>.<\/p>\n\n\n\n<h2 class=\"wp-block-heading\">Formul\u00e1\u0159e ke sta\u017een\u00ed<\/h2>\n\n\n\n<div class=\"wp-block-file\"><a id=\"wp-block-file--media-06617495-d37e-4dd1-ac25-bac3ac478e39\" href=\"https:\/\/instytutpolski.pl\/praha\/wp-content\/uploads\/sites\/10\/2025\/08\/Zgloszenie-na-kurs-jezyka-polskiego-2025-2026.docx\">P\u0159ihl\u00e1\u0161ka na kurz pol\u0161tiny 2025\/2026<\/a><a href=\"https:\/\/instytutpolski.pl\/praha\/wp-content\/uploads\/sites\/10\/2025\/08\/Zgloszenie-na-kurs-jezyka-polskiego-2025-2026.docx\" class=\"wp-block-file__button wp-element-button\" download aria-describedby=\"wp-block-file--media-06617495-d37e-4dd1-ac25-bac3ac478e39\">Pobierz<\/a><\/div>\n\n\n\n<div class=\"wp-block-file\"><a id=\"wp-block-file--media-320b8cdc-5250-46d8-8cfb-8df5f740b312\" href=\"https:\/\/instytutpolski.pl\/praha\/wp-content\/uploads\/sites\/10\/2025\/08\/Zgoda-na-przetwarzanie-danych-osobowych_CZ-2025-1.docx\">Souhlas se zpracov\u00e1n\u00edm osobn\u00edch \u00fadaj\u016f 2025<\/a><a href=\"https:\/\/instytutpolski.pl\/praha\/wp-content\/uploads\/sites\/10\/2025\/08\/Zgoda-na-przetwarzanie-danych-osobowych_CZ-2025-1.docx\" class=\"wp-block-file__button wp-element-button\" download aria-describedby=\"wp-block-file--media-320b8cdc-5250-46d8-8cfb-8df5f740b312\">Pobierz<\/a><\/div>\n\n\n\n<hr class=\"wp-block-separator has-alpha-channel-opacity\" \/>\n\n\n\n<p>V\u00fduka se nekon\u00e1 v obdob\u00ed 22. 12. 2025 \u2013 31. 12. 2025, v dob\u011b jarn\u00edch pr\u00e1zdnin a o \u010desk\u00fdch st\u00e1tn\u00edch sv\u00e1tc\u00edch.<br>Po\u0159adatel kurzu si vyhrazuje mo\u017enost \u00faprav harmonogramu, nap\u0159. zm\u011bn \u00farovn\u00ed jednotliv\u00fdch skupin nebo term\u00edn\u016f kon\u00e1n\u00ed lekc\u00ed a v p\u0159\u00edpad\u011b velk\u00e9ho z\u00e1jmu o kurzy tak\u00e9 vytvo\u0159en\u00ed dal\u0161\u00edch v\u00fdukov\u00fdch skupin (v\u010detn\u011b skupin s distan\u010dn\u00ed v\u00fdukou), p\u0159\u00edpadn\u011b p\u0159echod na online v\u00fduku v p\u0159\u00edpad\u011b epidemiologick\u00e9ho a jin\u00e9ho ohro\u017een\u00ed, nebo v&nbsp;p\u0159\u00edpad\u011b nemoci lektora atp.<br>Z d\u016fvodu realizace programu nejen jazykov\u00e9ho, ale i kulturn\u00edho jsou do ro\u010dn\u00edho v\u00fdukov\u00e9ho sch\u00e9matu za\u010dlen\u011bna tak\u00e9 dal\u0161\u00ed tematick\u00e1 setk\u00e1n\u00ed, nap\u0159. s polsk\u00fdmi tradicemi a zvyky, filmov\u00e9 projekce, \u010dten\u00e1\u0159sk\u00e9 workshopy apod.<\/p>\n\n\n\n<h2 class=\"wp-block-heading\">Z\u00e1pis do kurz\u016f<\/h2>\n\n\n\n<p class=\"has-medium-font-size\"><strong>Z\u00e1pis prob\u00edh\u00e1 od 18. 8. do 19. 9. 2025<\/strong> <strong>v knihovn\u011b Polsk\u00e9ho institutu, mo\u017en\u00e9 je i p\u0159ihl\u00e1\u0161en\u00ed e-mailem na adrese <a href=\"mailto:beata.mocova@instytutpolski.pl\" target=\"_blank\" rel=\"noreferrer noopener\">beata.mocova@instytutpolski.pl<\/a><\/strong>. \u00da\u010dast v kurzu je mo\u017en\u00e1 po vypln\u011bn\u00ed p\u0159ihl\u00e1\u0161ky a Souhlasu se zpracov\u00e1n\u00edm osobn\u00edch \u00fadaj\u016f. Uhrazen\u00ed kurzovn\u00e9ho za dan\u00fd semestr u lektor\u016f v z\u00e1\u0159\u00ed\/\u0159\u00edjnu. Za\u0159azen\u00ed studenta do skupiny podle \u00farovn\u011b jeho jazykov\u00fdch znalost\u00ed ur\u010duje lektor. Podm\u00ednkou otev\u0159en\u00ed kurzu je p\u0159ihl\u00e1\u0161en\u00ed minim\u00e1ln\u011b 6 osob do skupiny. Pro pozd\u011bj\u0161\u00ed p\u0159ihl\u00e1\u0161en\u00ed kontaktujte p\u0159\u00edmo vedouc\u00ed kurz\u016f Beatu Mocovou.<\/p>\n\n\n\n<p>Pozor! Po\u010det m\u00edst je omezen. Rezervace se prov\u00e1d\u00ed podle data a po\u0159ad\u00ed pod\u00e1n\u00ed p\u0159ihl\u00e1\u0161ky.<\/p>\n\n\n\n<p>Beata Mocov\u00e1<br>+420\/ 220&nbsp;410&nbsp;417 (\u00fat, \u010dt, p\u00e1)<br><a href=\"mailto:beata.mocova@instytutpolski.pl\" target=\"_blank\" rel=\"noreferrer noopener\">beata.mocova@instytutpolski.pl<\/a><\/p>\n\n\n\n<p><strong>Upozorn\u011bn\u00ed<\/strong><br>V&nbsp;p\u0159\u00edpad\u011b ohro\u017een\u00ed onemocn\u011bn\u00edm COVID-19 a aktu\u00e1ln\u00edch opat\u0159en\u00ed vl\u00e1dy \u010cR\/ Ministerstva zdravotnictv\u00ed\/ hygienick\u00e9 stanice nebo \u0159editele Polsk\u00e9ho institutu nebo karant\u00e9ny\/onemocn\u011bn\u00ed lektora pol\u0161tiny je mo\u017en\u00e9 p\u0159ev\u00e9st &nbsp;prezen\u010dn\u00ed v\u00fduku kurz\u016f polsk\u00e9ho jazyka do virtu\u00e1ln\u00ed t\u0159\u00eddy a pokra\u010dovat ve v\u00fduce formou skupinov\u00e9ho on-line kurzu prost\u0159ednictv\u00edm v\u00fdukov\u00e9 platformy zvolen\u00e9 Polsk\u00fdm institutem. Vracen\u00ed kurzovn\u00e9ho nebude mo\u017en\u00e9.<\/p>\n\n\n\n<h2 class=\"wp-block-heading\">Ceny ve \u0161koln\u00edm roce 2025\/2026<\/h2>\n\n\n\n<p><strong>Za\u010d\u00e1te\u010dn\u00edci \u2013 pokro\u010dil\u00ed<\/strong> (1x t\u00fddn\u011b 90 min.): 3 900 K\u010d \/ semestr<br>Zlevn\u011bn\u00e1 cena: 2 800 K\u010d* \/ semestr<\/p>\n\n\n\n<p><strong>Konverza\u010dn\u00ed kurz <\/strong>(1x t\u00fddn\u011b 60 min.): 2 200 K\u010d \/ semestr<br>Zlevn\u011bn\u00e1 cena: 1 900 K\u010d<strong>*<\/strong> \/ semestr<\/p>\n\n\n\n<p>Kurzovn\u00e9 se plat\u00ed u lektora, kter\u00fd potvrzuje p\u0159evzet\u00ed kurzovn\u00e9ho v hotovosti na p\u0159\u00edjmov\u00e9m dokladu s vlastn\u00edm raz\u00edtkem. Je mo\u017en\u00e1 tak\u00e9 platba bankovn\u00edm p\u0159evodem nebo na fakturu.<\/p>\n\n\n\n<p><strong>*<\/strong> Sleva plat\u00ed pro \u017e\u00e1ky a studenty prezen\u010dn\u00edho studia, d\u016fchodce a rodi\u010de na mate\u0159sk\u00e9 dovolen\u00e9. N\u00e1rok na slevu je nutno dolo\u017eit (nap\u0159. potvrzen\u00edm ze \u0161koly, \u00fa\u0159adu apod.)<\/p>\n\n\n\n<p><strong>Podrobnosti o kurzech<\/strong><\/p>\n\n\n\n<p>Beata Mocov\u00e1<br>+420\/ 220&nbsp;410&nbsp;417 (\u00fat, \u010dt, p\u00e1)<br><a href=\"mailto:beata.mocova@instytutpolski.pl\" target=\"_blank\" rel=\"noreferrer noopener\">beata.mocova@instytutpolski.pl<\/a><\/p>\n","protected":false},"excerpt":{"rendered":"<p>Polsk\u00fd institut v Praze nab\u00edz\u00ed v\u00fduku pol\u0161tiny v kurzech o r\u016fzn\u00fdch stupn\u00edch pokro\u010dilosti. Z\u00e1pisy prob\u00edhaj\u00ed p\u0159ed za\u010d\u00e1tkem zimn\u00edho semestru, po dohod\u011b s lektorem je mo\u017en\u00e9 p\u0159ihl\u00e1sit se i v pr\u016fb\u011bhu kurzu. Polsk\u00fd institut vystavuje doklad o ukon\u010den\u00ed kurzu, poskytuje tak\u00e9 informace o certifikovan\u00fdch st\u00e1tn\u00edch zkou\u0161k\u00e1ch. Studenti maj\u00ed mo\u017enost vyu\u017e\u00edvat knihovnu a mediat\u00e9ku Polsk\u00e9ho institutu s [&hellip;]<\/p>\n","protected":false},"author":1,"featured_media":11887,"parent":0,"menu_order":0,"comment_status":"closed","ping_status":"closed","template":"","meta":{"inline_featured_image":false,"_monsterinsights_skip_tracking":false,"_monsterinsights_sitenote_active":false,"_monsterinsights_sitenote_note":"","_monsterinsights_sitenote_category":0,"footnotes":""},"class_list":["post-355","page","type-page","status-publish","has-post-thumbnail","hentry"],"yoast_head":"<!-- This site is optimized with the Yoast SEO plugin v24.6 - https:\/\/yoast.com\/wordpress\/plugins\/seo\/ -->\n<title>Kurzy pol\u0161tiny po\u0159\u00e1dan\u00e9 Polsk\u00fdm institutem - Instytut Polski w Pradze<\/title>\n<meta name=\"robots\" content=\"index, follow, max-snippet:-1, max-image-preview:large, max-video-preview:-1\" \/>\n<link rel=\"canonical\" href=\"https:\/\/instytutpolski.pl\/praha\/kurzy-polstiny-poradane-polskym-institutem\/\" \/>\n<meta property=\"og:locale\" content=\"pl_PL\" \/>\n<meta property=\"og:type\" content=\"article\" \/>\n<meta property=\"og:title\" content=\"Kurzy pol\u0161tiny po\u0159\u00e1dan\u00e9 Polsk\u00fdm institutem - Instytut Polski w Pradze\" \/>\n<meta property=\"og:description\" content=\"Polsk\u00fd institut v Praze nab\u00edz\u00ed v\u00fduku pol\u0161tiny v kurzech o r\u016fzn\u00fdch stupn\u00edch pokro\u010dilosti. Z\u00e1pisy prob\u00edhaj\u00ed p\u0159ed za\u010d\u00e1tkem zimn\u00edho semestru, po dohod\u011b s lektorem je mo\u017en\u00e9 p\u0159ihl\u00e1sit se i v pr\u016fb\u011bhu kurzu. Polsk\u00fd institut vystavuje doklad o ukon\u010den\u00ed kurzu, poskytuje tak\u00e9 informace o certifikovan\u00fdch st\u00e1tn\u00edch zkou\u0161k\u00e1ch. Studenti maj\u00ed mo\u017enost vyu\u017e\u00edvat knihovnu a mediat\u00e9ku Polsk\u00e9ho institutu s [&hellip;]\" \/>\n<meta property=\"og:url\" content=\"https:\/\/instytutpolski.pl\/praha\/kurzy-polstiny-poradane-polskym-institutem\/\" \/>\n<meta property=\"og:site_name\" content=\"Instytut Polski w Pradze\" \/>\n<meta property=\"article:modified_time\" content=\"2025-09-09T09:44:39+00:00\" \/>\n<meta property=\"og:image\" content=\"https:\/\/instytutpolski.pl\/praha\/wp-content\/uploads\/sites\/10\/2025\/05\/DSC02672.jpg\" \/>\n\t<meta property=\"og:image:width\" content=\"2048\" \/>\n\t<meta property=\"og:image:height\" content=\"1365\" \/>\n\t<meta property=\"og:image:type\" content=\"image\/jpeg\" \/>\n<meta name=\"twitter:card\" content=\"summary_large_image\" \/>\n<meta name=\"twitter:label1\" content=\"Szacowany czas czytania\" \/>\n\t<meta name=\"twitter:data1\" content=\"4 minuty\" \/>\n<script type=\"application\/ld+json\" class=\"yoast-schema-graph\">{\"@context\":\"https:\/\/schema.org\",\"@graph\":[{\"@type\":\"WebPage\",\"@id\":\"https:\/\/instytutpolski.pl\/praha\/kurzy-polstiny-poradane-polskym-institutem\/\",\"url\":\"https:\/\/instytutpolski.pl\/praha\/kurzy-polstiny-poradane-polskym-institutem\/\",\"name\":\"Kurzy pol\u0161tiny po\u0159\u00e1dan\u00e9 Polsk\u00fdm institutem - Instytut Polski w Pradze\",\"isPartOf\":{\"@id\":\"https:\/\/instytutpolski.pl\/praha\/#website\"},\"primaryImageOfPage\":{\"@id\":\"https:\/\/instytutpolski.pl\/praha\/kurzy-polstiny-poradane-polskym-institutem\/#primaryimage\"},\"image\":{\"@id\":\"https:\/\/instytutpolski.pl\/praha\/kurzy-polstiny-poradane-polskym-institutem\/#primaryimage\"},\"thumbnailUrl\":\"https:\/\/instytutpolski.pl\/praha\/wp-content\/uploads\/sites\/10\/2025\/05\/DSC02672.jpg\",\"datePublished\":\"2019-06-25T07:45:23+00:00\",\"dateModified\":\"2025-09-09T09:44:39+00:00\",\"breadcrumb\":{\"@id\":\"https:\/\/instytutpolski.pl\/praha\/kurzy-polstiny-poradane-polskym-institutem\/#breadcrumb\"},\"inLanguage\":\"pl-PL\",\"potentialAction\":[{\"@type\":\"ReadAction\",\"target\":[\"https:\/\/instytutpolski.pl\/praha\/kurzy-polstiny-poradane-polskym-institutem\/\"]}]},{\"@type\":\"ImageObject\",\"inLanguage\":\"pl-PL\",\"@id\":\"https:\/\/instytutpolski.pl\/praha\/kurzy-polstiny-poradane-polskym-institutem\/#primaryimage\",\"url\":\"https:\/\/instytutpolski.pl\/praha\/wp-content\/uploads\/sites\/10\/2025\/05\/DSC02672.jpg\",\"contentUrl\":\"https:\/\/instytutpolski.pl\/praha\/wp-content\/uploads\/sites\/10\/2025\/05\/DSC02672.jpg\",\"width\":2048,\"height\":1365},{\"@type\":\"BreadcrumbList\",\"@id\":\"https:\/\/instytutpolski.pl\/praha\/kurzy-polstiny-poradane-polskym-institutem\/#breadcrumb\",\"itemListElement\":[{\"@type\":\"ListItem\",\"position\":1,\"name\":\"Home\",\"item\":\"https:\/\/instytutpolski.pl\/praha\/\"},{\"@type\":\"ListItem\",\"position\":2,\"name\":\"Kurzy pol\u0161tiny po\u0159\u00e1dan\u00e9 Polsk\u00fdm institutem\"}]},{\"@type\":\"WebSite\",\"@id\":\"https:\/\/instytutpolski.pl\/praha\/#website\",\"url\":\"https:\/\/instytutpolski.pl\/praha\/\",\"name\":\"Instytut Polski w Pradze\",\"description\":\"Instytuty Polskie\",\"potentialAction\":[{\"@type\":\"SearchAction\",\"target\":{\"@type\":\"EntryPoint\",\"urlTemplate\":\"https:\/\/instytutpolski.pl\/praha\/?s={search_term_string}\"},\"query-input\":{\"@type\":\"PropertyValueSpecification\",\"valueRequired\":true,\"valueName\":\"search_term_string\"}}],\"inLanguage\":\"pl-PL\"}]}<\/script>\n<!-- \/ Yoast SEO plugin. -->","yoast_head_json":{"title":"Kurzy pol\u0161tiny po\u0159\u00e1dan\u00e9 Polsk\u00fdm institutem - Instytut Polski w Pradze","robots":{"index":"index","follow":"follow","max-snippet":"max-snippet:-1","max-image-preview":"max-image-preview:large","max-video-preview":"max-video-preview:-1"},"canonical":"https:\/\/instytutpolski.pl\/praha\/kurzy-polstiny-poradane-polskym-institutem\/","og_locale":"pl_PL","og_type":"article","og_title":"Kurzy pol\u0161tiny po\u0159\u00e1dan\u00e9 Polsk\u00fdm institutem - Instytut Polski w Pradze","og_description":"Polsk\u00fd institut v Praze nab\u00edz\u00ed v\u00fduku pol\u0161tiny v kurzech o r\u016fzn\u00fdch stupn\u00edch pokro\u010dilosti. Z\u00e1pisy prob\u00edhaj\u00ed p\u0159ed za\u010d\u00e1tkem zimn\u00edho semestru, po dohod\u011b s lektorem je mo\u017en\u00e9 p\u0159ihl\u00e1sit se i v pr\u016fb\u011bhu kurzu. Polsk\u00fd institut vystavuje doklad o ukon\u010den\u00ed kurzu, poskytuje tak\u00e9 informace o certifikovan\u00fdch st\u00e1tn\u00edch zkou\u0161k\u00e1ch. Studenti maj\u00ed mo\u017enost vyu\u017e\u00edvat knihovnu a mediat\u00e9ku Polsk\u00e9ho institutu s [&hellip;]","og_url":"https:\/\/instytutpolski.pl\/praha\/kurzy-polstiny-poradane-polskym-institutem\/","og_site_name":"Instytut Polski w Pradze","article_modified_time":"2025-09-09T09:44:39+00:00","og_image":[{"width":2048,"height":1365,"url":"https:\/\/instytutpolski.pl\/praha\/wp-content\/uploads\/sites\/10\/2025\/05\/DSC02672.jpg","type":"image\/jpeg"}],"twitter_card":"summary_large_image","twitter_misc":{"Szacowany czas czytania":"4 minuty"},"schema":{"@context":"https:\/\/schema.org","@graph":[{"@type":"WebPage","@id":"https:\/\/instytutpolski.pl\/praha\/kurzy-polstiny-poradane-polskym-institutem\/","url":"https:\/\/instytutpolski.pl\/praha\/kurzy-polstiny-poradane-polskym-institutem\/","name":"Kurzy pol\u0161tiny po\u0159\u00e1dan\u00e9 Polsk\u00fdm institutem - Instytut Polski w Pradze","isPartOf":{"@id":"https:\/\/instytutpolski.pl\/praha\/#website"},"primaryImageOfPage":{"@id":"https:\/\/instytutpolski.pl\/praha\/kurzy-polstiny-poradane-polskym-institutem\/#primaryimage"},"image":{"@id":"https:\/\/instytutpolski.pl\/praha\/kurzy-polstiny-poradane-polskym-institutem\/#primaryimage"},"thumbnailUrl":"https:\/\/instytutpolski.pl\/praha\/wp-content\/uploads\/sites\/10\/2025\/05\/DSC02672.jpg","datePublished":"2019-06-25T07:45:23+00:00","dateModified":"2025-09-09T09:44:39+00:00","breadcrumb":{"@id":"https:\/\/instytutpolski.pl\/praha\/kurzy-polstiny-poradane-polskym-institutem\/#breadcrumb"},"inLanguage":"pl-PL","potentialAction":[{"@type":"ReadAction","target":["https:\/\/instytutpolski.pl\/praha\/kurzy-polstiny-poradane-polskym-institutem\/"]}]},{"@type":"ImageObject","inLanguage":"pl-PL","@id":"https:\/\/instytutpolski.pl\/praha\/kurzy-polstiny-poradane-polskym-institutem\/#primaryimage","url":"https:\/\/instytutpolski.pl\/praha\/wp-content\/uploads\/sites\/10\/2025\/05\/DSC02672.jpg","contentUrl":"https:\/\/instytutpolski.pl\/praha\/wp-content\/uploads\/sites\/10\/2025\/05\/DSC02672.jpg","width":2048,"height":1365},{"@type":"BreadcrumbList","@id":"https:\/\/instytutpolski.pl\/praha\/kurzy-polstiny-poradane-polskym-institutem\/#breadcrumb","itemListElement":[{"@type":"ListItem","position":1,"name":"Home","item":"https:\/\/instytutpolski.pl\/praha\/"},{"@type":"ListItem","position":2,"name":"Kurzy pol\u0161tiny po\u0159\u00e1dan\u00e9 Polsk\u00fdm institutem"}]},{"@type":"WebSite","@id":"https:\/\/instytutpolski.pl\/praha\/#website","url":"https:\/\/instytutpolski.pl\/praha\/","name":"Instytut Polski w Pradze","description":"Instytuty Polskie","potentialAction":[{"@type":"SearchAction","target":{"@type":"EntryPoint","urlTemplate":"https:\/\/instytutpolski.pl\/praha\/?s={search_term_string}"},"query-input":{"@type":"PropertyValueSpecification","valueRequired":true,"valueName":"search_term_string"}}],"inLanguage":"pl-PL"}]}},"_links":{"self":[{"href":"https:\/\/instytutpolski.pl\/praha\/wp-json\/wp\/v2\/pages\/355","targetHints":{"allow":["GET"]}}],"collection":[{"href":"https:\/\/instytutpolski.pl\/praha\/wp-json\/wp\/v2\/pages"}],"about":[{"href":"https:\/\/instytutpolski.pl\/praha\/wp-json\/wp\/v2\/types\/page"}],"author":[{"embeddable":true,"href":"https:\/\/instytutpolski.pl\/praha\/wp-json\/wp\/v2\/users\/1"}],"replies":[{"embeddable":true,"href":"https:\/\/instytutpolski.pl\/praha\/wp-json\/wp\/v2\/comments?post=355"}],"version-history":[{"count":114,"href":"https:\/\/instytutpolski.pl\/praha\/wp-json\/wp\/v2\/pages\/355\/revisions"}],"predecessor-version":[{"id":12406,"href":"https:\/\/instytutpolski.pl\/praha\/wp-json\/wp\/v2\/pages\/355\/revisions\/12406"}],"wp:featuredmedia":[{"embeddable":true,"href":"https:\/\/instytutpolski.pl\/praha\/wp-json\/wp\/v2\/media\/11887"}],"wp:attachment":[{"href":"https:\/\/instytutpolski.pl\/praha\/wp-json\/wp\/v2\/media?parent=355"}],"curies":[{"name":"wp","href":"https:\/\/api.w.org\/{rel}","templated":true}]}}