{"id":359,"date":"2019-06-25T09:45:55","date_gmt":"2019-06-25T07:45:55","guid":{"rendered":"https:\/\/instytutpolski.pl\/praga\/?page_id=359"},"modified":"2020-06-02T13:18:15","modified_gmt":"2020-06-02T11:18:15","slug":"lektoraty-polskeho-jazyka-na-vysokych-skolach","status":"publish","type":"page","link":"https:\/\/instytutpolski.pl\/praha\/polstina\/lektoraty-polskeho-jazyka-na-vysokych-skolach\/","title":{"rendered":"Lektor\u00e1ty polsk\u00e9ho jazyka na vysok\u00fdch \u0161kol\u00e1ch"},"content":{"rendered":"\n<p>Pol\u0161tinu lze v \u010cesk\u00e9 republice studovat tak\u00e9 na univerzit\u00e1ch. Mezi nejv\u00fdznamn\u011bj\u0161\u00ed polonistick\u00e1 centra pat\u0159\u00ed\u00a0<a rel=\"noreferrer noopener\" href=\"https:\/\/kses.ff.cuni.cz\/cs\/\" target=\"_blank\">Katedra st\u0159edoevropsk\u00fdch studi\u00ed Univerzity Karlovy v Praze<\/a>, polsk\u00e1 studia na\u00a0<a rel=\"noreferrer noopener\" href=\"https:\/\/www.muni.cz\/bakalarske-a-magisterske-obory\/24280-polska-studia\" target=\"_blank\">Masarykov\u011b univerzit\u011b v Brn\u011b<\/a>, sekce polonistiky na\u00a0<a rel=\"noreferrer noopener\" href=\"https:\/\/www.ff.upol.cz\/ksl\/\" target=\"_blank\">Palack\u00e9ho univerzit\u011b v Olomouci<\/a>\u00a0a katedra slavistiky na\u00a0<a rel=\"noreferrer noopener\" href=\"https:\/\/ff.osu.cz\/ksl\/\" target=\"_blank\">Ostravsk\u00e9 univerzit\u011b<\/a>\u00a0nebo slavistick\u00e1 studia se zam\u011b\u0159en\u00edm na pol\u0161tinu na\u00a0<a rel=\"noreferrer noopener\" href=\"https:\/\/ff.upce.cz\/ff\/klks.html\" target=\"_blank\">Univerzit\u011b Pardubice<\/a>.<\/p>\n","protected":false},"excerpt":{"rendered":"<p>Pol\u0161tinu lze v \u010cesk\u00e9 republice studovat tak\u00e9 na univerzit\u00e1ch. Mezi nejv\u00fdznamn\u011bj\u0161\u00ed polonistick\u00e1 centra pat\u0159\u00ed\u00a0Katedra st\u0159edoevropsk\u00fdch studi\u00ed Univerzity Karlovy v Praze, polsk\u00e1 studia na\u00a0Masarykov\u011b univerzit\u011b v Brn\u011b, sekce polonistiky na\u00a0Palack\u00e9ho univerzit\u011b v Olomouci\u00a0a katedra slavistiky na\u00a0Ostravsk\u00e9 univerzit\u011b\u00a0nebo slavistick\u00e1 studia se zam\u011b\u0159en\u00edm na pol\u0161tinu na\u00a0Univerzit\u011b Pardubice.<\/p>\n","protected":false},"author":1,"featured_media":449,"parent":353,"menu_order":0,"comment_status":"closed","ping_status":"closed","template":"","meta":{"inline_featured_image":false,"_monsterinsights_skip_tracking":false,"_monsterinsights_sitenote_active":false,"_monsterinsights_sitenote_note":"","_monsterinsights_sitenote_category":0,"footnotes":""},"class_list":["post-359","page","type-page","status-publish","has-post-thumbnail","hentry"],"yoast_head":"<!-- This site is optimized with the Yoast SEO plugin v24.6 - https:\/\/yoast.com\/wordpress\/plugins\/seo\/ -->\n<title>Lektor\u00e1ty polsk\u00e9ho jazyka na vysok\u00fdch \u0161kol\u00e1ch - Instytut Polski w Pradze<\/title>\n<meta name=\"robots\" content=\"index, follow, max-snippet:-1, max-image-preview:large, max-video-preview:-1\" \/>\n<link rel=\"canonical\" href=\"https:\/\/instytutpolski.pl\/praha\/polstina\/lektoraty-polskeho-jazyka-na-vysokych-skolach\/\" \/>\n<meta property=\"og:locale\" content=\"pl_PL\" \/>\n<meta property=\"og:type\" content=\"article\" \/>\n<meta property=\"og:title\" content=\"Lektor\u00e1ty polsk\u00e9ho jazyka na vysok\u00fdch \u0161kol\u00e1ch - Instytut Polski w Pradze\" \/>\n<meta property=\"og:description\" content=\"Pol\u0161tinu lze v \u010cesk\u00e9 republice studovat tak\u00e9 na univerzit\u00e1ch. Mezi nejv\u00fdznamn\u011bj\u0161\u00ed polonistick\u00e1 centra pat\u0159\u00ed\u00a0Katedra st\u0159edoevropsk\u00fdch studi\u00ed Univerzity Karlovy v Praze, polsk\u00e1 studia na\u00a0Masarykov\u011b univerzit\u011b v Brn\u011b, sekce polonistiky na\u00a0Palack\u00e9ho univerzit\u011b v Olomouci\u00a0a katedra slavistiky na\u00a0Ostravsk\u00e9 univerzit\u011b\u00a0nebo slavistick\u00e1 studia se zam\u011b\u0159en\u00edm na pol\u0161tinu na\u00a0Univerzit\u011b Pardubice.\" \/>\n<meta property=\"og:url\" content=\"https:\/\/instytutpolski.pl\/praha\/polstina\/lektoraty-polskeho-jazyka-na-vysokych-skolach\/\" \/>\n<meta property=\"og:site_name\" content=\"Instytut Polski w Pradze\" \/>\n<meta property=\"article:modified_time\" content=\"2020-06-02T11:18:15+00:00\" \/>\n<meta property=\"og:image\" content=\"https:\/\/instytutpolski.pl\/praha\/wp-content\/uploads\/sites\/10\/2019\/06\/lektoraty-jezyka-polskiego.jpg\" \/>\n\t<meta property=\"og:image:width\" content=\"1920\" \/>\n\t<meta property=\"og:image:height\" content=\"700\" \/>\n\t<meta property=\"og:image:type\" content=\"image\/jpeg\" \/>\n<meta name=\"twitter:card\" content=\"summary_large_image\" \/>\n<script type=\"application\/ld+json\" class=\"yoast-schema-graph\">{\"@context\":\"https:\/\/schema.org\",\"@graph\":[{\"@type\":\"WebPage\",\"@id\":\"https:\/\/instytutpolski.pl\/praha\/polstina\/lektoraty-polskeho-jazyka-na-vysokych-skolach\/\",\"url\":\"https:\/\/instytutpolski.pl\/praha\/polstina\/lektoraty-polskeho-jazyka-na-vysokych-skolach\/\",\"name\":\"Lektor\u00e1ty polsk\u00e9ho jazyka na vysok\u00fdch \u0161kol\u00e1ch - Instytut Polski w Pradze\",\"isPartOf\":{\"@id\":\"https:\/\/instytutpolski.pl\/praha\/#website\"},\"primaryImageOfPage\":{\"@id\":\"https:\/\/instytutpolski.pl\/praha\/polstina\/lektoraty-polskeho-jazyka-na-vysokych-skolach\/#primaryimage\"},\"image\":{\"@id\":\"https:\/\/instytutpolski.pl\/praha\/polstina\/lektoraty-polskeho-jazyka-na-vysokych-skolach\/#primaryimage\"},\"thumbnailUrl\":\"https:\/\/instytutpolski.pl\/praha\/wp-content\/uploads\/sites\/10\/2019\/06\/lektoraty-jezyka-polskiego.jpg\",\"datePublished\":\"2019-06-25T07:45:55+00:00\",\"dateModified\":\"2020-06-02T11:18:15+00:00\",\"breadcrumb\":{\"@id\":\"https:\/\/instytutpolski.pl\/praha\/polstina\/lektoraty-polskeho-jazyka-na-vysokych-skolach\/#breadcrumb\"},\"inLanguage\":\"pl-PL\",\"potentialAction\":[{\"@type\":\"ReadAction\",\"target\":[\"https:\/\/instytutpolski.pl\/praha\/polstina\/lektoraty-polskeho-jazyka-na-vysokych-skolach\/\"]}]},{\"@type\":\"ImageObject\",\"inLanguage\":\"pl-PL\",\"@id\":\"https:\/\/instytutpolski.pl\/praha\/polstina\/lektoraty-polskeho-jazyka-na-vysokych-skolach\/#primaryimage\",\"url\":\"https:\/\/instytutpolski.pl\/praha\/wp-content\/uploads\/sites\/10\/2019\/06\/lektoraty-jezyka-polskiego.jpg\",\"contentUrl\":\"https:\/\/instytutpolski.pl\/praha\/wp-content\/uploads\/sites\/10\/2019\/06\/lektoraty-jezyka-polskiego.jpg\",\"width\":1920,\"height\":700},{\"@type\":\"BreadcrumbList\",\"@id\":\"https:\/\/instytutpolski.pl\/praha\/polstina\/lektoraty-polskeho-jazyka-na-vysokych-skolach\/#breadcrumb\",\"itemListElement\":[{\"@type\":\"ListItem\",\"position\":1,\"name\":\"Home\",\"item\":\"https:\/\/instytutpolski.pl\/praha\/\"},{\"@type\":\"ListItem\",\"position\":2,\"name\":\"Pol\u0161tina\",\"item\":\"https:\/\/instytutpolski.pl\/praha\/polstina\/\"},{\"@type\":\"ListItem\",\"position\":3,\"name\":\"Lektor\u00e1ty polsk\u00e9ho jazyka na vysok\u00fdch \u0161kol\u00e1ch\"}]},{\"@type\":\"WebSite\",\"@id\":\"https:\/\/instytutpolski.pl\/praha\/#website\",\"url\":\"https:\/\/instytutpolski.pl\/praha\/\",\"name\":\"Instytut Polski w Pradze\",\"description\":\"Instytuty Polskie\",\"potentialAction\":[{\"@type\":\"SearchAction\",\"target\":{\"@type\":\"EntryPoint\",\"urlTemplate\":\"https:\/\/instytutpolski.pl\/praha\/?s={search_term_string}\"},\"query-input\":{\"@type\":\"PropertyValueSpecification\",\"valueRequired\":true,\"valueName\":\"search_term_string\"}}],\"inLanguage\":\"pl-PL\"}]}<\/script>\n<!-- \/ Yoast SEO plugin. -->","yoast_head_json":{"title":"Lektor\u00e1ty polsk\u00e9ho jazyka na vysok\u00fdch \u0161kol\u00e1ch - Instytut Polski w Pradze","robots":{"index":"index","follow":"follow","max-snippet":"max-snippet:-1","max-image-preview":"max-image-preview:large","max-video-preview":"max-video-preview:-1"},"canonical":"https:\/\/instytutpolski.pl\/praha\/polstina\/lektoraty-polskeho-jazyka-na-vysokych-skolach\/","og_locale":"pl_PL","og_type":"article","og_title":"Lektor\u00e1ty polsk\u00e9ho jazyka na vysok\u00fdch \u0161kol\u00e1ch - Instytut Polski w Pradze","og_description":"Pol\u0161tinu lze v \u010cesk\u00e9 republice studovat tak\u00e9 na univerzit\u00e1ch. Mezi nejv\u00fdznamn\u011bj\u0161\u00ed polonistick\u00e1 centra pat\u0159\u00ed\u00a0Katedra st\u0159edoevropsk\u00fdch studi\u00ed Univerzity Karlovy v Praze, polsk\u00e1 studia na\u00a0Masarykov\u011b univerzit\u011b v Brn\u011b, sekce polonistiky na\u00a0Palack\u00e9ho univerzit\u011b v Olomouci\u00a0a katedra slavistiky na\u00a0Ostravsk\u00e9 univerzit\u011b\u00a0nebo slavistick\u00e1 studia se zam\u011b\u0159en\u00edm na pol\u0161tinu na\u00a0Univerzit\u011b Pardubice.","og_url":"https:\/\/instytutpolski.pl\/praha\/polstina\/lektoraty-polskeho-jazyka-na-vysokych-skolach\/","og_site_name":"Instytut Polski w Pradze","article_modified_time":"2020-06-02T11:18:15+00:00","og_image":[{"width":1920,"height":700,"url":"https:\/\/instytutpolski.pl\/praha\/wp-content\/uploads\/sites\/10\/2019\/06\/lektoraty-jezyka-polskiego.jpg","type":"image\/jpeg"}],"twitter_card":"summary_large_image","schema":{"@context":"https:\/\/schema.org","@graph":[{"@type":"WebPage","@id":"https:\/\/instytutpolski.pl\/praha\/polstina\/lektoraty-polskeho-jazyka-na-vysokych-skolach\/","url":"https:\/\/instytutpolski.pl\/praha\/polstina\/lektoraty-polskeho-jazyka-na-vysokych-skolach\/","name":"Lektor\u00e1ty polsk\u00e9ho jazyka na vysok\u00fdch \u0161kol\u00e1ch - Instytut Polski w Pradze","isPartOf":{"@id":"https:\/\/instytutpolski.pl\/praha\/#website"},"primaryImageOfPage":{"@id":"https:\/\/instytutpolski.pl\/praha\/polstina\/lektoraty-polskeho-jazyka-na-vysokych-skolach\/#primaryimage"},"image":{"@id":"https:\/\/instytutpolski.pl\/praha\/polstina\/lektoraty-polskeho-jazyka-na-vysokych-skolach\/#primaryimage"},"thumbnailUrl":"https:\/\/instytutpolski.pl\/praha\/wp-content\/uploads\/sites\/10\/2019\/06\/lektoraty-jezyka-polskiego.jpg","datePublished":"2019-06-25T07:45:55+00:00","dateModified":"2020-06-02T11:18:15+00:00","breadcrumb":{"@id":"https:\/\/instytutpolski.pl\/praha\/polstina\/lektoraty-polskeho-jazyka-na-vysokych-skolach\/#breadcrumb"},"inLanguage":"pl-PL","potentialAction":[{"@type":"ReadAction","target":["https:\/\/instytutpolski.pl\/praha\/polstina\/lektoraty-polskeho-jazyka-na-vysokych-skolach\/"]}]},{"@type":"ImageObject","inLanguage":"pl-PL","@id":"https:\/\/instytutpolski.pl\/praha\/polstina\/lektoraty-polskeho-jazyka-na-vysokych-skolach\/#primaryimage","url":"https:\/\/instytutpolski.pl\/praha\/wp-content\/uploads\/sites\/10\/2019\/06\/lektoraty-jezyka-polskiego.jpg","contentUrl":"https:\/\/instytutpolski.pl\/praha\/wp-content\/uploads\/sites\/10\/2019\/06\/lektoraty-jezyka-polskiego.jpg","width":1920,"height":700},{"@type":"BreadcrumbList","@id":"https:\/\/instytutpolski.pl\/praha\/polstina\/lektoraty-polskeho-jazyka-na-vysokych-skolach\/#breadcrumb","itemListElement":[{"@type":"ListItem","position":1,"name":"Home","item":"https:\/\/instytutpolski.pl\/praha\/"},{"@type":"ListItem","position":2,"name":"Pol\u0161tina","item":"https:\/\/instytutpolski.pl\/praha\/polstina\/"},{"@type":"ListItem","position":3,"name":"Lektor\u00e1ty polsk\u00e9ho jazyka na vysok\u00fdch \u0161kol\u00e1ch"}]},{"@type":"WebSite","@id":"https:\/\/instytutpolski.pl\/praha\/#website","url":"https:\/\/instytutpolski.pl\/praha\/","name":"Instytut Polski w Pradze","description":"Instytuty Polskie","potentialAction":[{"@type":"SearchAction","target":{"@type":"EntryPoint","urlTemplate":"https:\/\/instytutpolski.pl\/praha\/?s={search_term_string}"},"query-input":{"@type":"PropertyValueSpecification","valueRequired":true,"valueName":"search_term_string"}}],"inLanguage":"pl-PL"}]}},"_links":{"self":[{"href":"https:\/\/instytutpolski.pl\/praha\/wp-json\/wp\/v2\/pages\/359","targetHints":{"allow":["GET"]}}],"collection":[{"href":"https:\/\/instytutpolski.pl\/praha\/wp-json\/wp\/v2\/pages"}],"about":[{"href":"https:\/\/instytutpolski.pl\/praha\/wp-json\/wp\/v2\/types\/page"}],"author":[{"embeddable":true,"href":"https:\/\/instytutpolski.pl\/praha\/wp-json\/wp\/v2\/users\/1"}],"replies":[{"embeddable":true,"href":"https:\/\/instytutpolski.pl\/praha\/wp-json\/wp\/v2\/comments?post=359"}],"version-history":[{"count":4,"href":"https:\/\/instytutpolski.pl\/praha\/wp-json\/wp\/v2\/pages\/359\/revisions"}],"predecessor-version":[{"id":1837,"href":"https:\/\/instytutpolski.pl\/praha\/wp-json\/wp\/v2\/pages\/359\/revisions\/1837"}],"up":[{"embeddable":true,"href":"https:\/\/instytutpolski.pl\/praha\/wp-json\/wp\/v2\/pages\/353"}],"wp:featuredmedia":[{"embeddable":true,"href":"https:\/\/instytutpolski.pl\/praha\/wp-json\/wp\/v2\/media\/449"}],"wp:attachment":[{"href":"https:\/\/instytutpolski.pl\/praha\/wp-json\/wp\/v2\/media?parent=359"}],"curies":[{"name":"wp","href":"https:\/\/api.w.org\/{rel}","templated":true}]}}