{"id":363,"date":"2019-06-25T09:46:19","date_gmt":"2019-06-25T07:46:19","guid":{"rendered":"https:\/\/instytutpolski.pl\/praga\/?page_id=363"},"modified":"2020-06-05T13:54:07","modified_gmt":"2020-06-05T11:54:07","slug":"certifikaty-z-polstiny","status":"publish","type":"page","link":"https:\/\/instytutpolski.pl\/praha\/polstina\/certifikaty-z-polstiny\/","title":{"rendered":"Certifik\u00e1ty z pol\u0161tiny"},"content":{"rendered":"\n<div class=\"wp-block-image\"><figure class=\"aligncenter size-large is-resized\"><img loading=\"lazy\" decoding=\"async\" src=\"https:\/\/instytutpolski.pl\/praha\/wp-content\/uploads\/sites\/10\/2020\/06\/logo_certyfikat_jezyka_polskiego.jpg\" alt=\"\" class=\"wp-image-1816\" width=\"187\" height=\"187\" srcset=\"https:\/\/instytutpolski.pl\/praha\/wp-content\/uploads\/sites\/10\/2020\/06\/logo_certyfikat_jezyka_polskiego.jpg 249w, https:\/\/instytutpolski.pl\/praha\/wp-content\/uploads\/sites\/10\/2020\/06\/logo_certyfikat_jezyka_polskiego-150x150.jpg 150w\" sizes=\"auto, (max-width: 187px) 100vw, 187px\" \/><\/figure><\/div>\n\n\n\n<p>St\u00e1tn\u00ed certifika\u010dn\u00ed zkou\u0161ky z pol\u0161tiny jako ciz\u00edho jazyka zji\u0161\u0165uj\u00ed \u00farove\u0148 jazykov\u00fdch znalost\u00ed v souladu s <a href=\"https:\/\/europass.cedefop.europa.eu\/cs\/resources\/european-language-levels-cefr\" target=\"_blank\" rel=\"noreferrer noopener\">evropsk\u00fdm syst\u00e9mem jazykov\u00fdch \u00farovn\u00ed<\/a>.<\/p>\n\n\n\n<p><strong>Ke zkou\u0161k\u00e1m se mohou hl\u00e1sit v\u0161ichni cizinci a pol\u0161t\u00ed ob\u010dan\u00e9 trvale \u017eij\u00edc\u00ed v zahrani\u010d\u00ed. Certifika\u010dn\u00ed zkou\u0161ky mohou skl\u00e1dat dosp\u011bl\u00ed a ml\u00e1de\u017e ve v\u011bku 14-17 let.<\/strong><\/p>\n\n\n\n<p>Certifika\u010dn\u00ed zkou\u0161ky z pol\u0161tiny jako ciz\u00edho jazyka je mo\u017en\u00e9 skl\u00e1dat od roku 2004. Od t\u00e9 doby prob\u011bhlo u\u017e 267 zkou\u0161ek, k nim\u017e se p\u0159\u00edhl\u00e1silo 11 697 lid\u00ed. Uchaze\u010di mohli skl\u00e1dat zkou\u0161ky na \u00farovni B1, B2, C1 nebo C2.<\/p>\n\n\n\n<p>Znalost pol\u0161tiny je vymezov\u00e1na jako schopnost porozum\u011bn\u00ed sou\u010dasn\u00e9 psan\u00e9 i mluven\u00e9 pol\u0161tin\u011b a schopnost u\u017e\u00edv\u00e1n\u00ed jazyka slovem a p\u00edsmem.<\/p>\n\n\n\n<p><strong>Posuzov\u00e1ny jsou n\u00e1sleduj\u00edc\u00ed jazykov\u00e9 znalosti:<\/strong><\/p>\n\n\n\n<ul class=\"wp-block-list\"><li>porozum\u011bn\u00ed ze sluchu<\/li><li>gramatick\u00e1 spr\u00e1vnost<\/li><li>porozum\u011bn\u00ed psan\u00fdch text\u016f<\/li><li>psan\u00ed<\/li><li>mluven\u00e1 \u0159e\u010d<\/li><\/ul>\n\n\n\n<p>Ve\u0161ker\u00e9 informace k certifika\u010dn\u00edm zkou\u0161k\u00e1m z pol\u0161tiny jako ciz\u00edho jazyka jsou k dispozici na str\u00e1nk\u00e1ch: <a rel=\"noreferrer noopener\" href=\"http:\/\/certyfikatpolski.pl\/\" target=\"_blank\">http:\/\/certyfikatpolski.pl\/<\/a><\/p>\n","protected":false},"excerpt":{"rendered":"<p>St\u00e1tn\u00ed certifika\u010dn\u00ed zkou\u0161ky z pol\u0161tiny jako ciz\u00edho jazyka zji\u0161\u0165uj\u00ed \u00farove\u0148 jazykov\u00fdch znalost\u00ed v souladu s evropsk\u00fdm syst\u00e9mem jazykov\u00fdch \u00farovn\u00ed. Ke zkou\u0161k\u00e1m se mohou hl\u00e1sit v\u0161ichni cizinci a pol\u0161t\u00ed ob\u010dan\u00e9 trvale \u017eij\u00edc\u00ed v zahrani\u010d\u00ed. Certifika\u010dn\u00ed zkou\u0161ky mohou skl\u00e1dat dosp\u011bl\u00ed a ml\u00e1de\u017e ve v\u011bku 14-17 let. Certifika\u010dn\u00ed zkou\u0161ky z pol\u0161tiny jako ciz\u00edho jazyka je mo\u017en\u00e9 skl\u00e1dat od [&hellip;]<\/p>\n","protected":false},"author":1,"featured_media":429,"parent":353,"menu_order":0,"comment_status":"closed","ping_status":"closed","template":"","meta":{"inline_featured_image":false,"_monsterinsights_skip_tracking":false,"_monsterinsights_sitenote_active":false,"_monsterinsights_sitenote_note":"","_monsterinsights_sitenote_category":0,"footnotes":""},"class_list":["post-363","page","type-page","status-publish","has-post-thumbnail","hentry"],"yoast_head":"<!-- This site is optimized with the Yoast SEO plugin v24.6 - https:\/\/yoast.com\/wordpress\/plugins\/seo\/ -->\n<title>Certifik\u00e1ty z pol\u0161tiny - Instytut Polski w Pradze<\/title>\n<meta name=\"robots\" content=\"index, follow, max-snippet:-1, max-image-preview:large, max-video-preview:-1\" \/>\n<link rel=\"canonical\" href=\"https:\/\/instytutpolski.pl\/praha\/polstina\/certifikaty-z-polstiny\/\" \/>\n<meta property=\"og:locale\" content=\"pl_PL\" \/>\n<meta property=\"og:type\" content=\"article\" \/>\n<meta property=\"og:title\" content=\"Certifik\u00e1ty z pol\u0161tiny - Instytut Polski w Pradze\" \/>\n<meta property=\"og:description\" content=\"St\u00e1tn\u00ed certifika\u010dn\u00ed zkou\u0161ky z pol\u0161tiny jako ciz\u00edho jazyka zji\u0161\u0165uj\u00ed \u00farove\u0148 jazykov\u00fdch znalost\u00ed v souladu s evropsk\u00fdm syst\u00e9mem jazykov\u00fdch \u00farovn\u00ed. Ke zkou\u0161k\u00e1m se mohou hl\u00e1sit v\u0161ichni cizinci a pol\u0161t\u00ed ob\u010dan\u00e9 trvale \u017eij\u00edc\u00ed v zahrani\u010d\u00ed. Certifika\u010dn\u00ed zkou\u0161ky mohou skl\u00e1dat dosp\u011bl\u00ed a ml\u00e1de\u017e ve v\u011bku 14-17 let. Certifika\u010dn\u00ed zkou\u0161ky z pol\u0161tiny jako ciz\u00edho jazyka je mo\u017en\u00e9 skl\u00e1dat od [&hellip;]\" \/>\n<meta property=\"og:url\" content=\"https:\/\/instytutpolski.pl\/praha\/polstina\/certifikaty-z-polstiny\/\" \/>\n<meta property=\"og:site_name\" content=\"Instytut Polski w Pradze\" \/>\n<meta property=\"article:modified_time\" content=\"2020-06-05T11:54:07+00:00\" \/>\n<meta property=\"og:image\" content=\"https:\/\/instytutpolski.pl\/praha\/wp-content\/uploads\/sites\/10\/2019\/06\/certyfikacja-znajomosci.jpg\" \/>\n\t<meta property=\"og:image:width\" content=\"1920\" \/>\n\t<meta property=\"og:image:height\" content=\"700\" \/>\n\t<meta property=\"og:image:type\" content=\"image\/jpeg\" \/>\n<meta name=\"twitter:card\" content=\"summary_large_image\" \/>\n<meta name=\"twitter:label1\" content=\"Szacowany czas czytania\" \/>\n\t<meta name=\"twitter:data1\" content=\"1 minuta\" \/>\n<script type=\"application\/ld+json\" class=\"yoast-schema-graph\">{\"@context\":\"https:\/\/schema.org\",\"@graph\":[{\"@type\":\"WebPage\",\"@id\":\"https:\/\/instytutpolski.pl\/praha\/polstina\/certifikaty-z-polstiny\/\",\"url\":\"https:\/\/instytutpolski.pl\/praha\/polstina\/certifikaty-z-polstiny\/\",\"name\":\"Certifik\u00e1ty z pol\u0161tiny - Instytut Polski w Pradze\",\"isPartOf\":{\"@id\":\"https:\/\/instytutpolski.pl\/praha\/#website\"},\"primaryImageOfPage\":{\"@id\":\"https:\/\/instytutpolski.pl\/praha\/polstina\/certifikaty-z-polstiny\/#primaryimage\"},\"image\":{\"@id\":\"https:\/\/instytutpolski.pl\/praha\/polstina\/certifikaty-z-polstiny\/#primaryimage\"},\"thumbnailUrl\":\"https:\/\/instytutpolski.pl\/praha\/wp-content\/uploads\/sites\/10\/2019\/06\/certyfikacja-znajomosci.jpg\",\"datePublished\":\"2019-06-25T07:46:19+00:00\",\"dateModified\":\"2020-06-05T11:54:07+00:00\",\"breadcrumb\":{\"@id\":\"https:\/\/instytutpolski.pl\/praha\/polstina\/certifikaty-z-polstiny\/#breadcrumb\"},\"inLanguage\":\"pl-PL\",\"potentialAction\":[{\"@type\":\"ReadAction\",\"target\":[\"https:\/\/instytutpolski.pl\/praha\/polstina\/certifikaty-z-polstiny\/\"]}]},{\"@type\":\"ImageObject\",\"inLanguage\":\"pl-PL\",\"@id\":\"https:\/\/instytutpolski.pl\/praha\/polstina\/certifikaty-z-polstiny\/#primaryimage\",\"url\":\"https:\/\/instytutpolski.pl\/praha\/wp-content\/uploads\/sites\/10\/2019\/06\/certyfikacja-znajomosci.jpg\",\"contentUrl\":\"https:\/\/instytutpolski.pl\/praha\/wp-content\/uploads\/sites\/10\/2019\/06\/certyfikacja-znajomosci.jpg\",\"width\":1920,\"height\":700},{\"@type\":\"BreadcrumbList\",\"@id\":\"https:\/\/instytutpolski.pl\/praha\/polstina\/certifikaty-z-polstiny\/#breadcrumb\",\"itemListElement\":[{\"@type\":\"ListItem\",\"position\":1,\"name\":\"Home\",\"item\":\"https:\/\/instytutpolski.pl\/praha\/\"},{\"@type\":\"ListItem\",\"position\":2,\"name\":\"Pol\u0161tina\",\"item\":\"https:\/\/instytutpolski.pl\/praha\/polstina\/\"},{\"@type\":\"ListItem\",\"position\":3,\"name\":\"Certifik\u00e1ty z pol\u0161tiny\"}]},{\"@type\":\"WebSite\",\"@id\":\"https:\/\/instytutpolski.pl\/praha\/#website\",\"url\":\"https:\/\/instytutpolski.pl\/praha\/\",\"name\":\"Instytut Polski w Pradze\",\"description\":\"Instytuty Polskie\",\"potentialAction\":[{\"@type\":\"SearchAction\",\"target\":{\"@type\":\"EntryPoint\",\"urlTemplate\":\"https:\/\/instytutpolski.pl\/praha\/?s={search_term_string}\"},\"query-input\":{\"@type\":\"PropertyValueSpecification\",\"valueRequired\":true,\"valueName\":\"search_term_string\"}}],\"inLanguage\":\"pl-PL\"}]}<\/script>\n<!-- \/ Yoast SEO plugin. -->","yoast_head_json":{"title":"Certifik\u00e1ty z pol\u0161tiny - Instytut Polski w Pradze","robots":{"index":"index","follow":"follow","max-snippet":"max-snippet:-1","max-image-preview":"max-image-preview:large","max-video-preview":"max-video-preview:-1"},"canonical":"https:\/\/instytutpolski.pl\/praha\/polstina\/certifikaty-z-polstiny\/","og_locale":"pl_PL","og_type":"article","og_title":"Certifik\u00e1ty z pol\u0161tiny - Instytut Polski w Pradze","og_description":"St\u00e1tn\u00ed certifika\u010dn\u00ed zkou\u0161ky z pol\u0161tiny jako ciz\u00edho jazyka zji\u0161\u0165uj\u00ed \u00farove\u0148 jazykov\u00fdch znalost\u00ed v souladu s evropsk\u00fdm syst\u00e9mem jazykov\u00fdch \u00farovn\u00ed. Ke zkou\u0161k\u00e1m se mohou hl\u00e1sit v\u0161ichni cizinci a pol\u0161t\u00ed ob\u010dan\u00e9 trvale \u017eij\u00edc\u00ed v zahrani\u010d\u00ed. Certifika\u010dn\u00ed zkou\u0161ky mohou skl\u00e1dat dosp\u011bl\u00ed a ml\u00e1de\u017e ve v\u011bku 14-17 let. Certifika\u010dn\u00ed zkou\u0161ky z pol\u0161tiny jako ciz\u00edho jazyka je mo\u017en\u00e9 skl\u00e1dat od [&hellip;]","og_url":"https:\/\/instytutpolski.pl\/praha\/polstina\/certifikaty-z-polstiny\/","og_site_name":"Instytut Polski w Pradze","article_modified_time":"2020-06-05T11:54:07+00:00","og_image":[{"width":1920,"height":700,"url":"https:\/\/instytutpolski.pl\/praha\/wp-content\/uploads\/sites\/10\/2019\/06\/certyfikacja-znajomosci.jpg","type":"image\/jpeg"}],"twitter_card":"summary_large_image","twitter_misc":{"Szacowany czas czytania":"1 minuta"},"schema":{"@context":"https:\/\/schema.org","@graph":[{"@type":"WebPage","@id":"https:\/\/instytutpolski.pl\/praha\/polstina\/certifikaty-z-polstiny\/","url":"https:\/\/instytutpolski.pl\/praha\/polstina\/certifikaty-z-polstiny\/","name":"Certifik\u00e1ty z pol\u0161tiny - Instytut Polski w Pradze","isPartOf":{"@id":"https:\/\/instytutpolski.pl\/praha\/#website"},"primaryImageOfPage":{"@id":"https:\/\/instytutpolski.pl\/praha\/polstina\/certifikaty-z-polstiny\/#primaryimage"},"image":{"@id":"https:\/\/instytutpolski.pl\/praha\/polstina\/certifikaty-z-polstiny\/#primaryimage"},"thumbnailUrl":"https:\/\/instytutpolski.pl\/praha\/wp-content\/uploads\/sites\/10\/2019\/06\/certyfikacja-znajomosci.jpg","datePublished":"2019-06-25T07:46:19+00:00","dateModified":"2020-06-05T11:54:07+00:00","breadcrumb":{"@id":"https:\/\/instytutpolski.pl\/praha\/polstina\/certifikaty-z-polstiny\/#breadcrumb"},"inLanguage":"pl-PL","potentialAction":[{"@type":"ReadAction","target":["https:\/\/instytutpolski.pl\/praha\/polstina\/certifikaty-z-polstiny\/"]}]},{"@type":"ImageObject","inLanguage":"pl-PL","@id":"https:\/\/instytutpolski.pl\/praha\/polstina\/certifikaty-z-polstiny\/#primaryimage","url":"https:\/\/instytutpolski.pl\/praha\/wp-content\/uploads\/sites\/10\/2019\/06\/certyfikacja-znajomosci.jpg","contentUrl":"https:\/\/instytutpolski.pl\/praha\/wp-content\/uploads\/sites\/10\/2019\/06\/certyfikacja-znajomosci.jpg","width":1920,"height":700},{"@type":"BreadcrumbList","@id":"https:\/\/instytutpolski.pl\/praha\/polstina\/certifikaty-z-polstiny\/#breadcrumb","itemListElement":[{"@type":"ListItem","position":1,"name":"Home","item":"https:\/\/instytutpolski.pl\/praha\/"},{"@type":"ListItem","position":2,"name":"Pol\u0161tina","item":"https:\/\/instytutpolski.pl\/praha\/polstina\/"},{"@type":"ListItem","position":3,"name":"Certifik\u00e1ty z pol\u0161tiny"}]},{"@type":"WebSite","@id":"https:\/\/instytutpolski.pl\/praha\/#website","url":"https:\/\/instytutpolski.pl\/praha\/","name":"Instytut Polski w Pradze","description":"Instytuty Polskie","potentialAction":[{"@type":"SearchAction","target":{"@type":"EntryPoint","urlTemplate":"https:\/\/instytutpolski.pl\/praha\/?s={search_term_string}"},"query-input":{"@type":"PropertyValueSpecification","valueRequired":true,"valueName":"search_term_string"}}],"inLanguage":"pl-PL"}]}},"_links":{"self":[{"href":"https:\/\/instytutpolski.pl\/praha\/wp-json\/wp\/v2\/pages\/363","targetHints":{"allow":["GET"]}}],"collection":[{"href":"https:\/\/instytutpolski.pl\/praha\/wp-json\/wp\/v2\/pages"}],"about":[{"href":"https:\/\/instytutpolski.pl\/praha\/wp-json\/wp\/v2\/types\/page"}],"author":[{"embeddable":true,"href":"https:\/\/instytutpolski.pl\/praha\/wp-json\/wp\/v2\/users\/1"}],"replies":[{"embeddable":true,"href":"https:\/\/instytutpolski.pl\/praha\/wp-json\/wp\/v2\/comments?post=363"}],"version-history":[{"count":8,"href":"https:\/\/instytutpolski.pl\/praha\/wp-json\/wp\/v2\/pages\/363\/revisions"}],"predecessor-version":[{"id":1906,"href":"https:\/\/instytutpolski.pl\/praha\/wp-json\/wp\/v2\/pages\/363\/revisions\/1906"}],"up":[{"embeddable":true,"href":"https:\/\/instytutpolski.pl\/praha\/wp-json\/wp\/v2\/pages\/353"}],"wp:featuredmedia":[{"embeddable":true,"href":"https:\/\/instytutpolski.pl\/praha\/wp-json\/wp\/v2\/media\/429"}],"wp:attachment":[{"href":"https:\/\/instytutpolski.pl\/praha\/wp-json\/wp\/v2\/media?parent=363"}],"curies":[{"name":"wp","href":"https:\/\/api.w.org\/{rel}","templated":true}]}}