{"id":367,"date":"2019-06-28T11:17:09","date_gmt":"2019-06-28T09:17:09","guid":{"rendered":"https:\/\/instytutpolski.pl\/praga\/?page_id=367"},"modified":"2025-02-13T17:25:44","modified_gmt":"2025-02-13T16:25:44","slug":"o-polskem-institutu","status":"publish","type":"page","link":"https:\/\/instytutpolski.pl\/praha\/o-polskem-institutu\/","title":{"rendered":"O Polsk\u00e9m institutu"},"content":{"rendered":"\n<p>Polsk\u00fd institut v Praze je sou\u010d\u00e1st\u00ed&nbsp;<a href=\"https:\/\/www.gov.pl\/web\/dyplomacja\" target=\"_blank\" rel=\"noreferrer noopener\">Ministerstva zahrani\u010dn\u00edch v\u011bc\u00ed Polsk\u00e9 republiky<\/a>&nbsp;a jedn\u00edm z dvaceti p\u011bti Polsk\u00fdch institut\u016f na cel\u00e9m sv\u011bt\u011b, jejich\u017e hlavn\u00edm c\u00edlem je roz\u0161i\u0159ovat a prohlubovat pov\u011bdom\u00ed o polsk\u00e9 kultu\u0159e, d\u011bjin\u00e1ch a spole\u010dnosti.<\/p>\n\n\n\n<p>Polsk\u00fd institut v Praze je pokra\u010dovatelem kulturn\u00edho odd\u011blen\u00ed Velvyslanectv\u00ed Polsk\u00e9 republiky z dvac\u00e1t\u00fdch let 20. stolet\u00ed. Dne 8. ledna 1949 bylo v&nbsp;Praze zalo\u017eeno Polsk\u00e9 informa\u010dn\u00ed st\u0159edisko (pozd\u011bji Polsk\u00e9 informa\u010dn\u00ed a kulturn\u00ed st\u0159edisko). Stalo se tak na z\u00e1klad\u011b dvojstrann\u00e9 mezivl\u00e1dn\u00ed smlouvy, kter\u00e1 byla podeps\u00e1na v&nbsp;roce 1947 \u2013 recipro\u010dn\u011b v&nbsp;podobn\u00e9 dob\u011b vzniklo tak\u00e9 dne\u0161n\u00ed \u010cesk\u00e9 centrum ve Var\u0161av\u011b. Polsk\u00e9 informa\u010dn\u00ed st\u0159edisko m\u011blo jako svou prvn\u00ed pra\u017eskou adresu V\u00e1clavsk\u00e9 n\u00e1m\u011bst\u00ed 10, mnoho Pra\u017ean\u016f m\u00e1 v\u0161ak jeho s\u00eddlo  spojeno p\u0159edev\u0161\u00edm s&nbsp;domem na rohu V\u00e1clavsk\u00e9ho n\u00e1m\u011bst\u00ed a Jind\u0159i\u0161sk\u00e9 ulice, kam se p\u0159est\u011bhovalo v&nbsp;60. letech a kde byl n\u00e1sledn\u011b otev\u0159en i dnes ji\u017e legend\u00e1rn\u00ed obchod. Ten prod\u00e1val nejr\u016fzn\u011bj\u0161\u00ed v\u00fdrobky, nap\u0159. bytov\u00e9 dopl\u0148ky, \u0161perky, velice \u017e\u00e1d\u00e1ny byly rovn\u011b\u017e knihy a gramofonov\u00e9 desky. D\u00edky relativn\u011b svobodn\u011bj\u0161\u00ed v\u011bdeck\u00e9 a kulturn\u00ed atmosf\u00e9\u0159e v&nbsp;Polsku zde byly k&nbsp;dost\u00e1n\u00ed hudba i knihy v&nbsp;tehdej\u0161\u00edm \u010ceskoslovensku nedostupn\u00e9, nap\u0159\u00edklad i knihy exilov\u00fdch autor\u016f nebo desky interpret\u016f pop music ze Z\u00e1padu. Od za\u010d\u00e1tku jeho vzniku prob\u00edhaly ve st\u0159edisku tak\u00e9 v\u00fdstavy a kurzy pol\u0161tiny, samoz\u0159ejmost\u00ed byla i knihovna. V&nbsp;roce 1994 do\u0161lo k&nbsp;p\u0159ejmenov\u00e1n\u00ed a sjednocen\u00ed polsk\u00fdch kulturn\u00edch st\u0159edisek a institut\u016f po cel\u00e9m sv\u011bt\u011b pod n\u00e1zev Polsk\u00fd institut, v&nbsp;sou\u010dasn\u00e9 dob\u011b existuje 25 Polsk\u00fdch institut\u016f v&nbsp;nejr\u016fzn\u011bj\u0161\u00edch koutech sv\u011bta.<\/p>\n\n\n\n<p>Polsk\u00fd institut v Praze m\u00e1 nyn\u00ed sv\u00e9 s\u00eddlo v pal\u00e1ci Metro na N\u00e1rodn\u00ed t\u0159\u00edd\u011b 961\/25, vchod ze schodi\u0161t\u011b B.<\/p>\n\n\n\n<figure class=\"wp-block-image size-large\"><img loading=\"lazy\" decoding=\"async\" width=\"1024\" height=\"682\" src=\"https:\/\/instytutpolski.pl\/praha\/wp-content\/uploads\/sites\/10\/2024\/11\/palac_metro_z_bannerem_web-1024x682.jpg\" alt=\"\" class=\"wp-image-11277\" srcset=\"https:\/\/instytutpolski.pl\/praha\/wp-content\/uploads\/sites\/10\/2024\/11\/palac_metro_z_bannerem_web-1024x682.jpg 1024w, https:\/\/instytutpolski.pl\/praha\/wp-content\/uploads\/sites\/10\/2024\/11\/palac_metro_z_bannerem_web-300x200.jpg 300w, https:\/\/instytutpolski.pl\/praha\/wp-content\/uploads\/sites\/10\/2024\/11\/palac_metro_z_bannerem_web-768x512.jpg 768w, https:\/\/instytutpolski.pl\/praha\/wp-content\/uploads\/sites\/10\/2024\/11\/palac_metro_z_bannerem_web-1536x1024.jpg 1536w, https:\/\/instytutpolski.pl\/praha\/wp-content\/uploads\/sites\/10\/2024\/11\/palac_metro_z_bannerem_web.jpg 2000w\" sizes=\"auto, (max-width: 1024px) 100vw, 1024px\" \/><\/figure>\n","protected":false},"excerpt":{"rendered":"<p>Polsk\u00fd institut v Praze je sou\u010d\u00e1st\u00ed&nbsp;Ministerstva zahrani\u010dn\u00edch v\u011bc\u00ed Polsk\u00e9 republiky&nbsp;a jedn\u00edm z dvaceti p\u011bti Polsk\u00fdch institut\u016f na cel\u00e9m sv\u011bt\u011b, jejich\u017e hlavn\u00edm c\u00edlem je roz\u0161i\u0159ovat a prohlubovat pov\u011bdom\u00ed o polsk\u00e9 kultu\u0159e, d\u011bjin\u00e1ch a spole\u010dnosti. Polsk\u00fd institut v Praze je pokra\u010dovatelem kulturn\u00edho odd\u011blen\u00ed Velvyslanectv\u00ed Polsk\u00e9 republiky z dvac\u00e1t\u00fdch let 20. stolet\u00ed. Dne 8. ledna 1949 bylo v&nbsp;Praze [&hellip;]<\/p>\n","protected":false},"author":1,"featured_media":10119,"parent":0,"menu_order":0,"comment_status":"closed","ping_status":"closed","template":"","meta":{"inline_featured_image":false,"_monsterinsights_skip_tracking":false,"_monsterinsights_sitenote_active":false,"_monsterinsights_sitenote_note":"","_monsterinsights_sitenote_category":0,"footnotes":""},"class_list":["post-367","page","type-page","status-publish","has-post-thumbnail","hentry"],"yoast_head":"<!-- This site is optimized with the Yoast SEO plugin v24.6 - https:\/\/yoast.com\/wordpress\/plugins\/seo\/ -->\n<title>O Polsk\u00e9m institutu - Instytut Polski w Pradze<\/title>\n<meta name=\"robots\" content=\"index, follow, max-snippet:-1, max-image-preview:large, max-video-preview:-1\" \/>\n<link rel=\"canonical\" href=\"https:\/\/instytutpolski.pl\/praha\/o-polskem-institutu\/\" \/>\n<meta property=\"og:locale\" content=\"pl_PL\" \/>\n<meta property=\"og:type\" content=\"article\" \/>\n<meta property=\"og:title\" content=\"O Polsk\u00e9m institutu - Instytut Polski w Pradze\" \/>\n<meta property=\"og:description\" content=\"Polsk\u00fd institut v Praze je sou\u010d\u00e1st\u00ed&nbsp;Ministerstva zahrani\u010dn\u00edch v\u011bc\u00ed Polsk\u00e9 republiky&nbsp;a jedn\u00edm z dvaceti p\u011bti Polsk\u00fdch institut\u016f na cel\u00e9m sv\u011bt\u011b, jejich\u017e hlavn\u00edm c\u00edlem je roz\u0161i\u0159ovat a prohlubovat pov\u011bdom\u00ed o polsk\u00e9 kultu\u0159e, d\u011bjin\u00e1ch a spole\u010dnosti. Polsk\u00fd institut v Praze je pokra\u010dovatelem kulturn\u00edho odd\u011blen\u00ed Velvyslanectv\u00ed Polsk\u00e9 republiky z dvac\u00e1t\u00fdch let 20. stolet\u00ed. Dne 8. ledna 1949 bylo v&nbsp;Praze [&hellip;]\" \/>\n<meta property=\"og:url\" content=\"https:\/\/instytutpolski.pl\/praha\/o-polskem-institutu\/\" \/>\n<meta property=\"og:site_name\" content=\"Instytut Polski w Pradze\" \/>\n<meta property=\"article:modified_time\" content=\"2025-02-13T16:25:44+00:00\" \/>\n<meta property=\"og:image\" content=\"https:\/\/instytutpolski.pl\/praha\/wp-content\/uploads\/sites\/10\/2024\/04\/DSC00420-1024x683.jpg\" \/>\n\t<meta property=\"og:image:width\" content=\"1024\" \/>\n\t<meta property=\"og:image:height\" content=\"683\" \/>\n\t<meta property=\"og:image:type\" content=\"image\/jpeg\" \/>\n<meta name=\"twitter:card\" content=\"summary_large_image\" \/>\n<meta name=\"twitter:label1\" content=\"Szacowany czas czytania\" \/>\n\t<meta name=\"twitter:data1\" content=\"2 minuty\" \/>\n<script type=\"application\/ld+json\" class=\"yoast-schema-graph\">{\"@context\":\"https:\/\/schema.org\",\"@graph\":[{\"@type\":\"WebPage\",\"@id\":\"https:\/\/instytutpolski.pl\/praha\/o-polskem-institutu\/\",\"url\":\"https:\/\/instytutpolski.pl\/praha\/o-polskem-institutu\/\",\"name\":\"O Polsk\u00e9m institutu - Instytut Polski w Pradze\",\"isPartOf\":{\"@id\":\"https:\/\/instytutpolski.pl\/praha\/#website\"},\"primaryImageOfPage\":{\"@id\":\"https:\/\/instytutpolski.pl\/praha\/o-polskem-institutu\/#primaryimage\"},\"image\":{\"@id\":\"https:\/\/instytutpolski.pl\/praha\/o-polskem-institutu\/#primaryimage\"},\"thumbnailUrl\":\"https:\/\/instytutpolski.pl\/praha\/wp-content\/uploads\/sites\/10\/2024\/04\/DSC00420.jpg\",\"datePublished\":\"2019-06-28T09:17:09+00:00\",\"dateModified\":\"2025-02-13T16:25:44+00:00\",\"breadcrumb\":{\"@id\":\"https:\/\/instytutpolski.pl\/praha\/o-polskem-institutu\/#breadcrumb\"},\"inLanguage\":\"pl-PL\",\"potentialAction\":[{\"@type\":\"ReadAction\",\"target\":[\"https:\/\/instytutpolski.pl\/praha\/o-polskem-institutu\/\"]}]},{\"@type\":\"ImageObject\",\"inLanguage\":\"pl-PL\",\"@id\":\"https:\/\/instytutpolski.pl\/praha\/o-polskem-institutu\/#primaryimage\",\"url\":\"https:\/\/instytutpolski.pl\/praha\/wp-content\/uploads\/sites\/10\/2024\/04\/DSC00420.jpg\",\"contentUrl\":\"https:\/\/instytutpolski.pl\/praha\/wp-content\/uploads\/sites\/10\/2024\/04\/DSC00420.jpg\",\"width\":2048,\"height\":1365},{\"@type\":\"BreadcrumbList\",\"@id\":\"https:\/\/instytutpolski.pl\/praha\/o-polskem-institutu\/#breadcrumb\",\"itemListElement\":[{\"@type\":\"ListItem\",\"position\":1,\"name\":\"Home\",\"item\":\"https:\/\/instytutpolski.pl\/praha\/\"},{\"@type\":\"ListItem\",\"position\":2,\"name\":\"O Polsk\u00e9m institutu\"}]},{\"@type\":\"WebSite\",\"@id\":\"https:\/\/instytutpolski.pl\/praha\/#website\",\"url\":\"https:\/\/instytutpolski.pl\/praha\/\",\"name\":\"Instytut Polski w Pradze\",\"description\":\"Instytuty Polskie\",\"potentialAction\":[{\"@type\":\"SearchAction\",\"target\":{\"@type\":\"EntryPoint\",\"urlTemplate\":\"https:\/\/instytutpolski.pl\/praha\/?s={search_term_string}\"},\"query-input\":{\"@type\":\"PropertyValueSpecification\",\"valueRequired\":true,\"valueName\":\"search_term_string\"}}],\"inLanguage\":\"pl-PL\"}]}<\/script>\n<!-- \/ Yoast SEO plugin. -->","yoast_head_json":{"title":"O Polsk\u00e9m institutu - Instytut Polski w Pradze","robots":{"index":"index","follow":"follow","max-snippet":"max-snippet:-1","max-image-preview":"max-image-preview:large","max-video-preview":"max-video-preview:-1"},"canonical":"https:\/\/instytutpolski.pl\/praha\/o-polskem-institutu\/","og_locale":"pl_PL","og_type":"article","og_title":"O Polsk\u00e9m institutu - Instytut Polski w Pradze","og_description":"Polsk\u00fd institut v Praze je sou\u010d\u00e1st\u00ed&nbsp;Ministerstva zahrani\u010dn\u00edch v\u011bc\u00ed Polsk\u00e9 republiky&nbsp;a jedn\u00edm z dvaceti p\u011bti Polsk\u00fdch institut\u016f na cel\u00e9m sv\u011bt\u011b, jejich\u017e hlavn\u00edm c\u00edlem je roz\u0161i\u0159ovat a prohlubovat pov\u011bdom\u00ed o polsk\u00e9 kultu\u0159e, d\u011bjin\u00e1ch a spole\u010dnosti. Polsk\u00fd institut v Praze je pokra\u010dovatelem kulturn\u00edho odd\u011blen\u00ed Velvyslanectv\u00ed Polsk\u00e9 republiky z dvac\u00e1t\u00fdch let 20. stolet\u00ed. Dne 8. ledna 1949 bylo v&nbsp;Praze [&hellip;]","og_url":"https:\/\/instytutpolski.pl\/praha\/o-polskem-institutu\/","og_site_name":"Instytut Polski w Pradze","article_modified_time":"2025-02-13T16:25:44+00:00","og_image":[{"width":1024,"height":683,"url":"https:\/\/instytutpolski.pl\/praha\/wp-content\/uploads\/sites\/10\/2024\/04\/DSC00420-1024x683.jpg","type":"image\/jpeg"}],"twitter_card":"summary_large_image","twitter_misc":{"Szacowany czas czytania":"2 minuty"},"schema":{"@context":"https:\/\/schema.org","@graph":[{"@type":"WebPage","@id":"https:\/\/instytutpolski.pl\/praha\/o-polskem-institutu\/","url":"https:\/\/instytutpolski.pl\/praha\/o-polskem-institutu\/","name":"O Polsk\u00e9m institutu - Instytut Polski w Pradze","isPartOf":{"@id":"https:\/\/instytutpolski.pl\/praha\/#website"},"primaryImageOfPage":{"@id":"https:\/\/instytutpolski.pl\/praha\/o-polskem-institutu\/#primaryimage"},"image":{"@id":"https:\/\/instytutpolski.pl\/praha\/o-polskem-institutu\/#primaryimage"},"thumbnailUrl":"https:\/\/instytutpolski.pl\/praha\/wp-content\/uploads\/sites\/10\/2024\/04\/DSC00420.jpg","datePublished":"2019-06-28T09:17:09+00:00","dateModified":"2025-02-13T16:25:44+00:00","breadcrumb":{"@id":"https:\/\/instytutpolski.pl\/praha\/o-polskem-institutu\/#breadcrumb"},"inLanguage":"pl-PL","potentialAction":[{"@type":"ReadAction","target":["https:\/\/instytutpolski.pl\/praha\/o-polskem-institutu\/"]}]},{"@type":"ImageObject","inLanguage":"pl-PL","@id":"https:\/\/instytutpolski.pl\/praha\/o-polskem-institutu\/#primaryimage","url":"https:\/\/instytutpolski.pl\/praha\/wp-content\/uploads\/sites\/10\/2024\/04\/DSC00420.jpg","contentUrl":"https:\/\/instytutpolski.pl\/praha\/wp-content\/uploads\/sites\/10\/2024\/04\/DSC00420.jpg","width":2048,"height":1365},{"@type":"BreadcrumbList","@id":"https:\/\/instytutpolski.pl\/praha\/o-polskem-institutu\/#breadcrumb","itemListElement":[{"@type":"ListItem","position":1,"name":"Home","item":"https:\/\/instytutpolski.pl\/praha\/"},{"@type":"ListItem","position":2,"name":"O Polsk\u00e9m institutu"}]},{"@type":"WebSite","@id":"https:\/\/instytutpolski.pl\/praha\/#website","url":"https:\/\/instytutpolski.pl\/praha\/","name":"Instytut Polski w Pradze","description":"Instytuty Polskie","potentialAction":[{"@type":"SearchAction","target":{"@type":"EntryPoint","urlTemplate":"https:\/\/instytutpolski.pl\/praha\/?s={search_term_string}"},"query-input":{"@type":"PropertyValueSpecification","valueRequired":true,"valueName":"search_term_string"}}],"inLanguage":"pl-PL"}]}},"_links":{"self":[{"href":"https:\/\/instytutpolski.pl\/praha\/wp-json\/wp\/v2\/pages\/367","targetHints":{"allow":["GET"]}}],"collection":[{"href":"https:\/\/instytutpolski.pl\/praha\/wp-json\/wp\/v2\/pages"}],"about":[{"href":"https:\/\/instytutpolski.pl\/praha\/wp-json\/wp\/v2\/types\/page"}],"author":[{"embeddable":true,"href":"https:\/\/instytutpolski.pl\/praha\/wp-json\/wp\/v2\/users\/1"}],"replies":[{"embeddable":true,"href":"https:\/\/instytutpolski.pl\/praha\/wp-json\/wp\/v2\/comments?post=367"}],"version-history":[{"count":36,"href":"https:\/\/instytutpolski.pl\/praha\/wp-json\/wp\/v2\/pages\/367\/revisions"}],"predecessor-version":[{"id":11485,"href":"https:\/\/instytutpolski.pl\/praha\/wp-json\/wp\/v2\/pages\/367\/revisions\/11485"}],"wp:featuredmedia":[{"embeddable":true,"href":"https:\/\/instytutpolski.pl\/praha\/wp-json\/wp\/v2\/media\/10119"}],"wp:attachment":[{"href":"https:\/\/instytutpolski.pl\/praha\/wp-json\/wp\/v2\/media?parent=367"}],"curies":[{"name":"wp","href":"https:\/\/api.w.org\/{rel}","templated":true}]}}