{"id":37,"date":"2019-05-27T11:55:49","date_gmt":"2019-05-27T09:55:49","guid":{"rendered":"https:\/\/instytutpolski.pl\/praga\/?page_id=37"},"modified":"2025-08-12T10:44:03","modified_gmt":"2025-08-12T08:44:03","slug":"podrobnosti-o-kurzech","status":"publish","type":"page","link":"https:\/\/instytutpolski.pl\/praha\/podrobnosti-o-kurzech\/","title":{"rendered":"Podrobnosti o kurzech"},"content":{"rendered":"\n<p><strong>Doklad o ukon\u010den\u00ed kurzu<\/strong><\/p>\n<p>Ka\u017ed\u00fd student s alespo\u0148 70% doch\u00e1zkou m\u00e1 n\u00e1rok na z\u00edsk\u00e1n\u00ed dokladu o absolvov\u00e1n\u00ed kurzu.<\/p>\n<p>Podm\u00ednkou z\u00edsk\u00e1n\u00ed dokladu je spln\u011bn\u00ed znalostn\u00edho testu na konci letn\u00edho semestru. Doklad vyd\u00e1v\u00e1 Polsk\u00fd institut v Praze po ukon\u010den\u00ed kurzu, student si jej m\u016f\u017ee vyzvednout osobn\u011b u lektora nebo v \u00fa\u0159edn\u00edch hodin\u00e1ch knihovny.<\/p>\n<p><strong>Pou\u017e\u00edvan\u00e9 u\u010debnice<\/strong><\/p>\n<p>Stempek I., Stelmach A., Dawidek S., Szymkiewicz A.: Polski, krok po kroku 1, 2 + zeszyt \u0107wicze\u0144 + CD. Krak\u00f3w 2013.<br \/>Lipi\u0144ska E. : Z polskim na ty + CD. Krak\u00f3w 2014.<br \/>Pasieka M.: J\u0119zyk polski dla cudzoziemc\u00f3w. \u0106wiczenia dla pocz\u0105tkuj\u0105cych. Wroc\u0142aw 2001.<br \/>Taraj\u0142o-Lipowska Z.: M\u00f3wi\u0119 po polsku. U\u010debnice pol\u0161tiny pro \u010cechy. Warszawa 2004.<br \/>P\u0151sinegerov\u00e1 K. &#8211; Seretny A.: Czy Czech\u00f3w jest trzech? Praha 1996.<br \/>Ga\u0142yga D.: Ach, ten j\u0119zyk polski. Krak\u00f3w 2002.<br \/>Lipi\u0144ska E. &#8211; D\u0105mbska E. G.: Kiedy\u015b wr\u00f3cisz tu&#8230; Krak\u00f3w 2003.<br \/>Szelc-Mays M.: Co\u015b wam powiem&#8230; Krak\u00f3w 2002.<br \/>Lipi\u0144ska E.: Nie ma r\u00f3\u017cy bez kolc\u00f3w. \u0106wiczenia ortograficzne dla cudzoziemc\u00f3w. Krak\u00f3w 1999.<br \/>Garncarek P.: Czas na czasownik. Krak\u00f3w 2002.<br \/>Gawdzik W.: Gramatyka i ortografia na weso\u0142o. Warszawa 1990.<br \/>M\u0119dak S.: Co z czym. \u0106wiczenia sk\u0142adniowe. Krak\u00f3w 2002.<br \/>Pyzik J.: I\u015b\u0107 czy jecha\u0107. \u0106wiczenia gramatyczno-semantyczne z czasownikami ruchu. Krak\u00f3w 2003.<br \/>Pyzik J.: Przygoda z gramatyk\u0105. Fleksja i s\u0142owotw\u00f3rstwo imion. Krak\u00f3w 2000.<br \/>Rybicka E.: Nie taki diabe\u0142 straszny. Podr\u0119cznik frazeologii dla cudzoziemc\u00f3w. Krak\u00f3w 1994.<\/p>\n<p><strong>Dal\u0161\u00ed podm\u00ednky \u00fa\u010dasti<\/strong><\/p>\n<p>Podm\u00ednkou otev\u0159en\u00ed kurzu je p\u0159ihl\u00e1\u0161en\u00ed minim\u00e1ln\u011b 6 osob do skupiny.<\/p>\n<p>Polsk\u00fd institut v Praze si vyhrazuje pr\u00e1vo na zm\u011bnu v kurzech (zm\u011bna u\u010debnice, zm\u011bna u\u010debn\u00ed osnovy, zm\u011bna m\u00edsta kon\u00e1n\u00ed, zm\u011bna u\u010debny, zm\u011bna v\u00fdukov\u00e9ho materi\u00e1lu, zm\u011bna lektora, p\u0159esunut\u00ed, zru\u0161en\u00ed hodiny apod.). Zru\u0161en\u00e1 hodina nap\u0159. v p\u0159\u00edpad\u011b nemoci lektora bude nahrazena v jin\u00e9m term\u00ednu, po dohod\u011b se skupinou. Dojde-li ke zm\u011bn\u011b v kurzu, bude tato informace zve\u0159ejn\u011bna na str\u00e1nk\u00e1ch Polsk\u00e9ho institutu. Doporu\u010dujeme pravideln\u011b sledovat pokyny pro studenty. Za ne\u00fa\u010dast studenta na v\u00fduce se neposkytuje \u017e\u00e1dn\u00e1 finan\u010dn\u00ed ani jin\u00e1 kompenzace. Student m\u016f\u017ee zdarma vyu\u017e\u00edvat knihovnu a mediat\u00e9ku (knihovna vyb\u00edr\u00e1 materi\u00e1ly odpov\u00eddaj\u00edc\u00ed \u00farovni aktu\u00e1ln\u00edch znalost\u00ed studenta, nap\u0159. knihy, filmy, CD).<\/p>\n<p><strong>Odstoupen\u00ed od smlouvy<\/strong><\/p>\n<p>Pokud nedojde k napln\u011bn\u00ed minim\u00e1ln\u00ed kapacity kurzu, je Polsk\u00fd institut v Praze opr\u00e1vn\u011bn odstoupit od ji\u017e uzav\u0159en\u00fdch smluv \u2013 kurzovn\u00e9 se vrac\u00ed. Pokud dojde k vy\u010derp\u00e1n\u00ed kapacity kurzu, je Polsk\u00fd institut opr\u00e1vn\u011bn nep\u0159ijmout do kurzu dal\u0161\u00ed studenty. Polsk\u00fd institut si vyhrazuje pr\u00e1vo odstoupit od smlouvy uzav\u0159en\u00e9 mezi pov\u011b\u0159en\u00fdm lektorem a studentem a zru\u0161it bez n\u00e1hrady \u00fa\u010dast studenta v kurzu, a to v p\u0159\u00edpad\u011b, \u017ee sv\u00fdm chov\u00e1n\u00edm ohroz\u00ed majetek nebo zdrav\u00ed ostatn\u00edch \u00fa\u010dastn\u00edk\u016f kurzu nebo zam\u011bstnanc\u016f, lektor\u016f nebo bude z\u00e1va\u017en\u00fdm zp\u016fsobem naru\u0161ovat pr\u016fb\u011bh kurzu.<\/p>\n<p><strong>Ochrana osobn\u00edch \u00fadaj\u016f<\/strong><\/p>\n<p>Ochrana osobn\u00edch \u00fadaj\u016f studenta (\u00fa\u010dastn\u00edka kurzu polsk\u00e9ho jazyka) je poskytov\u00e1na z\u00e1konem GDPR. Student podeps\u00e1n\u00edm p\u0159ihl\u00e1\u0161ky a souhlasu se zpracov\u00e1n\u00edm osobn\u00edch \u00fadaj\u016f vyjad\u0159uje souhlas s t\u00edm, aby Polsk\u00fd institut v Praze se s\u00eddlem v \u010cesk\u00e9 republice, Praha, N\u00e1rodn\u00ed 961\/25, PS\u010c 110 00, zpracov\u00e1val jeho osobn\u00ed \u00fadaje, kter\u00e9 jsou uvedeny ve formul\u00e1\u0159i p\u0159ihl\u00e1\u0161ky na kurz polsk\u00e9ho jazyka a polsk\u00e9 kultury. Tyto \u00fadaje budou zpracov\u00e1v\u00e1ny v\u00fdhradn\u011b za \u00fa\u010delem po\u0159\u00e1d\u00e1n\u00ed kurzu. Student d\u00e1le bere na v\u011bdom\u00ed, \u017ee jsou mu zn\u00e1my ve\u0161ker\u00e9 informace uveden\u00e9 v \u010dl. 13 GDPR*, kter\u00e9 se t\u00fdkaj\u00ed zpracov\u00e1v\u00e1n\u00ed jeho osobn\u00edch \u00fadaj\u016f Polsk\u00fdm institutem v Praze, a tak\u00e9 ve\u0161ker\u00e1 pr\u00e1va, kter\u00e1 mu p\u0159\u00edslu\u0161\u00ed a jsou uvedena v \u010dl. 15 a\u017e 19 GDPR. Osobn\u00ed \u00fadaje budou zpracov\u00e1v\u00e1ny po dobu ur\u010ditou, od 1. srpna (z\u00e1pis na kurz) do 30. z\u00e1\u0159\u00ed n\u00e1sleduj\u00edc\u00edho roku. Osobn\u00ed \u00fadaje budou zpracov\u00e1v\u00e1ny v elektronick\u00e9 podob\u011b automatizovan\u00fdm zp\u016fsobem nebo v ti\u0161t\u011bn\u00e9 podob\u011b neautomatizovan\u00fdm zp\u016fsobem. S osobn\u00edmi \u00fadaji studenta mohou pracovat pov\u011b\u0159en\u00ed zam\u011bstnanci Polsk\u00e9ho institutu a lekto\u0159i. Student potvrzuje, \u017ee poskytnut\u00e9 osobn\u00ed \u00fadaje jsou p\u0159esn\u00e9 (pravdiv\u00e9) a \u017ee byl pou\u010den o tom, \u017ee se jedn\u00e1 o dobrovoln\u00e9 poskytnut\u00ed osobn\u00edch \u00fadaj\u016f. Souhlas se zpracov\u00e1n\u00edm osobn\u00edch \u00fadaj\u016f lze ve vztahu k Polsk\u00e9mu institutu v Praze odvolat p\u00edsemn\u00fdm ozn\u00e1men\u00edm doru\u010den\u00fdm na adresu Polsk\u00e9ho institutu.<\/p>\n","protected":false},"excerpt":{"rendered":"<p>Doklad o ukon\u010den\u00ed kurzu Ka\u017ed\u00fd student s alespo\u0148 70% doch\u00e1zkou m\u00e1 n\u00e1rok na z\u00edsk\u00e1n\u00ed dokladu o absolvov\u00e1n\u00ed kurzu. Podm\u00ednkou z\u00edsk\u00e1n\u00ed dokladu je spln\u011bn\u00ed znalostn\u00edho testu na konci letn\u00edho semestru. Doklad vyd\u00e1v\u00e1 Polsk\u00fd institut v Praze po ukon\u010den\u00ed kurzu, student si jej m\u016f\u017ee vyzvednout osobn\u011b u lektora nebo v \u00fa\u0159edn\u00edch hodin\u00e1ch knihovny. Pou\u017e\u00edvan\u00e9 u\u010debnice Stempek I., [&hellip;]<\/p>\n","protected":false},"author":1,"featured_media":750,"parent":0,"menu_order":0,"comment_status":"closed","ping_status":"closed","template":"","meta":{"inline_featured_image":false,"_monsterinsights_skip_tracking":false,"_monsterinsights_sitenote_active":false,"_monsterinsights_sitenote_note":"","_monsterinsights_sitenote_category":0,"footnotes":""},"class_list":["post-37","page","type-page","status-publish","has-post-thumbnail","hentry"],"yoast_head":"<!-- This site is optimized with the Yoast SEO plugin v24.6 - https:\/\/yoast.com\/wordpress\/plugins\/seo\/ -->\n<title>Podrobnosti o kurzech - Instytut Polski w Pradze<\/title>\n<meta name=\"robots\" content=\"index, follow, max-snippet:-1, max-image-preview:large, max-video-preview:-1\" \/>\n<link rel=\"canonical\" href=\"https:\/\/instytutpolski.pl\/praha\/podrobnosti-o-kurzech\/\" \/>\n<meta property=\"og:locale\" content=\"pl_PL\" \/>\n<meta property=\"og:type\" content=\"article\" \/>\n<meta property=\"og:title\" content=\"Podrobnosti o kurzech - Instytut Polski w Pradze\" \/>\n<meta property=\"og:description\" content=\"Doklad o ukon\u010den\u00ed kurzu Ka\u017ed\u00fd student s alespo\u0148 70% doch\u00e1zkou m\u00e1 n\u00e1rok na z\u00edsk\u00e1n\u00ed dokladu o absolvov\u00e1n\u00ed kurzu. Podm\u00ednkou z\u00edsk\u00e1n\u00ed dokladu je spln\u011bn\u00ed znalostn\u00edho testu na konci letn\u00edho semestru. Doklad vyd\u00e1v\u00e1 Polsk\u00fd institut v Praze po ukon\u010den\u00ed kurzu, student si jej m\u016f\u017ee vyzvednout osobn\u011b u lektora nebo v \u00fa\u0159edn\u00edch hodin\u00e1ch knihovny. Pou\u017e\u00edvan\u00e9 u\u010debnice Stempek I., [&hellip;]\" \/>\n<meta property=\"og:url\" content=\"https:\/\/instytutpolski.pl\/praha\/podrobnosti-o-kurzech\/\" \/>\n<meta property=\"og:site_name\" content=\"Instytut Polski w Pradze\" \/>\n<meta property=\"article:modified_time\" content=\"2025-08-12T08:44:03+00:00\" \/>\n<meta property=\"og:image\" content=\"https:\/\/instytutpolski.pl\/praha\/wp-content\/uploads\/sites\/10\/2020\/01\/PI_Exteri\u00e9ry_Interi\u00e9ry_Portr\u00e9t-14.jpg\" \/>\n\t<meta property=\"og:image:width\" content=\"2048\" \/>\n\t<meta property=\"og:image:height\" content=\"1367\" \/>\n\t<meta property=\"og:image:type\" content=\"image\/jpeg\" \/>\n<meta name=\"twitter:card\" content=\"summary_large_image\" \/>\n<meta name=\"twitter:label1\" content=\"Szacowany czas czytania\" \/>\n\t<meta name=\"twitter:data1\" content=\"4 minuty\" \/>\n<script type=\"application\/ld+json\" class=\"yoast-schema-graph\">{\"@context\":\"https:\/\/schema.org\",\"@graph\":[{\"@type\":\"WebPage\",\"@id\":\"https:\/\/instytutpolski.pl\/praha\/podrobnosti-o-kurzech\/\",\"url\":\"https:\/\/instytutpolski.pl\/praha\/podrobnosti-o-kurzech\/\",\"name\":\"Podrobnosti o kurzech - Instytut Polski w Pradze\",\"isPartOf\":{\"@id\":\"https:\/\/instytutpolski.pl\/praha\/#website\"},\"primaryImageOfPage\":{\"@id\":\"https:\/\/instytutpolski.pl\/praha\/podrobnosti-o-kurzech\/#primaryimage\"},\"image\":{\"@id\":\"https:\/\/instytutpolski.pl\/praha\/podrobnosti-o-kurzech\/#primaryimage\"},\"thumbnailUrl\":\"https:\/\/instytutpolski.pl\/praha\/wp-content\/uploads\/sites\/10\/2020\/01\/PI_Exteri\u00e9ry_Interi\u00e9ry_Portr\u00e9t-14.jpg\",\"datePublished\":\"2019-05-27T09:55:49+00:00\",\"dateModified\":\"2025-08-12T08:44:03+00:00\",\"breadcrumb\":{\"@id\":\"https:\/\/instytutpolski.pl\/praha\/podrobnosti-o-kurzech\/#breadcrumb\"},\"inLanguage\":\"pl-PL\",\"potentialAction\":[{\"@type\":\"ReadAction\",\"target\":[\"https:\/\/instytutpolski.pl\/praha\/podrobnosti-o-kurzech\/\"]}]},{\"@type\":\"ImageObject\",\"inLanguage\":\"pl-PL\",\"@id\":\"https:\/\/instytutpolski.pl\/praha\/podrobnosti-o-kurzech\/#primaryimage\",\"url\":\"https:\/\/instytutpolski.pl\/praha\/wp-content\/uploads\/sites\/10\/2020\/01\/PI_Exteri\u00e9ry_Interi\u00e9ry_Portr\u00e9t-14.jpg\",\"contentUrl\":\"https:\/\/instytutpolski.pl\/praha\/wp-content\/uploads\/sites\/10\/2020\/01\/PI_Exteri\u00e9ry_Interi\u00e9ry_Portr\u00e9t-14.jpg\",\"width\":2048,\"height\":1367},{\"@type\":\"BreadcrumbList\",\"@id\":\"https:\/\/instytutpolski.pl\/praha\/podrobnosti-o-kurzech\/#breadcrumb\",\"itemListElement\":[{\"@type\":\"ListItem\",\"position\":1,\"name\":\"Home\",\"item\":\"https:\/\/instytutpolski.pl\/praha\/\"},{\"@type\":\"ListItem\",\"position\":2,\"name\":\"Podrobnosti o kurzech\"}]},{\"@type\":\"WebSite\",\"@id\":\"https:\/\/instytutpolski.pl\/praha\/#website\",\"url\":\"https:\/\/instytutpolski.pl\/praha\/\",\"name\":\"Instytut Polski w Pradze\",\"description\":\"Instytuty Polskie\",\"potentialAction\":[{\"@type\":\"SearchAction\",\"target\":{\"@type\":\"EntryPoint\",\"urlTemplate\":\"https:\/\/instytutpolski.pl\/praha\/?s={search_term_string}\"},\"query-input\":{\"@type\":\"PropertyValueSpecification\",\"valueRequired\":true,\"valueName\":\"search_term_string\"}}],\"inLanguage\":\"pl-PL\"}]}<\/script>\n<!-- \/ Yoast SEO plugin. -->","yoast_head_json":{"title":"Podrobnosti o kurzech - Instytut Polski w Pradze","robots":{"index":"index","follow":"follow","max-snippet":"max-snippet:-1","max-image-preview":"max-image-preview:large","max-video-preview":"max-video-preview:-1"},"canonical":"https:\/\/instytutpolski.pl\/praha\/podrobnosti-o-kurzech\/","og_locale":"pl_PL","og_type":"article","og_title":"Podrobnosti o kurzech - Instytut Polski w Pradze","og_description":"Doklad o ukon\u010den\u00ed kurzu Ka\u017ed\u00fd student s alespo\u0148 70% doch\u00e1zkou m\u00e1 n\u00e1rok na z\u00edsk\u00e1n\u00ed dokladu o absolvov\u00e1n\u00ed kurzu. Podm\u00ednkou z\u00edsk\u00e1n\u00ed dokladu je spln\u011bn\u00ed znalostn\u00edho testu na konci letn\u00edho semestru. Doklad vyd\u00e1v\u00e1 Polsk\u00fd institut v Praze po ukon\u010den\u00ed kurzu, student si jej m\u016f\u017ee vyzvednout osobn\u011b u lektora nebo v \u00fa\u0159edn\u00edch hodin\u00e1ch knihovny. Pou\u017e\u00edvan\u00e9 u\u010debnice Stempek I., [&hellip;]","og_url":"https:\/\/instytutpolski.pl\/praha\/podrobnosti-o-kurzech\/","og_site_name":"Instytut Polski w Pradze","article_modified_time":"2025-08-12T08:44:03+00:00","og_image":[{"width":2048,"height":1367,"url":"https:\/\/instytutpolski.pl\/praha\/wp-content\/uploads\/sites\/10\/2020\/01\/PI_Exteri\u00e9ry_Interi\u00e9ry_Portr\u00e9t-14.jpg","type":"image\/jpeg"}],"twitter_card":"summary_large_image","twitter_misc":{"Szacowany czas czytania":"4 minuty"},"schema":{"@context":"https:\/\/schema.org","@graph":[{"@type":"WebPage","@id":"https:\/\/instytutpolski.pl\/praha\/podrobnosti-o-kurzech\/","url":"https:\/\/instytutpolski.pl\/praha\/podrobnosti-o-kurzech\/","name":"Podrobnosti o kurzech - Instytut Polski w Pradze","isPartOf":{"@id":"https:\/\/instytutpolski.pl\/praha\/#website"},"primaryImageOfPage":{"@id":"https:\/\/instytutpolski.pl\/praha\/podrobnosti-o-kurzech\/#primaryimage"},"image":{"@id":"https:\/\/instytutpolski.pl\/praha\/podrobnosti-o-kurzech\/#primaryimage"},"thumbnailUrl":"https:\/\/instytutpolski.pl\/praha\/wp-content\/uploads\/sites\/10\/2020\/01\/PI_Exteri\u00e9ry_Interi\u00e9ry_Portr\u00e9t-14.jpg","datePublished":"2019-05-27T09:55:49+00:00","dateModified":"2025-08-12T08:44:03+00:00","breadcrumb":{"@id":"https:\/\/instytutpolski.pl\/praha\/podrobnosti-o-kurzech\/#breadcrumb"},"inLanguage":"pl-PL","potentialAction":[{"@type":"ReadAction","target":["https:\/\/instytutpolski.pl\/praha\/podrobnosti-o-kurzech\/"]}]},{"@type":"ImageObject","inLanguage":"pl-PL","@id":"https:\/\/instytutpolski.pl\/praha\/podrobnosti-o-kurzech\/#primaryimage","url":"https:\/\/instytutpolski.pl\/praha\/wp-content\/uploads\/sites\/10\/2020\/01\/PI_Exteri\u00e9ry_Interi\u00e9ry_Portr\u00e9t-14.jpg","contentUrl":"https:\/\/instytutpolski.pl\/praha\/wp-content\/uploads\/sites\/10\/2020\/01\/PI_Exteri\u00e9ry_Interi\u00e9ry_Portr\u00e9t-14.jpg","width":2048,"height":1367},{"@type":"BreadcrumbList","@id":"https:\/\/instytutpolski.pl\/praha\/podrobnosti-o-kurzech\/#breadcrumb","itemListElement":[{"@type":"ListItem","position":1,"name":"Home","item":"https:\/\/instytutpolski.pl\/praha\/"},{"@type":"ListItem","position":2,"name":"Podrobnosti o kurzech"}]},{"@type":"WebSite","@id":"https:\/\/instytutpolski.pl\/praha\/#website","url":"https:\/\/instytutpolski.pl\/praha\/","name":"Instytut Polski w Pradze","description":"Instytuty Polskie","potentialAction":[{"@type":"SearchAction","target":{"@type":"EntryPoint","urlTemplate":"https:\/\/instytutpolski.pl\/praha\/?s={search_term_string}"},"query-input":{"@type":"PropertyValueSpecification","valueRequired":true,"valueName":"search_term_string"}}],"inLanguage":"pl-PL"}]}},"_links":{"self":[{"href":"https:\/\/instytutpolski.pl\/praha\/wp-json\/wp\/v2\/pages\/37","targetHints":{"allow":["GET"]}}],"collection":[{"href":"https:\/\/instytutpolski.pl\/praha\/wp-json\/wp\/v2\/pages"}],"about":[{"href":"https:\/\/instytutpolski.pl\/praha\/wp-json\/wp\/v2\/types\/page"}],"author":[{"embeddable":true,"href":"https:\/\/instytutpolski.pl\/praha\/wp-json\/wp\/v2\/users\/1"}],"replies":[{"embeddable":true,"href":"https:\/\/instytutpolski.pl\/praha\/wp-json\/wp\/v2\/comments?post=37"}],"version-history":[{"count":6,"href":"https:\/\/instytutpolski.pl\/praha\/wp-json\/wp\/v2\/pages\/37\/revisions"}],"predecessor-version":[{"id":12271,"href":"https:\/\/instytutpolski.pl\/praha\/wp-json\/wp\/v2\/pages\/37\/revisions\/12271"}],"wp:featuredmedia":[{"embeddable":true,"href":"https:\/\/instytutpolski.pl\/praha\/wp-json\/wp\/v2\/media\/750"}],"wp:attachment":[{"href":"https:\/\/instytutpolski.pl\/praha\/wp-json\/wp\/v2\/media?parent=37"}],"curies":[{"name":"wp","href":"https:\/\/api.w.org\/{rel}","templated":true}]}}