{"id":375,"date":"2019-06-25T09:47:56","date_gmt":"2019-06-25T07:47:56","guid":{"rendered":"https:\/\/instytutpolski.pl\/praga\/?page_id=375"},"modified":"2020-06-02T15:29:01","modified_gmt":"2020-06-02T13:29:01","slug":"staze","status":"publish","type":"page","link":"https:\/\/instytutpolski.pl\/praha\/o-polskem-institutu\/staze\/","title":{"rendered":"St\u00e1\u017ee"},"content":{"rendered":"\n<p>Informace pro z\u00e1jemce o praxi\/st\u00e1\u017ee jsou k dispozici na webov\u00fdch str\u00e1nk\u00e1ch <a href=\"https:\/\/www.gov.pl\/web\/dyplomacja\/praktyki-wolontariat-i-staz\" target=\"_blank\" rel=\"noreferrer noopener\">Ministerstva zahrani\u010dn\u00edch v\u011bc\u00ed Polsk\u00e9 republiky<\/a>.<\/p>\n","protected":false},"excerpt":{"rendered":"<p>Informace pro z\u00e1jemce o praxi\/st\u00e1\u017ee jsou k dispozici na webov\u00fdch str\u00e1nk\u00e1ch Ministerstva zahrani\u010dn\u00edch v\u011bc\u00ed Polsk\u00e9 republiky.<\/p>\n","protected":false},"author":1,"featured_media":1848,"parent":367,"menu_order":0,"comment_status":"closed","ping_status":"closed","template":"","meta":{"inline_featured_image":false,"_monsterinsights_skip_tracking":false,"_monsterinsights_sitenote_active":false,"_monsterinsights_sitenote_note":"","_monsterinsights_sitenote_category":0,"footnotes":""},"class_list":["post-375","page","type-page","status-publish","has-post-thumbnail","hentry"],"yoast_head":"<!-- This site is optimized with the Yoast SEO plugin v24.6 - https:\/\/yoast.com\/wordpress\/plugins\/seo\/ -->\n<title>St\u00e1\u017ee - Instytut Polski w Pradze<\/title>\n<meta name=\"robots\" content=\"index, follow, max-snippet:-1, max-image-preview:large, max-video-preview:-1\" \/>\n<link rel=\"canonical\" href=\"https:\/\/instytutpolski.pl\/praha\/o-polskem-institutu\/staze\/\" \/>\n<meta property=\"og:locale\" content=\"pl_PL\" \/>\n<meta property=\"og:type\" content=\"article\" \/>\n<meta property=\"og:title\" content=\"St\u00e1\u017ee - Instytut Polski w Pradze\" \/>\n<meta property=\"og:description\" content=\"Informace pro z\u00e1jemce o praxi\/st\u00e1\u017ee jsou k dispozici na webov\u00fdch str\u00e1nk\u00e1ch Ministerstva zahrani\u010dn\u00edch v\u011bc\u00ed Polsk\u00e9 republiky.\" \/>\n<meta property=\"og:url\" content=\"https:\/\/instytutpolski.pl\/praha\/o-polskem-institutu\/staze\/\" \/>\n<meta property=\"og:site_name\" content=\"Instytut Polski w Pradze\" \/>\n<meta property=\"article:modified_time\" content=\"2020-06-02T13:29:01+00:00\" \/>\n<meta property=\"og:image\" content=\"https:\/\/instytutpolski.pl\/praha\/wp-content\/uploads\/sites\/10\/2020\/06\/pecet_ilustracni_z_flickru.jpg\" \/>\n\t<meta property=\"og:image:width\" content=\"1500\" \/>\n\t<meta property=\"og:image:height\" content=\"1000\" \/>\n\t<meta property=\"og:image:type\" content=\"image\/jpeg\" \/>\n<meta name=\"twitter:card\" content=\"summary_large_image\" \/>\n<script type=\"application\/ld+json\" class=\"yoast-schema-graph\">{\"@context\":\"https:\/\/schema.org\",\"@graph\":[{\"@type\":\"WebPage\",\"@id\":\"https:\/\/instytutpolski.pl\/praha\/o-polskem-institutu\/staze\/\",\"url\":\"https:\/\/instytutpolski.pl\/praha\/o-polskem-institutu\/staze\/\",\"name\":\"St\u00e1\u017ee - Instytut Polski w Pradze\",\"isPartOf\":{\"@id\":\"https:\/\/instytutpolski.pl\/praha\/#website\"},\"primaryImageOfPage\":{\"@id\":\"https:\/\/instytutpolski.pl\/praha\/o-polskem-institutu\/staze\/#primaryimage\"},\"image\":{\"@id\":\"https:\/\/instytutpolski.pl\/praha\/o-polskem-institutu\/staze\/#primaryimage\"},\"thumbnailUrl\":\"https:\/\/instytutpolski.pl\/praha\/wp-content\/uploads\/sites\/10\/2020\/06\/pecet_ilustracni_z_flickru.jpg\",\"datePublished\":\"2019-06-25T07:47:56+00:00\",\"dateModified\":\"2020-06-02T13:29:01+00:00\",\"breadcrumb\":{\"@id\":\"https:\/\/instytutpolski.pl\/praha\/o-polskem-institutu\/staze\/#breadcrumb\"},\"inLanguage\":\"pl-PL\",\"potentialAction\":[{\"@type\":\"ReadAction\",\"target\":[\"https:\/\/instytutpolski.pl\/praha\/o-polskem-institutu\/staze\/\"]}]},{\"@type\":\"ImageObject\",\"inLanguage\":\"pl-PL\",\"@id\":\"https:\/\/instytutpolski.pl\/praha\/o-polskem-institutu\/staze\/#primaryimage\",\"url\":\"https:\/\/instytutpolski.pl\/praha\/wp-content\/uploads\/sites\/10\/2020\/06\/pecet_ilustracni_z_flickru.jpg\",\"contentUrl\":\"https:\/\/instytutpolski.pl\/praha\/wp-content\/uploads\/sites\/10\/2020\/06\/pecet_ilustracni_z_flickru.jpg\",\"width\":1500,\"height\":1000,\"caption\":\"2018.11.17 DSZ 2018, Dzie\u0144 otwarty MSZ, Fot. Gabriel Pi\u0119tka \/ MSZ\"},{\"@type\":\"BreadcrumbList\",\"@id\":\"https:\/\/instytutpolski.pl\/praha\/o-polskem-institutu\/staze\/#breadcrumb\",\"itemListElement\":[{\"@type\":\"ListItem\",\"position\":1,\"name\":\"Home\",\"item\":\"https:\/\/instytutpolski.pl\/praha\/\"},{\"@type\":\"ListItem\",\"position\":2,\"name\":\"O Polsk\u00e9m institutu\",\"item\":\"https:\/\/instytutpolski.pl\/praha\/o-polskem-institutu\/\"},{\"@type\":\"ListItem\",\"position\":3,\"name\":\"St\u00e1\u017ee\"}]},{\"@type\":\"WebSite\",\"@id\":\"https:\/\/instytutpolski.pl\/praha\/#website\",\"url\":\"https:\/\/instytutpolski.pl\/praha\/\",\"name\":\"Instytut Polski w Pradze\",\"description\":\"Instytuty Polskie\",\"potentialAction\":[{\"@type\":\"SearchAction\",\"target\":{\"@type\":\"EntryPoint\",\"urlTemplate\":\"https:\/\/instytutpolski.pl\/praha\/?s={search_term_string}\"},\"query-input\":{\"@type\":\"PropertyValueSpecification\",\"valueRequired\":true,\"valueName\":\"search_term_string\"}}],\"inLanguage\":\"pl-PL\"}]}<\/script>\n<!-- \/ Yoast SEO plugin. -->","yoast_head_json":{"title":"St\u00e1\u017ee - Instytut Polski w Pradze","robots":{"index":"index","follow":"follow","max-snippet":"max-snippet:-1","max-image-preview":"max-image-preview:large","max-video-preview":"max-video-preview:-1"},"canonical":"https:\/\/instytutpolski.pl\/praha\/o-polskem-institutu\/staze\/","og_locale":"pl_PL","og_type":"article","og_title":"St\u00e1\u017ee - Instytut Polski w Pradze","og_description":"Informace pro z\u00e1jemce o praxi\/st\u00e1\u017ee jsou k dispozici na webov\u00fdch str\u00e1nk\u00e1ch Ministerstva zahrani\u010dn\u00edch v\u011bc\u00ed Polsk\u00e9 republiky.","og_url":"https:\/\/instytutpolski.pl\/praha\/o-polskem-institutu\/staze\/","og_site_name":"Instytut Polski w Pradze","article_modified_time":"2020-06-02T13:29:01+00:00","og_image":[{"width":1500,"height":1000,"url":"https:\/\/instytutpolski.pl\/praha\/wp-content\/uploads\/sites\/10\/2020\/06\/pecet_ilustracni_z_flickru.jpg","type":"image\/jpeg"}],"twitter_card":"summary_large_image","schema":{"@context":"https:\/\/schema.org","@graph":[{"@type":"WebPage","@id":"https:\/\/instytutpolski.pl\/praha\/o-polskem-institutu\/staze\/","url":"https:\/\/instytutpolski.pl\/praha\/o-polskem-institutu\/staze\/","name":"St\u00e1\u017ee - Instytut Polski w Pradze","isPartOf":{"@id":"https:\/\/instytutpolski.pl\/praha\/#website"},"primaryImageOfPage":{"@id":"https:\/\/instytutpolski.pl\/praha\/o-polskem-institutu\/staze\/#primaryimage"},"image":{"@id":"https:\/\/instytutpolski.pl\/praha\/o-polskem-institutu\/staze\/#primaryimage"},"thumbnailUrl":"https:\/\/instytutpolski.pl\/praha\/wp-content\/uploads\/sites\/10\/2020\/06\/pecet_ilustracni_z_flickru.jpg","datePublished":"2019-06-25T07:47:56+00:00","dateModified":"2020-06-02T13:29:01+00:00","breadcrumb":{"@id":"https:\/\/instytutpolski.pl\/praha\/o-polskem-institutu\/staze\/#breadcrumb"},"inLanguage":"pl-PL","potentialAction":[{"@type":"ReadAction","target":["https:\/\/instytutpolski.pl\/praha\/o-polskem-institutu\/staze\/"]}]},{"@type":"ImageObject","inLanguage":"pl-PL","@id":"https:\/\/instytutpolski.pl\/praha\/o-polskem-institutu\/staze\/#primaryimage","url":"https:\/\/instytutpolski.pl\/praha\/wp-content\/uploads\/sites\/10\/2020\/06\/pecet_ilustracni_z_flickru.jpg","contentUrl":"https:\/\/instytutpolski.pl\/praha\/wp-content\/uploads\/sites\/10\/2020\/06\/pecet_ilustracni_z_flickru.jpg","width":1500,"height":1000,"caption":"2018.11.17 DSZ 2018, Dzie\u0144 otwarty MSZ, Fot. Gabriel Pi\u0119tka \/ MSZ"},{"@type":"BreadcrumbList","@id":"https:\/\/instytutpolski.pl\/praha\/o-polskem-institutu\/staze\/#breadcrumb","itemListElement":[{"@type":"ListItem","position":1,"name":"Home","item":"https:\/\/instytutpolski.pl\/praha\/"},{"@type":"ListItem","position":2,"name":"O Polsk\u00e9m institutu","item":"https:\/\/instytutpolski.pl\/praha\/o-polskem-institutu\/"},{"@type":"ListItem","position":3,"name":"St\u00e1\u017ee"}]},{"@type":"WebSite","@id":"https:\/\/instytutpolski.pl\/praha\/#website","url":"https:\/\/instytutpolski.pl\/praha\/","name":"Instytut Polski w Pradze","description":"Instytuty Polskie","potentialAction":[{"@type":"SearchAction","target":{"@type":"EntryPoint","urlTemplate":"https:\/\/instytutpolski.pl\/praha\/?s={search_term_string}"},"query-input":{"@type":"PropertyValueSpecification","valueRequired":true,"valueName":"search_term_string"}}],"inLanguage":"pl-PL"}]}},"_links":{"self":[{"href":"https:\/\/instytutpolski.pl\/praha\/wp-json\/wp\/v2\/pages\/375","targetHints":{"allow":["GET"]}}],"collection":[{"href":"https:\/\/instytutpolski.pl\/praha\/wp-json\/wp\/v2\/pages"}],"about":[{"href":"https:\/\/instytutpolski.pl\/praha\/wp-json\/wp\/v2\/types\/page"}],"author":[{"embeddable":true,"href":"https:\/\/instytutpolski.pl\/praha\/wp-json\/wp\/v2\/users\/1"}],"replies":[{"embeddable":true,"href":"https:\/\/instytutpolski.pl\/praha\/wp-json\/wp\/v2\/comments?post=375"}],"version-history":[{"count":4,"href":"https:\/\/instytutpolski.pl\/praha\/wp-json\/wp\/v2\/pages\/375\/revisions"}],"predecessor-version":[{"id":1849,"href":"https:\/\/instytutpolski.pl\/praha\/wp-json\/wp\/v2\/pages\/375\/revisions\/1849"}],"up":[{"embeddable":true,"href":"https:\/\/instytutpolski.pl\/praha\/wp-json\/wp\/v2\/pages\/367"}],"wp:featuredmedia":[{"embeddable":true,"href":"https:\/\/instytutpolski.pl\/praha\/wp-json\/wp\/v2\/media\/1848"}],"wp:attachment":[{"href":"https:\/\/instytutpolski.pl\/praha\/wp-json\/wp\/v2\/media?parent=375"}],"curies":[{"name":"wp","href":"https:\/\/api.w.org\/{rel}","templated":true}]}}