{"id":377,"date":"2019-06-25T09:48:06","date_gmt":"2019-06-25T07:48:06","guid":{"rendered":"https:\/\/instytutpolski.pl\/praga\/?page_id=377"},"modified":"2025-08-25T11:05:23","modified_gmt":"2025-08-25T09:05:23","slug":"nas-tym","status":"publish","type":"page","link":"https:\/\/instytutpolski.pl\/praha\/o-polskem-institutu\/nas-tym\/","title":{"rendered":"N\u00e1\u0161 t\u00fdm"},"content":{"rendered":"\n<p><strong>Monika Olech<\/strong> \u2013 \u0159editelka<br>Tel.: +420 \/ 220 410 410<br>E-mail: monika.olech@msz.gov.pl<\/p>\n\n\n\n<p><strong>Justyna Preli\u0107<\/strong> \u2013 sekretari\u00e1t<br>Tel.: +420 \/ 220 410 410<br>E-mail sekretari\u00e1t: <a href=\"mailto:praga@instytutpolski.pl\" target=\"_blank\" rel=\"noreferrer noopener\">praga@instytutpolski.pl<\/a><br>E-mail: <a href=\"mailto:justyna.prelic@instytutpolski.pl\">justyna.prelic@instytutpolski.pl<\/a><\/p>\n\n\n\n<p><strong>Jitka Rohanov\u00e1<\/strong>  \u2013 programov\u00e9 odd\u011blen\u00ed<br>Tel.: +420 \/ 220 410 414<br>E-mail: <a href=\"mailto:jitka.rohanova@instytutpolski.pl\">jitka.rohanova@instytutpolski.pl<\/a><\/p>\n\n\n\n<p><strong>Lucie Zakopalov\u00e1<\/strong>  \u2013 programov\u00e9 odd\u011blen\u00ed <br>Tel.: +420 \/ 220 410 415<br>Mobil: +420 \/ 722 963 173<br>E-mail: <a href=\"mailto:lucie.zakopalova@instytutpolski.pl\">lucie.zakopalova@instytutpolski.pl<\/a><\/p>\n\n\n\n<p><strong>Katarzyna Ko\u017cuch <\/strong>\u2013 programov\u00e9 odd\u011blen\u00ed<strong><br><\/strong>+420 \/ 220 410 416 <br>E-mail: <a href=\"mailto:katarzyna.kozuch@instytutpolski.pl\">katarzyna.kozuch@instytutpolski.pl<\/a> <\/p>\n\n\n\n<p><strong>Beata Mocov\u00e1<\/strong> \u2013 knihovna, kurzy pol\u0161tiny<br>Tel.: +420 \/ 220 410 417<br>E-mail: <a href=\"mailto:beata.mocova@instytutpolski.pl\">beata.mocova@instytutpolski.pl<\/a><\/p>\n\n\n\n<p><strong>Kamil Kohout<\/strong> \u2013 \u0159idi\u010d<br>Tel.: +420 \/ 220 410 410<br>E-mail: <a href=\"mailto:praga@instytutpolski.pl\" data-type=\"mailto\">praga@instytutpolski<\/a><a href=\"mailto:praga@instytutpolski.org\" data-type=\"mailto\" data-id=\"mailto:praga@instytutpolski.org\" target=\"_blank\" rel=\"noreferrer noopener\">.<\/a><a href=\"mailto:praga@instytutpolski.org\" data-type=\"mailto\" data-id=\"mailto:praga@instytutpolski.org\">pl<\/a><\/p>\n","protected":false},"excerpt":{"rendered":"<p>Monika Olech \u2013 \u0159editelkaTel.: +420 \/ 220 410 410E-mail: monika.olech@msz.gov.pl Justyna Preli\u0107 \u2013 sekretari\u00e1tTel.: +420 \/ 220 410 410E-mail sekretari\u00e1t: praga@instytutpolski.plE-mail: justyna.prelic@instytutpolski.pl Jitka Rohanov\u00e1 \u2013 programov\u00e9 odd\u011blen\u00edTel.: +420 \/ 220 410 414E-mail: jitka.rohanova@instytutpolski.pl Lucie Zakopalov\u00e1 \u2013 programov\u00e9 odd\u011blen\u00ed Tel.: +420 \/ 220 410 415Mobil: +420 \/ 722 963 173E-mail: lucie.zakopalova@instytutpolski.pl Katarzyna Ko\u017cuch \u2013 programov\u00e9 odd\u011blen\u00ed+420 [&hellip;]<\/p>\n","protected":false},"author":1,"featured_media":11277,"parent":367,"menu_order":0,"comment_status":"closed","ping_status":"closed","template":"","meta":{"inline_featured_image":false,"_monsterinsights_skip_tracking":false,"_monsterinsights_sitenote_active":false,"_monsterinsights_sitenote_note":"","_monsterinsights_sitenote_category":0,"footnotes":""},"class_list":["post-377","page","type-page","status-publish","has-post-thumbnail","hentry"],"yoast_head":"<!-- This site is optimized with the Yoast SEO plugin v24.6 - https:\/\/yoast.com\/wordpress\/plugins\/seo\/ -->\n<title>N\u00e1\u0161 t\u00fdm - Instytut Polski w Pradze<\/title>\n<meta name=\"robots\" content=\"index, follow, max-snippet:-1, max-image-preview:large, max-video-preview:-1\" \/>\n<link rel=\"canonical\" href=\"https:\/\/instytutpolski.pl\/praha\/o-polskem-institutu\/nas-tym\/\" \/>\n<meta property=\"og:locale\" content=\"pl_PL\" \/>\n<meta property=\"og:type\" content=\"article\" \/>\n<meta property=\"og:title\" content=\"N\u00e1\u0161 t\u00fdm - Instytut Polski w Pradze\" \/>\n<meta property=\"og:description\" content=\"Monika Olech \u2013 \u0159editelkaTel.: +420 \/ 220 410 410E-mail: monika.olech@msz.gov.pl Justyna Preli\u0107 \u2013 sekretari\u00e1tTel.: +420 \/ 220 410 410E-mail sekretari\u00e1t: praga@instytutpolski.plE-mail: justyna.prelic@instytutpolski.pl Jitka Rohanov\u00e1 \u2013 programov\u00e9 odd\u011blen\u00edTel.: +420 \/ 220 410 414E-mail: jitka.rohanova@instytutpolski.pl Lucie Zakopalov\u00e1 \u2013 programov\u00e9 odd\u011blen\u00ed Tel.: +420 \/ 220 410 415Mobil: +420 \/ 722 963 173E-mail: lucie.zakopalova@instytutpolski.pl Katarzyna Ko\u017cuch \u2013 programov\u00e9 odd\u011blen\u00ed+420 [&hellip;]\" \/>\n<meta property=\"og:url\" content=\"https:\/\/instytutpolski.pl\/praha\/o-polskem-institutu\/nas-tym\/\" \/>\n<meta property=\"og:site_name\" content=\"Instytut Polski w Pradze\" \/>\n<meta property=\"article:modified_time\" content=\"2025-08-25T09:05:23+00:00\" \/>\n<meta property=\"og:image\" content=\"https:\/\/instytutpolski.pl\/praha\/wp-content\/uploads\/sites\/10\/2024\/11\/palac_metro_z_bannerem_web.jpg\" \/>\n\t<meta property=\"og:image:width\" content=\"2000\" \/>\n\t<meta property=\"og:image:height\" content=\"1333\" \/>\n\t<meta property=\"og:image:type\" content=\"image\/jpeg\" \/>\n<meta name=\"twitter:card\" content=\"summary_large_image\" \/>\n<meta name=\"twitter:label1\" content=\"Szacowany czas czytania\" \/>\n\t<meta name=\"twitter:data1\" content=\"1 minuta\" \/>\n<script type=\"application\/ld+json\" class=\"yoast-schema-graph\">{\"@context\":\"https:\/\/schema.org\",\"@graph\":[{\"@type\":\"WebPage\",\"@id\":\"https:\/\/instytutpolski.pl\/praha\/o-polskem-institutu\/nas-tym\/\",\"url\":\"https:\/\/instytutpolski.pl\/praha\/o-polskem-institutu\/nas-tym\/\",\"name\":\"N\u00e1\u0161 t\u00fdm - Instytut Polski w Pradze\",\"isPartOf\":{\"@id\":\"https:\/\/instytutpolski.pl\/praha\/#website\"},\"primaryImageOfPage\":{\"@id\":\"https:\/\/instytutpolski.pl\/praha\/o-polskem-institutu\/nas-tym\/#primaryimage\"},\"image\":{\"@id\":\"https:\/\/instytutpolski.pl\/praha\/o-polskem-institutu\/nas-tym\/#primaryimage\"},\"thumbnailUrl\":\"https:\/\/instytutpolski.pl\/praha\/wp-content\/uploads\/sites\/10\/2024\/11\/palac_metro_z_bannerem_web.jpg\",\"datePublished\":\"2019-06-25T07:48:06+00:00\",\"dateModified\":\"2025-08-25T09:05:23+00:00\",\"breadcrumb\":{\"@id\":\"https:\/\/instytutpolski.pl\/praha\/o-polskem-institutu\/nas-tym\/#breadcrumb\"},\"inLanguage\":\"pl-PL\",\"potentialAction\":[{\"@type\":\"ReadAction\",\"target\":[\"https:\/\/instytutpolski.pl\/praha\/o-polskem-institutu\/nas-tym\/\"]}]},{\"@type\":\"ImageObject\",\"inLanguage\":\"pl-PL\",\"@id\":\"https:\/\/instytutpolski.pl\/praha\/o-polskem-institutu\/nas-tym\/#primaryimage\",\"url\":\"https:\/\/instytutpolski.pl\/praha\/wp-content\/uploads\/sites\/10\/2024\/11\/palac_metro_z_bannerem_web.jpg\",\"contentUrl\":\"https:\/\/instytutpolski.pl\/praha\/wp-content\/uploads\/sites\/10\/2024\/11\/palac_metro_z_bannerem_web.jpg\",\"width\":2000,\"height\":1333},{\"@type\":\"BreadcrumbList\",\"@id\":\"https:\/\/instytutpolski.pl\/praha\/o-polskem-institutu\/nas-tym\/#breadcrumb\",\"itemListElement\":[{\"@type\":\"ListItem\",\"position\":1,\"name\":\"Home\",\"item\":\"https:\/\/instytutpolski.pl\/praha\/\"},{\"@type\":\"ListItem\",\"position\":2,\"name\":\"O Polsk\u00e9m institutu\",\"item\":\"https:\/\/instytutpolski.pl\/praha\/o-polskem-institutu\/\"},{\"@type\":\"ListItem\",\"position\":3,\"name\":\"N\u00e1\u0161 t\u00fdm\"}]},{\"@type\":\"WebSite\",\"@id\":\"https:\/\/instytutpolski.pl\/praha\/#website\",\"url\":\"https:\/\/instytutpolski.pl\/praha\/\",\"name\":\"Instytut Polski w Pradze\",\"description\":\"Instytuty Polskie\",\"potentialAction\":[{\"@type\":\"SearchAction\",\"target\":{\"@type\":\"EntryPoint\",\"urlTemplate\":\"https:\/\/instytutpolski.pl\/praha\/?s={search_term_string}\"},\"query-input\":{\"@type\":\"PropertyValueSpecification\",\"valueRequired\":true,\"valueName\":\"search_term_string\"}}],\"inLanguage\":\"pl-PL\"}]}<\/script>\n<!-- \/ Yoast SEO plugin. -->","yoast_head_json":{"title":"N\u00e1\u0161 t\u00fdm - Instytut Polski w Pradze","robots":{"index":"index","follow":"follow","max-snippet":"max-snippet:-1","max-image-preview":"max-image-preview:large","max-video-preview":"max-video-preview:-1"},"canonical":"https:\/\/instytutpolski.pl\/praha\/o-polskem-institutu\/nas-tym\/","og_locale":"pl_PL","og_type":"article","og_title":"N\u00e1\u0161 t\u00fdm - Instytut Polski w Pradze","og_description":"Monika Olech \u2013 \u0159editelkaTel.: +420 \/ 220 410 410E-mail: monika.olech@msz.gov.pl Justyna Preli\u0107 \u2013 sekretari\u00e1tTel.: +420 \/ 220 410 410E-mail sekretari\u00e1t: praga@instytutpolski.plE-mail: justyna.prelic@instytutpolski.pl Jitka Rohanov\u00e1 \u2013 programov\u00e9 odd\u011blen\u00edTel.: +420 \/ 220 410 414E-mail: jitka.rohanova@instytutpolski.pl Lucie Zakopalov\u00e1 \u2013 programov\u00e9 odd\u011blen\u00ed Tel.: +420 \/ 220 410 415Mobil: +420 \/ 722 963 173E-mail: lucie.zakopalova@instytutpolski.pl Katarzyna Ko\u017cuch \u2013 programov\u00e9 odd\u011blen\u00ed+420 [&hellip;]","og_url":"https:\/\/instytutpolski.pl\/praha\/o-polskem-institutu\/nas-tym\/","og_site_name":"Instytut Polski w Pradze","article_modified_time":"2025-08-25T09:05:23+00:00","og_image":[{"width":2000,"height":1333,"url":"https:\/\/instytutpolski.pl\/praha\/wp-content\/uploads\/sites\/10\/2024\/11\/palac_metro_z_bannerem_web.jpg","type":"image\/jpeg"}],"twitter_card":"summary_large_image","twitter_misc":{"Szacowany czas czytania":"1 minuta"},"schema":{"@context":"https:\/\/schema.org","@graph":[{"@type":"WebPage","@id":"https:\/\/instytutpolski.pl\/praha\/o-polskem-institutu\/nas-tym\/","url":"https:\/\/instytutpolski.pl\/praha\/o-polskem-institutu\/nas-tym\/","name":"N\u00e1\u0161 t\u00fdm - Instytut Polski w Pradze","isPartOf":{"@id":"https:\/\/instytutpolski.pl\/praha\/#website"},"primaryImageOfPage":{"@id":"https:\/\/instytutpolski.pl\/praha\/o-polskem-institutu\/nas-tym\/#primaryimage"},"image":{"@id":"https:\/\/instytutpolski.pl\/praha\/o-polskem-institutu\/nas-tym\/#primaryimage"},"thumbnailUrl":"https:\/\/instytutpolski.pl\/praha\/wp-content\/uploads\/sites\/10\/2024\/11\/palac_metro_z_bannerem_web.jpg","datePublished":"2019-06-25T07:48:06+00:00","dateModified":"2025-08-25T09:05:23+00:00","breadcrumb":{"@id":"https:\/\/instytutpolski.pl\/praha\/o-polskem-institutu\/nas-tym\/#breadcrumb"},"inLanguage":"pl-PL","potentialAction":[{"@type":"ReadAction","target":["https:\/\/instytutpolski.pl\/praha\/o-polskem-institutu\/nas-tym\/"]}]},{"@type":"ImageObject","inLanguage":"pl-PL","@id":"https:\/\/instytutpolski.pl\/praha\/o-polskem-institutu\/nas-tym\/#primaryimage","url":"https:\/\/instytutpolski.pl\/praha\/wp-content\/uploads\/sites\/10\/2024\/11\/palac_metro_z_bannerem_web.jpg","contentUrl":"https:\/\/instytutpolski.pl\/praha\/wp-content\/uploads\/sites\/10\/2024\/11\/palac_metro_z_bannerem_web.jpg","width":2000,"height":1333},{"@type":"BreadcrumbList","@id":"https:\/\/instytutpolski.pl\/praha\/o-polskem-institutu\/nas-tym\/#breadcrumb","itemListElement":[{"@type":"ListItem","position":1,"name":"Home","item":"https:\/\/instytutpolski.pl\/praha\/"},{"@type":"ListItem","position":2,"name":"O Polsk\u00e9m institutu","item":"https:\/\/instytutpolski.pl\/praha\/o-polskem-institutu\/"},{"@type":"ListItem","position":3,"name":"N\u00e1\u0161 t\u00fdm"}]},{"@type":"WebSite","@id":"https:\/\/instytutpolski.pl\/praha\/#website","url":"https:\/\/instytutpolski.pl\/praha\/","name":"Instytut Polski w Pradze","description":"Instytuty Polskie","potentialAction":[{"@type":"SearchAction","target":{"@type":"EntryPoint","urlTemplate":"https:\/\/instytutpolski.pl\/praha\/?s={search_term_string}"},"query-input":{"@type":"PropertyValueSpecification","valueRequired":true,"valueName":"search_term_string"}}],"inLanguage":"pl-PL"}]}},"_links":{"self":[{"href":"https:\/\/instytutpolski.pl\/praha\/wp-json\/wp\/v2\/pages\/377","targetHints":{"allow":["GET"]}}],"collection":[{"href":"https:\/\/instytutpolski.pl\/praha\/wp-json\/wp\/v2\/pages"}],"about":[{"href":"https:\/\/instytutpolski.pl\/praha\/wp-json\/wp\/v2\/types\/page"}],"author":[{"embeddable":true,"href":"https:\/\/instytutpolski.pl\/praha\/wp-json\/wp\/v2\/users\/1"}],"replies":[{"embeddable":true,"href":"https:\/\/instytutpolski.pl\/praha\/wp-json\/wp\/v2\/comments?post=377"}],"version-history":[{"count":21,"href":"https:\/\/instytutpolski.pl\/praha\/wp-json\/wp\/v2\/pages\/377\/revisions"}],"predecessor-version":[{"id":12297,"href":"https:\/\/instytutpolski.pl\/praha\/wp-json\/wp\/v2\/pages\/377\/revisions\/12297"}],"up":[{"embeddable":true,"href":"https:\/\/instytutpolski.pl\/praha\/wp-json\/wp\/v2\/pages\/367"}],"wp:featuredmedia":[{"embeddable":true,"href":"https:\/\/instytutpolski.pl\/praha\/wp-json\/wp\/v2\/media\/11277"}],"wp:attachment":[{"href":"https:\/\/instytutpolski.pl\/praha\/wp-json\/wp\/v2\/media?parent=377"}],"curies":[{"name":"wp","href":"https:\/\/api.w.org\/{rel}","templated":true}]}}