{"id":387,"date":"2019-06-25T09:49:19","date_gmt":"2019-06-25T07:49:19","guid":{"rendered":"https:\/\/instytutpolski.pl\/praga\/?page_id=387"},"modified":"2026-04-09T13:47:19","modified_gmt":"2026-04-09T11:47:19","slug":"ke-stazeni","status":"publish","type":"page","link":"https:\/\/instytutpolski.pl\/praha\/o-polskem-institutu\/ke-stazeni\/","title":{"rendered":"M\u011bs\u00ed\u010dn\u00ed programov\u00fd souhrn v pdf"},"content":{"rendered":"<a href=\"https:\/\/instytutpolski.pl\/praha\/wp-content\/uploads\/sites\/10\/2026\/04\/PI_program_duben_26_nwl_web.pdf\" class=\"pdfemb-viewer\" style=\"\" data-width=\"max\" data-height=\"max\" data-toolbar=\"bottom\" data-toolbar-fixed=\"off\">PI_program_duben_26_nwl_web<\/a>","protected":false},"excerpt":{"rendered":"","protected":false},"author":1,"featured_media":10124,"parent":367,"menu_order":0,"comment_status":"closed","ping_status":"closed","template":"","meta":{"inline_featured_image":false,"_monsterinsights_skip_tracking":false,"_monsterinsights_sitenote_active":false,"_monsterinsights_sitenote_note":"","_monsterinsights_sitenote_category":0,"footnotes":""},"class_list":["post-387","page","type-page","status-publish","has-post-thumbnail","hentry"],"yoast_head":"<!-- This site is optimized with the Yoast SEO plugin v24.6 - https:\/\/yoast.com\/wordpress\/plugins\/seo\/ -->\n<title>M\u011bs\u00ed\u010dn\u00ed programov\u00fd souhrn v pdf - Instytut Polski w Pradze<\/title>\n<meta name=\"robots\" content=\"index, follow, max-snippet:-1, max-image-preview:large, max-video-preview:-1\" \/>\n<link rel=\"canonical\" href=\"https:\/\/instytutpolski.pl\/praha\/o-polskem-institutu\/ke-stazeni\/\" \/>\n<meta property=\"og:locale\" content=\"pl_PL\" \/>\n<meta property=\"og:type\" content=\"article\" \/>\n<meta property=\"og:title\" content=\"M\u011bs\u00ed\u010dn\u00ed programov\u00fd souhrn v pdf - Instytut Polski w Pradze\" \/>\n<meta property=\"og:url\" content=\"https:\/\/instytutpolski.pl\/praha\/o-polskem-institutu\/ke-stazeni\/\" \/>\n<meta property=\"og:site_name\" content=\"Instytut Polski w Pradze\" \/>\n<meta property=\"article:modified_time\" content=\"2026-04-09T11:47:19+00:00\" \/>\n<meta property=\"og:image\" content=\"https:\/\/instytutpolski.pl\/praha\/wp-content\/uploads\/sites\/10\/2024\/04\/IMG_1717-scaled.jpg\" \/>\n\t<meta property=\"og:image:width\" content=\"1920\" \/>\n\t<meta property=\"og:image:height\" content=\"2560\" \/>\n\t<meta property=\"og:image:type\" content=\"image\/jpeg\" \/>\n<meta name=\"twitter:card\" content=\"summary_large_image\" \/>\n<meta name=\"twitter:label1\" content=\"Szacowany czas czytania\" \/>\n\t<meta name=\"twitter:data1\" content=\"1 minuta\" \/>\n<script type=\"application\/ld+json\" class=\"yoast-schema-graph\">{\"@context\":\"https:\/\/schema.org\",\"@graph\":[{\"@type\":\"WebPage\",\"@id\":\"https:\/\/instytutpolski.pl\/praha\/o-polskem-institutu\/ke-stazeni\/\",\"url\":\"https:\/\/instytutpolski.pl\/praha\/o-polskem-institutu\/ke-stazeni\/\",\"name\":\"M\u011bs\u00ed\u010dn\u00ed programov\u00fd souhrn v pdf - Instytut Polski w Pradze\",\"isPartOf\":{\"@id\":\"https:\/\/instytutpolski.pl\/praha\/#website\"},\"primaryImageOfPage\":{\"@id\":\"https:\/\/instytutpolski.pl\/praha\/o-polskem-institutu\/ke-stazeni\/#primaryimage\"},\"image\":{\"@id\":\"https:\/\/instytutpolski.pl\/praha\/o-polskem-institutu\/ke-stazeni\/#primaryimage\"},\"thumbnailUrl\":\"https:\/\/instytutpolski.pl\/praha\/wp-content\/uploads\/sites\/10\/2024\/04\/IMG_1717-scaled.jpg\",\"datePublished\":\"2019-06-25T07:49:19+00:00\",\"dateModified\":\"2026-04-09T11:47:19+00:00\",\"breadcrumb\":{\"@id\":\"https:\/\/instytutpolski.pl\/praha\/o-polskem-institutu\/ke-stazeni\/#breadcrumb\"},\"inLanguage\":\"pl-PL\",\"potentialAction\":[{\"@type\":\"ReadAction\",\"target\":[\"https:\/\/instytutpolski.pl\/praha\/o-polskem-institutu\/ke-stazeni\/\"]}]},{\"@type\":\"ImageObject\",\"inLanguage\":\"pl-PL\",\"@id\":\"https:\/\/instytutpolski.pl\/praha\/o-polskem-institutu\/ke-stazeni\/#primaryimage\",\"url\":\"https:\/\/instytutpolski.pl\/praha\/wp-content\/uploads\/sites\/10\/2024\/04\/IMG_1717-scaled.jpg\",\"contentUrl\":\"https:\/\/instytutpolski.pl\/praha\/wp-content\/uploads\/sites\/10\/2024\/04\/IMG_1717-scaled.jpg\",\"width\":1920,\"height\":2560},{\"@type\":\"BreadcrumbList\",\"@id\":\"https:\/\/instytutpolski.pl\/praha\/o-polskem-institutu\/ke-stazeni\/#breadcrumb\",\"itemListElement\":[{\"@type\":\"ListItem\",\"position\":1,\"name\":\"Home\",\"item\":\"https:\/\/instytutpolski.pl\/praha\/\"},{\"@type\":\"ListItem\",\"position\":2,\"name\":\"O Polsk\u00e9m institutu\",\"item\":\"https:\/\/instytutpolski.pl\/praha\/o-polskem-institutu\/\"},{\"@type\":\"ListItem\",\"position\":3,\"name\":\"M\u011bs\u00ed\u010dn\u00ed programov\u00fd souhrn v pdf\"}]},{\"@type\":\"WebSite\",\"@id\":\"https:\/\/instytutpolski.pl\/praha\/#website\",\"url\":\"https:\/\/instytutpolski.pl\/praha\/\",\"name\":\"Instytut Polski w Pradze\",\"description\":\"Instytuty Polskie\",\"potentialAction\":[{\"@type\":\"SearchAction\",\"target\":{\"@type\":\"EntryPoint\",\"urlTemplate\":\"https:\/\/instytutpolski.pl\/praha\/?s={search_term_string}\"},\"query-input\":{\"@type\":\"PropertyValueSpecification\",\"valueRequired\":true,\"valueName\":\"search_term_string\"}}],\"inLanguage\":\"pl-PL\"}]}<\/script>\n<!-- \/ Yoast SEO plugin. -->","yoast_head_json":{"title":"M\u011bs\u00ed\u010dn\u00ed programov\u00fd souhrn v pdf - Instytut Polski w Pradze","robots":{"index":"index","follow":"follow","max-snippet":"max-snippet:-1","max-image-preview":"max-image-preview:large","max-video-preview":"max-video-preview:-1"},"canonical":"https:\/\/instytutpolski.pl\/praha\/o-polskem-institutu\/ke-stazeni\/","og_locale":"pl_PL","og_type":"article","og_title":"M\u011bs\u00ed\u010dn\u00ed programov\u00fd souhrn v pdf - Instytut Polski w Pradze","og_url":"https:\/\/instytutpolski.pl\/praha\/o-polskem-institutu\/ke-stazeni\/","og_site_name":"Instytut Polski w Pradze","article_modified_time":"2026-04-09T11:47:19+00:00","og_image":[{"width":1920,"height":2560,"url":"https:\/\/instytutpolski.pl\/praha\/wp-content\/uploads\/sites\/10\/2024\/04\/IMG_1717-scaled.jpg","type":"image\/jpeg"}],"twitter_card":"summary_large_image","twitter_misc":{"Szacowany czas czytania":"1 minuta"},"schema":{"@context":"https:\/\/schema.org","@graph":[{"@type":"WebPage","@id":"https:\/\/instytutpolski.pl\/praha\/o-polskem-institutu\/ke-stazeni\/","url":"https:\/\/instytutpolski.pl\/praha\/o-polskem-institutu\/ke-stazeni\/","name":"M\u011bs\u00ed\u010dn\u00ed programov\u00fd souhrn v pdf - Instytut Polski w Pradze","isPartOf":{"@id":"https:\/\/instytutpolski.pl\/praha\/#website"},"primaryImageOfPage":{"@id":"https:\/\/instytutpolski.pl\/praha\/o-polskem-institutu\/ke-stazeni\/#primaryimage"},"image":{"@id":"https:\/\/instytutpolski.pl\/praha\/o-polskem-institutu\/ke-stazeni\/#primaryimage"},"thumbnailUrl":"https:\/\/instytutpolski.pl\/praha\/wp-content\/uploads\/sites\/10\/2024\/04\/IMG_1717-scaled.jpg","datePublished":"2019-06-25T07:49:19+00:00","dateModified":"2026-04-09T11:47:19+00:00","breadcrumb":{"@id":"https:\/\/instytutpolski.pl\/praha\/o-polskem-institutu\/ke-stazeni\/#breadcrumb"},"inLanguage":"pl-PL","potentialAction":[{"@type":"ReadAction","target":["https:\/\/instytutpolski.pl\/praha\/o-polskem-institutu\/ke-stazeni\/"]}]},{"@type":"ImageObject","inLanguage":"pl-PL","@id":"https:\/\/instytutpolski.pl\/praha\/o-polskem-institutu\/ke-stazeni\/#primaryimage","url":"https:\/\/instytutpolski.pl\/praha\/wp-content\/uploads\/sites\/10\/2024\/04\/IMG_1717-scaled.jpg","contentUrl":"https:\/\/instytutpolski.pl\/praha\/wp-content\/uploads\/sites\/10\/2024\/04\/IMG_1717-scaled.jpg","width":1920,"height":2560},{"@type":"BreadcrumbList","@id":"https:\/\/instytutpolski.pl\/praha\/o-polskem-institutu\/ke-stazeni\/#breadcrumb","itemListElement":[{"@type":"ListItem","position":1,"name":"Home","item":"https:\/\/instytutpolski.pl\/praha\/"},{"@type":"ListItem","position":2,"name":"O Polsk\u00e9m institutu","item":"https:\/\/instytutpolski.pl\/praha\/o-polskem-institutu\/"},{"@type":"ListItem","position":3,"name":"M\u011bs\u00ed\u010dn\u00ed programov\u00fd souhrn v pdf"}]},{"@type":"WebSite","@id":"https:\/\/instytutpolski.pl\/praha\/#website","url":"https:\/\/instytutpolski.pl\/praha\/","name":"Instytut Polski w Pradze","description":"Instytuty Polskie","potentialAction":[{"@type":"SearchAction","target":{"@type":"EntryPoint","urlTemplate":"https:\/\/instytutpolski.pl\/praha\/?s={search_term_string}"},"query-input":{"@type":"PropertyValueSpecification","valueRequired":true,"valueName":"search_term_string"}}],"inLanguage":"pl-PL"}]}},"_links":{"self":[{"href":"https:\/\/instytutpolski.pl\/praha\/wp-json\/wp\/v2\/pages\/387","targetHints":{"allow":["GET"]}}],"collection":[{"href":"https:\/\/instytutpolski.pl\/praha\/wp-json\/wp\/v2\/pages"}],"about":[{"href":"https:\/\/instytutpolski.pl\/praha\/wp-json\/wp\/v2\/types\/page"}],"author":[{"embeddable":true,"href":"https:\/\/instytutpolski.pl\/praha\/wp-json\/wp\/v2\/users\/1"}],"replies":[{"embeddable":true,"href":"https:\/\/instytutpolski.pl\/praha\/wp-json\/wp\/v2\/comments?post=387"}],"version-history":[{"count":81,"href":"https:\/\/instytutpolski.pl\/praha\/wp-json\/wp\/v2\/pages\/387\/revisions"}],"predecessor-version":[{"id":13434,"href":"https:\/\/instytutpolski.pl\/praha\/wp-json\/wp\/v2\/pages\/387\/revisions\/13434"}],"up":[{"embeddable":true,"href":"https:\/\/instytutpolski.pl\/praha\/wp-json\/wp\/v2\/pages\/367"}],"wp:featuredmedia":[{"embeddable":true,"href":"https:\/\/instytutpolski.pl\/praha\/wp-json\/wp\/v2\/media\/10124"}],"wp:attachment":[{"href":"https:\/\/instytutpolski.pl\/praha\/wp-json\/wp\/v2\/media?parent=387"}],"curies":[{"name":"wp","href":"https:\/\/api.w.org\/{rel}","templated":true}]}}