{"id":4052,"date":"2021-02-25T15:22:25","date_gmt":"2021-02-25T14:22:25","guid":{"rendered":"https:\/\/instytutpolski.pl\/praha\/?page_id=4052"},"modified":"2021-06-17T12:08:35","modified_gmt":"2021-06-17T10:08:35","slug":"na-skok-do-polska","status":"publish","type":"page","link":"https:\/\/instytutpolski.pl\/praha\/poznejte-polsko\/na-skok-do-polska\/","title":{"rendered":"Na skok do Polska"},"content":{"rendered":"\n<p>P\u0159ipravili jsme pro V\u00e1s \u0159adu minipr\u016fvodc\u016f o m\u00edstech pobl\u00ed\u017e \u010desko-polsk\u00fdch hranic, kter\u00e1 m\u016f\u017eete nav\u0161t\u00edvit i b\u011bhem jednoho dne. Pr\u016fvodce lze st\u00e1hnout nebo prohl\u00ed\u017eet na na\u0161ich internetov\u00fdch str\u00e1nk\u00e1ch.<\/p>\n\n\n\n<h2 class=\"wp-block-heading\">K dispozici jsou tyto d\u00edly<\/h2>\n\n\n\n<ul class=\"wp-block-list\"><li>Stolov\u00e9 hory<\/li><li>Poho\u0159\u00ed Kr\u00e1lick\u00fd Sn\u011b\u017en\u00edk<\/li><li>Sov\u00ed hory<\/li><li>Krkono\u0161e<\/li><\/ul>\n\n\n\n<h2 class=\"wp-block-heading\">P\u0159ipravujeme<\/h2>\n\n\n\n<ul class=\"wp-block-list\"><li>Krkono\u0161e II<\/li><\/ul>\n\n\n\n<h2 class=\"wp-block-heading\">Speci\u00e1ln\u00ed turistick\u00e1 p\u0159\u00edloha t\u00fdden\u00edku Echo<\/h2>\n\n\n\n<p>Dne 10. 6. 2021 vy\u0161la speci\u00e1ln\u00ed p\u0159\u00edloha t\u00fdden\u00edku Echo <strong>Na skok do Polska<\/strong> se spoustou inspirac\u00ed pro kr\u00e1tk\u00fd v\u00fdlet pouze p\u00e1r kilometr\u016f od \u010desk\u00fdch hranic &#8211; p\u0159\u00edloha je zdarma k dispozici t\u00e9\u017e online &#8211; <a href=\"https:\/\/app-tydenik.echomedia.cz\/_app\/echo24app\/index.html#\/r\/60c0973dffd8cd3c5ba573d2\/s\/a-60a7a794ffd8cd3c5ae9c9db\" target=\"_blank\" rel=\"noreferrer noopener\">zde<\/a>.<\/p>\n\n\n\n\n\n<p><strong>Obsah p\u0159\u00edlohy<\/strong><\/p>\n\n\n\n<ul class=\"wp-block-list\"><li>v\u00fdlety do Sov\u00edch a Stolov\u00fdch hor<\/li><li>nov\u00e1 kulturn\u00ed \u010dtvr\u0165 v Katovic\u00edch<\/li><li>barokn\u00ed perla K\u0159esobor (Krzesz\u00f3w)<\/li><li>rozhovor s publicistou a cestovatelem Ji\u0159\u00edm Pe\u0148\u00e1sem o tom, pro\u010d by ka\u017ed\u00fd \u010cech m\u011bl vid\u011bt Krkono\u0161e i z druh\u00e9 strany<\/li><\/ul>\n\n\n\n<figure class=\"wp-block-embed is-type-rich is-provider-issuu wp-block-embed-issuu\"><div class=\"wp-block-embed__wrapper\">\nhttps:\/\/issuu.com\/msz.gov.pl\/docs\/na_skok_do_polska_1_2021\n<\/div><\/figure>\n\n\n\n<figure class=\"wp-block-embed is-type-rich is-provider-issuu wp-block-embed-issuu\"><div class=\"wp-block-embed__wrapper\">\nhttps:\/\/issuu.com\/msz.gov.pl\/docs\/na_skok_do_polska_2_2021\n<\/div><\/figure>\n\n\n\n<figure class=\"wp-block-embed is-type-rich is-provider-issuu wp-block-embed-issuu\"><div class=\"wp-block-embed__wrapper\">\nhttps:\/\/issuu.com\/msz.gov.pl\/docs\/g_ry_sowie_cz\n<\/div><\/figure>\n\n\n\n<figure class=\"wp-block-embed is-type-rich is-provider-issuu wp-block-embed-issuu\"><div class=\"wp-block-embed__wrapper\">\nhttps:\/\/issuu.com\/msz.gov.pl\/docs\/krkono_e\n<\/div><\/figure>\n","protected":false},"excerpt":{"rendered":"<p>P\u0159ipravili jsme pro V\u00e1s \u0159adu minipr\u016fvodc\u016f o m\u00edstech pobl\u00ed\u017e \u010desko-polsk\u00fdch hranic, kter\u00e1 m\u016f\u017eete nav\u0161t\u00edvit i b\u011bhem jednoho dne. Pr\u016fvodce lze st\u00e1hnout nebo prohl\u00ed\u017eet na na\u0161ich internetov\u00fdch str\u00e1nk\u00e1ch. K dispozici jsou tyto d\u00edly Stolov\u00e9 hory Poho\u0159\u00ed Kr\u00e1lick\u00fd Sn\u011b\u017en\u00edk Sov\u00ed hory Krkono\u0161e P\u0159ipravujeme Krkono\u0161e II Speci\u00e1ln\u00ed turistick\u00e1 p\u0159\u00edloha t\u00fdden\u00edku Echo Dne 10. 6. 2021 vy\u0161la speci\u00e1ln\u00ed p\u0159\u00edloha [&hellip;]<\/p>\n","protected":false},"author":58,"featured_media":0,"parent":327,"menu_order":0,"comment_status":"closed","ping_status":"closed","template":"","meta":{"inline_featured_image":false,"_monsterinsights_skip_tracking":false,"_monsterinsights_sitenote_active":false,"_monsterinsights_sitenote_note":"","_monsterinsights_sitenote_category":0,"footnotes":""},"class_list":["post-4052","page","type-page","status-publish","hentry"],"yoast_head":"<!-- This site is optimized with the Yoast SEO plugin v24.6 - https:\/\/yoast.com\/wordpress\/plugins\/seo\/ -->\n<title>Na skok do Polska - Instytut Polski w Pradze<\/title>\n<meta name=\"robots\" content=\"index, follow, max-snippet:-1, max-image-preview:large, max-video-preview:-1\" \/>\n<link rel=\"canonical\" href=\"https:\/\/instytutpolski.pl\/praha\/poznejte-polsko\/na-skok-do-polska\/\" \/>\n<meta property=\"og:locale\" content=\"pl_PL\" \/>\n<meta property=\"og:type\" content=\"article\" \/>\n<meta property=\"og:title\" content=\"Na skok do Polska - Instytut Polski w Pradze\" \/>\n<meta property=\"og:description\" content=\"P\u0159ipravili jsme pro V\u00e1s \u0159adu minipr\u016fvodc\u016f o m\u00edstech pobl\u00ed\u017e \u010desko-polsk\u00fdch hranic, kter\u00e1 m\u016f\u017eete nav\u0161t\u00edvit i b\u011bhem jednoho dne. Pr\u016fvodce lze st\u00e1hnout nebo prohl\u00ed\u017eet na na\u0161ich internetov\u00fdch str\u00e1nk\u00e1ch. K dispozici jsou tyto d\u00edly Stolov\u00e9 hory Poho\u0159\u00ed Kr\u00e1lick\u00fd Sn\u011b\u017en\u00edk Sov\u00ed hory Krkono\u0161e P\u0159ipravujeme Krkono\u0161e II Speci\u00e1ln\u00ed turistick\u00e1 p\u0159\u00edloha t\u00fdden\u00edku Echo Dne 10. 6. 2021 vy\u0161la speci\u00e1ln\u00ed p\u0159\u00edloha [&hellip;]\" \/>\n<meta property=\"og:url\" content=\"https:\/\/instytutpolski.pl\/praha\/poznejte-polsko\/na-skok-do-polska\/\" \/>\n<meta property=\"og:site_name\" content=\"Instytut Polski w Pradze\" \/>\n<meta property=\"article:modified_time\" content=\"2021-06-17T10:08:35+00:00\" \/>\n<meta name=\"twitter:card\" content=\"summary_large_image\" \/>\n<meta name=\"twitter:label1\" content=\"Szacowany czas czytania\" \/>\n\t<meta name=\"twitter:data1\" content=\"1 minuta\" \/>\n<script type=\"application\/ld+json\" class=\"yoast-schema-graph\">{\"@context\":\"https:\/\/schema.org\",\"@graph\":[{\"@type\":\"WebPage\",\"@id\":\"https:\/\/instytutpolski.pl\/praha\/poznejte-polsko\/na-skok-do-polska\/\",\"url\":\"https:\/\/instytutpolski.pl\/praha\/poznejte-polsko\/na-skok-do-polska\/\",\"name\":\"Na skok do Polska - Instytut Polski w Pradze\",\"isPartOf\":{\"@id\":\"https:\/\/instytutpolski.pl\/praha\/#website\"},\"datePublished\":\"2021-02-25T14:22:25+00:00\",\"dateModified\":\"2021-06-17T10:08:35+00:00\",\"breadcrumb\":{\"@id\":\"https:\/\/instytutpolski.pl\/praha\/poznejte-polsko\/na-skok-do-polska\/#breadcrumb\"},\"inLanguage\":\"pl-PL\",\"potentialAction\":[{\"@type\":\"ReadAction\",\"target\":[\"https:\/\/instytutpolski.pl\/praha\/poznejte-polsko\/na-skok-do-polska\/\"]}]},{\"@type\":\"BreadcrumbList\",\"@id\":\"https:\/\/instytutpolski.pl\/praha\/poznejte-polsko\/na-skok-do-polska\/#breadcrumb\",\"itemListElement\":[{\"@type\":\"ListItem\",\"position\":1,\"name\":\"Home\",\"item\":\"https:\/\/instytutpolski.pl\/praha\/\"},{\"@type\":\"ListItem\",\"position\":2,\"name\":\"Poznejte Polsko\",\"item\":\"https:\/\/instytutpolski.pl\/praha\/poznejte-polsko\/\"},{\"@type\":\"ListItem\",\"position\":3,\"name\":\"Na skok do Polska\"}]},{\"@type\":\"WebSite\",\"@id\":\"https:\/\/instytutpolski.pl\/praha\/#website\",\"url\":\"https:\/\/instytutpolski.pl\/praha\/\",\"name\":\"Instytut Polski w Pradze\",\"description\":\"Instytuty Polskie\",\"potentialAction\":[{\"@type\":\"SearchAction\",\"target\":{\"@type\":\"EntryPoint\",\"urlTemplate\":\"https:\/\/instytutpolski.pl\/praha\/?s={search_term_string}\"},\"query-input\":{\"@type\":\"PropertyValueSpecification\",\"valueRequired\":true,\"valueName\":\"search_term_string\"}}],\"inLanguage\":\"pl-PL\"}]}<\/script>\n<!-- \/ Yoast SEO plugin. -->","yoast_head_json":{"title":"Na skok do Polska - Instytut Polski w Pradze","robots":{"index":"index","follow":"follow","max-snippet":"max-snippet:-1","max-image-preview":"max-image-preview:large","max-video-preview":"max-video-preview:-1"},"canonical":"https:\/\/instytutpolski.pl\/praha\/poznejte-polsko\/na-skok-do-polska\/","og_locale":"pl_PL","og_type":"article","og_title":"Na skok do Polska - Instytut Polski w Pradze","og_description":"P\u0159ipravili jsme pro V\u00e1s \u0159adu minipr\u016fvodc\u016f o m\u00edstech pobl\u00ed\u017e \u010desko-polsk\u00fdch hranic, kter\u00e1 m\u016f\u017eete nav\u0161t\u00edvit i b\u011bhem jednoho dne. Pr\u016fvodce lze st\u00e1hnout nebo prohl\u00ed\u017eet na na\u0161ich internetov\u00fdch str\u00e1nk\u00e1ch. K dispozici jsou tyto d\u00edly Stolov\u00e9 hory Poho\u0159\u00ed Kr\u00e1lick\u00fd Sn\u011b\u017en\u00edk Sov\u00ed hory Krkono\u0161e P\u0159ipravujeme Krkono\u0161e II Speci\u00e1ln\u00ed turistick\u00e1 p\u0159\u00edloha t\u00fdden\u00edku Echo Dne 10. 6. 2021 vy\u0161la speci\u00e1ln\u00ed p\u0159\u00edloha [&hellip;]","og_url":"https:\/\/instytutpolski.pl\/praha\/poznejte-polsko\/na-skok-do-polska\/","og_site_name":"Instytut Polski w Pradze","article_modified_time":"2021-06-17T10:08:35+00:00","twitter_card":"summary_large_image","twitter_misc":{"Szacowany czas czytania":"1 minuta"},"schema":{"@context":"https:\/\/schema.org","@graph":[{"@type":"WebPage","@id":"https:\/\/instytutpolski.pl\/praha\/poznejte-polsko\/na-skok-do-polska\/","url":"https:\/\/instytutpolski.pl\/praha\/poznejte-polsko\/na-skok-do-polska\/","name":"Na skok do Polska - Instytut Polski w Pradze","isPartOf":{"@id":"https:\/\/instytutpolski.pl\/praha\/#website"},"datePublished":"2021-02-25T14:22:25+00:00","dateModified":"2021-06-17T10:08:35+00:00","breadcrumb":{"@id":"https:\/\/instytutpolski.pl\/praha\/poznejte-polsko\/na-skok-do-polska\/#breadcrumb"},"inLanguage":"pl-PL","potentialAction":[{"@type":"ReadAction","target":["https:\/\/instytutpolski.pl\/praha\/poznejte-polsko\/na-skok-do-polska\/"]}]},{"@type":"BreadcrumbList","@id":"https:\/\/instytutpolski.pl\/praha\/poznejte-polsko\/na-skok-do-polska\/#breadcrumb","itemListElement":[{"@type":"ListItem","position":1,"name":"Home","item":"https:\/\/instytutpolski.pl\/praha\/"},{"@type":"ListItem","position":2,"name":"Poznejte Polsko","item":"https:\/\/instytutpolski.pl\/praha\/poznejte-polsko\/"},{"@type":"ListItem","position":3,"name":"Na skok do Polska"}]},{"@type":"WebSite","@id":"https:\/\/instytutpolski.pl\/praha\/#website","url":"https:\/\/instytutpolski.pl\/praha\/","name":"Instytut Polski w Pradze","description":"Instytuty Polskie","potentialAction":[{"@type":"SearchAction","target":{"@type":"EntryPoint","urlTemplate":"https:\/\/instytutpolski.pl\/praha\/?s={search_term_string}"},"query-input":{"@type":"PropertyValueSpecification","valueRequired":true,"valueName":"search_term_string"}}],"inLanguage":"pl-PL"}]}},"_links":{"self":[{"href":"https:\/\/instytutpolski.pl\/praha\/wp-json\/wp\/v2\/pages\/4052","targetHints":{"allow":["GET"]}}],"collection":[{"href":"https:\/\/instytutpolski.pl\/praha\/wp-json\/wp\/v2\/pages"}],"about":[{"href":"https:\/\/instytutpolski.pl\/praha\/wp-json\/wp\/v2\/types\/page"}],"author":[{"embeddable":true,"href":"https:\/\/instytutpolski.pl\/praha\/wp-json\/wp\/v2\/users\/58"}],"replies":[{"embeddable":true,"href":"https:\/\/instytutpolski.pl\/praha\/wp-json\/wp\/v2\/comments?post=4052"}],"version-history":[{"count":11,"href":"https:\/\/instytutpolski.pl\/praha\/wp-json\/wp\/v2\/pages\/4052\/revisions"}],"predecessor-version":[{"id":4704,"href":"https:\/\/instytutpolski.pl\/praha\/wp-json\/wp\/v2\/pages\/4052\/revisions\/4704"}],"up":[{"embeddable":true,"href":"https:\/\/instytutpolski.pl\/praha\/wp-json\/wp\/v2\/pages\/327"}],"wp:attachment":[{"href":"https:\/\/instytutpolski.pl\/praha\/wp-json\/wp\/v2\/media?parent=4052"}],"curies":[{"name":"wp","href":"https:\/\/api.w.org\/{rel}","templated":true}]}}