{"id":4279,"date":"2021-04-06T15:01:35","date_gmt":"2021-04-06T13:01:35","guid":{"rendered":"https:\/\/instytutpolski.pl\/praha\/?page_id=4279"},"modified":"2022-08-11T13:55:25","modified_gmt":"2022-08-11T11:55:25","slug":"polske-stopy-v-praze","status":"publish","type":"page","link":"https:\/\/instytutpolski.pl\/praha\/poznejte-polsko\/polske-stopy-v-praze\/","title":{"rendered":"Polsk\u00e9 stopy v Praze"},"content":{"rendered":"\n<p>V\u00edte, kde se v Praze nach\u00e1z\u00ed Chopinova nebo Polsk\u00e1 ulice? Nebo kdo byl Ryszard Siwiec, jeho\u017e pomn\u00edk a ulici najdete v Praze 3?<\/p>\n\n\n\n<p>P\u0159edstavujeme prvn\u00ed d\u00edly na\u0161eho nov\u00e9ho projektu kr\u00e1tk\u00fdch vide\u00ed, ze kter\u00fdch se dozv\u00edte mnoho zaj\u00edmav\u00fdch fakt\u016f o polsk\u00fdch stop\u00e1ch v Praze.<\/p>\n\n\n\n<figure class=\"wp-block-embed is-type-video is-provider-youtube wp-block-embed-youtube wp-embed-aspect-16-9 wp-has-aspect-ratio\"><div class=\"wp-block-embed__wrapper\">\nhttps:\/\/www.youtube.com\/watch?v=KK8vj4WUaXE&#038;t=2s\n<\/div><figcaption>Polsk\u00e9 stopy v Praze \u2013 1. d\u00edl o Polsk\u00e9 a Chopinov\u011b ulici, ulici Siwiecova a promen\u00e1d\u011b Paw\u0142a Adamowicze<\/figcaption><\/figure>\n\n\n\n<figure class=\"wp-block-embed is-type-video is-provider-youtube wp-block-embed-youtube wp-embed-aspect-16-9 wp-has-aspect-ratio\"><div class=\"wp-block-embed__wrapper\">\nhttps:\/\/www.youtube.com\/watch?v=cuI5tt6iZA4\n<\/div><figcaption>Polsk\u00e9 stopy v Praze \u2013 2. d\u00edl o muralu s tematikou Solidarity, n\u00e1v\u0161t\u011bva v knihovn\u011b Libri Prohibiti<\/figcaption><\/figure>\n\n\n\n<figure class=\"wp-block-embed is-type-video is-provider-youtube wp-block-embed-youtube wp-embed-aspect-16-9 wp-has-aspect-ratio\"><div class=\"wp-block-embed__wrapper\">\nhttps:\/\/youtu.be\/OM3yzQ3yKH0\n<\/div><figcaption>Polsk\u00e9 stopy v Praze &#8211; 3. d\u00edl s tematikou st\u0159edov\u011bku<\/figcaption><\/figure>\n\n\n\n<figure class=\"wp-block-embed is-type-video is-provider-youtube wp-block-embed-youtube wp-embed-aspect-16-9 wp-has-aspect-ratio\"><div class=\"wp-block-embed__wrapper\">\nhttps:\/\/www.youtube.com\/watch?v=02NbAku-sNY\n<\/div><figcaption>Polsk\u00e9 stopy v Praze \u2013 4. d\u00edl \u2013 \u010dtvr\u0165 Bohnice<\/figcaption><\/figure>\n\n\n\n<figure class=\"wp-block-embed is-type-video is-provider-youtube wp-block-embed-youtube wp-embed-aspect-16-9 wp-has-aspect-ratio\"><div class=\"wp-block-embed__wrapper\">\nhttps:\/\/www.youtube.com\/watch?v=1FJFYbTn8Sg\n<\/div><figcaption>Polsk\u00e9 stopy v Praze &#8211; 5. d\u00edl o polsk\u00e9m velvyslanectv\u00ed a Polsk\u00e9m institutu v Praze<\/figcaption><\/figure>\n\n\n\n<figure class=\"wp-block-embed is-type-video is-provider-youtube wp-block-embed-youtube wp-embed-aspect-16-9 wp-has-aspect-ratio\"><div class=\"wp-block-embed__wrapper\">\nhttps:\/\/www.youtube.com\/watch?v=GfjxSg214VM\n<\/div><figcaption>Polsk\u00e9 stopy v Praze &#8211; 6. d\u00edl o slavn\u00fdch \u0161lechtick\u00fdch rod\u00e1c\u00edch<\/figcaption><\/figure>\n","protected":false},"excerpt":{"rendered":"<p>V\u00edte, kde se v Praze nach\u00e1z\u00ed Chopinova nebo Polsk\u00e1 ulice? Nebo kdo byl Ryszard Siwiec, jeho\u017e pomn\u00edk a ulici najdete v Praze 3? P\u0159edstavujeme prvn\u00ed d\u00edly na\u0161eho nov\u00e9ho projektu kr\u00e1tk\u00fdch vide\u00ed, ze kter\u00fdch se dozv\u00edte mnoho zaj\u00edmav\u00fdch fakt\u016f o polsk\u00fdch stop\u00e1ch v Praze.<\/p>\n","protected":false},"author":58,"featured_media":0,"parent":327,"menu_order":-4,"comment_status":"closed","ping_status":"closed","template":"","meta":{"inline_featured_image":false,"_monsterinsights_skip_tracking":false,"_monsterinsights_sitenote_active":false,"_monsterinsights_sitenote_note":"","_monsterinsights_sitenote_category":0,"footnotes":""},"class_list":["post-4279","page","type-page","status-publish","hentry"],"yoast_head":"<!-- This site is optimized with the Yoast SEO plugin v24.6 - https:\/\/yoast.com\/wordpress\/plugins\/seo\/ -->\n<title>Polsk\u00e9 stopy v Praze - Instytut Polski w Pradze<\/title>\n<meta name=\"robots\" content=\"index, follow, max-snippet:-1, max-image-preview:large, max-video-preview:-1\" \/>\n<link rel=\"canonical\" href=\"https:\/\/instytutpolski.pl\/praha\/poznejte-polsko\/polske-stopy-v-praze\/\" \/>\n<meta property=\"og:locale\" content=\"pl_PL\" \/>\n<meta property=\"og:type\" content=\"article\" \/>\n<meta property=\"og:title\" content=\"Polsk\u00e9 stopy v Praze - Instytut Polski w Pradze\" \/>\n<meta property=\"og:description\" content=\"V\u00edte, kde se v Praze nach\u00e1z\u00ed Chopinova nebo Polsk\u00e1 ulice? Nebo kdo byl Ryszard Siwiec, jeho\u017e pomn\u00edk a ulici najdete v Praze 3? P\u0159edstavujeme prvn\u00ed d\u00edly na\u0161eho nov\u00e9ho projektu kr\u00e1tk\u00fdch vide\u00ed, ze kter\u00fdch se dozv\u00edte mnoho zaj\u00edmav\u00fdch fakt\u016f o polsk\u00fdch stop\u00e1ch v Praze.\" \/>\n<meta property=\"og:url\" content=\"https:\/\/instytutpolski.pl\/praha\/poznejte-polsko\/polske-stopy-v-praze\/\" \/>\n<meta property=\"og:site_name\" content=\"Instytut Polski w Pradze\" \/>\n<meta property=\"article:modified_time\" content=\"2022-08-11T11:55:25+00:00\" \/>\n<meta name=\"twitter:card\" content=\"summary_large_image\" \/>\n<meta name=\"twitter:label1\" content=\"Szacowany czas czytania\" \/>\n\t<meta name=\"twitter:data1\" content=\"1 minuta\" \/>\n<script type=\"application\/ld+json\" class=\"yoast-schema-graph\">{\"@context\":\"https:\/\/schema.org\",\"@graph\":[{\"@type\":\"WebPage\",\"@id\":\"https:\/\/instytutpolski.pl\/praha\/poznejte-polsko\/polske-stopy-v-praze\/\",\"url\":\"https:\/\/instytutpolski.pl\/praha\/poznejte-polsko\/polske-stopy-v-praze\/\",\"name\":\"Polsk\u00e9 stopy v Praze - Instytut Polski w Pradze\",\"isPartOf\":{\"@id\":\"https:\/\/instytutpolski.pl\/praha\/#website\"},\"datePublished\":\"2021-04-06T13:01:35+00:00\",\"dateModified\":\"2022-08-11T11:55:25+00:00\",\"breadcrumb\":{\"@id\":\"https:\/\/instytutpolski.pl\/praha\/poznejte-polsko\/polske-stopy-v-praze\/#breadcrumb\"},\"inLanguage\":\"pl-PL\",\"potentialAction\":[{\"@type\":\"ReadAction\",\"target\":[\"https:\/\/instytutpolski.pl\/praha\/poznejte-polsko\/polske-stopy-v-praze\/\"]}]},{\"@type\":\"BreadcrumbList\",\"@id\":\"https:\/\/instytutpolski.pl\/praha\/poznejte-polsko\/polske-stopy-v-praze\/#breadcrumb\",\"itemListElement\":[{\"@type\":\"ListItem\",\"position\":1,\"name\":\"Home\",\"item\":\"https:\/\/instytutpolski.pl\/praha\/\"},{\"@type\":\"ListItem\",\"position\":2,\"name\":\"Poznejte Polsko\",\"item\":\"https:\/\/instytutpolski.pl\/praha\/poznejte-polsko\/\"},{\"@type\":\"ListItem\",\"position\":3,\"name\":\"Polsk\u00e9 stopy v Praze\"}]},{\"@type\":\"WebSite\",\"@id\":\"https:\/\/instytutpolski.pl\/praha\/#website\",\"url\":\"https:\/\/instytutpolski.pl\/praha\/\",\"name\":\"Instytut Polski w Pradze\",\"description\":\"Instytuty Polskie\",\"potentialAction\":[{\"@type\":\"SearchAction\",\"target\":{\"@type\":\"EntryPoint\",\"urlTemplate\":\"https:\/\/instytutpolski.pl\/praha\/?s={search_term_string}\"},\"query-input\":{\"@type\":\"PropertyValueSpecification\",\"valueRequired\":true,\"valueName\":\"search_term_string\"}}],\"inLanguage\":\"pl-PL\"}]}<\/script>\n<!-- \/ Yoast SEO plugin. -->","yoast_head_json":{"title":"Polsk\u00e9 stopy v Praze - Instytut Polski w Pradze","robots":{"index":"index","follow":"follow","max-snippet":"max-snippet:-1","max-image-preview":"max-image-preview:large","max-video-preview":"max-video-preview:-1"},"canonical":"https:\/\/instytutpolski.pl\/praha\/poznejte-polsko\/polske-stopy-v-praze\/","og_locale":"pl_PL","og_type":"article","og_title":"Polsk\u00e9 stopy v Praze - Instytut Polski w Pradze","og_description":"V\u00edte, kde se v Praze nach\u00e1z\u00ed Chopinova nebo Polsk\u00e1 ulice? Nebo kdo byl Ryszard Siwiec, jeho\u017e pomn\u00edk a ulici najdete v Praze 3? P\u0159edstavujeme prvn\u00ed d\u00edly na\u0161eho nov\u00e9ho projektu kr\u00e1tk\u00fdch vide\u00ed, ze kter\u00fdch se dozv\u00edte mnoho zaj\u00edmav\u00fdch fakt\u016f o polsk\u00fdch stop\u00e1ch v Praze.","og_url":"https:\/\/instytutpolski.pl\/praha\/poznejte-polsko\/polske-stopy-v-praze\/","og_site_name":"Instytut Polski w Pradze","article_modified_time":"2022-08-11T11:55:25+00:00","twitter_card":"summary_large_image","twitter_misc":{"Szacowany czas czytania":"1 minuta"},"schema":{"@context":"https:\/\/schema.org","@graph":[{"@type":"WebPage","@id":"https:\/\/instytutpolski.pl\/praha\/poznejte-polsko\/polske-stopy-v-praze\/","url":"https:\/\/instytutpolski.pl\/praha\/poznejte-polsko\/polske-stopy-v-praze\/","name":"Polsk\u00e9 stopy v Praze - Instytut Polski w Pradze","isPartOf":{"@id":"https:\/\/instytutpolski.pl\/praha\/#website"},"datePublished":"2021-04-06T13:01:35+00:00","dateModified":"2022-08-11T11:55:25+00:00","breadcrumb":{"@id":"https:\/\/instytutpolski.pl\/praha\/poznejte-polsko\/polske-stopy-v-praze\/#breadcrumb"},"inLanguage":"pl-PL","potentialAction":[{"@type":"ReadAction","target":["https:\/\/instytutpolski.pl\/praha\/poznejte-polsko\/polske-stopy-v-praze\/"]}]},{"@type":"BreadcrumbList","@id":"https:\/\/instytutpolski.pl\/praha\/poznejte-polsko\/polske-stopy-v-praze\/#breadcrumb","itemListElement":[{"@type":"ListItem","position":1,"name":"Home","item":"https:\/\/instytutpolski.pl\/praha\/"},{"@type":"ListItem","position":2,"name":"Poznejte Polsko","item":"https:\/\/instytutpolski.pl\/praha\/poznejte-polsko\/"},{"@type":"ListItem","position":3,"name":"Polsk\u00e9 stopy v Praze"}]},{"@type":"WebSite","@id":"https:\/\/instytutpolski.pl\/praha\/#website","url":"https:\/\/instytutpolski.pl\/praha\/","name":"Instytut Polski w Pradze","description":"Instytuty Polskie","potentialAction":[{"@type":"SearchAction","target":{"@type":"EntryPoint","urlTemplate":"https:\/\/instytutpolski.pl\/praha\/?s={search_term_string}"},"query-input":{"@type":"PropertyValueSpecification","valueRequired":true,"valueName":"search_term_string"}}],"inLanguage":"pl-PL"}]}},"_links":{"self":[{"href":"https:\/\/instytutpolski.pl\/praha\/wp-json\/wp\/v2\/pages\/4279","targetHints":{"allow":["GET"]}}],"collection":[{"href":"https:\/\/instytutpolski.pl\/praha\/wp-json\/wp\/v2\/pages"}],"about":[{"href":"https:\/\/instytutpolski.pl\/praha\/wp-json\/wp\/v2\/types\/page"}],"author":[{"embeddable":true,"href":"https:\/\/instytutpolski.pl\/praha\/wp-json\/wp\/v2\/users\/58"}],"replies":[{"embeddable":true,"href":"https:\/\/instytutpolski.pl\/praha\/wp-json\/wp\/v2\/comments?post=4279"}],"version-history":[{"count":6,"href":"https:\/\/instytutpolski.pl\/praha\/wp-json\/wp\/v2\/pages\/4279\/revisions"}],"predecessor-version":[{"id":7075,"href":"https:\/\/instytutpolski.pl\/praha\/wp-json\/wp\/v2\/pages\/4279\/revisions\/7075"}],"up":[{"embeddable":true,"href":"https:\/\/instytutpolski.pl\/praha\/wp-json\/wp\/v2\/pages\/327"}],"wp:attachment":[{"href":"https:\/\/instytutpolski.pl\/praha\/wp-json\/wp\/v2\/media?parent=4279"}],"curies":[{"name":"wp","href":"https:\/\/api.w.org\/{rel}","templated":true}]}}