{"id":4733,"date":"2021-06-22T09:45:22","date_gmt":"2021-06-22T07:45:22","guid":{"rendered":"https:\/\/instytutpolski.pl\/praha\/?page_id=4733"},"modified":"2025-09-05T15:22:34","modified_gmt":"2025-09-05T13:22:34","slug":"stiznosti-a-zadosti","status":"publish","type":"page","link":"https:\/\/instytutpolski.pl\/praha\/stiznosti-a-zadosti\/","title":{"rendered":"St\u00ed\u017enosti a \u017e\u00e1dosti"},"content":{"rendered":"\n<p>St\u00ed\u017enosti a \u017e\u00e1dosti je mo\u017en\u00e9 pod\u00e1vat n\u00e1sledovn\u011b:<\/p>\n\n\n\n<hr class=\"wp-block-separator has-css-opacity\" \/>\n\n\n\n<ol class=\"wp-block-list\">\n<li><strong>P\u00edsemn\u011b<\/strong><br>Polsk\u00fd institut v Praze<br>N\u00e1rodn\u00ed 961\/25<br>110 00  Praha 1<br>\u010cesk\u00e1 republika<\/li>\n\n\n\n<li><strong>Prost\u0159ednictv\u00edm elektronick\u00e9 po\u0161ty na adresu: <a href=\"mailto:ip.praga@msz.gov.pl\">ip.praga@msz.gov.pl<\/a><\/strong><br>St\u00ed\u017enosti a \u017e\u00e1dosti zas\u00edlan\u00e9 elektronickou po\u0161tou mus\u00ed obsahovat jm\u00e9no, p\u0159\u00edjmen\u00ed a adresu osoby pod\u00e1vaj\u00edc\u00ed st\u00ed\u017enost nebo \u017e\u00e1dost.<\/li>\n\n\n\n<li><strong>\u00dastn\u011b na z\u00e1klad\u011b protokolu<\/strong><br>Osoby pod\u00e1vaj\u00edc\u00ed st\u00ed\u017enost \u010di \u017e\u00e1dost jsou p\u0159ij\u00edm\u00e1ny ka\u017ed\u00e9 \u00fater\u00fd v hodin\u00e1ch 10:00 a\u017e 12:00, po p\u0159edchoz\u00edm telefonick\u00e9m domluven\u00ed hodiny sch\u016fzky (tel. +420 \/ 220 410 410).<\/li>\n<\/ol>\n\n\n\n<hr class=\"wp-block-separator has-css-opacity\" \/>\n\n\n\n<p><strong>Na z\u00e1klad\u011b \u00a7 8 bod 1 Na\u0159\u00edzen\u00ed vl\u00e1dy Polsk\u00e9 republiky ze dne 8. ledna 2002 ve v\u011bci organizaci p\u0159ij\u00edm\u00e1n\u00ed a vy\u0159izov\u00e1n\u00ed st\u00ed\u017enost\u00ed a \u017e\u00e1dost\u00ed jsou st\u00ed\u017enosti a \u017e\u00e1dosti neobsahuj\u00edc\u00ed jm\u00e9no, p\u0159\u00edjmen\u00ed (n\u00e1zev) a adresu podavatele ponech\u00e1v\u00e1ny bez projedn\u00e1n\u00ed.<\/strong><\/p>\n\n\n\n<hr class=\"wp-block-separator has-css-opacity\" \/>\n\n\n\n<p>St\u00ed\u017enost mus\u00ed vedle osobn\u00edch a \u00fadaj\u016f a adresy st\u011b\u017eovatele obsahovat v\u011bcn\u00fd a podrobn\u00fd popis z\u00e1le\u017eitosti nebo ud\u00e1losti, ke kter\u00e9 se vztahuje, v\u010detn\u011b:<\/p>\n\n\n\n<ul class=\"wp-block-list\">\n<li>informac\u00ed ohledn\u011b osobn\u00edch \u00fadaj\u016f a pracovn\u00ed pozice zam\u011bstnance, kter\u00fd podle st\u011b\u017eovatele poru\u0161il platn\u00e9 p\u0159edpisy, procedury a pravidla,<\/li>\n\n\n\n<li>vysv\u011btlen\u00ed, kter\u00e9 p\u0159edpisy, procedury \u010di pravidla byly poru\u0161eny,<\/li>\n\n\n\n<li>informace o \u010dasu\/dob\u011b, kdy k popisovan\u00e9 ud\u00e1losti do\u0161lo,<\/li>\n\n\n\n<li>p\u0159\u00edlohy, kter\u00e9 p\u0159\u00edpadn\u011b potvrzuj\u00ed situaci popisoanou ve st\u00ed\u017enosti (kopie e-mail\u016f nebo dopis\u016f zas\u00edlan\u00fdch na pracovi\u0161t\u011b, kopie do\u0161l\u00fdch odpov\u011bd\u00ed, kopie dokument\u016f apod.),<\/li>\n\n\n\n<li>v p\u0159\u00edpad\u011b pod\u00e1v\u00e1n\u00ed st\u00ed\u017enosti jm\u00e9nem jin\u00e9 osoby je podm\u00ednkou jej\u00edho pod\u00e1n\u00ed z\u00edsk\u00e1n\u00ed souhlasu t\u00e9to osoby p\u0159ed pod\u00e1n\u00edm p\u0159\u00edslu\u0161n\u00e9ho dopisu; takov\u00fdto souhlas m\u016f\u017ee b\u00fdt vyj\u00e1d\u0159en jakoukoli formou, pouze v\u0161ak m\u016fs\u00ed b\u00fdt v\u016fle t\u00e9to osoby projevena z\u0159eteln\u011b a nepochybn\u011b (nejl\u00e9pe prost\u0159ednictv\u00edm p\u00edsemn\u00e9ho zmocn\u011bn\u00ed s vlastnoru\u010dn\u00edm podpisem zmocnitele, kter\u00e9 oprav\u0148uje st\u011b\u017eovatele jednat jeho jm\u00e9nem). <\/li>\n<\/ul>\n","protected":false},"excerpt":{"rendered":"<p>St\u00ed\u017enosti a \u017e\u00e1dosti je mo\u017en\u00e9 pod\u00e1vat n\u00e1sledovn\u011b: Na z\u00e1klad\u011b \u00a7 8 bod 1 Na\u0159\u00edzen\u00ed vl\u00e1dy Polsk\u00e9 republiky ze dne 8. ledna 2002 ve v\u011bci organizaci p\u0159ij\u00edm\u00e1n\u00ed a vy\u0159izov\u00e1n\u00ed st\u00ed\u017enost\u00ed a \u017e\u00e1dost\u00ed jsou st\u00ed\u017enosti a \u017e\u00e1dosti neobsahuj\u00edc\u00ed jm\u00e9no, p\u0159\u00edjmen\u00ed (n\u00e1zev) a adresu podavatele ponech\u00e1v\u00e1ny bez projedn\u00e1n\u00ed. St\u00ed\u017enost mus\u00ed vedle osobn\u00edch a \u00fadaj\u016f a adresy st\u011b\u017eovatele obsahovat [&hellip;]<\/p>\n","protected":false},"author":58,"featured_media":0,"parent":0,"menu_order":0,"comment_status":"closed","ping_status":"closed","template":"","meta":{"inline_featured_image":false,"_monsterinsights_skip_tracking":false,"_monsterinsights_sitenote_active":false,"_monsterinsights_sitenote_note":"","_monsterinsights_sitenote_category":0,"footnotes":""},"class_list":["post-4733","page","type-page","status-publish","hentry"],"yoast_head":"<!-- This site is optimized with the Yoast SEO plugin v24.6 - https:\/\/yoast.com\/wordpress\/plugins\/seo\/ -->\n<title>St\u00ed\u017enosti a \u017e\u00e1dosti - Instytut Polski w Pradze<\/title>\n<meta name=\"robots\" content=\"index, follow, max-snippet:-1, max-image-preview:large, max-video-preview:-1\" \/>\n<link rel=\"canonical\" href=\"https:\/\/instytutpolski.pl\/praha\/stiznosti-a-zadosti\/\" \/>\n<meta property=\"og:locale\" content=\"pl_PL\" \/>\n<meta property=\"og:type\" content=\"article\" \/>\n<meta property=\"og:title\" content=\"St\u00ed\u017enosti a \u017e\u00e1dosti - Instytut Polski w Pradze\" \/>\n<meta property=\"og:description\" content=\"St\u00ed\u017enosti a \u017e\u00e1dosti je mo\u017en\u00e9 pod\u00e1vat n\u00e1sledovn\u011b: Na z\u00e1klad\u011b \u00a7 8 bod 1 Na\u0159\u00edzen\u00ed vl\u00e1dy Polsk\u00e9 republiky ze dne 8. ledna 2002 ve v\u011bci organizaci p\u0159ij\u00edm\u00e1n\u00ed a vy\u0159izov\u00e1n\u00ed st\u00ed\u017enost\u00ed a \u017e\u00e1dost\u00ed jsou st\u00ed\u017enosti a \u017e\u00e1dosti neobsahuj\u00edc\u00ed jm\u00e9no, p\u0159\u00edjmen\u00ed (n\u00e1zev) a adresu podavatele ponech\u00e1v\u00e1ny bez projedn\u00e1n\u00ed. St\u00ed\u017enost mus\u00ed vedle osobn\u00edch a \u00fadaj\u016f a adresy st\u011b\u017eovatele obsahovat [&hellip;]\" \/>\n<meta property=\"og:url\" content=\"https:\/\/instytutpolski.pl\/praha\/stiznosti-a-zadosti\/\" \/>\n<meta property=\"og:site_name\" content=\"Instytut Polski w Pradze\" \/>\n<meta property=\"article:modified_time\" content=\"2025-09-05T13:22:34+00:00\" \/>\n<meta name=\"twitter:card\" content=\"summary_large_image\" \/>\n<meta name=\"twitter:label1\" content=\"Szacowany czas czytania\" \/>\n\t<meta name=\"twitter:data1\" content=\"2 minuty\" \/>\n<script type=\"application\/ld+json\" class=\"yoast-schema-graph\">{\"@context\":\"https:\/\/schema.org\",\"@graph\":[{\"@type\":\"WebPage\",\"@id\":\"https:\/\/instytutpolski.pl\/praha\/stiznosti-a-zadosti\/\",\"url\":\"https:\/\/instytutpolski.pl\/praha\/stiznosti-a-zadosti\/\",\"name\":\"St\u00ed\u017enosti a \u017e\u00e1dosti - Instytut Polski w Pradze\",\"isPartOf\":{\"@id\":\"https:\/\/instytutpolski.pl\/praha\/#website\"},\"datePublished\":\"2021-06-22T07:45:22+00:00\",\"dateModified\":\"2025-09-05T13:22:34+00:00\",\"breadcrumb\":{\"@id\":\"https:\/\/instytutpolski.pl\/praha\/stiznosti-a-zadosti\/#breadcrumb\"},\"inLanguage\":\"pl-PL\",\"potentialAction\":[{\"@type\":\"ReadAction\",\"target\":[\"https:\/\/instytutpolski.pl\/praha\/stiznosti-a-zadosti\/\"]}]},{\"@type\":\"BreadcrumbList\",\"@id\":\"https:\/\/instytutpolski.pl\/praha\/stiznosti-a-zadosti\/#breadcrumb\",\"itemListElement\":[{\"@type\":\"ListItem\",\"position\":1,\"name\":\"Home\",\"item\":\"https:\/\/instytutpolski.pl\/praha\/\"},{\"@type\":\"ListItem\",\"position\":2,\"name\":\"St\u00ed\u017enosti a \u017e\u00e1dosti\"}]},{\"@type\":\"WebSite\",\"@id\":\"https:\/\/instytutpolski.pl\/praha\/#website\",\"url\":\"https:\/\/instytutpolski.pl\/praha\/\",\"name\":\"Instytut Polski w Pradze\",\"description\":\"Instytuty Polskie\",\"potentialAction\":[{\"@type\":\"SearchAction\",\"target\":{\"@type\":\"EntryPoint\",\"urlTemplate\":\"https:\/\/instytutpolski.pl\/praha\/?s={search_term_string}\"},\"query-input\":{\"@type\":\"PropertyValueSpecification\",\"valueRequired\":true,\"valueName\":\"search_term_string\"}}],\"inLanguage\":\"pl-PL\"}]}<\/script>\n<!-- \/ Yoast SEO plugin. -->","yoast_head_json":{"title":"St\u00ed\u017enosti a \u017e\u00e1dosti - Instytut Polski w Pradze","robots":{"index":"index","follow":"follow","max-snippet":"max-snippet:-1","max-image-preview":"max-image-preview:large","max-video-preview":"max-video-preview:-1"},"canonical":"https:\/\/instytutpolski.pl\/praha\/stiznosti-a-zadosti\/","og_locale":"pl_PL","og_type":"article","og_title":"St\u00ed\u017enosti a \u017e\u00e1dosti - Instytut Polski w Pradze","og_description":"St\u00ed\u017enosti a \u017e\u00e1dosti je mo\u017en\u00e9 pod\u00e1vat n\u00e1sledovn\u011b: Na z\u00e1klad\u011b \u00a7 8 bod 1 Na\u0159\u00edzen\u00ed vl\u00e1dy Polsk\u00e9 republiky ze dne 8. ledna 2002 ve v\u011bci organizaci p\u0159ij\u00edm\u00e1n\u00ed a vy\u0159izov\u00e1n\u00ed st\u00ed\u017enost\u00ed a \u017e\u00e1dost\u00ed jsou st\u00ed\u017enosti a \u017e\u00e1dosti neobsahuj\u00edc\u00ed jm\u00e9no, p\u0159\u00edjmen\u00ed (n\u00e1zev) a adresu podavatele ponech\u00e1v\u00e1ny bez projedn\u00e1n\u00ed. St\u00ed\u017enost mus\u00ed vedle osobn\u00edch a \u00fadaj\u016f a adresy st\u011b\u017eovatele obsahovat [&hellip;]","og_url":"https:\/\/instytutpolski.pl\/praha\/stiznosti-a-zadosti\/","og_site_name":"Instytut Polski w Pradze","article_modified_time":"2025-09-05T13:22:34+00:00","twitter_card":"summary_large_image","twitter_misc":{"Szacowany czas czytania":"2 minuty"},"schema":{"@context":"https:\/\/schema.org","@graph":[{"@type":"WebPage","@id":"https:\/\/instytutpolski.pl\/praha\/stiznosti-a-zadosti\/","url":"https:\/\/instytutpolski.pl\/praha\/stiznosti-a-zadosti\/","name":"St\u00ed\u017enosti a \u017e\u00e1dosti - Instytut Polski w Pradze","isPartOf":{"@id":"https:\/\/instytutpolski.pl\/praha\/#website"},"datePublished":"2021-06-22T07:45:22+00:00","dateModified":"2025-09-05T13:22:34+00:00","breadcrumb":{"@id":"https:\/\/instytutpolski.pl\/praha\/stiznosti-a-zadosti\/#breadcrumb"},"inLanguage":"pl-PL","potentialAction":[{"@type":"ReadAction","target":["https:\/\/instytutpolski.pl\/praha\/stiznosti-a-zadosti\/"]}]},{"@type":"BreadcrumbList","@id":"https:\/\/instytutpolski.pl\/praha\/stiznosti-a-zadosti\/#breadcrumb","itemListElement":[{"@type":"ListItem","position":1,"name":"Home","item":"https:\/\/instytutpolski.pl\/praha\/"},{"@type":"ListItem","position":2,"name":"St\u00ed\u017enosti a \u017e\u00e1dosti"}]},{"@type":"WebSite","@id":"https:\/\/instytutpolski.pl\/praha\/#website","url":"https:\/\/instytutpolski.pl\/praha\/","name":"Instytut Polski w Pradze","description":"Instytuty Polskie","potentialAction":[{"@type":"SearchAction","target":{"@type":"EntryPoint","urlTemplate":"https:\/\/instytutpolski.pl\/praha\/?s={search_term_string}"},"query-input":{"@type":"PropertyValueSpecification","valueRequired":true,"valueName":"search_term_string"}}],"inLanguage":"pl-PL"}]}},"_links":{"self":[{"href":"https:\/\/instytutpolski.pl\/praha\/wp-json\/wp\/v2\/pages\/4733","targetHints":{"allow":["GET"]}}],"collection":[{"href":"https:\/\/instytutpolski.pl\/praha\/wp-json\/wp\/v2\/pages"}],"about":[{"href":"https:\/\/instytutpolski.pl\/praha\/wp-json\/wp\/v2\/types\/page"}],"author":[{"embeddable":true,"href":"https:\/\/instytutpolski.pl\/praha\/wp-json\/wp\/v2\/users\/58"}],"replies":[{"embeddable":true,"href":"https:\/\/instytutpolski.pl\/praha\/wp-json\/wp\/v2\/comments?post=4733"}],"version-history":[{"count":18,"href":"https:\/\/instytutpolski.pl\/praha\/wp-json\/wp\/v2\/pages\/4733\/revisions"}],"predecessor-version":[{"id":12389,"href":"https:\/\/instytutpolski.pl\/praha\/wp-json\/wp\/v2\/pages\/4733\/revisions\/12389"}],"wp:attachment":[{"href":"https:\/\/instytutpolski.pl\/praha\/wp-json\/wp\/v2\/media?parent=4733"}],"curies":[{"name":"wp","href":"https:\/\/api.w.org\/{rel}","templated":true}]}}