{"id":499,"date":"2019-06-28T11:17:09","date_gmt":"2019-06-28T09:17:09","guid":{"rendered":"https:\/\/instytutpolski.pl\/praga\/?page_id=499"},"modified":"2024-09-03T15:18:53","modified_gmt":"2024-09-03T13:18:53","slug":"o-instytucie-polskim","status":"publish","type":"page","link":"https:\/\/instytutpolski.pl\/praha\/o-instytucie-polskim\/","title":{"rendered":"O Instytucie Polskim"},"content":{"rendered":"\n<p>Instytut Polski w Pradze jest plac\u00f3wk\u0105\u00a0<a href=\"https:\/\/www.gov.pl\/web\/dyplomacja\">Ministerstwa Spraw Zagranicznych Rzeczypospolitej Polskiej<\/a>\u00a0i jednym z dwudziestu czterech znajduj\u0105cych si\u0119 na ca\u0142ym \u015bwiecie Instytut\u00f3w Polskich, kt\u00f3rych zadaniem jest poszerzanie i pog\u0142\u0119bianie wiedzy o polskiej kulturze, historii i spo\u0142ecze\u0144stwie.<\/p>\n<p>Instytut Polski w Pradze kontynuuje dzia\u0142alno\u015b\u0107 wydzia\u0142u kultury Ambasady Rzeczypospolitej Polskiej, istniej\u0105cego w latach dwudziestych XX wieku. Po II wojnie \u015bwiatowej prowadzi\u0142 dzia\u0142alno\u015b\u0107 pod nazw\u0105 O\u015brodek Kultury Polskiej i mie\u015bci\u0142 si\u0119 na rogu placu Wac\u0142awa i ul. Jind\u0159i\u0161skiej, za\u015b od 1994 r. jako Instytut Polski. Obecna siedziba Instytutu mie\u015bci si\u0119 w Pa\u0142acu Metro na ul. N\u00e1rodn\u00ed 961.<\/p>\n","protected":false},"excerpt":{"rendered":"<p>Instytut Polski w Pradze jest plac\u00f3wk\u0105\u00a0Ministerstwa Spraw Zagranicznych Rzeczypospolitej Polskiej\u00a0i jednym z dwudziestu czterech znajduj\u0105cych si\u0119 na ca\u0142ym \u015bwiecie Instytut\u00f3w Polskich, kt\u00f3rych zadaniem jest poszerzanie i pog\u0142\u0119bianie wiedzy o polskiej kulturze, historii i spo\u0142ecze\u0144stwie. Instytut Polski w Pradze kontynuuje dzia\u0142alno\u015b\u0107 wydzia\u0142u kultury Ambasady Rzeczypospolitej Polskiej, istniej\u0105cego w latach dwudziestych XX wieku. Po II wojnie \u015bwiatowej [&hellip;]<\/p>\n","protected":false},"author":1,"featured_media":10119,"parent":0,"menu_order":0,"comment_status":"closed","ping_status":"closed","template":"","meta":{"inline_featured_image":false,"_monsterinsights_skip_tracking":false,"_monsterinsights_sitenote_active":false,"_monsterinsights_sitenote_note":"","_monsterinsights_sitenote_category":0,"footnotes":""},"class_list":["post-499","page","type-page","status-publish","has-post-thumbnail","hentry"],"yoast_head":"<!-- This site is optimized with the Yoast SEO plugin v24.6 - https:\/\/yoast.com\/wordpress\/plugins\/seo\/ -->\n<title>O Instytucie Polskim - Instytut Polski w Pradze<\/title>\n<meta name=\"robots\" content=\"index, follow, max-snippet:-1, max-image-preview:large, max-video-preview:-1\" \/>\n<link rel=\"canonical\" href=\"https:\/\/instytutpolski.pl\/praha\/o-instytucie-polskim\/\" \/>\n<meta property=\"og:locale\" content=\"pl_PL\" \/>\n<meta property=\"og:type\" content=\"article\" \/>\n<meta property=\"og:title\" content=\"O Instytucie Polskim - Instytut Polski w Pradze\" \/>\n<meta property=\"og:description\" content=\"Instytut Polski w Pradze jest plac\u00f3wk\u0105\u00a0Ministerstwa Spraw Zagranicznych Rzeczypospolitej Polskiej\u00a0i jednym z dwudziestu czterech znajduj\u0105cych si\u0119 na ca\u0142ym \u015bwiecie Instytut\u00f3w Polskich, kt\u00f3rych zadaniem jest poszerzanie i pog\u0142\u0119bianie wiedzy o polskiej kulturze, historii i spo\u0142ecze\u0144stwie. Instytut Polski w Pradze kontynuuje dzia\u0142alno\u015b\u0107 wydzia\u0142u kultury Ambasady Rzeczypospolitej Polskiej, istniej\u0105cego w latach dwudziestych XX wieku. Po II wojnie \u015bwiatowej [&hellip;]\" \/>\n<meta property=\"og:url\" content=\"https:\/\/instytutpolski.pl\/praha\/o-instytucie-polskim\/\" \/>\n<meta property=\"og:site_name\" content=\"Instytut Polski w Pradze\" \/>\n<meta property=\"article:modified_time\" content=\"2024-09-03T13:18:53+00:00\" \/>\n<meta property=\"og:image\" content=\"https:\/\/instytutpolski.pl\/praha\/wp-content\/uploads\/sites\/10\/2024\/04\/DSC00420-1024x683.jpg\" \/>\n\t<meta property=\"og:image:width\" content=\"1024\" \/>\n\t<meta property=\"og:image:height\" content=\"683\" \/>\n\t<meta property=\"og:image:type\" content=\"image\/jpeg\" \/>\n<meta name=\"twitter:card\" content=\"summary_large_image\" \/>\n<meta name=\"twitter:label1\" content=\"Szacowany czas czytania\" \/>\n\t<meta name=\"twitter:data1\" content=\"1 minuta\" \/>\n<script type=\"application\/ld+json\" class=\"yoast-schema-graph\">{\"@context\":\"https:\/\/schema.org\",\"@graph\":[{\"@type\":\"WebPage\",\"@id\":\"https:\/\/instytutpolski.pl\/praha\/o-instytucie-polskim\/\",\"url\":\"https:\/\/instytutpolski.pl\/praha\/o-instytucie-polskim\/\",\"name\":\"O Instytucie Polskim - Instytut Polski w Pradze\",\"isPartOf\":{\"@id\":\"https:\/\/instytutpolski.pl\/praha\/#website\"},\"primaryImageOfPage\":{\"@id\":\"https:\/\/instytutpolski.pl\/praha\/o-instytucie-polskim\/#primaryimage\"},\"image\":{\"@id\":\"https:\/\/instytutpolski.pl\/praha\/o-instytucie-polskim\/#primaryimage\"},\"thumbnailUrl\":\"https:\/\/instytutpolski.pl\/praha\/wp-content\/uploads\/sites\/10\/2024\/04\/DSC00420.jpg\",\"datePublished\":\"2019-06-28T09:17:09+00:00\",\"dateModified\":\"2024-09-03T13:18:53+00:00\",\"breadcrumb\":{\"@id\":\"https:\/\/instytutpolski.pl\/praha\/o-instytucie-polskim\/#breadcrumb\"},\"inLanguage\":\"pl-PL\",\"potentialAction\":[{\"@type\":\"ReadAction\",\"target\":[\"https:\/\/instytutpolski.pl\/praha\/o-instytucie-polskim\/\"]}]},{\"@type\":\"ImageObject\",\"inLanguage\":\"pl-PL\",\"@id\":\"https:\/\/instytutpolski.pl\/praha\/o-instytucie-polskim\/#primaryimage\",\"url\":\"https:\/\/instytutpolski.pl\/praha\/wp-content\/uploads\/sites\/10\/2024\/04\/DSC00420.jpg\",\"contentUrl\":\"https:\/\/instytutpolski.pl\/praha\/wp-content\/uploads\/sites\/10\/2024\/04\/DSC00420.jpg\",\"width\":2048,\"height\":1365},{\"@type\":\"BreadcrumbList\",\"@id\":\"https:\/\/instytutpolski.pl\/praha\/o-instytucie-polskim\/#breadcrumb\",\"itemListElement\":[{\"@type\":\"ListItem\",\"position\":1,\"name\":\"Home\",\"item\":\"https:\/\/instytutpolski.pl\/praha\/\"},{\"@type\":\"ListItem\",\"position\":2,\"name\":\"O Instytucie Polskim\"}]},{\"@type\":\"WebSite\",\"@id\":\"https:\/\/instytutpolski.pl\/praha\/#website\",\"url\":\"https:\/\/instytutpolski.pl\/praha\/\",\"name\":\"Instytut Polski w Pradze\",\"description\":\"Instytuty Polskie\",\"potentialAction\":[{\"@type\":\"SearchAction\",\"target\":{\"@type\":\"EntryPoint\",\"urlTemplate\":\"https:\/\/instytutpolski.pl\/praha\/?s={search_term_string}\"},\"query-input\":{\"@type\":\"PropertyValueSpecification\",\"valueRequired\":true,\"valueName\":\"search_term_string\"}}],\"inLanguage\":\"pl-PL\"}]}<\/script>\n<!-- \/ Yoast SEO plugin. -->","yoast_head_json":{"title":"O Instytucie Polskim - Instytut Polski w Pradze","robots":{"index":"index","follow":"follow","max-snippet":"max-snippet:-1","max-image-preview":"max-image-preview:large","max-video-preview":"max-video-preview:-1"},"canonical":"https:\/\/instytutpolski.pl\/praha\/o-instytucie-polskim\/","og_locale":"pl_PL","og_type":"article","og_title":"O Instytucie Polskim - Instytut Polski w Pradze","og_description":"Instytut Polski w Pradze jest plac\u00f3wk\u0105\u00a0Ministerstwa Spraw Zagranicznych Rzeczypospolitej Polskiej\u00a0i jednym z dwudziestu czterech znajduj\u0105cych si\u0119 na ca\u0142ym \u015bwiecie Instytut\u00f3w Polskich, kt\u00f3rych zadaniem jest poszerzanie i pog\u0142\u0119bianie wiedzy o polskiej kulturze, historii i spo\u0142ecze\u0144stwie. Instytut Polski w Pradze kontynuuje dzia\u0142alno\u015b\u0107 wydzia\u0142u kultury Ambasady Rzeczypospolitej Polskiej, istniej\u0105cego w latach dwudziestych XX wieku. Po II wojnie \u015bwiatowej [&hellip;]","og_url":"https:\/\/instytutpolski.pl\/praha\/o-instytucie-polskim\/","og_site_name":"Instytut Polski w Pradze","article_modified_time":"2024-09-03T13:18:53+00:00","og_image":[{"width":1024,"height":683,"url":"https:\/\/instytutpolski.pl\/praha\/wp-content\/uploads\/sites\/10\/2024\/04\/DSC00420-1024x683.jpg","type":"image\/jpeg"}],"twitter_card":"summary_large_image","twitter_misc":{"Szacowany czas czytania":"1 minuta"},"schema":{"@context":"https:\/\/schema.org","@graph":[{"@type":"WebPage","@id":"https:\/\/instytutpolski.pl\/praha\/o-instytucie-polskim\/","url":"https:\/\/instytutpolski.pl\/praha\/o-instytucie-polskim\/","name":"O Instytucie Polskim - Instytut Polski w Pradze","isPartOf":{"@id":"https:\/\/instytutpolski.pl\/praha\/#website"},"primaryImageOfPage":{"@id":"https:\/\/instytutpolski.pl\/praha\/o-instytucie-polskim\/#primaryimage"},"image":{"@id":"https:\/\/instytutpolski.pl\/praha\/o-instytucie-polskim\/#primaryimage"},"thumbnailUrl":"https:\/\/instytutpolski.pl\/praha\/wp-content\/uploads\/sites\/10\/2024\/04\/DSC00420.jpg","datePublished":"2019-06-28T09:17:09+00:00","dateModified":"2024-09-03T13:18:53+00:00","breadcrumb":{"@id":"https:\/\/instytutpolski.pl\/praha\/o-instytucie-polskim\/#breadcrumb"},"inLanguage":"pl-PL","potentialAction":[{"@type":"ReadAction","target":["https:\/\/instytutpolski.pl\/praha\/o-instytucie-polskim\/"]}]},{"@type":"ImageObject","inLanguage":"pl-PL","@id":"https:\/\/instytutpolski.pl\/praha\/o-instytucie-polskim\/#primaryimage","url":"https:\/\/instytutpolski.pl\/praha\/wp-content\/uploads\/sites\/10\/2024\/04\/DSC00420.jpg","contentUrl":"https:\/\/instytutpolski.pl\/praha\/wp-content\/uploads\/sites\/10\/2024\/04\/DSC00420.jpg","width":2048,"height":1365},{"@type":"BreadcrumbList","@id":"https:\/\/instytutpolski.pl\/praha\/o-instytucie-polskim\/#breadcrumb","itemListElement":[{"@type":"ListItem","position":1,"name":"Home","item":"https:\/\/instytutpolski.pl\/praha\/"},{"@type":"ListItem","position":2,"name":"O Instytucie Polskim"}]},{"@type":"WebSite","@id":"https:\/\/instytutpolski.pl\/praha\/#website","url":"https:\/\/instytutpolski.pl\/praha\/","name":"Instytut Polski w Pradze","description":"Instytuty Polskie","potentialAction":[{"@type":"SearchAction","target":{"@type":"EntryPoint","urlTemplate":"https:\/\/instytutpolski.pl\/praha\/?s={search_term_string}"},"query-input":{"@type":"PropertyValueSpecification","valueRequired":true,"valueName":"search_term_string"}}],"inLanguage":"pl-PL"}]}},"_links":{"self":[{"href":"https:\/\/instytutpolski.pl\/praha\/wp-json\/wp\/v2\/pages\/499","targetHints":{"allow":["GET"]}}],"collection":[{"href":"https:\/\/instytutpolski.pl\/praha\/wp-json\/wp\/v2\/pages"}],"about":[{"href":"https:\/\/instytutpolski.pl\/praha\/wp-json\/wp\/v2\/types\/page"}],"author":[{"embeddable":true,"href":"https:\/\/instytutpolski.pl\/praha\/wp-json\/wp\/v2\/users\/1"}],"replies":[{"embeddable":true,"href":"https:\/\/instytutpolski.pl\/praha\/wp-json\/wp\/v2\/comments?post=499"}],"version-history":[{"count":12,"href":"https:\/\/instytutpolski.pl\/praha\/wp-json\/wp\/v2\/pages\/499\/revisions"}],"predecessor-version":[{"id":10883,"href":"https:\/\/instytutpolski.pl\/praha\/wp-json\/wp\/v2\/pages\/499\/revisions\/10883"}],"wp:featuredmedia":[{"embeddable":true,"href":"https:\/\/instytutpolski.pl\/praha\/wp-json\/wp\/v2\/media\/10119"}],"wp:attachment":[{"href":"https:\/\/instytutpolski.pl\/praha\/wp-json\/wp\/v2\/media?parent=499"}],"curies":[{"name":"wp","href":"https:\/\/api.w.org\/{rel}","templated":true}]}}