{"id":50,"date":"2019-05-27T12:12:02","date_gmt":"2019-05-27T10:12:02","guid":{"rendered":"https:\/\/instytutpolski.pl\/praga\/?page_id=50"},"modified":"2026-03-05T14:25:41","modified_gmt":"2026-03-05T13:25:41","slug":"knihovna","status":"publish","type":"page","link":"https:\/\/instytutpolski.pl\/praha\/knihovna\/","title":{"rendered":"Knihovna"},"content":{"rendered":"\n<p>Ve\u0159ejn\u011b p\u0159\u00edstupn\u00e1 knihovna, v n\u00ed\u017e se mohou zdarma registrovat v\u0161ichni z\u00e1jemci. Nab\u00edz\u00ed odbornou literaturu, encyklopedie, slovn\u00edky, u\u010debnice pro v\u00fduku polsk\u00e9ho jazyka a z\u00e1rove\u0148 v\u00fdb\u011br z nov\u00e9 i star\u0161\u00ed polsk\u00e9 beletrie, poezie, literatury faktu a literatury pro d\u011bti a ml\u00e1de\u017e v pol\u0161tin\u011b i p\u0159ekladech do \u010de\u0161tiny. N\u00e1v\u0161t\u011bvn\u00edci maj\u00ed tak\u00e9 k dispozici polsk\u00e9 filmy a z\u00e1znamy divadeln\u00edch p\u0159edstaven\u00ed na DVD nebo CD s v\u00e1\u017enou, jazzovou i popul\u00e1rn\u00ed polskou hudbou. Fond knihovny je p\u0159\u00edstupn\u00fd v <a href=\"https:\/\/xn--szukamksiki-4kb16m.pl\/SkNewWeb\/bstart\/501001141\" target=\"_blank\" rel=\"noopener noreferrer\">online katalogu<\/a>. Knihovna ve sv\u00e9 \u010d\u00edt\u00e1rn\u011b nab\u00edz\u00ed v\u00fdb\u011br z aktu\u00e1ln\u00edch polsk\u00fdch periodik.<\/p>\n\n\n\n<hr class=\"wp-block-separator has-alpha-channel-opacity\" \/>\n\n\n\n<p class=\"has-pale-cyan-blue-background-color has-background has-medium-font-size\"><strong>OTEV\u00cdRAC\u00cd DOBA<\/strong><br><strong>V\u00a0b\u0159eznu 2026 otev\u0159eno:<\/strong><br>\u00fater\u00fd\u00a0\u00a0\u00a0\u00a0\u00a0\u00a0\u00a0\u00a0\u00a0\u00a0\u00a0\u00a0\u00a0\u00a0\u00a0\u00a0\u00a0\u00a0\u00a0 14:00\u201418:00<br>\u010dtvrtek\u00a0\u00a0\u00a0\u00a0\u00a0\u00a0\u00a0\u00a0\u00a0\u00a0\u00a0\u00a0\u00a0\u00a0\u00a0\u00a0 10:00\u201413:00<br>p\u00e1tek\u00a0\u00a0\u00a0\u00a0\u00a0\u00a0\u00a0\u00a0\u00a0\u00a0\u00a0\u00a0\u00a0\u00a0\u00a0\u00a0\u00a0\u00a0\u00a0 11:00\u201415:00<br><br>V p\u0159\u00edpad\u011b jak\u00fdchkoli dotaz\u016f volejte na telefonn\u00ed \u010d\u00edslo knihovny 220 410 417 (\u00fater\u00fd, \u010dtvrtek, p\u00e1tek) nebo pi\u0161te na e-mail:\u00a0<a href=\"mailto:beata.mocova@instytutpolski.pl\" target=\"_blank\" rel=\"noreferrer noopener\">beata.mocova@instytutpolski.pl<\/a>.<\/p>\n\n\n\n<hr class=\"wp-block-separator has-alpha-channel-opacity\" \/>\n\n\n\n<h3 class=\"wp-block-heading\" id=\"doporucujeme-vyuzivat-legalne-a-zdarma-knihy-dostupne-v-polskych-internetovych-knihovnach\">Doporu\u010dujeme vyu\u017e\u00edvat leg\u00e1ln\u011b a zdarma knihy dostupn\u00e9 v polsk\u00fdch internetov\u00fdch knihovn\u00e1ch<\/h3>\n\n\n\n<p><strong><a href=\"http:\/\/wolnelektury.pl\" target=\"_blank\" rel=\"noreferrer noopener\">Wolne Lektury<\/a><\/strong> <\/p>\n\n\n\n<p><strong><a href=\"http:\/\/fbc.pionier.net.pl\" target=\"_blank\" rel=\"noreferrer noopener\">Federacja Bibliotek Cyfrowych<\/a><\/strong> <\/p>\n\n\n\n<p><strong><a href=\"http:\/\/polona.pl\" target=\"_blank\" rel=\"noreferrer noopener\">Cyfrowa Biblioteka Narodowa Polona<\/a> <\/strong><\/p>\n\n\n\n<p><a href=\"https:\/\/bibliotekanauki.pl\/\" target=\"_blank\" rel=\"noreferrer noopener\"><strong>Biblioteka nauki<\/strong><\/a><\/p>\n\n\n\n<h3 class=\"wp-block-heading\" id=\"cizojazycne-sbirky\">Cizojazy\u010dn\u00e9 sb\u00edrky<\/h3>\n\n\n\n<p><strong><a href=\"http:\/\/europeana.eu\" target=\"_blank\" rel=\"noreferrer noopener\">Europeana<\/a><\/strong> <\/p>\n\n\n\n<p><strong><a href=\"http:\/\/gutenberg.org\" target=\"_blank\" rel=\"noreferrer noopener\">Project Gutenberg<\/a><\/strong> <\/p>\n\n\n\n<h3 class=\"wp-block-heading\" id=\"kde-koupit-polske-knihy\">Kde koupit polsk\u00e9 knihy?<\/h3>\n\n\n\n<p><strong>Polsk\u00e9 knihkupectv\u00ed v \u010cesk\u00e9 republice:<\/strong><br>Klub Polskiej Ksi\u0105\u017cki i Prasy<br>Dana Wirthov\u00e1<br>Ksi\u0119garnia \/ Knihkupectv\u00ed: \u010capkova 7, 731 01 \u010cesk\u00fd T\u011b\u0161\u00edn<br>+420 776 390 704<br><a href=\"mailto:ksiegarnia@polonica.cz\" target=\"_blank\" rel=\"noreferrer noopener\">ksiegarnia@polonica.cz<\/a><\/p>\n\n\n\n<h3 class=\"wp-block-heading\">Internetov\u00e1 knihkupectv\u00ed<\/h3>\n\n\n\n<p><a href=\"https:\/\/www.megaknihy.cz\/\" target=\"_blank\" rel=\"noreferrer noopener\">www.megaknihy.cz<\/a><\/p>\n\n\n\n<p><a href=\"https:\/\/www.polskeknihy.cz\/\" target=\"_blank\" rel=\"noreferrer noopener\">www.polskeknihy.cz<\/a><\/p>\n\n\n\n<p><a href=\"https:\/\/www.ctemedetemjinak.cz\/polska-literatura\/\" target=\"_blank\" rel=\"noreferrer noopener\">www.ctemeDETEMJINAK.cz<\/a><\/p>\n\n\n\n<p class=\"has-cyan-bluish-gray-background-color has-background\">Bli\u017e\u0161\u00ed informace o mo\u017enosti koup\u011b polsk\u00fdch knih z\u00edsk\u00e1te v na\u0161\u00ed knihovn\u011b.<\/p>\n","protected":false},"excerpt":{"rendered":"<p>Ve\u0159ejn\u011b p\u0159\u00edstupn\u00e1 knihovna, v n\u00ed\u017e se mohou zdarma registrovat v\u0161ichni z\u00e1jemci. Nab\u00edz\u00ed odbornou literaturu, encyklopedie, slovn\u00edky, u\u010debnice pro v\u00fduku polsk\u00e9ho jazyka a z\u00e1rove\u0148 v\u00fdb\u011br z nov\u00e9 i star\u0161\u00ed polsk\u00e9 beletrie, poezie, literatury faktu a literatury pro d\u011bti a ml\u00e1de\u017e v pol\u0161tin\u011b i p\u0159ekladech do \u010de\u0161tiny. N\u00e1v\u0161t\u011bvn\u00edci maj\u00ed tak\u00e9 k dispozici polsk\u00e9 filmy a z\u00e1znamy divadeln\u00edch [&hellip;]<\/p>\n","protected":false},"author":161,"featured_media":11275,"parent":0,"menu_order":0,"comment_status":"closed","ping_status":"closed","template":"","meta":{"inline_featured_image":false,"_monsterinsights_skip_tracking":false,"_monsterinsights_sitenote_active":false,"_monsterinsights_sitenote_note":"","_monsterinsights_sitenote_category":0,"footnotes":""},"class_list":["post-50","page","type-page","status-publish","has-post-thumbnail","hentry"],"yoast_head":"<!-- This site is optimized with the Yoast SEO plugin v24.6 - https:\/\/yoast.com\/wordpress\/plugins\/seo\/ -->\n<title>Knihovna - Instytut Polski w Pradze<\/title>\n<meta name=\"robots\" content=\"index, follow, max-snippet:-1, max-image-preview:large, max-video-preview:-1\" \/>\n<link rel=\"canonical\" href=\"https:\/\/instytutpolski.pl\/praha\/knihovna\/\" \/>\n<meta property=\"og:locale\" content=\"pl_PL\" \/>\n<meta property=\"og:type\" content=\"article\" \/>\n<meta property=\"og:title\" content=\"Knihovna - Instytut Polski w Pradze\" \/>\n<meta property=\"og:description\" content=\"Ve\u0159ejn\u011b p\u0159\u00edstupn\u00e1 knihovna, v n\u00ed\u017e se mohou zdarma registrovat v\u0161ichni z\u00e1jemci. Nab\u00edz\u00ed odbornou literaturu, encyklopedie, slovn\u00edky, u\u010debnice pro v\u00fduku polsk\u00e9ho jazyka a z\u00e1rove\u0148 v\u00fdb\u011br z nov\u00e9 i star\u0161\u00ed polsk\u00e9 beletrie, poezie, literatury faktu a literatury pro d\u011bti a ml\u00e1de\u017e v pol\u0161tin\u011b i p\u0159ekladech do \u010de\u0161tiny. N\u00e1v\u0161t\u011bvn\u00edci maj\u00ed tak\u00e9 k dispozici polsk\u00e9 filmy a z\u00e1znamy divadeln\u00edch [&hellip;]\" \/>\n<meta property=\"og:url\" content=\"https:\/\/instytutpolski.pl\/praha\/knihovna\/\" \/>\n<meta property=\"og:site_name\" content=\"Instytut Polski w Pradze\" \/>\n<meta property=\"article:modified_time\" content=\"2026-03-05T13:25:41+00:00\" \/>\n<meta property=\"og:image\" content=\"https:\/\/instytutpolski.pl\/praha\/wp-content\/uploads\/sites\/10\/2024\/11\/knihovna_web.jpg\" \/>\n\t<meta property=\"og:image:width\" content=\"2000\" \/>\n\t<meta property=\"og:image:height\" content=\"1333\" \/>\n\t<meta property=\"og:image:type\" content=\"image\/jpeg\" \/>\n<meta name=\"twitter:card\" content=\"summary_large_image\" \/>\n<meta name=\"twitter:label1\" content=\"Szacowany czas czytania\" \/>\n\t<meta name=\"twitter:data1\" content=\"2 minuty\" \/>\n<script type=\"application\/ld+json\" class=\"yoast-schema-graph\">{\"@context\":\"https:\/\/schema.org\",\"@graph\":[{\"@type\":\"WebPage\",\"@id\":\"https:\/\/instytutpolski.pl\/praha\/knihovna\/\",\"url\":\"https:\/\/instytutpolski.pl\/praha\/knihovna\/\",\"name\":\"Knihovna - Instytut Polski w Pradze\",\"isPartOf\":{\"@id\":\"https:\/\/instytutpolski.pl\/praha\/#website\"},\"primaryImageOfPage\":{\"@id\":\"https:\/\/instytutpolski.pl\/praha\/knihovna\/#primaryimage\"},\"image\":{\"@id\":\"https:\/\/instytutpolski.pl\/praha\/knihovna\/#primaryimage\"},\"thumbnailUrl\":\"https:\/\/instytutpolski.pl\/praha\/wp-content\/uploads\/sites\/10\/2024\/11\/knihovna_web.jpg\",\"datePublished\":\"2019-05-27T10:12:02+00:00\",\"dateModified\":\"2026-03-05T13:25:41+00:00\",\"breadcrumb\":{\"@id\":\"https:\/\/instytutpolski.pl\/praha\/knihovna\/#breadcrumb\"},\"inLanguage\":\"pl-PL\",\"potentialAction\":[{\"@type\":\"ReadAction\",\"target\":[\"https:\/\/instytutpolski.pl\/praha\/knihovna\/\"]}]},{\"@type\":\"ImageObject\",\"inLanguage\":\"pl-PL\",\"@id\":\"https:\/\/instytutpolski.pl\/praha\/knihovna\/#primaryimage\",\"url\":\"https:\/\/instytutpolski.pl\/praha\/wp-content\/uploads\/sites\/10\/2024\/11\/knihovna_web.jpg\",\"contentUrl\":\"https:\/\/instytutpolski.pl\/praha\/wp-content\/uploads\/sites\/10\/2024\/11\/knihovna_web.jpg\",\"width\":2000,\"height\":1333},{\"@type\":\"BreadcrumbList\",\"@id\":\"https:\/\/instytutpolski.pl\/praha\/knihovna\/#breadcrumb\",\"itemListElement\":[{\"@type\":\"ListItem\",\"position\":1,\"name\":\"Home\",\"item\":\"https:\/\/instytutpolski.pl\/praha\/\"},{\"@type\":\"ListItem\",\"position\":2,\"name\":\"Knihovna\"}]},{\"@type\":\"WebSite\",\"@id\":\"https:\/\/instytutpolski.pl\/praha\/#website\",\"url\":\"https:\/\/instytutpolski.pl\/praha\/\",\"name\":\"Instytut Polski w Pradze\",\"description\":\"Instytuty Polskie\",\"potentialAction\":[{\"@type\":\"SearchAction\",\"target\":{\"@type\":\"EntryPoint\",\"urlTemplate\":\"https:\/\/instytutpolski.pl\/praha\/?s={search_term_string}\"},\"query-input\":{\"@type\":\"PropertyValueSpecification\",\"valueRequired\":true,\"valueName\":\"search_term_string\"}}],\"inLanguage\":\"pl-PL\"}]}<\/script>\n<!-- \/ Yoast SEO plugin. -->","yoast_head_json":{"title":"Knihovna - Instytut Polski w Pradze","robots":{"index":"index","follow":"follow","max-snippet":"max-snippet:-1","max-image-preview":"max-image-preview:large","max-video-preview":"max-video-preview:-1"},"canonical":"https:\/\/instytutpolski.pl\/praha\/knihovna\/","og_locale":"pl_PL","og_type":"article","og_title":"Knihovna - Instytut Polski w Pradze","og_description":"Ve\u0159ejn\u011b p\u0159\u00edstupn\u00e1 knihovna, v n\u00ed\u017e se mohou zdarma registrovat v\u0161ichni z\u00e1jemci. Nab\u00edz\u00ed odbornou literaturu, encyklopedie, slovn\u00edky, u\u010debnice pro v\u00fduku polsk\u00e9ho jazyka a z\u00e1rove\u0148 v\u00fdb\u011br z nov\u00e9 i star\u0161\u00ed polsk\u00e9 beletrie, poezie, literatury faktu a literatury pro d\u011bti a ml\u00e1de\u017e v pol\u0161tin\u011b i p\u0159ekladech do \u010de\u0161tiny. N\u00e1v\u0161t\u011bvn\u00edci maj\u00ed tak\u00e9 k dispozici polsk\u00e9 filmy a z\u00e1znamy divadeln\u00edch [&hellip;]","og_url":"https:\/\/instytutpolski.pl\/praha\/knihovna\/","og_site_name":"Instytut Polski w Pradze","article_modified_time":"2026-03-05T13:25:41+00:00","og_image":[{"width":2000,"height":1333,"url":"https:\/\/instytutpolski.pl\/praha\/wp-content\/uploads\/sites\/10\/2024\/11\/knihovna_web.jpg","type":"image\/jpeg"}],"twitter_card":"summary_large_image","twitter_misc":{"Szacowany czas czytania":"2 minuty"},"schema":{"@context":"https:\/\/schema.org","@graph":[{"@type":"WebPage","@id":"https:\/\/instytutpolski.pl\/praha\/knihovna\/","url":"https:\/\/instytutpolski.pl\/praha\/knihovna\/","name":"Knihovna - Instytut Polski w Pradze","isPartOf":{"@id":"https:\/\/instytutpolski.pl\/praha\/#website"},"primaryImageOfPage":{"@id":"https:\/\/instytutpolski.pl\/praha\/knihovna\/#primaryimage"},"image":{"@id":"https:\/\/instytutpolski.pl\/praha\/knihovna\/#primaryimage"},"thumbnailUrl":"https:\/\/instytutpolski.pl\/praha\/wp-content\/uploads\/sites\/10\/2024\/11\/knihovna_web.jpg","datePublished":"2019-05-27T10:12:02+00:00","dateModified":"2026-03-05T13:25:41+00:00","breadcrumb":{"@id":"https:\/\/instytutpolski.pl\/praha\/knihovna\/#breadcrumb"},"inLanguage":"pl-PL","potentialAction":[{"@type":"ReadAction","target":["https:\/\/instytutpolski.pl\/praha\/knihovna\/"]}]},{"@type":"ImageObject","inLanguage":"pl-PL","@id":"https:\/\/instytutpolski.pl\/praha\/knihovna\/#primaryimage","url":"https:\/\/instytutpolski.pl\/praha\/wp-content\/uploads\/sites\/10\/2024\/11\/knihovna_web.jpg","contentUrl":"https:\/\/instytutpolski.pl\/praha\/wp-content\/uploads\/sites\/10\/2024\/11\/knihovna_web.jpg","width":2000,"height":1333},{"@type":"BreadcrumbList","@id":"https:\/\/instytutpolski.pl\/praha\/knihovna\/#breadcrumb","itemListElement":[{"@type":"ListItem","position":1,"name":"Home","item":"https:\/\/instytutpolski.pl\/praha\/"},{"@type":"ListItem","position":2,"name":"Knihovna"}]},{"@type":"WebSite","@id":"https:\/\/instytutpolski.pl\/praha\/#website","url":"https:\/\/instytutpolski.pl\/praha\/","name":"Instytut Polski w Pradze","description":"Instytuty Polskie","potentialAction":[{"@type":"SearchAction","target":{"@type":"EntryPoint","urlTemplate":"https:\/\/instytutpolski.pl\/praha\/?s={search_term_string}"},"query-input":{"@type":"PropertyValueSpecification","valueRequired":true,"valueName":"search_term_string"}}],"inLanguage":"pl-PL"}]}},"_links":{"self":[{"href":"https:\/\/instytutpolski.pl\/praha\/wp-json\/wp\/v2\/pages\/50","targetHints":{"allow":["GET"]}}],"collection":[{"href":"https:\/\/instytutpolski.pl\/praha\/wp-json\/wp\/v2\/pages"}],"about":[{"href":"https:\/\/instytutpolski.pl\/praha\/wp-json\/wp\/v2\/types\/page"}],"author":[{"embeddable":true,"href":"https:\/\/instytutpolski.pl\/praha\/wp-json\/wp\/v2\/users\/161"}],"replies":[{"embeddable":true,"href":"https:\/\/instytutpolski.pl\/praha\/wp-json\/wp\/v2\/comments?post=50"}],"version-history":[{"count":252,"href":"https:\/\/instytutpolski.pl\/praha\/wp-json\/wp\/v2\/pages\/50\/revisions"}],"predecessor-version":[{"id":13310,"href":"https:\/\/instytutpolski.pl\/praha\/wp-json\/wp\/v2\/pages\/50\/revisions\/13310"}],"wp:featuredmedia":[{"embeddable":true,"href":"https:\/\/instytutpolski.pl\/praha\/wp-json\/wp\/v2\/media\/11275"}],"wp:attachment":[{"href":"https:\/\/instytutpolski.pl\/praha\/wp-json\/wp\/v2\/media?parent=50"}],"curies":[{"name":"wp","href":"https:\/\/api.w.org\/{rel}","templated":true}]}}