{"id":52,"date":"2019-05-27T12:32:16","date_gmt":"2019-05-27T10:32:16","guid":{"rendered":"https:\/\/instytutpolski.pl\/praga\/?page_id=52"},"modified":"2019-05-28T11:49:00","modified_gmt":"2019-05-28T09:49:00","slug":"instytut-ksiazki-w-krakowie","status":"publish","type":"page","link":"https:\/\/instytutpolski.pl\/praha\/instytut-ksiazki-w-krakowie\/","title":{"rendered":"Instytut ksi\u0105\u017cki w Krakowie"},"content":{"rendered":"\n<p>Instytut Ksi\u0105\u017cki to narodowa instytucja kultury, maj\u0105ca na celu przede wszystkim popularyzowanie ksi\u0105\u017cek, rozw\u00f3j czytelnictwa i promowanie polskiej literatury na \u015bwiecie. W ramach program\u00f3w skierowanych do zagranicznych t\u0142umaczy i wydawc\u00f3w, Instytut bezpo\u015brednio wspiera wydawanie polskich ksi\u0105\u017cek w innych krajach.<\/p>\n<h2>Niekt\u00f3re programy polskiego Instytutu Ksi\u0105\u017cki:<\/h2>\n<p>\u00a0<\/p>\n<p><strong>Program Translatorski \u00a9 Poland<\/strong><\/p>\n<p>Program adresowany do zagranicznych wydawc\u00f3w, obejmuj\u0105cy g\u0142\u00f3wnie beletrystyk\u0119, poezj\u0119 i eseistyk\u0119, utwory historyczno-literackie, historyczne, filozoficzne, socjologiczne i politologiczne, literatur\u0119 faktu, komiks lub literatur\u0119 dla dzieci i m\u0142odzie\u017cy. Instytut zapewnia udzia\u0142 finansowy w kosztach t\u0142umaczenia, zakupu licencji i w uzasadnionych przypadkach (komiksy, ksi\u0105\u017cki ilustrowane) wydruku utworu. Dzi\u0119ki dofinansowaniu w ramach tego programu wydano t\u0142umaczenia polskich ksi\u0105\u017cek na ponad czterdzie\u015bci j\u0119zyk\u00f3w \u015bwiata. J\u0119zyk czeski zajmuje w\u015br\u00f3d nich jedno z czo\u0142owych miejsc.<\/p>\n<p>Termin sk\u0142adania wniosk\u00f3w: 1 lutego \u2013 31 marca<br \/>Og\u0142oszenie wynik\u00f3w: do 31 sierpnia<\/p>\n<p>W razie niewykorzystania przyznanych \u015brodk\u00f3w Instytut Ksi\u0105\u017cki mo\u017ce og\u0142osi\u0107 kolejny termin sk\u0142adania wniosk\u00f3w w ci\u0105gu roku, z regu\u0142y we wrze\u015bniu.<\/p>\n<p><strong>Sample Translation \u00a9 Poland<\/strong><\/p>\n<p>Program dla t\u0142umaczy literatury polskiej finansuje do 20 stron przek\u0142adu pr\u00f3bnego w celu zaprezentowania zagranicznemu wydawcy.<\/p>\n<p><strong>Kolegium T\u0142umaczy<\/strong><\/p>\n<p>Program skierowany do t\u0142umaczy literatury polskiej, kt\u00f3rzy opublikowali drukiem lub w wersji elektronicznej co najmniej jedno w\u0142asne t\u0142umaczenie. W ramach pobytu studyjnego uczestnikom programu pokrywane s\u0105 koszty podr\u00f3\u017cy, honorarium oraz zapewniane jest im zakwaterowanie, wzgl\u0119dnie pomoc w zorganizowaniu spotka\u0144 z wydawcami lub pisarzami.<\/p>\n<p><strong>Nagroda \u201eTransatlantyk\u201c<\/strong><\/p>\n<p>Nagroda przyznawana przez Instytut Ksi\u0105\u017cki wybitnym \u201eambasadorom\u201d literatury polskiej za granic\u0105, postaciom z grona t\u0142umaczy, krytyk\u00f3w literackich, historyk\u00f3w literatury czy te\u017c animator\u00f3w kultury. Nazwa pochodzi od tytu\u0142u utworu Witolda Gombrowicza, pisarza, kt\u00f3rego tw\u00f3rczo\u015b\u0107 spotka\u0142a si\u0119 ze \u015bwiatowym uznaniem. Nagroda ma tak\u017ce wymiar finansowy w wysoko\u015bci 10 000 EUR i jest przyznawana raz w roku. W 2011 r. laureatem tej nagrody zosta\u0142a wybitna czeska t\u0142umaczka j\u0119zyka polskiego, Vlasta Dvo\u0159\u00e1\u010dkov\u00e1.<\/p>\n<p>Szczeg\u00f3\u0142owe informacje o programach, terminy i formularze s\u0105 dost\u0119pne na stronie internetowej Instytutu Ksi\u0105\u017cki.<\/p>\n<p>Instytut Ksi\u0105\u017cki<br \/>ul. Zygmunta Wr\u00f3blewskiego 6<br \/>31-148 Krak\u00f3w<br \/>tel. (+48) 12 61 71 900<br \/>fax: (+48) 12 62 37 682<\/p>\n<p>biuro@instytutksiazki.pl<br \/>www.instytutksiazki.pl<br \/>www.bookinstitute.pl<\/p>\n","protected":false},"excerpt":{"rendered":"<p>Instytut Ksi\u0105\u017cki to narodowa instytucja kultury, maj\u0105ca na celu przede wszystkim popularyzowanie ksi\u0105\u017cek, rozw\u00f3j czytelnictwa i promowanie polskiej literatury na \u015bwiecie. W ramach program\u00f3w skierowanych do zagranicznych t\u0142umaczy i wydawc\u00f3w, Instytut bezpo\u015brednio wspiera wydawanie polskich ksi\u0105\u017cek w innych krajach. Niekt\u00f3re programy polskiego Instytutu Ksi\u0105\u017cki: \u00a0 Program Translatorski \u00a9 Poland Program adresowany do zagranicznych wydawc\u00f3w, obejmuj\u0105cy [&hellip;]<\/p>\n","protected":false},"author":1,"featured_media":744,"parent":0,"menu_order":0,"comment_status":"closed","ping_status":"closed","template":"","meta":{"inline_featured_image":false,"_monsterinsights_skip_tracking":false,"_monsterinsights_sitenote_active":false,"_monsterinsights_sitenote_note":"","_monsterinsights_sitenote_category":0,"footnotes":""},"class_list":["post-52","page","type-page","status-publish","has-post-thumbnail","hentry"],"yoast_head":"<!-- This site is optimized with the Yoast SEO plugin v24.6 - https:\/\/yoast.com\/wordpress\/plugins\/seo\/ -->\n<title>Instytut ksi\u0105\u017cki w Krakowie - Instytut Polski w Pradze<\/title>\n<meta name=\"robots\" content=\"index, follow, max-snippet:-1, max-image-preview:large, max-video-preview:-1\" \/>\n<link rel=\"canonical\" href=\"https:\/\/instytutpolski.pl\/praha\/instytut-ksiazki-w-krakowie\/\" \/>\n<meta property=\"og:locale\" content=\"pl_PL\" \/>\n<meta property=\"og:type\" content=\"article\" \/>\n<meta property=\"og:title\" content=\"Instytut ksi\u0105\u017cki w Krakowie - Instytut Polski w Pradze\" \/>\n<meta property=\"og:description\" content=\"Instytut Ksi\u0105\u017cki to narodowa instytucja kultury, maj\u0105ca na celu przede wszystkim popularyzowanie ksi\u0105\u017cek, rozw\u00f3j czytelnictwa i promowanie polskiej literatury na \u015bwiecie. W ramach program\u00f3w skierowanych do zagranicznych t\u0142umaczy i wydawc\u00f3w, Instytut bezpo\u015brednio wspiera wydawanie polskich ksi\u0105\u017cek w innych krajach. Niekt\u00f3re programy polskiego Instytutu Ksi\u0105\u017cki: \u00a0 Program Translatorski \u00a9 Poland Program adresowany do zagranicznych wydawc\u00f3w, obejmuj\u0105cy [&hellip;]\" \/>\n<meta property=\"og:url\" content=\"https:\/\/instytutpolski.pl\/praha\/instytut-ksiazki-w-krakowie\/\" \/>\n<meta property=\"og:site_name\" content=\"Instytut Polski w Pradze\" \/>\n<meta property=\"article:modified_time\" content=\"2019-05-28T09:49:00+00:00\" \/>\n<meta property=\"og:image\" content=\"https:\/\/instytutpolski.pl\/praha\/wp-content\/uploads\/sites\/10\/2020\/01\/PI_Exteri\u00e9ry_Interi\u00e9ry_Portr\u00e9t-17.jpg\" \/>\n\t<meta property=\"og:image:width\" content=\"2048\" \/>\n\t<meta property=\"og:image:height\" content=\"1367\" \/>\n\t<meta property=\"og:image:type\" content=\"image\/jpeg\" \/>\n<meta name=\"twitter:card\" content=\"summary_large_image\" \/>\n<meta name=\"twitter:label1\" content=\"Szacowany czas czytania\" \/>\n\t<meta name=\"twitter:data1\" content=\"2 minuty\" \/>\n<script type=\"application\/ld+json\" class=\"yoast-schema-graph\">{\"@context\":\"https:\/\/schema.org\",\"@graph\":[{\"@type\":\"WebPage\",\"@id\":\"https:\/\/instytutpolski.pl\/praha\/instytut-ksiazki-w-krakowie\/\",\"url\":\"https:\/\/instytutpolski.pl\/praha\/instytut-ksiazki-w-krakowie\/\",\"name\":\"Instytut ksi\u0105\u017cki w Krakowie - Instytut Polski w Pradze\",\"isPartOf\":{\"@id\":\"https:\/\/instytutpolski.pl\/praha\/#website\"},\"primaryImageOfPage\":{\"@id\":\"https:\/\/instytutpolski.pl\/praha\/instytut-ksiazki-w-krakowie\/#primaryimage\"},\"image\":{\"@id\":\"https:\/\/instytutpolski.pl\/praha\/instytut-ksiazki-w-krakowie\/#primaryimage\"},\"thumbnailUrl\":\"https:\/\/instytutpolski.pl\/praha\/wp-content\/uploads\/sites\/10\/2020\/01\/PI_Exteri\u00e9ry_Interi\u00e9ry_Portr\u00e9t-17.jpg\",\"datePublished\":\"2019-05-27T10:32:16+00:00\",\"dateModified\":\"2019-05-28T09:49:00+00:00\",\"breadcrumb\":{\"@id\":\"https:\/\/instytutpolski.pl\/praha\/instytut-ksiazki-w-krakowie\/#breadcrumb\"},\"inLanguage\":\"pl-PL\",\"potentialAction\":[{\"@type\":\"ReadAction\",\"target\":[\"https:\/\/instytutpolski.pl\/praha\/instytut-ksiazki-w-krakowie\/\"]}]},{\"@type\":\"ImageObject\",\"inLanguage\":\"pl-PL\",\"@id\":\"https:\/\/instytutpolski.pl\/praha\/instytut-ksiazki-w-krakowie\/#primaryimage\",\"url\":\"https:\/\/instytutpolski.pl\/praha\/wp-content\/uploads\/sites\/10\/2020\/01\/PI_Exteri\u00e9ry_Interi\u00e9ry_Portr\u00e9t-17.jpg\",\"contentUrl\":\"https:\/\/instytutpolski.pl\/praha\/wp-content\/uploads\/sites\/10\/2020\/01\/PI_Exteri\u00e9ry_Interi\u00e9ry_Portr\u00e9t-17.jpg\",\"width\":2048,\"height\":1367},{\"@type\":\"BreadcrumbList\",\"@id\":\"https:\/\/instytutpolski.pl\/praha\/instytut-ksiazki-w-krakowie\/#breadcrumb\",\"itemListElement\":[{\"@type\":\"ListItem\",\"position\":1,\"name\":\"Home\",\"item\":\"https:\/\/instytutpolski.pl\/praha\/\"},{\"@type\":\"ListItem\",\"position\":2,\"name\":\"Instytut ksi\u0105\u017cki w Krakowie\"}]},{\"@type\":\"WebSite\",\"@id\":\"https:\/\/instytutpolski.pl\/praha\/#website\",\"url\":\"https:\/\/instytutpolski.pl\/praha\/\",\"name\":\"Instytut Polski w Pradze\",\"description\":\"Instytuty Polskie\",\"potentialAction\":[{\"@type\":\"SearchAction\",\"target\":{\"@type\":\"EntryPoint\",\"urlTemplate\":\"https:\/\/instytutpolski.pl\/praha\/?s={search_term_string}\"},\"query-input\":{\"@type\":\"PropertyValueSpecification\",\"valueRequired\":true,\"valueName\":\"search_term_string\"}}],\"inLanguage\":\"pl-PL\"}]}<\/script>\n<!-- \/ Yoast SEO plugin. -->","yoast_head_json":{"title":"Instytut ksi\u0105\u017cki w Krakowie - Instytut Polski w Pradze","robots":{"index":"index","follow":"follow","max-snippet":"max-snippet:-1","max-image-preview":"max-image-preview:large","max-video-preview":"max-video-preview:-1"},"canonical":"https:\/\/instytutpolski.pl\/praha\/instytut-ksiazki-w-krakowie\/","og_locale":"pl_PL","og_type":"article","og_title":"Instytut ksi\u0105\u017cki w Krakowie - Instytut Polski w Pradze","og_description":"Instytut Ksi\u0105\u017cki to narodowa instytucja kultury, maj\u0105ca na celu przede wszystkim popularyzowanie ksi\u0105\u017cek, rozw\u00f3j czytelnictwa i promowanie polskiej literatury na \u015bwiecie. W ramach program\u00f3w skierowanych do zagranicznych t\u0142umaczy i wydawc\u00f3w, Instytut bezpo\u015brednio wspiera wydawanie polskich ksi\u0105\u017cek w innych krajach. Niekt\u00f3re programy polskiego Instytutu Ksi\u0105\u017cki: \u00a0 Program Translatorski \u00a9 Poland Program adresowany do zagranicznych wydawc\u00f3w, obejmuj\u0105cy [&hellip;]","og_url":"https:\/\/instytutpolski.pl\/praha\/instytut-ksiazki-w-krakowie\/","og_site_name":"Instytut Polski w Pradze","article_modified_time":"2019-05-28T09:49:00+00:00","og_image":[{"width":2048,"height":1367,"url":"https:\/\/instytutpolski.pl\/praha\/wp-content\/uploads\/sites\/10\/2020\/01\/PI_Exteri\u00e9ry_Interi\u00e9ry_Portr\u00e9t-17.jpg","type":"image\/jpeg"}],"twitter_card":"summary_large_image","twitter_misc":{"Szacowany czas czytania":"2 minuty"},"schema":{"@context":"https:\/\/schema.org","@graph":[{"@type":"WebPage","@id":"https:\/\/instytutpolski.pl\/praha\/instytut-ksiazki-w-krakowie\/","url":"https:\/\/instytutpolski.pl\/praha\/instytut-ksiazki-w-krakowie\/","name":"Instytut ksi\u0105\u017cki w Krakowie - Instytut Polski w Pradze","isPartOf":{"@id":"https:\/\/instytutpolski.pl\/praha\/#website"},"primaryImageOfPage":{"@id":"https:\/\/instytutpolski.pl\/praha\/instytut-ksiazki-w-krakowie\/#primaryimage"},"image":{"@id":"https:\/\/instytutpolski.pl\/praha\/instytut-ksiazki-w-krakowie\/#primaryimage"},"thumbnailUrl":"https:\/\/instytutpolski.pl\/praha\/wp-content\/uploads\/sites\/10\/2020\/01\/PI_Exteri\u00e9ry_Interi\u00e9ry_Portr\u00e9t-17.jpg","datePublished":"2019-05-27T10:32:16+00:00","dateModified":"2019-05-28T09:49:00+00:00","breadcrumb":{"@id":"https:\/\/instytutpolski.pl\/praha\/instytut-ksiazki-w-krakowie\/#breadcrumb"},"inLanguage":"pl-PL","potentialAction":[{"@type":"ReadAction","target":["https:\/\/instytutpolski.pl\/praha\/instytut-ksiazki-w-krakowie\/"]}]},{"@type":"ImageObject","inLanguage":"pl-PL","@id":"https:\/\/instytutpolski.pl\/praha\/instytut-ksiazki-w-krakowie\/#primaryimage","url":"https:\/\/instytutpolski.pl\/praha\/wp-content\/uploads\/sites\/10\/2020\/01\/PI_Exteri\u00e9ry_Interi\u00e9ry_Portr\u00e9t-17.jpg","contentUrl":"https:\/\/instytutpolski.pl\/praha\/wp-content\/uploads\/sites\/10\/2020\/01\/PI_Exteri\u00e9ry_Interi\u00e9ry_Portr\u00e9t-17.jpg","width":2048,"height":1367},{"@type":"BreadcrumbList","@id":"https:\/\/instytutpolski.pl\/praha\/instytut-ksiazki-w-krakowie\/#breadcrumb","itemListElement":[{"@type":"ListItem","position":1,"name":"Home","item":"https:\/\/instytutpolski.pl\/praha\/"},{"@type":"ListItem","position":2,"name":"Instytut ksi\u0105\u017cki w Krakowie"}]},{"@type":"WebSite","@id":"https:\/\/instytutpolski.pl\/praha\/#website","url":"https:\/\/instytutpolski.pl\/praha\/","name":"Instytut Polski w Pradze","description":"Instytuty Polskie","potentialAction":[{"@type":"SearchAction","target":{"@type":"EntryPoint","urlTemplate":"https:\/\/instytutpolski.pl\/praha\/?s={search_term_string}"},"query-input":{"@type":"PropertyValueSpecification","valueRequired":true,"valueName":"search_term_string"}}],"inLanguage":"pl-PL"}]}},"_links":{"self":[{"href":"https:\/\/instytutpolski.pl\/praha\/wp-json\/wp\/v2\/pages\/52","targetHints":{"allow":["GET"]}}],"collection":[{"href":"https:\/\/instytutpolski.pl\/praha\/wp-json\/wp\/v2\/pages"}],"about":[{"href":"https:\/\/instytutpolski.pl\/praha\/wp-json\/wp\/v2\/types\/page"}],"author":[{"embeddable":true,"href":"https:\/\/instytutpolski.pl\/praha\/wp-json\/wp\/v2\/users\/1"}],"replies":[{"embeddable":true,"href":"https:\/\/instytutpolski.pl\/praha\/wp-json\/wp\/v2\/comments?post=52"}],"version-history":[{"count":3,"href":"https:\/\/instytutpolski.pl\/praha\/wp-json\/wp\/v2\/pages\/52\/revisions"}],"predecessor-version":[{"id":275,"href":"https:\/\/instytutpolski.pl\/praha\/wp-json\/wp\/v2\/pages\/52\/revisions\/275"}],"wp:featuredmedia":[{"embeddable":true,"href":"https:\/\/instytutpolski.pl\/praha\/wp-json\/wp\/v2\/media\/744"}],"wp:attachment":[{"href":"https:\/\/instytutpolski.pl\/praha\/wp-json\/wp\/v2\/media?parent=52"}],"curies":[{"name":"wp","href":"https:\/\/api.w.org\/{rel}","templated":true}]}}