{"id":7048,"date":"2022-08-11T11:51:39","date_gmt":"2022-08-11T09:51:39","guid":{"rendered":"https:\/\/instytutpolski.pl\/praha\/?page_id=7048"},"modified":"2024-04-03T13:45:30","modified_gmt":"2024-04-03T11:45:30","slug":"vyznamna-polska-vyroci","status":"publish","type":"page","link":"https:\/\/instytutpolski.pl\/praha\/vyznamna-polska-vyroci\/","title":{"rendered":"V\u00fdznamn\u00e1 polsk\u00e1 v\u00fdro\u010d\u00ed"},"content":{"rendered":"\n<h3 class=\"wp-block-heading\">Polsk\u00e9 okam\u017eiky<\/h3>\n\n\n\n<p>V letech 2012\u20132019 vzniklo ve spolupr\u00e1ci redakce <strong>p\u0159\u00edlohy Lidov\u00fdch novin Orientace<\/strong> a Polsk\u00e9ho institutu v Praze v\u00edce ne\u017e dvacet esej\u016f v\u011bnovan\u00fdch vybran\u00fdm v\u00fdro\u010d\u00edm z polsk\u00fdch d\u011bjin a \u010desko-polsk\u00fdch vztah\u016f. Jejich autory jsou \u010dasto v\u00fdrazn\u00e9 osobnosti polsk\u00e9 a \u010desk\u00e9 historiografie \u010di p\u0159edn\u00ed publicist\u00e9 v\u011bnuj\u00edc\u00ed se historick\u00fdm t\u00e9mat\u016fm. Velk\u00fd d\u00edk pat\u0159\u00ed redakci Lidov\u00fdch novin za souhlas s jejich zve\u0159ejn\u011bn\u00edm.<\/p>\n\n\n\n<p>Nen\u00ed to pokus p\u0159edstavit souvisl\u00e9 d\u011bjiny Polska. Nen\u00ed to ani pokus o komplexn\u00ed pohled na d\u011bjiny Polska b\u011bhem nacistick\u00e9 a komunistick\u00e9 totality, a\u010dkoliv pr\u00e1v\u011b k dob\u011b nesvobody se vztahuje velk\u00e1 v\u011bt\u0161ina text\u016f. P\u0159esto v\u0161ak tyto \u010dl\u00e1nky vytv\u00e1\u0159ej\u00ed poutav\u00fd a p\u0159ekvapiv\u011b ucelen\u00fd p\u0159\u00edb\u011bh. Je to p\u0159edev\u0161\u00edm p\u0159\u00edb\u011bh \u2013 \u0159e\u010deno s Timothym Snyderem \u2013 \u201ekrvav\u00fdch zem\u00ed\u201c, na nich\u017e se odehr\u00e1val d\u011bsiv\u00fd experiment dvou nejzlo\u010dinn\u011bj\u0161\u00edch re\u017eim\u016f v d\u011bjin\u00e1ch Evropy. Ale tak\u00e9 tak typick\u00fd st\u0159edoevropsk\u00fd p\u0159\u00edb\u011bh men\u0161\u00edho n\u00e1roda, kter\u00fd se pokou\u0161\u00ed \u2013 za velmi vysokou cenu a p\u0159ev\u00e1\u017en\u011b ne\u00fasp\u011b\u0161n\u011b \u2013 b\u00fdt v d\u011bjin\u00e1ch str\u016fjcem sv\u00e9ho osudu, a nikoliv pouze figurkou ve h\u0159e mocn\u011bj\u0161\u00edch.<\/p>\n\n\n\n<p>Polskou n\u00e1rodn\u00ed identitu utv\u00e1\u0159ely r\u016fznorod\u00e9 vlivy a vyv\u00edjela se v sou\u017eit\u00ed s jin\u00fdmi n\u00e1rody, d\u016fle\u017eit\u00e9 bylo p\u0159edev\u0161\u00edm polsko-\u017eidovsk\u00e9 sousedstv\u00ed a \u201ev\u00fdchodn\u00ed\u201c rozm\u011br polsk\u00e9 kultury. Pr\u016fb\u011bh polsk\u00e9 a \u010desk\u00e9 transformace, kl\u00ed\u010dov\u00fd pro v\u00fdvoj zem\u00ed v posledn\u00edch dvou dek\u00e1d\u00e1ch, byl tak\u00e9 jin\u00fd. Tyto odli\u0161nosti vysv\u011btluj\u00ed texty zam\u011b\u0159en\u00e9 na historickou a sociologickou anal\u00fdzu ko\u0159en\u016f \u201epolskosti\u201c, ale ukazuj\u00ed je i \u010dl\u00e1nky o polsko-\u010desk\u00fdch vztaz\u00edch, kde se do pop\u0159ed\u00ed \u010dasto dost\u00e1v\u00e1 vz\u00e1jemn\u00e1 nekompatibilita na\u0161ich zku\u0161enost\u00ed a vz\u00e1jemn\u00e1 nedorozum\u011bn\u00ed. P\u0159esto v\u0161ak \u2013 pokud se pod\u00edv\u00e1me na velk\u00fd p\u0159\u00edb\u011bh st\u0159edoevropsk\u00e9 cesty ke svobod\u011b, kter\u00fd je nazna\u010den\u00fd i v tomto v\u00fdboru \u2013 jedn\u00edm z jeho pil\u00ed\u0159\u016f byla navzdory v\u0161em odli\u0161nostem \u010desko-polsk\u00e1 spolupr\u00e1ce.<\/p>\n\n\n\n<p class=\"has-white-background-color has-background\">Publikaci si m\u016f\u017eete prohl\u00ed\u017eet nebo st\u00e1hnout na: <a href=\"https:\/\/issuu.com\/polskyinstitutvpraze\/docs\/ebook\" target=\"_blank\" rel=\"noreferrer noopener\">https:\/\/issuu.com\/polskyinstitutvpraze\/docs\/ebook<\/a><\/p>\n","protected":false},"excerpt":{"rendered":"<p>Polsk\u00e9 okam\u017eiky V letech 2012\u20132019 vzniklo ve spolupr\u00e1ci redakce p\u0159\u00edlohy Lidov\u00fdch novin Orientace a Polsk\u00e9ho institutu v Praze v\u00edce ne\u017e dvacet esej\u016f v\u011bnovan\u00fdch vybran\u00fdm v\u00fdro\u010d\u00edm z polsk\u00fdch d\u011bjin a \u010desko-polsk\u00fdch vztah\u016f. Jejich autory jsou \u010dasto v\u00fdrazn\u00e9 osobnosti polsk\u00e9 a \u010desk\u00e9 historiografie \u010di p\u0159edn\u00ed publicist\u00e9 v\u011bnuj\u00edc\u00ed se historick\u00fdm t\u00e9mat\u016fm. Velk\u00fd d\u00edk pat\u0159\u00ed redakci Lidov\u00fdch novin za [&hellip;]<\/p>\n","protected":false},"author":161,"featured_media":1962,"parent":0,"menu_order":0,"comment_status":"closed","ping_status":"closed","template":"","meta":{"inline_featured_image":false,"_monsterinsights_skip_tracking":false,"_monsterinsights_sitenote_active":false,"_monsterinsights_sitenote_note":"","_monsterinsights_sitenote_category":0,"footnotes":""},"class_list":["post-7048","page","type-page","status-publish","has-post-thumbnail","hentry"],"yoast_head":"<!-- This site is optimized with the Yoast SEO plugin v24.6 - https:\/\/yoast.com\/wordpress\/plugins\/seo\/ -->\n<title>V\u00fdznamn\u00e1 polsk\u00e1 v\u00fdro\u010d\u00ed - Instytut Polski w Pradze<\/title>\n<meta name=\"robots\" content=\"index, follow, max-snippet:-1, max-image-preview:large, max-video-preview:-1\" \/>\n<link rel=\"canonical\" href=\"https:\/\/instytutpolski.pl\/praha\/vyznamna-polska-vyroci\/\" \/>\n<meta property=\"og:locale\" content=\"pl_PL\" \/>\n<meta property=\"og:type\" content=\"article\" \/>\n<meta property=\"og:title\" content=\"V\u00fdznamn\u00e1 polsk\u00e1 v\u00fdro\u010d\u00ed - Instytut Polski w Pradze\" \/>\n<meta property=\"og:description\" content=\"Polsk\u00e9 okam\u017eiky V letech 2012\u20132019 vzniklo ve spolupr\u00e1ci redakce p\u0159\u00edlohy Lidov\u00fdch novin Orientace a Polsk\u00e9ho institutu v Praze v\u00edce ne\u017e dvacet esej\u016f v\u011bnovan\u00fdch vybran\u00fdm v\u00fdro\u010d\u00edm z polsk\u00fdch d\u011bjin a \u010desko-polsk\u00fdch vztah\u016f. Jejich autory jsou \u010dasto v\u00fdrazn\u00e9 osobnosti polsk\u00e9 a \u010desk\u00e9 historiografie \u010di p\u0159edn\u00ed publicist\u00e9 v\u011bnuj\u00edc\u00ed se historick\u00fdm t\u00e9mat\u016fm. Velk\u00fd d\u00edk pat\u0159\u00ed redakci Lidov\u00fdch novin za [&hellip;]\" \/>\n<meta property=\"og:url\" content=\"https:\/\/instytutpolski.pl\/praha\/vyznamna-polska-vyroci\/\" \/>\n<meta property=\"og:site_name\" content=\"Instytut Polski w Pradze\" \/>\n<meta property=\"article:modified_time\" content=\"2024-04-03T11:45:30+00:00\" \/>\n<meta property=\"og:image\" content=\"https:\/\/instytutpolski.pl\/praha\/wp-content\/uploads\/sites\/10\/2020\/05\/Strona2.jpg\" \/>\n\t<meta property=\"og:image:width\" content=\"1920\" \/>\n\t<meta property=\"og:image:height\" content=\"1080\" \/>\n\t<meta property=\"og:image:type\" content=\"image\/jpeg\" \/>\n<meta name=\"twitter:card\" content=\"summary_large_image\" \/>\n<meta name=\"twitter:label1\" content=\"Szacowany czas czytania\" \/>\n\t<meta name=\"twitter:data1\" content=\"2 minuty\" \/>\n<script type=\"application\/ld+json\" class=\"yoast-schema-graph\">{\"@context\":\"https:\/\/schema.org\",\"@graph\":[{\"@type\":\"WebPage\",\"@id\":\"https:\/\/instytutpolski.pl\/praha\/vyznamna-polska-vyroci\/\",\"url\":\"https:\/\/instytutpolski.pl\/praha\/vyznamna-polska-vyroci\/\",\"name\":\"V\u00fdznamn\u00e1 polsk\u00e1 v\u00fdro\u010d\u00ed - Instytut Polski w Pradze\",\"isPartOf\":{\"@id\":\"https:\/\/instytutpolski.pl\/praha\/#website\"},\"primaryImageOfPage\":{\"@id\":\"https:\/\/instytutpolski.pl\/praha\/vyznamna-polska-vyroci\/#primaryimage\"},\"image\":{\"@id\":\"https:\/\/instytutpolski.pl\/praha\/vyznamna-polska-vyroci\/#primaryimage\"},\"thumbnailUrl\":\"https:\/\/instytutpolski.pl\/praha\/wp-content\/uploads\/sites\/10\/2020\/05\/Strona2.jpg\",\"datePublished\":\"2022-08-11T09:51:39+00:00\",\"dateModified\":\"2024-04-03T11:45:30+00:00\",\"breadcrumb\":{\"@id\":\"https:\/\/instytutpolski.pl\/praha\/vyznamna-polska-vyroci\/#breadcrumb\"},\"inLanguage\":\"pl-PL\",\"potentialAction\":[{\"@type\":\"ReadAction\",\"target\":[\"https:\/\/instytutpolski.pl\/praha\/vyznamna-polska-vyroci\/\"]}]},{\"@type\":\"ImageObject\",\"inLanguage\":\"pl-PL\",\"@id\":\"https:\/\/instytutpolski.pl\/praha\/vyznamna-polska-vyroci\/#primaryimage\",\"url\":\"https:\/\/instytutpolski.pl\/praha\/wp-content\/uploads\/sites\/10\/2020\/05\/Strona2.jpg\",\"contentUrl\":\"https:\/\/instytutpolski.pl\/praha\/wp-content\/uploads\/sites\/10\/2020\/05\/Strona2.jpg\",\"width\":1920,\"height\":1080},{\"@type\":\"BreadcrumbList\",\"@id\":\"https:\/\/instytutpolski.pl\/praha\/vyznamna-polska-vyroci\/#breadcrumb\",\"itemListElement\":[{\"@type\":\"ListItem\",\"position\":1,\"name\":\"Home\",\"item\":\"https:\/\/instytutpolski.pl\/praha\/\"},{\"@type\":\"ListItem\",\"position\":2,\"name\":\"V\u00fdznamn\u00e1 polsk\u00e1 v\u00fdro\u010d\u00ed\"}]},{\"@type\":\"WebSite\",\"@id\":\"https:\/\/instytutpolski.pl\/praha\/#website\",\"url\":\"https:\/\/instytutpolski.pl\/praha\/\",\"name\":\"Instytut Polski w Pradze\",\"description\":\"Instytuty Polskie\",\"potentialAction\":[{\"@type\":\"SearchAction\",\"target\":{\"@type\":\"EntryPoint\",\"urlTemplate\":\"https:\/\/instytutpolski.pl\/praha\/?s={search_term_string}\"},\"query-input\":{\"@type\":\"PropertyValueSpecification\",\"valueRequired\":true,\"valueName\":\"search_term_string\"}}],\"inLanguage\":\"pl-PL\"}]}<\/script>\n<!-- \/ Yoast SEO plugin. -->","yoast_head_json":{"title":"V\u00fdznamn\u00e1 polsk\u00e1 v\u00fdro\u010d\u00ed - Instytut Polski w Pradze","robots":{"index":"index","follow":"follow","max-snippet":"max-snippet:-1","max-image-preview":"max-image-preview:large","max-video-preview":"max-video-preview:-1"},"canonical":"https:\/\/instytutpolski.pl\/praha\/vyznamna-polska-vyroci\/","og_locale":"pl_PL","og_type":"article","og_title":"V\u00fdznamn\u00e1 polsk\u00e1 v\u00fdro\u010d\u00ed - Instytut Polski w Pradze","og_description":"Polsk\u00e9 okam\u017eiky V letech 2012\u20132019 vzniklo ve spolupr\u00e1ci redakce p\u0159\u00edlohy Lidov\u00fdch novin Orientace a Polsk\u00e9ho institutu v Praze v\u00edce ne\u017e dvacet esej\u016f v\u011bnovan\u00fdch vybran\u00fdm v\u00fdro\u010d\u00edm z polsk\u00fdch d\u011bjin a \u010desko-polsk\u00fdch vztah\u016f. Jejich autory jsou \u010dasto v\u00fdrazn\u00e9 osobnosti polsk\u00e9 a \u010desk\u00e9 historiografie \u010di p\u0159edn\u00ed publicist\u00e9 v\u011bnuj\u00edc\u00ed se historick\u00fdm t\u00e9mat\u016fm. Velk\u00fd d\u00edk pat\u0159\u00ed redakci Lidov\u00fdch novin za [&hellip;]","og_url":"https:\/\/instytutpolski.pl\/praha\/vyznamna-polska-vyroci\/","og_site_name":"Instytut Polski w Pradze","article_modified_time":"2024-04-03T11:45:30+00:00","og_image":[{"width":1920,"height":1080,"url":"https:\/\/instytutpolski.pl\/praha\/wp-content\/uploads\/sites\/10\/2020\/05\/Strona2.jpg","type":"image\/jpeg"}],"twitter_card":"summary_large_image","twitter_misc":{"Szacowany czas czytania":"2 minuty"},"schema":{"@context":"https:\/\/schema.org","@graph":[{"@type":"WebPage","@id":"https:\/\/instytutpolski.pl\/praha\/vyznamna-polska-vyroci\/","url":"https:\/\/instytutpolski.pl\/praha\/vyznamna-polska-vyroci\/","name":"V\u00fdznamn\u00e1 polsk\u00e1 v\u00fdro\u010d\u00ed - Instytut Polski w Pradze","isPartOf":{"@id":"https:\/\/instytutpolski.pl\/praha\/#website"},"primaryImageOfPage":{"@id":"https:\/\/instytutpolski.pl\/praha\/vyznamna-polska-vyroci\/#primaryimage"},"image":{"@id":"https:\/\/instytutpolski.pl\/praha\/vyznamna-polska-vyroci\/#primaryimage"},"thumbnailUrl":"https:\/\/instytutpolski.pl\/praha\/wp-content\/uploads\/sites\/10\/2020\/05\/Strona2.jpg","datePublished":"2022-08-11T09:51:39+00:00","dateModified":"2024-04-03T11:45:30+00:00","breadcrumb":{"@id":"https:\/\/instytutpolski.pl\/praha\/vyznamna-polska-vyroci\/#breadcrumb"},"inLanguage":"pl-PL","potentialAction":[{"@type":"ReadAction","target":["https:\/\/instytutpolski.pl\/praha\/vyznamna-polska-vyroci\/"]}]},{"@type":"ImageObject","inLanguage":"pl-PL","@id":"https:\/\/instytutpolski.pl\/praha\/vyznamna-polska-vyroci\/#primaryimage","url":"https:\/\/instytutpolski.pl\/praha\/wp-content\/uploads\/sites\/10\/2020\/05\/Strona2.jpg","contentUrl":"https:\/\/instytutpolski.pl\/praha\/wp-content\/uploads\/sites\/10\/2020\/05\/Strona2.jpg","width":1920,"height":1080},{"@type":"BreadcrumbList","@id":"https:\/\/instytutpolski.pl\/praha\/vyznamna-polska-vyroci\/#breadcrumb","itemListElement":[{"@type":"ListItem","position":1,"name":"Home","item":"https:\/\/instytutpolski.pl\/praha\/"},{"@type":"ListItem","position":2,"name":"V\u00fdznamn\u00e1 polsk\u00e1 v\u00fdro\u010d\u00ed"}]},{"@type":"WebSite","@id":"https:\/\/instytutpolski.pl\/praha\/#website","url":"https:\/\/instytutpolski.pl\/praha\/","name":"Instytut Polski w Pradze","description":"Instytuty Polskie","potentialAction":[{"@type":"SearchAction","target":{"@type":"EntryPoint","urlTemplate":"https:\/\/instytutpolski.pl\/praha\/?s={search_term_string}"},"query-input":{"@type":"PropertyValueSpecification","valueRequired":true,"valueName":"search_term_string"}}],"inLanguage":"pl-PL"}]}},"_links":{"self":[{"href":"https:\/\/instytutpolski.pl\/praha\/wp-json\/wp\/v2\/pages\/7048","targetHints":{"allow":["GET"]}}],"collection":[{"href":"https:\/\/instytutpolski.pl\/praha\/wp-json\/wp\/v2\/pages"}],"about":[{"href":"https:\/\/instytutpolski.pl\/praha\/wp-json\/wp\/v2\/types\/page"}],"author":[{"embeddable":true,"href":"https:\/\/instytutpolski.pl\/praha\/wp-json\/wp\/v2\/users\/161"}],"replies":[{"embeddable":true,"href":"https:\/\/instytutpolski.pl\/praha\/wp-json\/wp\/v2\/comments?post=7048"}],"version-history":[{"count":15,"href":"https:\/\/instytutpolski.pl\/praha\/wp-json\/wp\/v2\/pages\/7048\/revisions"}],"predecessor-version":[{"id":10120,"href":"https:\/\/instytutpolski.pl\/praha\/wp-json\/wp\/v2\/pages\/7048\/revisions\/10120"}],"wp:featuredmedia":[{"embeddable":true,"href":"https:\/\/instytutpolski.pl\/praha\/wp-json\/wp\/v2\/media\/1962"}],"wp:attachment":[{"href":"https:\/\/instytutpolski.pl\/praha\/wp-json\/wp\/v2\/media?parent=7048"}],"curies":[{"name":"wp","href":"https:\/\/api.w.org\/{rel}","templated":true}]}}