{"id":7079,"date":"2022-08-11T14:01:15","date_gmt":"2022-08-11T12:01:15","guid":{"rendered":"https:\/\/instytutpolski.pl\/praha\/?page_id=7079"},"modified":"2022-08-11T14:34:55","modified_gmt":"2022-08-11T12:34:55","slug":"polske-stopy-v-ostrave","status":"publish","type":"page","link":"https:\/\/instytutpolski.pl\/praha\/polske-stopy-v-ostrave\/","title":{"rendered":"Polsk\u00e9 stopy v Ostrav\u011b"},"content":{"rendered":"\n<p>V\u00edte, \u017ee \u010d\u00e1st Ostravy se d\u0159\u00edve jmenovala \u201ePolsk\u00e1\u201c? A pro\u010d se dva platany v zahrad\u011b konzul\u00e1tu jmenuj\u00ed Lech a V\u00e1clav?\u00a0A kde najdete Polsk\u00fd\u00a0d\u016fm, v jeho\u017e fas\u00e1d\u011b se nach\u00e1zej\u00ed kameny z krakovsk\u00fdch hradeb?\u00a0<\/p>\n\n\n\n<p>Kter\u00fd Pol\u00e1k se zaslou\u017eil o rozvoj P\u0159\u00edvozu, jedn\u00e9 z ostravsk\u00fdch m\u011bstsk\u00fdch pam\u00e1tkov\u00fdch z\u00f3n? A \u017ee pr\u00e1v\u011b z\u00a0Polska\u00a0p\u0159ijelo mnoho nov\u00fdch obyvatel Ostravy v dob\u011b, kdy se spolu s okoln\u00edmi vesnicemi m\u011bnila na pr\u016fmyslov\u00e9 centrum?<\/p>\n\n\n\n<p>Vydejte se s Polsk\u00fdm institutem v Praze a <strong>Vladim\u00edrem \u0160mehl\u00edkem<\/strong> po polsk\u00fdch stop\u00e1ch v Ostrav\u011b!\u00a0<\/p>\n\n\n\n<p>Po polsk\u00fdch stop\u00e1ch v Ostrav\u011b se tak\u00e9 m\u016f\u017eete vydat s origin\u00e1ln\u00edm <span style=\"text-decoration: underline\">audiopr\u016fvodcem<\/span>, jeho\u017e autorem je pr\u00e1v\u011b Vladim\u00edr \u0160mehl\u00edk. P\u0159eklad do pol\u0161tiny zajistily Nat\u00e1lie Raclavsk\u00e1 a Magdalena Zjawin, kter\u00e1 je z\u00e1rove\u0148 autorkou doprovodn\u00fdch fotografi\u00ed. Hlas audiopr\u016fvodci prop\u016fj\u010dili Malgorzata Pikus, Lada B\u011bla\u0161kov\u00e1, Kamil Mularz a Vladim\u00edr \u0160mehl\u00edk.<\/p>\n\n\n\n<p>Aplikaci najdete zde:\u00a0<a href=\"https:\/\/www.youtube.com\/redirect?event=video_description&amp;redir_token=QUFFLUhqbXpzYVpVcU1xeGpTLXEwS0ZmajJCM3hMVm9tUXxBQ3Jtc0ttcHd3VVVudlZGZzdyMnhVbGV0eTBoaG5RRWRRcXdxYzV2MDZxN2dVWVo5SGJnZFNtbVBSY0NXVGhDU09JRzdtakJFNk14Qkh5V3Y1cmFqbWZFcW4tcjZmNUJUcEpBbzRBYkZsc1NiUVc2WXZ1T0RoNA&amp;q=https%3A%2F%2Fizi.travel%2Fes%2F08cc-polskymi-s&amp;v=ijdtXfSrfTc\" target=\"_blank\" rel=\"noreferrer noopener\"><\/a><a href=\"https:\/\/izi.travel\/en\/08cc-polskymi-stopami-po-ostrave\/cs\">Polsk\u00fdmi stopami po Ostrav\u011b | izi.TRAVEL<\/a><\/p>\n\n\n\n<figure class=\"wp-block-embed is-type-video is-provider-youtube wp-block-embed-youtube wp-embed-aspect-16-9 wp-has-aspect-ratio\"><div class=\"wp-block-embed__wrapper\">\nhttps:\/\/youtu.be\/ijdtXfSrfTc\n<\/div><\/figure>\n\n\n\n<figure class=\"wp-block-embed is-type-video is-provider-youtube wp-block-embed-youtube wp-embed-aspect-16-9 wp-has-aspect-ratio\"><div class=\"wp-block-embed__wrapper\">\nhttps:\/\/youtu.be\/pNAPwHN&#8211;Sk\n<\/div><\/figure>\n\n\n\n<p>S\u00e9ri\u00ed vide\u00ed Polsk\u00e9 stopy, kter\u00e1 se odehr\u00e1v\u00e1 v Praze, Brn\u011b, Olomouci a Ostrav\u011b, se Polsk\u00fd institut v Praze p\u0159ipojuje k celosv\u011btov\u00e9mu projektu #PolishHeritageDays, kter\u00fd je spojen\u00fd se sv\u00e1tkem Pol\u00e1k\u016f \u017eij\u00edc\u00edch v zahrani\u010d\u00ed a kon\u00e1 se ka\u017edoro\u010dn\u011b 2. kv\u011btna.<\/p>\n","protected":false},"excerpt":{"rendered":"<p>V\u00edte, \u017ee \u010d\u00e1st Ostravy se d\u0159\u00edve jmenovala \u201ePolsk\u00e1\u201c? A pro\u010d se dva platany v zahrad\u011b konzul\u00e1tu jmenuj\u00ed Lech a V\u00e1clav?\u00a0A kde najdete Polsk\u00fd\u00a0d\u016fm, v jeho\u017e fas\u00e1d\u011b se nach\u00e1zej\u00ed kameny z krakovsk\u00fdch hradeb?\u00a0 Kter\u00fd Pol\u00e1k se zaslou\u017eil o rozvoj P\u0159\u00edvozu, jedn\u00e9 z ostravsk\u00fdch m\u011bstsk\u00fdch pam\u00e1tkov\u00fdch z\u00f3n? A \u017ee pr\u00e1v\u011b z\u00a0Polska\u00a0p\u0159ijelo mnoho nov\u00fdch obyvatel Ostravy v dob\u011b, [&hellip;]<\/p>\n","protected":false},"author":161,"featured_media":0,"parent":0,"menu_order":0,"comment_status":"closed","ping_status":"closed","template":"","meta":{"inline_featured_image":false,"_monsterinsights_skip_tracking":false,"_monsterinsights_sitenote_active":false,"_monsterinsights_sitenote_note":"","_monsterinsights_sitenote_category":0,"footnotes":""},"class_list":["post-7079","page","type-page","status-publish","hentry"],"yoast_head":"<!-- This site is optimized with the Yoast SEO plugin v24.6 - https:\/\/yoast.com\/wordpress\/plugins\/seo\/ -->\n<title>Polsk\u00e9 stopy v Ostrav\u011b - Instytut Polski w Pradze<\/title>\n<meta name=\"robots\" content=\"index, follow, max-snippet:-1, max-image-preview:large, max-video-preview:-1\" \/>\n<link rel=\"canonical\" href=\"https:\/\/instytutpolski.pl\/praha\/polske-stopy-v-ostrave\/\" \/>\n<meta property=\"og:locale\" content=\"pl_PL\" \/>\n<meta property=\"og:type\" content=\"article\" \/>\n<meta property=\"og:title\" content=\"Polsk\u00e9 stopy v Ostrav\u011b - Instytut Polski w Pradze\" \/>\n<meta property=\"og:description\" content=\"V\u00edte, \u017ee \u010d\u00e1st Ostravy se d\u0159\u00edve jmenovala \u201ePolsk\u00e1\u201c? A pro\u010d se dva platany v zahrad\u011b konzul\u00e1tu jmenuj\u00ed Lech a V\u00e1clav?\u00a0A kde najdete Polsk\u00fd\u00a0d\u016fm, v jeho\u017e fas\u00e1d\u011b se nach\u00e1zej\u00ed kameny z krakovsk\u00fdch hradeb?\u00a0 Kter\u00fd Pol\u00e1k se zaslou\u017eil o rozvoj P\u0159\u00edvozu, jedn\u00e9 z ostravsk\u00fdch m\u011bstsk\u00fdch pam\u00e1tkov\u00fdch z\u00f3n? A \u017ee pr\u00e1v\u011b z\u00a0Polska\u00a0p\u0159ijelo mnoho nov\u00fdch obyvatel Ostravy v dob\u011b, [&hellip;]\" \/>\n<meta property=\"og:url\" content=\"https:\/\/instytutpolski.pl\/praha\/polske-stopy-v-ostrave\/\" \/>\n<meta property=\"og:site_name\" content=\"Instytut Polski w Pradze\" \/>\n<meta property=\"article:modified_time\" content=\"2022-08-11T12:34:55+00:00\" \/>\n<meta name=\"twitter:card\" content=\"summary_large_image\" \/>\n<meta name=\"twitter:label1\" content=\"Szacowany czas czytania\" \/>\n\t<meta name=\"twitter:data1\" content=\"2 minuty\" \/>\n<script type=\"application\/ld+json\" class=\"yoast-schema-graph\">{\"@context\":\"https:\/\/schema.org\",\"@graph\":[{\"@type\":\"WebPage\",\"@id\":\"https:\/\/instytutpolski.pl\/praha\/polske-stopy-v-ostrave\/\",\"url\":\"https:\/\/instytutpolski.pl\/praha\/polske-stopy-v-ostrave\/\",\"name\":\"Polsk\u00e9 stopy v Ostrav\u011b - Instytut Polski w Pradze\",\"isPartOf\":{\"@id\":\"https:\/\/instytutpolski.pl\/praha\/#website\"},\"datePublished\":\"2022-08-11T12:01:15+00:00\",\"dateModified\":\"2022-08-11T12:34:55+00:00\",\"breadcrumb\":{\"@id\":\"https:\/\/instytutpolski.pl\/praha\/polske-stopy-v-ostrave\/#breadcrumb\"},\"inLanguage\":\"pl-PL\",\"potentialAction\":[{\"@type\":\"ReadAction\",\"target\":[\"https:\/\/instytutpolski.pl\/praha\/polske-stopy-v-ostrave\/\"]}]},{\"@type\":\"BreadcrumbList\",\"@id\":\"https:\/\/instytutpolski.pl\/praha\/polske-stopy-v-ostrave\/#breadcrumb\",\"itemListElement\":[{\"@type\":\"ListItem\",\"position\":1,\"name\":\"Home\",\"item\":\"https:\/\/instytutpolski.pl\/praha\/\"},{\"@type\":\"ListItem\",\"position\":2,\"name\":\"Polsk\u00e9 stopy v Ostrav\u011b\"}]},{\"@type\":\"WebSite\",\"@id\":\"https:\/\/instytutpolski.pl\/praha\/#website\",\"url\":\"https:\/\/instytutpolski.pl\/praha\/\",\"name\":\"Instytut Polski w Pradze\",\"description\":\"Instytuty Polskie\",\"potentialAction\":[{\"@type\":\"SearchAction\",\"target\":{\"@type\":\"EntryPoint\",\"urlTemplate\":\"https:\/\/instytutpolski.pl\/praha\/?s={search_term_string}\"},\"query-input\":{\"@type\":\"PropertyValueSpecification\",\"valueRequired\":true,\"valueName\":\"search_term_string\"}}],\"inLanguage\":\"pl-PL\"}]}<\/script>\n<!-- \/ Yoast SEO plugin. -->","yoast_head_json":{"title":"Polsk\u00e9 stopy v Ostrav\u011b - Instytut Polski w Pradze","robots":{"index":"index","follow":"follow","max-snippet":"max-snippet:-1","max-image-preview":"max-image-preview:large","max-video-preview":"max-video-preview:-1"},"canonical":"https:\/\/instytutpolski.pl\/praha\/polske-stopy-v-ostrave\/","og_locale":"pl_PL","og_type":"article","og_title":"Polsk\u00e9 stopy v Ostrav\u011b - Instytut Polski w Pradze","og_description":"V\u00edte, \u017ee \u010d\u00e1st Ostravy se d\u0159\u00edve jmenovala \u201ePolsk\u00e1\u201c? A pro\u010d se dva platany v zahrad\u011b konzul\u00e1tu jmenuj\u00ed Lech a V\u00e1clav?\u00a0A kde najdete Polsk\u00fd\u00a0d\u016fm, v jeho\u017e fas\u00e1d\u011b se nach\u00e1zej\u00ed kameny z krakovsk\u00fdch hradeb?\u00a0 Kter\u00fd Pol\u00e1k se zaslou\u017eil o rozvoj P\u0159\u00edvozu, jedn\u00e9 z ostravsk\u00fdch m\u011bstsk\u00fdch pam\u00e1tkov\u00fdch z\u00f3n? A \u017ee pr\u00e1v\u011b z\u00a0Polska\u00a0p\u0159ijelo mnoho nov\u00fdch obyvatel Ostravy v dob\u011b, [&hellip;]","og_url":"https:\/\/instytutpolski.pl\/praha\/polske-stopy-v-ostrave\/","og_site_name":"Instytut Polski w Pradze","article_modified_time":"2022-08-11T12:34:55+00:00","twitter_card":"summary_large_image","twitter_misc":{"Szacowany czas czytania":"2 minuty"},"schema":{"@context":"https:\/\/schema.org","@graph":[{"@type":"WebPage","@id":"https:\/\/instytutpolski.pl\/praha\/polske-stopy-v-ostrave\/","url":"https:\/\/instytutpolski.pl\/praha\/polske-stopy-v-ostrave\/","name":"Polsk\u00e9 stopy v Ostrav\u011b - Instytut Polski w Pradze","isPartOf":{"@id":"https:\/\/instytutpolski.pl\/praha\/#website"},"datePublished":"2022-08-11T12:01:15+00:00","dateModified":"2022-08-11T12:34:55+00:00","breadcrumb":{"@id":"https:\/\/instytutpolski.pl\/praha\/polske-stopy-v-ostrave\/#breadcrumb"},"inLanguage":"pl-PL","potentialAction":[{"@type":"ReadAction","target":["https:\/\/instytutpolski.pl\/praha\/polske-stopy-v-ostrave\/"]}]},{"@type":"BreadcrumbList","@id":"https:\/\/instytutpolski.pl\/praha\/polske-stopy-v-ostrave\/#breadcrumb","itemListElement":[{"@type":"ListItem","position":1,"name":"Home","item":"https:\/\/instytutpolski.pl\/praha\/"},{"@type":"ListItem","position":2,"name":"Polsk\u00e9 stopy v Ostrav\u011b"}]},{"@type":"WebSite","@id":"https:\/\/instytutpolski.pl\/praha\/#website","url":"https:\/\/instytutpolski.pl\/praha\/","name":"Instytut Polski w Pradze","description":"Instytuty Polskie","potentialAction":[{"@type":"SearchAction","target":{"@type":"EntryPoint","urlTemplate":"https:\/\/instytutpolski.pl\/praha\/?s={search_term_string}"},"query-input":{"@type":"PropertyValueSpecification","valueRequired":true,"valueName":"search_term_string"}}],"inLanguage":"pl-PL"}]}},"_links":{"self":[{"href":"https:\/\/instytutpolski.pl\/praha\/wp-json\/wp\/v2\/pages\/7079","targetHints":{"allow":["GET"]}}],"collection":[{"href":"https:\/\/instytutpolski.pl\/praha\/wp-json\/wp\/v2\/pages"}],"about":[{"href":"https:\/\/instytutpolski.pl\/praha\/wp-json\/wp\/v2\/types\/page"}],"author":[{"embeddable":true,"href":"https:\/\/instytutpolski.pl\/praha\/wp-json\/wp\/v2\/users\/161"}],"replies":[{"embeddable":true,"href":"https:\/\/instytutpolski.pl\/praha\/wp-json\/wp\/v2\/comments?post=7079"}],"version-history":[{"count":3,"href":"https:\/\/instytutpolski.pl\/praha\/wp-json\/wp\/v2\/pages\/7079\/revisions"}],"predecessor-version":[{"id":7098,"href":"https:\/\/instytutpolski.pl\/praha\/wp-json\/wp\/v2\/pages\/7079\/revisions\/7098"}],"wp:attachment":[{"href":"https:\/\/instytutpolski.pl\/praha\/wp-json\/wp\/v2\/media?parent=7079"}],"curies":[{"name":"wp","href":"https:\/\/api.w.org\/{rel}","templated":true}]}}