{"id":109,"date":"2019-06-24T10:45:31","date_gmt":"2019-06-24T08:45:31","guid":{"rendered":"https:\/\/instytutpolski.pl\/rzym\/?page_id=109"},"modified":"2020-06-09T11:42:28","modified_gmt":"2020-06-09T09:42:28","slug":"informazioni-sullistituto-polacco","status":"publish","type":"page","link":"https:\/\/instytutpolski.pl\/roma\/informazioni-sullistituto-polacco\/","title":{"rendered":"Chi siamo &#8211; Istituto Polacco"},"content":{"rendered":"\n<figure class=\"wp-block-embed-youtube wp-block-embed is-type-video is-provider-youtube wp-embed-aspect-4-3 wp-has-aspect-ratio\"><div class=\"wp-block-embed__wrapper\">\nhttps:\/\/youtu.be\/T8f91-rW63Q\n<\/div><figcaption>permettete di presentarci&#8230;<\/figcaption><\/figure>\n\n\n\n<p>L\u2019<strong>Istituto Polacco di Roma<\/strong>, fondato nel 1992, \u00e8 un ente del Ministero degli Affari Esteri polacco per la diplomazia pubblica e culturale. La sua missione \u00e8 la diffusione della cultura, dell&#8217;arte e della storia polacche, nonch\u00e9 la promozione del dialogo fra la Polonia e l\u2019Italia nel campo della cultura, dell\u2019educazione, della ricerca e della vita sociale.<\/p>\n\n\n\n<p>L&#8217;Istituto Polacco organizza presentazioni di mostre, film, libri, organizza conferenze, incontri, spettacoli e concerti. Negli ultimi anni ha offerto al pubblico italiano numerosi incontri con artisti, scrittori ed intellettuali polacchi, tra cui Wis\u0142awa Szymborska, S\u0142awomir Mro\u017cek, Tomasz Sta\u0144ko, Leszek Mo\u017cd\u017cer, Rafa\u0142 Blechacz, Krzysztof Zanussi, Andrzej \u017bu\u0142awski, Ryszard Kapu\u015bci\u0144ski.&nbsp;<\/p>\n\n\n\n<p>Ogni anno&nbsp;l\u2019Istituto organizza il festival della cultura polacca <strong>&#8222;Corso Polonia&#8221;<\/strong>, che si svolge&nbsp;in vari luoghi di Roma e in stretta collaborazione con le istituzioni culturali locali. Altri importanti cicli d\u2019autore dell\u2019Istituto sono quelli in programma nell\u2019ambito delle <strong>&#8222;Giornate della Memoria&#8221;<\/strong> e il festival del cinema polacco <strong>&#8222;CiakPolska&#8221;<\/strong>.<\/p>\n\n\n\n<p>Attraverso le sue iniziative, l\u2019Istituto Polacco ha in questi anni contribuito a ricordare o far conoscere al pubblico italiano rilevanti eventi e personaggi storici polacchi, come il Gen. W\u0142adys\u0142aw Anders o Jan Karski, o scrittori e artisti, come Jan Potocki o Henryk Sienkiewicz.<\/p>\n\n\n\n<p>L\u2019Istituto Polacco collabora con diverse organizzazioni culturali in tutta Italia e Malta e offre il proprio patrocinio ad eventi, festival e progetti che valorizzano la cultura polacca. L\u2019Istituto dispone di una galleria per l\u2019allestimento di mostre ed esposizioni, di una sala con 120 posti, attrezzata per concerti, rappresentazioni teatrali, videoproiezioni e conferenze con traduzione simultanea e di una sala di lettura.<\/p>\n\n\n\n<p>Al suo interno l\u2019Istituto possiede una biblioteca di oltre 15.000 volumi e riviste in lingua polacca e italiana su argomenti polacchi. Il catalogo dei volumi \u00e8 consultabile online. La biblioteca mette inoltre a disposizione del pubblico una ricca collezione di film polacchi in formato DVD.<\/p>\n\n\n\n<p>L\u2019ingresso alle manifestazioni culturali e agli eventi \u00e8 di norma gratuito, cos\u00ec come&nbsp;l\u2019utilizzo della biblioteca.<\/p>\n\n\n\n<p>Vi invitiamo a venirci a trovare e a iscrivervi alla nostra newsletter per essere informati sulle attivit\u00e0 e gli eventi organizzati dall\u2019Istituto.<\/p>\n","protected":false},"excerpt":{"rendered":"<p>L\u2019Istituto Polacco di Roma, fondato nel 1992, \u00e8 un ente del Ministero degli Affari Esteri polacco per la diplomazia pubblica e culturale. La sua missione \u00e8 la diffusione della cultura, dell&#8217;arte e della storia polacche, nonch\u00e9 la promozione del dialogo fra la Polonia e l\u2019Italia nel campo della cultura, dell\u2019educazione, della ricerca e della vita [&hellip;]<\/p>\n","protected":false},"author":1,"featured_media":813,"parent":0,"menu_order":0,"comment_status":"closed","ping_status":"closed","template":"","meta":{"inline_featured_image":false,"_monsterinsights_skip_tracking":false,"_monsterinsights_sitenote_active":false,"_monsterinsights_sitenote_note":"","_monsterinsights_sitenote_category":0,"footnotes":""},"class_list":["post-109","page","type-page","status-publish","has-post-thumbnail","hentry"],"yoast_head":"<!-- This site is optimized with the Yoast SEO plugin v24.6 - https:\/\/yoast.com\/wordpress\/plugins\/seo\/ -->\n<title>Chi siamo - Istituto Polacco - Instytut Polski w Rzymie<\/title>\n<meta name=\"robots\" content=\"index, follow, max-snippet:-1, max-image-preview:large, max-video-preview:-1\" \/>\n<link rel=\"canonical\" href=\"https:\/\/instytutpolski.pl\/roma\/informazioni-sullistituto-polacco\/\" \/>\n<meta property=\"og:locale\" content=\"pl_PL\" \/>\n<meta property=\"og:type\" content=\"article\" \/>\n<meta property=\"og:title\" content=\"Chi siamo - Istituto Polacco - Instytut Polski w Rzymie\" \/>\n<meta property=\"og:description\" content=\"L\u2019Istituto Polacco di Roma, fondato nel 1992, \u00e8 un ente del Ministero degli Affari Esteri polacco per la diplomazia pubblica e culturale. La sua missione \u00e8 la diffusione della cultura, dell&#8217;arte e della storia polacche, nonch\u00e9 la promozione del dialogo fra la Polonia e l\u2019Italia nel campo della cultura, dell\u2019educazione, della ricerca e della vita [&hellip;]\" \/>\n<meta property=\"og:url\" content=\"https:\/\/instytutpolski.pl\/roma\/informazioni-sullistituto-polacco\/\" \/>\n<meta property=\"og:site_name\" content=\"Instytut Polski w Rzymie\" \/>\n<meta property=\"article:modified_time\" content=\"2020-06-09T09:42:28+00:00\" \/>\n<meta property=\"og:image\" content=\"https:\/\/instytutpolski.pl\/roma\/wp-content\/uploads\/sites\/25\/2020\/06\/salon.jpg\" \/>\n\t<meta property=\"og:image:width\" content=\"1063\" \/>\n\t<meta property=\"og:image:height\" content=\"531\" \/>\n\t<meta property=\"og:image:type\" content=\"image\/jpeg\" \/>\n<meta name=\"twitter:card\" content=\"summary_large_image\" \/>\n<meta name=\"twitter:label1\" content=\"Szacowany czas czytania\" \/>\n\t<meta name=\"twitter:data1\" content=\"2 minuty\" \/>\n<script type=\"application\/ld+json\" class=\"yoast-schema-graph\">{\"@context\":\"https:\/\/schema.org\",\"@graph\":[{\"@type\":\"WebPage\",\"@id\":\"https:\/\/instytutpolski.pl\/roma\/informazioni-sullistituto-polacco\/\",\"url\":\"https:\/\/instytutpolski.pl\/roma\/informazioni-sullistituto-polacco\/\",\"name\":\"Chi siamo - Istituto Polacco - Instytut Polski w Rzymie\",\"isPartOf\":{\"@id\":\"https:\/\/instytutpolski.pl\/roma\/#website\"},\"primaryImageOfPage\":{\"@id\":\"https:\/\/instytutpolski.pl\/roma\/informazioni-sullistituto-polacco\/#primaryimage\"},\"image\":{\"@id\":\"https:\/\/instytutpolski.pl\/roma\/informazioni-sullistituto-polacco\/#primaryimage\"},\"thumbnailUrl\":\"https:\/\/instytutpolski.pl\/roma\/wp-content\/uploads\/sites\/25\/2020\/06\/salon.jpg\",\"datePublished\":\"2019-06-24T08:45:31+00:00\",\"dateModified\":\"2020-06-09T09:42:28+00:00\",\"breadcrumb\":{\"@id\":\"https:\/\/instytutpolski.pl\/roma\/informazioni-sullistituto-polacco\/#breadcrumb\"},\"inLanguage\":\"pl-PL\",\"potentialAction\":[{\"@type\":\"ReadAction\",\"target\":[\"https:\/\/instytutpolski.pl\/roma\/informazioni-sullistituto-polacco\/\"]}]},{\"@type\":\"ImageObject\",\"inLanguage\":\"pl-PL\",\"@id\":\"https:\/\/instytutpolski.pl\/roma\/informazioni-sullistituto-polacco\/#primaryimage\",\"url\":\"https:\/\/instytutpolski.pl\/roma\/wp-content\/uploads\/sites\/25\/2020\/06\/salon.jpg\",\"contentUrl\":\"https:\/\/instytutpolski.pl\/roma\/wp-content\/uploads\/sites\/25\/2020\/06\/salon.jpg\",\"width\":1063,\"height\":531},{\"@type\":\"BreadcrumbList\",\"@id\":\"https:\/\/instytutpolski.pl\/roma\/informazioni-sullistituto-polacco\/#breadcrumb\",\"itemListElement\":[{\"@type\":\"ListItem\",\"position\":1,\"name\":\"Home\",\"item\":\"https:\/\/instytutpolski.pl\/roma\/\"},{\"@type\":\"ListItem\",\"position\":2,\"name\":\"Chi siamo &#8211; Istituto Polacco\"}]},{\"@type\":\"WebSite\",\"@id\":\"https:\/\/instytutpolski.pl\/roma\/#website\",\"url\":\"https:\/\/instytutpolski.pl\/roma\/\",\"name\":\"Instytut Polski w Rzymie\",\"description\":\"Instytuty Polskie\",\"potentialAction\":[{\"@type\":\"SearchAction\",\"target\":{\"@type\":\"EntryPoint\",\"urlTemplate\":\"https:\/\/instytutpolski.pl\/roma\/?s={search_term_string}\"},\"query-input\":{\"@type\":\"PropertyValueSpecification\",\"valueRequired\":true,\"valueName\":\"search_term_string\"}}],\"inLanguage\":\"pl-PL\"}]}<\/script>\n<!-- \/ Yoast SEO plugin. -->","yoast_head_json":{"title":"Chi siamo - Istituto Polacco - Instytut Polski w Rzymie","robots":{"index":"index","follow":"follow","max-snippet":"max-snippet:-1","max-image-preview":"max-image-preview:large","max-video-preview":"max-video-preview:-1"},"canonical":"https:\/\/instytutpolski.pl\/roma\/informazioni-sullistituto-polacco\/","og_locale":"pl_PL","og_type":"article","og_title":"Chi siamo - Istituto Polacco - Instytut Polski w Rzymie","og_description":"L\u2019Istituto Polacco di Roma, fondato nel 1992, \u00e8 un ente del Ministero degli Affari Esteri polacco per la diplomazia pubblica e culturale. La sua missione \u00e8 la diffusione della cultura, dell&#8217;arte e della storia polacche, nonch\u00e9 la promozione del dialogo fra la Polonia e l\u2019Italia nel campo della cultura, dell\u2019educazione, della ricerca e della vita [&hellip;]","og_url":"https:\/\/instytutpolski.pl\/roma\/informazioni-sullistituto-polacco\/","og_site_name":"Instytut Polski w Rzymie","article_modified_time":"2020-06-09T09:42:28+00:00","og_image":[{"width":1063,"height":531,"url":"https:\/\/instytutpolski.pl\/roma\/wp-content\/uploads\/sites\/25\/2020\/06\/salon.jpg","type":"image\/jpeg"}],"twitter_card":"summary_large_image","twitter_misc":{"Szacowany czas czytania":"2 minuty"},"schema":{"@context":"https:\/\/schema.org","@graph":[{"@type":"WebPage","@id":"https:\/\/instytutpolski.pl\/roma\/informazioni-sullistituto-polacco\/","url":"https:\/\/instytutpolski.pl\/roma\/informazioni-sullistituto-polacco\/","name":"Chi siamo - Istituto Polacco - Instytut Polski w Rzymie","isPartOf":{"@id":"https:\/\/instytutpolski.pl\/roma\/#website"},"primaryImageOfPage":{"@id":"https:\/\/instytutpolski.pl\/roma\/informazioni-sullistituto-polacco\/#primaryimage"},"image":{"@id":"https:\/\/instytutpolski.pl\/roma\/informazioni-sullistituto-polacco\/#primaryimage"},"thumbnailUrl":"https:\/\/instytutpolski.pl\/roma\/wp-content\/uploads\/sites\/25\/2020\/06\/salon.jpg","datePublished":"2019-06-24T08:45:31+00:00","dateModified":"2020-06-09T09:42:28+00:00","breadcrumb":{"@id":"https:\/\/instytutpolski.pl\/roma\/informazioni-sullistituto-polacco\/#breadcrumb"},"inLanguage":"pl-PL","potentialAction":[{"@type":"ReadAction","target":["https:\/\/instytutpolski.pl\/roma\/informazioni-sullistituto-polacco\/"]}]},{"@type":"ImageObject","inLanguage":"pl-PL","@id":"https:\/\/instytutpolski.pl\/roma\/informazioni-sullistituto-polacco\/#primaryimage","url":"https:\/\/instytutpolski.pl\/roma\/wp-content\/uploads\/sites\/25\/2020\/06\/salon.jpg","contentUrl":"https:\/\/instytutpolski.pl\/roma\/wp-content\/uploads\/sites\/25\/2020\/06\/salon.jpg","width":1063,"height":531},{"@type":"BreadcrumbList","@id":"https:\/\/instytutpolski.pl\/roma\/informazioni-sullistituto-polacco\/#breadcrumb","itemListElement":[{"@type":"ListItem","position":1,"name":"Home","item":"https:\/\/instytutpolski.pl\/roma\/"},{"@type":"ListItem","position":2,"name":"Chi siamo &#8211; Istituto Polacco"}]},{"@type":"WebSite","@id":"https:\/\/instytutpolski.pl\/roma\/#website","url":"https:\/\/instytutpolski.pl\/roma\/","name":"Instytut Polski w Rzymie","description":"Instytuty Polskie","potentialAction":[{"@type":"SearchAction","target":{"@type":"EntryPoint","urlTemplate":"https:\/\/instytutpolski.pl\/roma\/?s={search_term_string}"},"query-input":{"@type":"PropertyValueSpecification","valueRequired":true,"valueName":"search_term_string"}}],"inLanguage":"pl-PL"}]}},"_links":{"self":[{"href":"https:\/\/instytutpolski.pl\/roma\/wp-json\/wp\/v2\/pages\/109","targetHints":{"allow":["GET"]}}],"collection":[{"href":"https:\/\/instytutpolski.pl\/roma\/wp-json\/wp\/v2\/pages"}],"about":[{"href":"https:\/\/instytutpolski.pl\/roma\/wp-json\/wp\/v2\/types\/page"}],"author":[{"embeddable":true,"href":"https:\/\/instytutpolski.pl\/roma\/wp-json\/wp\/v2\/users\/1"}],"replies":[{"embeddable":true,"href":"https:\/\/instytutpolski.pl\/roma\/wp-json\/wp\/v2\/comments?post=109"}],"version-history":[{"count":16,"href":"https:\/\/instytutpolski.pl\/roma\/wp-json\/wp\/v2\/pages\/109\/revisions"}],"predecessor-version":[{"id":7331,"href":"https:\/\/instytutpolski.pl\/roma\/wp-json\/wp\/v2\/pages\/109\/revisions\/7331"}],"wp:featuredmedia":[{"embeddable":true,"href":"https:\/\/instytutpolski.pl\/roma\/wp-json\/wp\/v2\/media\/813"}],"wp:attachment":[{"href":"https:\/\/instytutpolski.pl\/roma\/wp-json\/wp\/v2\/media?parent=109"}],"curies":[{"name":"wp","href":"https:\/\/api.w.org\/{rel}","templated":true}]}}