{"id":119,"date":"2019-06-24T10:46:42","date_gmt":"2019-06-24T08:46:42","guid":{"rendered":"https:\/\/instytutpolski.pl\/rzym\/?page_id=119"},"modified":"2026-03-26T13:34:16","modified_gmt":"2026-03-26T12:34:16","slug":"staff","status":"publish","type":"page","link":"https:\/\/instytutpolski.pl\/roma\/informazioni-sullistituto-polacco\/staff\/","title":{"rendered":"Staff"},"content":{"rendered":"\n<table style=\"border-collapse: collapse;width: 100%;height: 277px\">\n<tbody>\n<tr style=\"height: 157px\">\n<td style=\"width: 31.724138%;height: 157px\">&nbsp;<\/td>\n<td style=\"width: 68.275862%;height: 157px\">\n<p><strong>Ma\u0142gorzata Furdal<\/strong><br><strong><span style=\"color: #808080\">Direttrice dell\u2019Istituto Polacco di Roma<\/span><\/strong><\/p>\n<\/td>\n<\/tr>\n<tr style=\"height: 120px\">\n<td style=\"width: 31.724138%;height: 120px\">&nbsp;<\/td>\n<td style=\"width: 68.275862%;height: 120px\">\n<p style=\"font-weight: 400\"><strong>Magdalena Trudzik<\/strong><br><strong><span style=\"color: #808080\">Vicedirettore dell\u2019Istituto Polacco di Roma<\/span><\/strong><br>I\u00b0 Segretario dell\u2019Ambasciata della Repubblica<br>di Polonia in Roma<\/p>\n<\/td>\n<\/tr>\n<\/tbody>\n<\/table>\n\n\n\n\n\n<table style=\"border-collapse: collapse;width: 100%;height: 1175px\">\n<tbody>\n<tr style=\"height: 143px\">\n<td style=\"width: 31.379310344827587%;height: 143px\">\n<p>segreteria<\/p>\n<\/td>\n<td style=\"width: 68.62068965517241%;height: 143px\">\n<p><strong><br \/><\/strong>int. 801<br \/><a href=\"mailto:segreteria.roma@instytutpolski.pl\">segreteria.roma@instytutpolski.pl<\/a><\/p>\n<\/td>\n<\/tr>\n<tr style=\"height: 143px\">\n<td style=\"width: 31.379310344827587%;height: 143px\">\n<p>biblioteca<\/p>\n<\/td>\n<td style=\"width: 68.62068965517241%;height: 143px\">\n<p>Resp.<strong> Ma\u0142gorzata M\u0142ynarczyk<br \/><\/strong>int. 810<br \/><a href=\"mailto:biblioteca.roma@instytutpolski.pl\">biblioteca.roma@instytutpolski.pl<\/a><\/p>\n<\/td>\n<\/tr>\n<tr style=\"height: 87px\">\n<td style=\"width: 31.379310344827587%;height: 87px\">\n<p>\u00a0<\/p>\n<\/td>\n<td style=\"width: 68.62068965517241%;height: 87px\"><span style=\"color: #808080\"><strong>RESPONSABILI PROGRAMMA:<\/strong><\/span><\/td>\n<\/tr>\n<tr style=\"height: 129px\">\n<td style=\"width: 31.379310344827587%;height: 129px\">\n<p>cinema<\/p>\n<\/td>\n<td style=\"width: 68.62068965517241%;height: 129px\">\n<p><strong>Lorenzo Costantino<\/strong><br \/>int. 807<br \/><a href=\"mailto:l.costantino@instytutpolski.pl\">l.costantino@instytutpolski.pl<\/a><\/p>\n<\/td>\n<\/tr>\n<tr style=\"height: 129px\">\n<td style=\"width: 31.379310344827587%;height: 129px\">\n<p>arte\/teatro<\/p>\n<\/td>\n<td style=\"width: 68.62068965517241%;height: 129px\">\n<p><strong>Ania Jagie\u0142\u0142o<br \/><\/strong>int. 806<br \/><a href=\"mailto:a.jagiello@instytutpolski.pl\">a.jagiello@instytutpolski.pl<\/a><\/p>\n<\/td>\n<\/tr>\n<tr style=\"height: 143px\">\n<td style=\"width: 31.379310344827587%;height: 143px\">\n<p>grafica\/media<\/p>\n<\/td>\n<td style=\"width: 68.62068965517241%;height: 143px\">\n<p><strong>Eliza Olsza\u0144ska<br \/><\/strong><span style=\"font-size: inherit;font-family: inherit\">int. 802<br \/><\/span><a href=\"mailto:studio.roma@instytutpolski.pl\">studio.roma@instytutpolski.pl<\/a><\/p>\n<\/td>\n<\/tr>\n<tr style=\"height: 143px\">\n<td style=\"width: 31.379310344827587%;height: 143px\">\n<p>letteratura<\/p>\n<\/td>\n<td style=\"width: 68.62068965517241%;height: 143px\">\n<p><strong>Bogumi\u0142a Serwi\u0144ska<br \/><\/strong>int. 811<br \/><a href=\"mailto:b.serwinska@instytutpolski.pl\">b.serwinska@instytutpolski.pl<\/a><\/p>\n<\/td>\n<\/tr>\n<tr style=\"height: 143px\">\n<td style=\"width: 31.379310344827587%;height: 143px\">\n<p>musica<\/p>\n<\/td>\n<td style=\"width: 68.62068965517241%;height: 143px\">\n<p><strong>Magda Wid\u0142ak Avolio<br \/><\/strong>int. 809<br \/><a href=\"mailto:m.widlak-avolio@instytutpolski.pl\">m.widlak-avolio@instytutpolski.pl<\/a><\/p>\n<\/td>\n<\/tr>\n<tr style=\"height: 115px\">\n<td style=\"width: 31.379310344827587%;height: 115px\">pers. amm.<\/td>\n<td style=\"width: 68.62068965517241%;height: 115px\">\n<p><strong>Marcin K\u0119ska<\/strong><br \/><a href=\"mailto:tomasz.laskowski@msz.gov.pl\">marcin.keska@instytutpolski.pl<\/a><\/p>\n<\/td>\n<\/tr>\n<\/tbody>\n<\/table>\n<p>\u00a0<\/p>\n","protected":false},"excerpt":{"rendered":"<p>&nbsp; Ma\u0142gorzata FurdalDirettrice dell\u2019Istituto Polacco di Roma &nbsp; Magdalena TrudzikVicedirettore dell\u2019Istituto Polacco di RomaI\u00b0 Segretario dell\u2019Ambasciata della Repubblicadi Polonia in Roma segreteria int. 801segreteria.roma@instytutpolski.pl biblioteca Resp. Ma\u0142gorzata M\u0142ynarczykint. 810biblioteca.roma@instytutpolski.pl \u00a0 RESPONSABILI PROGRAMMA: cinema Lorenzo Costantinoint. 807l.costantino@instytutpolski.pl arte\/teatro Ania Jagie\u0142\u0142oint. 806a.jagiello@instytutpolski.pl grafica\/media Eliza Olsza\u0144skaint. 802studio.roma@instytutpolski.pl letteratura Bogumi\u0142a Serwi\u0144skaint. 811b.serwinska@instytutpolski.pl musica Magda Wid\u0142ak Avolioint. 809m.widlak-avolio@instytutpolski.pl pers. amm. [&hellip;]<\/p>\n","protected":false},"author":1,"featured_media":852,"parent":109,"menu_order":0,"comment_status":"closed","ping_status":"closed","template":"","meta":{"inline_featured_image":false,"_monsterinsights_skip_tracking":false,"_monsterinsights_sitenote_active":false,"_monsterinsights_sitenote_note":"","_monsterinsights_sitenote_category":0,"footnotes":""},"class_list":["post-119","page","type-page","status-publish","has-post-thumbnail","hentry"],"yoast_head":"<!-- This site is optimized with the Yoast SEO plugin v24.6 - https:\/\/yoast.com\/wordpress\/plugins\/seo\/ -->\n<title>Staff - Instytut Polski w Rzymie<\/title>\n<meta name=\"robots\" content=\"index, follow, max-snippet:-1, max-image-preview:large, max-video-preview:-1\" \/>\n<link rel=\"canonical\" href=\"https:\/\/instytutpolski.pl\/roma\/informazioni-sullistituto-polacco\/staff\/\" \/>\n<meta property=\"og:locale\" content=\"pl_PL\" \/>\n<meta property=\"og:type\" content=\"article\" \/>\n<meta property=\"og:title\" content=\"Staff - Instytut Polski w Rzymie\" \/>\n<meta property=\"og:description\" content=\"&nbsp; Ma\u0142gorzata FurdalDirettrice dell\u2019Istituto Polacco di Roma &nbsp; Magdalena TrudzikVicedirettore dell\u2019Istituto Polacco di RomaI\u00b0 Segretario dell\u2019Ambasciata della Repubblicadi Polonia in Roma segreteria int. 801segreteria.roma@instytutpolski.pl biblioteca Resp. Ma\u0142gorzata M\u0142ynarczykint. 810biblioteca.roma@instytutpolski.pl \u00a0 RESPONSABILI PROGRAMMA: cinema Lorenzo Costantinoint. 807l.costantino@instytutpolski.pl arte\/teatro Ania Jagie\u0142\u0142oint. 806a.jagiello@instytutpolski.pl grafica\/media Eliza Olsza\u0144skaint. 802studio.roma@instytutpolski.pl letteratura Bogumi\u0142a Serwi\u0144skaint. 811b.serwinska@instytutpolski.pl musica Magda Wid\u0142ak Avolioint. 809m.widlak-avolio@instytutpolski.pl pers. amm. [&hellip;]\" \/>\n<meta property=\"og:url\" content=\"https:\/\/instytutpolski.pl\/roma\/informazioni-sullistituto-polacco\/staff\/\" \/>\n<meta property=\"og:site_name\" content=\"Instytut Polski w Rzymie\" \/>\n<meta property=\"article:modified_time\" content=\"2026-03-26T12:34:16+00:00\" \/>\n<meta property=\"og:image\" content=\"https:\/\/instytutpolski.pl\/roma\/wp-content\/uploads\/sites\/25\/2020\/06\/aniolki.jpg\" \/>\n\t<meta property=\"og:image:width\" content=\"1063\" \/>\n\t<meta property=\"og:image:height\" content=\"531\" \/>\n\t<meta property=\"og:image:type\" content=\"image\/jpeg\" \/>\n<meta name=\"twitter:card\" content=\"summary_large_image\" \/>\n<meta name=\"twitter:label1\" content=\"Szacowany czas czytania\" \/>\n\t<meta name=\"twitter:data1\" content=\"1 minuta\" \/>\n<script type=\"application\/ld+json\" class=\"yoast-schema-graph\">{\"@context\":\"https:\/\/schema.org\",\"@graph\":[{\"@type\":\"WebPage\",\"@id\":\"https:\/\/instytutpolski.pl\/roma\/informazioni-sullistituto-polacco\/staff\/\",\"url\":\"https:\/\/instytutpolski.pl\/roma\/informazioni-sullistituto-polacco\/staff\/\",\"name\":\"Staff - Instytut Polski w Rzymie\",\"isPartOf\":{\"@id\":\"https:\/\/instytutpolski.pl\/roma\/#website\"},\"primaryImageOfPage\":{\"@id\":\"https:\/\/instytutpolski.pl\/roma\/informazioni-sullistituto-polacco\/staff\/#primaryimage\"},\"image\":{\"@id\":\"https:\/\/instytutpolski.pl\/roma\/informazioni-sullistituto-polacco\/staff\/#primaryimage\"},\"thumbnailUrl\":\"https:\/\/instytutpolski.pl\/roma\/wp-content\/uploads\/sites\/25\/2020\/06\/aniolki.jpg\",\"datePublished\":\"2019-06-24T08:46:42+00:00\",\"dateModified\":\"2026-03-26T12:34:16+00:00\",\"breadcrumb\":{\"@id\":\"https:\/\/instytutpolski.pl\/roma\/informazioni-sullistituto-polacco\/staff\/#breadcrumb\"},\"inLanguage\":\"pl-PL\",\"potentialAction\":[{\"@type\":\"ReadAction\",\"target\":[\"https:\/\/instytutpolski.pl\/roma\/informazioni-sullistituto-polacco\/staff\/\"]}]},{\"@type\":\"ImageObject\",\"inLanguage\":\"pl-PL\",\"@id\":\"https:\/\/instytutpolski.pl\/roma\/informazioni-sullistituto-polacco\/staff\/#primaryimage\",\"url\":\"https:\/\/instytutpolski.pl\/roma\/wp-content\/uploads\/sites\/25\/2020\/06\/aniolki.jpg\",\"contentUrl\":\"https:\/\/instytutpolski.pl\/roma\/wp-content\/uploads\/sites\/25\/2020\/06\/aniolki.jpg\",\"width\":1063,\"height\":531},{\"@type\":\"BreadcrumbList\",\"@id\":\"https:\/\/instytutpolski.pl\/roma\/informazioni-sullistituto-polacco\/staff\/#breadcrumb\",\"itemListElement\":[{\"@type\":\"ListItem\",\"position\":1,\"name\":\"Home\",\"item\":\"https:\/\/instytutpolski.pl\/roma\/\"},{\"@type\":\"ListItem\",\"position\":2,\"name\":\"Chi siamo &#8211; Istituto Polacco\",\"item\":\"https:\/\/instytutpolski.pl\/roma\/informazioni-sullistituto-polacco\/\"},{\"@type\":\"ListItem\",\"position\":3,\"name\":\"Staff\"}]},{\"@type\":\"WebSite\",\"@id\":\"https:\/\/instytutpolski.pl\/roma\/#website\",\"url\":\"https:\/\/instytutpolski.pl\/roma\/\",\"name\":\"Instytut Polski w Rzymie\",\"description\":\"Instytuty Polskie\",\"potentialAction\":[{\"@type\":\"SearchAction\",\"target\":{\"@type\":\"EntryPoint\",\"urlTemplate\":\"https:\/\/instytutpolski.pl\/roma\/?s={search_term_string}\"},\"query-input\":{\"@type\":\"PropertyValueSpecification\",\"valueRequired\":true,\"valueName\":\"search_term_string\"}}],\"inLanguage\":\"pl-PL\"}]}<\/script>\n<!-- \/ Yoast SEO plugin. -->","yoast_head_json":{"title":"Staff - Instytut Polski w Rzymie","robots":{"index":"index","follow":"follow","max-snippet":"max-snippet:-1","max-image-preview":"max-image-preview:large","max-video-preview":"max-video-preview:-1"},"canonical":"https:\/\/instytutpolski.pl\/roma\/informazioni-sullistituto-polacco\/staff\/","og_locale":"pl_PL","og_type":"article","og_title":"Staff - Instytut Polski w Rzymie","og_description":"&nbsp; Ma\u0142gorzata FurdalDirettrice dell\u2019Istituto Polacco di Roma &nbsp; Magdalena TrudzikVicedirettore dell\u2019Istituto Polacco di RomaI\u00b0 Segretario dell\u2019Ambasciata della Repubblicadi Polonia in Roma segreteria int. 801segreteria.roma@instytutpolski.pl biblioteca Resp. Ma\u0142gorzata M\u0142ynarczykint. 810biblioteca.roma@instytutpolski.pl \u00a0 RESPONSABILI PROGRAMMA: cinema Lorenzo Costantinoint. 807l.costantino@instytutpolski.pl arte\/teatro Ania Jagie\u0142\u0142oint. 806a.jagiello@instytutpolski.pl grafica\/media Eliza Olsza\u0144skaint. 802studio.roma@instytutpolski.pl letteratura Bogumi\u0142a Serwi\u0144skaint. 811b.serwinska@instytutpolski.pl musica Magda Wid\u0142ak Avolioint. 809m.widlak-avolio@instytutpolski.pl pers. amm. [&hellip;]","og_url":"https:\/\/instytutpolski.pl\/roma\/informazioni-sullistituto-polacco\/staff\/","og_site_name":"Instytut Polski w Rzymie","article_modified_time":"2026-03-26T12:34:16+00:00","og_image":[{"width":1063,"height":531,"url":"https:\/\/instytutpolski.pl\/roma\/wp-content\/uploads\/sites\/25\/2020\/06\/aniolki.jpg","type":"image\/jpeg"}],"twitter_card":"summary_large_image","twitter_misc":{"Szacowany czas czytania":"1 minuta"},"schema":{"@context":"https:\/\/schema.org","@graph":[{"@type":"WebPage","@id":"https:\/\/instytutpolski.pl\/roma\/informazioni-sullistituto-polacco\/staff\/","url":"https:\/\/instytutpolski.pl\/roma\/informazioni-sullistituto-polacco\/staff\/","name":"Staff - Instytut Polski w Rzymie","isPartOf":{"@id":"https:\/\/instytutpolski.pl\/roma\/#website"},"primaryImageOfPage":{"@id":"https:\/\/instytutpolski.pl\/roma\/informazioni-sullistituto-polacco\/staff\/#primaryimage"},"image":{"@id":"https:\/\/instytutpolski.pl\/roma\/informazioni-sullistituto-polacco\/staff\/#primaryimage"},"thumbnailUrl":"https:\/\/instytutpolski.pl\/roma\/wp-content\/uploads\/sites\/25\/2020\/06\/aniolki.jpg","datePublished":"2019-06-24T08:46:42+00:00","dateModified":"2026-03-26T12:34:16+00:00","breadcrumb":{"@id":"https:\/\/instytutpolski.pl\/roma\/informazioni-sullistituto-polacco\/staff\/#breadcrumb"},"inLanguage":"pl-PL","potentialAction":[{"@type":"ReadAction","target":["https:\/\/instytutpolski.pl\/roma\/informazioni-sullistituto-polacco\/staff\/"]}]},{"@type":"ImageObject","inLanguage":"pl-PL","@id":"https:\/\/instytutpolski.pl\/roma\/informazioni-sullistituto-polacco\/staff\/#primaryimage","url":"https:\/\/instytutpolski.pl\/roma\/wp-content\/uploads\/sites\/25\/2020\/06\/aniolki.jpg","contentUrl":"https:\/\/instytutpolski.pl\/roma\/wp-content\/uploads\/sites\/25\/2020\/06\/aniolki.jpg","width":1063,"height":531},{"@type":"BreadcrumbList","@id":"https:\/\/instytutpolski.pl\/roma\/informazioni-sullistituto-polacco\/staff\/#breadcrumb","itemListElement":[{"@type":"ListItem","position":1,"name":"Home","item":"https:\/\/instytutpolski.pl\/roma\/"},{"@type":"ListItem","position":2,"name":"Chi siamo &#8211; Istituto Polacco","item":"https:\/\/instytutpolski.pl\/roma\/informazioni-sullistituto-polacco\/"},{"@type":"ListItem","position":3,"name":"Staff"}]},{"@type":"WebSite","@id":"https:\/\/instytutpolski.pl\/roma\/#website","url":"https:\/\/instytutpolski.pl\/roma\/","name":"Instytut Polski w Rzymie","description":"Instytuty Polskie","potentialAction":[{"@type":"SearchAction","target":{"@type":"EntryPoint","urlTemplate":"https:\/\/instytutpolski.pl\/roma\/?s={search_term_string}"},"query-input":{"@type":"PropertyValueSpecification","valueRequired":true,"valueName":"search_term_string"}}],"inLanguage":"pl-PL"}]}},"_links":{"self":[{"href":"https:\/\/instytutpolski.pl\/roma\/wp-json\/wp\/v2\/pages\/119","targetHints":{"allow":["GET"]}}],"collection":[{"href":"https:\/\/instytutpolski.pl\/roma\/wp-json\/wp\/v2\/pages"}],"about":[{"href":"https:\/\/instytutpolski.pl\/roma\/wp-json\/wp\/v2\/types\/page"}],"author":[{"embeddable":true,"href":"https:\/\/instytutpolski.pl\/roma\/wp-json\/wp\/v2\/users\/1"}],"replies":[{"embeddable":true,"href":"https:\/\/instytutpolski.pl\/roma\/wp-json\/wp\/v2\/comments?post=119"}],"version-history":[{"count":32,"href":"https:\/\/instytutpolski.pl\/roma\/wp-json\/wp\/v2\/pages\/119\/revisions"}],"predecessor-version":[{"id":8190,"href":"https:\/\/instytutpolski.pl\/roma\/wp-json\/wp\/v2\/pages\/119\/revisions\/8190"}],"up":[{"embeddable":true,"href":"https:\/\/instytutpolski.pl\/roma\/wp-json\/wp\/v2\/pages\/109"}],"wp:featuredmedia":[{"embeddable":true,"href":"https:\/\/instytutpolski.pl\/roma\/wp-json\/wp\/v2\/media\/852"}],"wp:attachment":[{"href":"https:\/\/instytutpolski.pl\/roma\/wp-json\/wp\/v2\/media?parent=119"}],"curies":[{"name":"wp","href":"https:\/\/api.w.org\/{rel}","templated":true}]}}