{"id":1243,"date":"2020-11-06T09:20:33","date_gmt":"2020-11-06T08:20:33","guid":{"rendered":"https:\/\/instytutpolski.pl\/roma\/?page_id=1243"},"modified":"2020-11-06T09:20:34","modified_gmt":"2020-11-06T08:20:34","slug":"medyk-nawa","status":"publish","type":"page","link":"https:\/\/instytutpolski.pl\/roma\/medyk-nawa\/","title":{"rendered":"MEDYK NAWA"},"content":{"rendered":"\n<h3><strong>Wsparcie uczelni kszta\u0142c\u0105cych na kierunkach medycznych.<\/strong><\/h3>\n<p><strong>Pilota\u017c 2020 r.<\/strong><strong>\u00a0<\/strong><\/p>\n<p><strong>Narodowa Agencja Wymiany Akademickiej (NAWA) og\u0142asza nowe dzia\u0142anie <\/strong><strong>\u201eMedyk NAWA &#8211; Wsparcie uczelni kszta\u0142c\u0105cych na kierunkach medycznych \u2013 pilota\u017c 2020 r.\u201d<\/strong><\/p>\n<p>Celem dzia\u0142ania jest wzmocnienie potencja\u0142u dydaktycznego i praktycznego uczelni prowadz\u0105cych kszta\u0142cenie w zawodach medycznych. B\u0119dzie ono realizowane poprzez zaproszenie do tych uczelni lekarzy-naukowc\u00f3w, lekarzy-praktyk\u00f3w (w tym lekarzy dentyst\u00f3w) oraz piel\u0119gniarek i po\u0142o\u017cnych z\u00a0Unii Europejskiej lub z Wielkiej Brytanii, maj\u0105cych uprawnienia do wykonywania ww. zawodu oraz posiadaj\u0105cych kompetencje niezb\u0119dne do kszta\u0142cenia student\u00f3w\/ doktorant\u00f3w we wnioskuj\u0105cych uczelniach.<\/p>\n<p>Wnioskodawc\u0105 o udzia\u0142 w programie jest polska uczelnia prowadz\u0105ca kszta\u0142cenie na kierunkach medycznych. Uczelnia we wniosku sk\u0142adanym w NAWA przedstawia nie wi\u0119cej ni\u017c dwie kandydatury (lekarza\/ lekarza dentysty\/ piel\u0119gniarki\/po\u0142o\u017cnej; dalej: stypendysta) wraz z\u00a0uzasadnieniem potrzeby pozyskania danej osoby do wzmocnienia systemu kszta\u0142cenia w\u00a0danej jednostce. Do wniosku nale\u017cy do\u0142\u0105czy\u0107 CV kandydata\/kandydat\u00f3w oraz plan zada\u0144 zaplanowanych do zrealizowania w trakcie trwania stypendium. Je\u017celi uczelnia zainteresowana jest podj\u0119ciem wsp\u00f3\u0142pracy z wi\u0119cej ni\u017c dwoma stypendystami, zg\u0142asza to do NAWA, nie przekazuj\u0105c danych osobowych. Agencja tworzy list\u0119 rezerwow\u0105 i\u00a0w\u00a0przypadku dost\u0119pno\u015bci \u015brodk\u00f3w finansowych, informuje uczelni\u0119 o\u00a0mo\u017cliwo\u015bci zawnioskowania o\u00a0stypendium dla kolejnej zapraszanej osoby. O\u00a0zakwalifikowaniu do dzia\u0142ania decyduje kolejno\u015b\u0107 zg\u0142osze\u0144 poprawnych formalnie.<\/p>\n<p>NAWA przyzna zaproszonym medykom roczne stypendia w wysoko\u015bci 7,5 tys. z\u0142 miesi\u0119cznie dla lekarzy oraz 5 tys. z\u0142 miesi\u0119cznie dla piel\u0119gniarek i po\u0142o\u017cnych. Stypendysta NAWA mo\u017ce liczy\u0107 tak\u017ce na jednorazowy dodatek na zagospodarowanie si\u0119 (12 tys. z\u0142) oraz dodatek mobilno\u015bciowy (5 tys. z\u0142 dla stypendysty i 2 tys. z\u0142 dla ka\u017cdego cz\u0142onka rodziny).<\/p>\n<p>Sk\u0142adanie wniosk\u00f3w w dzia\u0142aniu mo\u017cliwe b\u0119dzie <strong>po 5 listopada 2020 r. i trwa\u0107 b\u0119dzie do 20\u00a0listopada 2020 r., do godz. 15:00<\/strong> (czasu \u015brodkowoeuropejskiego zgodnie z czasem urz\u0119dowym obowi\u0105zuj\u0105cym na terytorium Polski). Nab\u00f3r odbywa si\u0119 wy\u0142\u0105cznie w formie elektronicznej w systemie teleinformatycznym Agencji.<\/p>\n<p>Umowy uczelni z NAWA musz\u0105 zosta\u0107 zawarte nie p\u00f3\u017aniej ni\u017c 20.12.2020<\/p>\n<p>Przyjazdy mog\u0105 si\u0119 rozpocz\u0105\u0107 po podpisaniu umowy, nie p\u00f3\u017aniej ni\u017c 31 marca 2021 r.<\/p>\n<p>Wi\u0119cej informacji znajduje si\u0119 na stronie NAWA: <a href=\"https:\/\/nawa.gov.pl\/naukowcy\/medyk-nawa\" target=\"_blank\" rel=\"noopener noreferrer\">MEDYK NAWA<\/a><\/p>\n","protected":false},"excerpt":{"rendered":"<p>Wsparcie uczelni kszta\u0142c\u0105cych na kierunkach medycznych. Pilota\u017c 2020 r.\u00a0 Narodowa Agencja Wymiany Akademickiej (NAWA) og\u0142asza nowe dzia\u0142anie \u201eMedyk NAWA &#8211; Wsparcie uczelni kszta\u0142c\u0105cych na kierunkach medycznych \u2013 pilota\u017c 2020 r.\u201d Celem dzia\u0142ania jest wzmocnienie potencja\u0142u dydaktycznego i praktycznego uczelni prowadz\u0105cych kszta\u0142cenie w zawodach medycznych. B\u0119dzie ono realizowane poprzez zaproszenie do tych uczelni lekarzy-naukowc\u00f3w, lekarzy-praktyk\u00f3w (w [&hellip;]<\/p>\n","protected":false},"author":33,"featured_media":1244,"parent":0,"menu_order":0,"comment_status":"closed","ping_status":"closed","template":"","meta":{"inline_featured_image":false,"_monsterinsights_skip_tracking":false,"_monsterinsights_sitenote_active":false,"_monsterinsights_sitenote_note":"","_monsterinsights_sitenote_category":0,"footnotes":""},"class_list":["post-1243","page","type-page","status-publish","has-post-thumbnail","hentry"],"yoast_head":"<!-- This site is optimized with the Yoast SEO plugin v24.6 - https:\/\/yoast.com\/wordpress\/plugins\/seo\/ -->\n<title>MEDYK NAWA - Instytut Polski w Rzymie<\/title>\n<meta name=\"robots\" content=\"index, follow, max-snippet:-1, max-image-preview:large, max-video-preview:-1\" \/>\n<link rel=\"canonical\" href=\"https:\/\/instytutpolski.pl\/roma\/medyk-nawa\/\" \/>\n<meta property=\"og:locale\" content=\"pl_PL\" \/>\n<meta property=\"og:type\" content=\"article\" \/>\n<meta property=\"og:title\" content=\"MEDYK NAWA - Instytut Polski w Rzymie\" \/>\n<meta property=\"og:description\" content=\"Wsparcie uczelni kszta\u0142c\u0105cych na kierunkach medycznych. Pilota\u017c 2020 r.\u00a0 Narodowa Agencja Wymiany Akademickiej (NAWA) og\u0142asza nowe dzia\u0142anie \u201eMedyk NAWA &#8211; Wsparcie uczelni kszta\u0142c\u0105cych na kierunkach medycznych \u2013 pilota\u017c 2020 r.\u201d Celem dzia\u0142ania jest wzmocnienie potencja\u0142u dydaktycznego i praktycznego uczelni prowadz\u0105cych kszta\u0142cenie w zawodach medycznych. B\u0119dzie ono realizowane poprzez zaproszenie do tych uczelni lekarzy-naukowc\u00f3w, lekarzy-praktyk\u00f3w (w [&hellip;]\" \/>\n<meta property=\"og:url\" content=\"https:\/\/instytutpolski.pl\/roma\/medyk-nawa\/\" \/>\n<meta property=\"og:site_name\" content=\"Instytut Polski w Rzymie\" \/>\n<meta property=\"article:modified_time\" content=\"2020-11-06T08:20:34+00:00\" \/>\n<meta property=\"og:image\" content=\"https:\/\/instytutpolski.pl\/roma\/wp-content\/uploads\/sites\/25\/2020\/11\/medyk-nawa.jpg\" \/>\n\t<meta property=\"og:image:width\" content=\"1181\" \/>\n\t<meta property=\"og:image:height\" content=\"658\" \/>\n\t<meta property=\"og:image:type\" content=\"image\/jpeg\" \/>\n<meta name=\"twitter:card\" content=\"summary_large_image\" \/>\n<meta name=\"twitter:label1\" content=\"Szacowany czas czytania\" \/>\n\t<meta name=\"twitter:data1\" content=\"2 minuty\" \/>\n<script type=\"application\/ld+json\" class=\"yoast-schema-graph\">{\"@context\":\"https:\/\/schema.org\",\"@graph\":[{\"@type\":\"WebPage\",\"@id\":\"https:\/\/instytutpolski.pl\/roma\/medyk-nawa\/\",\"url\":\"https:\/\/instytutpolski.pl\/roma\/medyk-nawa\/\",\"name\":\"MEDYK NAWA - Instytut Polski w Rzymie\",\"isPartOf\":{\"@id\":\"https:\/\/instytutpolski.pl\/roma\/#website\"},\"primaryImageOfPage\":{\"@id\":\"https:\/\/instytutpolski.pl\/roma\/medyk-nawa\/#primaryimage\"},\"image\":{\"@id\":\"https:\/\/instytutpolski.pl\/roma\/medyk-nawa\/#primaryimage\"},\"thumbnailUrl\":\"https:\/\/instytutpolski.pl\/roma\/wp-content\/uploads\/sites\/25\/2020\/11\/medyk-nawa.jpg\",\"datePublished\":\"2020-11-06T08:20:33+00:00\",\"dateModified\":\"2020-11-06T08:20:34+00:00\",\"breadcrumb\":{\"@id\":\"https:\/\/instytutpolski.pl\/roma\/medyk-nawa\/#breadcrumb\"},\"inLanguage\":\"pl-PL\",\"potentialAction\":[{\"@type\":\"ReadAction\",\"target\":[\"https:\/\/instytutpolski.pl\/roma\/medyk-nawa\/\"]}]},{\"@type\":\"ImageObject\",\"inLanguage\":\"pl-PL\",\"@id\":\"https:\/\/instytutpolski.pl\/roma\/medyk-nawa\/#primaryimage\",\"url\":\"https:\/\/instytutpolski.pl\/roma\/wp-content\/uploads\/sites\/25\/2020\/11\/medyk-nawa.jpg\",\"contentUrl\":\"https:\/\/instytutpolski.pl\/roma\/wp-content\/uploads\/sites\/25\/2020\/11\/medyk-nawa.jpg\",\"width\":1181,\"height\":658},{\"@type\":\"BreadcrumbList\",\"@id\":\"https:\/\/instytutpolski.pl\/roma\/medyk-nawa\/#breadcrumb\",\"itemListElement\":[{\"@type\":\"ListItem\",\"position\":1,\"name\":\"Home\",\"item\":\"https:\/\/instytutpolski.pl\/roma\/\"},{\"@type\":\"ListItem\",\"position\":2,\"name\":\"MEDYK NAWA\"}]},{\"@type\":\"WebSite\",\"@id\":\"https:\/\/instytutpolski.pl\/roma\/#website\",\"url\":\"https:\/\/instytutpolski.pl\/roma\/\",\"name\":\"Instytut Polski w Rzymie\",\"description\":\"Instytuty Polskie\",\"potentialAction\":[{\"@type\":\"SearchAction\",\"target\":{\"@type\":\"EntryPoint\",\"urlTemplate\":\"https:\/\/instytutpolski.pl\/roma\/?s={search_term_string}\"},\"query-input\":{\"@type\":\"PropertyValueSpecification\",\"valueRequired\":true,\"valueName\":\"search_term_string\"}}],\"inLanguage\":\"pl-PL\"}]}<\/script>\n<!-- \/ Yoast SEO plugin. -->","yoast_head_json":{"title":"MEDYK NAWA - Instytut Polski w Rzymie","robots":{"index":"index","follow":"follow","max-snippet":"max-snippet:-1","max-image-preview":"max-image-preview:large","max-video-preview":"max-video-preview:-1"},"canonical":"https:\/\/instytutpolski.pl\/roma\/medyk-nawa\/","og_locale":"pl_PL","og_type":"article","og_title":"MEDYK NAWA - Instytut Polski w Rzymie","og_description":"Wsparcie uczelni kszta\u0142c\u0105cych na kierunkach medycznych. Pilota\u017c 2020 r.\u00a0 Narodowa Agencja Wymiany Akademickiej (NAWA) og\u0142asza nowe dzia\u0142anie \u201eMedyk NAWA &#8211; Wsparcie uczelni kszta\u0142c\u0105cych na kierunkach medycznych \u2013 pilota\u017c 2020 r.\u201d Celem dzia\u0142ania jest wzmocnienie potencja\u0142u dydaktycznego i praktycznego uczelni prowadz\u0105cych kszta\u0142cenie w zawodach medycznych. B\u0119dzie ono realizowane poprzez zaproszenie do tych uczelni lekarzy-naukowc\u00f3w, lekarzy-praktyk\u00f3w (w [&hellip;]","og_url":"https:\/\/instytutpolski.pl\/roma\/medyk-nawa\/","og_site_name":"Instytut Polski w Rzymie","article_modified_time":"2020-11-06T08:20:34+00:00","og_image":[{"width":1181,"height":658,"url":"https:\/\/instytutpolski.pl\/roma\/wp-content\/uploads\/sites\/25\/2020\/11\/medyk-nawa.jpg","type":"image\/jpeg"}],"twitter_card":"summary_large_image","twitter_misc":{"Szacowany czas czytania":"2 minuty"},"schema":{"@context":"https:\/\/schema.org","@graph":[{"@type":"WebPage","@id":"https:\/\/instytutpolski.pl\/roma\/medyk-nawa\/","url":"https:\/\/instytutpolski.pl\/roma\/medyk-nawa\/","name":"MEDYK NAWA - Instytut Polski w Rzymie","isPartOf":{"@id":"https:\/\/instytutpolski.pl\/roma\/#website"},"primaryImageOfPage":{"@id":"https:\/\/instytutpolski.pl\/roma\/medyk-nawa\/#primaryimage"},"image":{"@id":"https:\/\/instytutpolski.pl\/roma\/medyk-nawa\/#primaryimage"},"thumbnailUrl":"https:\/\/instytutpolski.pl\/roma\/wp-content\/uploads\/sites\/25\/2020\/11\/medyk-nawa.jpg","datePublished":"2020-11-06T08:20:33+00:00","dateModified":"2020-11-06T08:20:34+00:00","breadcrumb":{"@id":"https:\/\/instytutpolski.pl\/roma\/medyk-nawa\/#breadcrumb"},"inLanguage":"pl-PL","potentialAction":[{"@type":"ReadAction","target":["https:\/\/instytutpolski.pl\/roma\/medyk-nawa\/"]}]},{"@type":"ImageObject","inLanguage":"pl-PL","@id":"https:\/\/instytutpolski.pl\/roma\/medyk-nawa\/#primaryimage","url":"https:\/\/instytutpolski.pl\/roma\/wp-content\/uploads\/sites\/25\/2020\/11\/medyk-nawa.jpg","contentUrl":"https:\/\/instytutpolski.pl\/roma\/wp-content\/uploads\/sites\/25\/2020\/11\/medyk-nawa.jpg","width":1181,"height":658},{"@type":"BreadcrumbList","@id":"https:\/\/instytutpolski.pl\/roma\/medyk-nawa\/#breadcrumb","itemListElement":[{"@type":"ListItem","position":1,"name":"Home","item":"https:\/\/instytutpolski.pl\/roma\/"},{"@type":"ListItem","position":2,"name":"MEDYK NAWA"}]},{"@type":"WebSite","@id":"https:\/\/instytutpolski.pl\/roma\/#website","url":"https:\/\/instytutpolski.pl\/roma\/","name":"Instytut Polski w Rzymie","description":"Instytuty Polskie","potentialAction":[{"@type":"SearchAction","target":{"@type":"EntryPoint","urlTemplate":"https:\/\/instytutpolski.pl\/roma\/?s={search_term_string}"},"query-input":{"@type":"PropertyValueSpecification","valueRequired":true,"valueName":"search_term_string"}}],"inLanguage":"pl-PL"}]}},"_links":{"self":[{"href":"https:\/\/instytutpolski.pl\/roma\/wp-json\/wp\/v2\/pages\/1243","targetHints":{"allow":["GET"]}}],"collection":[{"href":"https:\/\/instytutpolski.pl\/roma\/wp-json\/wp\/v2\/pages"}],"about":[{"href":"https:\/\/instytutpolski.pl\/roma\/wp-json\/wp\/v2\/types\/page"}],"author":[{"embeddable":true,"href":"https:\/\/instytutpolski.pl\/roma\/wp-json\/wp\/v2\/users\/33"}],"replies":[{"embeddable":true,"href":"https:\/\/instytutpolski.pl\/roma\/wp-json\/wp\/v2\/comments?post=1243"}],"version-history":[{"count":1,"href":"https:\/\/instytutpolski.pl\/roma\/wp-json\/wp\/v2\/pages\/1243\/revisions"}],"predecessor-version":[{"id":1245,"href":"https:\/\/instytutpolski.pl\/roma\/wp-json\/wp\/v2\/pages\/1243\/revisions\/1245"}],"wp:featuredmedia":[{"embeddable":true,"href":"https:\/\/instytutpolski.pl\/roma\/wp-json\/wp\/v2\/media\/1244"}],"wp:attachment":[{"href":"https:\/\/instytutpolski.pl\/roma\/wp-json\/wp\/v2\/media?parent=1243"}],"curies":[{"name":"wp","href":"https:\/\/api.w.org\/{rel}","templated":true}]}}