{"id":1324,"date":"2020-11-13T16:41:08","date_gmt":"2020-11-13T15:41:08","guid":{"rendered":"https:\/\/instytutpolski.pl\/roma\/?page_id=1324"},"modified":"2020-11-13T16:41:10","modified_gmt":"2020-11-13T15:41:10","slug":"krakow-film-festival","status":"publish","type":"page","link":"https:\/\/instytutpolski.pl\/roma\/krakow-film-festival\/","title":{"rendered":"Krak\u00f3w Film Festival"},"content":{"rendered":"\n<p><span lang=\"it-IT\">Il <strong>Festival del Cinema di Cracovia<\/strong> \u00e8 una delle pi\u00f9 antiche manifestazioni al mondo dedicate al documentario, al cinema d\u2019animazione e al cortometraggio. Il nucleo del festival \u00e8 costituito da quattro concorsi di pari importanza: film documentario internazionale, cortometraggio internazionale, film documentario polacco e DocFilmMusic, il documentario musicale. Durante gli 8 giorni del festival gli spettatori hanno la possibilit\u00e0 di vedere circa 250 film provenienti dalla Polonia e da tutto il mondo. I film vengono presentati sia nelle sezioni del concorso, sia in proiezioni speciali. Il festival \u00e8 accompagnato da mostre, concerti, proiezioni all\u2019aperto e incontri con gli autori. Al festival partecipano ogni anno circa 900 ospiti polacchi e stranieri: registi, produttori, curatori di festival, oltre a un vasto pubblico di cracoviani. <\/span><\/p>\n<p><span lang=\"it-IT\">Nel corso degli anni non solo \u00e8 cambiato il programma degli eventi, ma anche il rango dello stesso festival. Lo status del Festival del Cinema di Cracovia \u00e8 confermato dall\u2019appartenenza alla prestigiosa cerchia dei festival accreditati dalla Federazione internazionale delle associazioni di produzione cinematografica (FIAPF), dall\u2019European Film Academy (EFA) e dall\u2019Academy of Motion Picture Arts and Sciences (AMPAS); in virt\u00f9 di questo fatto il festival di Cracovia, unico in Polonia, si trova nel prestigioso gruppo dei festival che concorrono a stabilire le nomination all\u2019Oscar nella categoria per il miglior documentario, ed \u00e8 inoltre uno dei due festival polacchi a farlo nella categoria per il miglior cortometraggio documentario. Il Festival del Cinema di Cracovia \u00e8 anche nell\u2019autorevole gruppo dei festival che propongono cortometraggi e documentari agli European Film Awards (EFA). <\/span><\/p>\n<p><span lang=\"it-IT\">A Cracovia hanno iniziato la loro carriera celebri documentaristi polacchi: Krzysztof Kie\u015blowski, Wojciech Wiszniewski, Andrzej Fidyk e Marcel \u0141ozi\u0144ski. Qui si sono fatti conoscere anche alcuni tra i pi\u00f9 brillanti autori del cinema d\u2019animazione polacco: Ryszard Czeka\u0142a, Jerzy Kucia, Julian Antoniszczak, Piotr Duma\u0142a e Zbigniew Rybczy\u0144ski, vincitore del premio Oscar per il film \u201cTango\u201d. Oltre a noti registi di documentari e film d\u2019animazione, ai concorsi riservati ai film internazionali hanno preso parte e hanno vinto dei premi molti autori i cui nomi sono universalmente conosciuti nel mondo del cinema: Pier Paolo Pasolini, Werner Herzog, Zoltan Huszarik, Jaromil Jire\u015b, Claude Lelouch, Patrice Leconte, Mike Leigh, e anche il premio Oscar Jan Sv\u011br\u00e1k.<\/span><\/p>\n<p><span lang=\"it-IT\">La storia del Festival del Cinema di Cracovia risale al 1961 quando, con il nome di Festival Polacco del Cortometraggio, presentava le realizzazioni della cinematografia nazionale. Tre anni dopo al festival polacco si aggiunse il festival internazionale e, da manifestazione solo polacca, si trasform\u00f2 in un evento di livello internazionale. Nel 1998 per la prima volta fu assegnato il premio per l\u2019opera complessiva nel campo del documentario e del cortometraggio: il Premio Drago dei Draghi. Nel 2001 a cambiare fu il nome stesso del festival, che da quel momento assume la denominazione di Festival del Cinema di Cracovia, le cui edizioni si svolgono a cavallo tra i mesi di maggio e maggio e giugno. <\/span><\/p>\n<p><span lang=\"it-IT\">Nel 2007, accanto ai due concorsi esistenti fino ad allora \u2013 quello nazionale e internazionale \u2013 fece la sua prima comparsa un terzo concorso, che includeva i dieci migliori documentari (attualmente ci sono 10 mediometraggi e 10 lungometraggi). La popolarit\u00e0 della sezione \u201cI suoni della musica\u201d indusse invece gli organizzatori a istituire nel 2013 un altro concorso per i documentari musicali, il DocFilmMusic. <\/span><\/p>\n<p><span lang=\"it-IT\">Nel corso degli anni successivi il programma del festival si \u00e8 arricchito di molte nuove proposte. Dal 2006 il festival \u00e8 accompagnato dalla Fiera Cinematografica di Cracovia, riservata ai professionisti del settore. Ogni anno si svolgono inoltre numerose proiezioni fuori concorso, che sono riuscite a radicarsi nel palinsesto del festival, come ad esempio \u201cRacconti dal mondo\u201d, \u201cDa qualche parte in Europa\u201d, \u201cPremiati ai festival\u201d, \u201cI suoni della musica\u201d, \u201cPanorama del cinema polacco\u201d, \u201cShort Matters!\u201d, \u201cLa notte dei videoclip\u201d, \u201cLa notte dei saggi studenteschi\u201d, \u201cKids&amp;Youth\u201d, \u201cDocs+Science\u201d.<\/span><\/p>\n<p><span lang=\"it-IT\">Nell\u2019ambito del festival si svolgono anche concerti, mostre, dibattiti e incontri con gli autori e i rappresentanti degli altri festival cinematografici (tra cui quelli di Leeds, Jihlava, Uppsala, Guanghzou, Tampere, Stoccarda, Lipsia, Kyiv e Berlino). <\/span><\/p>\n<p><span lang=\"it-IT\"><b>Il produttore del Festival del Cinema di Cracovia<\/b><\/span><\/p>\n<table border=\"0\" width=\"717\" cellspacing=\"0\" cellpadding=\"1\" bgcolor=\"#ffffff\">\n<tbody>\n<tr>\n<td bgcolor=\"#ffffff\" width=\"360\">\n<p><span lang=\"it-IT\"><b>Fondazione Cinematografica di Cracovia<\/b><\/span><\/p>\n<p><span lang=\"it-IT\">Ufficio del Festival <\/span><\/p>\n<p><span lang=\"it-IT\">via Basztowa 15\/8a<br \/>31-143 Cracovia<br \/>tel.\/ fax: +48 12 294 69 45<br \/>e-mail:\u00a0<a href=\"mailto:info@kff.com.pl\">info@kff.com.pl<\/a><\/span><\/p>\n<\/td>\n<td bgcolor=\"#ffffff\" width=\"353\">\u00a0<\/td>\n<\/tr>\n<\/tbody>\n<\/table>\n<p><span lang=\"it-IT\">Organizzatore del Festival del cinema di Cracovia \u00e8 la <\/span><span lang=\"it-IT\"><b>Fondazione Cinematografica di Cracovia<\/b><\/span><span lang=\"it-IT\">.<\/span><\/p>\n<p><span lang=\"it-IT\">La Fondazione Cinematografica di Cracovia \u00e8 stata istituita nel 2003 per iniziativa di Krzysztof Gierat attraverso l\u2019Istituzione Apollo Film allo scopo di organizzare il Festival del Cinema di Cracovia e altri eventi legati al cinema. Oltre all\u2019organizzazione del festival, l\u2019attivit\u00e0 della fondazione comprende, tra l\u2019altro: la promozione dei film polacchi in patria e all\u2019estero; il sostegno a opere audiovisive di alto valore artistico; il supporto allo sviluppo professionale e artistico dei cineasti polacchi; l\u2019organizzazione di proiezioni speciali e presentazioni, mostre, laboratori, seminari, dibattiti e altri eventi che costituiscano occasione d\u2019incontro, scambio di esperienze e discussione sulla cultura cinematografica contemporanea. <\/span><\/p>\n<p><span lang=\"it-IT\">La promozione complessiva dei film polacchi all\u2019estero \u00e8 curata dalla Fondazione Cinematografica di Cracovia anche con tre progetti realizzati in collaborazione con l\u2019Istituto polacco di arte cinematografica: <\/span><a href=\"http:\/\/polishdocs.pl\/\" target=\"_blank\" rel=\"noopener noreferrer\"><span lang=\"it-IT\"><b>Polish Docs<\/b><\/span><\/a><span lang=\"it-IT\">,\u00a0<\/span><a href=\"http:\/\/polishshorts.pl\/\" target=\"_blank\" rel=\"noopener noreferrer\"><span lang=\"it-IT\"><b>Polish Shorts<\/b><\/span><\/a><span lang=\"it-IT\">\u00a0i\u00a0<\/span><a href=\"http:\/\/www.polishanimations.pl\/pl\/\" target=\"_blank\" rel=\"noopener noreferrer\"><span lang=\"it-IT\"><b>Polish Animations<\/b><\/span><\/a><span lang=\"it-IT\">. Il settore di attivit\u00e0 della Fondazione in quest\u2019ambito comprende l\u2019organizzazione di rassegne dedicate alla cinematografia polacca e il coordinamento delle postazioni nei festival e fiere pi\u00f9 importanti, la preparazione e la pubblicazione di dischi promozionali contenenti una raccolta delle produzioni polacche, la preparazione e il coordinamento delle delegazioni di autori e produttori polacchi ai festival internazionali. <\/span><\/p>\n<p><span lang=\"it-IT\">Nel 2016 la promozione dei film viene ampliata con l\u2019attivit\u00e0 di vendita sotto l\u2019insegna <\/span><a href=\"http:\/\/agencja.kff.com.pl\/agencja.php\/docs\" target=\"_blank\" rel=\"noopener noreferrer\"><span lang=\"it-IT\"><b>KFF Sales &amp; Promotion<\/b><\/span><\/a><span lang=\"it-IT\">, che appare come una naturale evoluzione delle attivit\u00e0 fino a quel momento intraprese dalla Fondazione.<\/span><\/p>\n<p><span lang=\"it-IT\">Maggiori informazioni sul sito della fondazione <\/span><a href=\"http:\/\/www.kff.com.pl\/\" target=\"_blank\" rel=\"noopener noreferrer\"><span lang=\"it-IT\"><b>www.kff.com.pl<\/b><\/span><\/a><\/p>\n<p><span lang=\"it-IT\">Siamo su\u00a0<a href=\"https:\/\/www.facebook.com\/krakowfilmfest\/\" target=\"_blank\" rel=\"noopener noreferrer\">facebook<\/a>\u00a0|\u00a0<a href=\"https:\/\/twitter.com\/krakowfilmfest\" target=\"_blank\" rel=\"noopener noreferrer\">twitter<\/a>\u00a0|\u00a0<a href=\"https:\/\/www.instagram.com\/krakowfilmfestival\/\" target=\"_blank\" rel=\"noopener noreferrer\">instagram<\/a>\u00a0|\u00a0<a href=\"https:\/\/www.youtube.com\/user\/KrakowFilmFoundation\" target=\"_blank\" rel=\"noopener noreferrer\">youtube<\/a>\u00a0|\u00a0<a href=\"https:\/\/issuu.com\/krakowfilmfoundation\" target=\"_blank\" rel=\"noopener noreferrer\">issuu<\/a><\/span><\/p>\n<p><br \/><br \/><\/p>\n","protected":false},"excerpt":{"rendered":"<p>Il Festival del Cinema di Cracovia \u00e8 una delle pi\u00f9 antiche manifestazioni al mondo dedicate al documentario, al cinema d\u2019animazione e al cortometraggio. Il nucleo del festival \u00e8 costituito da quattro concorsi di pari importanza: film documentario internazionale, cortometraggio internazionale, film documentario polacco e DocFilmMusic, il documentario musicale. Durante gli 8 giorni del festival gli [&hellip;]<\/p>\n","protected":false},"author":33,"featured_media":0,"parent":0,"menu_order":0,"comment_status":"closed","ping_status":"closed","template":"","meta":{"inline_featured_image":false,"_monsterinsights_skip_tracking":false,"_monsterinsights_sitenote_active":false,"_monsterinsights_sitenote_note":"","_monsterinsights_sitenote_category":0,"footnotes":""},"class_list":["post-1324","page","type-page","status-publish","hentry"],"yoast_head":"<!-- This site is optimized with the Yoast SEO plugin v24.6 - https:\/\/yoast.com\/wordpress\/plugins\/seo\/ -->\n<title>Krak\u00f3w Film Festival - Instytut Polski w Rzymie<\/title>\n<meta name=\"robots\" content=\"index, follow, max-snippet:-1, max-image-preview:large, max-video-preview:-1\" \/>\n<link rel=\"canonical\" href=\"https:\/\/instytutpolski.pl\/roma\/krakow-film-festival\/\" \/>\n<meta property=\"og:locale\" content=\"pl_PL\" \/>\n<meta property=\"og:type\" content=\"article\" \/>\n<meta property=\"og:title\" content=\"Krak\u00f3w Film Festival - Instytut Polski w Rzymie\" \/>\n<meta property=\"og:description\" content=\"Il Festival del Cinema di Cracovia \u00e8 una delle pi\u00f9 antiche manifestazioni al mondo dedicate al documentario, al cinema d\u2019animazione e al cortometraggio. Il nucleo del festival \u00e8 costituito da quattro concorsi di pari importanza: film documentario internazionale, cortometraggio internazionale, film documentario polacco e DocFilmMusic, il documentario musicale. Durante gli 8 giorni del festival gli [&hellip;]\" \/>\n<meta property=\"og:url\" content=\"https:\/\/instytutpolski.pl\/roma\/krakow-film-festival\/\" \/>\n<meta property=\"og:site_name\" content=\"Instytut Polski w Rzymie\" \/>\n<meta property=\"article:modified_time\" content=\"2020-11-13T15:41:10+00:00\" \/>\n<meta name=\"twitter:card\" content=\"summary_large_image\" \/>\n<meta name=\"twitter:label1\" content=\"Szacowany czas czytania\" \/>\n\t<meta name=\"twitter:data1\" content=\"5 minut\" \/>\n<script type=\"application\/ld+json\" class=\"yoast-schema-graph\">{\"@context\":\"https:\/\/schema.org\",\"@graph\":[{\"@type\":\"WebPage\",\"@id\":\"https:\/\/instytutpolski.pl\/roma\/krakow-film-festival\/\",\"url\":\"https:\/\/instytutpolski.pl\/roma\/krakow-film-festival\/\",\"name\":\"Krak\u00f3w Film Festival - Instytut Polski w Rzymie\",\"isPartOf\":{\"@id\":\"https:\/\/instytutpolski.pl\/roma\/#website\"},\"datePublished\":\"2020-11-13T15:41:08+00:00\",\"dateModified\":\"2020-11-13T15:41:10+00:00\",\"breadcrumb\":{\"@id\":\"https:\/\/instytutpolski.pl\/roma\/krakow-film-festival\/#breadcrumb\"},\"inLanguage\":\"pl-PL\",\"potentialAction\":[{\"@type\":\"ReadAction\",\"target\":[\"https:\/\/instytutpolski.pl\/roma\/krakow-film-festival\/\"]}]},{\"@type\":\"BreadcrumbList\",\"@id\":\"https:\/\/instytutpolski.pl\/roma\/krakow-film-festival\/#breadcrumb\",\"itemListElement\":[{\"@type\":\"ListItem\",\"position\":1,\"name\":\"Home\",\"item\":\"https:\/\/instytutpolski.pl\/roma\/\"},{\"@type\":\"ListItem\",\"position\":2,\"name\":\"Krak\u00f3w Film Festival\"}]},{\"@type\":\"WebSite\",\"@id\":\"https:\/\/instytutpolski.pl\/roma\/#website\",\"url\":\"https:\/\/instytutpolski.pl\/roma\/\",\"name\":\"Instytut Polski w Rzymie\",\"description\":\"Instytuty Polskie\",\"potentialAction\":[{\"@type\":\"SearchAction\",\"target\":{\"@type\":\"EntryPoint\",\"urlTemplate\":\"https:\/\/instytutpolski.pl\/roma\/?s={search_term_string}\"},\"query-input\":{\"@type\":\"PropertyValueSpecification\",\"valueRequired\":true,\"valueName\":\"search_term_string\"}}],\"inLanguage\":\"pl-PL\"}]}<\/script>\n<!-- \/ Yoast SEO plugin. -->","yoast_head_json":{"title":"Krak\u00f3w Film Festival - Instytut Polski w Rzymie","robots":{"index":"index","follow":"follow","max-snippet":"max-snippet:-1","max-image-preview":"max-image-preview:large","max-video-preview":"max-video-preview:-1"},"canonical":"https:\/\/instytutpolski.pl\/roma\/krakow-film-festival\/","og_locale":"pl_PL","og_type":"article","og_title":"Krak\u00f3w Film Festival - Instytut Polski w Rzymie","og_description":"Il Festival del Cinema di Cracovia \u00e8 una delle pi\u00f9 antiche manifestazioni al mondo dedicate al documentario, al cinema d\u2019animazione e al cortometraggio. Il nucleo del festival \u00e8 costituito da quattro concorsi di pari importanza: film documentario internazionale, cortometraggio internazionale, film documentario polacco e DocFilmMusic, il documentario musicale. Durante gli 8 giorni del festival gli [&hellip;]","og_url":"https:\/\/instytutpolski.pl\/roma\/krakow-film-festival\/","og_site_name":"Instytut Polski w Rzymie","article_modified_time":"2020-11-13T15:41:10+00:00","twitter_card":"summary_large_image","twitter_misc":{"Szacowany czas czytania":"5 minut"},"schema":{"@context":"https:\/\/schema.org","@graph":[{"@type":"WebPage","@id":"https:\/\/instytutpolski.pl\/roma\/krakow-film-festival\/","url":"https:\/\/instytutpolski.pl\/roma\/krakow-film-festival\/","name":"Krak\u00f3w Film Festival - Instytut Polski w Rzymie","isPartOf":{"@id":"https:\/\/instytutpolski.pl\/roma\/#website"},"datePublished":"2020-11-13T15:41:08+00:00","dateModified":"2020-11-13T15:41:10+00:00","breadcrumb":{"@id":"https:\/\/instytutpolski.pl\/roma\/krakow-film-festival\/#breadcrumb"},"inLanguage":"pl-PL","potentialAction":[{"@type":"ReadAction","target":["https:\/\/instytutpolski.pl\/roma\/krakow-film-festival\/"]}]},{"@type":"BreadcrumbList","@id":"https:\/\/instytutpolski.pl\/roma\/krakow-film-festival\/#breadcrumb","itemListElement":[{"@type":"ListItem","position":1,"name":"Home","item":"https:\/\/instytutpolski.pl\/roma\/"},{"@type":"ListItem","position":2,"name":"Krak\u00f3w Film Festival"}]},{"@type":"WebSite","@id":"https:\/\/instytutpolski.pl\/roma\/#website","url":"https:\/\/instytutpolski.pl\/roma\/","name":"Instytut Polski w Rzymie","description":"Instytuty Polskie","potentialAction":[{"@type":"SearchAction","target":{"@type":"EntryPoint","urlTemplate":"https:\/\/instytutpolski.pl\/roma\/?s={search_term_string}"},"query-input":{"@type":"PropertyValueSpecification","valueRequired":true,"valueName":"search_term_string"}}],"inLanguage":"pl-PL"}]}},"_links":{"self":[{"href":"https:\/\/instytutpolski.pl\/roma\/wp-json\/wp\/v2\/pages\/1324","targetHints":{"allow":["GET"]}}],"collection":[{"href":"https:\/\/instytutpolski.pl\/roma\/wp-json\/wp\/v2\/pages"}],"about":[{"href":"https:\/\/instytutpolski.pl\/roma\/wp-json\/wp\/v2\/types\/page"}],"author":[{"embeddable":true,"href":"https:\/\/instytutpolski.pl\/roma\/wp-json\/wp\/v2\/users\/33"}],"replies":[{"embeddable":true,"href":"https:\/\/instytutpolski.pl\/roma\/wp-json\/wp\/v2\/comments?post=1324"}],"version-history":[{"count":1,"href":"https:\/\/instytutpolski.pl\/roma\/wp-json\/wp\/v2\/pages\/1324\/revisions"}],"predecessor-version":[{"id":1325,"href":"https:\/\/instytutpolski.pl\/roma\/wp-json\/wp\/v2\/pages\/1324\/revisions\/1325"}],"wp:attachment":[{"href":"https:\/\/instytutpolski.pl\/roma\/wp-json\/wp\/v2\/media?parent=1324"}],"curies":[{"name":"wp","href":"https:\/\/api.w.org\/{rel}","templated":true}]}}