{"id":1630,"date":"2021-01-23T11:41:36","date_gmt":"2021-01-23T10:41:36","guid":{"rendered":"https:\/\/instytutpolski.pl\/roma\/?page_id=1630"},"modified":"2021-04-08T10:01:30","modified_gmt":"2021-04-08T08:01:30","slug":"karolina-lanckoronska","status":"publish","type":"page","link":"https:\/\/instytutpolski.pl\/roma\/karolina-lanckoronska\/","title":{"rendered":"LANCKORO\u0143SKA"},"content":{"rendered":"\n<p><strong>Performance sulla contessa polacca Karolina Lanckoro\u0144ska, celebre storica dell&#8217;arte e mecenate di artisti e storici, per anni legata a Roma.<\/strong><\/p>\n\n\n\n<p><span style=\"color: #800000\"><strong>da venerd\u00ec 29 gennaio 2021 &#8211; <\/strong>ONLINE<\/span><\/p>\n\n\n\n<div class=\"wp-block-buttons is-layout-flex wp-block-buttons-is-layout-flex\">\n<div class=\"wp-block-button\"><a class=\"wp-block-button__link has-background\" style=\"background-color:#760303\">GUARDA<\/a><\/div>\n<\/div>\n\n\n\n<hr class=\"wp-block-separator has-text-color has-background has-vivid-red-background-color has-vivid-red-color is-style-wide\" \/>\n\n\n\n<figure class=\"wp-block-image size-large\"><img loading=\"lazy\" decoding=\"async\" width=\"540\" height=\"758\" src=\"https:\/\/instytutpolski.pl\/roma\/wp-content\/uploads\/sites\/25\/2021\/01\/Lanckoron\u0301ska-1.jpg\" alt=\"\" class=\"wp-image-1711\" srcset=\"https:\/\/instytutpolski.pl\/roma\/wp-content\/uploads\/sites\/25\/2021\/01\/Lanckoron\u0301ska-1.jpg 540w, https:\/\/instytutpolski.pl\/roma\/wp-content\/uploads\/sites\/25\/2021\/01\/Lanckoron\u0301ska-1-214x300.jpg 214w\" sizes=\"auto, (max-width: 540px) 100vw, 540px\" \/><\/figure>\n\n\n\n<p><span style=\"color: #800000\"><em><strong>Lanckoro\u0144ska<\/strong><\/em><\/span><\/p>\n<p>testo: <strong>Kazimierz Braun&nbsp;<\/strong><br>regia: <strong>Inka Dowlasz<\/strong><br>con: <strong>Beata Malczewska, Urszula Sadowi\u0144ska \u2013 Pardyak,<br>Andrzej Franczyk\u2028<br><\/strong>musica: <strong>Zbigniew Paleta<\/strong><\/p>\n<p>prodotto da: <strong>Klub Aktora&nbsp; SPATiF<\/strong> di Cracovia<br>cofinanziato da <strong>Comune di Cracovia<\/strong><\/p>\n<p><span style=\"text-decoration: underline\"><strong>trama:<\/strong><\/span> Karolina, ultima della grande famiglia Lanckoro\u0144ski, con lo scoppio della guerra si \u00e8 unita ai ranghi ed \u00e8 sopravvissuta al campo di Ravensbr\u00fcck. Con il suo atteggiamento ha dimostrato che il grande Cicerone, che citava a memoria, aveva torto quando affermava che le Muse tacciono in guerra. Certo, non possono, non si sforzano di sfondare. Tuttavia lavorano instancabilmente, segretamente, trovano la loro strada nei cuori umani tormentati. Salvano la dignit\u00e0 e, a volte &#8230; la vita.<\/p>\n<hr>\n<p><strong>Karolina Lanckoro\u0144ska<\/strong> (1898, Vienna \u2013 2002, Roma). Durante gli anni della Seconda guerra mondiale fu prigioniera dei nazisti in un campo di concentramento, per aver rifiutato di collaborare con le autorit\u00e0 tedesche che avevano invaso la Polonia. Dopo il suo rilascio nel 1945, decise di stabilirsi nella capitale italiana, dove organizz\u00f2 la rinascita dell&#8217;Istituto Storico Polacco di Roma. Negli anni successivi si dedic\u00f2 alla creazione di una fondazione culturale intitolata al padre, il conte Karol Lanckoro\u0144ski.<\/p>\n<p>Si laure\u00f2 in storia dell&#8217;arte, specializzandosi nell&#8217;arte italiana del Rinascimento. Fu allieva all\u2019Universit\u00e0 di Vienna del grande storico dell&#8217;arte Max Dvorak. La sua tesi di dottorato fu dedicata alle opere di Michelangelo a Firenze, citt\u00e0 nella quale soggiorn\u00f2 per un paio di anni. \u00c8 autrice di importanti pubblicazioni su Beato Angelico, Michelangelo e Raffaello. Ha scritto anche un saggio sugli affreschi della Chiesa di Ges\u00f9 a Roma. Prima e dopo la Seconda guerra mondiale ha insegnato in universit\u00e0 austriache, polacche e svizzere.<\/p>\n\n\n\n<hr class=\"wp-block-separator has-text-color has-background has-vivid-red-background-color has-vivid-red-color is-style-wide\" \/>\n\n\n\n\n\n<div class=\"wp-block-media-text alignwide is-stacked-on-mobile\" style=\"grid-template-columns:23% auto\"><figure class=\"wp-block-media-text__media\"><img loading=\"lazy\" decoding=\"async\" width=\"472\" height=\"290\" src=\"https:\/\/instytutpolski.pl\/roma\/wp-content\/uploads\/sites\/25\/2021\/01\/logo-AMB-1.jpg\" alt=\"\" class=\"wp-image-1704 size-full\" srcset=\"https:\/\/instytutpolski.pl\/roma\/wp-content\/uploads\/sites\/25\/2021\/01\/logo-AMB-1.jpg 472w, https:\/\/instytutpolski.pl\/roma\/wp-content\/uploads\/sites\/25\/2021\/01\/logo-AMB-1-300x184.jpg 300w\" sizes=\"auto, (max-width: 472px) 100vw, 472px\" \/><\/figure><div class=\"wp-block-media-text__content\">\n<p>L&#8217;evento gode del patrocinio di<br><strong>S.E. Ambasciatore della Repubblica di Polonia in Italia<br>Anna Maria Anders<\/strong><\/p>\n<\/div><\/div>\n\n\n\n<hr class=\"wp-block-separator has-text-color has-background has-vivid-red-background-color has-vivid-red-color is-style-wide\" \/>\n\n\n\n<p><a href=\"https:\/\/instytutpolski.pl\/roma\/2021\/01\/23\/giornate-della-memoria\/\"><span style=\"color: #800000\">TORNA AL PROGRAMMA<\/span><\/a><\/p>\n\n\n\n<p><\/p>\n","protected":false},"excerpt":{"rendered":"<p>Performance sulla contessa polacca Karolina Lanckoro\u0144ska, celebre storica dell&#8217;arte e mecenate di artisti e storici, per anni legata a Roma. da venerd\u00ec 29 gennaio 2021 &#8211; ONLINE Lanckoro\u0144ska testo: Kazimierz Braun&nbsp;regia: Inka Dowlaszcon: Beata Malczewska, Urszula Sadowi\u0144ska \u2013 Pardyak,Andrzej Franczyk\u2028musica: Zbigniew Paleta prodotto da: Klub Aktora&nbsp; SPATiF di Cracoviacofinanziato da Comune di Cracovia trama: Karolina, [&hellip;]<\/p>\n","protected":false},"author":33,"featured_media":1631,"parent":0,"menu_order":0,"comment_status":"closed","ping_status":"closed","template":"","meta":{"inline_featured_image":false,"_monsterinsights_skip_tracking":false,"_monsterinsights_sitenote_active":false,"_monsterinsights_sitenote_note":"","_monsterinsights_sitenote_category":0,"footnotes":""},"class_list":["post-1630","page","type-page","status-publish","has-post-thumbnail","hentry"],"yoast_head":"<!-- This site is optimized with the Yoast SEO plugin v24.6 - https:\/\/yoast.com\/wordpress\/plugins\/seo\/ -->\n<title>LANCKORO\u0143SKA - Instytut Polski w Rzymie<\/title>\n<meta name=\"robots\" content=\"index, follow, max-snippet:-1, max-image-preview:large, max-video-preview:-1\" \/>\n<link rel=\"canonical\" href=\"https:\/\/instytutpolski.pl\/roma\/karolina-lanckoronska\/\" \/>\n<meta property=\"og:locale\" content=\"pl_PL\" \/>\n<meta property=\"og:type\" content=\"article\" \/>\n<meta property=\"og:title\" content=\"LANCKORO\u0143SKA - Instytut Polski w Rzymie\" \/>\n<meta property=\"og:description\" content=\"Performance sulla contessa polacca Karolina Lanckoro\u0144ska, celebre storica dell&#8217;arte e mecenate di artisti e storici, per anni legata a Roma. da venerd\u00ec 29 gennaio 2021 &#8211; ONLINE Lanckoro\u0144ska testo: Kazimierz Braun&nbsp;regia: Inka Dowlaszcon: Beata Malczewska, Urszula Sadowi\u0144ska \u2013 Pardyak,Andrzej Franczyk\u2028musica: Zbigniew Paleta prodotto da: Klub Aktora&nbsp; SPATiF di Cracoviacofinanziato da Comune di Cracovia trama: Karolina, [&hellip;]\" \/>\n<meta property=\"og:url\" content=\"https:\/\/instytutpolski.pl\/roma\/karolina-lanckoronska\/\" \/>\n<meta property=\"og:site_name\" content=\"Instytut Polski w Rzymie\" \/>\n<meta property=\"article:modified_time\" content=\"2021-04-08T08:01:30+00:00\" \/>\n<meta property=\"og:image\" content=\"https:\/\/instytutpolski.pl\/roma\/wp-content\/uploads\/sites\/25\/2021\/01\/lanckoronska_head.jpg\" \/>\n\t<meta property=\"og:image:width\" content=\"1200\" \/>\n\t<meta property=\"og:image:height\" content=\"628\" \/>\n\t<meta property=\"og:image:type\" content=\"image\/jpeg\" \/>\n<meta name=\"twitter:card\" content=\"summary_large_image\" \/>\n<meta name=\"twitter:label1\" content=\"Szacowany czas czytania\" \/>\n\t<meta name=\"twitter:data1\" content=\"2 minuty\" \/>\n<script type=\"application\/ld+json\" class=\"yoast-schema-graph\">{\"@context\":\"https:\/\/schema.org\",\"@graph\":[{\"@type\":\"WebPage\",\"@id\":\"https:\/\/instytutpolski.pl\/roma\/karolina-lanckoronska\/\",\"url\":\"https:\/\/instytutpolski.pl\/roma\/karolina-lanckoronska\/\",\"name\":\"LANCKORO\u0143SKA - Instytut Polski w Rzymie\",\"isPartOf\":{\"@id\":\"https:\/\/instytutpolski.pl\/roma\/#website\"},\"primaryImageOfPage\":{\"@id\":\"https:\/\/instytutpolski.pl\/roma\/karolina-lanckoronska\/#primaryimage\"},\"image\":{\"@id\":\"https:\/\/instytutpolski.pl\/roma\/karolina-lanckoronska\/#primaryimage\"},\"thumbnailUrl\":\"https:\/\/instytutpolski.pl\/roma\/wp-content\/uploads\/sites\/25\/2021\/01\/lanckoronska_head.jpg\",\"datePublished\":\"2021-01-23T10:41:36+00:00\",\"dateModified\":\"2021-04-08T08:01:30+00:00\",\"breadcrumb\":{\"@id\":\"https:\/\/instytutpolski.pl\/roma\/karolina-lanckoronska\/#breadcrumb\"},\"inLanguage\":\"pl-PL\",\"potentialAction\":[{\"@type\":\"ReadAction\",\"target\":[\"https:\/\/instytutpolski.pl\/roma\/karolina-lanckoronska\/\"]}]},{\"@type\":\"ImageObject\",\"inLanguage\":\"pl-PL\",\"@id\":\"https:\/\/instytutpolski.pl\/roma\/karolina-lanckoronska\/#primaryimage\",\"url\":\"https:\/\/instytutpolski.pl\/roma\/wp-content\/uploads\/sites\/25\/2021\/01\/lanckoronska_head.jpg\",\"contentUrl\":\"https:\/\/instytutpolski.pl\/roma\/wp-content\/uploads\/sites\/25\/2021\/01\/lanckoronska_head.jpg\",\"width\":1200,\"height\":628},{\"@type\":\"BreadcrumbList\",\"@id\":\"https:\/\/instytutpolski.pl\/roma\/karolina-lanckoronska\/#breadcrumb\",\"itemListElement\":[{\"@type\":\"ListItem\",\"position\":1,\"name\":\"Home\",\"item\":\"https:\/\/instytutpolski.pl\/roma\/\"},{\"@type\":\"ListItem\",\"position\":2,\"name\":\"LANCKORO\u0143SKA\"}]},{\"@type\":\"WebSite\",\"@id\":\"https:\/\/instytutpolski.pl\/roma\/#website\",\"url\":\"https:\/\/instytutpolski.pl\/roma\/\",\"name\":\"Instytut Polski w Rzymie\",\"description\":\"Instytuty Polskie\",\"potentialAction\":[{\"@type\":\"SearchAction\",\"target\":{\"@type\":\"EntryPoint\",\"urlTemplate\":\"https:\/\/instytutpolski.pl\/roma\/?s={search_term_string}\"},\"query-input\":{\"@type\":\"PropertyValueSpecification\",\"valueRequired\":true,\"valueName\":\"search_term_string\"}}],\"inLanguage\":\"pl-PL\"}]}<\/script>\n<!-- \/ Yoast SEO plugin. -->","yoast_head_json":{"title":"LANCKORO\u0143SKA - Instytut Polski w Rzymie","robots":{"index":"index","follow":"follow","max-snippet":"max-snippet:-1","max-image-preview":"max-image-preview:large","max-video-preview":"max-video-preview:-1"},"canonical":"https:\/\/instytutpolski.pl\/roma\/karolina-lanckoronska\/","og_locale":"pl_PL","og_type":"article","og_title":"LANCKORO\u0143SKA - Instytut Polski w Rzymie","og_description":"Performance sulla contessa polacca Karolina Lanckoro\u0144ska, celebre storica dell&#8217;arte e mecenate di artisti e storici, per anni legata a Roma. da venerd\u00ec 29 gennaio 2021 &#8211; ONLINE Lanckoro\u0144ska testo: Kazimierz Braun&nbsp;regia: Inka Dowlaszcon: Beata Malczewska, Urszula Sadowi\u0144ska \u2013 Pardyak,Andrzej Franczyk\u2028musica: Zbigniew Paleta prodotto da: Klub Aktora&nbsp; SPATiF di Cracoviacofinanziato da Comune di Cracovia trama: Karolina, [&hellip;]","og_url":"https:\/\/instytutpolski.pl\/roma\/karolina-lanckoronska\/","og_site_name":"Instytut Polski w Rzymie","article_modified_time":"2021-04-08T08:01:30+00:00","og_image":[{"width":1200,"height":628,"url":"https:\/\/instytutpolski.pl\/roma\/wp-content\/uploads\/sites\/25\/2021\/01\/lanckoronska_head.jpg","type":"image\/jpeg"}],"twitter_card":"summary_large_image","twitter_misc":{"Szacowany czas czytania":"2 minuty"},"schema":{"@context":"https:\/\/schema.org","@graph":[{"@type":"WebPage","@id":"https:\/\/instytutpolski.pl\/roma\/karolina-lanckoronska\/","url":"https:\/\/instytutpolski.pl\/roma\/karolina-lanckoronska\/","name":"LANCKORO\u0143SKA - Instytut Polski w Rzymie","isPartOf":{"@id":"https:\/\/instytutpolski.pl\/roma\/#website"},"primaryImageOfPage":{"@id":"https:\/\/instytutpolski.pl\/roma\/karolina-lanckoronska\/#primaryimage"},"image":{"@id":"https:\/\/instytutpolski.pl\/roma\/karolina-lanckoronska\/#primaryimage"},"thumbnailUrl":"https:\/\/instytutpolski.pl\/roma\/wp-content\/uploads\/sites\/25\/2021\/01\/lanckoronska_head.jpg","datePublished":"2021-01-23T10:41:36+00:00","dateModified":"2021-04-08T08:01:30+00:00","breadcrumb":{"@id":"https:\/\/instytutpolski.pl\/roma\/karolina-lanckoronska\/#breadcrumb"},"inLanguage":"pl-PL","potentialAction":[{"@type":"ReadAction","target":["https:\/\/instytutpolski.pl\/roma\/karolina-lanckoronska\/"]}]},{"@type":"ImageObject","inLanguage":"pl-PL","@id":"https:\/\/instytutpolski.pl\/roma\/karolina-lanckoronska\/#primaryimage","url":"https:\/\/instytutpolski.pl\/roma\/wp-content\/uploads\/sites\/25\/2021\/01\/lanckoronska_head.jpg","contentUrl":"https:\/\/instytutpolski.pl\/roma\/wp-content\/uploads\/sites\/25\/2021\/01\/lanckoronska_head.jpg","width":1200,"height":628},{"@type":"BreadcrumbList","@id":"https:\/\/instytutpolski.pl\/roma\/karolina-lanckoronska\/#breadcrumb","itemListElement":[{"@type":"ListItem","position":1,"name":"Home","item":"https:\/\/instytutpolski.pl\/roma\/"},{"@type":"ListItem","position":2,"name":"LANCKORO\u0143SKA"}]},{"@type":"WebSite","@id":"https:\/\/instytutpolski.pl\/roma\/#website","url":"https:\/\/instytutpolski.pl\/roma\/","name":"Instytut Polski w Rzymie","description":"Instytuty Polskie","potentialAction":[{"@type":"SearchAction","target":{"@type":"EntryPoint","urlTemplate":"https:\/\/instytutpolski.pl\/roma\/?s={search_term_string}"},"query-input":{"@type":"PropertyValueSpecification","valueRequired":true,"valueName":"search_term_string"}}],"inLanguage":"pl-PL"}]}},"_links":{"self":[{"href":"https:\/\/instytutpolski.pl\/roma\/wp-json\/wp\/v2\/pages\/1630","targetHints":{"allow":["GET"]}}],"collection":[{"href":"https:\/\/instytutpolski.pl\/roma\/wp-json\/wp\/v2\/pages"}],"about":[{"href":"https:\/\/instytutpolski.pl\/roma\/wp-json\/wp\/v2\/types\/page"}],"author":[{"embeddable":true,"href":"https:\/\/instytutpolski.pl\/roma\/wp-json\/wp\/v2\/users\/33"}],"replies":[{"embeddable":true,"href":"https:\/\/instytutpolski.pl\/roma\/wp-json\/wp\/v2\/comments?post=1630"}],"version-history":[{"count":12,"href":"https:\/\/instytutpolski.pl\/roma\/wp-json\/wp\/v2\/pages\/1630\/revisions"}],"predecessor-version":[{"id":1917,"href":"https:\/\/instytutpolski.pl\/roma\/wp-json\/wp\/v2\/pages\/1630\/revisions\/1917"}],"wp:featuredmedia":[{"embeddable":true,"href":"https:\/\/instytutpolski.pl\/roma\/wp-json\/wp\/v2\/media\/1631"}],"wp:attachment":[{"href":"https:\/\/instytutpolski.pl\/roma\/wp-json\/wp\/v2\/media?parent=1630"}],"curies":[{"name":"wp","href":"https:\/\/api.w.org\/{rel}","templated":true}]}}