{"id":1633,"date":"2021-01-23T11:49:43","date_gmt":"2021-01-23T10:49:43","guid":{"rendered":"https:\/\/instytutpolski.pl\/roma\/?page_id=1633"},"modified":"2021-02-10T12:14:39","modified_gmt":"2021-02-10T11:14:39","slug":"il-principe-e-il-dybbuk","status":"publish","type":"page","link":"https:\/\/instytutpolski.pl\/roma\/il-principe-e-il-dybbuk\/","title":{"rendered":"Il Principe e il dibbuk"},"content":{"rendered":"\n<p>Proiezione del film&nbsp;documentario<\/p>\n\n\n\n<p><span style=\"color: #800000\"><strong>domenica 14 febbraio 2021 &#8211; ore 21.00<span style=\"color: #800000\"> &#8211; <\/span><\/strong>ONLINE<\/span><\/p>\n\n\n\n<div class=\"wp-block-buttons is-layout-flex wp-block-buttons-is-layout-flex\">\n<div class=\"wp-block-button\"><a class=\"wp-block-button__link has-background\" href=\"https:\/\/www.mymovies.it\/ondemand\/mymovieslive\/\" style=\"background-color:#730909\" target=\"_blank\" rel=\"noreferrer noopener\">PARTECIPA<\/a><\/div>\n<\/div>\n\n\n\n<hr class=\"wp-block-separator has-text-color has-background has-vivid-red-background-color has-vivid-red-color is-style-wide\" \/>\n\n\n\n<p><span lang=\"it-IT\"><span style=\"color: #800000\"><em><strong>Il Principe e il Dibbuk<br \/><\/strong><\/em><\/span>(tit. or.<\/span>\u00a0<span lang=\"it-IT\">Ksi\u0105\u017c\u0119 i dybuk, PL<\/span>\u00a0<span lang=\"it-IT\">2017, 82&#8242;, v. or. con sott. it.)<br \/>\u00e8 un documentario di <strong>Elwira Niewiera<\/strong> e <strong>Piotr Roso\u0142owski<\/strong><\/span>\u00a0<span lang=\"it-IT\">sulla vita rocambolesca di <strong>Moshe Waks (1904 &#8211; 1965)<\/strong>, in arte <strong>Micha\u0142 Waszy\u0144ski<\/strong>, famoso produttore e regista ebreo polacco, autore tra gli altri del film\u00a0Il Dybbuk\u00a0(1937).\u00a0<\/span>La proiezione del film, in streaming gratuito sulla piattaforma MYmovies, sar\u00e0 preceduta dalla presentazione di alcuni esperti di cultura ebraica e polacca.\u00a0<\/p>\n<p>Interverranno:<\/p>\n<p><strong>Dario Disegni\u00a0<\/strong>&#8211; presidente della Comunit\u00e0 Ebraica di Torino<br \/><strong>Ulrico Leiss<\/strong>\u00a0&#8211; console onorario della Repubblica di Polonia a Torino\u00a0\u00a0\u00a0<br \/><span lang=\"it-IT\"><strong>Sarah Kami\u0144ski<\/strong>\u00a0&#8211;\u00a0docente di Lingua e Letteratura Ebraica, Universit\u00e0 di Torino<br \/><\/span><strong>Carlo Hintermann<\/strong>\u00a0&#8211;\u00a0regista<\/p>\n<p>L&#8217;evento \u00e8 organizzato dal <strong>Gruppo di Studi Ebraici<\/strong> in collaborazione con <strong>la\u00a0Comunit\u00e0 Ebraica di Torino<\/strong>, <strong>l&#8217;Istituto Polacco di Roma<\/strong> e\u00a0<strong>il Consolato Onorario della Repubblica di Polonia a Torino<\/strong>.\u00a0<\/p>\n<hr \/>\n<p><span style=\"color: #800000\"><strong>Prenotazione obbligatoria<br \/><\/strong><\/span><span lang=\"it-IT\">L&#8217;evento sar\u00e0 trasmesso in streaming gratuito,<\/span>\u00a0<span lang=\"it-IT\">e fino a esaurimento posti,<\/span>\u00a0<span lang=\"it-IT\">sulla piattaforma MYmovies.\u00a0<\/span>Il film rimarr\u00e0 online per 24 ore.<br \/>Per prenotarsi e ricevere informazioni, scrivere a: <a href=\"mailto:segreteria@torinoebraica.it\" target=\"_blank\" rel=\"noopener\"><span style=\"color: #800000\">segreteria@torinoebraica.it\u00a0\u00a0<\/span><\/a><\/p>\n\n\n\n<hr class=\"wp-block-separator has-text-color has-background has-vivid-red-background-color has-vivid-red-color is-style-wide\" \/>\n\n\n\n<p><a href=\"https:\/\/instytutpolski.pl\/roma\/2021\/01\/23\/giornate-della-memoria\/\"><span style=\"color: #800000\">TORNA AL PROGRAMMA<\/span><\/a><\/p>\n\n\n\n<p><\/p>\n","protected":false},"excerpt":{"rendered":"<p>Proiezione del film&nbsp;documentario domenica 14 febbraio 2021 &#8211; ore 21.00 &#8211; ONLINE Il Principe e il Dibbuk(tit. or.\u00a0Ksi\u0105\u017c\u0119 i dybuk, PL\u00a02017, 82&#8242;, v. or. con sott. it.)\u00e8 un documentario di Elwira Niewiera e Piotr Roso\u0142owski\u00a0sulla vita rocambolesca di Moshe Waks (1904 &#8211; 1965), in arte Micha\u0142 Waszy\u0144ski, famoso produttore e regista ebreo polacco, autore tra [&hellip;]<\/p>\n","protected":false},"author":33,"featured_media":1636,"parent":0,"menu_order":0,"comment_status":"closed","ping_status":"closed","template":"","meta":{"inline_featured_image":false,"_monsterinsights_skip_tracking":false,"_monsterinsights_sitenote_active":false,"_monsterinsights_sitenote_note":"","_monsterinsights_sitenote_category":0,"footnotes":""},"class_list":["post-1633","page","type-page","status-publish","has-post-thumbnail","hentry"],"yoast_head":"<!-- This site is optimized with the Yoast SEO plugin v24.6 - https:\/\/yoast.com\/wordpress\/plugins\/seo\/ -->\n<title>Il Principe e il dibbuk - Instytut Polski w Rzymie<\/title>\n<meta name=\"robots\" content=\"index, follow, max-snippet:-1, max-image-preview:large, max-video-preview:-1\" \/>\n<link rel=\"canonical\" href=\"https:\/\/instytutpolski.pl\/roma\/il-principe-e-il-dybbuk\/\" \/>\n<meta property=\"og:locale\" content=\"pl_PL\" \/>\n<meta property=\"og:type\" content=\"article\" \/>\n<meta property=\"og:title\" content=\"Il Principe e il dibbuk - Instytut Polski w Rzymie\" \/>\n<meta property=\"og:description\" content=\"Proiezione del film&nbsp;documentario domenica 14 febbraio 2021 &#8211; ore 21.00 &#8211; ONLINE Il Principe e il Dibbuk(tit. or.\u00a0Ksi\u0105\u017c\u0119 i dybuk, PL\u00a02017, 82&#8242;, v. or. con sott. it.)\u00e8 un documentario di Elwira Niewiera e Piotr Roso\u0142owski\u00a0sulla vita rocambolesca di Moshe Waks (1904 &#8211; 1965), in arte Micha\u0142 Waszy\u0144ski, famoso produttore e regista ebreo polacco, autore tra [&hellip;]\" \/>\n<meta property=\"og:url\" content=\"https:\/\/instytutpolski.pl\/roma\/il-principe-e-il-dybbuk\/\" \/>\n<meta property=\"og:site_name\" content=\"Instytut Polski w Rzymie\" \/>\n<meta property=\"article:modified_time\" content=\"2021-02-10T11:14:39+00:00\" \/>\n<meta property=\"og:image\" content=\"https:\/\/instytutpolski.pl\/roma\/wp-content\/uploads\/sites\/25\/2021\/01\/dybbuk_head.jpg\" \/>\n\t<meta property=\"og:image:width\" content=\"960\" \/>\n\t<meta property=\"og:image:height\" content=\"540\" \/>\n\t<meta property=\"og:image:type\" content=\"image\/jpeg\" \/>\n<meta name=\"twitter:card\" content=\"summary_large_image\" \/>\n<meta name=\"twitter:label1\" content=\"Szacowany czas czytania\" \/>\n\t<meta name=\"twitter:data1\" content=\"1 minuta\" \/>\n<script type=\"application\/ld+json\" class=\"yoast-schema-graph\">{\"@context\":\"https:\/\/schema.org\",\"@graph\":[{\"@type\":\"WebPage\",\"@id\":\"https:\/\/instytutpolski.pl\/roma\/il-principe-e-il-dybbuk\/\",\"url\":\"https:\/\/instytutpolski.pl\/roma\/il-principe-e-il-dybbuk\/\",\"name\":\"Il Principe e il dibbuk - Instytut Polski w Rzymie\",\"isPartOf\":{\"@id\":\"https:\/\/instytutpolski.pl\/roma\/#website\"},\"primaryImageOfPage\":{\"@id\":\"https:\/\/instytutpolski.pl\/roma\/il-principe-e-il-dybbuk\/#primaryimage\"},\"image\":{\"@id\":\"https:\/\/instytutpolski.pl\/roma\/il-principe-e-il-dybbuk\/#primaryimage\"},\"thumbnailUrl\":\"https:\/\/instytutpolski.pl\/roma\/wp-content\/uploads\/sites\/25\/2021\/01\/dybbuk_head.jpg\",\"datePublished\":\"2021-01-23T10:49:43+00:00\",\"dateModified\":\"2021-02-10T11:14:39+00:00\",\"breadcrumb\":{\"@id\":\"https:\/\/instytutpolski.pl\/roma\/il-principe-e-il-dybbuk\/#breadcrumb\"},\"inLanguage\":\"pl-PL\",\"potentialAction\":[{\"@type\":\"ReadAction\",\"target\":[\"https:\/\/instytutpolski.pl\/roma\/il-principe-e-il-dybbuk\/\"]}]},{\"@type\":\"ImageObject\",\"inLanguage\":\"pl-PL\",\"@id\":\"https:\/\/instytutpolski.pl\/roma\/il-principe-e-il-dybbuk\/#primaryimage\",\"url\":\"https:\/\/instytutpolski.pl\/roma\/wp-content\/uploads\/sites\/25\/2021\/01\/dybbuk_head.jpg\",\"contentUrl\":\"https:\/\/instytutpolski.pl\/roma\/wp-content\/uploads\/sites\/25\/2021\/01\/dybbuk_head.jpg\",\"width\":960,\"height\":540},{\"@type\":\"BreadcrumbList\",\"@id\":\"https:\/\/instytutpolski.pl\/roma\/il-principe-e-il-dybbuk\/#breadcrumb\",\"itemListElement\":[{\"@type\":\"ListItem\",\"position\":1,\"name\":\"Home\",\"item\":\"https:\/\/instytutpolski.pl\/roma\/\"},{\"@type\":\"ListItem\",\"position\":2,\"name\":\"Il Principe e il dibbuk\"}]},{\"@type\":\"WebSite\",\"@id\":\"https:\/\/instytutpolski.pl\/roma\/#website\",\"url\":\"https:\/\/instytutpolski.pl\/roma\/\",\"name\":\"Instytut Polski w Rzymie\",\"description\":\"Instytuty Polskie\",\"potentialAction\":[{\"@type\":\"SearchAction\",\"target\":{\"@type\":\"EntryPoint\",\"urlTemplate\":\"https:\/\/instytutpolski.pl\/roma\/?s={search_term_string}\"},\"query-input\":{\"@type\":\"PropertyValueSpecification\",\"valueRequired\":true,\"valueName\":\"search_term_string\"}}],\"inLanguage\":\"pl-PL\"}]}<\/script>\n<!-- \/ Yoast SEO plugin. -->","yoast_head_json":{"title":"Il Principe e il dibbuk - Instytut Polski w Rzymie","robots":{"index":"index","follow":"follow","max-snippet":"max-snippet:-1","max-image-preview":"max-image-preview:large","max-video-preview":"max-video-preview:-1"},"canonical":"https:\/\/instytutpolski.pl\/roma\/il-principe-e-il-dybbuk\/","og_locale":"pl_PL","og_type":"article","og_title":"Il Principe e il dibbuk - Instytut Polski w Rzymie","og_description":"Proiezione del film&nbsp;documentario domenica 14 febbraio 2021 &#8211; ore 21.00 &#8211; ONLINE Il Principe e il Dibbuk(tit. or.\u00a0Ksi\u0105\u017c\u0119 i dybuk, PL\u00a02017, 82&#8242;, v. or. con sott. it.)\u00e8 un documentario di Elwira Niewiera e Piotr Roso\u0142owski\u00a0sulla vita rocambolesca di Moshe Waks (1904 &#8211; 1965), in arte Micha\u0142 Waszy\u0144ski, famoso produttore e regista ebreo polacco, autore tra [&hellip;]","og_url":"https:\/\/instytutpolski.pl\/roma\/il-principe-e-il-dybbuk\/","og_site_name":"Instytut Polski w Rzymie","article_modified_time":"2021-02-10T11:14:39+00:00","og_image":[{"width":960,"height":540,"url":"https:\/\/instytutpolski.pl\/roma\/wp-content\/uploads\/sites\/25\/2021\/01\/dybbuk_head.jpg","type":"image\/jpeg"}],"twitter_card":"summary_large_image","twitter_misc":{"Szacowany czas czytania":"1 minuta"},"schema":{"@context":"https:\/\/schema.org","@graph":[{"@type":"WebPage","@id":"https:\/\/instytutpolski.pl\/roma\/il-principe-e-il-dybbuk\/","url":"https:\/\/instytutpolski.pl\/roma\/il-principe-e-il-dybbuk\/","name":"Il Principe e il dibbuk - Instytut Polski w Rzymie","isPartOf":{"@id":"https:\/\/instytutpolski.pl\/roma\/#website"},"primaryImageOfPage":{"@id":"https:\/\/instytutpolski.pl\/roma\/il-principe-e-il-dybbuk\/#primaryimage"},"image":{"@id":"https:\/\/instytutpolski.pl\/roma\/il-principe-e-il-dybbuk\/#primaryimage"},"thumbnailUrl":"https:\/\/instytutpolski.pl\/roma\/wp-content\/uploads\/sites\/25\/2021\/01\/dybbuk_head.jpg","datePublished":"2021-01-23T10:49:43+00:00","dateModified":"2021-02-10T11:14:39+00:00","breadcrumb":{"@id":"https:\/\/instytutpolski.pl\/roma\/il-principe-e-il-dybbuk\/#breadcrumb"},"inLanguage":"pl-PL","potentialAction":[{"@type":"ReadAction","target":["https:\/\/instytutpolski.pl\/roma\/il-principe-e-il-dybbuk\/"]}]},{"@type":"ImageObject","inLanguage":"pl-PL","@id":"https:\/\/instytutpolski.pl\/roma\/il-principe-e-il-dybbuk\/#primaryimage","url":"https:\/\/instytutpolski.pl\/roma\/wp-content\/uploads\/sites\/25\/2021\/01\/dybbuk_head.jpg","contentUrl":"https:\/\/instytutpolski.pl\/roma\/wp-content\/uploads\/sites\/25\/2021\/01\/dybbuk_head.jpg","width":960,"height":540},{"@type":"BreadcrumbList","@id":"https:\/\/instytutpolski.pl\/roma\/il-principe-e-il-dybbuk\/#breadcrumb","itemListElement":[{"@type":"ListItem","position":1,"name":"Home","item":"https:\/\/instytutpolski.pl\/roma\/"},{"@type":"ListItem","position":2,"name":"Il Principe e il dibbuk"}]},{"@type":"WebSite","@id":"https:\/\/instytutpolski.pl\/roma\/#website","url":"https:\/\/instytutpolski.pl\/roma\/","name":"Instytut Polski w Rzymie","description":"Instytuty Polskie","potentialAction":[{"@type":"SearchAction","target":{"@type":"EntryPoint","urlTemplate":"https:\/\/instytutpolski.pl\/roma\/?s={search_term_string}"},"query-input":{"@type":"PropertyValueSpecification","valueRequired":true,"valueName":"search_term_string"}}],"inLanguage":"pl-PL"}]}},"_links":{"self":[{"href":"https:\/\/instytutpolski.pl\/roma\/wp-json\/wp\/v2\/pages\/1633","targetHints":{"allow":["GET"]}}],"collection":[{"href":"https:\/\/instytutpolski.pl\/roma\/wp-json\/wp\/v2\/pages"}],"about":[{"href":"https:\/\/instytutpolski.pl\/roma\/wp-json\/wp\/v2\/types\/page"}],"author":[{"embeddable":true,"href":"https:\/\/instytutpolski.pl\/roma\/wp-json\/wp\/v2\/users\/33"}],"replies":[{"embeddable":true,"href":"https:\/\/instytutpolski.pl\/roma\/wp-json\/wp\/v2\/comments?post=1633"}],"version-history":[{"count":9,"href":"https:\/\/instytutpolski.pl\/roma\/wp-json\/wp\/v2\/pages\/1633\/revisions"}],"predecessor-version":[{"id":1755,"href":"https:\/\/instytutpolski.pl\/roma\/wp-json\/wp\/v2\/pages\/1633\/revisions\/1755"}],"wp:featuredmedia":[{"embeddable":true,"href":"https:\/\/instytutpolski.pl\/roma\/wp-json\/wp\/v2\/media\/1636"}],"wp:attachment":[{"href":"https:\/\/instytutpolski.pl\/roma\/wp-json\/wp\/v2\/media?parent=1633"}],"curies":[{"name":"wp","href":"https:\/\/api.w.org\/{rel}","templated":true}]}}