{"id":5333,"date":"2023-10-31T15:56:44","date_gmt":"2023-10-31T14:56:44","guid":{"rendered":"https:\/\/instytutpolski.pl\/roma\/?page_id=5333"},"modified":"2023-10-31T16:02:03","modified_gmt":"2023-10-31T15:02:03","slug":"segni-particolari-nessuno%ef%bf%bc","status":"publish","type":"page","link":"https:\/\/instytutpolski.pl\/roma\/segni-particolari-nessuno%ef%bf%bc\/","title":{"rendered":"SEGNI PARTICOLARI: NESSUNO\ufffc"},"content":{"rendered":"\n<h2 class=\"has-vivid-red-color has-text-color wp-block-heading\"><strong>RYSOPIS<\/strong><\/h2>\n\n\n\n<p><strong>Jerzy Skolimowski<\/strong><\/p>\n\n\n<p style=\"font-weight: 400\">Alcune ore nella vita del ventiquattrenne Andrzej Leszczyc: dal momento in cui viene arruolato per svolgere due anni di servizio di leva, fino alla partenza del treno con cui deve raggiungere la sua unit\u00e0. Questo tempo passa per Andrzej attraverso attivit\u00e0 apparentemente oziose, che per\u00f2 fanno luce sulla sua personalit\u00e0, sul suo carattere e, soprattutto, sul suo approccio alla vita e alla realt\u00e0 che lo circonda.<\/p>\n<p style=\"font-weight: 400\">A rendere insolito <em>Segni particolari: nessuno<\/em> \u00e8 gi\u00e0 il modo in cui fu girato: il film \u00e8 composto di cortometraggi realizzati da Skolimowski alla Scuola di Cinema di \u0141\u00f3d\u017a. Nel 1964 fu premiato per la migliore regia e la migliore fotografia al Festival dei Film delle Scuole di Cinema di Varsavia. Nel 1965 fu premiato per la regia al Festival di Arnhem e ricevette la Sirena di Varsavia, il premio della critica cinematografica polacca. In essovenne visto un ritratto della prima generazione di polacchi che stavano entrando nell&#8217;et\u00e0 adulta dopo la Seconda Guerra Mondiale. Skolimowski li personific\u00f2 nel protagonista del film, Andrzej Leszczyc, interpretato da lui stesso. Leszczyc conduce una vita disordinata, lontana dai percorsi tracciati dalla societ\u00e0. Anche nel breve periodo che lo separa dall&#8217;arruolamento nell&#8217;esercito, rimane un uomo libero. D&#8217;altra parte, cerca al buio un modo per dare alla sua vita un significato pi\u00f9 profondo. Il primo passo in questa direzione potrebbe essere la sua dichiarazione con cui sbalordisce la commissione militare.<\/p>\n<p style=\"font-weight: 400\">Non sorprende che Skolimowski \u2013 co-sceneggiatore dei film della Nouvelle Vague polacca, <em>Ingenui perversi<\/em> di Andrzej Wajda e <em>Il coltello nell&#8217;acqua<\/em> di Roman Polanski \u2013 abbia fatto del suo esordio alla regia un film della Nouvelle Vague. <em>Segni particolari: nessuno<\/em> \u00e8 composto da sole 29 inquadrature, la maggior parte delle quali lunghe, spesso soggettive e dall&#8217;inquadratura sorprendente. Il film \u00e8 stato realizzato in luoghi e interni naturali. Grazie a ci\u00f2 &#8211; oltre a Skolimowski, all&#8217;attrice El\u017cbieta Czy\u017cewska e agli amici del regista &#8211; anche le realt\u00e0 polacche della met\u00e0 degli anni Sessanta &#8222;recitano&#8221; bene nel film.<\/p>\n<p style=\"font-weight: 400\">\u00a0<\/p>\n<p style=\"font-weight: 400\">Sceneggiatura, regia e scenografia: <strong>Jerzy Skolimowski<\/strong><\/p>\n<p style=\"font-weight: 400\">Fotografia: Witold Mickiewicz<\/p>\n<p style=\"font-weight: 400\">Musica: Krzysztof Sadowski<\/p>\n<p style=\"font-weight: 400\">Suono: Jan Czerwi\u0144ski<\/p>\n<p style=\"font-weight: 400\">Montaggio: Halina Gronek<\/p>\n<p style=\"font-weight: 400\">Direttore di produzione: Zbigniew Brejtkopf<\/p>\n<p style=\"font-weight: 400\">Produzione: Scuola Nazionale di Cinema e Teatro di \u0141\u00f3d\u017a, 1964<\/p>\n<p style=\"font-weight: 400\">Interpreti: Jerzy Skolimowski (Andrzej Leszczyc), El\u017cbieta Czy\u017cewska (tre ruoli: Teresa, Barbara e moglie di Leszczyc), Tadeusz Minc, Jacek Szcz\u0119k, Andrzej \u017barnecki.<\/p>\n\n\n<figure class=\"wp-block-embed is-type-video is-provider-youtube wp-block-embed-youtube wp-embed-aspect-16-9 wp-has-aspect-ratio\"><div class=\"wp-block-embed__wrapper\">\nhttps:\/\/youtu.be\/VX4S9tYXR8U?si=BFHLSr7DT9DKcjVi\n<\/div><\/figure>\n","protected":false},"excerpt":{"rendered":"<p>RYSOPIS Jerzy Skolimowski Alcune ore nella vita del ventiquattrenne Andrzej Leszczyc: dal momento in cui viene arruolato per svolgere due anni di servizio di leva, fino alla partenza del treno con cui deve raggiungere la sua unit\u00e0. Questo tempo passa per Andrzej attraverso attivit\u00e0 apparentemente oziose, che per\u00f2 fanno luce sulla sua personalit\u00e0, sul suo [&hellip;]<\/p>\n","protected":false},"author":33,"featured_media":5337,"parent":0,"menu_order":0,"comment_status":"closed","ping_status":"closed","template":"","meta":{"inline_featured_image":false,"_monsterinsights_skip_tracking":false,"_monsterinsights_sitenote_active":false,"_monsterinsights_sitenote_note":"","_monsterinsights_sitenote_category":0,"footnotes":""},"class_list":["post-5333","page","type-page","status-publish","has-post-thumbnail","hentry"],"yoast_head":"<!-- This site is optimized with the Yoast SEO plugin v24.6 - https:\/\/yoast.com\/wordpress\/plugins\/seo\/ -->\n<title>SEGNI PARTICOLARI: NESSUNO\ufffc - Instytut Polski w Rzymie<\/title>\n<meta name=\"robots\" content=\"index, follow, max-snippet:-1, max-image-preview:large, max-video-preview:-1\" \/>\n<link rel=\"canonical\" href=\"https:\/\/instytutpolski.pl\/roma\/segni-particolari-nessuno\ufffc\/\" \/>\n<meta property=\"og:locale\" content=\"pl_PL\" \/>\n<meta property=\"og:type\" content=\"article\" \/>\n<meta property=\"og:title\" content=\"SEGNI PARTICOLARI: NESSUNO\ufffc - Instytut Polski w Rzymie\" \/>\n<meta property=\"og:description\" content=\"RYSOPIS Jerzy Skolimowski Alcune ore nella vita del ventiquattrenne Andrzej Leszczyc: dal momento in cui viene arruolato per svolgere due anni di servizio di leva, fino alla partenza del treno con cui deve raggiungere la sua unit\u00e0. Questo tempo passa per Andrzej attraverso attivit\u00e0 apparentemente oziose, che per\u00f2 fanno luce sulla sua personalit\u00e0, sul suo [&hellip;]\" \/>\n<meta property=\"og:url\" content=\"https:\/\/instytutpolski.pl\/roma\/segni-particolari-nessuno\ufffc\/\" \/>\n<meta property=\"og:site_name\" content=\"Instytut Polski w Rzymie\" \/>\n<meta property=\"article:modified_time\" content=\"2023-10-31T15:02:03+00:00\" \/>\n<meta property=\"og:image\" content=\"https:\/\/instytutpolski.pl\/roma\/wp-content\/uploads\/sites\/25\/2023\/10\/Rysopis_S.jpg\" \/>\n\t<meta property=\"og:image:width\" content=\"1920\" \/>\n\t<meta property=\"og:image:height\" content=\"1080\" \/>\n\t<meta property=\"og:image:type\" content=\"image\/jpeg\" \/>\n<meta name=\"twitter:card\" content=\"summary_large_image\" \/>\n<meta name=\"twitter:label1\" content=\"Szacowany czas czytania\" \/>\n\t<meta name=\"twitter:data1\" content=\"3 minuty\" \/>\n<script type=\"application\/ld+json\" class=\"yoast-schema-graph\">{\"@context\":\"https:\/\/schema.org\",\"@graph\":[{\"@type\":\"WebPage\",\"@id\":\"https:\/\/instytutpolski.pl\/roma\/segni-particolari-nessuno%ef%bf%bc\/\",\"url\":\"https:\/\/instytutpolski.pl\/roma\/segni-particolari-nessuno%ef%bf%bc\/\",\"name\":\"SEGNI PARTICOLARI: NESSUNO\ufffc - Instytut Polski w Rzymie\",\"isPartOf\":{\"@id\":\"https:\/\/instytutpolski.pl\/roma\/#website\"},\"primaryImageOfPage\":{\"@id\":\"https:\/\/instytutpolski.pl\/roma\/segni-particolari-nessuno%ef%bf%bc\/#primaryimage\"},\"image\":{\"@id\":\"https:\/\/instytutpolski.pl\/roma\/segni-particolari-nessuno%ef%bf%bc\/#primaryimage\"},\"thumbnailUrl\":\"https:\/\/instytutpolski.pl\/roma\/wp-content\/uploads\/sites\/25\/2023\/10\/Rysopis_S.jpg\",\"datePublished\":\"2023-10-31T14:56:44+00:00\",\"dateModified\":\"2023-10-31T15:02:03+00:00\",\"breadcrumb\":{\"@id\":\"https:\/\/instytutpolski.pl\/roma\/segni-particolari-nessuno%ef%bf%bc\/#breadcrumb\"},\"inLanguage\":\"pl-PL\",\"potentialAction\":[{\"@type\":\"ReadAction\",\"target\":[\"https:\/\/instytutpolski.pl\/roma\/segni-particolari-nessuno%ef%bf%bc\/\"]}]},{\"@type\":\"ImageObject\",\"inLanguage\":\"pl-PL\",\"@id\":\"https:\/\/instytutpolski.pl\/roma\/segni-particolari-nessuno%ef%bf%bc\/#primaryimage\",\"url\":\"https:\/\/instytutpolski.pl\/roma\/wp-content\/uploads\/sites\/25\/2023\/10\/Rysopis_S.jpg\",\"contentUrl\":\"https:\/\/instytutpolski.pl\/roma\/wp-content\/uploads\/sites\/25\/2023\/10\/Rysopis_S.jpg\",\"width\":1920,\"height\":1080},{\"@type\":\"BreadcrumbList\",\"@id\":\"https:\/\/instytutpolski.pl\/roma\/segni-particolari-nessuno%ef%bf%bc\/#breadcrumb\",\"itemListElement\":[{\"@type\":\"ListItem\",\"position\":1,\"name\":\"Home\",\"item\":\"https:\/\/instytutpolski.pl\/roma\/\"},{\"@type\":\"ListItem\",\"position\":2,\"name\":\"SEGNI PARTICOLARI: NESSUNO\ufffc\"}]},{\"@type\":\"WebSite\",\"@id\":\"https:\/\/instytutpolski.pl\/roma\/#website\",\"url\":\"https:\/\/instytutpolski.pl\/roma\/\",\"name\":\"Instytut Polski w Rzymie\",\"description\":\"Instytuty Polskie\",\"potentialAction\":[{\"@type\":\"SearchAction\",\"target\":{\"@type\":\"EntryPoint\",\"urlTemplate\":\"https:\/\/instytutpolski.pl\/roma\/?s={search_term_string}\"},\"query-input\":{\"@type\":\"PropertyValueSpecification\",\"valueRequired\":true,\"valueName\":\"search_term_string\"}}],\"inLanguage\":\"pl-PL\"}]}<\/script>\n<!-- \/ Yoast SEO plugin. -->","yoast_head_json":{"title":"SEGNI PARTICOLARI: NESSUNO\ufffc - Instytut Polski w Rzymie","robots":{"index":"index","follow":"follow","max-snippet":"max-snippet:-1","max-image-preview":"max-image-preview:large","max-video-preview":"max-video-preview:-1"},"canonical":"https:\/\/instytutpolski.pl\/roma\/segni-particolari-nessuno\ufffc\/","og_locale":"pl_PL","og_type":"article","og_title":"SEGNI PARTICOLARI: NESSUNO\ufffc - Instytut Polski w Rzymie","og_description":"RYSOPIS Jerzy Skolimowski Alcune ore nella vita del ventiquattrenne Andrzej Leszczyc: dal momento in cui viene arruolato per svolgere due anni di servizio di leva, fino alla partenza del treno con cui deve raggiungere la sua unit\u00e0. Questo tempo passa per Andrzej attraverso attivit\u00e0 apparentemente oziose, che per\u00f2 fanno luce sulla sua personalit\u00e0, sul suo [&hellip;]","og_url":"https:\/\/instytutpolski.pl\/roma\/segni-particolari-nessuno\ufffc\/","og_site_name":"Instytut Polski w Rzymie","article_modified_time":"2023-10-31T15:02:03+00:00","og_image":[{"width":1920,"height":1080,"url":"https:\/\/instytutpolski.pl\/roma\/wp-content\/uploads\/sites\/25\/2023\/10\/Rysopis_S.jpg","type":"image\/jpeg"}],"twitter_card":"summary_large_image","twitter_misc":{"Szacowany czas czytania":"3 minuty"},"schema":{"@context":"https:\/\/schema.org","@graph":[{"@type":"WebPage","@id":"https:\/\/instytutpolski.pl\/roma\/segni-particolari-nessuno%ef%bf%bc\/","url":"https:\/\/instytutpolski.pl\/roma\/segni-particolari-nessuno%ef%bf%bc\/","name":"SEGNI PARTICOLARI: NESSUNO\ufffc - Instytut Polski w Rzymie","isPartOf":{"@id":"https:\/\/instytutpolski.pl\/roma\/#website"},"primaryImageOfPage":{"@id":"https:\/\/instytutpolski.pl\/roma\/segni-particolari-nessuno%ef%bf%bc\/#primaryimage"},"image":{"@id":"https:\/\/instytutpolski.pl\/roma\/segni-particolari-nessuno%ef%bf%bc\/#primaryimage"},"thumbnailUrl":"https:\/\/instytutpolski.pl\/roma\/wp-content\/uploads\/sites\/25\/2023\/10\/Rysopis_S.jpg","datePublished":"2023-10-31T14:56:44+00:00","dateModified":"2023-10-31T15:02:03+00:00","breadcrumb":{"@id":"https:\/\/instytutpolski.pl\/roma\/segni-particolari-nessuno%ef%bf%bc\/#breadcrumb"},"inLanguage":"pl-PL","potentialAction":[{"@type":"ReadAction","target":["https:\/\/instytutpolski.pl\/roma\/segni-particolari-nessuno%ef%bf%bc\/"]}]},{"@type":"ImageObject","inLanguage":"pl-PL","@id":"https:\/\/instytutpolski.pl\/roma\/segni-particolari-nessuno%ef%bf%bc\/#primaryimage","url":"https:\/\/instytutpolski.pl\/roma\/wp-content\/uploads\/sites\/25\/2023\/10\/Rysopis_S.jpg","contentUrl":"https:\/\/instytutpolski.pl\/roma\/wp-content\/uploads\/sites\/25\/2023\/10\/Rysopis_S.jpg","width":1920,"height":1080},{"@type":"BreadcrumbList","@id":"https:\/\/instytutpolski.pl\/roma\/segni-particolari-nessuno%ef%bf%bc\/#breadcrumb","itemListElement":[{"@type":"ListItem","position":1,"name":"Home","item":"https:\/\/instytutpolski.pl\/roma\/"},{"@type":"ListItem","position":2,"name":"SEGNI PARTICOLARI: NESSUNO\ufffc"}]},{"@type":"WebSite","@id":"https:\/\/instytutpolski.pl\/roma\/#website","url":"https:\/\/instytutpolski.pl\/roma\/","name":"Instytut Polski w Rzymie","description":"Instytuty Polskie","potentialAction":[{"@type":"SearchAction","target":{"@type":"EntryPoint","urlTemplate":"https:\/\/instytutpolski.pl\/roma\/?s={search_term_string}"},"query-input":{"@type":"PropertyValueSpecification","valueRequired":true,"valueName":"search_term_string"}}],"inLanguage":"pl-PL"}]}},"_links":{"self":[{"href":"https:\/\/instytutpolski.pl\/roma\/wp-json\/wp\/v2\/pages\/5333","targetHints":{"allow":["GET"]}}],"collection":[{"href":"https:\/\/instytutpolski.pl\/roma\/wp-json\/wp\/v2\/pages"}],"about":[{"href":"https:\/\/instytutpolski.pl\/roma\/wp-json\/wp\/v2\/types\/page"}],"author":[{"embeddable":true,"href":"https:\/\/instytutpolski.pl\/roma\/wp-json\/wp\/v2\/users\/33"}],"replies":[{"embeddable":true,"href":"https:\/\/instytutpolski.pl\/roma\/wp-json\/wp\/v2\/comments?post=5333"}],"version-history":[{"count":8,"href":"https:\/\/instytutpolski.pl\/roma\/wp-json\/wp\/v2\/pages\/5333\/revisions"}],"predecessor-version":[{"id":5347,"href":"https:\/\/instytutpolski.pl\/roma\/wp-json\/wp\/v2\/pages\/5333\/revisions\/5347"}],"wp:featuredmedia":[{"embeddable":true,"href":"https:\/\/instytutpolski.pl\/roma\/wp-json\/wp\/v2\/media\/5337"}],"wp:attachment":[{"href":"https:\/\/instytutpolski.pl\/roma\/wp-json\/wp\/v2\/media?parent=5333"}],"curies":[{"name":"wp","href":"https:\/\/api.w.org\/{rel}","templated":true}]}}