{"id":676,"date":"2020-06-01T18:28:00","date_gmt":"2020-06-01T16:28:00","guid":{"rendered":"https:\/\/instytutpolski.pl\/roma\/?page_id=676"},"modified":"2020-06-08T23:13:12","modified_gmt":"2020-06-08T21:13:12","slug":"accessibilita","status":"publish","type":"page","link":"https:\/\/instytutpolski.pl\/roma\/accessibilita\/","title":{"rendered":"Dichiarazione di accessibilit\u00e0"},"content":{"rendered":"\n<h3><b>Dichiarazione di accessibilit\u00e0 del sito web del Ministero degli Affari Esteri della Repubblica di Polonia: instytutpolski.pl\/roma<\/b><\/h3>\n<p id=\"a11y-wstep\"><span id=\"\u201ea11y-podmiot\u201d\">Il Ministero degli Affari Esteri della Repubblica di Polonia<\/span> si impegna a garantire l\u2019accessibilit\u00e0 al proprio sito web in accordo con quanto disposto dalla legge del 4 aprile 2019 sull\u2019accessibilit\u00e0 dei siti web e delle applicazioni mobili degli enti pubblici. La dichiarazione di accessibilit\u00e0 si applica al <a id=\"\u201da11y-url\u201d\" href=\"https:\/\/instytutpolski.pl\/roma\"> sito internet del Ministero degli Affari Esteri della Repubblica di Polonia <\/a>.<\/p>\n<p id=\"\u201da11y-data-publikacja\u201d\">Data di pubblicazione del sito: 01.06.2020<\/p>\n<p id=\"\u201da11y-data-aktualizacja\u201d\">Data del suo ultimo aggiornamento: 01.06.2020<\/p>\n<p>Il sito web \u00e8 parzialmente conforme ai requisiti previsti dalle norme sull\u2019accessibilit\u00e0 dei siti web e delle applicazioni mobili di enti pubblici in ragione delle non conformit\u00e0 o deroghe elencate qui di seguito.<\/p>\n<p><br \/>Il sito web pu\u00f2 contenere filmati non forniti di sottotitoli per non udenti. Nel caso in cui si abbia necessit\u00e0 di comunicare utilizzando: la lingua polacca dei segni (PJM), il sistema polacco dei segni (SJM) o il metodo di comunicazione tra persone sordocieche SKOGN, si prega di inviare una mail a: <a href=\"mailto:bazi.tlumaczenia@msz.gov.pl\">bazi.tlumaczenia@msz.gov.pl<\/a>.<\/p>\n<p>Dichiarazione redatta in data: <span id=\"\u201da11y-data-sporzadzenie\u201d\">2020-05-29.<\/span><\/p>\n<p id=\"\u201da11y-audytor\u201d\">La presente dichiarazione \u00e8 stata redatta sulla base di un\u2019autovalutazione realizzata da un ente pubblico.<\/p>\n<p>All\u2019interno di questo sito \u00e8 possibile utilizzare le scorciatoie da tastiera standard.<\/p>\n<h3 id=\"\u201da11y-kontakt\u201d\"><b>Feedback e recapiti<\/b><\/h3>\n<p>In caso di problemi di accessibilit\u00e0 al sito web, si prega di inviare una mail a: <a href=\"http:\/\/redakcja@msz.gov.pl\">redakcja@msz.gov.pl<\/a>. \u00c8 possibile contattare la redazione anche telefonicamente, chiamando il numero: <span id=\"\u201da11y-telefon\u201d\">48 22 523 93 56<\/span>. Attraverso gli stessi recapiti \u00e8 possibile anche inoltrare una richiesta per ottenere l\u2019accesso a contenuti o esporre reclami relativi alla mancata accessibilit\u00e0.<\/p>\n<p id=\"\u201da11y-procedura\u201d\">Chiunque ha diritto di avanzare una richiesta di accessibilit\u00e0 informatica al sito web, all\u2019applicazione mobile o a un elemento in essi contenuto. \u00c8 anche possibile richiedere che le informazioni vengano condivise utilizzando un metodo di accesso alternativo, per esempio attraverso la lettura di un documento digitale non accessibile, la descrizione dei contenuti di un film privo di audiodescrizione, ecc. La richiesta deve contenere i dati personali del richiedente, l\u2019indicazione del sito web o dell\u2019applicazione mobile di interesse e il metodo da utilizzare per il contatto. Se il richiedente dichiara la necessit\u00e0 di ricevere le informazioni richieste con l\u2019ausilio di un metodo di accesso alternativo, dovr\u00e0 anche specificare il modo per lui pi\u00f9 idoneo per ricevere tali informazioni. L\u2019ente pubblico dovr\u00e0 espletare la richiesta del richiedente in tempi rapidi, entro 7 giorni dal giorno della presentazione della richiesta. Nel caso in cui non sia possibile rispettare il termine dei 7 giorni, l\u2019ente pubblico ne dar\u00e0 con tempismo comunicazione al richiedente, indicando entro quale data sar\u00e0 possibile espletare la richiesta, per la qual cosa il termine non potr\u00e0 superare i 2 mesi dal giorno della presentazione della richiesta. Se non sar\u00e0 possibile assicurare l\u2019accessibilit\u00e0 informatica nelle modalit\u00e0 previste, l\u2019ente pubblico potr\u00e0 proporre un metodo alternativo di accesso all\u2019informazione. Nel caso in cui l\u2019ente pubblico si rifiuti di soddisfare la richiesta di accessibilit\u00e0 o di un metodo alternativo di accesso all\u2019informazione, il richiedente potr\u00e0 presentare un reclamo in merito.<\/p>\n<p>Una volta esperita la suddetta procedura, sar\u00e0 anche possibile richiedere l\u2019intervento del <a href=\"https:\/\/www.rpo.gov.pl\/content\/jak-zglosic-sie-do-rzecznika-praw-obywatelskich\">Mediatore\/Rzecznik Praw Obywatelskich<\/a>.<\/p>\n<h3 id=\"\u201da11y-architektura\u201d\"><b>Accessibilit\u00e0 architettonica<\/b><\/h3>\n<p>L\u2019Istituto Polacco di Roma informa che, a causa della vecchia concezione della struttura del Palazzo Blumenstihl, l\u2019accesso alle persone con ridotta o impedita capacit\u00e0 motoria o sensoriale sar\u00e0 difficile o impossibile. Le rampe delle scale risalenti a prima del 1900, nonch\u00e9 l\u2019impianto dell\u2019ascensore (uno dei primi montati nella citt\u00e0 di Roma) non sono adeguati alle necessit\u00e0 dei nostri ospiti con esigenze particolari. Rimaniamo comunque a disposizione di tutti coloro che vorranno sfidare le barriere architettoniche e culturali per aprir loro le nostre porte.<\/p>\n","protected":false},"excerpt":{"rendered":"<p>Dichiarazione di accessibilit\u00e0 del sito web del Ministero degli Affari Esteri della Repubblica di Polonia: instytutpolski.pl\/roma Il Ministero degli Affari Esteri della Repubblica di Polonia si impegna a garantire l\u2019accessibilit\u00e0 al proprio sito web in accordo con quanto disposto dalla legge del 4 aprile 2019 sull\u2019accessibilit\u00e0 dei siti web e delle applicazioni mobili degli enti [&hellip;]<\/p>\n","protected":false},"author":33,"featured_media":813,"parent":0,"menu_order":0,"comment_status":"closed","ping_status":"closed","template":"","meta":{"inline_featured_image":false,"_monsterinsights_skip_tracking":false,"_monsterinsights_sitenote_active":false,"_monsterinsights_sitenote_note":"","_monsterinsights_sitenote_category":0,"footnotes":""},"class_list":["post-676","page","type-page","status-publish","has-post-thumbnail","hentry"],"yoast_head":"<!-- This site is optimized with the Yoast SEO plugin v24.6 - https:\/\/yoast.com\/wordpress\/plugins\/seo\/ -->\n<title>Dichiarazione di accessibilit\u00e0 - Instytut Polski w Rzymie<\/title>\n<meta name=\"robots\" content=\"index, follow, max-snippet:-1, max-image-preview:large, max-video-preview:-1\" \/>\n<link rel=\"canonical\" href=\"https:\/\/instytutpolski.pl\/roma\/accessibilita\/\" \/>\n<meta property=\"og:locale\" content=\"pl_PL\" \/>\n<meta property=\"og:type\" content=\"article\" \/>\n<meta property=\"og:title\" content=\"Dichiarazione di accessibilit\u00e0 - Instytut Polski w Rzymie\" \/>\n<meta property=\"og:description\" content=\"Dichiarazione di accessibilit\u00e0 del sito web del Ministero degli Affari Esteri della Repubblica di Polonia: instytutpolski.pl\/roma Il Ministero degli Affari Esteri della Repubblica di Polonia si impegna a garantire l\u2019accessibilit\u00e0 al proprio sito web in accordo con quanto disposto dalla legge del 4 aprile 2019 sull\u2019accessibilit\u00e0 dei siti web e delle applicazioni mobili degli enti [&hellip;]\" \/>\n<meta property=\"og:url\" content=\"https:\/\/instytutpolski.pl\/roma\/accessibilita\/\" \/>\n<meta property=\"og:site_name\" content=\"Instytut Polski w Rzymie\" \/>\n<meta property=\"article:modified_time\" content=\"2020-06-08T21:13:12+00:00\" \/>\n<meta property=\"og:image\" content=\"https:\/\/instytutpolski.pl\/roma\/wp-content\/uploads\/sites\/25\/2020\/06\/salon.jpg\" \/>\n\t<meta property=\"og:image:width\" content=\"1063\" \/>\n\t<meta property=\"og:image:height\" content=\"531\" \/>\n\t<meta property=\"og:image:type\" content=\"image\/jpeg\" \/>\n<meta name=\"twitter:card\" content=\"summary_large_image\" \/>\n<meta name=\"twitter:label1\" content=\"Szacowany czas czytania\" \/>\n\t<meta name=\"twitter:data1\" content=\"3 minuty\" \/>\n<script type=\"application\/ld+json\" class=\"yoast-schema-graph\">{\"@context\":\"https:\/\/schema.org\",\"@graph\":[{\"@type\":\"WebPage\",\"@id\":\"https:\/\/instytutpolski.pl\/roma\/accessibilita\/\",\"url\":\"https:\/\/instytutpolski.pl\/roma\/accessibilita\/\",\"name\":\"Dichiarazione di accessibilit\u00e0 - Instytut Polski w Rzymie\",\"isPartOf\":{\"@id\":\"https:\/\/instytutpolski.pl\/roma\/#website\"},\"primaryImageOfPage\":{\"@id\":\"https:\/\/instytutpolski.pl\/roma\/accessibilita\/#primaryimage\"},\"image\":{\"@id\":\"https:\/\/instytutpolski.pl\/roma\/accessibilita\/#primaryimage\"},\"thumbnailUrl\":\"https:\/\/instytutpolski.pl\/roma\/wp-content\/uploads\/sites\/25\/2020\/06\/salon.jpg\",\"datePublished\":\"2020-06-01T16:28:00+00:00\",\"dateModified\":\"2020-06-08T21:13:12+00:00\",\"breadcrumb\":{\"@id\":\"https:\/\/instytutpolski.pl\/roma\/accessibilita\/#breadcrumb\"},\"inLanguage\":\"pl-PL\",\"potentialAction\":[{\"@type\":\"ReadAction\",\"target\":[\"https:\/\/instytutpolski.pl\/roma\/accessibilita\/\"]}]},{\"@type\":\"ImageObject\",\"inLanguage\":\"pl-PL\",\"@id\":\"https:\/\/instytutpolski.pl\/roma\/accessibilita\/#primaryimage\",\"url\":\"https:\/\/instytutpolski.pl\/roma\/wp-content\/uploads\/sites\/25\/2020\/06\/salon.jpg\",\"contentUrl\":\"https:\/\/instytutpolski.pl\/roma\/wp-content\/uploads\/sites\/25\/2020\/06\/salon.jpg\",\"width\":1063,\"height\":531},{\"@type\":\"BreadcrumbList\",\"@id\":\"https:\/\/instytutpolski.pl\/roma\/accessibilita\/#breadcrumb\",\"itemListElement\":[{\"@type\":\"ListItem\",\"position\":1,\"name\":\"Home\",\"item\":\"https:\/\/instytutpolski.pl\/roma\/\"},{\"@type\":\"ListItem\",\"position\":2,\"name\":\"Dichiarazione di accessibilit\u00e0\"}]},{\"@type\":\"WebSite\",\"@id\":\"https:\/\/instytutpolski.pl\/roma\/#website\",\"url\":\"https:\/\/instytutpolski.pl\/roma\/\",\"name\":\"Instytut Polski w Rzymie\",\"description\":\"Instytuty Polskie\",\"potentialAction\":[{\"@type\":\"SearchAction\",\"target\":{\"@type\":\"EntryPoint\",\"urlTemplate\":\"https:\/\/instytutpolski.pl\/roma\/?s={search_term_string}\"},\"query-input\":{\"@type\":\"PropertyValueSpecification\",\"valueRequired\":true,\"valueName\":\"search_term_string\"}}],\"inLanguage\":\"pl-PL\"}]}<\/script>\n<!-- \/ Yoast SEO plugin. -->","yoast_head_json":{"title":"Dichiarazione di accessibilit\u00e0 - Instytut Polski w Rzymie","robots":{"index":"index","follow":"follow","max-snippet":"max-snippet:-1","max-image-preview":"max-image-preview:large","max-video-preview":"max-video-preview:-1"},"canonical":"https:\/\/instytutpolski.pl\/roma\/accessibilita\/","og_locale":"pl_PL","og_type":"article","og_title":"Dichiarazione di accessibilit\u00e0 - Instytut Polski w Rzymie","og_description":"Dichiarazione di accessibilit\u00e0 del sito web del Ministero degli Affari Esteri della Repubblica di Polonia: instytutpolski.pl\/roma Il Ministero degli Affari Esteri della Repubblica di Polonia si impegna a garantire l\u2019accessibilit\u00e0 al proprio sito web in accordo con quanto disposto dalla legge del 4 aprile 2019 sull\u2019accessibilit\u00e0 dei siti web e delle applicazioni mobili degli enti [&hellip;]","og_url":"https:\/\/instytutpolski.pl\/roma\/accessibilita\/","og_site_name":"Instytut Polski w Rzymie","article_modified_time":"2020-06-08T21:13:12+00:00","og_image":[{"width":1063,"height":531,"url":"https:\/\/instytutpolski.pl\/roma\/wp-content\/uploads\/sites\/25\/2020\/06\/salon.jpg","type":"image\/jpeg"}],"twitter_card":"summary_large_image","twitter_misc":{"Szacowany czas czytania":"3 minuty"},"schema":{"@context":"https:\/\/schema.org","@graph":[{"@type":"WebPage","@id":"https:\/\/instytutpolski.pl\/roma\/accessibilita\/","url":"https:\/\/instytutpolski.pl\/roma\/accessibilita\/","name":"Dichiarazione di accessibilit\u00e0 - Instytut Polski w Rzymie","isPartOf":{"@id":"https:\/\/instytutpolski.pl\/roma\/#website"},"primaryImageOfPage":{"@id":"https:\/\/instytutpolski.pl\/roma\/accessibilita\/#primaryimage"},"image":{"@id":"https:\/\/instytutpolski.pl\/roma\/accessibilita\/#primaryimage"},"thumbnailUrl":"https:\/\/instytutpolski.pl\/roma\/wp-content\/uploads\/sites\/25\/2020\/06\/salon.jpg","datePublished":"2020-06-01T16:28:00+00:00","dateModified":"2020-06-08T21:13:12+00:00","breadcrumb":{"@id":"https:\/\/instytutpolski.pl\/roma\/accessibilita\/#breadcrumb"},"inLanguage":"pl-PL","potentialAction":[{"@type":"ReadAction","target":["https:\/\/instytutpolski.pl\/roma\/accessibilita\/"]}]},{"@type":"ImageObject","inLanguage":"pl-PL","@id":"https:\/\/instytutpolski.pl\/roma\/accessibilita\/#primaryimage","url":"https:\/\/instytutpolski.pl\/roma\/wp-content\/uploads\/sites\/25\/2020\/06\/salon.jpg","contentUrl":"https:\/\/instytutpolski.pl\/roma\/wp-content\/uploads\/sites\/25\/2020\/06\/salon.jpg","width":1063,"height":531},{"@type":"BreadcrumbList","@id":"https:\/\/instytutpolski.pl\/roma\/accessibilita\/#breadcrumb","itemListElement":[{"@type":"ListItem","position":1,"name":"Home","item":"https:\/\/instytutpolski.pl\/roma\/"},{"@type":"ListItem","position":2,"name":"Dichiarazione di accessibilit\u00e0"}]},{"@type":"WebSite","@id":"https:\/\/instytutpolski.pl\/roma\/#website","url":"https:\/\/instytutpolski.pl\/roma\/","name":"Instytut Polski w Rzymie","description":"Instytuty Polskie","potentialAction":[{"@type":"SearchAction","target":{"@type":"EntryPoint","urlTemplate":"https:\/\/instytutpolski.pl\/roma\/?s={search_term_string}"},"query-input":{"@type":"PropertyValueSpecification","valueRequired":true,"valueName":"search_term_string"}}],"inLanguage":"pl-PL"}]}},"_links":{"self":[{"href":"https:\/\/instytutpolski.pl\/roma\/wp-json\/wp\/v2\/pages\/676","targetHints":{"allow":["GET"]}}],"collection":[{"href":"https:\/\/instytutpolski.pl\/roma\/wp-json\/wp\/v2\/pages"}],"about":[{"href":"https:\/\/instytutpolski.pl\/roma\/wp-json\/wp\/v2\/types\/page"}],"author":[{"embeddable":true,"href":"https:\/\/instytutpolski.pl\/roma\/wp-json\/wp\/v2\/users\/33"}],"replies":[{"embeddable":true,"href":"https:\/\/instytutpolski.pl\/roma\/wp-json\/wp\/v2\/comments?post=676"}],"version-history":[{"count":7,"href":"https:\/\/instytutpolski.pl\/roma\/wp-json\/wp\/v2\/pages\/676\/revisions"}],"predecessor-version":[{"id":840,"href":"https:\/\/instytutpolski.pl\/roma\/wp-json\/wp\/v2\/pages\/676\/revisions\/840"}],"wp:featuredmedia":[{"embeddable":true,"href":"https:\/\/instytutpolski.pl\/roma\/wp-json\/wp\/v2\/media\/813"}],"wp:attachment":[{"href":"https:\/\/instytutpolski.pl\/roma\/wp-json\/wp\/v2\/media?parent=676"}],"curies":[{"name":"wp","href":"https:\/\/api.w.org\/{rel}","templated":true}]}}