{"id":7322,"date":"2025-08-07T13:04:44","date_gmt":"2025-08-07T11:04:44","guid":{"rendered":"https:\/\/instytutpolski.pl\/roma\/?page_id=7322"},"modified":"2025-08-07T13:11:36","modified_gmt":"2025-08-07T11:11:36","slug":"ciakpolska","status":"publish","type":"page","link":"https:\/\/instytutpolski.pl\/roma\/ciakpolska\/","title":{"rendered":"CiakPolska"},"content":{"rendered":"<div class=\"WaaZC\">\n<div class=\"RJPOee EIJn2\">\n<div class=\"rPeykc\" data-hveid=\"CAQQAQ\" data-ved=\"2ahUKEwiOxYK4w_iOAxUahv0HHQ1nH_4Qo_EKegQIBBAB\"><span data-huuid=\"3339686104747093217\">ll <strong>CiakPolska<\/strong> Film Festival \u00e8 un evento annuale che presenta il meglio del cinema polacco a Roma. <\/span><span data-huuid=\"3339686104747090442\">L&#8217;edizione di quest&#8217;anno, la 13a, comincer\u00e0 l&#8217;11 novembre e durer\u00e0 fino al 20 novembre . <\/span><span data-huuid=\"3339686104747091763\">Il festival si divider\u00e0 in due sezioni: il Nuovo Cinema Polacco, che si svolger\u00e0 alla <span class=\"M5tQyf\">Casa del Cinema,<\/span> e i <span class=\"M5tQyf\">Grandi Classici del Cinema Polacco,<\/span> che saranno proiettati al <span class=\"M5tQyf\">Palazzo Esposizioni Roma.<\/span><span class=\"pjBG2e\" data-cid=\"b3b98ada-e86e-467e-86d0-618fd3aaf3ff\"><span class=\"UV3uM\">\u00a0<\/span><\/span><\/span><\/p>\n<div class=\"NPrrbc\" data-cid=\"b3b98ada-e86e-467e-86d0-618fd3aaf3ff\" data-uuids=\"3339686104747093217,3339686104747090442,3339686104747091763\">\n<div class=\"BMebGe btku5b fCrZyc LwdV0e FR7ZSc qVhvac OJeuxf\" role=\"button\" aria-label=\"Visualizza link correlati\" data-hveid=\"CAUQBA\" data-ved=\"2ahUKEwiOxYK4w_iOAxUahv0HHQ1nH_4Q3fYKegQIBRAE\">\n<div class=\"niO4u\">\n<div class=\"kHtcsd\"><\/div>\n<\/div>\n<\/div>\n<\/div>\n<\/div>\n<\/div>\n<\/div>\n<div class=\"WaaZC\">\n<div class=\"RJPOee EIJn2\">\n<div class=\"rPeykc\" data-hveid=\"CAwQAQ\" data-ved=\"2ahUKEwiOxYK4w_iOAxUahv0HHQ1nH_4Qo_EKegQIDBAB\"><span data-huuid=\"14855943302867146270\">Il festival offre proiezioni di film, incontri con ospiti e anteprime, con l&#8217;obiettivo di promuovere il cinema polacco e farlo conoscere al pubblico italiano. <\/span><span data-huuid=\"14855943302867147699\">L&#8217;evento \u00e8 ad ingresso gratuito, offrendo a tutti la possibilit\u00e0 di scoprire o riscoprire opere cinematografiche di valore.<span class=\"pjBG2e\" data-cid=\"1f419da0-c430-4b02-b1b3-e10673f2a979\"><span class=\"UV3uM\">\u00a0<\/span><\/span><\/span><\/div>\n<\/div>\n<\/div>\n","protected":false},"excerpt":{"rendered":"<p>ll CiakPolska Film Festival \u00e8 un evento annuale che presenta il meglio del cinema polacco a Roma. L&#8217;edizione di quest&#8217;anno, la 13a, comincer\u00e0 l&#8217;11 novembre e durer\u00e0 fino al 20 novembre . Il festival si divider\u00e0 in due sezioni: il Nuovo Cinema Polacco, che si svolger\u00e0 alla Casa del Cinema, e i Grandi Classici del [&hellip;]<\/p>\n","protected":false},"author":33,"featured_media":7323,"parent":0,"menu_order":0,"comment_status":"closed","ping_status":"closed","template":"","meta":{"inline_featured_image":false,"_monsterinsights_skip_tracking":false,"_monsterinsights_sitenote_active":false,"_monsterinsights_sitenote_note":"","_monsterinsights_sitenote_category":0,"footnotes":""},"class_list":["post-7322","page","type-page","status-publish","has-post-thumbnail","hentry"],"yoast_head":"<!-- This site is optimized with the Yoast SEO plugin v24.6 - https:\/\/yoast.com\/wordpress\/plugins\/seo\/ -->\n<title>CiakPolska - Instytut Polski w Rzymie<\/title>\n<meta name=\"robots\" content=\"index, follow, max-snippet:-1, max-image-preview:large, max-video-preview:-1\" \/>\n<link rel=\"canonical\" href=\"https:\/\/instytutpolski.pl\/roma\/ciakpolska\/\" \/>\n<meta property=\"og:locale\" content=\"pl_PL\" \/>\n<meta property=\"og:type\" content=\"article\" \/>\n<meta property=\"og:title\" content=\"CiakPolska - Instytut Polski w Rzymie\" \/>\n<meta property=\"og:description\" content=\"ll CiakPolska Film Festival \u00e8 un evento annuale che presenta il meglio del cinema polacco a Roma. L&#8217;edizione di quest&#8217;anno, la 13a, comincer\u00e0 l&#8217;11 novembre e durer\u00e0 fino al 20 novembre . Il festival si divider\u00e0 in due sezioni: il Nuovo Cinema Polacco, che si svolger\u00e0 alla Casa del Cinema, e i Grandi Classici del [&hellip;]\" \/>\n<meta property=\"og:url\" content=\"https:\/\/instytutpolski.pl\/roma\/ciakpolska\/\" \/>\n<meta property=\"og:site_name\" content=\"Instytut Polski w Rzymie\" \/>\n<meta property=\"article:modified_time\" content=\"2025-08-07T11:11:36+00:00\" \/>\n<meta property=\"og:image\" content=\"https:\/\/instytutpolski.pl\/roma\/wp-content\/uploads\/sites\/25\/2025\/08\/Ciak_prov.jpg\" \/>\n\t<meta property=\"og:image:width\" content=\"1920\" \/>\n\t<meta property=\"og:image:height\" content=\"700\" \/>\n\t<meta property=\"og:image:type\" content=\"image\/jpeg\" \/>\n<meta name=\"twitter:card\" content=\"summary_large_image\" \/>\n<meta name=\"twitter:label1\" content=\"Szacowany czas czytania\" \/>\n\t<meta name=\"twitter:data1\" content=\"1 minuta\" \/>\n<script type=\"application\/ld+json\" class=\"yoast-schema-graph\">{\"@context\":\"https:\/\/schema.org\",\"@graph\":[{\"@type\":\"WebPage\",\"@id\":\"https:\/\/instytutpolski.pl\/roma\/ciakpolska\/\",\"url\":\"https:\/\/instytutpolski.pl\/roma\/ciakpolska\/\",\"name\":\"CiakPolska - Instytut Polski w Rzymie\",\"isPartOf\":{\"@id\":\"https:\/\/instytutpolski.pl\/roma\/#website\"},\"primaryImageOfPage\":{\"@id\":\"https:\/\/instytutpolski.pl\/roma\/ciakpolska\/#primaryimage\"},\"image\":{\"@id\":\"https:\/\/instytutpolski.pl\/roma\/ciakpolska\/#primaryimage\"},\"thumbnailUrl\":\"https:\/\/instytutpolski.pl\/roma\/wp-content\/uploads\/sites\/25\/2025\/08\/Ciak_prov.jpg\",\"datePublished\":\"2025-08-07T11:04:44+00:00\",\"dateModified\":\"2025-08-07T11:11:36+00:00\",\"breadcrumb\":{\"@id\":\"https:\/\/instytutpolski.pl\/roma\/ciakpolska\/#breadcrumb\"},\"inLanguage\":\"pl-PL\",\"potentialAction\":[{\"@type\":\"ReadAction\",\"target\":[\"https:\/\/instytutpolski.pl\/roma\/ciakpolska\/\"]}]},{\"@type\":\"ImageObject\",\"inLanguage\":\"pl-PL\",\"@id\":\"https:\/\/instytutpolski.pl\/roma\/ciakpolska\/#primaryimage\",\"url\":\"https:\/\/instytutpolski.pl\/roma\/wp-content\/uploads\/sites\/25\/2025\/08\/Ciak_prov.jpg\",\"contentUrl\":\"https:\/\/instytutpolski.pl\/roma\/wp-content\/uploads\/sites\/25\/2025\/08\/Ciak_prov.jpg\",\"width\":1920,\"height\":700},{\"@type\":\"BreadcrumbList\",\"@id\":\"https:\/\/instytutpolski.pl\/roma\/ciakpolska\/#breadcrumb\",\"itemListElement\":[{\"@type\":\"ListItem\",\"position\":1,\"name\":\"Home\",\"item\":\"https:\/\/instytutpolski.pl\/roma\/\"},{\"@type\":\"ListItem\",\"position\":2,\"name\":\"CiakPolska\"}]},{\"@type\":\"WebSite\",\"@id\":\"https:\/\/instytutpolski.pl\/roma\/#website\",\"url\":\"https:\/\/instytutpolski.pl\/roma\/\",\"name\":\"Instytut Polski w Rzymie\",\"description\":\"Instytuty Polskie\",\"potentialAction\":[{\"@type\":\"SearchAction\",\"target\":{\"@type\":\"EntryPoint\",\"urlTemplate\":\"https:\/\/instytutpolski.pl\/roma\/?s={search_term_string}\"},\"query-input\":{\"@type\":\"PropertyValueSpecification\",\"valueRequired\":true,\"valueName\":\"search_term_string\"}}],\"inLanguage\":\"pl-PL\"}]}<\/script>\n<!-- \/ Yoast SEO plugin. -->","yoast_head_json":{"title":"CiakPolska - Instytut Polski w Rzymie","robots":{"index":"index","follow":"follow","max-snippet":"max-snippet:-1","max-image-preview":"max-image-preview:large","max-video-preview":"max-video-preview:-1"},"canonical":"https:\/\/instytutpolski.pl\/roma\/ciakpolska\/","og_locale":"pl_PL","og_type":"article","og_title":"CiakPolska - Instytut Polski w Rzymie","og_description":"ll CiakPolska Film Festival \u00e8 un evento annuale che presenta il meglio del cinema polacco a Roma. L&#8217;edizione di quest&#8217;anno, la 13a, comincer\u00e0 l&#8217;11 novembre e durer\u00e0 fino al 20 novembre . Il festival si divider\u00e0 in due sezioni: il Nuovo Cinema Polacco, che si svolger\u00e0 alla Casa del Cinema, e i Grandi Classici del [&hellip;]","og_url":"https:\/\/instytutpolski.pl\/roma\/ciakpolska\/","og_site_name":"Instytut Polski w Rzymie","article_modified_time":"2025-08-07T11:11:36+00:00","og_image":[{"width":1920,"height":700,"url":"https:\/\/instytutpolski.pl\/roma\/wp-content\/uploads\/sites\/25\/2025\/08\/Ciak_prov.jpg","type":"image\/jpeg"}],"twitter_card":"summary_large_image","twitter_misc":{"Szacowany czas czytania":"1 minuta"},"schema":{"@context":"https:\/\/schema.org","@graph":[{"@type":"WebPage","@id":"https:\/\/instytutpolski.pl\/roma\/ciakpolska\/","url":"https:\/\/instytutpolski.pl\/roma\/ciakpolska\/","name":"CiakPolska - Instytut Polski w Rzymie","isPartOf":{"@id":"https:\/\/instytutpolski.pl\/roma\/#website"},"primaryImageOfPage":{"@id":"https:\/\/instytutpolski.pl\/roma\/ciakpolska\/#primaryimage"},"image":{"@id":"https:\/\/instytutpolski.pl\/roma\/ciakpolska\/#primaryimage"},"thumbnailUrl":"https:\/\/instytutpolski.pl\/roma\/wp-content\/uploads\/sites\/25\/2025\/08\/Ciak_prov.jpg","datePublished":"2025-08-07T11:04:44+00:00","dateModified":"2025-08-07T11:11:36+00:00","breadcrumb":{"@id":"https:\/\/instytutpolski.pl\/roma\/ciakpolska\/#breadcrumb"},"inLanguage":"pl-PL","potentialAction":[{"@type":"ReadAction","target":["https:\/\/instytutpolski.pl\/roma\/ciakpolska\/"]}]},{"@type":"ImageObject","inLanguage":"pl-PL","@id":"https:\/\/instytutpolski.pl\/roma\/ciakpolska\/#primaryimage","url":"https:\/\/instytutpolski.pl\/roma\/wp-content\/uploads\/sites\/25\/2025\/08\/Ciak_prov.jpg","contentUrl":"https:\/\/instytutpolski.pl\/roma\/wp-content\/uploads\/sites\/25\/2025\/08\/Ciak_prov.jpg","width":1920,"height":700},{"@type":"BreadcrumbList","@id":"https:\/\/instytutpolski.pl\/roma\/ciakpolska\/#breadcrumb","itemListElement":[{"@type":"ListItem","position":1,"name":"Home","item":"https:\/\/instytutpolski.pl\/roma\/"},{"@type":"ListItem","position":2,"name":"CiakPolska"}]},{"@type":"WebSite","@id":"https:\/\/instytutpolski.pl\/roma\/#website","url":"https:\/\/instytutpolski.pl\/roma\/","name":"Instytut Polski w Rzymie","description":"Instytuty Polskie","potentialAction":[{"@type":"SearchAction","target":{"@type":"EntryPoint","urlTemplate":"https:\/\/instytutpolski.pl\/roma\/?s={search_term_string}"},"query-input":{"@type":"PropertyValueSpecification","valueRequired":true,"valueName":"search_term_string"}}],"inLanguage":"pl-PL"}]}},"_links":{"self":[{"href":"https:\/\/instytutpolski.pl\/roma\/wp-json\/wp\/v2\/pages\/7322","targetHints":{"allow":["GET"]}}],"collection":[{"href":"https:\/\/instytutpolski.pl\/roma\/wp-json\/wp\/v2\/pages"}],"about":[{"href":"https:\/\/instytutpolski.pl\/roma\/wp-json\/wp\/v2\/types\/page"}],"author":[{"embeddable":true,"href":"https:\/\/instytutpolski.pl\/roma\/wp-json\/wp\/v2\/users\/33"}],"replies":[{"embeddable":true,"href":"https:\/\/instytutpolski.pl\/roma\/wp-json\/wp\/v2\/comments?post=7322"}],"version-history":[{"count":10,"href":"https:\/\/instytutpolski.pl\/roma\/wp-json\/wp\/v2\/pages\/7322\/revisions"}],"predecessor-version":[{"id":7337,"href":"https:\/\/instytutpolski.pl\/roma\/wp-json\/wp\/v2\/pages\/7322\/revisions\/7337"}],"wp:featuredmedia":[{"embeddable":true,"href":"https:\/\/instytutpolski.pl\/roma\/wp-json\/wp\/v2\/media\/7323"}],"wp:attachment":[{"href":"https:\/\/instytutpolski.pl\/roma\/wp-json\/wp\/v2\/media?parent=7322"}],"curies":[{"name":"wp","href":"https:\/\/api.w.org\/{rel}","templated":true}]}}