{"id":7601,"date":"2025-10-27T12:10:21","date_gmt":"2025-10-27T11:10:21","guid":{"rendered":"https:\/\/instytutpolski.pl\/roma\/?page_id=7601"},"modified":"2025-10-27T15:12:00","modified_gmt":"2025-10-27T14:12:00","slug":"info","status":"publish","type":"page","link":"https:\/\/instytutpolski.pl\/roma\/info\/","title":{"rendered":"INFO"},"content":{"rendered":"\n<h2 class=\"wp-block-heading\"><strong>Og\u0142oszenie Instytutu Polskiego w Rzymie o zb\u0119dnych i zu\u017cytych sk\u0142adnikach maj\u0105tku ruchomego przeznaczonych do: sprzeda\u017cy, nieodp\u0142atnego przekazania na rzecz innych jednostek administracji publicznej (1\/2025)<\/strong><\/h2>\n\n\n<p style=\"font-weight: 400\">27.10.2025<\/p>\n<p style=\"font-weight: 400\">Instytut Polski w Rzymie dzia\u0142aj\u0105c zgodnie z Rozporz\u0105dzeniem Rady Ministr\u00f3w z dnia 21 pa\u017adziernika 2019 r. w sprawie szczeg\u00f3\u0142owego sposobu gospodarowania sk\u0142adnikami rzeczowymi maj\u0105tku ruchomego Skarbu Pa\u0144stwa (Dz. U. z 2023 r., poz. 2303) informuje, \u017ce posiada zb\u0119dne i zu\u017cyte sk\u0142adniki maj\u0105tku ruchomego przeznaczone do sprzeda\u017cy, nieodp\u0142atnego przekazania na rzecz innych jednostek lub darowizny.<\/p>\n<p>Wykaz sk\u0142adnik\u00f3w maj\u0105tkowych uznanych za zb\u0119dne lub zu\u017cyte stanowi za\u0142\u0105cznik nr 1 do og\u0142oszenia.<\/p>\n<p><u>Jednostki organizacyjne lub osoby fizyczne zainteresowane nabyciem poszczeg\u00f3lnych sk\u0142adnik\u00f3w maj\u0105tku wymienionych w za\u0142\u0105czniku nr 1, mog\u0105 sk\u0142ada\u0107 pisemne oferty zawieraj\u0105ce:<\/u><\/p>\n<ul style=\"font-weight: 400\">\n<li>Imi\u0119, nazwisko i adres lub nazw\u0119 (firm\u0119) i siedzib\u0119 oferenta, numer telefonu kom\u00f3rkowego oraz adres e-mail (wed\u0142ug za\u0142\u0105czonego wzoru \u2013 za\u0142\u0105cznik nr 2);<\/li>\n<li>Oferowan\u0105 cen\u0119, nie ni\u017csz\u0105 ni\u017c cena wywo\u0142awcza i warunki jej zap\u0142aty;<\/li>\n<li>O\u015bwiadczenie oferenta, \u017ce zapozna\u0142 si\u0119 ze stanem przedmiotu przetargu lub, \u017ce ponosi odpowiedzialno\u015b\u0107 za skutki wynikaj\u0105ce z rezygnacji z ogl\u0119dzin;<\/li>\n<li>O\u015bwiadczenie dot. przetwarzania danych osobowych (RODO) na wzorze okre\u015blonym w za\u0142\u0105czniku nr 4 do\u0142\u0105czonym do niniejszego og\u0142oszenia.<\/li>\n<\/ul>\n<p style=\"font-weight: 400\"><u>Sk\u0142adanie ofert:<\/u><\/p>\n<ul style=\"font-weight: 400\">\n<li>Oferty nale\u017cy sk\u0142ada\u0107 do dnia\u00a0<strong>10.11.2025 r.\u00a0<\/strong>drog\u0105 mailow\u0105 na adres: segreteria.roma@msz.gov.pl<\/li>\n<li>E-mail powinien mie\u0107 w tytule zapis:\u00a0<strong>\u201eOferta &#8211; zakup sk\u0142adnik\u00f3w \u2013 dot. og\u0142oszenia 1\/2025\u201d<\/strong>,<\/li>\n<li>Oferta winna by\u0107 przes\u0142ana w formie zeskanowanego dokumentu;<\/li>\n<li>Nie ma konieczno\u015bci listownego przesy\u0142ania wniosku w formie pisemnej.<\/li>\n<\/ul>\n<p style=\"font-weight: 400\"><u>Nieodp\u0142atne przekazanie<\/u>\u00a0mo\u017ce nast\u0105pi\u0107 jedynie na wniosek podmiot\u00f3w wymienionych w \u00a7 38 ust. 1 oraz \u00a7 39 w\/w rozporz\u0105dzenia. Wz\u00f3r wniosku o nieodp\u0142atne przekazanie zamieszczony zosta\u0142 w za\u0142\u0105czniku nr 3 do og\u0142oszenia.<br \/>Sk\u0142adanie wniosk\u00f3w na nieodp\u0142atne przekazanie:<\/p>\n<ul style=\"font-weight: 400\">\n<li>Wnioski na nieodp\u0142atne przekazanie nale\u017cy sk\u0142ada\u0107 do dnia\u00a0<strong>10.11.2025 r.<\/strong>\u00a0drog\u0105 mailow\u0105<\/li>\n<li>na adres: segreteria.roma@msz.gov.pl<\/li>\n<li>E-mail powinien mie\u0107 w tytule zapis:\u00a0<strong>\u201eWniosek o nieodp\u0142atne przekazanie sk\u0142adnik\u00f3w maj\u0105tku \u2013 dot. og\u0142oszenia 1\/2025\u201d;<\/strong><\/li>\n<li>Wniosek winien by\u0107 przes\u0142any w formie zeskanowanego dokumentu;<\/li>\n<li>Nie ma konieczno\u015bci listownego przesy\u0142ania wniosku w formie pisemnej.<\/li>\n<\/ul>\n<p style=\"font-weight: 400\"><u>Dokumenty (wnioski), sk\u0142adane w formie pisemnej, zgodnie z \u00a7 38 ust. 4 ww. rozporz\u0105dzenia musz\u0105 zawiera\u0107:<\/u><\/p>\n<ul style=\"font-weight: 400\">\n<li>nazw\u0119, siedzib\u0119 i adres zainteresowanego organu lub jednostki, o kt\u00f3rych mowa w \u00a7 1 Rozporz\u0105dzenia Rady Ministr\u00f3w z dnia 21 pa\u017adziernika 2019 r. w sprawie szczeg\u00f3\u0142owego sposobu gospodarowania sk\u0142adnikami rzeczowymi maj\u0105tku ruchomego Skarbu Pa\u0144stwa (Dz. U. z 2023 r., poz. 2303), jednostki samorz\u0105du terytorialnego lub organu wykonuj\u0105cego funkcj\u0119 organu za\u0142o\u017cycielskiego wobec instytucji gospodarki bud\u017cetowej wyst\u0119puj\u0105cego o nieodp\u0142atne przekazanie sk\u0142adnika rzeczowego maj\u0105tku ruchomego;<\/li>\n<li>dane kontaktowe do osoby wyznaczonej przez Wnioskodawc\u0119 do reprezentacji interes\u00f3w Wnioskodawcy;<\/li>\n<li>wskazanie sk\u0142adnika rzeczowego maj\u0105tku ruchomego, kt\u00f3rego wniosek dotyczy;<\/li>\n<li>o\u015bwiadczenie, \u017ce przekazany sk\u0142adnik rzeczowy maj\u0105tku ruchomego zostanie odebrany w terminie i miejscu wskazanym w protokole zdawczo \u2013 odbiorczym,<\/li>\n<li>dat\u0119 z\u0142o\u017cenia wniosku;<\/li>\n<li>uzasadnienie.<\/li>\n<\/ul>\n<p style=\"font-weight: 400\">Wnioskodawcy, kt\u00f3rych wnioski nie b\u0119d\u0105 spe\u0142nia\u0142y wymog\u00f3w formalnych (wype\u0142nione niepoprawnie lub niekompletne), zostan\u0105 wezwani do usuni\u0119cia brak\u00f3w w terminie 2 dni wraz z pouczeniem, \u017ce nieusuni\u0119cie tych brak\u00f3w spowoduje pozostawienie wniosku bez rozpoznania.<\/p>\n<p>Sk\u0142adniki b\u0119d\u0105ce przedmiotem og\u0142oszenia mo\u017cna obejrze\u0107 w siedzibie urz\u0119du przy Via Vittoria Colonna 1, 00193 Roma\u00a0<u>po wcze\u015bniejszym uzgodnieniu telefonicznym pod nr.\u00a0+39 06 36 000 723. <\/u>Podmioty zainteresowane przyj\u0119ciem wyposa\u017cenia sk\u0142adaj\u0105 o\u015bwiadczenie, \u017ce zapozna\u0142y si\u0119 z warunkami przekazania, stanem faktycznym przedmiotu i nie wnosz\u0105 \u017cadnych zastrze\u017ce\u0144.<\/p>\n<p><u>Wszelkie koszty, podatki i op\u0142aty zwi\u0105zane z przekazaniem sk\u0142adnik\u00f3w maj\u0105tku ponosi strona przyjmuj\u0105ca. Jednostka przyjmuj\u0105c sk\u0142adniki maj\u0105tku ruchomego wyra\u017ca zgod\u0119 i zobowi\u0105zuje si\u0119 do op\u0142acenia wszelkich podatk\u00f3w, ce\u0142 i op\u0142at wymaganych przez w\u0142adze Polski lub innego kraju, do kt\u00f3rego trafi\u0105 po przekazaniu.<\/u><\/p>\n<p>Nieodp\u0142atne przekazanie odb\u0119dzie si\u0119 na podstawie protoko\u0142u zdawczo-odbiorczego.<\/p>\n<p>Instytut Polski w Rzymie zastrzega sobie prawo odwo\u0142ania bez podania przyczyny, na ka\u017cdym etapie procesu sprzeda\u017cy lub nieodp\u0142atnego przekazania zb\u0119dnych sk\u0142adnik\u00f3w maj\u0105tku ruchomego b\u0119d\u0105cych przedmiotem og\u0142oszenia.<\/p>\n<p style=\"font-weight: 400\">\u00a0<\/p>\n\n\n<div class=\"wp-block-file\"><a id=\"wp-block-file--media-6908b400-af49-4637-be40-261ec6003036\" href=\"https:\/\/instytutpolski.pl\/roma\/wp-content\/uploads\/sites\/25\/2025\/10\/Zalacznik_1_Lista_przedmiotow_do_sprzedazy_IP_1_2025.pdf\">Zalacznik_1_Lista_przedmiotow_do_sprzedazy_IP_1_2025<\/a><a href=\"https:\/\/instytutpolski.pl\/roma\/wp-content\/uploads\/sites\/25\/2025\/10\/Zalacznik_1_Lista_przedmiotow_do_sprzedazy_IP_1_2025.pdf\" class=\"wp-block-file__button wp-element-button\" download aria-describedby=\"wp-block-file--media-6908b400-af49-4637-be40-261ec6003036\">Pobierz<\/a><\/div>\n\n\n\n<div class=\"wp-block-file\"><a id=\"wp-block-file--media-804e2eda-81b9-4e50-aad4-384bec752ed8\" href=\"https:\/\/instytutpolski.pl\/roma\/wp-content\/uploads\/sites\/25\/2025\/10\/Zalacznik_2_wniosek_o_nieodplatne_przekazanie.doc\">Za\u0142\u0105cznik_2_wniosek_o_nieodplatne_przekazanie<\/a><a href=\"https:\/\/instytutpolski.pl\/roma\/wp-content\/uploads\/sites\/25\/2025\/10\/Zalacznik_2_wniosek_o_nieodplatne_przekazanie.doc\" class=\"wp-block-file__button wp-element-button\" download aria-describedby=\"wp-block-file--media-804e2eda-81b9-4e50-aad4-384bec752ed8\">Pobierz<\/a><\/div>\n\n\n\n<div class=\"wp-block-file\"><a id=\"wp-block-file--media-16138fbb-7921-4456-a056-597163599e6a\" href=\"https:\/\/instytutpolski.pl\/roma\/wp-content\/uploads\/sites\/25\/2025\/10\/Zalacznik_3_oferta_na_zakup.docx\">Za\u0142\u0105cznik_3_oferta_na_zakup<\/a><a href=\"https:\/\/instytutpolski.pl\/roma\/wp-content\/uploads\/sites\/25\/2025\/10\/Zalacznik_3_oferta_na_zakup.docx\" class=\"wp-block-file__button wp-element-button\" download aria-describedby=\"wp-block-file--media-16138fbb-7921-4456-a056-597163599e6a\">Pobierz<\/a><\/div>\n\n\n\n<div class=\"wp-block-file\"><a id=\"wp-block-file--media-22f54ff6-dfe4-4066-9cfe-c57dc8e1e116\" href=\"https:\/\/instytutpolski.pl\/roma\/wp-content\/uploads\/sites\/25\/2025\/10\/Zalacznik_4_Oswiadczenie_RODO.docx\">Za\u0142\u0105cznik_4_O\u015bwiadczenie_RODO<\/a><a href=\"https:\/\/instytutpolski.pl\/roma\/wp-content\/uploads\/sites\/25\/2025\/10\/Zalacznik_4_Oswiadczenie_RODO.docx\" class=\"wp-block-file__button wp-element-button\" download aria-describedby=\"wp-block-file--media-22f54ff6-dfe4-4066-9cfe-c57dc8e1e116\">Pobierz<\/a><\/div>\n\n\n\n<hr class=\"wp-block-separator has-text-color has-cyan-bluish-gray-color has-alpha-channel-opacity has-cyan-bluish-gray-background-color has-background\" \/>\n\n\n\n<div class=\"metrics-title\">Informacje o publikacji dokumentu<\/div>\n<div>Pierwsza publikacja: 27.10.2025 12:00 Eliza Olszanska<\/div>\n<div>Wytwarzaj\u0105cy\/ Odpowiadaj\u0105cy: Magdalena Trudzik<\/div>\n\n\n\n<p><\/p>\n","protected":false},"excerpt":{"rendered":"<p>Og\u0142oszenie Instytutu Polskiego w Rzymie o zb\u0119dnych i zu\u017cytych sk\u0142adnikach maj\u0105tku ruchomego przeznaczonych do: sprzeda\u017cy, nieodp\u0142atnego przekazania na rzecz innych jednostek administracji publicznej (1\/2025) 27.10.2025 Instytut Polski w Rzymie dzia\u0142aj\u0105c zgodnie z Rozporz\u0105dzeniem Rady Ministr\u00f3w z dnia 21 pa\u017adziernika 2019 r. w sprawie szczeg\u00f3\u0142owego sposobu gospodarowania sk\u0142adnikami rzeczowymi maj\u0105tku ruchomego Skarbu Pa\u0144stwa (Dz. U. z [&hellip;]<\/p>\n","protected":false},"author":33,"featured_media":7608,"parent":0,"menu_order":0,"comment_status":"closed","ping_status":"closed","template":"","meta":{"inline_featured_image":false,"_monsterinsights_skip_tracking":false,"_monsterinsights_sitenote_active":false,"_monsterinsights_sitenote_note":"","_monsterinsights_sitenote_category":0,"footnotes":""},"class_list":["post-7601","page","type-page","status-publish","has-post-thumbnail","hentry"],"yoast_head":"<!-- This site is optimized with the Yoast SEO plugin v24.6 - https:\/\/yoast.com\/wordpress\/plugins\/seo\/ -->\n<title>INFO - Instytut Polski w Rzymie<\/title>\n<meta name=\"robots\" content=\"index, follow, max-snippet:-1, max-image-preview:large, max-video-preview:-1\" \/>\n<link rel=\"canonical\" href=\"https:\/\/instytutpolski.pl\/roma\/info\/\" \/>\n<meta property=\"og:locale\" content=\"pl_PL\" \/>\n<meta property=\"og:type\" content=\"article\" \/>\n<meta property=\"og:title\" content=\"INFO - Instytut Polski w Rzymie\" \/>\n<meta property=\"og:description\" content=\"Og\u0142oszenie Instytutu Polskiego w Rzymie o zb\u0119dnych i zu\u017cytych sk\u0142adnikach maj\u0105tku ruchomego przeznaczonych do: sprzeda\u017cy, nieodp\u0142atnego przekazania na rzecz innych jednostek administracji publicznej (1\/2025) 27.10.2025 Instytut Polski w Rzymie dzia\u0142aj\u0105c zgodnie z Rozporz\u0105dzeniem Rady Ministr\u00f3w z dnia 21 pa\u017adziernika 2019 r. w sprawie szczeg\u00f3\u0142owego sposobu gospodarowania sk\u0142adnikami rzeczowymi maj\u0105tku ruchomego Skarbu Pa\u0144stwa (Dz. U. z [&hellip;]\" \/>\n<meta property=\"og:url\" content=\"https:\/\/instytutpolski.pl\/roma\/info\/\" \/>\n<meta property=\"og:site_name\" content=\"Instytut Polski w Rzymie\" \/>\n<meta property=\"article:modified_time\" content=\"2025-10-27T14:12:00+00:00\" \/>\n<meta property=\"og:image\" content=\"https:\/\/instytutpolski.pl\/roma\/wp-content\/uploads\/sites\/25\/2025\/10\/www_INFO.jpg\" \/>\n\t<meta property=\"og:image:width\" content=\"1920\" \/>\n\t<meta property=\"og:image:height\" content=\"1080\" \/>\n\t<meta property=\"og:image:type\" content=\"image\/jpeg\" \/>\n<meta name=\"twitter:card\" content=\"summary_large_image\" \/>\n<meta name=\"twitter:label1\" content=\"Szacowany czas czytania\" \/>\n\t<meta name=\"twitter:data1\" content=\"4 minuty\" \/>\n<script type=\"application\/ld+json\" class=\"yoast-schema-graph\">{\"@context\":\"https:\/\/schema.org\",\"@graph\":[{\"@type\":\"WebPage\",\"@id\":\"https:\/\/instytutpolski.pl\/roma\/info\/\",\"url\":\"https:\/\/instytutpolski.pl\/roma\/info\/\",\"name\":\"INFO - Instytut Polski w Rzymie\",\"isPartOf\":{\"@id\":\"https:\/\/instytutpolski.pl\/roma\/#website\"},\"primaryImageOfPage\":{\"@id\":\"https:\/\/instytutpolski.pl\/roma\/info\/#primaryimage\"},\"image\":{\"@id\":\"https:\/\/instytutpolski.pl\/roma\/info\/#primaryimage\"},\"thumbnailUrl\":\"https:\/\/instytutpolski.pl\/roma\/wp-content\/uploads\/sites\/25\/2025\/10\/www_INFO.jpg\",\"datePublished\":\"2025-10-27T11:10:21+00:00\",\"dateModified\":\"2025-10-27T14:12:00+00:00\",\"breadcrumb\":{\"@id\":\"https:\/\/instytutpolski.pl\/roma\/info\/#breadcrumb\"},\"inLanguage\":\"pl-PL\",\"potentialAction\":[{\"@type\":\"ReadAction\",\"target\":[\"https:\/\/instytutpolski.pl\/roma\/info\/\"]}]},{\"@type\":\"ImageObject\",\"inLanguage\":\"pl-PL\",\"@id\":\"https:\/\/instytutpolski.pl\/roma\/info\/#primaryimage\",\"url\":\"https:\/\/instytutpolski.pl\/roma\/wp-content\/uploads\/sites\/25\/2025\/10\/www_INFO.jpg\",\"contentUrl\":\"https:\/\/instytutpolski.pl\/roma\/wp-content\/uploads\/sites\/25\/2025\/10\/www_INFO.jpg\",\"width\":1920,\"height\":1080},{\"@type\":\"BreadcrumbList\",\"@id\":\"https:\/\/instytutpolski.pl\/roma\/info\/#breadcrumb\",\"itemListElement\":[{\"@type\":\"ListItem\",\"position\":1,\"name\":\"Home\",\"item\":\"https:\/\/instytutpolski.pl\/roma\/\"},{\"@type\":\"ListItem\",\"position\":2,\"name\":\"INFO\"}]},{\"@type\":\"WebSite\",\"@id\":\"https:\/\/instytutpolski.pl\/roma\/#website\",\"url\":\"https:\/\/instytutpolski.pl\/roma\/\",\"name\":\"Instytut Polski w Rzymie\",\"description\":\"Instytuty Polskie\",\"potentialAction\":[{\"@type\":\"SearchAction\",\"target\":{\"@type\":\"EntryPoint\",\"urlTemplate\":\"https:\/\/instytutpolski.pl\/roma\/?s={search_term_string}\"},\"query-input\":{\"@type\":\"PropertyValueSpecification\",\"valueRequired\":true,\"valueName\":\"search_term_string\"}}],\"inLanguage\":\"pl-PL\"}]}<\/script>\n<!-- \/ Yoast SEO plugin. -->","yoast_head_json":{"title":"INFO - Instytut Polski w Rzymie","robots":{"index":"index","follow":"follow","max-snippet":"max-snippet:-1","max-image-preview":"max-image-preview:large","max-video-preview":"max-video-preview:-1"},"canonical":"https:\/\/instytutpolski.pl\/roma\/info\/","og_locale":"pl_PL","og_type":"article","og_title":"INFO - Instytut Polski w Rzymie","og_description":"Og\u0142oszenie Instytutu Polskiego w Rzymie o zb\u0119dnych i zu\u017cytych sk\u0142adnikach maj\u0105tku ruchomego przeznaczonych do: sprzeda\u017cy, nieodp\u0142atnego przekazania na rzecz innych jednostek administracji publicznej (1\/2025) 27.10.2025 Instytut Polski w Rzymie dzia\u0142aj\u0105c zgodnie z Rozporz\u0105dzeniem Rady Ministr\u00f3w z dnia 21 pa\u017adziernika 2019 r. w sprawie szczeg\u00f3\u0142owego sposobu gospodarowania sk\u0142adnikami rzeczowymi maj\u0105tku ruchomego Skarbu Pa\u0144stwa (Dz. U. z [&hellip;]","og_url":"https:\/\/instytutpolski.pl\/roma\/info\/","og_site_name":"Instytut Polski w Rzymie","article_modified_time":"2025-10-27T14:12:00+00:00","og_image":[{"width":1920,"height":1080,"url":"https:\/\/instytutpolski.pl\/roma\/wp-content\/uploads\/sites\/25\/2025\/10\/www_INFO.jpg","type":"image\/jpeg"}],"twitter_card":"summary_large_image","twitter_misc":{"Szacowany czas czytania":"4 minuty"},"schema":{"@context":"https:\/\/schema.org","@graph":[{"@type":"WebPage","@id":"https:\/\/instytutpolski.pl\/roma\/info\/","url":"https:\/\/instytutpolski.pl\/roma\/info\/","name":"INFO - Instytut Polski w Rzymie","isPartOf":{"@id":"https:\/\/instytutpolski.pl\/roma\/#website"},"primaryImageOfPage":{"@id":"https:\/\/instytutpolski.pl\/roma\/info\/#primaryimage"},"image":{"@id":"https:\/\/instytutpolski.pl\/roma\/info\/#primaryimage"},"thumbnailUrl":"https:\/\/instytutpolski.pl\/roma\/wp-content\/uploads\/sites\/25\/2025\/10\/www_INFO.jpg","datePublished":"2025-10-27T11:10:21+00:00","dateModified":"2025-10-27T14:12:00+00:00","breadcrumb":{"@id":"https:\/\/instytutpolski.pl\/roma\/info\/#breadcrumb"},"inLanguage":"pl-PL","potentialAction":[{"@type":"ReadAction","target":["https:\/\/instytutpolski.pl\/roma\/info\/"]}]},{"@type":"ImageObject","inLanguage":"pl-PL","@id":"https:\/\/instytutpolski.pl\/roma\/info\/#primaryimage","url":"https:\/\/instytutpolski.pl\/roma\/wp-content\/uploads\/sites\/25\/2025\/10\/www_INFO.jpg","contentUrl":"https:\/\/instytutpolski.pl\/roma\/wp-content\/uploads\/sites\/25\/2025\/10\/www_INFO.jpg","width":1920,"height":1080},{"@type":"BreadcrumbList","@id":"https:\/\/instytutpolski.pl\/roma\/info\/#breadcrumb","itemListElement":[{"@type":"ListItem","position":1,"name":"Home","item":"https:\/\/instytutpolski.pl\/roma\/"},{"@type":"ListItem","position":2,"name":"INFO"}]},{"@type":"WebSite","@id":"https:\/\/instytutpolski.pl\/roma\/#website","url":"https:\/\/instytutpolski.pl\/roma\/","name":"Instytut Polski w Rzymie","description":"Instytuty Polskie","potentialAction":[{"@type":"SearchAction","target":{"@type":"EntryPoint","urlTemplate":"https:\/\/instytutpolski.pl\/roma\/?s={search_term_string}"},"query-input":{"@type":"PropertyValueSpecification","valueRequired":true,"valueName":"search_term_string"}}],"inLanguage":"pl-PL"}]}},"_links":{"self":[{"href":"https:\/\/instytutpolski.pl\/roma\/wp-json\/wp\/v2\/pages\/7601","targetHints":{"allow":["GET"]}}],"collection":[{"href":"https:\/\/instytutpolski.pl\/roma\/wp-json\/wp\/v2\/pages"}],"about":[{"href":"https:\/\/instytutpolski.pl\/roma\/wp-json\/wp\/v2\/types\/page"}],"author":[{"embeddable":true,"href":"https:\/\/instytutpolski.pl\/roma\/wp-json\/wp\/v2\/users\/33"}],"replies":[{"embeddable":true,"href":"https:\/\/instytutpolski.pl\/roma\/wp-json\/wp\/v2\/comments?post=7601"}],"version-history":[{"count":8,"href":"https:\/\/instytutpolski.pl\/roma\/wp-json\/wp\/v2\/pages\/7601\/revisions"}],"predecessor-version":[{"id":7625,"href":"https:\/\/instytutpolski.pl\/roma\/wp-json\/wp\/v2\/pages\/7601\/revisions\/7625"}],"wp:featuredmedia":[{"embeddable":true,"href":"https:\/\/instytutpolski.pl\/roma\/wp-json\/wp\/v2\/media\/7608"}],"wp:attachment":[{"href":"https:\/\/instytutpolski.pl\/roma\/wp-json\/wp\/v2\/media?parent=7601"}],"curies":[{"name":"wp","href":"https:\/\/api.w.org\/{rel}","templated":true}]}}