{"id":97,"date":"2019-06-24T10:43:38","date_gmt":"2019-06-24T08:43:38","guid":{"rendered":"https:\/\/instytutpolski.pl\/rzym\/?page_id=97"},"modified":"2025-09-15T15:07:56","modified_gmt":"2025-09-15T13:07:56","slug":"corsi-di-lingua-polacca-organizzati-dallip","status":"publish","type":"page","link":"https:\/\/instytutpolski.pl\/roma\/la-lingua-polacca\/corsi-di-lingua-polacca-organizzati-dallip\/","title":{"rendered":"Corsi di lingua polacca organizzati dall\u2019IP"},"content":{"rendered":"\n<hr class=\"wp-block-separator has-text-color has-vivid-red-color has-css-opacity has-vivid-red-background-color has-background is-style-wide\" \/>\n\n\n<p style=\"font-weight: 400\"><span style=\"color: #ff0000\"><strong>ANNO ACCADEMICO 2025\/2026<\/strong><\/span><\/p>\n<p style=\"font-weight: 400\"><u>DATE E LIVELLI <\/u><\/p>\n<ul>\n<li><strong><span style=\"color: #ff0000\">A1.1<\/span> principiante assoluto\u00a0<\/strong>online<br \/><span style=\"font-size: revert\">mercoled\u00ec <\/span>17:45 &#8211; 19:15<span style=\"font-size: revert\"> (inizio <\/span>8 ottobre<span style=\"font-size: revert\"> 2025)<br \/><\/span><\/li>\n<li><span style=\"color: #ff0000\"><strong>A1.2 <\/strong><\/span>online<br \/>luned\u00ec 17:45 \u2013 19:15 (inizio 6 otobre)<\/li>\n<li><span style=\"color: #ff0000\"><strong>A2.1 <\/strong><\/span>online<br \/>marted\u00ec 17:30 \u2013 19:00 (inizio 7 ottobre)<\/li>\n<li><strong><span style=\"color: #ff0000\">A2.2 <\/span><\/strong>online<br \/>gioved\u00ec 17:30 \u2013 19:00 (inizio 2 ottobre)<\/li>\n<li><strong><span style=\"color: #ff0000\">B1.1 <\/span><\/strong>online<br \/>marted\u00ec 19:15 \u2013 20:45 (inizio 7 ottobre)<\/li>\n<li><span style=\"color: #ff0000\"><strong>B1.2<\/strong> a Roma (in zona San Giovanni)<br \/><span style=\"color: #000000\">gioved\u00ec 19:15 \u2013 20:45 (inizio 2 ottobre)<\/span><br \/><\/span><\/li>\n<\/ul>\n<p style=\"font-weight: 400\">I corsi sono indirizzati agli adulti e posti sono limitati.<br \/>Le lezioni si svolgono in modalit\u00e0 ONLINE.<\/p>\n<ul>\n<li>Per scegliere bene il livello si possono consultare le informazioni riguardanti ogni singolo corso dove sono indicate le questioni grammaticali richieste a ogni livello\u00a0<br \/><strong><span style=\"color: #ff0000\"><a style=\"color: #ff0000\" href=\"https:\/\/www.juliachojnacka.com\/prossimi-corsi\/\" target=\"_blank\" rel=\"noopener\">juliachojnacka.com\/prossimi-corsi<\/a><\/span><\/strong><\/li>\n<\/ul>\n<p>Le lezioni sono strutturate in pi\u00f9 parti:<\/p>\n<ul style=\"list-style-type: square\">\n<li style=\"font-weight: 400\">&#8211; sezione grammaticale \u2013 verifica e correzione degli errori grammaticali e ortografici di base<\/li>\n<li style=\"font-weight: 400\">&#8211; sezione culturale \u2013 per aggiornarsi sul bagaglio culturale dei nativi<\/li>\n<li style=\"font-weight: 400\">&#8211; sezione comunicativa &#8211; per approfondire la conoscenza della lingua in relazione ai contesti in cui usarla.<\/li>\n<\/ul>\n<p><span style=\"color: #808080\"><em><strong>&#8222;Najszlachetniejszym spo\u015br\u00f3d kr\u0119gowc\u00f3w jest padalec. \u017bywi si\u0119 on jajecznic\u0105. Niekt\u00f3re padalce maj\u0105 nogi, ale tak ma\u0142e, \u017ce niedostrzegalne go\u0142ym okiem. Padalec zamierzaj\u0105cy przep\u0142yn\u0105\u0107 ocean kuca na pla\u017cy i koncentracj\u0105 woli powoduje wyro\u015bni\u0119cie na grzbiecie maszt\u00f3w i \u017cagli. Istniej\u0105 padalce o takiej sile charakteru, \u017ce doprowadzaj\u0105 do przemiany kiszek w silniki odrzutowe. Jak wiadomo, padalce nie szybuj\u0105 w przestworzach, poniewa\u017c im na tym nie zale\u017cy. S\u0142uch maj\u0105 tak bystry, \u017ce s\u0142ysz\u0105 d\u017awi\u0119ki na kilka godzin przed ich rozlegni\u0119ciem si\u0119. Wzrok padalca jest zab\u00f3jczy dla skorpion\u00f3w i ma\u0142\u017cy. Pewne szczepy india\u0144skie wykorzystywa\u0142y przenikliwy wzrok padalc\u00f3w do wiercenia dziur w deskach. Padalec brzydzi si\u0119 lud\u017ami, lecz ch\u0119tnie zjada ma\u0142py oraz starszych ch\u0142opc\u00f3w robi\u0105cych b\u0142\u0119dy ortograficzne.&#8221; <\/strong><\/em><\/span>(S. Lem)<\/p>\n<hr \/>\n<p style=\"font-weight: 400\"><u><span style=\"color: #ff0000\"><strong>PREZZI<\/strong><\/span><br \/><\/u><span style=\"text-decoration: underline\"><strong>179,00 euro<\/strong> per un trimestre (10 incontri di 90 minuti ognuno)<\/span><\/p>\n<p style=\"font-weight: 400\">L\u2019anno accademico \u00e8 diviso in tre trimestri (il primo da ottobre a dicembre, il secondo da gennaio a marzo, il terzo da aprile a giugno).<\/p>\n<p style=\"font-weight: 400\"><span style=\"color: #ff0000\"><strong><u>CONTATTI E ISCRIZIONI <\/u><\/strong><\/span><\/p>\n<p style=\"font-weight: 400\">Insegnante:<br \/><strong>Julia Chojnacka<\/strong>, filologa e insegnante\u00a0di polacco agli stranieri, specializzata nell\u2019insegnamento agli italiani e alle persone di famiglia italo-polacca.\u00a0<\/p>\n<p>Per informazioni sui corsi e le modalit\u00e0 di iscrizione,\u00a0si prega di contattare l\u2019Istituto Polacco di Roma: <a href=\"mailto:segreteria.roma@instytutpolski.pl\">segreteria.roma@instytutpolski.pl<\/a>\u00a0\u2013 tel.: 06 36 000 723<\/p>\n<p style=\"font-weight: 400\">Alle persone che hanno gi\u00e0 iniziato a studiare il polacco si richieder\u00e0 di sostenere un test di valutazione del loro livello di conoscenza della lingua per poterle inserire in un gruppo di livello adeguato.<\/p>\n<p><span style=\"color: #ff0000\"><strong><u style=\"font-weight: 400\">ORGANIZZATORI<\/u><\/strong><\/span><span style=\"font-weight: 400\"><br \/>Julia Chojnacka \u2013 corsi di lingua e cultura polacca &#8211; <span style=\"color: #ff0000\"><a style=\"color: #ff0000\" href=\"https:\/\/juliachojnacka.com\/\" target=\"_blank\" rel=\"noopener\">juliachojnacka.com<\/a><\/span><br \/>in collaborazione con l&#8217;Istituto Polacco di Roma<\/span><\/p>\n<p style=\"font-weight: 400\">\u00a0<\/p>\n\n\n<hr class=\"wp-block-separator has-text-color has-vivid-red-color has-alpha-channel-opacity has-vivid-red-background-color has-background\" \/>\n\n\n<div style=\"text-align: center\"><span style=\"color: #ff0000\"><strong><u>LEZIONE DIMOSTRATIVA<\/u><\/strong><\/span><\/div>\n<div>\u00a0<\/div>\n<p style=\"text-align: center\">Lezione dimostrativa di polacco online (gratuita) per principianti assoluti<\/p>\n<p style=\"text-align: center\"><strong><span class=\"s3\">mercole<\/span><span class=\"s3\">d\u00ec 1 ottobre<\/span><span class=\"s3\"> 2025 &#8211; ore 18:0<\/span><span class=\"s3\">0<\/span><\/strong><\/p>\n\n\n<div class=\"wp-block-buttons is-content-justification-center is-layout-flex wp-container-core-buttons-is-layout-1 wp-block-buttons-is-layout-flex\">\n<div class=\"wp-block-button\"><a class=\"wp-block-button__link has-vivid-red-background-color has-background has-text-align-center wp-element-button\" href=\"https:\/\/fb.me\/e\/iXGSuqbgY\" target=\"_blank\" rel=\"noreferrer noopener\">lezione demo<\/a><\/div>\n<\/div>\n","protected":false},"excerpt":{"rendered":"<p>ANNO ACCADEMICO 2025\/2026 DATE E LIVELLI A1.1 principiante assoluto\u00a0onlinemercoled\u00ec 17:45 &#8211; 19:15 (inizio 8 ottobre 2025) A1.2 onlineluned\u00ec 17:45 \u2013 19:15 (inizio 6 otobre) A2.1 onlinemarted\u00ec 17:30 \u2013 19:00 (inizio 7 ottobre) A2.2 onlinegioved\u00ec 17:30 \u2013 19:00 (inizio 2 ottobre) B1.1 onlinemarted\u00ec 19:15 \u2013 20:45 (inizio 7 ottobre) B1.2 a Roma (in zona San Giovanni)gioved\u00ec [&hellip;]<\/p>\n","protected":false},"author":1,"featured_media":149,"parent":95,"menu_order":0,"comment_status":"closed","ping_status":"closed","template":"","meta":{"inline_featured_image":false,"_monsterinsights_skip_tracking":false,"_monsterinsights_sitenote_active":false,"_monsterinsights_sitenote_note":"","_monsterinsights_sitenote_category":0,"footnotes":""},"class_list":["post-97","page","type-page","status-publish","has-post-thumbnail","hentry"],"yoast_head":"<!-- This site is optimized with the Yoast SEO plugin v24.6 - https:\/\/yoast.com\/wordpress\/plugins\/seo\/ -->\n<title>Corsi di lingua polacca organizzati dall\u2019IP - Instytut Polski w Rzymie<\/title>\n<meta name=\"robots\" content=\"index, follow, max-snippet:-1, max-image-preview:large, max-video-preview:-1\" \/>\n<link rel=\"canonical\" href=\"https:\/\/instytutpolski.pl\/roma\/la-lingua-polacca\/corsi-di-lingua-polacca-organizzati-dallip\/\" \/>\n<meta property=\"og:locale\" content=\"pl_PL\" \/>\n<meta property=\"og:type\" content=\"article\" \/>\n<meta property=\"og:title\" content=\"Corsi di lingua polacca organizzati dall\u2019IP - Instytut Polski w Rzymie\" \/>\n<meta property=\"og:description\" content=\"ANNO ACCADEMICO 2025\/2026 DATE E LIVELLI A1.1 principiante assoluto\u00a0onlinemercoled\u00ec 17:45 &#8211; 19:15 (inizio 8 ottobre 2025) A1.2 onlineluned\u00ec 17:45 \u2013 19:15 (inizio 6 otobre) A2.1 onlinemarted\u00ec 17:30 \u2013 19:00 (inizio 7 ottobre) A2.2 onlinegioved\u00ec 17:30 \u2013 19:00 (inizio 2 ottobre) B1.1 onlinemarted\u00ec 19:15 \u2013 20:45 (inizio 7 ottobre) B1.2 a Roma (in zona San Giovanni)gioved\u00ec [&hellip;]\" \/>\n<meta property=\"og:url\" content=\"https:\/\/instytutpolski.pl\/roma\/la-lingua-polacca\/corsi-di-lingua-polacca-organizzati-dallip\/\" \/>\n<meta property=\"og:site_name\" content=\"Instytut Polski w Rzymie\" \/>\n<meta property=\"article:modified_time\" content=\"2025-09-15T13:07:56+00:00\" \/>\n<meta property=\"og:image\" content=\"https:\/\/instytutpolski.pl\/roma\/wp-content\/uploads\/sites\/25\/2019\/06\/kursy-jezyka-polskiego-kultury.jpg\" \/>\n\t<meta property=\"og:image:width\" content=\"1920\" \/>\n\t<meta property=\"og:image:height\" content=\"700\" \/>\n\t<meta property=\"og:image:type\" content=\"image\/jpeg\" \/>\n<meta name=\"twitter:card\" content=\"summary_large_image\" \/>\n<meta name=\"twitter:label1\" content=\"Szacowany czas czytania\" \/>\n\t<meta name=\"twitter:data1\" content=\"3 minuty\" \/>\n<script type=\"application\/ld+json\" class=\"yoast-schema-graph\">{\"@context\":\"https:\/\/schema.org\",\"@graph\":[{\"@type\":\"WebPage\",\"@id\":\"https:\/\/instytutpolski.pl\/roma\/la-lingua-polacca\/corsi-di-lingua-polacca-organizzati-dallip\/\",\"url\":\"https:\/\/instytutpolski.pl\/roma\/la-lingua-polacca\/corsi-di-lingua-polacca-organizzati-dallip\/\",\"name\":\"Corsi di lingua polacca organizzati dall\u2019IP - Instytut Polski w Rzymie\",\"isPartOf\":{\"@id\":\"https:\/\/instytutpolski.pl\/roma\/#website\"},\"primaryImageOfPage\":{\"@id\":\"https:\/\/instytutpolski.pl\/roma\/la-lingua-polacca\/corsi-di-lingua-polacca-organizzati-dallip\/#primaryimage\"},\"image\":{\"@id\":\"https:\/\/instytutpolski.pl\/roma\/la-lingua-polacca\/corsi-di-lingua-polacca-organizzati-dallip\/#primaryimage\"},\"thumbnailUrl\":\"https:\/\/instytutpolski.pl\/roma\/wp-content\/uploads\/sites\/25\/2019\/06\/kursy-jezyka-polskiego-kultury.jpg\",\"datePublished\":\"2019-06-24T08:43:38+00:00\",\"dateModified\":\"2025-09-15T13:07:56+00:00\",\"breadcrumb\":{\"@id\":\"https:\/\/instytutpolski.pl\/roma\/la-lingua-polacca\/corsi-di-lingua-polacca-organizzati-dallip\/#breadcrumb\"},\"inLanguage\":\"pl-PL\",\"potentialAction\":[{\"@type\":\"ReadAction\",\"target\":[\"https:\/\/instytutpolski.pl\/roma\/la-lingua-polacca\/corsi-di-lingua-polacca-organizzati-dallip\/\"]}]},{\"@type\":\"ImageObject\",\"inLanguage\":\"pl-PL\",\"@id\":\"https:\/\/instytutpolski.pl\/roma\/la-lingua-polacca\/corsi-di-lingua-polacca-organizzati-dallip\/#primaryimage\",\"url\":\"https:\/\/instytutpolski.pl\/roma\/wp-content\/uploads\/sites\/25\/2019\/06\/kursy-jezyka-polskiego-kultury.jpg\",\"contentUrl\":\"https:\/\/instytutpolski.pl\/roma\/wp-content\/uploads\/sites\/25\/2019\/06\/kursy-jezyka-polskiego-kultury.jpg\",\"width\":1920,\"height\":700},{\"@type\":\"BreadcrumbList\",\"@id\":\"https:\/\/instytutpolski.pl\/roma\/la-lingua-polacca\/corsi-di-lingua-polacca-organizzati-dallip\/#breadcrumb\",\"itemListElement\":[{\"@type\":\"ListItem\",\"position\":1,\"name\":\"Home\",\"item\":\"https:\/\/instytutpolski.pl\/roma\/\"},{\"@type\":\"ListItem\",\"position\":2,\"name\":\"Educazione\",\"item\":\"https:\/\/instytutpolski.pl\/roma\/la-lingua-polacca\/\"},{\"@type\":\"ListItem\",\"position\":3,\"name\":\"Corsi di lingua polacca organizzati dall\u2019IP\"}]},{\"@type\":\"WebSite\",\"@id\":\"https:\/\/instytutpolski.pl\/roma\/#website\",\"url\":\"https:\/\/instytutpolski.pl\/roma\/\",\"name\":\"Instytut Polski w Rzymie\",\"description\":\"Instytuty Polskie\",\"potentialAction\":[{\"@type\":\"SearchAction\",\"target\":{\"@type\":\"EntryPoint\",\"urlTemplate\":\"https:\/\/instytutpolski.pl\/roma\/?s={search_term_string}\"},\"query-input\":{\"@type\":\"PropertyValueSpecification\",\"valueRequired\":true,\"valueName\":\"search_term_string\"}}],\"inLanguage\":\"pl-PL\"}]}<\/script>\n<!-- \/ Yoast SEO plugin. -->","yoast_head_json":{"title":"Corsi di lingua polacca organizzati dall\u2019IP - Instytut Polski w Rzymie","robots":{"index":"index","follow":"follow","max-snippet":"max-snippet:-1","max-image-preview":"max-image-preview:large","max-video-preview":"max-video-preview:-1"},"canonical":"https:\/\/instytutpolski.pl\/roma\/la-lingua-polacca\/corsi-di-lingua-polacca-organizzati-dallip\/","og_locale":"pl_PL","og_type":"article","og_title":"Corsi di lingua polacca organizzati dall\u2019IP - Instytut Polski w Rzymie","og_description":"ANNO ACCADEMICO 2025\/2026 DATE E LIVELLI A1.1 principiante assoluto\u00a0onlinemercoled\u00ec 17:45 &#8211; 19:15 (inizio 8 ottobre 2025) A1.2 onlineluned\u00ec 17:45 \u2013 19:15 (inizio 6 otobre) A2.1 onlinemarted\u00ec 17:30 \u2013 19:00 (inizio 7 ottobre) A2.2 onlinegioved\u00ec 17:30 \u2013 19:00 (inizio 2 ottobre) B1.1 onlinemarted\u00ec 19:15 \u2013 20:45 (inizio 7 ottobre) B1.2 a Roma (in zona San Giovanni)gioved\u00ec [&hellip;]","og_url":"https:\/\/instytutpolski.pl\/roma\/la-lingua-polacca\/corsi-di-lingua-polacca-organizzati-dallip\/","og_site_name":"Instytut Polski w Rzymie","article_modified_time":"2025-09-15T13:07:56+00:00","og_image":[{"width":1920,"height":700,"url":"https:\/\/instytutpolski.pl\/roma\/wp-content\/uploads\/sites\/25\/2019\/06\/kursy-jezyka-polskiego-kultury.jpg","type":"image\/jpeg"}],"twitter_card":"summary_large_image","twitter_misc":{"Szacowany czas czytania":"3 minuty"},"schema":{"@context":"https:\/\/schema.org","@graph":[{"@type":"WebPage","@id":"https:\/\/instytutpolski.pl\/roma\/la-lingua-polacca\/corsi-di-lingua-polacca-organizzati-dallip\/","url":"https:\/\/instytutpolski.pl\/roma\/la-lingua-polacca\/corsi-di-lingua-polacca-organizzati-dallip\/","name":"Corsi di lingua polacca organizzati dall\u2019IP - Instytut Polski w Rzymie","isPartOf":{"@id":"https:\/\/instytutpolski.pl\/roma\/#website"},"primaryImageOfPage":{"@id":"https:\/\/instytutpolski.pl\/roma\/la-lingua-polacca\/corsi-di-lingua-polacca-organizzati-dallip\/#primaryimage"},"image":{"@id":"https:\/\/instytutpolski.pl\/roma\/la-lingua-polacca\/corsi-di-lingua-polacca-organizzati-dallip\/#primaryimage"},"thumbnailUrl":"https:\/\/instytutpolski.pl\/roma\/wp-content\/uploads\/sites\/25\/2019\/06\/kursy-jezyka-polskiego-kultury.jpg","datePublished":"2019-06-24T08:43:38+00:00","dateModified":"2025-09-15T13:07:56+00:00","breadcrumb":{"@id":"https:\/\/instytutpolski.pl\/roma\/la-lingua-polacca\/corsi-di-lingua-polacca-organizzati-dallip\/#breadcrumb"},"inLanguage":"pl-PL","potentialAction":[{"@type":"ReadAction","target":["https:\/\/instytutpolski.pl\/roma\/la-lingua-polacca\/corsi-di-lingua-polacca-organizzati-dallip\/"]}]},{"@type":"ImageObject","inLanguage":"pl-PL","@id":"https:\/\/instytutpolski.pl\/roma\/la-lingua-polacca\/corsi-di-lingua-polacca-organizzati-dallip\/#primaryimage","url":"https:\/\/instytutpolski.pl\/roma\/wp-content\/uploads\/sites\/25\/2019\/06\/kursy-jezyka-polskiego-kultury.jpg","contentUrl":"https:\/\/instytutpolski.pl\/roma\/wp-content\/uploads\/sites\/25\/2019\/06\/kursy-jezyka-polskiego-kultury.jpg","width":1920,"height":700},{"@type":"BreadcrumbList","@id":"https:\/\/instytutpolski.pl\/roma\/la-lingua-polacca\/corsi-di-lingua-polacca-organizzati-dallip\/#breadcrumb","itemListElement":[{"@type":"ListItem","position":1,"name":"Home","item":"https:\/\/instytutpolski.pl\/roma\/"},{"@type":"ListItem","position":2,"name":"Educazione","item":"https:\/\/instytutpolski.pl\/roma\/la-lingua-polacca\/"},{"@type":"ListItem","position":3,"name":"Corsi di lingua polacca organizzati dall\u2019IP"}]},{"@type":"WebSite","@id":"https:\/\/instytutpolski.pl\/roma\/#website","url":"https:\/\/instytutpolski.pl\/roma\/","name":"Instytut Polski w Rzymie","description":"Instytuty Polskie","potentialAction":[{"@type":"SearchAction","target":{"@type":"EntryPoint","urlTemplate":"https:\/\/instytutpolski.pl\/roma\/?s={search_term_string}"},"query-input":{"@type":"PropertyValueSpecification","valueRequired":true,"valueName":"search_term_string"}}],"inLanguage":"pl-PL"}]}},"_links":{"self":[{"href":"https:\/\/instytutpolski.pl\/roma\/wp-json\/wp\/v2\/pages\/97","targetHints":{"allow":["GET"]}}],"collection":[{"href":"https:\/\/instytutpolski.pl\/roma\/wp-json\/wp\/v2\/pages"}],"about":[{"href":"https:\/\/instytutpolski.pl\/roma\/wp-json\/wp\/v2\/types\/page"}],"author":[{"embeddable":true,"href":"https:\/\/instytutpolski.pl\/roma\/wp-json\/wp\/v2\/users\/1"}],"replies":[{"embeddable":true,"href":"https:\/\/instytutpolski.pl\/roma\/wp-json\/wp\/v2\/comments?post=97"}],"version-history":[{"count":32,"href":"https:\/\/instytutpolski.pl\/roma\/wp-json\/wp\/v2\/pages\/97\/revisions"}],"predecessor-version":[{"id":7403,"href":"https:\/\/instytutpolski.pl\/roma\/wp-json\/wp\/v2\/pages\/97\/revisions\/7403"}],"up":[{"embeddable":true,"href":"https:\/\/instytutpolski.pl\/roma\/wp-json\/wp\/v2\/pages\/95"}],"wp:featuredmedia":[{"embeddable":true,"href":"https:\/\/instytutpolski.pl\/roma\/wp-json\/wp\/v2\/media\/149"}],"wp:attachment":[{"href":"https:\/\/instytutpolski.pl\/roma\/wp-json\/wp\/v2\/media?parent=97"}],"curies":[{"name":"wp","href":"https:\/\/api.w.org\/{rel}","templated":true}]}}