{"id":2456,"date":"2020-06-15T16:37:47","date_gmt":"2020-06-15T14:37:47","guid":{"rendered":"https:\/\/instytutpolski.pl\/sofia\/?page_id=2456"},"modified":"2021-03-11T14:38:01","modified_gmt":"2021-03-11T13:38:01","slug":"wiktoria-1920","status":"publish","type":"page","link":"https:\/\/instytutpolski.pl\/sofia\/pl\/wiktoria-1920\/","title":{"rendered":"WIKTORIA 1920"},"content":{"rendered":"\n<p><strong>\u201eWiktoria 1920\u201d to 31-odcinkowy, cotygodniowy cykl, w kt\u00f3rym co pi\u0105tek zostaje przedstawiony kolejny tydzie\u0144 prze\u0142omowego roku 1920. Historia zosta\u0142a zapisana wspomnieniami os\u00f3b, kt\u00f3re bra\u0142y udzia\u0142 w tamtych wydarzeniach \u2013 listami, pami\u0119tnikami, notatkami prasowymi, oficjalnymi depeszami. Zebrane \u017ar\u00f3d\u0142a oddaj\u0105 g\u0142os dow\u00f3dcom i \u017co\u0142nierzom, robotnicom, urz\u0119dniczkom, ksi\u0119\u017com, artystkom, mieszka\u0144com miast i wsi.\u00a0Materia\u0142 zosta\u0142 przygotowany przez\u00a0<\/strong><a href=\"https:\/\/karta.org.pl\/\"><strong>O\u015brodek KARTA<\/strong><\/a><strong>\u00a0na zlecenie\u00a0<\/strong><a href=\"http:\/\/niepodlegla.gov.pl\"><strong>Biura Programu NIEPODLEG\u0141A<\/strong><\/a><strong>, w ramach obchod\u00f3w setnej rocznicy odzyskania przez Polsk\u0119 niepodleg\u0142o\u015bci i odbudowy polskiej pa\u0144stwowo\u015bci.<\/strong><\/p>\n<p style=\"text-align: center\"><img loading=\"lazy\" decoding=\"async\" class=\"alignnone wp-image-2457 size-full\" src=\"https:\/\/instytutpolski.pl\/sofia\/wp-content\/uploads\/sites\/8\/2020\/06\/wiktoria_1920_grafika-promocyjna.png\" alt=\"\" width=\"1080\" height=\"419\" srcset=\"https:\/\/instytutpolski.pl\/sofia\/wp-content\/uploads\/sites\/8\/2020\/06\/wiktoria_1920_grafika-promocyjna.png 1080w, https:\/\/instytutpolski.pl\/sofia\/wp-content\/uploads\/sites\/8\/2020\/06\/wiktoria_1920_grafika-promocyjna-300x116.png 300w, https:\/\/instytutpolski.pl\/sofia\/wp-content\/uploads\/sites\/8\/2020\/06\/wiktoria_1920_grafika-promocyjna-1024x397.png 1024w, https:\/\/instytutpolski.pl\/sofia\/wp-content\/uploads\/sites\/8\/2020\/06\/wiktoria_1920_grafika-promocyjna-768x298.png 768w\" sizes=\"auto, (max-width: 1080px) 100vw, 1080px\" \/><\/p>\n","protected":false},"excerpt":{"rendered":"<p>\u201eWiktoria 1920\u201d to 31-odcinkowy, cotygodniowy cykl, w kt\u00f3rym co pi\u0105tek zostaje przedstawiony kolejny tydzie\u0144 prze\u0142omowego roku 1920. Historia zosta\u0142a zapisana wspomnieniami os\u00f3b, kt\u00f3re bra\u0142y udzia\u0142 w tamtych wydarzeniach \u2013 listami, pami\u0119tnikami, notatkami prasowymi, oficjalnymi depeszami. Zebrane \u017ar\u00f3d\u0142a oddaj\u0105 g\u0142os dow\u00f3dcom i \u017co\u0142nierzom, robotnicom, urz\u0119dniczkom, ksi\u0119\u017com, artystkom, mieszka\u0144com miast i wsi.\u00a0Materia\u0142 zosta\u0142 przygotowany przez\u00a0O\u015brodek KARTA\u00a0na zlecenie\u00a0Biura [&hellip;]<\/p>\n","protected":false},"author":26,"featured_media":2547,"parent":0,"menu_order":0,"comment_status":"closed","ping_status":"closed","template":"page-big-event.php","meta":{"inline_featured_image":false,"_monsterinsights_skip_tracking":false,"_monsterinsights_sitenote_active":false,"_monsterinsights_sitenote_note":"","_monsterinsights_sitenote_category":0,"footnotes":""},"class_list":["post-2456","page","type-page","status-publish","has-post-thumbnail","hentry"],"yoast_head":"<!-- This site is optimized with the Yoast SEO plugin v24.6 - https:\/\/yoast.com\/wordpress\/plugins\/seo\/ -->\n<title>WIKTORIA 1920 - Instytut Polski w Sofii<\/title>\n<meta name=\"robots\" content=\"index, follow, max-snippet:-1, max-image-preview:large, max-video-preview:-1\" \/>\n<link rel=\"canonical\" href=\"https:\/\/instytutpolski.pl\/sofia\/pl\/wiktoria-1920\/\" \/>\n<meta property=\"og:locale\" content=\"pl_PL\" \/>\n<meta property=\"og:type\" content=\"article\" \/>\n<meta property=\"og:title\" content=\"WIKTORIA 1920 - Instytut Polski w Sofii\" \/>\n<meta property=\"og:description\" content=\"\u201eWiktoria 1920\u201d to 31-odcinkowy, cotygodniowy cykl, w kt\u00f3rym co pi\u0105tek zostaje przedstawiony kolejny tydzie\u0144 prze\u0142omowego roku 1920. Historia zosta\u0142a zapisana wspomnieniami os\u00f3b, kt\u00f3re bra\u0142y udzia\u0142 w tamtych wydarzeniach \u2013 listami, pami\u0119tnikami, notatkami prasowymi, oficjalnymi depeszami. Zebrane \u017ar\u00f3d\u0142a oddaj\u0105 g\u0142os dow\u00f3dcom i \u017co\u0142nierzom, robotnicom, urz\u0119dniczkom, ksi\u0119\u017com, artystkom, mieszka\u0144com miast i wsi.\u00a0Materia\u0142 zosta\u0142 przygotowany przez\u00a0O\u015brodek KARTA\u00a0na zlecenie\u00a0Biura [&hellip;]\" \/>\n<meta property=\"og:url\" content=\"https:\/\/instytutpolski.pl\/sofia\/pl\/wiktoria-1920\/\" \/>\n<meta property=\"og:site_name\" content=\"Instytut Polski w Sofii\" \/>\n<meta property=\"article:modified_time\" content=\"2021-03-11T13:38:01+00:00\" \/>\n<meta property=\"og:image\" content=\"https:\/\/instytutpolski.pl\/sofia\/wp-content\/uploads\/sites\/8\/2020\/06\/banner_wiktoria_bulgarski.png\" \/>\n\t<meta property=\"og:image:width\" content=\"971\" \/>\n\t<meta property=\"og:image:height\" content=\"377\" \/>\n\t<meta property=\"og:image:type\" content=\"image\/png\" \/>\n<meta name=\"twitter:card\" content=\"summary_large_image\" \/>\n<script type=\"application\/ld+json\" class=\"yoast-schema-graph\">{\"@context\":\"https:\/\/schema.org\",\"@graph\":[{\"@type\":\"WebPage\",\"@id\":\"https:\/\/instytutpolski.pl\/sofia\/pl\/wiktoria-1920\/\",\"url\":\"https:\/\/instytutpolski.pl\/sofia\/pl\/wiktoria-1920\/\",\"name\":\"WIKTORIA 1920 - Instytut Polski w Sofii\",\"isPartOf\":{\"@id\":\"https:\/\/instytutpolski.pl\/sofia\/#website\"},\"primaryImageOfPage\":{\"@id\":\"https:\/\/instytutpolski.pl\/sofia\/pl\/wiktoria-1920\/#primaryimage\"},\"image\":{\"@id\":\"https:\/\/instytutpolski.pl\/sofia\/pl\/wiktoria-1920\/#primaryimage\"},\"thumbnailUrl\":\"https:\/\/instytutpolski.pl\/sofia\/wp-content\/uploads\/sites\/8\/2020\/06\/banner_wiktoria_bulgarski.png\",\"datePublished\":\"2020-06-15T14:37:47+00:00\",\"dateModified\":\"2021-03-11T13:38:01+00:00\",\"breadcrumb\":{\"@id\":\"https:\/\/instytutpolski.pl\/sofia\/pl\/wiktoria-1920\/#breadcrumb\"},\"inLanguage\":\"pl-PL\",\"potentialAction\":[{\"@type\":\"ReadAction\",\"target\":[\"https:\/\/instytutpolski.pl\/sofia\/pl\/wiktoria-1920\/\"]}]},{\"@type\":\"ImageObject\",\"inLanguage\":\"pl-PL\",\"@id\":\"https:\/\/instytutpolski.pl\/sofia\/pl\/wiktoria-1920\/#primaryimage\",\"url\":\"https:\/\/instytutpolski.pl\/sofia\/wp-content\/uploads\/sites\/8\/2020\/06\/banner_wiktoria_bulgarski.png\",\"contentUrl\":\"https:\/\/instytutpolski.pl\/sofia\/wp-content\/uploads\/sites\/8\/2020\/06\/banner_wiktoria_bulgarski.png\",\"width\":971,\"height\":377},{\"@type\":\"BreadcrumbList\",\"@id\":\"https:\/\/instytutpolski.pl\/sofia\/pl\/wiktoria-1920\/#breadcrumb\",\"itemListElement\":[{\"@type\":\"ListItem\",\"position\":1,\"name\":\"Home\",\"item\":\"https:\/\/instytutpolski.pl\/sofia\/\"},{\"@type\":\"ListItem\",\"position\":2,\"name\":\"WIKTORIA 1920\"}]},{\"@type\":\"WebSite\",\"@id\":\"https:\/\/instytutpolski.pl\/sofia\/#website\",\"url\":\"https:\/\/instytutpolski.pl\/sofia\/\",\"name\":\"Instytut Polski w Sofii\",\"description\":\"Instytuty Polskie\",\"potentialAction\":[{\"@type\":\"SearchAction\",\"target\":{\"@type\":\"EntryPoint\",\"urlTemplate\":\"https:\/\/instytutpolski.pl\/sofia\/?s={search_term_string}\"},\"query-input\":{\"@type\":\"PropertyValueSpecification\",\"valueRequired\":true,\"valueName\":\"search_term_string\"}}],\"inLanguage\":\"pl-PL\"}]}<\/script>\n<!-- \/ Yoast SEO plugin. -->","yoast_head_json":{"title":"WIKTORIA 1920 - Instytut Polski w Sofii","robots":{"index":"index","follow":"follow","max-snippet":"max-snippet:-1","max-image-preview":"max-image-preview:large","max-video-preview":"max-video-preview:-1"},"canonical":"https:\/\/instytutpolski.pl\/sofia\/pl\/wiktoria-1920\/","og_locale":"pl_PL","og_type":"article","og_title":"WIKTORIA 1920 - Instytut Polski w Sofii","og_description":"\u201eWiktoria 1920\u201d to 31-odcinkowy, cotygodniowy cykl, w kt\u00f3rym co pi\u0105tek zostaje przedstawiony kolejny tydzie\u0144 prze\u0142omowego roku 1920. Historia zosta\u0142a zapisana wspomnieniami os\u00f3b, kt\u00f3re bra\u0142y udzia\u0142 w tamtych wydarzeniach \u2013 listami, pami\u0119tnikami, notatkami prasowymi, oficjalnymi depeszami. Zebrane \u017ar\u00f3d\u0142a oddaj\u0105 g\u0142os dow\u00f3dcom i \u017co\u0142nierzom, robotnicom, urz\u0119dniczkom, ksi\u0119\u017com, artystkom, mieszka\u0144com miast i wsi.\u00a0Materia\u0142 zosta\u0142 przygotowany przez\u00a0O\u015brodek KARTA\u00a0na zlecenie\u00a0Biura [&hellip;]","og_url":"https:\/\/instytutpolski.pl\/sofia\/pl\/wiktoria-1920\/","og_site_name":"Instytut Polski w Sofii","article_modified_time":"2021-03-11T13:38:01+00:00","og_image":[{"width":971,"height":377,"url":"https:\/\/instytutpolski.pl\/sofia\/wp-content\/uploads\/sites\/8\/2020\/06\/banner_wiktoria_bulgarski.png","type":"image\/png"}],"twitter_card":"summary_large_image","schema":{"@context":"https:\/\/schema.org","@graph":[{"@type":"WebPage","@id":"https:\/\/instytutpolski.pl\/sofia\/pl\/wiktoria-1920\/","url":"https:\/\/instytutpolski.pl\/sofia\/pl\/wiktoria-1920\/","name":"WIKTORIA 1920 - Instytut Polski w Sofii","isPartOf":{"@id":"https:\/\/instytutpolski.pl\/sofia\/#website"},"primaryImageOfPage":{"@id":"https:\/\/instytutpolski.pl\/sofia\/pl\/wiktoria-1920\/#primaryimage"},"image":{"@id":"https:\/\/instytutpolski.pl\/sofia\/pl\/wiktoria-1920\/#primaryimage"},"thumbnailUrl":"https:\/\/instytutpolski.pl\/sofia\/wp-content\/uploads\/sites\/8\/2020\/06\/banner_wiktoria_bulgarski.png","datePublished":"2020-06-15T14:37:47+00:00","dateModified":"2021-03-11T13:38:01+00:00","breadcrumb":{"@id":"https:\/\/instytutpolski.pl\/sofia\/pl\/wiktoria-1920\/#breadcrumb"},"inLanguage":"pl-PL","potentialAction":[{"@type":"ReadAction","target":["https:\/\/instytutpolski.pl\/sofia\/pl\/wiktoria-1920\/"]}]},{"@type":"ImageObject","inLanguage":"pl-PL","@id":"https:\/\/instytutpolski.pl\/sofia\/pl\/wiktoria-1920\/#primaryimage","url":"https:\/\/instytutpolski.pl\/sofia\/wp-content\/uploads\/sites\/8\/2020\/06\/banner_wiktoria_bulgarski.png","contentUrl":"https:\/\/instytutpolski.pl\/sofia\/wp-content\/uploads\/sites\/8\/2020\/06\/banner_wiktoria_bulgarski.png","width":971,"height":377},{"@type":"BreadcrumbList","@id":"https:\/\/instytutpolski.pl\/sofia\/pl\/wiktoria-1920\/#breadcrumb","itemListElement":[{"@type":"ListItem","position":1,"name":"Home","item":"https:\/\/instytutpolski.pl\/sofia\/"},{"@type":"ListItem","position":2,"name":"WIKTORIA 1920"}]},{"@type":"WebSite","@id":"https:\/\/instytutpolski.pl\/sofia\/#website","url":"https:\/\/instytutpolski.pl\/sofia\/","name":"Instytut Polski w Sofii","description":"Instytuty Polskie","potentialAction":[{"@type":"SearchAction","target":{"@type":"EntryPoint","urlTemplate":"https:\/\/instytutpolski.pl\/sofia\/?s={search_term_string}"},"query-input":{"@type":"PropertyValueSpecification","valueRequired":true,"valueName":"search_term_string"}}],"inLanguage":"pl-PL"}]}},"_links":{"self":[{"href":"https:\/\/instytutpolski.pl\/sofia\/wp-json\/wp\/v2\/pages\/2456","targetHints":{"allow":["GET"]}}],"collection":[{"href":"https:\/\/instytutpolski.pl\/sofia\/wp-json\/wp\/v2\/pages"}],"about":[{"href":"https:\/\/instytutpolski.pl\/sofia\/wp-json\/wp\/v2\/types\/page"}],"author":[{"embeddable":true,"href":"https:\/\/instytutpolski.pl\/sofia\/wp-json\/wp\/v2\/users\/26"}],"replies":[{"embeddable":true,"href":"https:\/\/instytutpolski.pl\/sofia\/wp-json\/wp\/v2\/comments?post=2456"}],"version-history":[{"count":45,"href":"https:\/\/instytutpolski.pl\/sofia\/wp-json\/wp\/v2\/pages\/2456\/revisions"}],"predecessor-version":[{"id":4363,"href":"https:\/\/instytutpolski.pl\/sofia\/wp-json\/wp\/v2\/pages\/2456\/revisions\/4363"}],"wp:featuredmedia":[{"embeddable":true,"href":"https:\/\/instytutpolski.pl\/sofia\/wp-json\/wp\/v2\/media\/2547"}],"wp:attachment":[{"href":"https:\/\/instytutpolski.pl\/sofia\/wp-json\/wp\/v2\/media?parent=2456"}],"curies":[{"name":"wp","href":"https:\/\/api.w.org\/{rel}","templated":true}]}}