{"id":4860,"date":"2021-05-27T13:43:00","date_gmt":"2021-05-27T11:43:00","guid":{"rendered":"https:\/\/instytutpolski.pl\/sofia\/?page_id=4860"},"modified":"2021-05-27T13:48:24","modified_gmt":"2021-05-27T11:48:24","slug":"przyjmowanie-petycji-skarg-i-wnioskow","status":"publish","type":"page","link":"https:\/\/instytutpolski.pl\/sofia\/pl\/przyjmowanie-petycji-skarg-i-wnioskow\/","title":{"rendered":"Przyjmowanie petycji, skarg i wniosk\u00f3w"},"content":{"rendered":"\n<p><strong>Petycje, skargi i wnioski w formie pisemnej mo\u017cna sk\u0142ada\u0107:<\/strong><\/p>\n<p>&#8211;\u00a0\u00a0\u00a0\u00a0\u00a0\u00a0\u00a0 za po\u015brednictwem poczty tradycyjnej:<\/p>\n<p><strong>Instytut Polski w Sofii<\/strong><\/p>\n<p><strong>1000 Sofia<\/strong><\/p>\n<p><strong>ul. Weslec 12<\/strong><\/p>\n<p>&#8211;\u00a0\u00a0\u00a0\u00a0\u00a0\u00a0\u00a0 za po\u015brednictwem poczty elektronicznej na adres:<\/p>\n<p><strong><a href=\"mailto:sofia@instytutpolski.pl\">sofia@instytutpolski.pl<\/a> z dopiskiem \u201ePetycje, skargi i wnioski\u201d<\/strong><\/p>\n<p>&#8211;\u00a0\u00a0\u00a0\u00a0\u00a0\u00a0\u00a0 osobi\u015bcie w sekretariacie Instytutu Polskiego w Sofii, przy ul. Weslec 12<\/p>\n<p>\u00a0<\/p>\n<p><strong>Dyrektor Instytutu Polskiego w Sofii przyjmuje interesant\u00f3w w ka\u017cdy pi\u0105tek od godziny 12:00 do 13:00\u00a0 (a w przypadku przypadaj\u0105cego na ten dzie\u0144 \u015bwi\u0119ta w kolejny dzie\u0144 roboczy).<\/strong><\/p>\n<p>Podczas nieobecno\u015bci zast\u0119puje go w tej roli pracownik sekretariatu.<\/p>\n<p>Petycje, skargi i wnioski zg\u0142aszane ustnie spisywane s\u0105 w formie protoko\u0142u.<\/p>\n<p>Petycja, skarga lub wniosek powinna zawiera\u0107:<\/p>\n<p>&#8211;\u00a0\u00a0\u00a0\u00a0\u00a0\u00a0\u00a0 Imi\u0119 i nazwisko wnosz\u0105cego<\/p>\n<p>&#8211;\u00a0\u00a0\u00a0\u00a0\u00a0\u00a0\u00a0 Adres do korespondencji<\/p>\n<p>Dokumenty nie zawieraj\u0105ce powy\u017cszych danych pozostawione zostan\u0105 bez odpowiedzi.<\/p>\n","protected":false},"excerpt":{"rendered":"<p>Petycje, skargi i wnioski w formie pisemnej mo\u017cna sk\u0142ada\u0107: &#8211;\u00a0\u00a0\u00a0\u00a0\u00a0\u00a0\u00a0 za po\u015brednictwem poczty tradycyjnej: Instytut Polski w Sofii 1000 Sofia ul. Weslec 12 &#8211;\u00a0\u00a0\u00a0\u00a0\u00a0\u00a0\u00a0 za po\u015brednictwem poczty elektronicznej na adres: sofia@instytutpolski.pl z dopiskiem \u201ePetycje, skargi i wnioski\u201d &#8211;\u00a0\u00a0\u00a0\u00a0\u00a0\u00a0\u00a0 osobi\u015bcie w sekretariacie Instytutu Polskiego w Sofii, przy ul. Weslec 12 \u00a0 Dyrektor Instytutu Polskiego w Sofii [&hellip;]<\/p>\n","protected":false},"author":20,"featured_media":0,"parent":0,"menu_order":0,"comment_status":"closed","ping_status":"closed","template":"","meta":{"inline_featured_image":false,"_monsterinsights_skip_tracking":false,"_monsterinsights_sitenote_active":false,"_monsterinsights_sitenote_note":"","_monsterinsights_sitenote_category":0,"footnotes":""},"class_list":["post-4860","page","type-page","status-publish","hentry"],"yoast_head":"<!-- This site is optimized with the Yoast SEO plugin v24.6 - https:\/\/yoast.com\/wordpress\/plugins\/seo\/ -->\n<title>Przyjmowanie petycji, skarg i wniosk\u00f3w - Instytut Polski w Sofii<\/title>\n<meta name=\"robots\" content=\"index, follow, max-snippet:-1, max-image-preview:large, max-video-preview:-1\" \/>\n<link rel=\"canonical\" href=\"https:\/\/instytutpolski.pl\/sofia\/pl\/przyjmowanie-petycji-skarg-i-wnioskow\/\" \/>\n<meta property=\"og:locale\" content=\"pl_PL\" \/>\n<meta property=\"og:type\" content=\"article\" \/>\n<meta property=\"og:title\" content=\"Przyjmowanie petycji, skarg i wniosk\u00f3w - Instytut Polski w Sofii\" \/>\n<meta property=\"og:description\" content=\"Petycje, skargi i wnioski w formie pisemnej mo\u017cna sk\u0142ada\u0107: &#8211;\u00a0\u00a0\u00a0\u00a0\u00a0\u00a0\u00a0 za po\u015brednictwem poczty tradycyjnej: Instytut Polski w Sofii 1000 Sofia ul. Weslec 12 &#8211;\u00a0\u00a0\u00a0\u00a0\u00a0\u00a0\u00a0 za po\u015brednictwem poczty elektronicznej na adres: sofia@instytutpolski.pl z dopiskiem \u201ePetycje, skargi i wnioski\u201d &#8211;\u00a0\u00a0\u00a0\u00a0\u00a0\u00a0\u00a0 osobi\u015bcie w sekretariacie Instytutu Polskiego w Sofii, przy ul. Weslec 12 \u00a0 Dyrektor Instytutu Polskiego w Sofii [&hellip;]\" \/>\n<meta property=\"og:url\" content=\"https:\/\/instytutpolski.pl\/sofia\/pl\/przyjmowanie-petycji-skarg-i-wnioskow\/\" \/>\n<meta property=\"og:site_name\" content=\"Instytut Polski w Sofii\" \/>\n<meta property=\"article:modified_time\" content=\"2021-05-27T11:48:24+00:00\" \/>\n<meta name=\"twitter:card\" content=\"summary_large_image\" \/>\n<meta name=\"twitter:label1\" content=\"Szacowany czas czytania\" \/>\n\t<meta name=\"twitter:data1\" content=\"1 minuta\" \/>\n<script type=\"application\/ld+json\" class=\"yoast-schema-graph\">{\"@context\":\"https:\/\/schema.org\",\"@graph\":[{\"@type\":\"WebPage\",\"@id\":\"https:\/\/instytutpolski.pl\/sofia\/pl\/przyjmowanie-petycji-skarg-i-wnioskow\/\",\"url\":\"https:\/\/instytutpolski.pl\/sofia\/pl\/przyjmowanie-petycji-skarg-i-wnioskow\/\",\"name\":\"Przyjmowanie petycji, skarg i wniosk\u00f3w - Instytut Polski w Sofii\",\"isPartOf\":{\"@id\":\"https:\/\/instytutpolski.pl\/sofia\/#website\"},\"datePublished\":\"2021-05-27T11:43:00+00:00\",\"dateModified\":\"2021-05-27T11:48:24+00:00\",\"breadcrumb\":{\"@id\":\"https:\/\/instytutpolski.pl\/sofia\/pl\/przyjmowanie-petycji-skarg-i-wnioskow\/#breadcrumb\"},\"inLanguage\":\"pl-PL\",\"potentialAction\":[{\"@type\":\"ReadAction\",\"target\":[\"https:\/\/instytutpolski.pl\/sofia\/pl\/przyjmowanie-petycji-skarg-i-wnioskow\/\"]}]},{\"@type\":\"BreadcrumbList\",\"@id\":\"https:\/\/instytutpolski.pl\/sofia\/pl\/przyjmowanie-petycji-skarg-i-wnioskow\/#breadcrumb\",\"itemListElement\":[{\"@type\":\"ListItem\",\"position\":1,\"name\":\"Home\",\"item\":\"https:\/\/instytutpolski.pl\/sofia\/\"},{\"@type\":\"ListItem\",\"position\":2,\"name\":\"Przyjmowanie petycji, skarg i wniosk\u00f3w\"}]},{\"@type\":\"WebSite\",\"@id\":\"https:\/\/instytutpolski.pl\/sofia\/#website\",\"url\":\"https:\/\/instytutpolski.pl\/sofia\/\",\"name\":\"Instytut Polski w Sofii\",\"description\":\"Instytuty Polskie\",\"potentialAction\":[{\"@type\":\"SearchAction\",\"target\":{\"@type\":\"EntryPoint\",\"urlTemplate\":\"https:\/\/instytutpolski.pl\/sofia\/?s={search_term_string}\"},\"query-input\":{\"@type\":\"PropertyValueSpecification\",\"valueRequired\":true,\"valueName\":\"search_term_string\"}}],\"inLanguage\":\"pl-PL\"}]}<\/script>\n<!-- \/ Yoast SEO plugin. -->","yoast_head_json":{"title":"Przyjmowanie petycji, skarg i wniosk\u00f3w - Instytut Polski w Sofii","robots":{"index":"index","follow":"follow","max-snippet":"max-snippet:-1","max-image-preview":"max-image-preview:large","max-video-preview":"max-video-preview:-1"},"canonical":"https:\/\/instytutpolski.pl\/sofia\/pl\/przyjmowanie-petycji-skarg-i-wnioskow\/","og_locale":"pl_PL","og_type":"article","og_title":"Przyjmowanie petycji, skarg i wniosk\u00f3w - Instytut Polski w Sofii","og_description":"Petycje, skargi i wnioski w formie pisemnej mo\u017cna sk\u0142ada\u0107: &#8211;\u00a0\u00a0\u00a0\u00a0\u00a0\u00a0\u00a0 za po\u015brednictwem poczty tradycyjnej: Instytut Polski w Sofii 1000 Sofia ul. Weslec 12 &#8211;\u00a0\u00a0\u00a0\u00a0\u00a0\u00a0\u00a0 za po\u015brednictwem poczty elektronicznej na adres: sofia@instytutpolski.pl z dopiskiem \u201ePetycje, skargi i wnioski\u201d &#8211;\u00a0\u00a0\u00a0\u00a0\u00a0\u00a0\u00a0 osobi\u015bcie w sekretariacie Instytutu Polskiego w Sofii, przy ul. Weslec 12 \u00a0 Dyrektor Instytutu Polskiego w Sofii [&hellip;]","og_url":"https:\/\/instytutpolski.pl\/sofia\/pl\/przyjmowanie-petycji-skarg-i-wnioskow\/","og_site_name":"Instytut Polski w Sofii","article_modified_time":"2021-05-27T11:48:24+00:00","twitter_card":"summary_large_image","twitter_misc":{"Szacowany czas czytania":"1 minuta"},"schema":{"@context":"https:\/\/schema.org","@graph":[{"@type":"WebPage","@id":"https:\/\/instytutpolski.pl\/sofia\/pl\/przyjmowanie-petycji-skarg-i-wnioskow\/","url":"https:\/\/instytutpolski.pl\/sofia\/pl\/przyjmowanie-petycji-skarg-i-wnioskow\/","name":"Przyjmowanie petycji, skarg i wniosk\u00f3w - Instytut Polski w Sofii","isPartOf":{"@id":"https:\/\/instytutpolski.pl\/sofia\/#website"},"datePublished":"2021-05-27T11:43:00+00:00","dateModified":"2021-05-27T11:48:24+00:00","breadcrumb":{"@id":"https:\/\/instytutpolski.pl\/sofia\/pl\/przyjmowanie-petycji-skarg-i-wnioskow\/#breadcrumb"},"inLanguage":"pl-PL","potentialAction":[{"@type":"ReadAction","target":["https:\/\/instytutpolski.pl\/sofia\/pl\/przyjmowanie-petycji-skarg-i-wnioskow\/"]}]},{"@type":"BreadcrumbList","@id":"https:\/\/instytutpolski.pl\/sofia\/pl\/przyjmowanie-petycji-skarg-i-wnioskow\/#breadcrumb","itemListElement":[{"@type":"ListItem","position":1,"name":"Home","item":"https:\/\/instytutpolski.pl\/sofia\/"},{"@type":"ListItem","position":2,"name":"Przyjmowanie petycji, skarg i wniosk\u00f3w"}]},{"@type":"WebSite","@id":"https:\/\/instytutpolski.pl\/sofia\/#website","url":"https:\/\/instytutpolski.pl\/sofia\/","name":"Instytut Polski w Sofii","description":"Instytuty Polskie","potentialAction":[{"@type":"SearchAction","target":{"@type":"EntryPoint","urlTemplate":"https:\/\/instytutpolski.pl\/sofia\/?s={search_term_string}"},"query-input":{"@type":"PropertyValueSpecification","valueRequired":true,"valueName":"search_term_string"}}],"inLanguage":"pl-PL"}]}},"_links":{"self":[{"href":"https:\/\/instytutpolski.pl\/sofia\/wp-json\/wp\/v2\/pages\/4860","targetHints":{"allow":["GET"]}}],"collection":[{"href":"https:\/\/instytutpolski.pl\/sofia\/wp-json\/wp\/v2\/pages"}],"about":[{"href":"https:\/\/instytutpolski.pl\/sofia\/wp-json\/wp\/v2\/types\/page"}],"author":[{"embeddable":true,"href":"https:\/\/instytutpolski.pl\/sofia\/wp-json\/wp\/v2\/users\/20"}],"replies":[{"embeddable":true,"href":"https:\/\/instytutpolski.pl\/sofia\/wp-json\/wp\/v2\/comments?post=4860"}],"version-history":[{"count":2,"href":"https:\/\/instytutpolski.pl\/sofia\/wp-json\/wp\/v2\/pages\/4860\/revisions"}],"predecessor-version":[{"id":4865,"href":"https:\/\/instytutpolski.pl\/sofia\/wp-json\/wp\/v2\/pages\/4860\/revisions\/4865"}],"wp:attachment":[{"href":"https:\/\/instytutpolski.pl\/sofia\/wp-json\/wp\/v2\/media?parent=4860"}],"curies":[{"name":"wp","href":"https:\/\/api.w.org\/{rel}","templated":true}]}}