{"id":529,"date":"2019-05-24T11:25:13","date_gmt":"2019-05-24T09:25:13","guid":{"rendered":"https:\/\/instytutpolski.pl\/sofia\/?page_id=529"},"modified":"2019-05-24T14:50:20","modified_gmt":"2019-05-24T12:50:20","slug":"kursy-jezyka-polskiego","status":"publish","type":"page","link":"https:\/\/instytutpolski.pl\/sofia\/pl\/kursy-jezyka-polskiego\/","title":{"rendered":"Kursy j\u0119zyka polskiego"},"content":{"rendered":"\n<p><strong>KURSY J\u0118ZYKA W BU\u0141GARII<\/strong><\/p>\n<p>Instytut Polski w Sofii organizuje\u00a0<strong>kursy j\u0119zyka polskiego dla pocz\u0105tkuj\u0105cych i zaawansowanych<\/strong>. Zaj\u0119cia rozpoczynaj\u0105 si\u0119 8 pa\u017adziernika, zapisy od 17 wrze\u015bnia 2018 r.<\/p>\n<p><strong>ZAJ\u0118CJA:<\/strong><\/p>\n<p><strong>poniedzia\u0142ki, \u015brody<\/strong>\u00a0(dla pocz\u0105tkuj\u0105cych) od godz. 19.00<\/p>\n<p><strong>wtorki, czwartki<\/strong>\u00a0(dla zaawansowanych) od godz. 19.00<\/p>\n<p>Zapisy do wszystkich grup przyjmuje:<br \/><strong>Julian Bo\u017ckow \u2013 jbozhkoff@abv.bg, tel. kom. +359 889 896 588<\/strong><\/p>\n<p><strong>KURSY J\u0118ZYKA W POLSCE<\/strong><\/p>\n<p><strong>Szko\u0142a J\u0119zyka i Kultury Polskiej<\/strong><\/p>\n<p>Uniwersytet \u015al\u0105ski<\/p>\n<p>pl. Sejmu \u015al. 1, 40-032 Katowice, POLAND<\/p>\n<p>tel.\/ fax: (+48 32) 25 12 991, tel. (+48 32) 2009 424<\/p>\n<p>e-mail: szkola@us.edu.pl<\/p>\n<p><a href=\"http:\/\/www.sjikp.us.edu.pl\/en\/polish-language-courses\/\" target=\"_blank\" rel=\"noopener noreferrer\">http:\/\/www.sjikp.us.edu.pl\/en\/polish-language-courses\/<\/a><\/p>\n<p><strong>Stowarzyszenie \u201cWsp\u00f3lnota Polska\u201d<\/strong><\/p>\n<p>Oddzia\u0142 w Krakowie<\/p>\n<p>31-008 Krak\u00f3w<\/p>\n<p>Rynek G\u0142\u00f3wny 14<\/p>\n<p>tel\/fax 124224355, 124226158<\/p>\n<p><a href=\"http:\/\/www.kurspolskiego.pl\/pl\/Kontakt\/\"><img decoding=\"async\" class=\"alignleft size-full wp-image-771\" title=\"m.1023\" src=\"http:\/\/institutpolski.org\/wp-content\/uploads\/2012\/10\/m.1023.jpg\" alt=\"\" \/><\/a><strong>Varia \u2013 Centrum J\u0119zyka Polskiego<\/strong><\/p>\n<p>ul. Micha\u0142owskiego 2\/3<\/p>\n<div>31-126 Krak\u00f3w, Polska<\/div>\n<div>e-mail:\u00a0<a href=\"mailto:info@kurspolskiego.pl\">info@kurspolskiego.pl<\/a><\/div>\n<div>tel.: +48 12 633 58 71<\/div>\n<div>\u00a0 \u00a0 \u00a0 \u00a0+48 12 630 58 65<\/div>\n","protected":false},"excerpt":{"rendered":"<p>KURSY J\u0118ZYKA W BU\u0141GARII Instytut Polski w Sofii organizuje\u00a0kursy j\u0119zyka polskiego dla pocz\u0105tkuj\u0105cych i zaawansowanych. Zaj\u0119cia rozpoczynaj\u0105 si\u0119 8 pa\u017adziernika, zapisy od 17 wrze\u015bnia 2018 r. ZAJ\u0118CJA: poniedzia\u0142ki, \u015brody\u00a0(dla pocz\u0105tkuj\u0105cych) od godz. 19.00 wtorki, czwartki\u00a0(dla zaawansowanych) od godz. 19.00 Zapisy do wszystkich grup przyjmuje:Julian Bo\u017ckow \u2013 jbozhkoff@abv.bg, tel. kom. +359 889 896 588 KURSY J\u0118ZYKA [&hellip;]<\/p>\n","protected":false},"author":1,"featured_media":530,"parent":0,"menu_order":0,"comment_status":"closed","ping_status":"closed","template":"","meta":{"inline_featured_image":false,"_monsterinsights_skip_tracking":false,"_monsterinsights_sitenote_active":false,"_monsterinsights_sitenote_note":"","_monsterinsights_sitenote_category":0,"footnotes":""},"class_list":["post-529","page","type-page","status-publish","has-post-thumbnail","hentry"],"yoast_head":"<!-- This site is optimized with the Yoast SEO plugin v24.6 - https:\/\/yoast.com\/wordpress\/plugins\/seo\/ -->\n<title>Kursy j\u0119zyka polskiego - Instytut Polski w Sofii<\/title>\n<meta name=\"robots\" content=\"index, follow, max-snippet:-1, max-image-preview:large, max-video-preview:-1\" \/>\n<link rel=\"canonical\" href=\"https:\/\/instytutpolski.pl\/sofia\/pl\/kursy-jezyka-polskiego\/\" \/>\n<meta property=\"og:locale\" content=\"pl_PL\" \/>\n<meta property=\"og:type\" content=\"article\" \/>\n<meta property=\"og:title\" content=\"Kursy j\u0119zyka polskiego - Instytut Polski w Sofii\" \/>\n<meta property=\"og:description\" content=\"KURSY J\u0118ZYKA W BU\u0141GARII Instytut Polski w Sofii organizuje\u00a0kursy j\u0119zyka polskiego dla pocz\u0105tkuj\u0105cych i zaawansowanych. Zaj\u0119cia rozpoczynaj\u0105 si\u0119 8 pa\u017adziernika, zapisy od 17 wrze\u015bnia 2018 r. ZAJ\u0118CJA: poniedzia\u0142ki, \u015brody\u00a0(dla pocz\u0105tkuj\u0105cych) od godz. 19.00 wtorki, czwartki\u00a0(dla zaawansowanych) od godz. 19.00 Zapisy do wszystkich grup przyjmuje:Julian Bo\u017ckow \u2013 jbozhkoff@abv.bg, tel. kom. +359 889 896 588 KURSY J\u0118ZYKA [&hellip;]\" \/>\n<meta property=\"og:url\" content=\"https:\/\/instytutpolski.pl\/sofia\/pl\/kursy-jezyka-polskiego\/\" \/>\n<meta property=\"og:site_name\" content=\"Instytut Polski w Sofii\" \/>\n<meta property=\"article:modified_time\" content=\"2019-05-24T12:50:20+00:00\" \/>\n<meta property=\"og:image\" content=\"https:\/\/instytutpolski.pl\/sofia\/wp-content\/uploads\/sites\/8\/2019\/05\/thumb-20.jpg\" \/>\n\t<meta property=\"og:image:width\" content=\"920\" \/>\n\t<meta property=\"og:image:height\" content=\"350\" \/>\n\t<meta property=\"og:image:type\" content=\"image\/jpeg\" \/>\n<meta name=\"twitter:card\" content=\"summary_large_image\" \/>\n<meta name=\"twitter:label1\" content=\"Szacowany czas czytania\" \/>\n\t<meta name=\"twitter:data1\" content=\"1 minuta\" \/>\n<script type=\"application\/ld+json\" class=\"yoast-schema-graph\">{\"@context\":\"https:\/\/schema.org\",\"@graph\":[{\"@type\":\"WebPage\",\"@id\":\"https:\/\/instytutpolski.pl\/sofia\/pl\/kursy-jezyka-polskiego\/\",\"url\":\"https:\/\/instytutpolski.pl\/sofia\/pl\/kursy-jezyka-polskiego\/\",\"name\":\"Kursy j\u0119zyka polskiego - Instytut Polski w Sofii\",\"isPartOf\":{\"@id\":\"https:\/\/instytutpolski.pl\/sofia\/#website\"},\"primaryImageOfPage\":{\"@id\":\"https:\/\/instytutpolski.pl\/sofia\/pl\/kursy-jezyka-polskiego\/#primaryimage\"},\"image\":{\"@id\":\"https:\/\/instytutpolski.pl\/sofia\/pl\/kursy-jezyka-polskiego\/#primaryimage\"},\"thumbnailUrl\":\"https:\/\/instytutpolski.pl\/sofia\/wp-content\/uploads\/sites\/8\/2019\/05\/thumb-20.jpg\",\"datePublished\":\"2019-05-24T09:25:13+00:00\",\"dateModified\":\"2019-05-24T12:50:20+00:00\",\"breadcrumb\":{\"@id\":\"https:\/\/instytutpolski.pl\/sofia\/pl\/kursy-jezyka-polskiego\/#breadcrumb\"},\"inLanguage\":\"pl-PL\",\"potentialAction\":[{\"@type\":\"ReadAction\",\"target\":[\"https:\/\/instytutpolski.pl\/sofia\/pl\/kursy-jezyka-polskiego\/\"]}]},{\"@type\":\"ImageObject\",\"inLanguage\":\"pl-PL\",\"@id\":\"https:\/\/instytutpolski.pl\/sofia\/pl\/kursy-jezyka-polskiego\/#primaryimage\",\"url\":\"https:\/\/instytutpolski.pl\/sofia\/wp-content\/uploads\/sites\/8\/2019\/05\/thumb-20.jpg\",\"contentUrl\":\"https:\/\/instytutpolski.pl\/sofia\/wp-content\/uploads\/sites\/8\/2019\/05\/thumb-20.jpg\",\"width\":920,\"height\":350},{\"@type\":\"BreadcrumbList\",\"@id\":\"https:\/\/instytutpolski.pl\/sofia\/pl\/kursy-jezyka-polskiego\/#breadcrumb\",\"itemListElement\":[{\"@type\":\"ListItem\",\"position\":1,\"name\":\"Home\",\"item\":\"https:\/\/instytutpolski.pl\/sofia\/\"},{\"@type\":\"ListItem\",\"position\":2,\"name\":\"Kursy j\u0119zyka polskiego\"}]},{\"@type\":\"WebSite\",\"@id\":\"https:\/\/instytutpolski.pl\/sofia\/#website\",\"url\":\"https:\/\/instytutpolski.pl\/sofia\/\",\"name\":\"Instytut Polski w Sofii\",\"description\":\"Instytuty Polskie\",\"potentialAction\":[{\"@type\":\"SearchAction\",\"target\":{\"@type\":\"EntryPoint\",\"urlTemplate\":\"https:\/\/instytutpolski.pl\/sofia\/?s={search_term_string}\"},\"query-input\":{\"@type\":\"PropertyValueSpecification\",\"valueRequired\":true,\"valueName\":\"search_term_string\"}}],\"inLanguage\":\"pl-PL\"}]}<\/script>\n<!-- \/ Yoast SEO plugin. -->","yoast_head_json":{"title":"Kursy j\u0119zyka polskiego - Instytut Polski w Sofii","robots":{"index":"index","follow":"follow","max-snippet":"max-snippet:-1","max-image-preview":"max-image-preview:large","max-video-preview":"max-video-preview:-1"},"canonical":"https:\/\/instytutpolski.pl\/sofia\/pl\/kursy-jezyka-polskiego\/","og_locale":"pl_PL","og_type":"article","og_title":"Kursy j\u0119zyka polskiego - Instytut Polski w Sofii","og_description":"KURSY J\u0118ZYKA W BU\u0141GARII Instytut Polski w Sofii organizuje\u00a0kursy j\u0119zyka polskiego dla pocz\u0105tkuj\u0105cych i zaawansowanych. Zaj\u0119cia rozpoczynaj\u0105 si\u0119 8 pa\u017adziernika, zapisy od 17 wrze\u015bnia 2018 r. ZAJ\u0118CJA: poniedzia\u0142ki, \u015brody\u00a0(dla pocz\u0105tkuj\u0105cych) od godz. 19.00 wtorki, czwartki\u00a0(dla zaawansowanych) od godz. 19.00 Zapisy do wszystkich grup przyjmuje:Julian Bo\u017ckow \u2013 jbozhkoff@abv.bg, tel. kom. +359 889 896 588 KURSY J\u0118ZYKA [&hellip;]","og_url":"https:\/\/instytutpolski.pl\/sofia\/pl\/kursy-jezyka-polskiego\/","og_site_name":"Instytut Polski w Sofii","article_modified_time":"2019-05-24T12:50:20+00:00","og_image":[{"width":920,"height":350,"url":"https:\/\/instytutpolski.pl\/sofia\/wp-content\/uploads\/sites\/8\/2019\/05\/thumb-20.jpg","type":"image\/jpeg"}],"twitter_card":"summary_large_image","twitter_misc":{"Szacowany czas czytania":"1 minuta"},"schema":{"@context":"https:\/\/schema.org","@graph":[{"@type":"WebPage","@id":"https:\/\/instytutpolski.pl\/sofia\/pl\/kursy-jezyka-polskiego\/","url":"https:\/\/instytutpolski.pl\/sofia\/pl\/kursy-jezyka-polskiego\/","name":"Kursy j\u0119zyka polskiego - Instytut Polski w Sofii","isPartOf":{"@id":"https:\/\/instytutpolski.pl\/sofia\/#website"},"primaryImageOfPage":{"@id":"https:\/\/instytutpolski.pl\/sofia\/pl\/kursy-jezyka-polskiego\/#primaryimage"},"image":{"@id":"https:\/\/instytutpolski.pl\/sofia\/pl\/kursy-jezyka-polskiego\/#primaryimage"},"thumbnailUrl":"https:\/\/instytutpolski.pl\/sofia\/wp-content\/uploads\/sites\/8\/2019\/05\/thumb-20.jpg","datePublished":"2019-05-24T09:25:13+00:00","dateModified":"2019-05-24T12:50:20+00:00","breadcrumb":{"@id":"https:\/\/instytutpolski.pl\/sofia\/pl\/kursy-jezyka-polskiego\/#breadcrumb"},"inLanguage":"pl-PL","potentialAction":[{"@type":"ReadAction","target":["https:\/\/instytutpolski.pl\/sofia\/pl\/kursy-jezyka-polskiego\/"]}]},{"@type":"ImageObject","inLanguage":"pl-PL","@id":"https:\/\/instytutpolski.pl\/sofia\/pl\/kursy-jezyka-polskiego\/#primaryimage","url":"https:\/\/instytutpolski.pl\/sofia\/wp-content\/uploads\/sites\/8\/2019\/05\/thumb-20.jpg","contentUrl":"https:\/\/instytutpolski.pl\/sofia\/wp-content\/uploads\/sites\/8\/2019\/05\/thumb-20.jpg","width":920,"height":350},{"@type":"BreadcrumbList","@id":"https:\/\/instytutpolski.pl\/sofia\/pl\/kursy-jezyka-polskiego\/#breadcrumb","itemListElement":[{"@type":"ListItem","position":1,"name":"Home","item":"https:\/\/instytutpolski.pl\/sofia\/"},{"@type":"ListItem","position":2,"name":"Kursy j\u0119zyka polskiego"}]},{"@type":"WebSite","@id":"https:\/\/instytutpolski.pl\/sofia\/#website","url":"https:\/\/instytutpolski.pl\/sofia\/","name":"Instytut Polski w Sofii","description":"Instytuty Polskie","potentialAction":[{"@type":"SearchAction","target":{"@type":"EntryPoint","urlTemplate":"https:\/\/instytutpolski.pl\/sofia\/?s={search_term_string}"},"query-input":{"@type":"PropertyValueSpecification","valueRequired":true,"valueName":"search_term_string"}}],"inLanguage":"pl-PL"}]}},"_links":{"self":[{"href":"https:\/\/instytutpolski.pl\/sofia\/wp-json\/wp\/v2\/pages\/529","targetHints":{"allow":["GET"]}}],"collection":[{"href":"https:\/\/instytutpolski.pl\/sofia\/wp-json\/wp\/v2\/pages"}],"about":[{"href":"https:\/\/instytutpolski.pl\/sofia\/wp-json\/wp\/v2\/types\/page"}],"author":[{"embeddable":true,"href":"https:\/\/instytutpolski.pl\/sofia\/wp-json\/wp\/v2\/users\/1"}],"replies":[{"embeddable":true,"href":"https:\/\/instytutpolski.pl\/sofia\/wp-json\/wp\/v2\/comments?post=529"}],"version-history":[{"count":1,"href":"https:\/\/instytutpolski.pl\/sofia\/wp-json\/wp\/v2\/pages\/529\/revisions"}],"predecessor-version":[{"id":531,"href":"https:\/\/instytutpolski.pl\/sofia\/wp-json\/wp\/v2\/pages\/529\/revisions\/531"}],"wp:featuredmedia":[{"embeddable":true,"href":"https:\/\/instytutpolski.pl\/sofia\/wp-json\/wp\/v2\/media\/530"}],"wp:attachment":[{"href":"https:\/\/instytutpolski.pl\/sofia\/wp-json\/wp\/v2\/media?parent=529"}],"curies":[{"name":"wp","href":"https:\/\/api.w.org\/{rel}","templated":true}]}}