{"id":585,"date":"2019-05-24T11:28:25","date_gmt":"2019-05-24T09:28:25","guid":{"rendered":"https:\/\/instytutpolski.pl\/sofia\/?page_id=585"},"modified":"2019-06-26T09:20:14","modified_gmt":"2019-06-26T07:20:14","slug":"newsletter-2","status":"publish","type":"page","link":"https:\/\/instytutpolski.pl\/sofia\/newsletter-2\/","title":{"rendered":"\u0411\u044e\u043b\u0435\u0442\u0438\u043d"},"content":{"rendered":"\n<!-- Widget Shortcode --><div id=\"acymailing_subform_widget-4\" class=\"widget widget_acymailing_subform_widget widget-shortcode area-footer-4 \"><script type=\"text\/javascript\">\tif(typeof acymailingModule == 'undefined'){\r\n\t\t\t\tvar acymailingModule = [];\r\n\t\t\t}\r\n\t\t\t\r\n\t\t\tacymailingModule['emailRegex'] = \/^[a-z0-9!#$%&\\'*+\\\/=?^_`{|}~-]+(?:\\.[a-z0-9!#$%&\\'*+\\\/=?^_`{|}~-]+)*\\@([a-z0-9-]+\\.)+[a-z0-9]{2,20}$\/i;\r\n\r\n\t\t\tacymailingModule['NAMECAPTION'] = 'Imi\u0119';\r\n\t\t\tacymailingModule['NAME_MISSING'] = 'Wpisz swoje imi\u0119';\r\n\t\t\tacymailingModule['EMAILCAPTION'] = 'E-mail';\r\n\t\t\tacymailingModule['VALID_EMAIL'] = 'Wpisz prawid\u0142owy adres e-mail';\r\n\t\t\tacymailingModule['ACCEPT_TERMS'] = 'Zapoznaj si\u0119 z regulaminem';\r\n\t\t\tacymailingModule['CAPTCHA_MISSING'] = 'Wpisz kod wy\u015bwietlony na obrazku';\r\n\t\t\tacymailingModule['NO_LIST_SELECTED'] = 'Prosz\u0119 wybra\u0107 listy kt\u00f3re chcesz prenumerowa\u0107';\r\n\t\t<\/script><script type=\"text\/javascript\" src=\"https:\/\/instytutpolski.pl\/sofia\/wp-content\/plugins\/acymailing5\/media\/js\/acymailing_module.js?v=5107\" async><\/script><link rel=\"stylesheet\" href=\"https:\/\/instytutpolski.pl\/sofia\/wp-content\/plugins\/acymailing5\/media\/css\/module_default.css?v=1554200310\" type=\"text\/css\"><h2 class=\"widgettitle\">\u0411\u044e\u043b\u0435\u0442\u0438\u043d<\/h2><script type=\"text\/javascript\">\n                    <!--\n                        \n                acymailingModule['level'] = 'enterprise';\n                acymailingModule['reqFieldsformAcymailing10881'] = Array('html','rodo');\n                    acymailingModule['validFieldsformAcymailing10881'] = Array('Prosz\u0119 poda\u0107 warto\u015b\u0107 w polu Odbieranie','Prosz\u0119 wyrazi\u0107 zgod\u0119 aby kontynuowa\u0107');\n                    \n                    \/\/-->\n\t\t\t\t\t<\/script><div class=\"acymailing_module\" id=\"acymailing_module_formAcymailing10881\">\n    <div class=\"acymailing_fulldiv\" id=\"acymailing_fulldiv_formAcymailing10881\" >\n        <form id=\"formAcymailing10881\" action=\"https:\/\/instytutpolski.pl\/sofia\/wp-admin\/admin-ajax.php?page=acymailing5_front&ctrl=sub&action=acymailing5_frontrouter&noheader=1\" onsubmit=\"return submitacymailingform('optin','formAcymailing10881')\" method=\"post\" name=\"formAcymailing10881\"  >\n\n            <div class=\"acymailing_module_form\">\n\t\t<div class=\"acymailing_form\">\n\t\t<p class=\"onefield fieldacyemail\" id=\"field_email_formAcymailing10881\"><span class=\"acyfield_email acy_requiredField\"><input id=\"user_email_formAcymailing10881\"  style=\"width:80%\" onfocus=\"if(this.value == 'E-mail') this.value = '';\" onblur=\"if(this.value=='') this.value='E-mail';\" type=\"text\" class=\"inputbox required\" name=\"user[email]\" value=\"E-mail\" title=\"E-mail\"\/><\/span>\n\t\t\t\t\t\t<\/p><p class=\"onefield fieldacyrodo\" id=\"field_rodo_formAcymailing10881\"><span class=\"acyfield_rodo acy_requiredField\"> <input type=\"hidden\" name=\"user[rodo]\" value=\" \" \/>\n<span id=\"span_user_rodo_formAcymailing10881_rodo-zaakceptowane\"><label for=\"user_rodo_formAcymailing10881_rodo-zaakceptowane\"><input type=\"checkbox\" name=\"user[rodo][]\" value=\"rodo-zaakceptowane\" id=\"user_rodo_formAcymailing10881_rodo-zaakceptowane\"   title=\"\"\/> O\u015bwiadczam, \u017ce zapozna\u0142am\/em si\u0119 z informacjami zamieszczonymi poni\u017cej:<\/label><\/span>\n<\/span>\n\t\t\t\t\t\t<\/p><p class=\"onefield fieldacycustomtext_224_13_50_02\" id=\"field_customtext_224_13_50_02_formAcymailing10881\"><span class=\"acyfield_customtext_224_13_50_02\">\u0412\u044a\u0437 \u043e\u0441\u043d\u043e\u0432\u0430 \u043d\u0430 \u0447\u043b. 6, \u0430\u043b. 1, \u0431\u0443\u043a\u0432\u0430 \u201e\u0430\u201e \u043e\u0442 \u0420\u0435\u0433\u043b\u0430\u043c\u0435\u043d\u0442\u0430 2016\/679 \u043d\u0430 \u0415\u0432\u0440\u043e\u043f\u0435\u0439\u0441\u043a\u0438\u044f \u043f\u0430\u0440\u043b\u0430\u043c\u0435\u043d\u0442 \u0438 \u043d\u0430 \u0421\u044a\u0432\u0435\u0442\u0430 \u043d\u0430 \u0415\u0432\u0440\u043e\u043f\u0430, \u043e\u0442 27 \u0430\u043f\u0440\u0438\u043b 2016 \u0433\u043e\u0434\u0438\u043d\u0430 \u043e\u0442\u043d\u043e\u0441\u043d\u043e \u0437\u0430\u0449\u0438\u0442\u0430\u0442\u0430 \u043d\u0430 \u0444\u0438\u0437\u0438\u0447\u0435\u0441\u043a\u0438\u0442\u0435 \u043b\u0438\u0446\u0430 \u0432\u044a\u0432 \u0432\u0440\u044a\u0437\u043a\u0430 \u0441 \u043e\u0431\u0440\u0430\u0431\u043e\u0442\u0432\u0430\u043d\u0435\u0442\u043e \u043d\u0430 \u043b\u0438\u0447\u043d\u0438 \u0434\u0430\u043d\u043d\u0438 \u0438 \u043e\u0442\u043d\u043e\u0441\u043d\u043e \u0441\u0432\u043e\u0431\u043e\u0434\u043d\u043e\u0442\u043e \u0434\u0432\u0438\u0436\u0435\u043d\u0438\u0435 \u043d\u0430 \u0442\u0430\u043a\u0438\u0432\u0430 \u0434\u0430\u043d\u043d\u0438 \u0438 \u0437\u0430 \u043e\u0442\u043c\u044f\u043d\u0430 \u043d\u0430 \u0414\u0438\u0440\u0435\u043a\u0442\u0438\u0432\u0430 95\/46\/\u0415\u041e (\u041e\u0431\u0449 \u0440\u0435\u0433\u043b\u0430\u043c\u0435\u043d\u0442 \u043e\u0442\u043d\u043e\u0441\u043d\u043e \u0437\u0430\u0449\u0438\u0442\u0430\u0442\u0430 \u043d\u0430 \u0434\u0430\u043d\u043d\u0438\u0442\u0435), \u0438\u0437\u0440\u0430\u0437\u044f\u0432\u0430\u043c \u0441\u044a\u0433\u043b\u0430\u0441\u0438\u0435 \u043b\u0438\u0447\u043d\u0438\u0442\u0435 \u043c\u0438 \u0434\u0430\u043d\u043d\u0438 (\u0438\u043c\u0435\u0439\u043b \u0430\u0434\u0440\u0435\u0441) \u0434\u0430 \u0431\u044a\u0434\u0430\u0442 \u043e\u0431\u0440\u0430\u0431\u043e\u0442\u0432\u0430\u043d\u0438 \u043e\u0442 \u041f\u043e\u043b\u0441\u043a\u0438\u044f \u0438\u043d\u0441\u0442\u0438\u0442\u0443\u0442 \u0432 \u0421\u043e\u0444\u0438\u044f (\u0423\u043b. \u0412\u0435\u0441\u043b\u0435\u0446 12, \u0421\u043e\u0444\u0438\u044f 1000) \u0432\u044a\u0432 \u0432\u0440\u044a\u0437\u043a\u0430 \u0441 \u0430\u0431\u043e\u043d\u0430\u043c\u0435\u043d\u0442\u0430 \u0437\u0430 \u0431\u044e\u043b\u0435\u0442\u0438\u043d\u0430. \u0421\u044a\u0449\u0435\u0432\u0440\u0435\u043c\u0435\u043d\u043d\u043e \u0434\u0435\u043a\u043b\u0430\u0440\u0438\u0440\u0430\u043c, \u0447\u0435 \u0441\u044a\u043c \u0437\u0430\u043f\u043e\u0437\u043d\u0430\u0442\/-\u0430 \u0441 \u0438\u043d\u0444\u043e\u0440\u043c\u0430\u0446\u0438\u044f\u0442\u0430, \u043f\u043e\u043c\u0435\u0441\u0442\u0435\u043d\u0430 \u043f\u043e-\u0434\u043e\u043b\u0443, \u043a\u043e\u044f\u0442\u043e \u0435 \u0432 \u0438\u0437\u043f\u044a\u043b\u043d\u0435\u043d\u0438\u0435 \u043d\u0430 \u0437\u0430\u0434\u044a\u043b\u0436\u0435\u043d\u0438\u0435\u0442\u043e \u0434\u0430 \u0431\u044a\u0434\u0435 \u043f\u0440\u0435\u0434\u043e\u0441\u0442\u0430\u0432\u0435\u043d\u0430 \u0438\u043d\u0444\u043e\u0440\u043c\u0430\u0446\u0438\u044f\u0442\u0430, \u043f\u043e\u0441\u043e\u0447\u0435\u043d\u0430 \u0432 \u0447\u043b. 13 (\u043e\u0442 \u041e\u0431\u0449\u0438\u044f \u0440\u0435\u0433\u043b\u0430\u043c\u0435\u043d\u0442 \u043e\u0442\u043d\u043e\u0441\u043d\u043e \u0437\u0430\u0449\u0438\u0442\u0430\u0442\u0430 \u043d\u0430 \u0434\u0430\u043d\u043d\u0438\u0442\u0435), \u043e\u0442\u043d\u043e\u0441\u043d\u043e \u043e\u0431\u0440\u0430\u0431\u043e\u0442\u043a\u0430\u0442\u0430 \u043d\u0430 \u043c\u043e\u0438\u0442\u0435 \u043b\u0438\u0447\u043d\u0438 \u0434\u0430\u043d\u043d\u0438, \u0430 \u043e\u0441\u0432\u0435\u043d \u0442\u043e\u0432\u0430 \u0441\u0430 \u043c\u0438 \u0438\u0437\u0432\u0435\u0441\u0442\u043d\u0438 \u0432\u0441\u0438\u0447\u043a\u0438\u0442\u0435 \u043c\u0438 \u043f\u0440\u0430\u0432\u0430, \u043f\u043e\u0441\u043e\u0447\u0435\u043d\u0438 \u0432 \u0447\u043b. 15 \u2013 20 \u043d\u0430 \u041e\u0431\u0449\u0438\u044f \u0440\u0435\u0433\u043b\u0430\u043c\u0435\u043d\u0442 \u043e\u0442\u043d\u043e\u0441\u043d\u043e \u0437\u0430\u0449\u0438\u0442\u0430\u0442\u0430 \u043d\u0430 \u0434\u0430\u043d\u043d\u0438\u0442\u0435.<\/span>\n\t\t\t\t\t\t<\/p><p class=\"onefield fieldacycustomtext_224_13_56_57\" id=\"field_customtext_224_13_56_57_formAcymailing10881\"><span class=\"acyfield_customtext_224_13_56_57\"><a href='rodo'>\u041f\u043e\u0432\u0435\u0447\u0435 \u0438\u043d\u0444\u043e\u0440\u043c\u0430\u0446\u0438\u044f<\/a><\/span>\n\t\t\t\t\t\t<\/p><script type=\"text\/javascript\">\n\t\t\t\t\t<!--\n\t\t\t\t\t\nacymailingModule['excludeValuesformAcymailing10881'] = [];\nacymailingModule['excludeValuesformAcymailing10881']['email'] = 'E-mail';\n\n\t\t\t\t\t\/\/-->\n\t\t\t\t\t<\/script>\t<\/div>\n\n\t<p class=\"acysubbuttons\">\n\t\t<button type=\"submit\" class=\"button subbutton\" value=\"\u0410\u0431\u043e\u043d\u0438\u0440\u0430\u0439 \u0441\u0435\" name=\"Submit\" onclick=\"try{ return submitacymailingform('optin','formAcymailing10881'); }catch(err){alert('The form could not be submitted '+err);return false;}\"><span class=\"fas fa-at\"><\/span><\/button>\n\t\t\t<\/p>\n<\/div>\n            <input type=\"hidden\" name=\"page\" value=\"front\"\/>\n            <input type=\"hidden\" name=\"ctrl\" value=\"sub\"\/>\n            <input type=\"hidden\" name=\"task\" value=\"notask\"\/>\n            <input type=\"hidden\" name=\"option\" value=\"acymailing5\"\/>\n\n            <input type=\"hidden\" name=\"ajax\" value=\"1\"\/>            <input type=\"hidden\" name=\"acy_source\" value=\"widget 4\" \/>\n                        <input type=\"hidden\" name=\"hiddenlists\" value=\"1\"\/>\n            <input type=\"hidden\" name=\"acyformname\" value=\"formAcymailing10881\" \/>\n\n                    <\/form>\n    <\/div>\n<\/div>\n<\/div><!-- \/Widget Shortcode -->\n","protected":false},"excerpt":{"rendered":"","protected":false},"author":1,"featured_media":972,"parent":0,"menu_order":0,"comment_status":"closed","ping_status":"closed","template":"","meta":{"inline_featured_image":false,"_monsterinsights_skip_tracking":false,"_monsterinsights_sitenote_active":false,"_monsterinsights_sitenote_note":"","_monsterinsights_sitenote_category":0,"footnotes":""},"class_list":["post-585","page","type-page","status-publish","has-post-thumbnail","hentry"],"yoast_head":"<!-- This site is optimized with the Yoast SEO plugin v24.6 - https:\/\/yoast.com\/wordpress\/plugins\/seo\/ -->\n<title>\u0411\u044e\u043b\u0435\u0442\u0438\u043d - Instytut Polski w Sofii<\/title>\n<meta name=\"robots\" content=\"index, follow, max-snippet:-1, max-image-preview:large, max-video-preview:-1\" \/>\n<link rel=\"canonical\" href=\"https:\/\/instytutpolski.pl\/sofia\/newsletter-2\/\" \/>\n<meta property=\"og:locale\" content=\"pl_PL\" \/>\n<meta property=\"og:type\" content=\"article\" \/>\n<meta property=\"og:title\" content=\"\u0411\u044e\u043b\u0435\u0442\u0438\u043d - Instytut Polski w Sofii\" \/>\n<meta property=\"og:url\" content=\"https:\/\/instytutpolski.pl\/sofia\/newsletter-2\/\" \/>\n<meta property=\"og:site_name\" content=\"Instytut Polski w Sofii\" \/>\n<meta property=\"article:modified_time\" content=\"2019-06-26T07:20:14+00:00\" \/>\n<meta property=\"og:image\" content=\"https:\/\/instytutpolski.pl\/sofia\/wp-content\/uploads\/sites\/8\/2019\/06\/newsletter.jpg\" \/>\n\t<meta property=\"og:image:width\" content=\"1920\" \/>\n\t<meta property=\"og:image:height\" content=\"700\" \/>\n\t<meta property=\"og:image:type\" content=\"image\/jpeg\" \/>\n<meta name=\"twitter:card\" content=\"summary_large_image\" \/>\n<script type=\"application\/ld+json\" class=\"yoast-schema-graph\">{\"@context\":\"https:\/\/schema.org\",\"@graph\":[{\"@type\":\"WebPage\",\"@id\":\"https:\/\/instytutpolski.pl\/sofia\/newsletter-2\/\",\"url\":\"https:\/\/instytutpolski.pl\/sofia\/newsletter-2\/\",\"name\":\"\u0411\u044e\u043b\u0435\u0442\u0438\u043d - Instytut Polski w Sofii\",\"isPartOf\":{\"@id\":\"https:\/\/instytutpolski.pl\/sofia\/#website\"},\"primaryImageOfPage\":{\"@id\":\"https:\/\/instytutpolski.pl\/sofia\/newsletter-2\/#primaryimage\"},\"image\":{\"@id\":\"https:\/\/instytutpolski.pl\/sofia\/newsletter-2\/#primaryimage\"},\"thumbnailUrl\":\"https:\/\/instytutpolski.pl\/sofia\/wp-content\/uploads\/sites\/8\/2019\/06\/newsletter.jpg\",\"datePublished\":\"2019-05-24T09:28:25+00:00\",\"dateModified\":\"2019-06-26T07:20:14+00:00\",\"breadcrumb\":{\"@id\":\"https:\/\/instytutpolski.pl\/sofia\/newsletter-2\/#breadcrumb\"},\"inLanguage\":\"pl-PL\",\"potentialAction\":[{\"@type\":\"ReadAction\",\"target\":[\"https:\/\/instytutpolski.pl\/sofia\/newsletter-2\/\"]}]},{\"@type\":\"ImageObject\",\"inLanguage\":\"pl-PL\",\"@id\":\"https:\/\/instytutpolski.pl\/sofia\/newsletter-2\/#primaryimage\",\"url\":\"https:\/\/instytutpolski.pl\/sofia\/wp-content\/uploads\/sites\/8\/2019\/06\/newsletter.jpg\",\"contentUrl\":\"https:\/\/instytutpolski.pl\/sofia\/wp-content\/uploads\/sites\/8\/2019\/06\/newsletter.jpg\",\"width\":1920,\"height\":700},{\"@type\":\"BreadcrumbList\",\"@id\":\"https:\/\/instytutpolski.pl\/sofia\/newsletter-2\/#breadcrumb\",\"itemListElement\":[{\"@type\":\"ListItem\",\"position\":1,\"name\":\"Home\",\"item\":\"https:\/\/instytutpolski.pl\/sofia\/\"},{\"@type\":\"ListItem\",\"position\":2,\"name\":\"\u0411\u044e\u043b\u0435\u0442\u0438\u043d\"}]},{\"@type\":\"WebSite\",\"@id\":\"https:\/\/instytutpolski.pl\/sofia\/#website\",\"url\":\"https:\/\/instytutpolski.pl\/sofia\/\",\"name\":\"Instytut Polski w Sofii\",\"description\":\"Instytuty Polskie\",\"potentialAction\":[{\"@type\":\"SearchAction\",\"target\":{\"@type\":\"EntryPoint\",\"urlTemplate\":\"https:\/\/instytutpolski.pl\/sofia\/?s={search_term_string}\"},\"query-input\":{\"@type\":\"PropertyValueSpecification\",\"valueRequired\":true,\"valueName\":\"search_term_string\"}}],\"inLanguage\":\"pl-PL\"}]}<\/script>\n<!-- \/ Yoast SEO plugin. -->","yoast_head_json":{"title":"\u0411\u044e\u043b\u0435\u0442\u0438\u043d - Instytut Polski w Sofii","robots":{"index":"index","follow":"follow","max-snippet":"max-snippet:-1","max-image-preview":"max-image-preview:large","max-video-preview":"max-video-preview:-1"},"canonical":"https:\/\/instytutpolski.pl\/sofia\/newsletter-2\/","og_locale":"pl_PL","og_type":"article","og_title":"\u0411\u044e\u043b\u0435\u0442\u0438\u043d - Instytut Polski w Sofii","og_url":"https:\/\/instytutpolski.pl\/sofia\/newsletter-2\/","og_site_name":"Instytut Polski w Sofii","article_modified_time":"2019-06-26T07:20:14+00:00","og_image":[{"width":1920,"height":700,"url":"https:\/\/instytutpolski.pl\/sofia\/wp-content\/uploads\/sites\/8\/2019\/06\/newsletter.jpg","type":"image\/jpeg"}],"twitter_card":"summary_large_image","schema":{"@context":"https:\/\/schema.org","@graph":[{"@type":"WebPage","@id":"https:\/\/instytutpolski.pl\/sofia\/newsletter-2\/","url":"https:\/\/instytutpolski.pl\/sofia\/newsletter-2\/","name":"\u0411\u044e\u043b\u0435\u0442\u0438\u043d - Instytut Polski w Sofii","isPartOf":{"@id":"https:\/\/instytutpolski.pl\/sofia\/#website"},"primaryImageOfPage":{"@id":"https:\/\/instytutpolski.pl\/sofia\/newsletter-2\/#primaryimage"},"image":{"@id":"https:\/\/instytutpolski.pl\/sofia\/newsletter-2\/#primaryimage"},"thumbnailUrl":"https:\/\/instytutpolski.pl\/sofia\/wp-content\/uploads\/sites\/8\/2019\/06\/newsletter.jpg","datePublished":"2019-05-24T09:28:25+00:00","dateModified":"2019-06-26T07:20:14+00:00","breadcrumb":{"@id":"https:\/\/instytutpolski.pl\/sofia\/newsletter-2\/#breadcrumb"},"inLanguage":"pl-PL","potentialAction":[{"@type":"ReadAction","target":["https:\/\/instytutpolski.pl\/sofia\/newsletter-2\/"]}]},{"@type":"ImageObject","inLanguage":"pl-PL","@id":"https:\/\/instytutpolski.pl\/sofia\/newsletter-2\/#primaryimage","url":"https:\/\/instytutpolski.pl\/sofia\/wp-content\/uploads\/sites\/8\/2019\/06\/newsletter.jpg","contentUrl":"https:\/\/instytutpolski.pl\/sofia\/wp-content\/uploads\/sites\/8\/2019\/06\/newsletter.jpg","width":1920,"height":700},{"@type":"BreadcrumbList","@id":"https:\/\/instytutpolski.pl\/sofia\/newsletter-2\/#breadcrumb","itemListElement":[{"@type":"ListItem","position":1,"name":"Home","item":"https:\/\/instytutpolski.pl\/sofia\/"},{"@type":"ListItem","position":2,"name":"\u0411\u044e\u043b\u0435\u0442\u0438\u043d"}]},{"@type":"WebSite","@id":"https:\/\/instytutpolski.pl\/sofia\/#website","url":"https:\/\/instytutpolski.pl\/sofia\/","name":"Instytut Polski w Sofii","description":"Instytuty Polskie","potentialAction":[{"@type":"SearchAction","target":{"@type":"EntryPoint","urlTemplate":"https:\/\/instytutpolski.pl\/sofia\/?s={search_term_string}"},"query-input":{"@type":"PropertyValueSpecification","valueRequired":true,"valueName":"search_term_string"}}],"inLanguage":"pl-PL"}]}},"_links":{"self":[{"href":"https:\/\/instytutpolski.pl\/sofia\/wp-json\/wp\/v2\/pages\/585","targetHints":{"allow":["GET"]}}],"collection":[{"href":"https:\/\/instytutpolski.pl\/sofia\/wp-json\/wp\/v2\/pages"}],"about":[{"href":"https:\/\/instytutpolski.pl\/sofia\/wp-json\/wp\/v2\/types\/page"}],"author":[{"embeddable":true,"href":"https:\/\/instytutpolski.pl\/sofia\/wp-json\/wp\/v2\/users\/1"}],"replies":[{"embeddable":true,"href":"https:\/\/instytutpolski.pl\/sofia\/wp-json\/wp\/v2\/comments?post=585"}],"version-history":[{"count":5,"href":"https:\/\/instytutpolski.pl\/sofia\/wp-json\/wp\/v2\/pages\/585\/revisions"}],"predecessor-version":[{"id":974,"href":"https:\/\/instytutpolski.pl\/sofia\/wp-json\/wp\/v2\/pages\/585\/revisions\/974"}],"wp:featuredmedia":[{"embeddable":true,"href":"https:\/\/instytutpolski.pl\/sofia\/wp-json\/wp\/v2\/media\/972"}],"wp:attachment":[{"href":"https:\/\/instytutpolski.pl\/sofia\/wp-json\/wp\/v2\/media?parent=585"}],"curies":[{"name":"wp","href":"https:\/\/api.w.org\/{rel}","templated":true}]}}