{"id":885,"date":"2019-06-26T08:59:21","date_gmt":"2019-06-26T06:59:21","guid":{"rendered":"https:\/\/instytutpolski.pl\/sofia\/?page_id=885"},"modified":"2020-05-14T11:52:18","modified_gmt":"2020-05-14T09:52:18","slug":"%d0%bf%d0%be%d0%bb%d1%81%d0%ba%d0%b8-%d0%b5%d0%b7%d0%b8%d0%ba","status":"publish","type":"page","link":"https:\/\/instytutpolski.pl\/sofia\/%d0%bf%d0%be%d0%bb%d1%81%d0%ba%d0%b8-%d0%b5%d0%b7%d0%b8%d0%ba\/","title":{"rendered":"\u041f\u043e\u043b\u0441\u043a\u0438 \u0435\u0437\u0438\u043a"},"content":{"rendered":"\n<p><strong>\u041f\u043e\u043b\u0441\u043a\u0438\u044f\u0442 \u0435 \u0432\u0442\u043e\u0440\u0438\u044f\u0442 \u043f\u043e \u0433\u043e\u043b\u0435\u043c\u0438\u043d\u0430 \u0441\u043b\u0430\u0432\u044f\u043d\u0441\u043a\u0438 \u0435\u0437\u0438\u043a \u0432 \u0441\u0432\u0435\u0442\u0430 \u043f\u043e \u043e\u0442\u043d\u043e\u0448\u0435\u043d\u0438\u0435 \u043d\u0430 \u0431\u0440\u043e\u044f \u043d\u0430 \u0443\u043f\u043e\u0442\u0440\u0435\u0431\u044f\u0432\u0430\u0449\u0438\u0442\u0435 \u0433\u043e. \u041e\u043a\u043e\u043b\u043e 50 \u043c\u0438\u043b\u0438\u043e\u043d\u0430 \u0434\u0443\u0448\u0438 \u0430\u043a\u0442\u0438\u0432\u043d\u043e \u0433\u043e \u0438\u0437\u043f\u043e\u043b\u0437\u0432\u0430\u0442, \u0430 \u043f\u043e\u043d\u0435 10 \u043c\u0438\u043b\u0438\u043e\u043d\u0430 \u0438\u043c\u0430\u0442 \u043f\u0430\u0441\u0438\u0432\u043d\u0438 \u043f\u043e\u0437\u043d\u0430\u043d\u0438\u044f \u0437\u0430 \u043d\u0435\u0433\u043e. \u00a0\u0422\u0430\u043a\u0430 \u043f\u043e\u043b\u0441\u043a\u0438\u044f\u0442 \u0435\u0437\u0438\u043a \u0441\u0435 \u044f\u0432\u044f\u0432\u0430 \u043d\u0430\u0439-\u0433\u043e\u043b\u0435\u043c\u0438\u044f\u0442 \u0441\u043b\u0430\u0432\u044f\u043d\u0441\u043a\u0438 \u0435\u0437\u0438\u043a \u0432 \u0415\u0432\u0440\u043e\u043f\u0435\u0439\u0441\u043a\u0438\u044f \u0441\u044a\u044e\u0437, \u043f\u0435\u0442\u0438\u044f\u0442 \u043c\u0443 \u0435\u0442\u043d\u0438\u0447\u0435\u0441\u043a\u0438 \u0435\u0437\u0438\u043a (ex aequo \u0441 \u0438\u0441\u043f\u0430\u043d\u0441\u043a\u0438 \u043a\u0430\u0441\u0442\u0438\u043b\u0441\u043a\u0438, \u0441\u043b\u0435\u0434 \u043d\u0435\u043c\u0441\u043a\u0438\u044f, \u0430\u043d\u0433\u043b\u0438\u0439\u0441\u043a\u0438\u044f, \u0444\u0440\u0435\u043d\u0441\u043a\u0438\u044f \u0438 \u0438\u0442\u0430\u043b\u0438\u0430\u043d\u0441\u043a\u0438\u044f).<\/strong><\/p>\n<p>\u041f\u043e\u043b\u0441\u043a\u0438\u044f\u0442 \u043f\u0440\u0438\u043d\u0430\u0434\u043b\u0435\u0436\u0438 \u043a\u044a\u043c \u0433\u0440\u0443\u043f\u0430\u0442\u0430 \u043d\u0430 \u0438\u043d\u0434\u043e\u0435\u0432\u0440\u043e\u043f\u0435\u0439\u0441\u043a\u0438\u0442\u0435 \u0435\u0437\u0438\u0446\u0438 \u0438 \u043f\u043e\u0434\u0433\u0440\u0443\u043f\u0430\u0442\u0430 \u00a0\u043d\u0430 \u0437\u0430\u043f\u0430\u0434\u043d\u043e\u0441\u043b\u0430\u0432\u044f\u043d\u0441\u043a\u0438\u0442\u0435 \u0435\u0437\u0438\u0446\u0438 (\u043d\u0430\u0440\u0435\u0434 \u0441 \u0447\u0435\u0448\u043a\u0438\u044f, \u0441\u043b\u043e\u0432\u0430\u0448\u043a\u0438\u044f, \u043a\u0430\u0448\u0443\u0431\u0441\u043a\u0438\u044f, \u0434\u043e\u043b\u043d\u043e\u043b\u0443\u0436\u0438\u0448\u043a\u0438\u044f, \u0433\u043e\u0440\u043d\u043e\u043b\u0443\u0436\u0438\u0448\u043a\u0438\u044f \u0438 \u0438\u0437\u0447\u0435\u0437\u043d\u0430\u043b\u0438\u044f \u00a0\u043f\u043e\u043b\u0430\u0431\u0441\u043a\u0438).<\/p>\n<p>\u0421\u0447\u0438\u0442\u0430 \u0441\u0435, \u0447\u0435 \u0441\u0440\u0435\u0434\u043d\u043e\u0441\u0442\u0430\u0442\u0438\u0441\u0442\u0438\u0447\u0435\u0441\u043a\u0438\u044f\u0442 \u043f\u043e\u043b\u044f\u043a \u0430\u043a\u0442\u0438\u0432\u043d\u043e \u0437\u043d\u0430\u0435 \u043e\u043a\u043e\u043b\u043e 30 000 \u0434\u0443\u043c\u0438 \u0438 \u043f\u0430\u0441\u0438\u0432\u043d\u043e &#8211; \u0440\u0430\u0437\u0431\u0438\u0440\u0430 \u043e\u043a\u043e\u043b\u043e 100 000, \u043d\u043e \u043d\u0435 \u0433\u0438 \u0438\u0437\u043f\u043e\u043b\u0437\u0432\u0430. \u0421\u043f\u043e\u0440\u0435\u0434 \u0447\u0430\u0441\u0442 \u043e\u0442 \u0443\u043d\u0438\u0432\u0435\u0440\u0441\u0438\u0442\u0435\u0442\u0441\u043a\u0438\u0442\u0435 \u043f\u043e\u043b\u043e\u043d\u0438\u0441\u0442\u0438 \u0435 \u0434\u043e\u0441\u0442\u0430\u0442\u044a\u0447\u043d\u043e \u0434\u0430 \u0437\u043d\u0430\u0435\u0448 1200 \u0434\u0443\u043c\u0438, \u043a\u043e\u0438\u0442\u043e \u043d\u0430\u0439-\u0447\u0435\u0441\u0442\u043e \u0441\u0435 \u0438\u0437\u043f\u043e\u043b\u0437\u0432\u0430\u0442, \u0437\u0430 \u0434\u0430 \u043c\u043e\u0436\u0435\u0448 \u0434\u0430 \u0433\u043e\u0432\u043e\u0440\u0438\u0448 \u043f\u043e\u043b\u0441\u043a\u0438.<br \/>\u00a0\u00a0\u00a0\u00a0\u00a0\u00a0\u00a0\u00a0\u00a0\u00a0\u00a0\u00a0\u00a0\u00a0\u00a0\u00a0\u00a0\u00a0\u00a0\u00a0\u00a0\u00a0\u00a0\u00a0\u00a0\u00a0\u00a0\u00a0\u00a0\u00a0\u00a0\u00a0\u00a0\u00a0\u00a0\u00a0\u00a0\u00a0\u00a0\u00a0\u00a0\u00a0\u00a0\u00a0\u00a0\u00a0\u00a0\u00a0\u00a0\u00a0\u00a0\u00a0\u00a0\u00a0\u00a0\u00a0\u00a0\u00a0\u00a0\u00a0\u00a0\u00a0\u00a0\u00a0\u00a0\u00a0\u00a0\u00a0\u00a0\u00a0\u00a0\u00a0\u00a0\u00a0\u00a0\u00a0\u00a0\u00a0\u00a0\u00a0\u00a0\u00a0\u00a0\u00a0\u00a0\u00a0\u00a0\u00a0\u00a0\u00a0\u00a0\u00a0\u00a0\u00a0\u00a0\u00a0\u00a0\u00a0\u00a0\u00a0\u00a0\u00a0\u00a0\u00a0\u00a0\u00a0\u00a0\u00a0\u00a0\u00a0\u00a0\u00a0\u00a0\u00a0\u00a0\u00a0\u00a0\u00a0\u00a0\u00a0\u00a0\u00a0\u00a0\u00a0\u00a0\u00a0\u00a0\u00a0\u00a0\u00a0\u00a0\u00a0\u00a0\u00a0\u00a0\u00a0\u00a0\u00a0\u00a0\u00a0\u00a0\u00a0\u00a0\u00a0\u00a0\u00a0\u00a0\u00a0\u00a0\u00a0\u00a0\u00a0\u00a0\u00a0 \u00a0\u00a0\u00a0\u00a0\u00a0\u00a0\u00a0\u00a0\u00a0\u00a0\u00a0\u00a0\u041f\u043e\u043b\u0441\u043a\u0430\u0442\u0430 \u0430\u0437\u0431\u0443\u043a\u0430 \u0441\u0435 \u043e\u0441\u043d\u043e\u0432\u0430\u0432\u0430 \u043d\u0430 \u043b\u0430\u0442\u0438\u043d\u0441\u043a\u0430\u0442\u0430 \u00a0\u0438 \u0441\u0435 \u0441\u044a\u0441\u0442\u043e\u0438 \u043e\u0442 32 \u0431\u0443\u043a\u0432\u0438. \u0418\u043c\u0430 \u0434\u0435\u0432\u0435\u0442 \u0431\u0443\u043a\u0432\u0438, \u0441\u044a\u0437\u0434\u0430\u0434\u0435\u043d\u0438 \u0441 \u043f\u043e\u043c\u043e\u0449\u0442\u0430 \u043d\u0430 \u0434\u0438\u0430\u043a\u0440\u0438\u0442\u0438\u0447\u043d\u0438 \u0437\u043d\u0430\u0446\u0438 (\u0105, \u0107, \u0119, \u0142, \u0144, \u00f3, \u015b, \u017a, \u017c). \u041e\u0441\u0432\u0435\u043d \u0442\u043e\u0432\u0430 \u0438\u043c\u0430 \u0441\u0435\u0434\u0435\u043c \u0434\u0438\u0433\u0440\u0430\u0444\u0430 (sz, rz, cz, ch, dz, d\u017c, d\u017c) \u0438 \u0435\u0434\u0438\u043d \u0442\u0440\u0438\u0433\u0440\u0430\u0444 \u00a0(dzi).<\/p>\n<p>\u0412 \u043f\u043e\u043b\u0441\u043a\u0438\u044f \u0435\u0437\u0438\u043a \u0438\u043c\u0430 \u0441\u043a\u043b\u043e\u043d\u0435\u043d\u0438\u0435\/\u0434\u0435\u043a\u043b\u0438\u043d\u0430\u0446\u0438\u044f. \u0421\u0435\u0434\u0435\u043c \u043f\u0430\u0434\u0435\u0436\u043d\u0438 \u0444\u043e\u0440\u043c\u0438 \u0438\u043c\u0430\u0442 \u0441\u044a\u0449\u0435\u0441\u0442\u0432\u0438\u0442\u0435\u043b\u043d\u0438\u0442\u0435, \u043f\u0440\u0438\u043b\u0430\u0433\u0430\u0442\u0435\u043b\u043d\u0438\u0442\u0435, \u043f\u0440\u0438\u0447\u0430\u0441\u0442\u0438\u044f\u0442\u0430, \u043c\u0435\u0441\u0442\u043e\u0438\u043c\u0435\u043d\u0438\u044f\u0442\u0430 \u0438 \u0447\u0438\u0441\u043b\u0438\u0442\u0435\u043b\u043d\u0438\u0442\u0435. \u041d\u0430 \u0441\u0432\u043e\u0439 \u0440\u0435\u0434 \u0433\u043b\u0430\u0433\u043e\u043b\u0438\u0442\u0435 \u0438\u043c\u0430\u0442 \u0441\u043b\u0435\u0434\u043d\u0438\u0442\u0435 \u043a\u0430\u0442\u0435\u0433\u043e\u0440\u0438\u0438: \u0441\u043f\u0440\u0435\u0436\u0435\u043d\u0438\u0435, \u043b\u0438\u0446\u0435, \u0447\u0438\u0441\u043b\u043e, \u0432\u0440\u0435\u043c\u0435, \u0437\u0430\u043b\u043e\u0433, \u043d\u0430\u043a\u043b\u043e\u043d\u0435\u043d\u0438\u0435 \u0438 \u0432\u0438\u0434 \u043d\u0430 \u0433\u043b\u0430\u0433\u043e\u043b\u0430.<\/p>\n<p>\u041d\u0430\u0439-\u0441\u0442\u0430\u0440\u043e\u0442\u043e \u0438\u0437\u0440\u0435\u0447\u0435\u043d\u0438\u0435 \u0432 \u043f\u043e\u043b\u0441\u043a\u0438\u044f \u0435\u0437\u0438\u043a: \u201eDay, ut ia pobrusa, a ti poziwai\u201d (\u201eDaj, a\u0107 ja pobrusz\u0119, a ty poczywaj\u201d \u2013 \u0422\u0438 \u043f\u043e\u0447\u0438\u0432\u0430\u0439, \u0430 \u0430\u0437 \u0449\u0435 \u043c\u0435\u043b\u044f) \u0437\u0430\u043f\u0438\u0441\u0430\u043d\u043e \u0441 \u043b\u0430\u0442\u0438\u043d\u0441\u043a\u0430\u0442\u0430 \u0430\u0437\u0431\u0443\u043a\u0430 \u043f\u0440\u0435\u0437 1270 \u0433. \u0432\u044a\u0432 \u0412\u0440\u043e\u0446\u043b\u0430\u0432 (\u0432 \u041a\u043d\u0438\u0433\u0430\u0442\u0430 \u043d\u0430 \u0425\u0435\u043d\u0440\u0438\u043a\u043e\u0432, \u043a\u043e\u044f\u0442\u043e \u0435 \u0432 \u0441\u043f\u0438\u0441\u044a\u043a\u0430 \u043d\u0430 \u042e\u041d\u0415\u0421\u041a\u041e). \u041f\u0440\u0435\u0437 1285 \u0433. \u043d\u0430 \u0441\u044a\u0431\u043e\u0440\u0430 \u043d\u0430 \u0434\u0443\u0445\u043e\u0432\u0435\u043d\u0441\u0442\u0432\u043e\u0442\u043e \u0432 \u041b\u0435\u043d\u0447\u0438\u0446\u0430 \u0435 \u0432\u0437\u0435\u0442\u043e \u0440\u0435\u0448\u0435\u043d\u0438\u0435 \u043f\u043e\u043b\u0441\u043a\u0438\u044f\u0442 \u0435\u0437\u0438\u043a \u0434\u0430 \u0441\u0435 \u0443\u043f\u043e\u0442\u0440\u0435\u0431\u044f\u0432\u0430 \u0443\u0441\u043f\u043e\u0440\u0435\u0434\u043d\u043e \u0441 \u043b\u0430\u0442\u0438\u043d\u0441\u043a\u0438\u044f \u0432 \u0443\u0447\u0438\u043b\u0438\u0449\u0430\u0442\u0430 \u043a\u044a\u043c \u0446\u044a\u0440\u043a\u0432\u0438\u0442\u0435 \u0438 \u043c\u0430\u043d\u0430\u0441\u0442\u0438\u0440\u0438\u0442\u0435.<\/p>\n<p>\u0412\u044a\u0440\u0445\u0443 \u043f\u043e\u043b\u0441\u043a\u0438\u044f \u0435\u0437\u0438\u043a \u0432\u043b\u0438\u044f\u043d\u0438\u0435 \u043e\u043a\u0430\u0437\u0432\u0430\u0442 \u043b\u0430\u0442\u0438\u043d\u0441\u043a\u0438\u044f\u0442, \u0433\u0440\u044a\u0446\u043a\u0438\u044f\u0442, \u043d\u0435\u043c\u0441\u043a\u0438\u044f\u0442, \u0447\u0435\u0448\u043a\u0438\u044f\u0442, \u0440\u0443\u0441\u043a\u0438\u044f\u0442, \u0442\u0443\u0440\u0441\u043a\u0438\u044f\u0442, \u0444\u0440\u0435\u043d\u0441\u043a\u0438\u044f\u0442, \u0438\u0442\u0430\u043b\u0438\u0430\u043d\u0441\u043a\u0438\u044f\u0442, \u0440\u0443\u0441\u043a\u0438\u044f\u0442, \u0443\u043d\u0433\u0430\u0440\u0441\u043a\u0438\u044f\u0442 \u0435\u0437\u0438\u043a \u0438 \u0438\u0434\u0438\u0448. \u0414\u043d\u0435\u0441 \u043d\u0430\u0439-\u0433\u043e\u043b\u044f\u043c\u043e \u0432\u043b\u0438\u044f\u043d\u0438\u0435 \u0432\u044a\u0440\u0445\u0443 \u043d\u0435\u0433\u043e \u0438\u043c\u0430\u00a0 lingua franca \u043d\u0430 \u043d\u0430\u0448\u0435\u0442\u043e \u0432\u0440\u0435\u043c\u0435 \u2013 \u0430\u043d\u0433\u043b\u0438\u0439\u0441\u043a\u0438\u044f\u0442 \u0435\u0437\u0438\u043a.<\/p>\n<p>\u041e\u0441\u043d\u043e\u0432\u043d\u0438\u0442\u0435 \u0434\u0438\u0430\u043b\u0435\u043a\u0442\u0438 \u043d\u0430 \u043f\u043e\u043b\u0441\u043a\u0438\u044f \u0435\u0437\u0438\u043a \u0441\u0430 \u0432\u0435\u043b\u043a\u043e\u043f\u043e\u043b\u0441\u043a\u0438, \u043c\u0430\u043b\u043e\u043f\u043e\u043b\u0441\u043a\u0438, \u0448\u043b\u044c\u043e\u043d\u0441\u043a\u0438\/\u0441\u0438\u043b\u0435\u0437\u0438\u0439\u0441\u043a\u0438, \u043c\u0430\u0437\u043e\u0432\u0435\u0446\u043a\u0438, \u0445\u0435\u043b\u043c\u0438\u043d\u0441\u043a\u043e-\u043a\u043e\u0447\u0435\u0432\u0441\u043a\u043e-\u0432\u0430\u0440\u043c\u0438\u043d\u0441\u043a\u0438\u044f\u0442, \u043a\u0430\u043a\u0442\u043e \u0438 \u0441\u0435\u0432\u0435\u0440\u043d\u043e-\u043f\u043e\u0433\u0440\u0430\u043d\u0438\u0447\u043d\u0438\u044f\u0442 \u0438 \u044e\u0436\u043d\u043e-\u043f\u043e\u0433\u0440\u0430\u043d\u0438\u0447\u043d\u0438\u044f\u0442 \u0434\u0438\u0430\u043b\u0435\u043a\u0442\u0438.<\/p>\n<p><strong>\u041f\u043e\u0432\u0435\u0447\u0435:<\/strong><\/p>\n<p>Multimedia Guide to Polish Language: <a href=\"http:\/\/multimediaguides.culture.pl\/multimediaguides\/alphabet\/the-polish-alphabet\/0\">http:\/\/multimediaguides.culture.pl\/multimediaguides\/alphabet\/the-polish-alphabet\/0<\/a><\/p>\n<p>Poland.pl: <a href=\"https:\/\/poland.pl\/social-issues\/social\/polish-language-simple-language\/\">https:\/\/poland.pl\/social-issues\/social\/polish-language-simple-language\/<\/a><\/p>\n<p>\u0418\u043d\u0444\u043e\u0440\u043c\u0430\u0446\u0438\u044f \u0437\u0430 \u0442\u043e\u0432\u0430, \u043a\u044a\u0434\u0435 \u043f\u043e \u0441\u0432\u0435\u0442\u0430 \u043c\u043e\u0436\u0435 \u0434\u0430 \u0441\u0435 \u0438\u0437\u0443\u0447\u0430\u0432\u0430 \u043f\u043e\u043b\u0441\u043a\u0438 \u0435\u0437\u0438\u043a \u0438 \u0437\u0430 \u043f\u043e\u043b\u0441\u043a\u0438\u0442\u0435 \u0431\u0438\u0431\u043b\u0438\u043e\u0442\u0435\u043a\u0438 \u2013 \u043d\u0430 \u0438\u043d\u0442\u0435\u0440\u0430\u043a\u0442\u0438\u0432\u043d\u0430\u0442\u0430 \u043a\u0430\u0440\u0442\u0430 \u043d\u0430 \u041f\u043e\u043b\u0448\u0430 \u0438\u0437\u0432\u044a\u043d \u041f\u043e\u043b\u0448\u0430 <a href=\"https:\/\/polski.msz.gov.pl\/\">https:\/\/polski.msz.gov.pl\/<\/a><\/p>\n<p>\u0420\u0430\u0437\u043f\u0440\u043e\u0441\u0442\u0440\u0430\u043d\u0435\u043d\u0438\u0435 \u043d\u0430 \u043f\u043e\u043b\u0441\u043a\u0438\u044f \u0435\u0437\u0438\u043a \u0432 \u0447\u0443\u0436\u0431\u0438\u043d\u0430: <a href=\"https:\/\/nawa.gov.pl\/jezyk-polski\">https:\/\/nawa.gov.pl\/jezyk-polski<\/a><\/p>\n","protected":false},"excerpt":{"rendered":"<p>\u041f\u043e\u043b\u0441\u043a\u0438\u044f\u0442 \u0435 \u0432\u0442\u043e\u0440\u0438\u044f\u0442 \u043f\u043e \u0433\u043e\u043b\u0435\u043c\u0438\u043d\u0430 \u0441\u043b\u0430\u0432\u044f\u043d\u0441\u043a\u0438 \u0435\u0437\u0438\u043a \u0432 \u0441\u0432\u0435\u0442\u0430 \u043f\u043e \u043e\u0442\u043d\u043e\u0448\u0435\u043d\u0438\u0435 \u043d\u0430 \u0431\u0440\u043e\u044f \u043d\u0430 \u0443\u043f\u043e\u0442\u0440\u0435\u0431\u044f\u0432\u0430\u0449\u0438\u0442\u0435 \u0433\u043e. \u041e\u043a\u043e\u043b\u043e 50 \u043c\u0438\u043b\u0438\u043e\u043d\u0430 \u0434\u0443\u0448\u0438 \u0430\u043a\u0442\u0438\u0432\u043d\u043e \u0433\u043e \u0438\u0437\u043f\u043e\u043b\u0437\u0432\u0430\u0442, \u0430 \u043f\u043e\u043d\u0435 10 \u043c\u0438\u043b\u0438\u043e\u043d\u0430 \u0438\u043c\u0430\u0442 \u043f\u0430\u0441\u0438\u0432\u043d\u0438 \u043f\u043e\u0437\u043d\u0430\u043d\u0438\u044f \u0437\u0430 \u043d\u0435\u0433\u043e. \u00a0\u0422\u0430\u043a\u0430 \u043f\u043e\u043b\u0441\u043a\u0438\u044f\u0442 \u0435\u0437\u0438\u043a \u0441\u0435 \u044f\u0432\u044f\u0432\u0430 \u043d\u0430\u0439-\u0433\u043e\u043b\u0435\u043c\u0438\u044f\u0442 \u0441\u043b\u0430\u0432\u044f\u043d\u0441\u043a\u0438 \u0435\u0437\u0438\u043a \u0432 \u0415\u0432\u0440\u043e\u043f\u0435\u0439\u0441\u043a\u0438\u044f \u0441\u044a\u044e\u0437, \u043f\u0435\u0442\u0438\u044f\u0442 \u043c\u0443 \u0435\u0442\u043d\u0438\u0447\u0435\u0441\u043a\u0438 \u0435\u0437\u0438\u043a (ex aequo \u0441 \u0438\u0441\u043f\u0430\u043d\u0441\u043a\u0438 \u043a\u0430\u0441\u0442\u0438\u043b\u0441\u043a\u0438, \u0441\u043b\u0435\u0434 \u043d\u0435\u043c\u0441\u043a\u0438\u044f, \u0430\u043d\u0433\u043b\u0438\u0439\u0441\u043a\u0438\u044f, [&hellip;]<\/p>\n","protected":false},"author":1,"featured_media":886,"parent":0,"menu_order":0,"comment_status":"closed","ping_status":"closed","template":"","meta":{"inline_featured_image":false,"_monsterinsights_skip_tracking":false,"_monsterinsights_sitenote_active":false,"_monsterinsights_sitenote_note":"","_monsterinsights_sitenote_category":0,"footnotes":""},"class_list":["post-885","page","type-page","status-publish","has-post-thumbnail","hentry"],"yoast_head":"<!-- This site is optimized with the Yoast SEO plugin v24.6 - https:\/\/yoast.com\/wordpress\/plugins\/seo\/ -->\n<title>\u041f\u043e\u043b\u0441\u043a\u0438 \u0435\u0437\u0438\u043a - Instytut Polski w Sofii<\/title>\n<meta name=\"robots\" content=\"index, follow, max-snippet:-1, max-image-preview:large, max-video-preview:-1\" \/>\n<link rel=\"canonical\" href=\"https:\/\/instytutpolski.pl\/sofia\/\u043f\u043e\u043b\u0441\u043a\u0438-\u0435\u0437\u0438\u043a\/\" \/>\n<meta property=\"og:locale\" content=\"pl_PL\" \/>\n<meta property=\"og:type\" content=\"article\" \/>\n<meta property=\"og:title\" content=\"\u041f\u043e\u043b\u0441\u043a\u0438 \u0435\u0437\u0438\u043a - Instytut Polski w Sofii\" \/>\n<meta property=\"og:description\" content=\"\u041f\u043e\u043b\u0441\u043a\u0438\u044f\u0442 \u0435 \u0432\u0442\u043e\u0440\u0438\u044f\u0442 \u043f\u043e \u0433\u043e\u043b\u0435\u043c\u0438\u043d\u0430 \u0441\u043b\u0430\u0432\u044f\u043d\u0441\u043a\u0438 \u0435\u0437\u0438\u043a \u0432 \u0441\u0432\u0435\u0442\u0430 \u043f\u043e \u043e\u0442\u043d\u043e\u0448\u0435\u043d\u0438\u0435 \u043d\u0430 \u0431\u0440\u043e\u044f \u043d\u0430 \u0443\u043f\u043e\u0442\u0440\u0435\u0431\u044f\u0432\u0430\u0449\u0438\u0442\u0435 \u0433\u043e. \u041e\u043a\u043e\u043b\u043e 50 \u043c\u0438\u043b\u0438\u043e\u043d\u0430 \u0434\u0443\u0448\u0438 \u0430\u043a\u0442\u0438\u0432\u043d\u043e \u0433\u043e \u0438\u0437\u043f\u043e\u043b\u0437\u0432\u0430\u0442, \u0430 \u043f\u043e\u043d\u0435 10 \u043c\u0438\u043b\u0438\u043e\u043d\u0430 \u0438\u043c\u0430\u0442 \u043f\u0430\u0441\u0438\u0432\u043d\u0438 \u043f\u043e\u0437\u043d\u0430\u043d\u0438\u044f \u0437\u0430 \u043d\u0435\u0433\u043e. \u00a0\u0422\u0430\u043a\u0430 \u043f\u043e\u043b\u0441\u043a\u0438\u044f\u0442 \u0435\u0437\u0438\u043a \u0441\u0435 \u044f\u0432\u044f\u0432\u0430 \u043d\u0430\u0439-\u0433\u043e\u043b\u0435\u043c\u0438\u044f\u0442 \u0441\u043b\u0430\u0432\u044f\u043d\u0441\u043a\u0438 \u0435\u0437\u0438\u043a \u0432 \u0415\u0432\u0440\u043e\u043f\u0435\u0439\u0441\u043a\u0438\u044f \u0441\u044a\u044e\u0437, \u043f\u0435\u0442\u0438\u044f\u0442 \u043c\u0443 \u0435\u0442\u043d\u0438\u0447\u0435\u0441\u043a\u0438 \u0435\u0437\u0438\u043a (ex aequo \u0441 \u0438\u0441\u043f\u0430\u043d\u0441\u043a\u0438 \u043a\u0430\u0441\u0442\u0438\u043b\u0441\u043a\u0438, \u0441\u043b\u0435\u0434 \u043d\u0435\u043c\u0441\u043a\u0438\u044f, \u0430\u043d\u0433\u043b\u0438\u0439\u0441\u043a\u0438\u044f, [&hellip;]\" \/>\n<meta property=\"og:url\" content=\"https:\/\/instytutpolski.pl\/sofia\/\u043f\u043e\u043b\u0441\u043a\u0438-\u0435\u0437\u0438\u043a\/\" \/>\n<meta property=\"og:site_name\" content=\"Instytut Polski w Sofii\" \/>\n<meta property=\"article:modified_time\" content=\"2020-05-14T09:52:18+00:00\" \/>\n<meta property=\"og:image\" content=\"https:\/\/instytutpolski.pl\/sofia\/wp-content\/uploads\/sites\/8\/2019\/06\/jezyk-polski.jpg\" \/>\n\t<meta property=\"og:image:width\" content=\"1920\" \/>\n\t<meta property=\"og:image:height\" content=\"700\" \/>\n\t<meta property=\"og:image:type\" content=\"image\/jpeg\" \/>\n<meta name=\"twitter:card\" content=\"summary_large_image\" \/>\n<script type=\"application\/ld+json\" class=\"yoast-schema-graph\">{\"@context\":\"https:\/\/schema.org\",\"@graph\":[{\"@type\":\"WebPage\",\"@id\":\"https:\/\/instytutpolski.pl\/sofia\/%d0%bf%d0%be%d0%bb%d1%81%d0%ba%d0%b8-%d0%b5%d0%b7%d0%b8%d0%ba\/\",\"url\":\"https:\/\/instytutpolski.pl\/sofia\/%d0%bf%d0%be%d0%bb%d1%81%d0%ba%d0%b8-%d0%b5%d0%b7%d0%b8%d0%ba\/\",\"name\":\"\u041f\u043e\u043b\u0441\u043a\u0438 \u0435\u0437\u0438\u043a - Instytut Polski w Sofii\",\"isPartOf\":{\"@id\":\"https:\/\/instytutpolski.pl\/sofia\/#website\"},\"primaryImageOfPage\":{\"@id\":\"https:\/\/instytutpolski.pl\/sofia\/%d0%bf%d0%be%d0%bb%d1%81%d0%ba%d0%b8-%d0%b5%d0%b7%d0%b8%d0%ba\/#primaryimage\"},\"image\":{\"@id\":\"https:\/\/instytutpolski.pl\/sofia\/%d0%bf%d0%be%d0%bb%d1%81%d0%ba%d0%b8-%d0%b5%d0%b7%d0%b8%d0%ba\/#primaryimage\"},\"thumbnailUrl\":\"https:\/\/instytutpolski.pl\/sofia\/wp-content\/uploads\/sites\/8\/2019\/06\/jezyk-polski.jpg\",\"datePublished\":\"2019-06-26T06:59:21+00:00\",\"dateModified\":\"2020-05-14T09:52:18+00:00\",\"breadcrumb\":{\"@id\":\"https:\/\/instytutpolski.pl\/sofia\/%d0%bf%d0%be%d0%bb%d1%81%d0%ba%d0%b8-%d0%b5%d0%b7%d0%b8%d0%ba\/#breadcrumb\"},\"inLanguage\":\"pl-PL\",\"potentialAction\":[{\"@type\":\"ReadAction\",\"target\":[\"https:\/\/instytutpolski.pl\/sofia\/%d0%bf%d0%be%d0%bb%d1%81%d0%ba%d0%b8-%d0%b5%d0%b7%d0%b8%d0%ba\/\"]}]},{\"@type\":\"ImageObject\",\"inLanguage\":\"pl-PL\",\"@id\":\"https:\/\/instytutpolski.pl\/sofia\/%d0%bf%d0%be%d0%bb%d1%81%d0%ba%d0%b8-%d0%b5%d0%b7%d0%b8%d0%ba\/#primaryimage\",\"url\":\"https:\/\/instytutpolski.pl\/sofia\/wp-content\/uploads\/sites\/8\/2019\/06\/jezyk-polski.jpg\",\"contentUrl\":\"https:\/\/instytutpolski.pl\/sofia\/wp-content\/uploads\/sites\/8\/2019\/06\/jezyk-polski.jpg\",\"width\":1920,\"height\":700},{\"@type\":\"BreadcrumbList\",\"@id\":\"https:\/\/instytutpolski.pl\/sofia\/%d0%bf%d0%be%d0%bb%d1%81%d0%ba%d0%b8-%d0%b5%d0%b7%d0%b8%d0%ba\/#breadcrumb\",\"itemListElement\":[{\"@type\":\"ListItem\",\"position\":1,\"name\":\"Home\",\"item\":\"https:\/\/instytutpolski.pl\/sofia\/\"},{\"@type\":\"ListItem\",\"position\":2,\"name\":\"\u041f\u043e\u043b\u0441\u043a\u0438 \u0435\u0437\u0438\u043a\"}]},{\"@type\":\"WebSite\",\"@id\":\"https:\/\/instytutpolski.pl\/sofia\/#website\",\"url\":\"https:\/\/instytutpolski.pl\/sofia\/\",\"name\":\"Instytut Polski w Sofii\",\"description\":\"Instytuty Polskie\",\"potentialAction\":[{\"@type\":\"SearchAction\",\"target\":{\"@type\":\"EntryPoint\",\"urlTemplate\":\"https:\/\/instytutpolski.pl\/sofia\/?s={search_term_string}\"},\"query-input\":{\"@type\":\"PropertyValueSpecification\",\"valueRequired\":true,\"valueName\":\"search_term_string\"}}],\"inLanguage\":\"pl-PL\"}]}<\/script>\n<!-- \/ Yoast SEO plugin. -->","yoast_head_json":{"title":"\u041f\u043e\u043b\u0441\u043a\u0438 \u0435\u0437\u0438\u043a - Instytut Polski w Sofii","robots":{"index":"index","follow":"follow","max-snippet":"max-snippet:-1","max-image-preview":"max-image-preview:large","max-video-preview":"max-video-preview:-1"},"canonical":"https:\/\/instytutpolski.pl\/sofia\/\u043f\u043e\u043b\u0441\u043a\u0438-\u0435\u0437\u0438\u043a\/","og_locale":"pl_PL","og_type":"article","og_title":"\u041f\u043e\u043b\u0441\u043a\u0438 \u0435\u0437\u0438\u043a - Instytut Polski w Sofii","og_description":"\u041f\u043e\u043b\u0441\u043a\u0438\u044f\u0442 \u0435 \u0432\u0442\u043e\u0440\u0438\u044f\u0442 \u043f\u043e \u0433\u043e\u043b\u0435\u043c\u0438\u043d\u0430 \u0441\u043b\u0430\u0432\u044f\u043d\u0441\u043a\u0438 \u0435\u0437\u0438\u043a \u0432 \u0441\u0432\u0435\u0442\u0430 \u043f\u043e \u043e\u0442\u043d\u043e\u0448\u0435\u043d\u0438\u0435 \u043d\u0430 \u0431\u0440\u043e\u044f \u043d\u0430 \u0443\u043f\u043e\u0442\u0440\u0435\u0431\u044f\u0432\u0430\u0449\u0438\u0442\u0435 \u0433\u043e. \u041e\u043a\u043e\u043b\u043e 50 \u043c\u0438\u043b\u0438\u043e\u043d\u0430 \u0434\u0443\u0448\u0438 \u0430\u043a\u0442\u0438\u0432\u043d\u043e \u0433\u043e \u0438\u0437\u043f\u043e\u043b\u0437\u0432\u0430\u0442, \u0430 \u043f\u043e\u043d\u0435 10 \u043c\u0438\u043b\u0438\u043e\u043d\u0430 \u0438\u043c\u0430\u0442 \u043f\u0430\u0441\u0438\u0432\u043d\u0438 \u043f\u043e\u0437\u043d\u0430\u043d\u0438\u044f \u0437\u0430 \u043d\u0435\u0433\u043e. \u00a0\u0422\u0430\u043a\u0430 \u043f\u043e\u043b\u0441\u043a\u0438\u044f\u0442 \u0435\u0437\u0438\u043a \u0441\u0435 \u044f\u0432\u044f\u0432\u0430 \u043d\u0430\u0439-\u0433\u043e\u043b\u0435\u043c\u0438\u044f\u0442 \u0441\u043b\u0430\u0432\u044f\u043d\u0441\u043a\u0438 \u0435\u0437\u0438\u043a \u0432 \u0415\u0432\u0440\u043e\u043f\u0435\u0439\u0441\u043a\u0438\u044f \u0441\u044a\u044e\u0437, \u043f\u0435\u0442\u0438\u044f\u0442 \u043c\u0443 \u0435\u0442\u043d\u0438\u0447\u0435\u0441\u043a\u0438 \u0435\u0437\u0438\u043a (ex aequo \u0441 \u0438\u0441\u043f\u0430\u043d\u0441\u043a\u0438 \u043a\u0430\u0441\u0442\u0438\u043b\u0441\u043a\u0438, \u0441\u043b\u0435\u0434 \u043d\u0435\u043c\u0441\u043a\u0438\u044f, \u0430\u043d\u0433\u043b\u0438\u0439\u0441\u043a\u0438\u044f, [&hellip;]","og_url":"https:\/\/instytutpolski.pl\/sofia\/\u043f\u043e\u043b\u0441\u043a\u0438-\u0435\u0437\u0438\u043a\/","og_site_name":"Instytut Polski w Sofii","article_modified_time":"2020-05-14T09:52:18+00:00","og_image":[{"width":1920,"height":700,"url":"https:\/\/instytutpolski.pl\/sofia\/wp-content\/uploads\/sites\/8\/2019\/06\/jezyk-polski.jpg","type":"image\/jpeg"}],"twitter_card":"summary_large_image","schema":{"@context":"https:\/\/schema.org","@graph":[{"@type":"WebPage","@id":"https:\/\/instytutpolski.pl\/sofia\/%d0%bf%d0%be%d0%bb%d1%81%d0%ba%d0%b8-%d0%b5%d0%b7%d0%b8%d0%ba\/","url":"https:\/\/instytutpolski.pl\/sofia\/%d0%bf%d0%be%d0%bb%d1%81%d0%ba%d0%b8-%d0%b5%d0%b7%d0%b8%d0%ba\/","name":"\u041f\u043e\u043b\u0441\u043a\u0438 \u0435\u0437\u0438\u043a - Instytut Polski w Sofii","isPartOf":{"@id":"https:\/\/instytutpolski.pl\/sofia\/#website"},"primaryImageOfPage":{"@id":"https:\/\/instytutpolski.pl\/sofia\/%d0%bf%d0%be%d0%bb%d1%81%d0%ba%d0%b8-%d0%b5%d0%b7%d0%b8%d0%ba\/#primaryimage"},"image":{"@id":"https:\/\/instytutpolski.pl\/sofia\/%d0%bf%d0%be%d0%bb%d1%81%d0%ba%d0%b8-%d0%b5%d0%b7%d0%b8%d0%ba\/#primaryimage"},"thumbnailUrl":"https:\/\/instytutpolski.pl\/sofia\/wp-content\/uploads\/sites\/8\/2019\/06\/jezyk-polski.jpg","datePublished":"2019-06-26T06:59:21+00:00","dateModified":"2020-05-14T09:52:18+00:00","breadcrumb":{"@id":"https:\/\/instytutpolski.pl\/sofia\/%d0%bf%d0%be%d0%bb%d1%81%d0%ba%d0%b8-%d0%b5%d0%b7%d0%b8%d0%ba\/#breadcrumb"},"inLanguage":"pl-PL","potentialAction":[{"@type":"ReadAction","target":["https:\/\/instytutpolski.pl\/sofia\/%d0%bf%d0%be%d0%bb%d1%81%d0%ba%d0%b8-%d0%b5%d0%b7%d0%b8%d0%ba\/"]}]},{"@type":"ImageObject","inLanguage":"pl-PL","@id":"https:\/\/instytutpolski.pl\/sofia\/%d0%bf%d0%be%d0%bb%d1%81%d0%ba%d0%b8-%d0%b5%d0%b7%d0%b8%d0%ba\/#primaryimage","url":"https:\/\/instytutpolski.pl\/sofia\/wp-content\/uploads\/sites\/8\/2019\/06\/jezyk-polski.jpg","contentUrl":"https:\/\/instytutpolski.pl\/sofia\/wp-content\/uploads\/sites\/8\/2019\/06\/jezyk-polski.jpg","width":1920,"height":700},{"@type":"BreadcrumbList","@id":"https:\/\/instytutpolski.pl\/sofia\/%d0%bf%d0%be%d0%bb%d1%81%d0%ba%d0%b8-%d0%b5%d0%b7%d0%b8%d0%ba\/#breadcrumb","itemListElement":[{"@type":"ListItem","position":1,"name":"Home","item":"https:\/\/instytutpolski.pl\/sofia\/"},{"@type":"ListItem","position":2,"name":"\u041f\u043e\u043b\u0441\u043a\u0438 \u0435\u0437\u0438\u043a"}]},{"@type":"WebSite","@id":"https:\/\/instytutpolski.pl\/sofia\/#website","url":"https:\/\/instytutpolski.pl\/sofia\/","name":"Instytut Polski w Sofii","description":"Instytuty Polskie","potentialAction":[{"@type":"SearchAction","target":{"@type":"EntryPoint","urlTemplate":"https:\/\/instytutpolski.pl\/sofia\/?s={search_term_string}"},"query-input":{"@type":"PropertyValueSpecification","valueRequired":true,"valueName":"search_term_string"}}],"inLanguage":"pl-PL"}]}},"_links":{"self":[{"href":"https:\/\/instytutpolski.pl\/sofia\/wp-json\/wp\/v2\/pages\/885","targetHints":{"allow":["GET"]}}],"collection":[{"href":"https:\/\/instytutpolski.pl\/sofia\/wp-json\/wp\/v2\/pages"}],"about":[{"href":"https:\/\/instytutpolski.pl\/sofia\/wp-json\/wp\/v2\/types\/page"}],"author":[{"embeddable":true,"href":"https:\/\/instytutpolski.pl\/sofia\/wp-json\/wp\/v2\/users\/1"}],"replies":[{"embeddable":true,"href":"https:\/\/instytutpolski.pl\/sofia\/wp-json\/wp\/v2\/comments?post=885"}],"version-history":[{"count":4,"href":"https:\/\/instytutpolski.pl\/sofia\/wp-json\/wp\/v2\/pages\/885\/revisions"}],"predecessor-version":[{"id":2223,"href":"https:\/\/instytutpolski.pl\/sofia\/wp-json\/wp\/v2\/pages\/885\/revisions\/2223"}],"wp:featuredmedia":[{"embeddable":true,"href":"https:\/\/instytutpolski.pl\/sofia\/wp-json\/wp\/v2\/media\/886"}],"wp:attachment":[{"href":"https:\/\/instytutpolski.pl\/sofia\/wp-json\/wp\/v2\/media?parent=885"}],"curies":[{"name":"wp","href":"https:\/\/api.w.org\/{rel}","templated":true}]}}