{"id":899,"date":"2019-06-26T09:06:25","date_gmt":"2019-06-26T07:06:25","guid":{"rendered":"https:\/\/instytutpolski.pl\/sofia\/?page_id=899"},"modified":"2025-08-14T14:33:57","modified_gmt":"2025-08-14T12:33:57","slug":"inne-ogolnodostepne-kursy-jezyka-polskiego","status":"publish","type":"page","link":"https:\/\/instytutpolski.pl\/sofia\/pl\/jezyk-polski\/inne-ogolnodostepne-kursy-jezyka-polskiego\/","title":{"rendered":"Inne og\u00f3lnodost\u0119pne kursy j\u0119zyka polskiego"},"content":{"rendered":"\n<p style=\"text-align: center\"><b>Varia Polish Language Center, Krak\u00f3w<br \/><\/b>Kursy j\u0119zyka polskiego w Krakowie i kursy online<br \/><a href=\"http:\/\/www.varia-course.com\/\" target=\"_blank\" rel=\"noopener\">www.varia-course.com<\/a><br \/><a>office@varia-course.com<\/a><\/p>\n<p style=\"text-align: center\"><strong>Tel. +48 664 092\u00a0374<\/strong><\/p>\n<p style=\"text-align: center\">Centrum J\u0119zyka Polskiego Varia organizuje pa\u0144stwowe egzaminy certyfikatowe z j\u0119zyka polskiego jako obcego &#8211; <a href=\"https:\/\/kurspolskiego.pl\/kursy-w-szkole\/egzamin-certyfikatowy-z-jezyka-polskiego\/\" target=\"_blank\" rel=\"noopener\">link do egzaminu<\/a>.<\/p>\n<p style=\"text-align: center\"><strong>***<\/strong><\/p>\n<p style=\"text-align: center\"><strong>Szko\u0142a J\u0119zyka i Kultury Polskiej<\/strong><br \/>Uniwersytet \u015al\u0105ski<br \/>pl. Sejmu \u015al. 1, 40-032 Katowice, POLAND<br \/><strong>tel.\/ fax: (+48 32) 25 12 991, tel. (+48 32) 2009 424<\/strong><br \/>e-mail: szkola@us.edu.pl<br \/><a href=\"http:\/\/www.sjikp.us.edu.pl\/en\/polish-language-courses\/\" target=\"_blank\" rel=\"noopener noreferrer\">http:\/\/www.sjikp.us.edu.pl\/en\/polish-language-courses\/<\/a><\/p>\n<p style=\"text-align: center\"><strong>***<\/strong><\/p>\n<p style=\"text-align: center\"><strong>Stowarzyszenie Wsp\u00f3lnota Polska\u201c<\/strong><br \/>Oddzia\u0142 w Krakowie<br \/>31-008 Krak\u00f3w<br \/>Rynek G\u0142\u00f3wny 14<br \/><strong>tel.\/fax 124224355, 124226158<\/strong><\/p>\n<p style=\"text-align: center\">\u00a0<\/p>\n<p><strong><a href=\"http:\/\/www.varia-course.com\/\"><img decoding=\"async\" class=\"size-full wp-image-771 aligncenter\" title=\"m.1023\" src=\"http:\/\/institutpolski.org\/wp-content\/uploads\/2012\/10\/m.1023.jpg\" alt=\"\" \/><\/a><\/strong><\/p>\n","protected":false},"excerpt":{"rendered":"<p>Varia Polish Language Center, Krak\u00f3wKursy j\u0119zyka polskiego w Krakowie i kursy onlinewww.varia-course.comoffice@varia-course.com Tel. +48 664 092\u00a0374 Centrum J\u0119zyka Polskiego Varia organizuje pa\u0144stwowe egzaminy certyfikatowe z j\u0119zyka polskiego jako obcego &#8211; link do egzaminu. *** Szko\u0142a J\u0119zyka i Kultury PolskiejUniwersytet \u015al\u0105skipl. Sejmu \u015al. 1, 40-032 Katowice, POLANDtel.\/ fax: (+48 32) 25 12 991, tel. (+48 32) [&hellip;]<\/p>\n","protected":false},"author":1,"featured_media":0,"parent":889,"menu_order":0,"comment_status":"closed","ping_status":"closed","template":"","meta":{"inline_featured_image":false,"_monsterinsights_skip_tracking":false,"_monsterinsights_sitenote_active":false,"_monsterinsights_sitenote_note":"","_monsterinsights_sitenote_category":0,"footnotes":""},"class_list":["post-899","page","type-page","status-publish","hentry"],"yoast_head":"<!-- This site is optimized with the Yoast SEO plugin v24.6 - https:\/\/yoast.com\/wordpress\/plugins\/seo\/ -->\n<title>Inne og\u00f3lnodost\u0119pne kursy j\u0119zyka polskiego - Instytut Polski w Sofii<\/title>\n<meta name=\"robots\" content=\"index, follow, max-snippet:-1, max-image-preview:large, max-video-preview:-1\" \/>\n<link rel=\"canonical\" href=\"https:\/\/instytutpolski.pl\/sofia\/pl\/jezyk-polski\/inne-ogolnodostepne-kursy-jezyka-polskiego\/\" \/>\n<meta property=\"og:locale\" content=\"pl_PL\" \/>\n<meta property=\"og:type\" content=\"article\" \/>\n<meta property=\"og:title\" content=\"Inne og\u00f3lnodost\u0119pne kursy j\u0119zyka polskiego - Instytut Polski w Sofii\" \/>\n<meta property=\"og:description\" content=\"Varia Polish Language Center, Krak\u00f3wKursy j\u0119zyka polskiego w Krakowie i kursy onlinewww.varia-course.comoffice@varia-course.com Tel. +48 664 092\u00a0374 Centrum J\u0119zyka Polskiego Varia organizuje pa\u0144stwowe egzaminy certyfikatowe z j\u0119zyka polskiego jako obcego &#8211; link do egzaminu. *** Szko\u0142a J\u0119zyka i Kultury PolskiejUniwersytet \u015al\u0105skipl. Sejmu \u015al. 1, 40-032 Katowice, POLANDtel.\/ fax: (+48 32) 25 12 991, tel. (+48 32) [&hellip;]\" \/>\n<meta property=\"og:url\" content=\"https:\/\/instytutpolski.pl\/sofia\/pl\/jezyk-polski\/inne-ogolnodostepne-kursy-jezyka-polskiego\/\" \/>\n<meta property=\"og:site_name\" content=\"Instytut Polski w Sofii\" \/>\n<meta property=\"article:modified_time\" content=\"2025-08-14T12:33:57+00:00\" \/>\n<meta name=\"twitter:card\" content=\"summary_large_image\" \/>\n<meta name=\"twitter:label1\" content=\"Szacowany czas czytania\" \/>\n\t<meta name=\"twitter:data1\" content=\"1 minuta\" \/>\n<script type=\"application\/ld+json\" class=\"yoast-schema-graph\">{\"@context\":\"https:\/\/schema.org\",\"@graph\":[{\"@type\":\"WebPage\",\"@id\":\"https:\/\/instytutpolski.pl\/sofia\/pl\/jezyk-polski\/inne-ogolnodostepne-kursy-jezyka-polskiego\/\",\"url\":\"https:\/\/instytutpolski.pl\/sofia\/pl\/jezyk-polski\/inne-ogolnodostepne-kursy-jezyka-polskiego\/\",\"name\":\"Inne og\u00f3lnodost\u0119pne kursy j\u0119zyka polskiego - Instytut Polski w Sofii\",\"isPartOf\":{\"@id\":\"https:\/\/instytutpolski.pl\/sofia\/#website\"},\"primaryImageOfPage\":{\"@id\":\"https:\/\/instytutpolski.pl\/sofia\/pl\/jezyk-polski\/inne-ogolnodostepne-kursy-jezyka-polskiego\/#primaryimage\"},\"image\":{\"@id\":\"https:\/\/instytutpolski.pl\/sofia\/pl\/jezyk-polski\/inne-ogolnodostepne-kursy-jezyka-polskiego\/#primaryimage\"},\"thumbnailUrl\":\"http:\/\/institutpolski.org\/wp-content\/uploads\/2012\/10\/m.1023.jpg\",\"datePublished\":\"2019-06-26T07:06:25+00:00\",\"dateModified\":\"2025-08-14T12:33:57+00:00\",\"breadcrumb\":{\"@id\":\"https:\/\/instytutpolski.pl\/sofia\/pl\/jezyk-polski\/inne-ogolnodostepne-kursy-jezyka-polskiego\/#breadcrumb\"},\"inLanguage\":\"pl-PL\",\"potentialAction\":[{\"@type\":\"ReadAction\",\"target\":[\"https:\/\/instytutpolski.pl\/sofia\/pl\/jezyk-polski\/inne-ogolnodostepne-kursy-jezyka-polskiego\/\"]}]},{\"@type\":\"ImageObject\",\"inLanguage\":\"pl-PL\",\"@id\":\"https:\/\/instytutpolski.pl\/sofia\/pl\/jezyk-polski\/inne-ogolnodostepne-kursy-jezyka-polskiego\/#primaryimage\",\"url\":\"http:\/\/institutpolski.org\/wp-content\/uploads\/2012\/10\/m.1023.jpg\",\"contentUrl\":\"http:\/\/institutpolski.org\/wp-content\/uploads\/2012\/10\/m.1023.jpg\"},{\"@type\":\"BreadcrumbList\",\"@id\":\"https:\/\/instytutpolski.pl\/sofia\/pl\/jezyk-polski\/inne-ogolnodostepne-kursy-jezyka-polskiego\/#breadcrumb\",\"itemListElement\":[{\"@type\":\"ListItem\",\"position\":1,\"name\":\"Home\",\"item\":\"https:\/\/instytutpolski.pl\/sofia\/\"},{\"@type\":\"ListItem\",\"position\":2,\"name\":\"J\u0119zyk Polski\",\"item\":\"https:\/\/instytutpolski.pl\/sofia\/pl\/jezyk-polski\/\"},{\"@type\":\"ListItem\",\"position\":3,\"name\":\"Inne og\u00f3lnodost\u0119pne kursy j\u0119zyka polskiego\"}]},{\"@type\":\"WebSite\",\"@id\":\"https:\/\/instytutpolski.pl\/sofia\/#website\",\"url\":\"https:\/\/instytutpolski.pl\/sofia\/\",\"name\":\"Instytut Polski w Sofii\",\"description\":\"Instytuty Polskie\",\"potentialAction\":[{\"@type\":\"SearchAction\",\"target\":{\"@type\":\"EntryPoint\",\"urlTemplate\":\"https:\/\/instytutpolski.pl\/sofia\/?s={search_term_string}\"},\"query-input\":{\"@type\":\"PropertyValueSpecification\",\"valueRequired\":true,\"valueName\":\"search_term_string\"}}],\"inLanguage\":\"pl-PL\"}]}<\/script>\n<!-- \/ Yoast SEO plugin. -->","yoast_head_json":{"title":"Inne og\u00f3lnodost\u0119pne kursy j\u0119zyka polskiego - Instytut Polski w Sofii","robots":{"index":"index","follow":"follow","max-snippet":"max-snippet:-1","max-image-preview":"max-image-preview:large","max-video-preview":"max-video-preview:-1"},"canonical":"https:\/\/instytutpolski.pl\/sofia\/pl\/jezyk-polski\/inne-ogolnodostepne-kursy-jezyka-polskiego\/","og_locale":"pl_PL","og_type":"article","og_title":"Inne og\u00f3lnodost\u0119pne kursy j\u0119zyka polskiego - Instytut Polski w Sofii","og_description":"Varia Polish Language Center, Krak\u00f3wKursy j\u0119zyka polskiego w Krakowie i kursy onlinewww.varia-course.comoffice@varia-course.com Tel. +48 664 092\u00a0374 Centrum J\u0119zyka Polskiego Varia organizuje pa\u0144stwowe egzaminy certyfikatowe z j\u0119zyka polskiego jako obcego &#8211; link do egzaminu. *** Szko\u0142a J\u0119zyka i Kultury PolskiejUniwersytet \u015al\u0105skipl. Sejmu \u015al. 1, 40-032 Katowice, POLANDtel.\/ fax: (+48 32) 25 12 991, tel. (+48 32) [&hellip;]","og_url":"https:\/\/instytutpolski.pl\/sofia\/pl\/jezyk-polski\/inne-ogolnodostepne-kursy-jezyka-polskiego\/","og_site_name":"Instytut Polski w Sofii","article_modified_time":"2025-08-14T12:33:57+00:00","twitter_card":"summary_large_image","twitter_misc":{"Szacowany czas czytania":"1 minuta"},"schema":{"@context":"https:\/\/schema.org","@graph":[{"@type":"WebPage","@id":"https:\/\/instytutpolski.pl\/sofia\/pl\/jezyk-polski\/inne-ogolnodostepne-kursy-jezyka-polskiego\/","url":"https:\/\/instytutpolski.pl\/sofia\/pl\/jezyk-polski\/inne-ogolnodostepne-kursy-jezyka-polskiego\/","name":"Inne og\u00f3lnodost\u0119pne kursy j\u0119zyka polskiego - Instytut Polski w Sofii","isPartOf":{"@id":"https:\/\/instytutpolski.pl\/sofia\/#website"},"primaryImageOfPage":{"@id":"https:\/\/instytutpolski.pl\/sofia\/pl\/jezyk-polski\/inne-ogolnodostepne-kursy-jezyka-polskiego\/#primaryimage"},"image":{"@id":"https:\/\/instytutpolski.pl\/sofia\/pl\/jezyk-polski\/inne-ogolnodostepne-kursy-jezyka-polskiego\/#primaryimage"},"thumbnailUrl":"http:\/\/institutpolski.org\/wp-content\/uploads\/2012\/10\/m.1023.jpg","datePublished":"2019-06-26T07:06:25+00:00","dateModified":"2025-08-14T12:33:57+00:00","breadcrumb":{"@id":"https:\/\/instytutpolski.pl\/sofia\/pl\/jezyk-polski\/inne-ogolnodostepne-kursy-jezyka-polskiego\/#breadcrumb"},"inLanguage":"pl-PL","potentialAction":[{"@type":"ReadAction","target":["https:\/\/instytutpolski.pl\/sofia\/pl\/jezyk-polski\/inne-ogolnodostepne-kursy-jezyka-polskiego\/"]}]},{"@type":"ImageObject","inLanguage":"pl-PL","@id":"https:\/\/instytutpolski.pl\/sofia\/pl\/jezyk-polski\/inne-ogolnodostepne-kursy-jezyka-polskiego\/#primaryimage","url":"http:\/\/institutpolski.org\/wp-content\/uploads\/2012\/10\/m.1023.jpg","contentUrl":"http:\/\/institutpolski.org\/wp-content\/uploads\/2012\/10\/m.1023.jpg"},{"@type":"BreadcrumbList","@id":"https:\/\/instytutpolski.pl\/sofia\/pl\/jezyk-polski\/inne-ogolnodostepne-kursy-jezyka-polskiego\/#breadcrumb","itemListElement":[{"@type":"ListItem","position":1,"name":"Home","item":"https:\/\/instytutpolski.pl\/sofia\/"},{"@type":"ListItem","position":2,"name":"J\u0119zyk Polski","item":"https:\/\/instytutpolski.pl\/sofia\/pl\/jezyk-polski\/"},{"@type":"ListItem","position":3,"name":"Inne og\u00f3lnodost\u0119pne kursy j\u0119zyka polskiego"}]},{"@type":"WebSite","@id":"https:\/\/instytutpolski.pl\/sofia\/#website","url":"https:\/\/instytutpolski.pl\/sofia\/","name":"Instytut Polski w Sofii","description":"Instytuty Polskie","potentialAction":[{"@type":"SearchAction","target":{"@type":"EntryPoint","urlTemplate":"https:\/\/instytutpolski.pl\/sofia\/?s={search_term_string}"},"query-input":{"@type":"PropertyValueSpecification","valueRequired":true,"valueName":"search_term_string"}}],"inLanguage":"pl-PL"}]}},"_links":{"self":[{"href":"https:\/\/instytutpolski.pl\/sofia\/wp-json\/wp\/v2\/pages\/899","targetHints":{"allow":["GET"]}}],"collection":[{"href":"https:\/\/instytutpolski.pl\/sofia\/wp-json\/wp\/v2\/pages"}],"about":[{"href":"https:\/\/instytutpolski.pl\/sofia\/wp-json\/wp\/v2\/types\/page"}],"author":[{"embeddable":true,"href":"https:\/\/instytutpolski.pl\/sofia\/wp-json\/wp\/v2\/users\/1"}],"replies":[{"embeddable":true,"href":"https:\/\/instytutpolski.pl\/sofia\/wp-json\/wp\/v2\/comments?post=899"}],"version-history":[{"count":7,"href":"https:\/\/instytutpolski.pl\/sofia\/wp-json\/wp\/v2\/pages\/899\/revisions"}],"predecessor-version":[{"id":12735,"href":"https:\/\/instytutpolski.pl\/sofia\/wp-json\/wp\/v2\/pages\/899\/revisions\/12735"}],"up":[{"embeddable":true,"href":"https:\/\/instytutpolski.pl\/sofia\/wp-json\/wp\/v2\/pages\/889"}],"wp:attachment":[{"href":"https:\/\/instytutpolski.pl\/sofia\/wp-json\/wp\/v2\/media?parent=899"}],"curies":[{"name":"wp","href":"https:\/\/api.w.org\/{rel}","templated":true}]}}