{"id":917,"date":"2019-06-26T09:09:35","date_gmt":"2019-06-26T07:09:35","guid":{"rendered":"https:\/\/instytutpolski.pl\/sofia\/?page_id=917"},"modified":"2025-08-14T14:43:38","modified_gmt":"2025-08-14T12:43:38","slug":"certyfikacja-znajomosci-jezyka-polskiego","status":"publish","type":"page","link":"https:\/\/instytutpolski.pl\/sofia\/pl\/jezyk-polski\/certyfikacja-znajomosci-jezyka-polskiego\/","title":{"rendered":"Certyfikacja znajomo\u015bci j\u0119zyka polskiego"},"content":{"rendered":"\n<p style=\"text-align: center\"><b>Varia Polish Language Center, Krak\u00f3w<\/b><br \/><a href=\"http:\/\/www.varia-course.com\/\" target=\"_blank\" rel=\"noopener\">www.varia-course.com<\/a><br \/><a>office@varia-course.com<\/a><\/p>\n<p style=\"text-align: center\">Tel. +48 664 092\u00a0374<\/p>\n<p style=\"text-align: center\"><strong>Centrum J\u0119zyka Polskiego Varia organizuje pa\u0144stwowe egzaminy certyfikatowe z j\u0119zyka polskiego jako obcego \u2013\u00a0<a href=\"https:\/\/kurspolskiego.pl\/kursy-w-szkole\/egzamin-certyfikatowy-z-jezyka-polskiego\/\" target=\"_blank\" rel=\"noopener\">link do egzaminu<\/a>.<\/strong><\/p>\n","protected":false},"excerpt":{"rendered":"<p>Varia Polish Language Center, Krak\u00f3wwww.varia-course.comoffice@varia-course.com Tel. +48 664 092\u00a0374 Centrum J\u0119zyka Polskiego Varia organizuje pa\u0144stwowe egzaminy certyfikatowe z j\u0119zyka polskiego jako obcego \u2013\u00a0link do egzaminu.<\/p>\n","protected":false},"author":1,"featured_media":915,"parent":889,"menu_order":0,"comment_status":"closed","ping_status":"closed","template":"","meta":{"inline_featured_image":false,"_monsterinsights_skip_tracking":false,"_monsterinsights_sitenote_active":false,"_monsterinsights_sitenote_note":"","_monsterinsights_sitenote_category":0,"footnotes":""},"class_list":["post-917","page","type-page","status-publish","has-post-thumbnail","hentry"],"yoast_head":"<!-- This site is optimized with the Yoast SEO plugin v24.6 - https:\/\/yoast.com\/wordpress\/plugins\/seo\/ -->\n<title>Certyfikacja znajomo\u015bci j\u0119zyka polskiego - Instytut Polski w Sofii<\/title>\n<meta name=\"robots\" content=\"index, follow, max-snippet:-1, max-image-preview:large, max-video-preview:-1\" \/>\n<link rel=\"canonical\" href=\"https:\/\/instytutpolski.pl\/sofia\/pl\/jezyk-polski\/certyfikacja-znajomosci-jezyka-polskiego\/\" \/>\n<meta property=\"og:locale\" content=\"pl_PL\" \/>\n<meta property=\"og:type\" content=\"article\" \/>\n<meta property=\"og:title\" content=\"Certyfikacja znajomo\u015bci j\u0119zyka polskiego - Instytut Polski w Sofii\" \/>\n<meta property=\"og:description\" content=\"Varia Polish Language Center, Krak\u00f3wwww.varia-course.comoffice@varia-course.com Tel. +48 664 092\u00a0374 Centrum J\u0119zyka Polskiego Varia organizuje pa\u0144stwowe egzaminy certyfikatowe z j\u0119zyka polskiego jako obcego \u2013\u00a0link do egzaminu.\" \/>\n<meta property=\"og:url\" content=\"https:\/\/instytutpolski.pl\/sofia\/pl\/jezyk-polski\/certyfikacja-znajomosci-jezyka-polskiego\/\" \/>\n<meta property=\"og:site_name\" content=\"Instytut Polski w Sofii\" \/>\n<meta property=\"article:modified_time\" content=\"2025-08-14T12:43:38+00:00\" \/>\n<meta property=\"og:image\" content=\"https:\/\/instytutpolski.pl\/sofia\/wp-content\/uploads\/sites\/8\/2019\/06\/certyfikacja-znajomosci.jpg\" \/>\n\t<meta property=\"og:image:width\" content=\"1920\" \/>\n\t<meta property=\"og:image:height\" content=\"700\" \/>\n\t<meta property=\"og:image:type\" content=\"image\/jpeg\" \/>\n<meta name=\"twitter:card\" content=\"summary_large_image\" \/>\n<meta name=\"twitter:label1\" content=\"Szacowany czas czytania\" \/>\n\t<meta name=\"twitter:data1\" content=\"1 minuta\" \/>\n<script type=\"application\/ld+json\" class=\"yoast-schema-graph\">{\"@context\":\"https:\/\/schema.org\",\"@graph\":[{\"@type\":\"WebPage\",\"@id\":\"https:\/\/instytutpolski.pl\/sofia\/pl\/jezyk-polski\/certyfikacja-znajomosci-jezyka-polskiego\/\",\"url\":\"https:\/\/instytutpolski.pl\/sofia\/pl\/jezyk-polski\/certyfikacja-znajomosci-jezyka-polskiego\/\",\"name\":\"Certyfikacja znajomo\u015bci j\u0119zyka polskiego - Instytut Polski w Sofii\",\"isPartOf\":{\"@id\":\"https:\/\/instytutpolski.pl\/sofia\/#website\"},\"primaryImageOfPage\":{\"@id\":\"https:\/\/instytutpolski.pl\/sofia\/pl\/jezyk-polski\/certyfikacja-znajomosci-jezyka-polskiego\/#primaryimage\"},\"image\":{\"@id\":\"https:\/\/instytutpolski.pl\/sofia\/pl\/jezyk-polski\/certyfikacja-znajomosci-jezyka-polskiego\/#primaryimage\"},\"thumbnailUrl\":\"https:\/\/instytutpolski.pl\/sofia\/wp-content\/uploads\/sites\/8\/2019\/06\/certyfikacja-znajomosci.jpg\",\"datePublished\":\"2019-06-26T07:09:35+00:00\",\"dateModified\":\"2025-08-14T12:43:38+00:00\",\"breadcrumb\":{\"@id\":\"https:\/\/instytutpolski.pl\/sofia\/pl\/jezyk-polski\/certyfikacja-znajomosci-jezyka-polskiego\/#breadcrumb\"},\"inLanguage\":\"pl-PL\",\"potentialAction\":[{\"@type\":\"ReadAction\",\"target\":[\"https:\/\/instytutpolski.pl\/sofia\/pl\/jezyk-polski\/certyfikacja-znajomosci-jezyka-polskiego\/\"]}]},{\"@type\":\"ImageObject\",\"inLanguage\":\"pl-PL\",\"@id\":\"https:\/\/instytutpolski.pl\/sofia\/pl\/jezyk-polski\/certyfikacja-znajomosci-jezyka-polskiego\/#primaryimage\",\"url\":\"https:\/\/instytutpolski.pl\/sofia\/wp-content\/uploads\/sites\/8\/2019\/06\/certyfikacja-znajomosci.jpg\",\"contentUrl\":\"https:\/\/instytutpolski.pl\/sofia\/wp-content\/uploads\/sites\/8\/2019\/06\/certyfikacja-znajomosci.jpg\",\"width\":1920,\"height\":700},{\"@type\":\"BreadcrumbList\",\"@id\":\"https:\/\/instytutpolski.pl\/sofia\/pl\/jezyk-polski\/certyfikacja-znajomosci-jezyka-polskiego\/#breadcrumb\",\"itemListElement\":[{\"@type\":\"ListItem\",\"position\":1,\"name\":\"Home\",\"item\":\"https:\/\/instytutpolski.pl\/sofia\/\"},{\"@type\":\"ListItem\",\"position\":2,\"name\":\"J\u0119zyk Polski\",\"item\":\"https:\/\/instytutpolski.pl\/sofia\/pl\/jezyk-polski\/\"},{\"@type\":\"ListItem\",\"position\":3,\"name\":\"Certyfikacja znajomo\u015bci j\u0119zyka polskiego\"}]},{\"@type\":\"WebSite\",\"@id\":\"https:\/\/instytutpolski.pl\/sofia\/#website\",\"url\":\"https:\/\/instytutpolski.pl\/sofia\/\",\"name\":\"Instytut Polski w Sofii\",\"description\":\"Instytuty Polskie\",\"potentialAction\":[{\"@type\":\"SearchAction\",\"target\":{\"@type\":\"EntryPoint\",\"urlTemplate\":\"https:\/\/instytutpolski.pl\/sofia\/?s={search_term_string}\"},\"query-input\":{\"@type\":\"PropertyValueSpecification\",\"valueRequired\":true,\"valueName\":\"search_term_string\"}}],\"inLanguage\":\"pl-PL\"}]}<\/script>\n<!-- \/ Yoast SEO plugin. -->","yoast_head_json":{"title":"Certyfikacja znajomo\u015bci j\u0119zyka polskiego - Instytut Polski w Sofii","robots":{"index":"index","follow":"follow","max-snippet":"max-snippet:-1","max-image-preview":"max-image-preview:large","max-video-preview":"max-video-preview:-1"},"canonical":"https:\/\/instytutpolski.pl\/sofia\/pl\/jezyk-polski\/certyfikacja-znajomosci-jezyka-polskiego\/","og_locale":"pl_PL","og_type":"article","og_title":"Certyfikacja znajomo\u015bci j\u0119zyka polskiego - Instytut Polski w Sofii","og_description":"Varia Polish Language Center, Krak\u00f3wwww.varia-course.comoffice@varia-course.com Tel. +48 664 092\u00a0374 Centrum J\u0119zyka Polskiego Varia organizuje pa\u0144stwowe egzaminy certyfikatowe z j\u0119zyka polskiego jako obcego \u2013\u00a0link do egzaminu.","og_url":"https:\/\/instytutpolski.pl\/sofia\/pl\/jezyk-polski\/certyfikacja-znajomosci-jezyka-polskiego\/","og_site_name":"Instytut Polski w Sofii","article_modified_time":"2025-08-14T12:43:38+00:00","og_image":[{"width":1920,"height":700,"url":"https:\/\/instytutpolski.pl\/sofia\/wp-content\/uploads\/sites\/8\/2019\/06\/certyfikacja-znajomosci.jpg","type":"image\/jpeg"}],"twitter_card":"summary_large_image","twitter_misc":{"Szacowany czas czytania":"1 minuta"},"schema":{"@context":"https:\/\/schema.org","@graph":[{"@type":"WebPage","@id":"https:\/\/instytutpolski.pl\/sofia\/pl\/jezyk-polski\/certyfikacja-znajomosci-jezyka-polskiego\/","url":"https:\/\/instytutpolski.pl\/sofia\/pl\/jezyk-polski\/certyfikacja-znajomosci-jezyka-polskiego\/","name":"Certyfikacja znajomo\u015bci j\u0119zyka polskiego - Instytut Polski w Sofii","isPartOf":{"@id":"https:\/\/instytutpolski.pl\/sofia\/#website"},"primaryImageOfPage":{"@id":"https:\/\/instytutpolski.pl\/sofia\/pl\/jezyk-polski\/certyfikacja-znajomosci-jezyka-polskiego\/#primaryimage"},"image":{"@id":"https:\/\/instytutpolski.pl\/sofia\/pl\/jezyk-polski\/certyfikacja-znajomosci-jezyka-polskiego\/#primaryimage"},"thumbnailUrl":"https:\/\/instytutpolski.pl\/sofia\/wp-content\/uploads\/sites\/8\/2019\/06\/certyfikacja-znajomosci.jpg","datePublished":"2019-06-26T07:09:35+00:00","dateModified":"2025-08-14T12:43:38+00:00","breadcrumb":{"@id":"https:\/\/instytutpolski.pl\/sofia\/pl\/jezyk-polski\/certyfikacja-znajomosci-jezyka-polskiego\/#breadcrumb"},"inLanguage":"pl-PL","potentialAction":[{"@type":"ReadAction","target":["https:\/\/instytutpolski.pl\/sofia\/pl\/jezyk-polski\/certyfikacja-znajomosci-jezyka-polskiego\/"]}]},{"@type":"ImageObject","inLanguage":"pl-PL","@id":"https:\/\/instytutpolski.pl\/sofia\/pl\/jezyk-polski\/certyfikacja-znajomosci-jezyka-polskiego\/#primaryimage","url":"https:\/\/instytutpolski.pl\/sofia\/wp-content\/uploads\/sites\/8\/2019\/06\/certyfikacja-znajomosci.jpg","contentUrl":"https:\/\/instytutpolski.pl\/sofia\/wp-content\/uploads\/sites\/8\/2019\/06\/certyfikacja-znajomosci.jpg","width":1920,"height":700},{"@type":"BreadcrumbList","@id":"https:\/\/instytutpolski.pl\/sofia\/pl\/jezyk-polski\/certyfikacja-znajomosci-jezyka-polskiego\/#breadcrumb","itemListElement":[{"@type":"ListItem","position":1,"name":"Home","item":"https:\/\/instytutpolski.pl\/sofia\/"},{"@type":"ListItem","position":2,"name":"J\u0119zyk Polski","item":"https:\/\/instytutpolski.pl\/sofia\/pl\/jezyk-polski\/"},{"@type":"ListItem","position":3,"name":"Certyfikacja znajomo\u015bci j\u0119zyka polskiego"}]},{"@type":"WebSite","@id":"https:\/\/instytutpolski.pl\/sofia\/#website","url":"https:\/\/instytutpolski.pl\/sofia\/","name":"Instytut Polski w Sofii","description":"Instytuty Polskie","potentialAction":[{"@type":"SearchAction","target":{"@type":"EntryPoint","urlTemplate":"https:\/\/instytutpolski.pl\/sofia\/?s={search_term_string}"},"query-input":{"@type":"PropertyValueSpecification","valueRequired":true,"valueName":"search_term_string"}}],"inLanguage":"pl-PL"}]}},"_links":{"self":[{"href":"https:\/\/instytutpolski.pl\/sofia\/wp-json\/wp\/v2\/pages\/917","targetHints":{"allow":["GET"]}}],"collection":[{"href":"https:\/\/instytutpolski.pl\/sofia\/wp-json\/wp\/v2\/pages"}],"about":[{"href":"https:\/\/instytutpolski.pl\/sofia\/wp-json\/wp\/v2\/types\/page"}],"author":[{"embeddable":true,"href":"https:\/\/instytutpolski.pl\/sofia\/wp-json\/wp\/v2\/users\/1"}],"replies":[{"embeddable":true,"href":"https:\/\/instytutpolski.pl\/sofia\/wp-json\/wp\/v2\/comments?post=917"}],"version-history":[{"count":4,"href":"https:\/\/instytutpolski.pl\/sofia\/wp-json\/wp\/v2\/pages\/917\/revisions"}],"predecessor-version":[{"id":12740,"href":"https:\/\/instytutpolski.pl\/sofia\/wp-json\/wp\/v2\/pages\/917\/revisions\/12740"}],"up":[{"embeddable":true,"href":"https:\/\/instytutpolski.pl\/sofia\/wp-json\/wp\/v2\/pages\/889"}],"wp:featuredmedia":[{"embeddable":true,"href":"https:\/\/instytutpolski.pl\/sofia\/wp-json\/wp\/v2\/media\/915"}],"wp:attachment":[{"href":"https:\/\/instytutpolski.pl\/sofia\/wp-json\/wp\/v2\/media?parent=917"}],"curies":[{"name":"wp","href":"https:\/\/api.w.org\/{rel}","templated":true}]}}