{"id":933,"date":"2019-06-26T09:14:35","date_gmt":"2019-06-26T07:14:35","guid":{"rendered":"https:\/\/instytutpolski.pl\/sofia\/?page_id=933"},"modified":"2023-10-20T14:50:48","modified_gmt":"2023-10-20T12:50:48","slug":"biblioteka","status":"publish","type":"page","link":"https:\/\/instytutpolski.pl\/sofia\/pl\/biblioteka\/","title":{"rendered":"Biblioteka"},"content":{"rendered":"\n<p><strong>Biblioteka Instytutu Polskiego w Sofii to wyj\u0105tkowe miejsce spotka\u0144 \u2013 z literatur\u0105 i jej mi\u0142o\u015bnikami.<\/strong><\/p>\n<p>Nasz ksi\u0119gozbi\u00f3r liczy ponad 16 tys. wolumin\u00f3w, od klasyki literatury polskiej po nowo\u015bci wydawnicze.\u00a0 W naszych zbiorach znajduje si\u0119 literatura pi\u0119kna, dzieci\u0119ca i m\u0142odzie\u017cowa, literatura obca oraz literatura naukowa z dziedziny historii, historii literatury, historii sztuki, filozofii, teatru, filmu, muzyki, religioznawstwa, ekonomii i geografii. Posiadamy r\u00f3wnie\u017c bardzo ciekawe wydawnictwa encyklopedyczne, s\u0142ownikowe i albumowe.<\/p>\n<p><img loading=\"lazy\" decoding=\"async\" class=\"wp-image-3232 aligncenter img-fluid\" src=\"https:\/\/instytutpolski.pl\/sofia\/wp-content\/uploads\/sites\/8\/2020\/09\/2-300x225.jpg\" alt=\"\" width=\"500\" height=\"375\" srcset=\"https:\/\/instytutpolski.pl\/sofia\/wp-content\/uploads\/sites\/8\/2020\/09\/2-300x225.jpg 300w, https:\/\/instytutpolski.pl\/sofia\/wp-content\/uploads\/sites\/8\/2020\/09\/2-1024x768.jpg 1024w, https:\/\/instytutpolski.pl\/sofia\/wp-content\/uploads\/sites\/8\/2020\/09\/2-768x576.jpg 768w, https:\/\/instytutpolski.pl\/sofia\/wp-content\/uploads\/sites\/8\/2020\/09\/2-1536x1152.jpg 1536w, https:\/\/instytutpolski.pl\/sofia\/wp-content\/uploads\/sites\/8\/2020\/09\/2-2048x1536.jpg 2048w\" sizes=\"auto, (max-width: 500px) 100vw, 500px\" \/><\/p>\n<p>Niezwykle wa\u017cne miejsca na naszych p\u00f3\u0142kach zajmuj\u0105 polonika \u2013 literatura polska przet\u0142umaczona na j\u0119zyk bu\u0142garski. Znajd\u0105\u00a0 Pa\u0144stwo u nas powie\u015bci Olgi Tokarczuk, Joanny Bator, Jerzego Pilcha, poezje romantycznych wieszcz\u00f3w i polskich noblist\u00f3w \u2013 Wis\u0142awy Szymborskiej, Czes\u0142awa Mi\u0142osza,\u00a0 refleksje z podr\u00f3\u017cy Andrzeja Stasiuka czy Ryszarda Kapu\u015bci\u0144skiego, jak r\u00f3wnie\u017c fantastyk\u0119 Andrzeja Sapkowskiego i Stanis\u0142awa Lema oraz wiele innych. Wszystko to w j\u0119zyku bu\u0142garskim!<img loading=\"lazy\" decoding=\"async\" class=\"wp-image-3233 aligncenter img-fluid\" src=\"https:\/\/instytutpolski.pl\/sofia\/wp-content\/uploads\/sites\/8\/2020\/09\/3-300x225.jpg\" alt=\"\" width=\"500\" height=\"375\" srcset=\"https:\/\/instytutpolski.pl\/sofia\/wp-content\/uploads\/sites\/8\/2020\/09\/3-300x225.jpg 300w, https:\/\/instytutpolski.pl\/sofia\/wp-content\/uploads\/sites\/8\/2020\/09\/3-1024x768.jpg 1024w, https:\/\/instytutpolski.pl\/sofia\/wp-content\/uploads\/sites\/8\/2020\/09\/3-768x576.jpg 768w, https:\/\/instytutpolski.pl\/sofia\/wp-content\/uploads\/sites\/8\/2020\/09\/3-1536x1152.jpg 1536w, https:\/\/instytutpolski.pl\/sofia\/wp-content\/uploads\/sites\/8\/2020\/09\/3-2048x1536.jpg 2048w\" sizes=\"auto, (max-width: 500px) 100vw, 500px\" \/>Dla mi\u0142o\u015bnik\u00f3w muzyki mamy du\u017cy wyb\u00f3r p\u0142yt CD ze wsp\u00f3\u0142czesn\u0105 muzyk\u0105 rozrywkow\u0105, ludow\u0105, jazzem oraz polskie wykonania muzyki klasycznej. Nasza oferta obejmuje r\u00f3wnie\u017c polskie filmy fabularne i dokumentalne na p\u0142ytach DVD, audiobooki i czasopisma (\u201eNowe Ksi\u0105\u017cki\u201d, \u201eTeatr\u201d, \u201eFilm\u201d, \u201eJazz Forum\u201d, \u201eDialog\u201d, \u201eDidaskalia\u201d, \u201e2+3D\u201d i \u201eArchitektura\u201d).<\/p>\n<p><strong>DYSKUSYJNY KLUB KSI\u0104\u017bKI<\/strong><\/p>\n<p>W ka\u017cdy ostatni czwartek miesi\u0105ca zapraszamy Pa\u0144stwa do naszej biblioteki na Spotkania Dyskusyjnego Klubu Ksi\u0105\u017cki, gdzie omawiamy najnowsze polskie ksi\u0105\u017cki. Wybrana powie\u015b\u0107 stanowi pocz\u0105tek dyskusji, w kt\u00f3rej dzielimy si\u0119 swoimi spostrze\u017ceniami i gustami literackimi. Do DKK mo\u017cna do\u0142\u0105czy\u0107 w ka\u017cdej chwili, bo rozmowa stanowi przed\u0142u\u017cenie przyjemno\u015bci lektury!<\/p>\n<p><img loading=\"lazy\" decoding=\"async\" class=\"wp-image-3247 aligncenter\" src=\"https:\/\/instytutpolski.pl\/sofia\/wp-content\/uploads\/sites\/8\/2020\/09\/logo_DKK-\u2014-bez-ramek-300x209.png\" alt=\"\" width=\"500\" height=\"348\" srcset=\"https:\/\/instytutpolski.pl\/sofia\/wp-content\/uploads\/sites\/8\/2020\/09\/logo_DKK-\u2014-bez-ramek-300x209.png 300w, https:\/\/instytutpolski.pl\/sofia\/wp-content\/uploads\/sites\/8\/2020\/09\/logo_DKK-\u2014-bez-ramek-1024x712.png 1024w, https:\/\/instytutpolski.pl\/sofia\/wp-content\/uploads\/sites\/8\/2020\/09\/logo_DKK-\u2014-bez-ramek-768x534.png 768w, https:\/\/instytutpolski.pl\/sofia\/wp-content\/uploads\/sites\/8\/2020\/09\/logo_DKK-\u2014-bez-ramek-1536x1068.png 1536w, https:\/\/instytutpolski.pl\/sofia\/wp-content\/uploads\/sites\/8\/2020\/09\/logo_DKK-\u2014-bez-ramek.png 1870w\" sizes=\"auto, (max-width: 500px) 100vw, 500px\" \/><\/p>\n<p>Dyskusje o ksi\u0105\u017ckach wcale nie musz\u0105 by\u0107 nudne. \u00a0U nas tocz\u0105 si\u0119 w mi\u0142ej atmosferze wieczorow\u0105 por\u0105 przy herbacie i kawie. Nie trzeba by\u0107 krytykiem, by czerpa\u0107 przyjemno\u015b\u0107 z dyskutowania o wsp\u00f3lnie przeczytanych ksi\u0105\u017ckach \u2013 nie oceniamy gust\u00f3w czytelniczych i szanujemy zdanie innych. Udzia\u0142 w klubie to nie tylko aktywizacja intelektualna, lecz tak\u017ce przyjemnie, a zarazem po\u017cytecznie sp\u0119dzony czas.<\/p>\n<p>Wi\u0119cej informacji pod adresem: sofia@instytutpolski.pl\u00a0<\/p>\n<p><strong>KATALOG ONLINE<\/strong><\/p>\n<p>Sprawd\u017a, czy ksi\u0105\u017cka, kt\u00f3ra Ci\u0119 interesuje znajduje si\u0119\u00a0 w Bibliotece Instytutu Polskiego w Sofii:<\/p>\n<p><a href=\"https:\/\/xn--szukamksiki-4kb16m.pl\/SkNewWeb\/bstart\/521001003\" target=\"_blank\" rel=\"noopener noreferrer\">Katalog online<\/a><\/p>\n","protected":false},"excerpt":{"rendered":"<p>Biblioteka Instytutu Polskiego w Sofii to wyj\u0105tkowe miejsce spotka\u0144 \u2013 z literatur\u0105 i jej mi\u0142o\u015bnikami. Nasz ksi\u0119gozbi\u00f3r liczy ponad 16 tys. wolumin\u00f3w, od klasyki literatury polskiej po nowo\u015bci wydawnicze.\u00a0 W naszych zbiorach znajduje si\u0119 literatura pi\u0119kna, dzieci\u0119ca i m\u0142odzie\u017cowa, literatura obca oraz literatura naukowa z dziedziny historii, historii literatury, historii sztuki, filozofii, teatru, filmu, muzyki, [&hellip;]<\/p>\n","protected":false},"author":1,"featured_media":2645,"parent":0,"menu_order":0,"comment_status":"closed","ping_status":"closed","template":"","meta":{"inline_featured_image":false,"_monsterinsights_skip_tracking":false,"_monsterinsights_sitenote_active":false,"_monsterinsights_sitenote_note":"","_monsterinsights_sitenote_category":0,"footnotes":""},"class_list":["post-933","page","type-page","status-publish","has-post-thumbnail","hentry"],"yoast_head":"<!-- This site is optimized with the Yoast SEO plugin v24.6 - https:\/\/yoast.com\/wordpress\/plugins\/seo\/ -->\n<title>Biblioteka - Instytut Polski w Sofii<\/title>\n<meta name=\"robots\" content=\"index, follow, max-snippet:-1, max-image-preview:large, max-video-preview:-1\" \/>\n<link rel=\"canonical\" href=\"https:\/\/instytutpolski.pl\/sofia\/pl\/biblioteka\/\" \/>\n<meta property=\"og:locale\" content=\"pl_PL\" \/>\n<meta property=\"og:type\" content=\"article\" \/>\n<meta property=\"og:title\" content=\"Biblioteka - Instytut Polski w Sofii\" \/>\n<meta property=\"og:description\" content=\"Biblioteka Instytutu Polskiego w Sofii to wyj\u0105tkowe miejsce spotka\u0144 \u2013 z literatur\u0105 i jej mi\u0142o\u015bnikami. Nasz ksi\u0119gozbi\u00f3r liczy ponad 16 tys. wolumin\u00f3w, od klasyki literatury polskiej po nowo\u015bci wydawnicze.\u00a0 W naszych zbiorach znajduje si\u0119 literatura pi\u0119kna, dzieci\u0119ca i m\u0142odzie\u017cowa, literatura obca oraz literatura naukowa z dziedziny historii, historii literatury, historii sztuki, filozofii, teatru, filmu, muzyki, [&hellip;]\" \/>\n<meta property=\"og:url\" content=\"https:\/\/instytutpolski.pl\/sofia\/pl\/biblioteka\/\" \/>\n<meta property=\"og:site_name\" content=\"Instytut Polski w Sofii\" \/>\n<meta property=\"article:modified_time\" content=\"2023-10-20T12:50:48+00:00\" \/>\n<meta property=\"og:image\" content=\"https:\/\/instytutpolski.pl\/sofia\/wp-content\/uploads\/sites\/8\/2020\/07\/biblioteka-scaled.jpg\" \/>\n\t<meta property=\"og:image:width\" content=\"2560\" \/>\n\t<meta property=\"og:image:height\" content=\"1920\" \/>\n\t<meta property=\"og:image:type\" content=\"image\/jpeg\" \/>\n<meta name=\"twitter:card\" content=\"summary_large_image\" \/>\n<meta name=\"twitter:label1\" content=\"Szacowany czas czytania\" \/>\n\t<meta name=\"twitter:data1\" content=\"3 minuty\" \/>\n<script type=\"application\/ld+json\" class=\"yoast-schema-graph\">{\"@context\":\"https:\/\/schema.org\",\"@graph\":[{\"@type\":\"WebPage\",\"@id\":\"https:\/\/instytutpolski.pl\/sofia\/pl\/biblioteka\/\",\"url\":\"https:\/\/instytutpolski.pl\/sofia\/pl\/biblioteka\/\",\"name\":\"Biblioteka - Instytut Polski w Sofii\",\"isPartOf\":{\"@id\":\"https:\/\/instytutpolski.pl\/sofia\/#website\"},\"primaryImageOfPage\":{\"@id\":\"https:\/\/instytutpolski.pl\/sofia\/pl\/biblioteka\/#primaryimage\"},\"image\":{\"@id\":\"https:\/\/instytutpolski.pl\/sofia\/pl\/biblioteka\/#primaryimage\"},\"thumbnailUrl\":\"https:\/\/instytutpolski.pl\/sofia\/wp-content\/uploads\/sites\/8\/2020\/07\/biblioteka-scaled.jpg\",\"datePublished\":\"2019-06-26T07:14:35+00:00\",\"dateModified\":\"2023-10-20T12:50:48+00:00\",\"breadcrumb\":{\"@id\":\"https:\/\/instytutpolski.pl\/sofia\/pl\/biblioteka\/#breadcrumb\"},\"inLanguage\":\"pl-PL\",\"potentialAction\":[{\"@type\":\"ReadAction\",\"target\":[\"https:\/\/instytutpolski.pl\/sofia\/pl\/biblioteka\/\"]}]},{\"@type\":\"ImageObject\",\"inLanguage\":\"pl-PL\",\"@id\":\"https:\/\/instytutpolski.pl\/sofia\/pl\/biblioteka\/#primaryimage\",\"url\":\"https:\/\/instytutpolski.pl\/sofia\/wp-content\/uploads\/sites\/8\/2020\/07\/biblioteka-scaled.jpg\",\"contentUrl\":\"https:\/\/instytutpolski.pl\/sofia\/wp-content\/uploads\/sites\/8\/2020\/07\/biblioteka-scaled.jpg\",\"width\":2560,\"height\":1920},{\"@type\":\"BreadcrumbList\",\"@id\":\"https:\/\/instytutpolski.pl\/sofia\/pl\/biblioteka\/#breadcrumb\",\"itemListElement\":[{\"@type\":\"ListItem\",\"position\":1,\"name\":\"Home\",\"item\":\"https:\/\/instytutpolski.pl\/sofia\/\"},{\"@type\":\"ListItem\",\"position\":2,\"name\":\"Biblioteka\"}]},{\"@type\":\"WebSite\",\"@id\":\"https:\/\/instytutpolski.pl\/sofia\/#website\",\"url\":\"https:\/\/instytutpolski.pl\/sofia\/\",\"name\":\"Instytut Polski w Sofii\",\"description\":\"Instytuty Polskie\",\"potentialAction\":[{\"@type\":\"SearchAction\",\"target\":{\"@type\":\"EntryPoint\",\"urlTemplate\":\"https:\/\/instytutpolski.pl\/sofia\/?s={search_term_string}\"},\"query-input\":{\"@type\":\"PropertyValueSpecification\",\"valueRequired\":true,\"valueName\":\"search_term_string\"}}],\"inLanguage\":\"pl-PL\"}]}<\/script>\n<!-- \/ Yoast SEO plugin. -->","yoast_head_json":{"title":"Biblioteka - Instytut Polski w Sofii","robots":{"index":"index","follow":"follow","max-snippet":"max-snippet:-1","max-image-preview":"max-image-preview:large","max-video-preview":"max-video-preview:-1"},"canonical":"https:\/\/instytutpolski.pl\/sofia\/pl\/biblioteka\/","og_locale":"pl_PL","og_type":"article","og_title":"Biblioteka - Instytut Polski w Sofii","og_description":"Biblioteka Instytutu Polskiego w Sofii to wyj\u0105tkowe miejsce spotka\u0144 \u2013 z literatur\u0105 i jej mi\u0142o\u015bnikami. Nasz ksi\u0119gozbi\u00f3r liczy ponad 16 tys. wolumin\u00f3w, od klasyki literatury polskiej po nowo\u015bci wydawnicze.\u00a0 W naszych zbiorach znajduje si\u0119 literatura pi\u0119kna, dzieci\u0119ca i m\u0142odzie\u017cowa, literatura obca oraz literatura naukowa z dziedziny historii, historii literatury, historii sztuki, filozofii, teatru, filmu, muzyki, [&hellip;]","og_url":"https:\/\/instytutpolski.pl\/sofia\/pl\/biblioteka\/","og_site_name":"Instytut Polski w Sofii","article_modified_time":"2023-10-20T12:50:48+00:00","og_image":[{"width":2560,"height":1920,"url":"https:\/\/instytutpolski.pl\/sofia\/wp-content\/uploads\/sites\/8\/2020\/07\/biblioteka-scaled.jpg","type":"image\/jpeg"}],"twitter_card":"summary_large_image","twitter_misc":{"Szacowany czas czytania":"3 minuty"},"schema":{"@context":"https:\/\/schema.org","@graph":[{"@type":"WebPage","@id":"https:\/\/instytutpolski.pl\/sofia\/pl\/biblioteka\/","url":"https:\/\/instytutpolski.pl\/sofia\/pl\/biblioteka\/","name":"Biblioteka - Instytut Polski w Sofii","isPartOf":{"@id":"https:\/\/instytutpolski.pl\/sofia\/#website"},"primaryImageOfPage":{"@id":"https:\/\/instytutpolski.pl\/sofia\/pl\/biblioteka\/#primaryimage"},"image":{"@id":"https:\/\/instytutpolski.pl\/sofia\/pl\/biblioteka\/#primaryimage"},"thumbnailUrl":"https:\/\/instytutpolski.pl\/sofia\/wp-content\/uploads\/sites\/8\/2020\/07\/biblioteka-scaled.jpg","datePublished":"2019-06-26T07:14:35+00:00","dateModified":"2023-10-20T12:50:48+00:00","breadcrumb":{"@id":"https:\/\/instytutpolski.pl\/sofia\/pl\/biblioteka\/#breadcrumb"},"inLanguage":"pl-PL","potentialAction":[{"@type":"ReadAction","target":["https:\/\/instytutpolski.pl\/sofia\/pl\/biblioteka\/"]}]},{"@type":"ImageObject","inLanguage":"pl-PL","@id":"https:\/\/instytutpolski.pl\/sofia\/pl\/biblioteka\/#primaryimage","url":"https:\/\/instytutpolski.pl\/sofia\/wp-content\/uploads\/sites\/8\/2020\/07\/biblioteka-scaled.jpg","contentUrl":"https:\/\/instytutpolski.pl\/sofia\/wp-content\/uploads\/sites\/8\/2020\/07\/biblioteka-scaled.jpg","width":2560,"height":1920},{"@type":"BreadcrumbList","@id":"https:\/\/instytutpolski.pl\/sofia\/pl\/biblioteka\/#breadcrumb","itemListElement":[{"@type":"ListItem","position":1,"name":"Home","item":"https:\/\/instytutpolski.pl\/sofia\/"},{"@type":"ListItem","position":2,"name":"Biblioteka"}]},{"@type":"WebSite","@id":"https:\/\/instytutpolski.pl\/sofia\/#website","url":"https:\/\/instytutpolski.pl\/sofia\/","name":"Instytut Polski w Sofii","description":"Instytuty Polskie","potentialAction":[{"@type":"SearchAction","target":{"@type":"EntryPoint","urlTemplate":"https:\/\/instytutpolski.pl\/sofia\/?s={search_term_string}"},"query-input":{"@type":"PropertyValueSpecification","valueRequired":true,"valueName":"search_term_string"}}],"inLanguage":"pl-PL"}]}},"_links":{"self":[{"href":"https:\/\/instytutpolski.pl\/sofia\/wp-json\/wp\/v2\/pages\/933","targetHints":{"allow":["GET"]}}],"collection":[{"href":"https:\/\/instytutpolski.pl\/sofia\/wp-json\/wp\/v2\/pages"}],"about":[{"href":"https:\/\/instytutpolski.pl\/sofia\/wp-json\/wp\/v2\/types\/page"}],"author":[{"embeddable":true,"href":"https:\/\/instytutpolski.pl\/sofia\/wp-json\/wp\/v2\/users\/1"}],"replies":[{"embeddable":true,"href":"https:\/\/instytutpolski.pl\/sofia\/wp-json\/wp\/v2\/comments?post=933"}],"version-history":[{"count":17,"href":"https:\/\/instytutpolski.pl\/sofia\/wp-json\/wp\/v2\/pages\/933\/revisions"}],"predecessor-version":[{"id":9384,"href":"https:\/\/instytutpolski.pl\/sofia\/wp-json\/wp\/v2\/pages\/933\/revisions\/9384"}],"wp:featuredmedia":[{"embeddable":true,"href":"https:\/\/instytutpolski.pl\/sofia\/wp-json\/wp\/v2\/media\/2645"}],"wp:attachment":[{"href":"https:\/\/instytutpolski.pl\/sofia\/wp-json\/wp\/v2\/media?parent=933"}],"curies":[{"name":"wp","href":"https:\/\/api.w.org\/{rel}","templated":true}]}}