{"id":113,"date":"2019-06-05T12:48:16","date_gmt":"2019-06-05T10:48:16","guid":{"rendered":"https:\/\/instytutpolski.pl\/sztokholm\/?page_id=113"},"modified":"2019-11-21T18:15:54","modified_gmt":"2019-11-21T17:15:54","slug":"newsletter","status":"publish","type":"page","link":"https:\/\/instytutpolski.pl\/stockholm\/newsletter\/","title":{"rendered":"Nyhetsbrev"},"content":{"rendered":"\n<p>Om du vill f\u00e5 Polska institutets nyhetsbrev som inneh\u00e5ller senaste nyheter och info om kommande evenemang, fyll i din mejladress nedan:<\/p>\n<p>Europaparlamentets och Europeiska r\u00e5dets f\u00f6rordning 2016\/679 av den 27 april 2016 om skydd f\u00f6r fysiska personer med avseende p\u00e5 behandling av personuppgifter och om det fria fl\u00f6det av s\u00e5dana uppgifter och om upph\u00e4vande av direktiv 95\/46\/EG (allm\u00e4n dataskyddsf\u00f6rordning, \u00e4ven kallad GDPR), blev g\u00e4llande svensk lag 25 maj 2018. Med anledning av detta vill Polska institutet i Stockholm f\u00f6rs\u00e4kra att ditt namn och din e-postadress, som du angav n\u00e4r du anm\u00e4lde dig till nyhetsbrevet p\u00e5 Polska institutets hemsida (<a href=\"https:\/\/www.polskainstitutet.se\">www.instytutpolski.pl\/stockholm<\/a>), f\u00f6rvaras s\u00e4kert.<\/p>\n<p>Dina personuppgifter behandlas i enlighet med den ovann\u00e4mnda lagstiftningen, som <a href=\"https:\/\/instytutpolski.pl\/stockholm\/rodo\/\">Polska institutets integritetspolicy<\/a> \u00e4r anpassad till.<\/p>\n<p>N\u00e4r du anm\u00e4ler dig till nyhetsbrevet samtycker du till att Polska institutet s\u00e4nder dig nyheter om sin verksamhet. Dina personuppgifter behandlas endast f\u00f6r att uppfylla detta. De befinner sig p\u00e5 en server tillh\u00f6rande v\u00e5r samarbetspartner Apsis International AB, Stormgatan 11, 211 20 Malm\u00f6, organisationsnummer 556615-5437. Polska institutet har ett avtal om personuppgiftshantering med detta f\u00f6retag.<\/p>\n<p>Du kan vara s\u00e4ker p\u00e5 att din e-postadress inte \u00f6verl\u00e4mnas, s\u00e4ljs, hyrs ut eller p\u00e5 annat s\u00e4tt tillg\u00e4ngligg\u00f6rs till tredje part. Nyhetsbrevsutskicken g\u00f6rs med en teknik som inte visar andra mottagares e-postadresser. I varje nyhetsbrev har du m\u00f6jlighet att avs\u00e4ga dig vidare prenumeration.<\/p>\n<p>Vid fr\u00e5gor r\u00f6rande v\u00e5r personuppgiftshantering kan du skriva till oss under adressen: <a href=\"mailto:sztokholm@instytutpolski.org\">sztokholm@instytutpolski.org<\/a><\/p>\n<p>\u00a0<\/p>\n\n\n<!-- Widget Shortcode --><div id=\"acymailing_subform_widget-2\" class=\"widget widget_acymailing_subform_widget widget-shortcode area-footer-4 \"><script type=\"text\/javascript\">\tif(typeof acymailingModule == 'undefined'){\r\n\t\t\t\tvar acymailingModule = [];\r\n\t\t\t}\r\n\t\t\t\r\n\t\t\tacymailingModule['emailRegex'] = \/^[a-z0-9!#$%&\\'*+\\\/=?^_`{|}~-]+(?:\\.[a-z0-9!#$%&\\'*+\\\/=?^_`{|}~-]+)*\\@([a-z0-9-]+\\.)+[a-z0-9]{2,20}$\/i;\r\n\r\n\t\t\tacymailingModule['NAMECAPTION'] = 'Imi\u0119';\r\n\t\t\tacymailingModule['NAME_MISSING'] = 'Wpisz swoje imi\u0119';\r\n\t\t\tacymailingModule['EMAILCAPTION'] = 'E-mail';\r\n\t\t\tacymailingModule['VALID_EMAIL'] = 'Wpisz prawid\u0142owy adres e-mail';\r\n\t\t\tacymailingModule['ACCEPT_TERMS'] = 'Zapoznaj si\u0119 z regulaminem';\r\n\t\t\tacymailingModule['CAPTCHA_MISSING'] = 'Wpisz kod wy\u015bwietlony na obrazku';\r\n\t\t\tacymailingModule['NO_LIST_SELECTED'] = 'Prosz\u0119 wybra\u0107 listy kt\u00f3re chcesz prenumerowa\u0107';\r\n\t\t<\/script><script type=\"text\/javascript\" src=\"https:\/\/instytutpolski.pl\/stockholm\/wp-content\/plugins\/acymailing5\/media\/js\/acymailing_module.js?v=5107\" async><\/script><link rel=\"stylesheet\" href=\"https:\/\/instytutpolski.pl\/stockholm\/wp-content\/plugins\/acymailing5\/media\/css\/module_default.css?v=1554200310\" type=\"text\/css\"><h2 class=\"widgettitle\">Prenumerera p\u00e5 v\u00e5rt nyhetsbrev<\/h2><script type=\"text\/javascript\">\n                    <!--\n                        \n                acymailingModule['level'] = 'enterprise';\n                acymailingModule['reqFieldsformAcymailing80181'] = Array('html','rodo');\n                    acymailingModule['validFieldsformAcymailing80181'] = Array('Prosz\u0119 poda\u0107 warto\u015b\u0107 w polu Odbieranie','ERROR_RODO');\n                    \n                    \/\/-->\n\t\t\t\t\t<\/script><div class=\"acymailing_module\" id=\"acymailing_module_formAcymailing80181\">\n    <div class=\"acymailing_fulldiv\" id=\"acymailing_fulldiv_formAcymailing80181\" >\n        <form id=\"formAcymailing80181\" action=\"https:\/\/instytutpolski.pl\/stockholm\/wp-admin\/admin-ajax.php?page=acymailing5_front&ctrl=sub&action=acymailing5_frontrouter&noheader=1\" onsubmit=\"return submitacymailingform('optin','formAcymailing80181')\" method=\"post\" name=\"formAcymailing80181\"  >\n\n            <div class=\"acymailing_module_form\">\n\t\t<div class=\"acymailing_form\">\n\t\t<p class=\"onefield fieldacyemail\" id=\"field_email_formAcymailing80181\"><span class=\"acyfield_email acy_requiredField\"><input id=\"user_email_formAcymailing80181\"  style=\"width:80%\" onfocus=\"if(this.value == 'E-mail') this.value = '';\" onblur=\"if(this.value=='') this.value='E-mail';\" type=\"text\" class=\"inputbox required\" name=\"user[email]\" value=\"E-mail\" title=\"E-mail\"\/><\/span>\n\t\t\t\t\t\t<\/p><p class=\"onefield fieldacyrodo\" id=\"field_rodo_formAcymailing80181\"><span class=\"acyfield_rodo acy_requiredField\"> <input type=\"hidden\" name=\"user[rodo]\" value=\" \" \/>\n<span id=\"span_user_rodo_formAcymailing80181_rodo-zaakceptowane\"><label for=\"user_rodo_formAcymailing80181_rodo-zaakceptowane\"><input type=\"checkbox\" name=\"user[rodo][]\" value=\"rodo-zaakceptowane\" id=\"user_rodo_formAcymailing80181_rodo-zaakceptowane\"   title=\"\"\/> O\u015bwiadczam, \u017ce zapozna\u0142am\/em si\u0119 z informacjami zamieszczonymi poni\u017cej:<\/label><\/span>\n<\/span>\n\t\t\t\t\t\t<\/p><p class=\"onefield fieldacycustomtext_159_14_16_19\" id=\"field_customtext_159_14_16_19_formAcymailing80181\"><span class=\"acyfield_customtext_159_14_16_19\">P\u00e5 grundval av art. 6 punkt 1a i Europaparlamentets och r\u00e5dets f\u00f6rordning (EU) 2016\/679 av den 27 april 2016 om skydd f\u00f6r fysiska personer med avseende p\u00e5 behandling av personuppgifter och om det fria fl\u00f6det av s\u00e5dana uppgifter och om upph\u00e4vande av direktiv 95\/46\/EG (GDPR), ger jag mitt samtycke till att Polska institutet i Stockholm (Karlav\u00e4gen 35, Stockholm) behandlar mina personuppgifter n\u00e4r det g\u00e4ller min e-mailadress i samband med abonnemang p\u00e5 institutets nyhetsbrev. Samtidigt f\u00f6rs\u00e4krar jag att jag har tagit del av informationen nedan, vilket inneb\u00e4r ett uppfyllande av informationsskyldigheten enligt GDPR art. 13 r\u00f6rande behandling av mina personuppgifter, och att jag k\u00e4nner till alla mina r\u00e4ttigheter enligt GDPR art. 15-20.<\/span>\n\t\t\t\t\t\t<\/p><script type=\"text\/javascript\">\n\t\t\t\t\t<!--\n\t\t\t\t\t\nacymailingModule['excludeValuesformAcymailing80181'] = [];\nacymailingModule['excludeValuesformAcymailing80181']['email'] = 'E-mail';\n\n\t\t\t\t\t\/\/-->\n\t\t\t\t\t<\/script>\t<\/div>\n\n\t<p class=\"acysubbuttons\">\n\t\t<button type=\"submit\" class=\"button subbutton\" value=\"Anm\u00e4l dig\" name=\"Submit\" onclick=\"try{ return submitacymailingform('optin','formAcymailing80181'); }catch(err){alert('The form could not be submitted '+err);return false;}\"><span class=\"fas fa-at\"><\/span><\/button>\n\t\t\t<\/p>\n<\/div>\n            <input type=\"hidden\" name=\"page\" value=\"front\"\/>\n            <input type=\"hidden\" name=\"ctrl\" value=\"sub\"\/>\n            <input type=\"hidden\" name=\"task\" value=\"notask\"\/>\n            <input type=\"hidden\" name=\"option\" value=\"acymailing5\"\/>\n\n            <input type=\"hidden\" name=\"ajax\" value=\"1\"\/>            <input type=\"hidden\" name=\"acy_source\" value=\"widget 2\" \/>\n                        <input type=\"hidden\" name=\"hiddenlists\" value=\"5,2,1\"\/>\n            <input type=\"hidden\" name=\"acyformname\" value=\"formAcymailing80181\" \/>\n\n                    <\/form>\n    <\/div>\n<\/div>\n<\/div><!-- \/Widget Shortcode -->\n\n\n\n<p><\/p>\n","protected":false},"excerpt":{"rendered":"<p>Om du vill f\u00e5 Polska institutets nyhetsbrev som inneh\u00e5ller senaste nyheter och info om kommande evenemang, fyll i din mejladress nedan: Europaparlamentets och Europeiska r\u00e5dets f\u00f6rordning 2016\/679 av den 27 april 2016 om skydd f\u00f6r fysiska personer med avseende p\u00e5 behandling av personuppgifter och om det fria fl\u00f6det av s\u00e5dana uppgifter och om upph\u00e4vande av [&hellip;]<\/p>\n","protected":false},"author":1,"featured_media":648,"parent":0,"menu_order":0,"comment_status":"closed","ping_status":"closed","template":"","meta":{"inline_featured_image":false,"_monsterinsights_skip_tracking":false,"_monsterinsights_sitenote_active":false,"_monsterinsights_sitenote_note":"","_monsterinsights_sitenote_category":0,"footnotes":""},"class_list":["post-113","page","type-page","status-publish","has-post-thumbnail","hentry"],"yoast_head":"<!-- This site is optimized with the Yoast SEO plugin v24.6 - https:\/\/yoast.com\/wordpress\/plugins\/seo\/ -->\n<title>Nyhetsbrev - Instytut Polski w Sztokholmie<\/title>\n<meta name=\"robots\" content=\"index, follow, max-snippet:-1, max-image-preview:large, max-video-preview:-1\" \/>\n<link rel=\"canonical\" href=\"https:\/\/instytutpolski.pl\/stockholm\/newsletter\/\" \/>\n<meta property=\"og:locale\" content=\"pl_PL\" \/>\n<meta property=\"og:type\" content=\"article\" \/>\n<meta property=\"og:title\" content=\"Nyhetsbrev - Instytut Polski w Sztokholmie\" \/>\n<meta property=\"og:description\" content=\"Om du vill f\u00e5 Polska institutets nyhetsbrev som inneh\u00e5ller senaste nyheter och info om kommande evenemang, fyll i din mejladress nedan: Europaparlamentets och Europeiska r\u00e5dets f\u00f6rordning 2016\/679 av den 27 april 2016 om skydd f\u00f6r fysiska personer med avseende p\u00e5 behandling av personuppgifter och om det fria fl\u00f6det av s\u00e5dana uppgifter och om upph\u00e4vande av [&hellip;]\" \/>\n<meta property=\"og:url\" content=\"https:\/\/instytutpolski.pl\/stockholm\/newsletter\/\" \/>\n<meta property=\"og:site_name\" content=\"Instytut Polski w Sztokholmie\" \/>\n<meta property=\"article:modified_time\" content=\"2019-11-21T17:15:54+00:00\" \/>\n<meta property=\"og:image\" content=\"https:\/\/instytutpolski.pl\/stockholm\/wp-content\/uploads\/sites\/17\/2019\/06\/newsletter.jpg\" \/>\n\t<meta property=\"og:image:width\" content=\"1920\" \/>\n\t<meta property=\"og:image:height\" content=\"700\" \/>\n\t<meta property=\"og:image:type\" content=\"image\/jpeg\" \/>\n<meta name=\"twitter:card\" content=\"summary_large_image\" \/>\n<meta name=\"twitter:label1\" content=\"Szacowany czas czytania\" \/>\n\t<meta name=\"twitter:data1\" content=\"1 minuta\" \/>\n<script type=\"application\/ld+json\" class=\"yoast-schema-graph\">{\"@context\":\"https:\/\/schema.org\",\"@graph\":[{\"@type\":\"WebPage\",\"@id\":\"https:\/\/instytutpolski.pl\/stockholm\/newsletter\/\",\"url\":\"https:\/\/instytutpolski.pl\/stockholm\/newsletter\/\",\"name\":\"Nyhetsbrev - Instytut Polski w Sztokholmie\",\"isPartOf\":{\"@id\":\"https:\/\/instytutpolski.pl\/stockholm\/#website\"},\"primaryImageOfPage\":{\"@id\":\"https:\/\/instytutpolski.pl\/stockholm\/newsletter\/#primaryimage\"},\"image\":{\"@id\":\"https:\/\/instytutpolski.pl\/stockholm\/newsletter\/#primaryimage\"},\"thumbnailUrl\":\"https:\/\/instytutpolski.pl\/stockholm\/wp-content\/uploads\/sites\/17\/2019\/06\/newsletter.jpg\",\"datePublished\":\"2019-06-05T10:48:16+00:00\",\"dateModified\":\"2019-11-21T17:15:54+00:00\",\"breadcrumb\":{\"@id\":\"https:\/\/instytutpolski.pl\/stockholm\/newsletter\/#breadcrumb\"},\"inLanguage\":\"pl-PL\",\"potentialAction\":[{\"@type\":\"ReadAction\",\"target\":[\"https:\/\/instytutpolski.pl\/stockholm\/newsletter\/\"]}]},{\"@type\":\"ImageObject\",\"inLanguage\":\"pl-PL\",\"@id\":\"https:\/\/instytutpolski.pl\/stockholm\/newsletter\/#primaryimage\",\"url\":\"https:\/\/instytutpolski.pl\/stockholm\/wp-content\/uploads\/sites\/17\/2019\/06\/newsletter.jpg\",\"contentUrl\":\"https:\/\/instytutpolski.pl\/stockholm\/wp-content\/uploads\/sites\/17\/2019\/06\/newsletter.jpg\",\"width\":1920,\"height\":700},{\"@type\":\"BreadcrumbList\",\"@id\":\"https:\/\/instytutpolski.pl\/stockholm\/newsletter\/#breadcrumb\",\"itemListElement\":[{\"@type\":\"ListItem\",\"position\":1,\"name\":\"Home\",\"item\":\"https:\/\/instytutpolski.pl\/stockholm\/\"},{\"@type\":\"ListItem\",\"position\":2,\"name\":\"Nyhetsbrev\"}]},{\"@type\":\"WebSite\",\"@id\":\"https:\/\/instytutpolski.pl\/stockholm\/#website\",\"url\":\"https:\/\/instytutpolski.pl\/stockholm\/\",\"name\":\"Instytut Polski w Sztokholmie\",\"description\":\"Instytuty Polskie\",\"potentialAction\":[{\"@type\":\"SearchAction\",\"target\":{\"@type\":\"EntryPoint\",\"urlTemplate\":\"https:\/\/instytutpolski.pl\/stockholm\/?s={search_term_string}\"},\"query-input\":{\"@type\":\"PropertyValueSpecification\",\"valueRequired\":true,\"valueName\":\"search_term_string\"}}],\"inLanguage\":\"pl-PL\"}]}<\/script>\n<!-- \/ Yoast SEO plugin. -->","yoast_head_json":{"title":"Nyhetsbrev - Instytut Polski w Sztokholmie","robots":{"index":"index","follow":"follow","max-snippet":"max-snippet:-1","max-image-preview":"max-image-preview:large","max-video-preview":"max-video-preview:-1"},"canonical":"https:\/\/instytutpolski.pl\/stockholm\/newsletter\/","og_locale":"pl_PL","og_type":"article","og_title":"Nyhetsbrev - Instytut Polski w Sztokholmie","og_description":"Om du vill f\u00e5 Polska institutets nyhetsbrev som inneh\u00e5ller senaste nyheter och info om kommande evenemang, fyll i din mejladress nedan: Europaparlamentets och Europeiska r\u00e5dets f\u00f6rordning 2016\/679 av den 27 april 2016 om skydd f\u00f6r fysiska personer med avseende p\u00e5 behandling av personuppgifter och om det fria fl\u00f6det av s\u00e5dana uppgifter och om upph\u00e4vande av [&hellip;]","og_url":"https:\/\/instytutpolski.pl\/stockholm\/newsletter\/","og_site_name":"Instytut Polski w Sztokholmie","article_modified_time":"2019-11-21T17:15:54+00:00","og_image":[{"width":1920,"height":700,"url":"https:\/\/instytutpolski.pl\/stockholm\/wp-content\/uploads\/sites\/17\/2019\/06\/newsletter.jpg","type":"image\/jpeg"}],"twitter_card":"summary_large_image","twitter_misc":{"Szacowany czas czytania":"1 minuta"},"schema":{"@context":"https:\/\/schema.org","@graph":[{"@type":"WebPage","@id":"https:\/\/instytutpolski.pl\/stockholm\/newsletter\/","url":"https:\/\/instytutpolski.pl\/stockholm\/newsletter\/","name":"Nyhetsbrev - Instytut Polski w Sztokholmie","isPartOf":{"@id":"https:\/\/instytutpolski.pl\/stockholm\/#website"},"primaryImageOfPage":{"@id":"https:\/\/instytutpolski.pl\/stockholm\/newsletter\/#primaryimage"},"image":{"@id":"https:\/\/instytutpolski.pl\/stockholm\/newsletter\/#primaryimage"},"thumbnailUrl":"https:\/\/instytutpolski.pl\/stockholm\/wp-content\/uploads\/sites\/17\/2019\/06\/newsletter.jpg","datePublished":"2019-06-05T10:48:16+00:00","dateModified":"2019-11-21T17:15:54+00:00","breadcrumb":{"@id":"https:\/\/instytutpolski.pl\/stockholm\/newsletter\/#breadcrumb"},"inLanguage":"pl-PL","potentialAction":[{"@type":"ReadAction","target":["https:\/\/instytutpolski.pl\/stockholm\/newsletter\/"]}]},{"@type":"ImageObject","inLanguage":"pl-PL","@id":"https:\/\/instytutpolski.pl\/stockholm\/newsletter\/#primaryimage","url":"https:\/\/instytutpolski.pl\/stockholm\/wp-content\/uploads\/sites\/17\/2019\/06\/newsletter.jpg","contentUrl":"https:\/\/instytutpolski.pl\/stockholm\/wp-content\/uploads\/sites\/17\/2019\/06\/newsletter.jpg","width":1920,"height":700},{"@type":"BreadcrumbList","@id":"https:\/\/instytutpolski.pl\/stockholm\/newsletter\/#breadcrumb","itemListElement":[{"@type":"ListItem","position":1,"name":"Home","item":"https:\/\/instytutpolski.pl\/stockholm\/"},{"@type":"ListItem","position":2,"name":"Nyhetsbrev"}]},{"@type":"WebSite","@id":"https:\/\/instytutpolski.pl\/stockholm\/#website","url":"https:\/\/instytutpolski.pl\/stockholm\/","name":"Instytut Polski w Sztokholmie","description":"Instytuty Polskie","potentialAction":[{"@type":"SearchAction","target":{"@type":"EntryPoint","urlTemplate":"https:\/\/instytutpolski.pl\/stockholm\/?s={search_term_string}"},"query-input":{"@type":"PropertyValueSpecification","valueRequired":true,"valueName":"search_term_string"}}],"inLanguage":"pl-PL"}]}},"_links":{"self":[{"href":"https:\/\/instytutpolski.pl\/stockholm\/wp-json\/wp\/v2\/pages\/113","targetHints":{"allow":["GET"]}}],"collection":[{"href":"https:\/\/instytutpolski.pl\/stockholm\/wp-json\/wp\/v2\/pages"}],"about":[{"href":"https:\/\/instytutpolski.pl\/stockholm\/wp-json\/wp\/v2\/types\/page"}],"author":[{"embeddable":true,"href":"https:\/\/instytutpolski.pl\/stockholm\/wp-json\/wp\/v2\/users\/1"}],"replies":[{"embeddable":true,"href":"https:\/\/instytutpolski.pl\/stockholm\/wp-json\/wp\/v2\/comments?post=113"}],"version-history":[{"count":10,"href":"https:\/\/instytutpolski.pl\/stockholm\/wp-json\/wp\/v2\/pages\/113\/revisions"}],"predecessor-version":[{"id":1508,"href":"https:\/\/instytutpolski.pl\/stockholm\/wp-json\/wp\/v2\/pages\/113\/revisions\/1508"}],"wp:featuredmedia":[{"embeddable":true,"href":"https:\/\/instytutpolski.pl\/stockholm\/wp-json\/wp\/v2\/media\/648"}],"wp:attachment":[{"href":"https:\/\/instytutpolski.pl\/stockholm\/wp-json\/wp\/v2\/media?parent=113"}],"curies":[{"name":"wp","href":"https:\/\/api.w.org\/{rel}","templated":true}]}}