{"id":115,"date":"2019-06-05T12:48:16","date_gmt":"2019-06-05T10:48:16","guid":{"rendered":"https:\/\/instytutpolski.pl\/sztokholm\/?page_id=115"},"modified":"2020-12-18T12:44:27","modified_gmt":"2020-12-18T11:44:27","slug":"newsletter-2","status":"publish","type":"page","link":"https:\/\/instytutpolski.pl\/stockholm\/pl\/newsletter-2\/","title":{"rendered":"Newsletter"},"content":{"rendered":"\n<p> Je\u015bli chcesz otrzymywa\u0107 informacje o bie\u017c\u0105cych wydarzeniach i organizowanych imprezach, zapisz si\u0119 na nasz newsletter podaj\u0105c sw\u00f3j adres email poni\u017cej:<\/p>\n\n\n\n<p>W zwi\u0105zku z wej\u015bciem w \u017cycie Rozporz\u0105dzenia Parlamentu Europejskiego i Rady (UE) 2016\/679 z dnia 27 kwietnia 2016 r. w sprawie ochrony os\u00f3b fizycznych w zwi\u0105zku z przetwarzaniem danych osobowych i w sprawie swobodnego przep\u0142ywu takich danych oraz uchylenia dyrektywy 95\/46\/WE (og\u00f3lne rozporz\u0105dzenie o ochronie danych, inaczej RODO), kt\u00f3re obowi\u0105zuje w szwedzkim porz\u0105dku prawnym bezpo\u015brednio i ma zastosowanie od dnia 25 maja 2018 r., Instytut Polski w Sztokholmie pragnie zapewni\u0107, \u017ce Twoje imi\u0119 i adres mailowy, kt\u00f3re podajesz przy zapisie do newslettera na stronie internetowej Instytutu Polskiego (<a href=\"http:\/\/www.instytutpolski.pl\/stockholm\">www.instytutpolski.pl\/stockholm<\/a>) b\u0119d\u0105 bezpieczne.<\/p>\n\n\n\n<p>Twoje dane przetwarzane b\u0119d\u0105 zgodnie z powy\u017cszym rozporz\u0105dzeniem, do kt\u00f3rego dostosowana zosta\u0142a&nbsp;<a href=\"https:\/\/instytutpolski.pl\/stockholm\/pl\/rodo-2\">Polityka Prywatno\u015bci&nbsp;Instytutu Polskiego.<\/a><\/p>\n\n\n\n<p>Zapisuj\u0105c si\u0119 do newslettera wyra\u017casz zgod\u0119 na otrzymywanie od Instytutu Polskiego wiadomo\u015bci dotycz\u0105cych jego dzia\u0142alno\u015bci. Twoje dane przetwarzane b\u0119d\u0105 jedynie w tym celu. Znajd\u0105 si\u0119 one na serwerze nale\u017c\u0105cym do firmy Apsis International AB, Stormgatan 11, 211 20 Malm\u00f6, Sweden, Org.nummer:&nbsp;556615-5437&nbsp;\u2013 naszego partnera, z kt\u00f3rym mamy zawart\u0105 umow\u0119 powierzenia przetwarzania danych osobowych.<\/p>\n\n\n\n<p>Mo\u017cesz mie\u0107 pewno\u015b\u0107, \u017ce Tw\u00f3j adres mailowy nie b\u0119dzie przekazywany, sprzedawany, wynajmowany ani w inny spos\u00f3b udost\u0119pniany do u\u017cytku innym podmiotom. Wszystkie wysy\u0142ki newslettera realizowane b\u0119d\u0105 za pomoc\u0105 technologii, kt\u00f3re nie wy\u015bwietlaj\u0105 adres\u00f3w innym subskrybentom. W ka\u017cdym mailingu mo\u017cesz zrezygnowa\u0107 z subskrypcji przysz\u0142ych mailing\u00f3w.<\/p>\n\n\n\n<p>W razie jakichkolwiek pyta\u0144 dotycz\u0105cych zasad przetwarzania danych, skontaktuj si\u0119 z nami za po\u015brednictwem maila: <a href=\"mailto:sztokholm@instytutpolski.pl\">sztokholm@instytutpolski.pl<\/a><\/p>\n\n\n\n<p><strong>Uwaga: Nasze newslettery wysy\u0142ane s\u0105 w j\u0119zyku szwedzkim.<\/strong><\/p>\n\n\n<!-- Widget Shortcode --><div id=\"acymailing_subform_widget-4\" class=\"widget widget_acymailing_subform_widget widget-shortcode area-footer-4 \"><script type=\"text\/javascript\">\tif(typeof acymailingModule == 'undefined'){\r\n\t\t\t\tvar acymailingModule = [];\r\n\t\t\t}\r\n\t\t\t\r\n\t\t\tacymailingModule['emailRegex'] = \/^[a-z0-9!#$%&\\'*+\\\/=?^_`{|}~-]+(?:\\.[a-z0-9!#$%&\\'*+\\\/=?^_`{|}~-]+)*\\@([a-z0-9-]+\\.)+[a-z0-9]{2,20}$\/i;\r\n\r\n\t\t\tacymailingModule['NAMECAPTION'] = 'Imi\u0119';\r\n\t\t\tacymailingModule['NAME_MISSING'] = 'Wpisz swoje imi\u0119';\r\n\t\t\tacymailingModule['EMAILCAPTION'] = 'E-mail';\r\n\t\t\tacymailingModule['VALID_EMAIL'] = 'Wpisz prawid\u0142owy adres e-mail';\r\n\t\t\tacymailingModule['ACCEPT_TERMS'] = 'Zapoznaj si\u0119 z regulaminem';\r\n\t\t\tacymailingModule['CAPTCHA_MISSING'] = 'Wpisz kod wy\u015bwietlony na obrazku';\r\n\t\t\tacymailingModule['NO_LIST_SELECTED'] = 'Prosz\u0119 wybra\u0107 listy kt\u00f3re chcesz prenumerowa\u0107';\r\n\t\t<\/script><script type=\"text\/javascript\" src=\"https:\/\/instytutpolski.pl\/stockholm\/wp-content\/plugins\/acymailing5\/media\/js\/acymailing_module.js?v=5107\" async><\/script><link rel=\"stylesheet\" href=\"https:\/\/instytutpolski.pl\/stockholm\/wp-content\/plugins\/acymailing5\/media\/css\/module_default.css?v=1554200310\" type=\"text\/css\"><h2 class=\"widgettitle\">Subskrybuj nasz newsletter<\/h2><script type=\"text\/javascript\">\n                    <!--\n                        \n                acymailingModule['level'] = 'enterprise';\n                acymailingModule['reqFieldsformAcymailing83371'] = Array('html','rodo');\n                    acymailingModule['validFieldsformAcymailing83371'] = Array('Prosz\u0119 poda\u0107 warto\u015b\u0107 w polu Odbieranie','ERROR_RODO');\n                    \n                    \/\/-->\n\t\t\t\t\t<\/script><div class=\"acymailing_module\" id=\"acymailing_module_formAcymailing83371\">\n    <div class=\"acymailing_fulldiv\" id=\"acymailing_fulldiv_formAcymailing83371\" >\n        <form id=\"formAcymailing83371\" action=\"https:\/\/instytutpolski.pl\/stockholm\/wp-admin\/admin-ajax.php?page=acymailing5_front&ctrl=sub&action=acymailing5_frontrouter&noheader=1\" onsubmit=\"return submitacymailingform('optin','formAcymailing83371')\" method=\"post\" name=\"formAcymailing83371\"  >\n\n            <div class=\"acymailing_module_form\">\n\t\t<div class=\"acymailing_form\">\n\t\t<p class=\"onefield fieldacyemail\" id=\"field_email_formAcymailing83371\"><span class=\"acyfield_email acy_requiredField\"><input id=\"user_email_formAcymailing83371\"  style=\"width:80%\" onfocus=\"if(this.value == 'E-mail') this.value = '';\" onblur=\"if(this.value=='') this.value='E-mail';\" type=\"text\" class=\"inputbox required\" name=\"user[email]\" value=\"E-mail\" title=\"E-mail\"\/><\/span>\n\t\t\t\t\t\t<\/p><p class=\"onefield fieldacyrodo\" id=\"field_rodo_formAcymailing83371\"><span class=\"acyfield_rodo acy_requiredField\"> <input type=\"hidden\" name=\"user[rodo]\" value=\" \" \/>\n<span id=\"span_user_rodo_formAcymailing83371_rodo-zaakceptowane\"><label for=\"user_rodo_formAcymailing83371_rodo-zaakceptowane\"><input type=\"checkbox\" name=\"user[rodo][]\" value=\"rodo-zaakceptowane\" id=\"user_rodo_formAcymailing83371_rodo-zaakceptowane\"   title=\"\"\/> O\u015bwiadczam, \u017ce zapozna\u0142am\/em si\u0119 z informacjami zamieszczonymi poni\u017cej:<\/label><\/span>\n<\/span>\n\t\t\t\t\t\t<\/p><p class=\"onefield fieldacycustomtext_155_10_26_22\" id=\"field_customtext_155_10_26_22_formAcymailing83371\"><span class=\"acyfield_customtext_155_10_26_22\">Na podstawie art. 6 ust. 1 lit. a rozporz\u0105dzenia Parlamentu Europejskiego i Rady (UE) 2016\/679 z dnia 27 kwietnia 2016 r. w sprawie ochrony os\u00f3b fizycznych w zwi\u0105zku z przetwarzaniem danych osobowych i w sprawie swobodnego przep\u0142ywu takich danych oraz uchylenia dyrektywy 95\/46\/WE (RODO), wyra\u017cam zgod\u0119 na przetwarzanie przez Instytut Polski w Sztokholmie (Karlav\u00e4gen 35, Sztokholm), moich danych osobowych w zakresie adresu e-mail, w zwi\u0105zku z subskrypcj\u0105 newslettera. Jednocze\u015bnie o\u015bwiadczam, \u017ce zapozna\u0142am\/em si\u0119 z informacjami zamieszczonymi poni\u017cej, b\u0119d\u0105cymi realizacj\u0105 obowi\u0105zku informacyjnego okre\u015blonego w art. 13 RODO, dotycz\u0105cymi przetwarzania moich danych osobowych, a tak\u017ce znane s\u0105 mi wszystkie przys\u0142uguj\u0105ce mi prawa, o kt\u00f3rych mowa w art. 15 \u2013 20 RODO.<\/span>\n\t\t\t\t\t\t<\/p><script type=\"text\/javascript\">\n\t\t\t\t\t<!--\n\t\t\t\t\t\nacymailingModule['excludeValuesformAcymailing83371'] = [];\nacymailingModule['excludeValuesformAcymailing83371']['email'] = 'E-mail';\n\n\t\t\t\t\t\/\/-->\n\t\t\t\t\t<\/script>\t<\/div>\n\n\t<p class=\"acysubbuttons\">\n\t\t<button type=\"submit\" class=\"button subbutton\" value=\"Zapisz si\u0119\" name=\"Submit\" onclick=\"try{ return submitacymailingform('optin','formAcymailing83371'); }catch(err){alert('The form could not be submitted '+err);return false;}\"><span class=\"fas fa-at\"><\/span><\/button>\n\t\t\t<\/p>\n<\/div>\n            <input type=\"hidden\" name=\"page\" value=\"front\"\/>\n            <input type=\"hidden\" name=\"ctrl\" value=\"sub\"\/>\n            <input type=\"hidden\" name=\"task\" value=\"notask\"\/>\n            <input type=\"hidden\" name=\"option\" value=\"acymailing5\"\/>\n\n            <input type=\"hidden\" name=\"ajax\" value=\"1\"\/>            <input type=\"hidden\" name=\"acy_source\" value=\"widget 4\" \/>\n                        <input type=\"hidden\" name=\"hiddenlists\" value=\"2\"\/>\n            <input type=\"hidden\" name=\"acyformname\" value=\"formAcymailing83371\" \/>\n\n                    <\/form>\n    <\/div>\n<\/div>\n<\/div><!-- \/Widget Shortcode -->\n","protected":false},"excerpt":{"rendered":"<p>Je\u015bli chcesz otrzymywa\u0107 informacje o bie\u017c\u0105cych wydarzeniach i organizowanych imprezach, zapisz si\u0119 na nasz newsletter podaj\u0105c sw\u00f3j adres email poni\u017cej: W zwi\u0105zku z wej\u015bciem w \u017cycie Rozporz\u0105dzenia Parlamentu Europejskiego i Rady (UE) 2016\/679 z dnia 27 kwietnia 2016 r. w sprawie ochrony os\u00f3b fizycznych w zwi\u0105zku z przetwarzaniem danych osobowych i w sprawie swobodnego przep\u0142ywu [&hellip;]<\/p>\n","protected":false},"author":1,"featured_media":648,"parent":0,"menu_order":0,"comment_status":"closed","ping_status":"closed","template":"","meta":{"inline_featured_image":false,"_monsterinsights_skip_tracking":false,"_monsterinsights_sitenote_active":false,"_monsterinsights_sitenote_note":"","_monsterinsights_sitenote_category":0,"footnotes":""},"class_list":["post-115","page","type-page","status-publish","has-post-thumbnail","hentry"],"yoast_head":"<!-- This site is optimized with the Yoast SEO plugin v24.6 - https:\/\/yoast.com\/wordpress\/plugins\/seo\/ -->\n<title>Newsletter - Instytut Polski w Sztokholmie<\/title>\n<meta name=\"robots\" content=\"index, follow, max-snippet:-1, max-image-preview:large, max-video-preview:-1\" \/>\n<link rel=\"canonical\" href=\"https:\/\/instytutpolski.pl\/stockholm\/pl\/newsletter-2\/\" \/>\n<meta property=\"og:locale\" content=\"pl_PL\" \/>\n<meta property=\"og:type\" content=\"article\" \/>\n<meta property=\"og:title\" content=\"Newsletter - Instytut Polski w Sztokholmie\" \/>\n<meta property=\"og:description\" content=\"Je\u015bli chcesz otrzymywa\u0107 informacje o bie\u017c\u0105cych wydarzeniach i organizowanych imprezach, zapisz si\u0119 na nasz newsletter podaj\u0105c sw\u00f3j adres email poni\u017cej: W zwi\u0105zku z wej\u015bciem w \u017cycie Rozporz\u0105dzenia Parlamentu Europejskiego i Rady (UE) 2016\/679 z dnia 27 kwietnia 2016 r. w sprawie ochrony os\u00f3b fizycznych w zwi\u0105zku z przetwarzaniem danych osobowych i w sprawie swobodnego przep\u0142ywu [&hellip;]\" \/>\n<meta property=\"og:url\" content=\"https:\/\/instytutpolski.pl\/stockholm\/pl\/newsletter-2\/\" \/>\n<meta property=\"og:site_name\" content=\"Instytut Polski w Sztokholmie\" \/>\n<meta property=\"article:modified_time\" content=\"2020-12-18T11:44:27+00:00\" \/>\n<meta property=\"og:image\" content=\"https:\/\/instytutpolski.pl\/stockholm\/wp-content\/uploads\/sites\/17\/2019\/06\/newsletter.jpg\" \/>\n\t<meta property=\"og:image:width\" content=\"1920\" \/>\n\t<meta property=\"og:image:height\" content=\"700\" \/>\n\t<meta property=\"og:image:type\" content=\"image\/jpeg\" \/>\n<meta name=\"twitter:card\" content=\"summary_large_image\" \/>\n<meta name=\"twitter:label1\" content=\"Szacowany czas czytania\" \/>\n\t<meta name=\"twitter:data1\" content=\"2 minuty\" \/>\n<script type=\"application\/ld+json\" class=\"yoast-schema-graph\">{\"@context\":\"https:\/\/schema.org\",\"@graph\":[{\"@type\":\"WebPage\",\"@id\":\"https:\/\/instytutpolski.pl\/stockholm\/pl\/newsletter-2\/\",\"url\":\"https:\/\/instytutpolski.pl\/stockholm\/pl\/newsletter-2\/\",\"name\":\"Newsletter - Instytut Polski w Sztokholmie\",\"isPartOf\":{\"@id\":\"https:\/\/instytutpolski.pl\/stockholm\/#website\"},\"primaryImageOfPage\":{\"@id\":\"https:\/\/instytutpolski.pl\/stockholm\/pl\/newsletter-2\/#primaryimage\"},\"image\":{\"@id\":\"https:\/\/instytutpolski.pl\/stockholm\/pl\/newsletter-2\/#primaryimage\"},\"thumbnailUrl\":\"https:\/\/instytutpolski.pl\/stockholm\/wp-content\/uploads\/sites\/17\/2019\/06\/newsletter.jpg\",\"datePublished\":\"2019-06-05T10:48:16+00:00\",\"dateModified\":\"2020-12-18T11:44:27+00:00\",\"breadcrumb\":{\"@id\":\"https:\/\/instytutpolski.pl\/stockholm\/pl\/newsletter-2\/#breadcrumb\"},\"inLanguage\":\"pl-PL\",\"potentialAction\":[{\"@type\":\"ReadAction\",\"target\":[\"https:\/\/instytutpolski.pl\/stockholm\/pl\/newsletter-2\/\"]}]},{\"@type\":\"ImageObject\",\"inLanguage\":\"pl-PL\",\"@id\":\"https:\/\/instytutpolski.pl\/stockholm\/pl\/newsletter-2\/#primaryimage\",\"url\":\"https:\/\/instytutpolski.pl\/stockholm\/wp-content\/uploads\/sites\/17\/2019\/06\/newsletter.jpg\",\"contentUrl\":\"https:\/\/instytutpolski.pl\/stockholm\/wp-content\/uploads\/sites\/17\/2019\/06\/newsletter.jpg\",\"width\":1920,\"height\":700},{\"@type\":\"BreadcrumbList\",\"@id\":\"https:\/\/instytutpolski.pl\/stockholm\/pl\/newsletter-2\/#breadcrumb\",\"itemListElement\":[{\"@type\":\"ListItem\",\"position\":1,\"name\":\"Home\",\"item\":\"https:\/\/instytutpolski.pl\/stockholm\/\"},{\"@type\":\"ListItem\",\"position\":2,\"name\":\"Newsletter\"}]},{\"@type\":\"WebSite\",\"@id\":\"https:\/\/instytutpolski.pl\/stockholm\/#website\",\"url\":\"https:\/\/instytutpolski.pl\/stockholm\/\",\"name\":\"Instytut Polski w Sztokholmie\",\"description\":\"Instytuty Polskie\",\"potentialAction\":[{\"@type\":\"SearchAction\",\"target\":{\"@type\":\"EntryPoint\",\"urlTemplate\":\"https:\/\/instytutpolski.pl\/stockholm\/?s={search_term_string}\"},\"query-input\":{\"@type\":\"PropertyValueSpecification\",\"valueRequired\":true,\"valueName\":\"search_term_string\"}}],\"inLanguage\":\"pl-PL\"}]}<\/script>\n<!-- \/ Yoast SEO plugin. -->","yoast_head_json":{"title":"Newsletter - Instytut Polski w Sztokholmie","robots":{"index":"index","follow":"follow","max-snippet":"max-snippet:-1","max-image-preview":"max-image-preview:large","max-video-preview":"max-video-preview:-1"},"canonical":"https:\/\/instytutpolski.pl\/stockholm\/pl\/newsletter-2\/","og_locale":"pl_PL","og_type":"article","og_title":"Newsletter - Instytut Polski w Sztokholmie","og_description":"Je\u015bli chcesz otrzymywa\u0107 informacje o bie\u017c\u0105cych wydarzeniach i organizowanych imprezach, zapisz si\u0119 na nasz newsletter podaj\u0105c sw\u00f3j adres email poni\u017cej: W zwi\u0105zku z wej\u015bciem w \u017cycie Rozporz\u0105dzenia Parlamentu Europejskiego i Rady (UE) 2016\/679 z dnia 27 kwietnia 2016 r. w sprawie ochrony os\u00f3b fizycznych w zwi\u0105zku z przetwarzaniem danych osobowych i w sprawie swobodnego przep\u0142ywu [&hellip;]","og_url":"https:\/\/instytutpolski.pl\/stockholm\/pl\/newsletter-2\/","og_site_name":"Instytut Polski w Sztokholmie","article_modified_time":"2020-12-18T11:44:27+00:00","og_image":[{"width":1920,"height":700,"url":"https:\/\/instytutpolski.pl\/stockholm\/wp-content\/uploads\/sites\/17\/2019\/06\/newsletter.jpg","type":"image\/jpeg"}],"twitter_card":"summary_large_image","twitter_misc":{"Szacowany czas czytania":"2 minuty"},"schema":{"@context":"https:\/\/schema.org","@graph":[{"@type":"WebPage","@id":"https:\/\/instytutpolski.pl\/stockholm\/pl\/newsletter-2\/","url":"https:\/\/instytutpolski.pl\/stockholm\/pl\/newsletter-2\/","name":"Newsletter - Instytut Polski w Sztokholmie","isPartOf":{"@id":"https:\/\/instytutpolski.pl\/stockholm\/#website"},"primaryImageOfPage":{"@id":"https:\/\/instytutpolski.pl\/stockholm\/pl\/newsletter-2\/#primaryimage"},"image":{"@id":"https:\/\/instytutpolski.pl\/stockholm\/pl\/newsletter-2\/#primaryimage"},"thumbnailUrl":"https:\/\/instytutpolski.pl\/stockholm\/wp-content\/uploads\/sites\/17\/2019\/06\/newsletter.jpg","datePublished":"2019-06-05T10:48:16+00:00","dateModified":"2020-12-18T11:44:27+00:00","breadcrumb":{"@id":"https:\/\/instytutpolski.pl\/stockholm\/pl\/newsletter-2\/#breadcrumb"},"inLanguage":"pl-PL","potentialAction":[{"@type":"ReadAction","target":["https:\/\/instytutpolski.pl\/stockholm\/pl\/newsletter-2\/"]}]},{"@type":"ImageObject","inLanguage":"pl-PL","@id":"https:\/\/instytutpolski.pl\/stockholm\/pl\/newsletter-2\/#primaryimage","url":"https:\/\/instytutpolski.pl\/stockholm\/wp-content\/uploads\/sites\/17\/2019\/06\/newsletter.jpg","contentUrl":"https:\/\/instytutpolski.pl\/stockholm\/wp-content\/uploads\/sites\/17\/2019\/06\/newsletter.jpg","width":1920,"height":700},{"@type":"BreadcrumbList","@id":"https:\/\/instytutpolski.pl\/stockholm\/pl\/newsletter-2\/#breadcrumb","itemListElement":[{"@type":"ListItem","position":1,"name":"Home","item":"https:\/\/instytutpolski.pl\/stockholm\/"},{"@type":"ListItem","position":2,"name":"Newsletter"}]},{"@type":"WebSite","@id":"https:\/\/instytutpolski.pl\/stockholm\/#website","url":"https:\/\/instytutpolski.pl\/stockholm\/","name":"Instytut Polski w Sztokholmie","description":"Instytuty Polskie","potentialAction":[{"@type":"SearchAction","target":{"@type":"EntryPoint","urlTemplate":"https:\/\/instytutpolski.pl\/stockholm\/?s={search_term_string}"},"query-input":{"@type":"PropertyValueSpecification","valueRequired":true,"valueName":"search_term_string"}}],"inLanguage":"pl-PL"}]}},"_links":{"self":[{"href":"https:\/\/instytutpolski.pl\/stockholm\/wp-json\/wp\/v2\/pages\/115","targetHints":{"allow":["GET"]}}],"collection":[{"href":"https:\/\/instytutpolski.pl\/stockholm\/wp-json\/wp\/v2\/pages"}],"about":[{"href":"https:\/\/instytutpolski.pl\/stockholm\/wp-json\/wp\/v2\/types\/page"}],"author":[{"embeddable":true,"href":"https:\/\/instytutpolski.pl\/stockholm\/wp-json\/wp\/v2\/users\/1"}],"replies":[{"embeddable":true,"href":"https:\/\/instytutpolski.pl\/stockholm\/wp-json\/wp\/v2\/comments?post=115"}],"version-history":[{"count":9,"href":"https:\/\/instytutpolski.pl\/stockholm\/wp-json\/wp\/v2\/pages\/115\/revisions"}],"predecessor-version":[{"id":4571,"href":"https:\/\/instytutpolski.pl\/stockholm\/wp-json\/wp\/v2\/pages\/115\/revisions\/4571"}],"wp:featuredmedia":[{"embeddable":true,"href":"https:\/\/instytutpolski.pl\/stockholm\/wp-json\/wp\/v2\/media\/648"}],"wp:attachment":[{"href":"https:\/\/instytutpolski.pl\/stockholm\/wp-json\/wp\/v2\/media?parent=115"}],"curies":[{"name":"wp","href":"https:\/\/api.w.org\/{rel}","templated":true}]}}