{"id":13,"date":"2019-06-04T14:26:56","date_gmt":"2019-06-04T12:26:56","guid":{"rendered":"https:\/\/instytutpolski.pl\/sztokholm\/?page_id=13"},"modified":"2019-11-21T18:10:29","modified_gmt":"2019-11-21T17:10:29","slug":"rodo-2","status":"publish","type":"page","link":"https:\/\/instytutpolski.pl\/stockholm\/pl\/rodo-2\/","title":{"rendered":"Polityka Prywatno\u015bci Instytutu Polskiego"},"content":{"rendered":"\n<p>Zgodnie z art. 13 i 14 rozporz\u0105dzenia Parlamentu Europejskiego i Rady (UE) 2016\/679 z 27 kwietnia 2016 r. w sprawie ochrony os\u00f3b fizycznych w zwi\u0105zku z przetwarzaniem danych osobowych i w sprawie swobodnego przep\u0142ywu takich danych oraz uchylenia dyrektywy 95\/46\/WE (RODO), informujemy, i\u017c:<\/p>\n<ol>\n<li>Administratorem, w rozumieniu art. 4 pkt 7 RODO, Pana\/Pani danych osobowych jest Instytut Polski w Sztokholmie z siedzib\u0105 w Sztokholmie, Mosebacke torg 4, 116 46 Stockholm, Org.nummer: 502048-6790.<\/li>\n<\/ol>\n<p>Dane kontaktowe Instytutu:<br \/>adres siedziby: Mosebacke torg 4, 116 46 Stockholm, Szwecja<br \/>adres e-mail: <a href=\"mailto:sztokholm@instytutpolski.org\">sztokholm@instytutpolski.org<\/a><br \/><br \/><\/p>\n<ol start=\"2\">\n<li>Pani\/Pana dane przetwarzane s\u0105 na podstawie przes\u0142anek zawartych w art. 6 i 7 RODO w celu realizacji zada\u0144 Instytut Polskiego w Sztokholmie:<\/li>\n<\/ol>\n<ul>\n<li>wysy\u0142ania informacji o prowadzonych przez Instytut dzia\u0142aniach;<\/li>\n<\/ul>\n<ul>\n<li>wysy\u0142ania informacji promuj\u0105cych wydarzenia kulturalne;<\/li>\n<\/ul>\n<ul>\n<li>realizowania um\u00f3w i zam\u00f3wie\u0144;<\/li>\n<\/ul>\n<ul>\n<li>realizacji dzia\u0142a\u0144 zwi\u0105zanych z prowadzonymi projektami;<\/li>\n<\/ul>\n<ul>\n<li>zabezpieczenia dzia\u0142a\u0144 administracyjnych i ksi\u0119gowych;<\/li>\n<\/ul>\n<ul>\n<li>dopasowania preferowanego sposobu komunikacji;<\/li>\n<\/ul>\n<ul>\n<li>realizacji naszych prawnych zobowi\u0105za\u0144;<\/li>\n<\/ul>\n<ul>\n<li>analizy skuteczno\u015bci naszych dzia\u0142a\u0144 marketingowych;<\/li>\n<\/ul>\n<ul>\n<li>zarz\u0105dzania uczestnictwem w naszych wydarzeniach;<\/li>\n<\/ul>\n<ul>\n<li>oraz w celach badawczych i archiwalnych.<\/li>\n<\/ul>\n<p>Poprzez podanie danych, \u015bwiadomie, jasno i dobrowolnie wyra\u017ca Pani\/Pan zgod\u0119 na przetwarzanie i wykorzystywanie swoich danych osobowych w takim celu, jaki wynika z dzia\u0142alno\u015bci Instytutu.<\/p>\n<ol start=\"3\">\n<li>Administrator powo\u0142uje si\u0119 w szczeg\u00f3lno\u015bci na:\u00a0<\/li>\n<\/ol>\n<ul>\n<li>wype\u0142nianie obowi\u0105zku prawnego \u2013 art. 6 ust. 1 lit c RODO \u2013 \u201eprzetwarzanie jest niezb\u0119dne do wype\u0142nienia obowi\u0105zku prawnego ci\u0105\u017c\u0105cego na administratorze\u201d;<\/li>\n<\/ul>\n<ul>\n<li>ochrony \u017cywotnych interes\u00f3w podmiotu danych \u2013 art. 6 ust. 1 lit d \u2013 \u201eprzetwarzanie jest niezb\u0119dne do ochrony \u017cywotnych interes\u00f3w osoby, kt\u00f3rej dane dotycz\u0105, lub innej osoby fizycznej\u201d;<\/li>\n<\/ul>\n<ul>\n<li>prawnie uzasadniony interes &#8211; w art. 6 ust 1 lit. e RODO \u2013 \u201eprzetwarzanie danych jest niezb\u0119dne do wykonania zada\u0144 realizowanych w interesie publicznym lub w ramach sprawowania w\u0142adzy publicznej powierzonej administratorowi\u201d.<\/li>\n<\/ul>\n<ol start=\"4\">\n<li>Pani\/Pana dane osobowe b\u0119d\u0105 przechowywane przez okresy wynikaj\u0105ce z przepis\u00f3w prawa oraz b\u0119d\u0105 archiwizowane zgodnie z regulacjami prawnymi.<\/li>\n<li>Dost\u0119p do danych posiadaj\u0105 wy\u0142\u0105cznie osoby uprawnione przez Administratora.\u00a0<br \/><br \/><\/li>\n<li>Dane podlegaj\u0105 ochronie na podstawie przepis\u00f3w RODO i nie mog\u0105 by\u0107 udost\u0119pniane osobom trzecim, nieuprawnionym do dost\u0119pu do tych danych, a tak\u017ce nie b\u0119d\u0105 przekazywane do pa\u0144stwa trzeciego, kt\u00f3re nie spe\u0142nia gwarancji ochrony co najmniej r\u00f3wnorz\u0119dnej do tej, jaka jest przewidziana przepisami RODO. Dane mog\u0105 by\u0107 przekazane do pa\u0144stwa trzeciego wy\u0142\u0105cznie\u00a0w przypadku, gdy obowi\u0105zek taki okre\u015blony jest w prawie polskim lub prawie Unii Europejskiej, oraz zgodnie z przepisami art. 44 &#8211; 46 RODO.\u00a0<br \/><br \/><\/li>\n<li>W przypadku, gdy przepisy szczeg\u00f3lne nie stanowi\u0105 inaczej, przys\u0142uguj\u0105 Pani\/Panu prawa do kontroli przetwarzania danych, okre\u015blone w art. 15-19 i art. 21 RODO, w szczeg\u00f3lno\u015bci prawo do:<\/li>\n<\/ol>\n<ul>\n<li>dost\u0119pu do swoich danych osobowych, ich sprostowania, usuni\u0119cia lub ograniczenia przetwarzania;<\/li>\n<\/ul>\n<ul>\n<li>wniesienia sprzeciwu wobec dalszego przetwarzania, a w przypadku wyra\u017cenia zgody na przetwarzanie danych do jej wycofania. Skorzystanie z prawa cofni\u0119cia zgody nie ma wp\u0142ywu na przetwarzanie, kt\u00f3re mia\u0142o miejsce do momentu wycofania zgody;<\/li>\n<\/ul>\n<ul>\n<li>przeniesienia danych.<\/li>\n<\/ul>\n<ol start=\"8\">\n<li>Pani\/Pana dane nie b\u0119d\u0105 przetwarzane w spos\u00f3b zautomatyzowany, kt\u00f3ry b\u0119dzie mia\u0142 wp\u0142yw na podejmowanie decyzji mog\u0105cych wywo\u0142a\u0107 skutki prawne lub w podobny spos\u00f3b istotnie na ni\u0105 wp\u0142yn\u0105\u0107. Dane nie b\u0119d\u0105 poddawane profilowaniu.<br \/><br \/><\/li>\n<li>Przys\u0142uguje Pani\/Panu prawo wniesienia skargi do odpowiedniego organu nadzorczego.<\/li>\n<\/ol>\n","protected":false},"excerpt":{"rendered":"<p>Zgodnie z art. 13 i 14 rozporz\u0105dzenia Parlamentu Europejskiego i Rady (UE) 2016\/679 z 27 kwietnia 2016 r. w sprawie ochrony os\u00f3b fizycznych w zwi\u0105zku z przetwarzaniem danych osobowych i w sprawie swobodnego przep\u0142ywu takich danych oraz uchylenia dyrektywy 95\/46\/WE (RODO), informujemy, i\u017c: Administratorem, w rozumieniu art. 4 pkt 7 RODO, Pana\/Pani danych osobowych jest [&hellip;]<\/p>\n","protected":false},"author":1,"featured_media":5270,"parent":0,"menu_order":0,"comment_status":"closed","ping_status":"closed","template":"","meta":{"inline_featured_image":false,"_monsterinsights_skip_tracking":false,"_monsterinsights_sitenote_active":false,"_monsterinsights_sitenote_note":"","_monsterinsights_sitenote_category":0,"footnotes":""},"class_list":["post-13","page","type-page","status-publish","has-post-thumbnail","hentry"],"yoast_head":"<!-- This site is optimized with the Yoast SEO plugin v24.6 - https:\/\/yoast.com\/wordpress\/plugins\/seo\/ -->\n<title>Polityka Prywatno\u015bci Instytutu Polskiego - Instytut Polski w Sztokholmie<\/title>\n<meta name=\"robots\" content=\"index, follow, max-snippet:-1, max-image-preview:large, max-video-preview:-1\" \/>\n<link rel=\"canonical\" href=\"https:\/\/instytutpolski.pl\/stockholm\/pl\/rodo-2\/\" \/>\n<meta property=\"og:locale\" content=\"pl_PL\" \/>\n<meta property=\"og:type\" content=\"article\" \/>\n<meta property=\"og:title\" content=\"Polityka Prywatno\u015bci Instytutu Polskiego - Instytut Polski w Sztokholmie\" \/>\n<meta property=\"og:description\" content=\"Zgodnie z art. 13 i 14 rozporz\u0105dzenia Parlamentu Europejskiego i Rady (UE) 2016\/679 z 27 kwietnia 2016 r. w sprawie ochrony os\u00f3b fizycznych w zwi\u0105zku z przetwarzaniem danych osobowych i w sprawie swobodnego przep\u0142ywu takich danych oraz uchylenia dyrektywy 95\/46\/WE (RODO), informujemy, i\u017c: Administratorem, w rozumieniu art. 4 pkt 7 RODO, Pana\/Pani danych osobowych jest [&hellip;]\" \/>\n<meta property=\"og:url\" content=\"https:\/\/instytutpolski.pl\/stockholm\/pl\/rodo-2\/\" \/>\n<meta property=\"og:site_name\" content=\"Instytut Polski w Sztokholmie\" \/>\n<meta property=\"article:modified_time\" content=\"2019-11-21T17:10:29+00:00\" \/>\n<meta property=\"og:image\" content=\"https:\/\/instytutpolski.pl\/stockholm\/wp-content\/uploads\/sites\/17\/2021\/03\/newsletter-foto.jpg\" \/>\n\t<meta property=\"og:image:width\" content=\"2048\" \/>\n\t<meta property=\"og:image:height\" content=\"1365\" \/>\n\t<meta property=\"og:image:type\" content=\"image\/jpeg\" \/>\n<meta name=\"twitter:card\" content=\"summary_large_image\" \/>\n<meta name=\"twitter:label1\" content=\"Szacowany czas czytania\" \/>\n\t<meta name=\"twitter:data1\" content=\"3 minuty\" \/>\n<script type=\"application\/ld+json\" class=\"yoast-schema-graph\">{\"@context\":\"https:\/\/schema.org\",\"@graph\":[{\"@type\":\"WebPage\",\"@id\":\"https:\/\/instytutpolski.pl\/stockholm\/pl\/rodo-2\/\",\"url\":\"https:\/\/instytutpolski.pl\/stockholm\/pl\/rodo-2\/\",\"name\":\"Polityka Prywatno\u015bci Instytutu Polskiego - Instytut Polski w Sztokholmie\",\"isPartOf\":{\"@id\":\"https:\/\/instytutpolski.pl\/stockholm\/#website\"},\"primaryImageOfPage\":{\"@id\":\"https:\/\/instytutpolski.pl\/stockholm\/pl\/rodo-2\/#primaryimage\"},\"image\":{\"@id\":\"https:\/\/instytutpolski.pl\/stockholm\/pl\/rodo-2\/#primaryimage\"},\"thumbnailUrl\":\"https:\/\/instytutpolski.pl\/stockholm\/wp-content\/uploads\/sites\/17\/2021\/03\/newsletter-foto.jpg\",\"datePublished\":\"2019-06-04T12:26:56+00:00\",\"dateModified\":\"2019-11-21T17:10:29+00:00\",\"breadcrumb\":{\"@id\":\"https:\/\/instytutpolski.pl\/stockholm\/pl\/rodo-2\/#breadcrumb\"},\"inLanguage\":\"pl-PL\",\"potentialAction\":[{\"@type\":\"ReadAction\",\"target\":[\"https:\/\/instytutpolski.pl\/stockholm\/pl\/rodo-2\/\"]}]},{\"@type\":\"ImageObject\",\"inLanguage\":\"pl-PL\",\"@id\":\"https:\/\/instytutpolski.pl\/stockholm\/pl\/rodo-2\/#primaryimage\",\"url\":\"https:\/\/instytutpolski.pl\/stockholm\/wp-content\/uploads\/sites\/17\/2021\/03\/newsletter-foto.jpg\",\"contentUrl\":\"https:\/\/instytutpolski.pl\/stockholm\/wp-content\/uploads\/sites\/17\/2021\/03\/newsletter-foto.jpg\",\"width\":2048,\"height\":1365},{\"@type\":\"BreadcrumbList\",\"@id\":\"https:\/\/instytutpolski.pl\/stockholm\/pl\/rodo-2\/#breadcrumb\",\"itemListElement\":[{\"@type\":\"ListItem\",\"position\":1,\"name\":\"Home\",\"item\":\"https:\/\/instytutpolski.pl\/stockholm\/\"},{\"@type\":\"ListItem\",\"position\":2,\"name\":\"Polityka Prywatno\u015bci Instytutu Polskiego\"}]},{\"@type\":\"WebSite\",\"@id\":\"https:\/\/instytutpolski.pl\/stockholm\/#website\",\"url\":\"https:\/\/instytutpolski.pl\/stockholm\/\",\"name\":\"Instytut Polski w Sztokholmie\",\"description\":\"Instytuty Polskie\",\"potentialAction\":[{\"@type\":\"SearchAction\",\"target\":{\"@type\":\"EntryPoint\",\"urlTemplate\":\"https:\/\/instytutpolski.pl\/stockholm\/?s={search_term_string}\"},\"query-input\":{\"@type\":\"PropertyValueSpecification\",\"valueRequired\":true,\"valueName\":\"search_term_string\"}}],\"inLanguage\":\"pl-PL\"}]}<\/script>\n<!-- \/ Yoast SEO plugin. -->","yoast_head_json":{"title":"Polityka Prywatno\u015bci Instytutu Polskiego - Instytut Polski w Sztokholmie","robots":{"index":"index","follow":"follow","max-snippet":"max-snippet:-1","max-image-preview":"max-image-preview:large","max-video-preview":"max-video-preview:-1"},"canonical":"https:\/\/instytutpolski.pl\/stockholm\/pl\/rodo-2\/","og_locale":"pl_PL","og_type":"article","og_title":"Polityka Prywatno\u015bci Instytutu Polskiego - Instytut Polski w Sztokholmie","og_description":"Zgodnie z art. 13 i 14 rozporz\u0105dzenia Parlamentu Europejskiego i Rady (UE) 2016\/679 z 27 kwietnia 2016 r. w sprawie ochrony os\u00f3b fizycznych w zwi\u0105zku z przetwarzaniem danych osobowych i w sprawie swobodnego przep\u0142ywu takich danych oraz uchylenia dyrektywy 95\/46\/WE (RODO), informujemy, i\u017c: Administratorem, w rozumieniu art. 4 pkt 7 RODO, Pana\/Pani danych osobowych jest [&hellip;]","og_url":"https:\/\/instytutpolski.pl\/stockholm\/pl\/rodo-2\/","og_site_name":"Instytut Polski w Sztokholmie","article_modified_time":"2019-11-21T17:10:29+00:00","og_image":[{"width":2048,"height":1365,"url":"https:\/\/instytutpolski.pl\/stockholm\/wp-content\/uploads\/sites\/17\/2021\/03\/newsletter-foto.jpg","type":"image\/jpeg"}],"twitter_card":"summary_large_image","twitter_misc":{"Szacowany czas czytania":"3 minuty"},"schema":{"@context":"https:\/\/schema.org","@graph":[{"@type":"WebPage","@id":"https:\/\/instytutpolski.pl\/stockholm\/pl\/rodo-2\/","url":"https:\/\/instytutpolski.pl\/stockholm\/pl\/rodo-2\/","name":"Polityka Prywatno\u015bci Instytutu Polskiego - Instytut Polski w Sztokholmie","isPartOf":{"@id":"https:\/\/instytutpolski.pl\/stockholm\/#website"},"primaryImageOfPage":{"@id":"https:\/\/instytutpolski.pl\/stockholm\/pl\/rodo-2\/#primaryimage"},"image":{"@id":"https:\/\/instytutpolski.pl\/stockholm\/pl\/rodo-2\/#primaryimage"},"thumbnailUrl":"https:\/\/instytutpolski.pl\/stockholm\/wp-content\/uploads\/sites\/17\/2021\/03\/newsletter-foto.jpg","datePublished":"2019-06-04T12:26:56+00:00","dateModified":"2019-11-21T17:10:29+00:00","breadcrumb":{"@id":"https:\/\/instytutpolski.pl\/stockholm\/pl\/rodo-2\/#breadcrumb"},"inLanguage":"pl-PL","potentialAction":[{"@type":"ReadAction","target":["https:\/\/instytutpolski.pl\/stockholm\/pl\/rodo-2\/"]}]},{"@type":"ImageObject","inLanguage":"pl-PL","@id":"https:\/\/instytutpolski.pl\/stockholm\/pl\/rodo-2\/#primaryimage","url":"https:\/\/instytutpolski.pl\/stockholm\/wp-content\/uploads\/sites\/17\/2021\/03\/newsletter-foto.jpg","contentUrl":"https:\/\/instytutpolski.pl\/stockholm\/wp-content\/uploads\/sites\/17\/2021\/03\/newsletter-foto.jpg","width":2048,"height":1365},{"@type":"BreadcrumbList","@id":"https:\/\/instytutpolski.pl\/stockholm\/pl\/rodo-2\/#breadcrumb","itemListElement":[{"@type":"ListItem","position":1,"name":"Home","item":"https:\/\/instytutpolski.pl\/stockholm\/"},{"@type":"ListItem","position":2,"name":"Polityka Prywatno\u015bci Instytutu Polskiego"}]},{"@type":"WebSite","@id":"https:\/\/instytutpolski.pl\/stockholm\/#website","url":"https:\/\/instytutpolski.pl\/stockholm\/","name":"Instytut Polski w Sztokholmie","description":"Instytuty Polskie","potentialAction":[{"@type":"SearchAction","target":{"@type":"EntryPoint","urlTemplate":"https:\/\/instytutpolski.pl\/stockholm\/?s={search_term_string}"},"query-input":{"@type":"PropertyValueSpecification","valueRequired":true,"valueName":"search_term_string"}}],"inLanguage":"pl-PL"}]}},"_links":{"self":[{"href":"https:\/\/instytutpolski.pl\/stockholm\/wp-json\/wp\/v2\/pages\/13","targetHints":{"allow":["GET"]}}],"collection":[{"href":"https:\/\/instytutpolski.pl\/stockholm\/wp-json\/wp\/v2\/pages"}],"about":[{"href":"https:\/\/instytutpolski.pl\/stockholm\/wp-json\/wp\/v2\/types\/page"}],"author":[{"embeddable":true,"href":"https:\/\/instytutpolski.pl\/stockholm\/wp-json\/wp\/v2\/users\/1"}],"replies":[{"embeddable":true,"href":"https:\/\/instytutpolski.pl\/stockholm\/wp-json\/wp\/v2\/comments?post=13"}],"version-history":[{"count":4,"href":"https:\/\/instytutpolski.pl\/stockholm\/wp-json\/wp\/v2\/pages\/13\/revisions"}],"predecessor-version":[{"id":1502,"href":"https:\/\/instytutpolski.pl\/stockholm\/wp-json\/wp\/v2\/pages\/13\/revisions\/1502"}],"wp:featuredmedia":[{"embeddable":true,"href":"https:\/\/instytutpolski.pl\/stockholm\/wp-json\/wp\/v2\/media\/5270"}],"wp:attachment":[{"href":"https:\/\/instytutpolski.pl\/stockholm\/wp-json\/wp\/v2\/media?parent=13"}],"curies":[{"name":"wp","href":"https:\/\/api.w.org\/{rel}","templated":true}]}}