{"id":14894,"date":"2026-02-02T11:52:39","date_gmt":"2026-02-02T10:52:39","guid":{"rendered":"https:\/\/instytutpolski.pl\/stockholm\/?page_id=14894"},"modified":"2026-03-12T13:14:48","modified_gmt":"2026-03-12T12:14:48","slug":"kinoteka-3","status":"publish","type":"page","link":"https:\/\/instytutpolski.pl\/stockholm\/kinoteka-3\/","title":{"rendered":"Kinoteka"},"content":{"rendered":"\n<p class=\"has-text-align-center\">Den 16:e upplagan av polska filmfestivalen Kinoteka Stockholm h\u00e5lls den 27 &#8211; 31 mars 2025 p\u00e5 Klarabiografen och Bio Aspen, i arrangemang av Polska institutet. Varje \u00e5r presenterar vi n\u00e5gra av de b\u00e4sta nya polska filmerna.<\/p>\n\n\n\n<p class=\"has-text-align-center\">\u00c5rets upplaga av Kinoteka Stockholm fokuserar p\u00e5 prisbel\u00f6nta filmer som hade premi\u00e4r under 2024\u20132025. Programmet presenterar ett noggrant urval av titlar som visats p\u00e5 Gdynia Film Festival, G\u00f6teborg Film Festival och Stockholms filmfestival.<\/p>\n\n\n\n<p>Urvalet samlar n\u00e5gra av de mest hyllade och omtalade produktionerna under de senaste tv\u00e5 \u00e5ren och lyfter fram samtida films m\u00e5ngfald, konstn\u00e4rliga styrka och kreativa mod. Varje film representerar en unik genre och ger publiken en rik och varierad filmupplevelse.<\/p>\n\n\n\n<p class=\"has-text-align-center\">Kinoteka Stockholm skapar en m\u00f6tesplats f\u00f6r film\u00e4lskare och branschfolk.<\/p>\n\n\n\n<div style=\"height:100px\" aria-hidden=\"true\" class=\"wp-block-spacer\"><\/div>\n\n\n<div class=\"wp-block-image\">\n<figure class=\"aligncenter size-large\"><img loading=\"lazy\" decoding=\"async\" width=\"717\" height=\"1024\" src=\"https:\/\/instytutpolski.pl\/stockholm\/wp-content\/uploads\/sites\/17\/2026\/02\/100x70_cm.pdf-717x1024.png\" alt=\"\" class=\"wp-image-14890\" srcset=\"https:\/\/instytutpolski.pl\/stockholm\/wp-content\/uploads\/sites\/17\/2026\/02\/100x70_cm.pdf-717x1024.png 717w, https:\/\/instytutpolski.pl\/stockholm\/wp-content\/uploads\/sites\/17\/2026\/02\/100x70_cm.pdf-210x300.png 210w, https:\/\/instytutpolski.pl\/stockholm\/wp-content\/uploads\/sites\/17\/2026\/02\/100x70_cm.pdf-768x1098.png 768w, https:\/\/instytutpolski.pl\/stockholm\/wp-content\/uploads\/sites\/17\/2026\/02\/100x70_cm.pdf-1075x1536.png 1075w, https:\/\/instytutpolski.pl\/stockholm\/wp-content\/uploads\/sites\/17\/2026\/02\/100x70_cm.pdf-1433x2048.png 1433w\" sizes=\"auto, (max-width: 717px) 100vw, 717px\" \/><\/figure><\/div>\n\n\n<div style=\"height:46px\" aria-hidden=\"true\" class=\"wp-block-spacer\"><\/div>\n\n\n\n<p class=\"has-text-align-center\"><a href=\"https:\/\/instytutpolski.pl\/stockholm\/2026\/02\/02\/om-kinoteka-filmfestival\/\">OM KINOTEKA<\/a> | <a href=\"https:\/\/instytutpolski.pl\/stockholm\/2026\/02\/27\/kinoteka-2026-program\/\">PROGRAM<\/a><\/p>\n","protected":false},"excerpt":{"rendered":"<p>Den 16:e upplagan av polska filmfestivalen Kinoteka Stockholm h\u00e5lls den 27 &#8211; 31 mars 2025 p\u00e5 Klarabiografen och Bio Aspen, i arrangemang av Polska institutet. Varje \u00e5r presenterar vi n\u00e5gra av de b\u00e4sta nya polska filmerna. \u00c5rets upplaga av Kinoteka Stockholm fokuserar p\u00e5 prisbel\u00f6nta filmer som hade premi\u00e4r under 2024\u20132025. Programmet presenterar ett noggrant urval [&hellip;]<\/p>\n","protected":false},"author":173,"featured_media":15043,"parent":0,"menu_order":0,"comment_status":"closed","ping_status":"closed","template":"page-big-event.php","meta":{"inline_featured_image":false,"_monsterinsights_skip_tracking":false,"_monsterinsights_sitenote_active":false,"_monsterinsights_sitenote_note":"","_monsterinsights_sitenote_category":0,"footnotes":""},"class_list":["post-14894","page","type-page","status-publish","has-post-thumbnail","hentry"],"yoast_head":"<!-- This site is optimized with the Yoast SEO plugin v24.6 - https:\/\/yoast.com\/wordpress\/plugins\/seo\/ -->\n<title>Kinoteka - Instytut Polski w Sztokholmie<\/title>\n<meta name=\"description\" content=\"Den 16:e upplagan av polska filmfestivalen Kinoteka Stockholm h\u00e5lls den 27 - 31 mars 2025 p\u00e5 Klarabiografen och Bio Aspen.\" \/>\n<meta name=\"robots\" content=\"index, follow, max-snippet:-1, max-image-preview:large, max-video-preview:-1\" \/>\n<link rel=\"canonical\" href=\"https:\/\/instytutpolski.pl\/stockholm\/kinoteka-3\/\" \/>\n<meta property=\"og:locale\" content=\"pl_PL\" \/>\n<meta property=\"og:type\" content=\"article\" \/>\n<meta property=\"og:title\" content=\"Kinoteka - Instytut Polski w Sztokholmie\" \/>\n<meta property=\"og:description\" content=\"Den 16:e upplagan av polska filmfestivalen Kinoteka Stockholm h\u00e5lls den 27 - 31 mars 2025 p\u00e5 Klarabiografen och Bio Aspen.\" \/>\n<meta property=\"og:url\" content=\"https:\/\/instytutpolski.pl\/stockholm\/kinoteka-3\/\" \/>\n<meta property=\"og:site_name\" content=\"Instytut Polski w Sztokholmie\" \/>\n<meta property=\"article:modified_time\" content=\"2026-03-12T12:14:48+00:00\" \/>\n<meta property=\"og:image\" content=\"https:\/\/instytutpolski.pl\/stockholm\/wp-content\/uploads\/sites\/17\/2026\/02\/www.jpg\" \/>\n\t<meta property=\"og:image:width\" content=\"1120\" \/>\n\t<meta property=\"og:image:height\" content=\"630\" \/>\n\t<meta property=\"og:image:type\" content=\"image\/jpeg\" \/>\n<meta name=\"twitter:card\" content=\"summary_large_image\" \/>\n<meta name=\"twitter:label1\" content=\"Szacowany czas czytania\" \/>\n\t<meta name=\"twitter:data1\" content=\"2 minuty\" \/>\n<script type=\"application\/ld+json\" class=\"yoast-schema-graph\">{\"@context\":\"https:\/\/schema.org\",\"@graph\":[{\"@type\":\"WebPage\",\"@id\":\"https:\/\/instytutpolski.pl\/stockholm\/kinoteka-3\/\",\"url\":\"https:\/\/instytutpolski.pl\/stockholm\/kinoteka-3\/\",\"name\":\"Kinoteka - Instytut Polski w Sztokholmie\",\"isPartOf\":{\"@id\":\"https:\/\/instytutpolski.pl\/stockholm\/#website\"},\"primaryImageOfPage\":{\"@id\":\"https:\/\/instytutpolski.pl\/stockholm\/kinoteka-3\/#primaryimage\"},\"image\":{\"@id\":\"https:\/\/instytutpolski.pl\/stockholm\/kinoteka-3\/#primaryimage\"},\"thumbnailUrl\":\"https:\/\/instytutpolski.pl\/stockholm\/wp-content\/uploads\/sites\/17\/2026\/02\/www.jpg\",\"datePublished\":\"2026-02-02T10:52:39+00:00\",\"dateModified\":\"2026-03-12T12:14:48+00:00\",\"description\":\"Den 16:e upplagan av polska filmfestivalen Kinoteka Stockholm h\u00e5lls den 27 - 31 mars 2025 p\u00e5 Klarabiografen och Bio Aspen.\",\"breadcrumb\":{\"@id\":\"https:\/\/instytutpolski.pl\/stockholm\/kinoteka-3\/#breadcrumb\"},\"inLanguage\":\"pl-PL\",\"potentialAction\":[{\"@type\":\"ReadAction\",\"target\":[\"https:\/\/instytutpolski.pl\/stockholm\/kinoteka-3\/\"]}]},{\"@type\":\"ImageObject\",\"inLanguage\":\"pl-PL\",\"@id\":\"https:\/\/instytutpolski.pl\/stockholm\/kinoteka-3\/#primaryimage\",\"url\":\"https:\/\/instytutpolski.pl\/stockholm\/wp-content\/uploads\/sites\/17\/2026\/02\/www.jpg\",\"contentUrl\":\"https:\/\/instytutpolski.pl\/stockholm\/wp-content\/uploads\/sites\/17\/2026\/02\/www.jpg\",\"width\":1120,\"height\":630},{\"@type\":\"BreadcrumbList\",\"@id\":\"https:\/\/instytutpolski.pl\/stockholm\/kinoteka-3\/#breadcrumb\",\"itemListElement\":[{\"@type\":\"ListItem\",\"position\":1,\"name\":\"Home\",\"item\":\"https:\/\/instytutpolski.pl\/stockholm\/\"},{\"@type\":\"ListItem\",\"position\":2,\"name\":\"Kinoteka\"}]},{\"@type\":\"WebSite\",\"@id\":\"https:\/\/instytutpolski.pl\/stockholm\/#website\",\"url\":\"https:\/\/instytutpolski.pl\/stockholm\/\",\"name\":\"Instytut Polski w Sztokholmie\",\"description\":\"Instytuty Polskie\",\"potentialAction\":[{\"@type\":\"SearchAction\",\"target\":{\"@type\":\"EntryPoint\",\"urlTemplate\":\"https:\/\/instytutpolski.pl\/stockholm\/?s={search_term_string}\"},\"query-input\":{\"@type\":\"PropertyValueSpecification\",\"valueRequired\":true,\"valueName\":\"search_term_string\"}}],\"inLanguage\":\"pl-PL\"}]}<\/script>\n<!-- \/ Yoast SEO plugin. -->","yoast_head_json":{"title":"Kinoteka - Instytut Polski w Sztokholmie","description":"Den 16:e upplagan av polska filmfestivalen Kinoteka Stockholm h\u00e5lls den 27 - 31 mars 2025 p\u00e5 Klarabiografen och Bio Aspen.","robots":{"index":"index","follow":"follow","max-snippet":"max-snippet:-1","max-image-preview":"max-image-preview:large","max-video-preview":"max-video-preview:-1"},"canonical":"https:\/\/instytutpolski.pl\/stockholm\/kinoteka-3\/","og_locale":"pl_PL","og_type":"article","og_title":"Kinoteka - Instytut Polski w Sztokholmie","og_description":"Den 16:e upplagan av polska filmfestivalen Kinoteka Stockholm h\u00e5lls den 27 - 31 mars 2025 p\u00e5 Klarabiografen och Bio Aspen.","og_url":"https:\/\/instytutpolski.pl\/stockholm\/kinoteka-3\/","og_site_name":"Instytut Polski w Sztokholmie","article_modified_time":"2026-03-12T12:14:48+00:00","og_image":[{"width":1120,"height":630,"url":"https:\/\/instytutpolski.pl\/stockholm\/wp-content\/uploads\/sites\/17\/2026\/02\/www.jpg","type":"image\/jpeg"}],"twitter_card":"summary_large_image","twitter_misc":{"Szacowany czas czytania":"2 minuty"},"schema":{"@context":"https:\/\/schema.org","@graph":[{"@type":"WebPage","@id":"https:\/\/instytutpolski.pl\/stockholm\/kinoteka-3\/","url":"https:\/\/instytutpolski.pl\/stockholm\/kinoteka-3\/","name":"Kinoteka - Instytut Polski w Sztokholmie","isPartOf":{"@id":"https:\/\/instytutpolski.pl\/stockholm\/#website"},"primaryImageOfPage":{"@id":"https:\/\/instytutpolski.pl\/stockholm\/kinoteka-3\/#primaryimage"},"image":{"@id":"https:\/\/instytutpolski.pl\/stockholm\/kinoteka-3\/#primaryimage"},"thumbnailUrl":"https:\/\/instytutpolski.pl\/stockholm\/wp-content\/uploads\/sites\/17\/2026\/02\/www.jpg","datePublished":"2026-02-02T10:52:39+00:00","dateModified":"2026-03-12T12:14:48+00:00","description":"Den 16:e upplagan av polska filmfestivalen Kinoteka Stockholm h\u00e5lls den 27 - 31 mars 2025 p\u00e5 Klarabiografen och Bio Aspen.","breadcrumb":{"@id":"https:\/\/instytutpolski.pl\/stockholm\/kinoteka-3\/#breadcrumb"},"inLanguage":"pl-PL","potentialAction":[{"@type":"ReadAction","target":["https:\/\/instytutpolski.pl\/stockholm\/kinoteka-3\/"]}]},{"@type":"ImageObject","inLanguage":"pl-PL","@id":"https:\/\/instytutpolski.pl\/stockholm\/kinoteka-3\/#primaryimage","url":"https:\/\/instytutpolski.pl\/stockholm\/wp-content\/uploads\/sites\/17\/2026\/02\/www.jpg","contentUrl":"https:\/\/instytutpolski.pl\/stockholm\/wp-content\/uploads\/sites\/17\/2026\/02\/www.jpg","width":1120,"height":630},{"@type":"BreadcrumbList","@id":"https:\/\/instytutpolski.pl\/stockholm\/kinoteka-3\/#breadcrumb","itemListElement":[{"@type":"ListItem","position":1,"name":"Home","item":"https:\/\/instytutpolski.pl\/stockholm\/"},{"@type":"ListItem","position":2,"name":"Kinoteka"}]},{"@type":"WebSite","@id":"https:\/\/instytutpolski.pl\/stockholm\/#website","url":"https:\/\/instytutpolski.pl\/stockholm\/","name":"Instytut Polski w Sztokholmie","description":"Instytuty Polskie","potentialAction":[{"@type":"SearchAction","target":{"@type":"EntryPoint","urlTemplate":"https:\/\/instytutpolski.pl\/stockholm\/?s={search_term_string}"},"query-input":{"@type":"PropertyValueSpecification","valueRequired":true,"valueName":"search_term_string"}}],"inLanguage":"pl-PL"}]}},"_links":{"self":[{"href":"https:\/\/instytutpolski.pl\/stockholm\/wp-json\/wp\/v2\/pages\/14894","targetHints":{"allow":["GET"]}}],"collection":[{"href":"https:\/\/instytutpolski.pl\/stockholm\/wp-json\/wp\/v2\/pages"}],"about":[{"href":"https:\/\/instytutpolski.pl\/stockholm\/wp-json\/wp\/v2\/types\/page"}],"author":[{"embeddable":true,"href":"https:\/\/instytutpolski.pl\/stockholm\/wp-json\/wp\/v2\/users\/173"}],"replies":[{"embeddable":true,"href":"https:\/\/instytutpolski.pl\/stockholm\/wp-json\/wp\/v2\/comments?post=14894"}],"version-history":[{"count":14,"href":"https:\/\/instytutpolski.pl\/stockholm\/wp-json\/wp\/v2\/pages\/14894\/revisions"}],"predecessor-version":[{"id":15259,"href":"https:\/\/instytutpolski.pl\/stockholm\/wp-json\/wp\/v2\/pages\/14894\/revisions\/15259"}],"wp:featuredmedia":[{"embeddable":true,"href":"https:\/\/instytutpolski.pl\/stockholm\/wp-json\/wp\/v2\/media\/15043"}],"wp:attachment":[{"href":"https:\/\/instytutpolski.pl\/stockholm\/wp-json\/wp\/v2\/media?parent=14894"}],"curies":[{"name":"wp","href":"https:\/\/api.w.org\/{rel}","templated":true}]}}