{"id":14916,"date":"2026-02-02T11:52:39","date_gmt":"2026-02-02T10:52:39","guid":{"rendered":"https:\/\/instytutpolski.pl\/stockholm\/?page_id=14916"},"modified":"2026-03-12T13:17:24","modified_gmt":"2026-03-12T12:17:24","slug":"kinoteka-4","status":"publish","type":"page","link":"https:\/\/instytutpolski.pl\/stockholm\/pl\/kinoteka-4\/","title":{"rendered":"Kinoteka"},"content":{"rendered":"\n<p class=\"has-text-align-center\">Najnowsze polskie kino w ramach festiwalu Kinoteka Stockholm &#8211; 16. edycja festiwalu odb\u0119dzie si\u0119 w dniach 27 &#8211; 31 marca w kinach Klarabiografen i Bio Aspen.<\/p>\n\n\n\n<p class=\"has-text-align-center\">Tegoroczna edycja festiwalu Kinoteka Stockholm obejmuje najciekawsze, nagradzane polskie produkcje, kt\u00f3re mia\u0142y swoj\u0105 premier\u0119 w latach 2024-2025. W programie znalaz\u0142y si\u0119 starannie wybrane tytu\u0142y prezentowane m.in. w ramach Festiwali Filmowych w Gdyni i G\u00f6teborgu.<\/p>\n\n\n\n<p class=\"has-text-align-center\">Przegl\u0105d ukazuje r\u00f3\u017cnorodno\u015b\u0107 wsp\u00f3\u0142czesnego polskiego kina, jego artystyczn\u0105 si\u0142\u0119 i kreatywn\u0105 odwag\u0119 tw\u00f3rc\u00f3w. Ka\u017cdy film reprezentuje odmienny gatunek i oferuje widzom pe\u0142n\u0105 gam\u0119 intensywnych wra\u017ce\u0144.<\/p>\n\n\n\n<p class=\"has-text-align-center\">Kinoteka Stockholm tworzy przestrze\u0144 spotka\u0144 dla szwedzkiej publiczno\u015bci &#8211; mi\u0142o\u015bnik\u00f3w kina i profesjonalist\u00f3w z bran\u017cy.<\/p>\n\n\n\n<div style=\"height:100px\" aria-hidden=\"true\" class=\"wp-block-spacer\"><\/div>\n\n\n<div class=\"wp-block-image\">\n<figure class=\"aligncenter size-large\"><img loading=\"lazy\" decoding=\"async\" width=\"717\" height=\"1024\" src=\"https:\/\/instytutpolski.pl\/stockholm\/wp-content\/uploads\/sites\/17\/2026\/02\/100x70_cm.pdf-717x1024.png\" alt=\"\" class=\"wp-image-14890\" srcset=\"https:\/\/instytutpolski.pl\/stockholm\/wp-content\/uploads\/sites\/17\/2026\/02\/100x70_cm.pdf-717x1024.png 717w, https:\/\/instytutpolski.pl\/stockholm\/wp-content\/uploads\/sites\/17\/2026\/02\/100x70_cm.pdf-210x300.png 210w, https:\/\/instytutpolski.pl\/stockholm\/wp-content\/uploads\/sites\/17\/2026\/02\/100x70_cm.pdf-768x1098.png 768w, https:\/\/instytutpolski.pl\/stockholm\/wp-content\/uploads\/sites\/17\/2026\/02\/100x70_cm.pdf-1075x1536.png 1075w, https:\/\/instytutpolski.pl\/stockholm\/wp-content\/uploads\/sites\/17\/2026\/02\/100x70_cm.pdf-1433x2048.png 1433w\" sizes=\"auto, (max-width: 717px) 100vw, 717px\" \/><\/figure><\/div>\n\n\n<div style=\"height:46px\" aria-hidden=\"true\" class=\"wp-block-spacer\"><\/div>\n\n\n\n<p class=\"has-text-align-center\"><a href=\"https:\/\/instytutpolski.pl\/stockholm\/2026\/02\/02\/om-kinoteka-filmfestival\/\">O KINOTECE<\/a> | <a href=\"https:\/\/instytutpolski.pl\/stockholm\/2026\/02\/27\/kinoteka-2026-program\/\">PROGRAM<\/a><\/p>\n","protected":false},"excerpt":{"rendered":"<p>Najnowsze polskie kino w ramach festiwalu Kinoteka Stockholm &#8211; 16. edycja festiwalu odb\u0119dzie si\u0119 w dniach 27 &#8211; 31 marca w kinach Klarabiografen i Bio Aspen. Tegoroczna edycja festiwalu Kinoteka Stockholm obejmuje najciekawsze, nagradzane polskie produkcje, kt\u00f3re mia\u0142y swoj\u0105 premier\u0119 w latach 2024-2025. W programie znalaz\u0142y si\u0119 starannie wybrane tytu\u0142y prezentowane m.in. w ramach Festiwali [&hellip;]<\/p>\n","protected":false},"author":173,"featured_media":15043,"parent":0,"menu_order":0,"comment_status":"closed","ping_status":"closed","template":"page-big-event.php","meta":{"inline_featured_image":false,"_monsterinsights_skip_tracking":false,"_monsterinsights_sitenote_active":false,"_monsterinsights_sitenote_note":"","_monsterinsights_sitenote_category":0,"footnotes":""},"class_list":["post-14916","page","type-page","status-publish","has-post-thumbnail","hentry"],"yoast_head":"<!-- This site is optimized with the Yoast SEO plugin v24.6 - https:\/\/yoast.com\/wordpress\/plugins\/seo\/ -->\n<title>Kinoteka - Instytut Polski w Sztokholmie<\/title>\n<meta name=\"description\" content=\"Przegl\u0105d filmu polskiego w Sztokholmie odb\u0119dzie si\u0119 w dniach 27 - 31 marca. Program zostanie opublikowany 27 lutego.\" \/>\n<meta name=\"robots\" content=\"index, follow, max-snippet:-1, max-image-preview:large, max-video-preview:-1\" \/>\n<link rel=\"canonical\" href=\"https:\/\/instytutpolski.pl\/stockholm\/pl\/kinoteka-4\/\" \/>\n<meta property=\"og:locale\" content=\"pl_PL\" \/>\n<meta property=\"og:type\" content=\"article\" \/>\n<meta property=\"og:title\" content=\"Kinoteka - Instytut Polski w Sztokholmie\" \/>\n<meta property=\"og:description\" content=\"Przegl\u0105d filmu polskiego w Sztokholmie odb\u0119dzie si\u0119 w dniach 27 - 31 marca. Program zostanie opublikowany 27 lutego.\" \/>\n<meta property=\"og:url\" content=\"https:\/\/instytutpolski.pl\/stockholm\/pl\/kinoteka-4\/\" \/>\n<meta property=\"og:site_name\" content=\"Instytut Polski w Sztokholmie\" \/>\n<meta property=\"article:modified_time\" content=\"2026-03-12T12:17:24+00:00\" \/>\n<meta property=\"og:image\" content=\"https:\/\/instytutpolski.pl\/stockholm\/wp-content\/uploads\/sites\/17\/2026\/02\/www.jpg\" \/>\n\t<meta property=\"og:image:width\" content=\"1120\" \/>\n\t<meta property=\"og:image:height\" content=\"630\" \/>\n\t<meta property=\"og:image:type\" content=\"image\/jpeg\" \/>\n<meta name=\"twitter:card\" content=\"summary_large_image\" \/>\n<meta name=\"twitter:label1\" content=\"Szacowany czas czytania\" \/>\n\t<meta name=\"twitter:data1\" content=\"2 minuty\" \/>\n<script type=\"application\/ld+json\" class=\"yoast-schema-graph\">{\"@context\":\"https:\/\/schema.org\",\"@graph\":[{\"@type\":\"WebPage\",\"@id\":\"https:\/\/instytutpolski.pl\/stockholm\/pl\/kinoteka-4\/\",\"url\":\"https:\/\/instytutpolski.pl\/stockholm\/pl\/kinoteka-4\/\",\"name\":\"Kinoteka - Instytut Polski w Sztokholmie\",\"isPartOf\":{\"@id\":\"https:\/\/instytutpolski.pl\/stockholm\/#website\"},\"primaryImageOfPage\":{\"@id\":\"https:\/\/instytutpolski.pl\/stockholm\/pl\/kinoteka-4\/#primaryimage\"},\"image\":{\"@id\":\"https:\/\/instytutpolski.pl\/stockholm\/pl\/kinoteka-4\/#primaryimage\"},\"thumbnailUrl\":\"https:\/\/instytutpolski.pl\/stockholm\/wp-content\/uploads\/sites\/17\/2026\/02\/www.jpg\",\"datePublished\":\"2026-02-02T10:52:39+00:00\",\"dateModified\":\"2026-03-12T12:17:24+00:00\",\"description\":\"Przegl\u0105d filmu polskiego w Sztokholmie odb\u0119dzie si\u0119 w dniach 27 - 31 marca. Program zostanie opublikowany 27 lutego.\",\"breadcrumb\":{\"@id\":\"https:\/\/instytutpolski.pl\/stockholm\/pl\/kinoteka-4\/#breadcrumb\"},\"inLanguage\":\"pl-PL\",\"potentialAction\":[{\"@type\":\"ReadAction\",\"target\":[\"https:\/\/instytutpolski.pl\/stockholm\/pl\/kinoteka-4\/\"]}]},{\"@type\":\"ImageObject\",\"inLanguage\":\"pl-PL\",\"@id\":\"https:\/\/instytutpolski.pl\/stockholm\/pl\/kinoteka-4\/#primaryimage\",\"url\":\"https:\/\/instytutpolski.pl\/stockholm\/wp-content\/uploads\/sites\/17\/2026\/02\/www.jpg\",\"contentUrl\":\"https:\/\/instytutpolski.pl\/stockholm\/wp-content\/uploads\/sites\/17\/2026\/02\/www.jpg\",\"width\":1120,\"height\":630},{\"@type\":\"BreadcrumbList\",\"@id\":\"https:\/\/instytutpolski.pl\/stockholm\/pl\/kinoteka-4\/#breadcrumb\",\"itemListElement\":[{\"@type\":\"ListItem\",\"position\":1,\"name\":\"Home\",\"item\":\"https:\/\/instytutpolski.pl\/stockholm\/\"},{\"@type\":\"ListItem\",\"position\":2,\"name\":\"Kinoteka\"}]},{\"@type\":\"WebSite\",\"@id\":\"https:\/\/instytutpolski.pl\/stockholm\/#website\",\"url\":\"https:\/\/instytutpolski.pl\/stockholm\/\",\"name\":\"Instytut Polski w Sztokholmie\",\"description\":\"Instytuty Polskie\",\"potentialAction\":[{\"@type\":\"SearchAction\",\"target\":{\"@type\":\"EntryPoint\",\"urlTemplate\":\"https:\/\/instytutpolski.pl\/stockholm\/?s={search_term_string}\"},\"query-input\":{\"@type\":\"PropertyValueSpecification\",\"valueRequired\":true,\"valueName\":\"search_term_string\"}}],\"inLanguage\":\"pl-PL\"}]}<\/script>\n<!-- \/ Yoast SEO plugin. -->","yoast_head_json":{"title":"Kinoteka - Instytut Polski w Sztokholmie","description":"Przegl\u0105d filmu polskiego w Sztokholmie odb\u0119dzie si\u0119 w dniach 27 - 31 marca. Program zostanie opublikowany 27 lutego.","robots":{"index":"index","follow":"follow","max-snippet":"max-snippet:-1","max-image-preview":"max-image-preview:large","max-video-preview":"max-video-preview:-1"},"canonical":"https:\/\/instytutpolski.pl\/stockholm\/pl\/kinoteka-4\/","og_locale":"pl_PL","og_type":"article","og_title":"Kinoteka - Instytut Polski w Sztokholmie","og_description":"Przegl\u0105d filmu polskiego w Sztokholmie odb\u0119dzie si\u0119 w dniach 27 - 31 marca. Program zostanie opublikowany 27 lutego.","og_url":"https:\/\/instytutpolski.pl\/stockholm\/pl\/kinoteka-4\/","og_site_name":"Instytut Polski w Sztokholmie","article_modified_time":"2026-03-12T12:17:24+00:00","og_image":[{"width":1120,"height":630,"url":"https:\/\/instytutpolski.pl\/stockholm\/wp-content\/uploads\/sites\/17\/2026\/02\/www.jpg","type":"image\/jpeg"}],"twitter_card":"summary_large_image","twitter_misc":{"Szacowany czas czytania":"2 minuty"},"schema":{"@context":"https:\/\/schema.org","@graph":[{"@type":"WebPage","@id":"https:\/\/instytutpolski.pl\/stockholm\/pl\/kinoteka-4\/","url":"https:\/\/instytutpolski.pl\/stockholm\/pl\/kinoteka-4\/","name":"Kinoteka - Instytut Polski w Sztokholmie","isPartOf":{"@id":"https:\/\/instytutpolski.pl\/stockholm\/#website"},"primaryImageOfPage":{"@id":"https:\/\/instytutpolski.pl\/stockholm\/pl\/kinoteka-4\/#primaryimage"},"image":{"@id":"https:\/\/instytutpolski.pl\/stockholm\/pl\/kinoteka-4\/#primaryimage"},"thumbnailUrl":"https:\/\/instytutpolski.pl\/stockholm\/wp-content\/uploads\/sites\/17\/2026\/02\/www.jpg","datePublished":"2026-02-02T10:52:39+00:00","dateModified":"2026-03-12T12:17:24+00:00","description":"Przegl\u0105d filmu polskiego w Sztokholmie odb\u0119dzie si\u0119 w dniach 27 - 31 marca. Program zostanie opublikowany 27 lutego.","breadcrumb":{"@id":"https:\/\/instytutpolski.pl\/stockholm\/pl\/kinoteka-4\/#breadcrumb"},"inLanguage":"pl-PL","potentialAction":[{"@type":"ReadAction","target":["https:\/\/instytutpolski.pl\/stockholm\/pl\/kinoteka-4\/"]}]},{"@type":"ImageObject","inLanguage":"pl-PL","@id":"https:\/\/instytutpolski.pl\/stockholm\/pl\/kinoteka-4\/#primaryimage","url":"https:\/\/instytutpolski.pl\/stockholm\/wp-content\/uploads\/sites\/17\/2026\/02\/www.jpg","contentUrl":"https:\/\/instytutpolski.pl\/stockholm\/wp-content\/uploads\/sites\/17\/2026\/02\/www.jpg","width":1120,"height":630},{"@type":"BreadcrumbList","@id":"https:\/\/instytutpolski.pl\/stockholm\/pl\/kinoteka-4\/#breadcrumb","itemListElement":[{"@type":"ListItem","position":1,"name":"Home","item":"https:\/\/instytutpolski.pl\/stockholm\/"},{"@type":"ListItem","position":2,"name":"Kinoteka"}]},{"@type":"WebSite","@id":"https:\/\/instytutpolski.pl\/stockholm\/#website","url":"https:\/\/instytutpolski.pl\/stockholm\/","name":"Instytut Polski w Sztokholmie","description":"Instytuty Polskie","potentialAction":[{"@type":"SearchAction","target":{"@type":"EntryPoint","urlTemplate":"https:\/\/instytutpolski.pl\/stockholm\/?s={search_term_string}"},"query-input":{"@type":"PropertyValueSpecification","valueRequired":true,"valueName":"search_term_string"}}],"inLanguage":"pl-PL"}]}},"_links":{"self":[{"href":"https:\/\/instytutpolski.pl\/stockholm\/wp-json\/wp\/v2\/pages\/14916","targetHints":{"allow":["GET"]}}],"collection":[{"href":"https:\/\/instytutpolski.pl\/stockholm\/wp-json\/wp\/v2\/pages"}],"about":[{"href":"https:\/\/instytutpolski.pl\/stockholm\/wp-json\/wp\/v2\/types\/page"}],"author":[{"embeddable":true,"href":"https:\/\/instytutpolski.pl\/stockholm\/wp-json\/wp\/v2\/users\/173"}],"replies":[{"embeddable":true,"href":"https:\/\/instytutpolski.pl\/stockholm\/wp-json\/wp\/v2\/comments?post=14916"}],"version-history":[{"count":4,"href":"https:\/\/instytutpolski.pl\/stockholm\/wp-json\/wp\/v2\/pages\/14916\/revisions"}],"predecessor-version":[{"id":15261,"href":"https:\/\/instytutpolski.pl\/stockholm\/wp-json\/wp\/v2\/pages\/14916\/revisions\/15261"}],"wp:featuredmedia":[{"embeddable":true,"href":"https:\/\/instytutpolski.pl\/stockholm\/wp-json\/wp\/v2\/media\/15043"}],"wp:attachment":[{"href":"https:\/\/instytutpolski.pl\/stockholm\/wp-json\/wp\/v2\/media?parent=14916"}],"curies":[{"name":"wp","href":"https:\/\/api.w.org\/{rel}","templated":true}]}}