{"id":17,"date":"2019-06-04T14:26:56","date_gmt":"2019-06-04T12:26:56","guid":{"rendered":"https:\/\/instytutpolski.pl\/sztokholm\/?page_id=17"},"modified":"2021-03-30T10:49:30","modified_gmt":"2021-03-30T08:49:30","slug":"rodo","status":"publish","type":"page","link":"https:\/\/instytutpolski.pl\/stockholm\/rodo\/","title":{"rendered":"Polska institutets integritetspolicy"},"content":{"rendered":"\n<p><strong>Information om personuppgiftsbehandling f\u00f6r abonnenter <\/strong><strong>p\u00e5 Polska institutet i Stockholms nyhetsbrev<\/strong><\/p>\n<p>F\u00f6ljande information uppfyller artikel 13 i Europaparlamentets och r\u00e5dets f\u00f6rordning (EU) 2016\/679 av den 27 april 2016 om skydd f\u00f6r fysiska personer med avseende p\u00e5 behandling av personuppgifter och om det fria fl\u00f6det av s\u00e5dana uppgifter och om upph\u00e4vande av direktiv 95\/46\/EG (GDPR)<\/p>\n<ol>\n<li>Personuppgiftsansvarig f\u00f6r dina personuppgifter, enligt definitionen i GDPR art. 4 punkt 7, \u00e4r Polens utrikesminister, med s\u00e4te i Warszawa, Polen, adress Aleje J. Ch. Szucha 23. Den som utf\u00f6r den personuppgiftsansvariges uppgifter \u00e4r direkt\u00f6ren f\u00f6r Polska institutet i Stockholm, adress Mosebacke torg 4, 116-46 Stockholm.<\/li>\n<li>F\u00f6r det polska utrikesministeriet och dess organ i utlandet finns ett dataskyddsombud (IOD).<br \/>Kontaktuppgifter f\u00f6r IOD:<br \/><span style=\"font-size: inherit;\">gatuadress: Aleje J. Ch Szucha 23, 00-580 Warszawa <br \/><\/span><span style=\"font-size: inherit;\">e-postadress: <\/span><a style=\"font-size: inherit;\" href=\"mailto:iod@msz.gov.pl\">iod@msz.gov.pl<\/a><\/li>\n<li>Personuppgifter behandlas p\u00e5 grundval av GDPR art. 6 punkt 1 a, efter samtycke av den registrerade, i avsikt att i form av nyhetsbrev informera om Polska institutets i Stockholm program och verksamhet samt h\u00e4ndelser i f\u00f6rbindelse d\u00e4rmed. Att l\u00e4mna sina personuppgifter \u00e4r frivilligt, men ocks\u00e5 n\u00f6dv\u00e4ndigt f\u00f6r att kunna motta nyhetsbrevet.<\/li>\n<li>Personuppgifterna \u00e4r skyddade enligt best\u00e4mmelserna i GDPR och f\u00e5r inte \u00f6verl\u00e4mnas till tredje part som inte har r\u00e4tt att ta del av dem.<\/li>\n<li>Personuppgifterna kommer inte att \u00f6verl\u00e4mnas till ett tredjeland eller internationell organisation.<\/li>\n<li>Endast beh\u00f6riga anst\u00e4llda vid Polska institutet i Stockholm har tillg\u00e5ng till personuppgifterna.<\/li>\n<li>Personuppgifterna kommer att behandlas \u00e4nda tills den registrerade \u00e5terkallar sitt samtycke till behandling. Samtycket kan \u00e5terkallas n\u00e4r som helst, genom att anv\u00e4nda den \u00e5terkallelsefunktion som finns i nyhetsbrevet, eller genom att meddela detta p\u00e5 adress <a href=\"mailto:sztokholm@instytutpolski.org\">sztokholm@instytutpolski.pl<\/a><\/li>\n<li>Den registrerade har r\u00e4tt att kontrollera hur personuppgifterna behandlas, enligt art. 15-20 GDPR, s\u00e4rskilt vad g\u00e4ller r\u00e4tten till tillg\u00e5ng till inneh\u00e5llet i personuppgifterna och r\u00e4tten till r\u00e4ttelse, radering eller begr\u00e4nsning av deras behandling.<\/li>\n<li>Personuppgifterna kommer inte att bli f\u00f6rem\u00e5l f\u00f6r automatiskt beslutsfattande eller profilering.<\/li>\n<li>Vid fall av brott mot best\u00e4mmelserna om skydd av personuppgifter vad g\u00e4ller behandling av dina egna uppgifter har du r\u00e4tt att l\u00e4mna in klagom\u00e5l till tillsynsmyndigheten under adress:<br \/>Urz\u0105d Ochrony Danych Osobowych<br \/>ul. <span style=\"font-size: inherit;\">Stawki 2 <br \/>00-193 Warszawa<\/span><\/li>\n<\/ol>\n\n\n\n<p><\/p>\n","protected":false},"excerpt":{"rendered":"<p>Information om personuppgiftsbehandling f\u00f6r abonnenter p\u00e5 Polska institutet i Stockholms nyhetsbrev F\u00f6ljande information uppfyller artikel 13 i Europaparlamentets och r\u00e5dets f\u00f6rordning (EU) 2016\/679 av den 27 april 2016 om skydd f\u00f6r fysiska personer med avseende p\u00e5 behandling av personuppgifter och om det fria fl\u00f6det av s\u00e5dana uppgifter och om upph\u00e4vande av direktiv 95\/46\/EG (GDPR) Personuppgiftsansvarig [&hellip;]<\/p>\n","protected":false},"author":1,"featured_media":5270,"parent":0,"menu_order":0,"comment_status":"closed","ping_status":"closed","template":"","meta":{"inline_featured_image":false,"_monsterinsights_skip_tracking":false,"_monsterinsights_sitenote_active":false,"_monsterinsights_sitenote_note":"","_monsterinsights_sitenote_category":0,"footnotes":""},"class_list":["post-17","page","type-page","status-publish","has-post-thumbnail","hentry"],"yoast_head":"<!-- This site is optimized with the Yoast SEO plugin v24.6 - https:\/\/yoast.com\/wordpress\/plugins\/seo\/ -->\n<title>Polska institutets integritetspolicy - Instytut Polski w Sztokholmie<\/title>\n<meta name=\"robots\" content=\"index, follow, max-snippet:-1, max-image-preview:large, max-video-preview:-1\" \/>\n<link rel=\"canonical\" href=\"https:\/\/instytutpolski.pl\/stockholm\/rodo\/\" \/>\n<meta property=\"og:locale\" content=\"pl_PL\" \/>\n<meta property=\"og:type\" content=\"article\" \/>\n<meta property=\"og:title\" content=\"Polska institutets integritetspolicy - Instytut Polski w Sztokholmie\" \/>\n<meta property=\"og:description\" content=\"Information om personuppgiftsbehandling f\u00f6r abonnenter p\u00e5 Polska institutet i Stockholms nyhetsbrev F\u00f6ljande information uppfyller artikel 13 i Europaparlamentets och r\u00e5dets f\u00f6rordning (EU) 2016\/679 av den 27 april 2016 om skydd f\u00f6r fysiska personer med avseende p\u00e5 behandling av personuppgifter och om det fria fl\u00f6det av s\u00e5dana uppgifter och om upph\u00e4vande av direktiv 95\/46\/EG (GDPR) Personuppgiftsansvarig [&hellip;]\" \/>\n<meta property=\"og:url\" content=\"https:\/\/instytutpolski.pl\/stockholm\/rodo\/\" \/>\n<meta property=\"og:site_name\" content=\"Instytut Polski w Sztokholmie\" \/>\n<meta property=\"article:modified_time\" content=\"2021-03-30T08:49:30+00:00\" \/>\n<meta property=\"og:image\" content=\"https:\/\/instytutpolski.pl\/stockholm\/wp-content\/uploads\/sites\/17\/2021\/03\/newsletter-foto.jpg\" \/>\n\t<meta property=\"og:image:width\" content=\"2048\" \/>\n\t<meta property=\"og:image:height\" content=\"1365\" \/>\n\t<meta property=\"og:image:type\" content=\"image\/jpeg\" \/>\n<meta name=\"twitter:card\" content=\"summary_large_image\" \/>\n<meta name=\"twitter:label1\" content=\"Szacowany czas czytania\" \/>\n\t<meta name=\"twitter:data1\" content=\"2 minuty\" \/>\n<script type=\"application\/ld+json\" class=\"yoast-schema-graph\">{\"@context\":\"https:\/\/schema.org\",\"@graph\":[{\"@type\":\"WebPage\",\"@id\":\"https:\/\/instytutpolski.pl\/stockholm\/rodo\/\",\"url\":\"https:\/\/instytutpolski.pl\/stockholm\/rodo\/\",\"name\":\"Polska institutets integritetspolicy - Instytut Polski w Sztokholmie\",\"isPartOf\":{\"@id\":\"https:\/\/instytutpolski.pl\/stockholm\/#website\"},\"primaryImageOfPage\":{\"@id\":\"https:\/\/instytutpolski.pl\/stockholm\/rodo\/#primaryimage\"},\"image\":{\"@id\":\"https:\/\/instytutpolski.pl\/stockholm\/rodo\/#primaryimage\"},\"thumbnailUrl\":\"https:\/\/instytutpolski.pl\/stockholm\/wp-content\/uploads\/sites\/17\/2021\/03\/newsletter-foto.jpg\",\"datePublished\":\"2019-06-04T12:26:56+00:00\",\"dateModified\":\"2021-03-30T08:49:30+00:00\",\"breadcrumb\":{\"@id\":\"https:\/\/instytutpolski.pl\/stockholm\/rodo\/#breadcrumb\"},\"inLanguage\":\"pl-PL\",\"potentialAction\":[{\"@type\":\"ReadAction\",\"target\":[\"https:\/\/instytutpolski.pl\/stockholm\/rodo\/\"]}]},{\"@type\":\"ImageObject\",\"inLanguage\":\"pl-PL\",\"@id\":\"https:\/\/instytutpolski.pl\/stockholm\/rodo\/#primaryimage\",\"url\":\"https:\/\/instytutpolski.pl\/stockholm\/wp-content\/uploads\/sites\/17\/2021\/03\/newsletter-foto.jpg\",\"contentUrl\":\"https:\/\/instytutpolski.pl\/stockholm\/wp-content\/uploads\/sites\/17\/2021\/03\/newsletter-foto.jpg\",\"width\":2048,\"height\":1365},{\"@type\":\"BreadcrumbList\",\"@id\":\"https:\/\/instytutpolski.pl\/stockholm\/rodo\/#breadcrumb\",\"itemListElement\":[{\"@type\":\"ListItem\",\"position\":1,\"name\":\"Home\",\"item\":\"https:\/\/instytutpolski.pl\/stockholm\/\"},{\"@type\":\"ListItem\",\"position\":2,\"name\":\"Polska institutets integritetspolicy\"}]},{\"@type\":\"WebSite\",\"@id\":\"https:\/\/instytutpolski.pl\/stockholm\/#website\",\"url\":\"https:\/\/instytutpolski.pl\/stockholm\/\",\"name\":\"Instytut Polski w Sztokholmie\",\"description\":\"Instytuty Polskie\",\"potentialAction\":[{\"@type\":\"SearchAction\",\"target\":{\"@type\":\"EntryPoint\",\"urlTemplate\":\"https:\/\/instytutpolski.pl\/stockholm\/?s={search_term_string}\"},\"query-input\":{\"@type\":\"PropertyValueSpecification\",\"valueRequired\":true,\"valueName\":\"search_term_string\"}}],\"inLanguage\":\"pl-PL\"}]}<\/script>\n<!-- \/ Yoast SEO plugin. -->","yoast_head_json":{"title":"Polska institutets integritetspolicy - Instytut Polski w Sztokholmie","robots":{"index":"index","follow":"follow","max-snippet":"max-snippet:-1","max-image-preview":"max-image-preview:large","max-video-preview":"max-video-preview:-1"},"canonical":"https:\/\/instytutpolski.pl\/stockholm\/rodo\/","og_locale":"pl_PL","og_type":"article","og_title":"Polska institutets integritetspolicy - Instytut Polski w Sztokholmie","og_description":"Information om personuppgiftsbehandling f\u00f6r abonnenter p\u00e5 Polska institutet i Stockholms nyhetsbrev F\u00f6ljande information uppfyller artikel 13 i Europaparlamentets och r\u00e5dets f\u00f6rordning (EU) 2016\/679 av den 27 april 2016 om skydd f\u00f6r fysiska personer med avseende p\u00e5 behandling av personuppgifter och om det fria fl\u00f6det av s\u00e5dana uppgifter och om upph\u00e4vande av direktiv 95\/46\/EG (GDPR) Personuppgiftsansvarig [&hellip;]","og_url":"https:\/\/instytutpolski.pl\/stockholm\/rodo\/","og_site_name":"Instytut Polski w Sztokholmie","article_modified_time":"2021-03-30T08:49:30+00:00","og_image":[{"width":2048,"height":1365,"url":"https:\/\/instytutpolski.pl\/stockholm\/wp-content\/uploads\/sites\/17\/2021\/03\/newsletter-foto.jpg","type":"image\/jpeg"}],"twitter_card":"summary_large_image","twitter_misc":{"Szacowany czas czytania":"2 minuty"},"schema":{"@context":"https:\/\/schema.org","@graph":[{"@type":"WebPage","@id":"https:\/\/instytutpolski.pl\/stockholm\/rodo\/","url":"https:\/\/instytutpolski.pl\/stockholm\/rodo\/","name":"Polska institutets integritetspolicy - Instytut Polski w Sztokholmie","isPartOf":{"@id":"https:\/\/instytutpolski.pl\/stockholm\/#website"},"primaryImageOfPage":{"@id":"https:\/\/instytutpolski.pl\/stockholm\/rodo\/#primaryimage"},"image":{"@id":"https:\/\/instytutpolski.pl\/stockholm\/rodo\/#primaryimage"},"thumbnailUrl":"https:\/\/instytutpolski.pl\/stockholm\/wp-content\/uploads\/sites\/17\/2021\/03\/newsletter-foto.jpg","datePublished":"2019-06-04T12:26:56+00:00","dateModified":"2021-03-30T08:49:30+00:00","breadcrumb":{"@id":"https:\/\/instytutpolski.pl\/stockholm\/rodo\/#breadcrumb"},"inLanguage":"pl-PL","potentialAction":[{"@type":"ReadAction","target":["https:\/\/instytutpolski.pl\/stockholm\/rodo\/"]}]},{"@type":"ImageObject","inLanguage":"pl-PL","@id":"https:\/\/instytutpolski.pl\/stockholm\/rodo\/#primaryimage","url":"https:\/\/instytutpolski.pl\/stockholm\/wp-content\/uploads\/sites\/17\/2021\/03\/newsletter-foto.jpg","contentUrl":"https:\/\/instytutpolski.pl\/stockholm\/wp-content\/uploads\/sites\/17\/2021\/03\/newsletter-foto.jpg","width":2048,"height":1365},{"@type":"BreadcrumbList","@id":"https:\/\/instytutpolski.pl\/stockholm\/rodo\/#breadcrumb","itemListElement":[{"@type":"ListItem","position":1,"name":"Home","item":"https:\/\/instytutpolski.pl\/stockholm\/"},{"@type":"ListItem","position":2,"name":"Polska institutets integritetspolicy"}]},{"@type":"WebSite","@id":"https:\/\/instytutpolski.pl\/stockholm\/#website","url":"https:\/\/instytutpolski.pl\/stockholm\/","name":"Instytut Polski w Sztokholmie","description":"Instytuty Polskie","potentialAction":[{"@type":"SearchAction","target":{"@type":"EntryPoint","urlTemplate":"https:\/\/instytutpolski.pl\/stockholm\/?s={search_term_string}"},"query-input":{"@type":"PropertyValueSpecification","valueRequired":true,"valueName":"search_term_string"}}],"inLanguage":"pl-PL"}]}},"_links":{"self":[{"href":"https:\/\/instytutpolski.pl\/stockholm\/wp-json\/wp\/v2\/pages\/17","targetHints":{"allow":["GET"]}}],"collection":[{"href":"https:\/\/instytutpolski.pl\/stockholm\/wp-json\/wp\/v2\/pages"}],"about":[{"href":"https:\/\/instytutpolski.pl\/stockholm\/wp-json\/wp\/v2\/types\/page"}],"author":[{"embeddable":true,"href":"https:\/\/instytutpolski.pl\/stockholm\/wp-json\/wp\/v2\/users\/1"}],"replies":[{"embeddable":true,"href":"https:\/\/instytutpolski.pl\/stockholm\/wp-json\/wp\/v2\/comments?post=17"}],"version-history":[{"count":6,"href":"https:\/\/instytutpolski.pl\/stockholm\/wp-json\/wp\/v2\/pages\/17\/revisions"}],"predecessor-version":[{"id":5275,"href":"https:\/\/instytutpolski.pl\/stockholm\/wp-json\/wp\/v2\/pages\/17\/revisions\/5275"}],"wp:featuredmedia":[{"embeddable":true,"href":"https:\/\/instytutpolski.pl\/stockholm\/wp-json\/wp\/v2\/media\/5270"}],"wp:attachment":[{"href":"https:\/\/instytutpolski.pl\/stockholm\/wp-json\/wp\/v2\/media?parent=17"}],"curies":[{"name":"wp","href":"https:\/\/api.w.org\/{rel}","templated":true}]}}